{"id":9243,"date":"2026-01-23T11:18:52","date_gmt":"2026-01-23T10:18:52","guid":{"rendered":"https:\/\/inzain.bike\/?post_type=product&#038;p=9243"},"modified":"2026-01-24T20:56:11","modified_gmt":"2026-01-24T19:56:11","slug":"x-series","status":"publish","type":"product","link":"https:\/\/inzain.bike\/es\/producto\/x-series\/","title":{"rendered":"Serie X de Farsports"},"content":{"rendered":"<p>Ruedas de grava Farsports Serie X 2026<\/p>\n<p>&nbsp;<\/p>\n<p><img loading=\"lazy\" decoding=\"async\" class=\"alignnone size-medium wp-image-9207\" src=\"https:\/\/inzain.bike\/wp-content\/uploads\/2026\/01\/X_series_Revised-300x169.png\" alt=\"\" width=\"300\" height=\"169\" srcset=\"https:\/\/inzain.bike\/wp-content\/uploads\/2026\/01\/X_series_Revised-300x169.png 300w, https:\/\/inzain.bike\/wp-content\/uploads\/2026\/01\/X_series_Revised-1024x576.png 1024w, https:\/\/inzain.bike\/wp-content\/uploads\/2026\/01\/X_series_Revised-768x432.png 768w, https:\/\/inzain.bike\/wp-content\/uploads\/2026\/01\/X_series_Revised-1536x864.png 1536w, https:\/\/inzain.bike\/wp-content\/uploads\/2026\/01\/X_series_Revised-18x10.png 18w, https:\/\/inzain.bike\/wp-content\/uploads\/2026\/01\/X_series_Revised-600x338.png 600w, https:\/\/inzain.bike\/wp-content\/uploads\/2026\/01\/X_series_Revised.png 2000w\" sizes=\"auto, (max-width: 300px) 100vw, 300px\" \/><\/p>\n<p>Disponible en dos variantes X3 y X4<br \/>\nRadios de Berd<br \/>\nCojinetes de acero<br \/>\nSon para discos Centerlock.<br \/>\nTubeless Ready Enganchado.<br \/>\nSin l\u00edmite de peso.<\/p>\n<p>Elige qu\u00e9 bujes quieres Shimano HG es para 11 y 12 velocidades.<br \/>\nMicrospline es el nuevo buje de Shimano para 12 velocidades, por ejemplo, GRX 12 Speed XDR para SRAM Campagnolo NW3<\/p>\n<p>Todas las variantes tienen el mismo precio.<\/p>\n<p>Si por el contrario quieres una de nuestras ruedas cl\u00e1sicas, podr\u00e1s encontrarlas aqu\u00ed.<br \/>\n<a href=\"https:\/\/inzain.bike\/es\/producto\/gbs-wheel-set\/\">https:\/\/inzain.bike\/sv_se\/produkt\/gbs-wheel-set\/<\/a><\/p>\n<p>&nbsp;<\/p>\n<p>&nbsp;<\/p>\n<p>&nbsp;<\/p>\n<p>&nbsp;<\/p>","protected":false},"excerpt":{"rendered":"<p>Farsports X -Series 2026 med BERD Ekrar<\/p>\n<p>Finns i tv\u00e5 varianter X3 och X4,<br \/>\nv\u00e4lj vilken driver du vill ha, det beror p\u00e5 vilket v\u00e4xelsystem du har p\u00e5 din cykel.<\/p>","protected":false},"featured_media":9217,"comment_status":"open","ping_status":"closed","template":"","meta":{"_coblocks_attr":"","_coblocks_dimensions":"","_coblocks_responsive_height":"","_coblocks_accordion_ie_support":""},"product_brand":[],"product_cat":[],"product_tag":[],"class_list":{"0":"post-9243","1":"product","2":"type-product","3":"status-publish","4":"has-post-thumbnail","6":"product_shipping_class-hjul","8":"first","9":"instock","10":"shipping-taxable","11":"purchasable","12":"product-type-variable"},"composite_virtual":false,"composite_layout":"","composite_add_to_cart_form_location":"","composite_editable_in_cart":false,"composite_sold_individually_context":"","composite_shop_price_calc":"","composite_components":[],"composite_scenarios":[],"yoast_head":"<!-- This site is optimized with the Yoast SEO plugin v27.2 - https:\/\/yoast.com\/product\/yoast-seo-wordpress\/ -->\n<title>Farsports X Series - INZAIN Cycling EXPERIENCES<\/title>\n<meta name=\"robots\" content=\"index, follow, max-snippet:-1, max-image-preview:large, max-video-preview:-1\" \/>\n<link rel=\"canonical\" href=\"https:\/\/inzain.bike\/es\/producto\/x-series\/\" \/>\n<meta property=\"og:locale\" content=\"es_ES\" \/>\n<meta property=\"og:type\" content=\"article\" \/>\n<meta property=\"og:title\" content=\"Farsports X Series - INZAIN Cycling EXPERIENCES\" \/>\n<meta property=\"og:description\" content=\"Farsports X -Series 2026 med BERD Ekrar  Finns i tv\u00e5 varianter X3 och X4, v\u00e4lj vilken driver du vill ha, det beror p\u00e5 vilket v\u00e4xelsystem du har p\u00e5 din cykel.\" \/>\n<meta property=\"og:url\" content=\"https:\/\/inzain.bike\/es\/producto\/x-series\/\" \/>\n<meta property=\"og:site_name\" content=\"INZAIN Cycling EXPERIENCES\" \/>\n<meta property=\"article:publisher\" content=\"https:\/\/www.facebook.com\/Inzain.bike\" \/>\n<meta property=\"article:modified_time\" content=\"2026-01-24T19:56:11+00:00\" \/>\n<meta property=\"og:image\" content=\"https:\/\/inzain.bike\/wp-content\/uploads\/2026\/01\/x-series_hub_26.png\" \/>\n\t<meta property=\"og:image:width\" content=\"1024\" \/>\n\t<meta property=\"og:image:height\" content=\"1024\" \/>\n\t<meta property=\"og:image:type\" content=\"image\/png\" \/>\n<meta name=\"twitter:card\" content=\"summary_large_image\" \/>\n<meta name=\"twitter:label1\" content=\"Tiempo de lectura\" \/>\n\t<meta name=\"twitter:data1\" content=\"1 minuto\" \/>\n<script type=\"application\/ld+json\" class=\"yoast-schema-graph\">{\"@context\":\"https:\/\/schema.org\",\"@graph\":[{\"@type\":\"WebPage\",\"@id\":\"https:\/\/inzain.bike\/produkt\/x-series\/\",\"url\":\"https:\/\/inzain.bike\/produkt\/x-series\/\",\"name\":\"Farsports X Series - INZAIN Cycling EXPERIENCES\",\"isPartOf\":{\"@id\":\"https:\/\/inzain.bike\/fr_be\/#website\"},\"primaryImageOfPage\":{\"@id\":\"https:\/\/inzain.bike\/produkt\/x-series\/#primaryimage\"},\"image\":{\"@id\":\"https:\/\/inzain.bike\/produkt\/x-series\/#primaryimage\"},\"thumbnailUrl\":\"https:\/\/inzain.bike\/wp-content\/uploads\/2026\/01\/x-series_hub_26.png\",\"datePublished\":\"2026-01-23T10:18:52+00:00\",\"dateModified\":\"2026-01-24T19:56:11+00:00\",\"breadcrumb\":{\"@id\":\"https:\/\/inzain.bike\/produkt\/x-series\/#breadcrumb\"},\"inLanguage\":\"es\",\"potentialAction\":[{\"@type\":\"ReadAction\",\"target\":[\"https:\/\/inzain.bike\/produkt\/x-series\/\"]}]},{\"@type\":\"ImageObject\",\"inLanguage\":\"es\",\"@id\":\"https:\/\/inzain.bike\/produkt\/x-series\/#primaryimage\",\"url\":\"https:\/\/inzain.bike\/wp-content\/uploads\/2026\/01\/x-series_hub_26.png\",\"contentUrl\":\"https:\/\/inzain.bike\/wp-content\/uploads\/2026\/01\/x-series_hub_26.png\",\"width\":1024,\"height\":1024},{\"@type\":\"BreadcrumbList\",\"@id\":\"https:\/\/inzain.bike\/produkt\/x-series\/#breadcrumb\",\"itemListElement\":[{\"@type\":\"ListItem\",\"position\":1,\"name\":\"Hem\",\"item\":\"https:\/\/inzain.bike\/fr_be\/\"},{\"@type\":\"ListItem\",\"position\":2,\"name\":\"Webbutik\",\"item\":\"https:\/\/inzain.bike\/fi\/butik\/\"},{\"@type\":\"ListItem\",\"position\":3,\"name\":\"Farsports X Series\"}]},{\"@type\":\"WebSite\",\"@id\":\"https:\/\/inzain.bike\/fr_be\/#website\",\"url\":\"https:\/\/inzain.bike\/fr_be\/\",\"name\":\"INZAIN Cycling EXPERIENCES\",\"description\":\"Cyckling Adventures  - for everyone\",\"publisher\":{\"@id\":\"https:\/\/inzain.bike\/fr_be\/#organization\"},\"alternateName\":\"INZAIN Gravel & Travel\",\"potentialAction\":[{\"@type\":\"SearchAction\",\"target\":{\"@type\":\"EntryPoint\",\"urlTemplate\":\"https:\/\/inzain.bike\/fr_be\/?s={search_term_string}\"},\"query-input\":{\"@type\":\"PropertyValueSpecification\",\"valueRequired\":true,\"valueName\":\"search_term_string\"}}],\"inLanguage\":\"es\"},{\"@type\":\"Organization\",\"@id\":\"https:\/\/inzain.bike\/fr_be\/#organization\",\"name\":\"INZAIN Cycling EXPERIENCES\",\"url\":\"https:\/\/inzain.bike\/fr_be\/\",\"logo\":{\"@type\":\"ImageObject\",\"inLanguage\":\"es\",\"@id\":\"https:\/\/inzain.bike\/fr_be\/#\/schema\/logo\/image\/\",\"url\":\"https:\/\/i0.wp.com\/inzain.bike\/wp-content\/uploads\/2023\/09\/cropped-INZAIN_512x512_white.png?fit=512%2C512&ssl=1\",\"contentUrl\":\"https:\/\/i0.wp.com\/inzain.bike\/wp-content\/uploads\/2023\/09\/cropped-INZAIN_512x512_white.png?fit=512%2C512&ssl=1\",\"width\":512,\"height\":512,\"caption\":\"INZAIN Cycling EXPERIENCES\"},\"image\":{\"@id\":\"https:\/\/inzain.bike\/fr_be\/#\/schema\/logo\/image\/\"},\"sameAs\":[\"https:\/\/www.facebook.com\/Inzain.bike\",\"https:\/\/www.instagram.com\/inzainbike\"]}]}<\/script>\n<!-- \/ Yoast SEO plugin. -->","yoast_head_json":{"title":"Farsports X Series - INZAIN Cycling EXPERIENCES","robots":{"index":"index","follow":"follow","max-snippet":"max-snippet:-1","max-image-preview":"max-image-preview:large","max-video-preview":"max-video-preview:-1"},"canonical":"https:\/\/inzain.bike\/es\/producto\/x-series\/","og_locale":"es_ES","og_type":"article","og_title":"Farsports X Series - INZAIN Cycling EXPERIENCES","og_description":"Farsports X -Series 2026 med BERD Ekrar  Finns i tv\u00e5 varianter X3 och X4, v\u00e4lj vilken driver du vill ha, det beror p\u00e5 vilket v\u00e4xelsystem du har p\u00e5 din cykel.","og_url":"https:\/\/inzain.bike\/es\/producto\/x-series\/","og_site_name":"INZAIN Cycling EXPERIENCES","article_publisher":"https:\/\/www.facebook.com\/Inzain.bike","article_modified_time":"2026-01-24T19:56:11+00:00","og_image":[{"width":1024,"height":1024,"url":"https:\/\/inzain.bike\/wp-content\/uploads\/2026\/01\/x-series_hub_26.png","type":"image\/png"}],"twitter_card":"summary_large_image","twitter_misc":{"Tiempo de lectura":"1 minuto"},"schema":{"@context":"https:\/\/schema.org","@graph":[{"@type":"WebPage","@id":"https:\/\/inzain.bike\/produkt\/x-series\/","url":"https:\/\/inzain.bike\/produkt\/x-series\/","name":"Farsports X Series - INZAIN Cycling EXPERIENCES","isPartOf":{"@id":"https:\/\/inzain.bike\/fr_be\/#website"},"primaryImageOfPage":{"@id":"https:\/\/inzain.bike\/produkt\/x-series\/#primaryimage"},"image":{"@id":"https:\/\/inzain.bike\/produkt\/x-series\/#primaryimage"},"thumbnailUrl":"https:\/\/inzain.bike\/wp-content\/uploads\/2026\/01\/x-series_hub_26.png","datePublished":"2026-01-23T10:18:52+00:00","dateModified":"2026-01-24T19:56:11+00:00","breadcrumb":{"@id":"https:\/\/inzain.bike\/produkt\/x-series\/#breadcrumb"},"inLanguage":"es","potentialAction":[{"@type":"ReadAction","target":["https:\/\/inzain.bike\/produkt\/x-series\/"]}]},{"@type":"ImageObject","inLanguage":"es","@id":"https:\/\/inzain.bike\/produkt\/x-series\/#primaryimage","url":"https:\/\/inzain.bike\/wp-content\/uploads\/2026\/01\/x-series_hub_26.png","contentUrl":"https:\/\/inzain.bike\/wp-content\/uploads\/2026\/01\/x-series_hub_26.png","width":1024,"height":1024},{"@type":"BreadcrumbList","@id":"https:\/\/inzain.bike\/produkt\/x-series\/#breadcrumb","itemListElement":[{"@type":"ListItem","position":1,"name":"Hem","item":"https:\/\/inzain.bike\/fr_be\/"},{"@type":"ListItem","position":2,"name":"Webbutik","item":"https:\/\/inzain.bike\/fi\/butik\/"},{"@type":"ListItem","position":3,"name":"Farsports X Series"}]},{"@type":"WebSite","@id":"https:\/\/inzain.bike\/fr_be\/#website","url":"https:\/\/inzain.bike\/fr_be\/","name":"EXPERIENCIAS Ciclismo INZAIN","description":"Aventuras en bicicleta: para todos","publisher":{"@id":"https:\/\/inzain.bike\/fr_be\/#organization"},"alternateName":"INZAIN Gravel & Travel","potentialAction":[{"@type":"SearchAction","target":{"@type":"EntryPoint","urlTemplate":"https:\/\/inzain.bike\/fr_be\/?s={search_term_string}"},"query-input":{"@type":"PropertyValueSpecification","valueRequired":true,"valueName":"search_term_string"}}],"inLanguage":"es"},{"@type":"Organization","@id":"https:\/\/inzain.bike\/fr_be\/#organization","name":"EXPERIENCIAS Ciclismo INZAIN","url":"https:\/\/inzain.bike\/fr_be\/","logo":{"@type":"ImageObject","inLanguage":"es","@id":"https:\/\/inzain.bike\/fr_be\/#\/schema\/logo\/image\/","url":"https:\/\/i0.wp.com\/inzain.bike\/wp-content\/uploads\/2023\/09\/cropped-INZAIN_512x512_white.png?fit=512%2C512&ssl=1","contentUrl":"https:\/\/i0.wp.com\/inzain.bike\/wp-content\/uploads\/2023\/09\/cropped-INZAIN_512x512_white.png?fit=512%2C512&ssl=1","width":512,"height":512,"caption":"INZAIN Cycling EXPERIENCES"},"image":{"@id":"https:\/\/inzain.bike\/fr_be\/#\/schema\/logo\/image\/"},"sameAs":["https:\/\/www.facebook.com\/Inzain.bike","https:\/\/www.instagram.com\/inzainbike"]}]}},"_links":{"self":[{"href":"https:\/\/inzain.bike\/es\/wp-json\/wp\/v2\/product\/9243","targetHints":{"allow":["GET"]}}],"collection":[{"href":"https:\/\/inzain.bike\/es\/wp-json\/wp\/v2\/product"}],"about":[{"href":"https:\/\/inzain.bike\/es\/wp-json\/wp\/v2\/types\/product"}],"replies":[{"embeddable":true,"href":"https:\/\/inzain.bike\/es\/wp-json\/wp\/v2\/comments?post=9243"}],"wp:featuredmedia":[{"embeddable":true,"href":"https:\/\/inzain.bike\/es\/wp-json\/wp\/v2\/media\/9217"}],"wp:attachment":[{"href":"https:\/\/inzain.bike\/es\/wp-json\/wp\/v2\/media?parent=9243"}],"wp:term":[{"taxonomy":"product_brand","embeddable":true,"href":"https:\/\/inzain.bike\/es\/wp-json\/wp\/v2\/product_brand?post=9243"},{"taxonomy":"product_cat","embeddable":true,"href":"https:\/\/inzain.bike\/es\/wp-json\/wp\/v2\/product_cat?post=9243"},{"taxonomy":"product_tag","embeddable":true,"href":"https:\/\/inzain.bike\/es\/wp-json\/wp\/v2\/product_tag?post=9243"}],"curies":[{"name":"gracias","href":"https:\/\/api.w.org\/{rel}","templated":true}]}}