{"id":114,"date":"2021-04-07T19:02:41","date_gmt":"2021-04-07T17:02:41","guid":{"rendered":"https:\/\/inzain.bike\/?page_id=114"},"modified":"2021-04-07T19:02:41","modified_gmt":"2021-04-07T17:02:41","slug":"gravel-pa-mallorca-ride-report","status":"publish","type":"page","link":"https:\/\/inzain.bike\/fi\/gravel-pa-mallorca-ride-report\/","title":{"rendered":"Sora Mallorca Ride Reportissa"},"content":{"rendered":"<div class=\"wp-block-group alignfull has-background-background-color has-background is-layout-flow wp-block-group-is-layout-flow\">\n<div class=\"wp-block-jetpack-layout-grid alignfull column1-desktop-grid__span-10 column1-desktop-grid__start-2 column1-desktop-grid__row-1 column1-tablet-grid__span-8 column1-tablet-grid__row-1 column1-mobile-grid__span-4 column1-mobile-grid__row-1\">\n<div class=\"wp-block-jetpack-layout-grid-column wp-block-jetpack-layout-grid__padding-none\">\n<div class=\"wp-block-image\"><figure class=\"aligncenter size-large\"><img loading=\"lazy\" decoding=\"async\" width=\"3602\" height=\"3265\" src=\"https:\/\/inzain.bike\/wp-content\/uploads\/2021\/04\/g0013561.jpg?w=1024\" alt=\"\" class=\"wp-image-116\" \/><\/figure><\/div>\n<\/div>\n<\/div>\n\n\n\n<div class=\"wp-block-jetpack-layout-grid alignfull column1-desktop-grid__span-12 column1-desktop-grid__row-1 column1-tablet-grid__span-8 column1-tablet-grid__row-1 column1-mobile-grid__span-4 column1-mobile-grid__row-1\">\n<div class=\"wp-block-jetpack-layout-grid-column wp-block-jetpack-layout-grid__padding-none\">\n<p><strong>Mallorca \u2013 Kev\u00e4t \u2013 Maantiepy\u00f6r\u00e4ily<\/strong>? <\/p>\n\n\n\n<p class=\"margin-top-half\">Ei, ei ollenkaan, Mallorcalla on monia mahtavia hiekkateit\u00e4 l\u00f6ydett\u00e4v\u00e4n\u00e4, ja teimme sen!<\/p>\n\n\n\n<figure class=\"wp-block-image size-large\"><img loading=\"lazy\" decoding=\"async\" width=\"4000\" height=\"3000\" src=\"https:\/\/inzain.bike\/wp-content\/uploads\/2021\/04\/20210405_095406.jpg?w=1024\" alt=\"\" class=\"wp-image-119\" \/><\/figure>\n\n\n\n<p>Mutta kaikki alusta. Alun perin meit\u00e4 oli 26 ihmist\u00e4, jotka olivat menossa Alar\u00f3on, pieneen kyl\u00e4\u00e4n Orientin juurella. Olemme tehneet t\u00e4t\u00e4 useita vuosia, asumme upeasti omassa kartanossamme, jossa on uima-allas, joogahuone, oma viinikellari ja upea puutarha. Em\u00e4nt\u00e4mme hemmottelee meit\u00e4, py\u00f6r\u00e4ilemme, sy\u00f6mme hyvin ja nautimme el\u00e4m\u00e4st\u00e4 viininmaistajaisilla ja tapasilla kaikkien mahtavien retkien lis\u00e4ksi.<\/p>\n\n\n\n<figure class=\"wp-block-image size-large\"><img loading=\"lazy\" decoding=\"async\" width=\"4032\" height=\"3024\" src=\"https:\/\/inzain.bike\/wp-content\/uploads\/2021\/04\/165411931_466150988137609_3865724078445421573_n.jpg?w=1024\" alt=\"\" class=\"wp-image-117\" \/><\/figure>\n\n\n\n<p>T\u00e4n\u00e4 vuonna meit\u00e4 oli seitsem\u00e4n, joten Can Fressan nykyinen 1 100 neli\u00f6metrin asuintila oli liev\u00e4sti sanottuna harvaan asuttu.<br><br>Kun kaikki ovat kokoontuneet ja suorittaneet l\u00e4ht\u00f6ajelunsa, tapaamme oppaamme Martinin ensimm\u00e4iselle sorakierrokselle. Seka-asfalttia, hieno soratiet\u00e4 ja sitten muutama yksiraiteinen osio. Se on Mallorca, joten tietysti saimme my\u00f6s jonkin verran korkeutta. Onneksi h\u00e4nell\u00e4 oli aikaa sek\u00e4 lounaalle ett\u00e4 kahville noin 73km ja 730m matkalla. Pahimmalla kukkulalla oli 20% rinne, joten vaikka metrim\u00e4\u00e4r\u00e4 ei olisikaan pelottava, se pist\u00e4\u00e4 silti, kun suurin osa on melko jyrkk\u00e4\u00e4. Hyv\u00e4 koulutus.<\/p>\n\n\n\n<figure class=\"wp-block-image size-large\"><img loading=\"lazy\" decoding=\"async\" width=\"5184\" height=\"3888\" src=\"https:\/\/inzain.bike\/wp-content\/uploads\/2021\/04\/g0011386.jpg?w=1024\" alt=\"\" class=\"wp-image-121\" \/><\/figure>\n\n\n\n<p>L\u00e4mp\u00f6tila nousee, ja on kuin kuuma kes\u00e4p\u00e4iv\u00e4, tuntuu taianomaiselta riisua talvivaatteet, ajaa py\u00f6r\u00e4ll\u00e4 paljain jaloin ja k\u00e4sivarsin. Martin pit\u00e4\u00e4 meist\u00e4 hyv\u00e4\u00e4 huolta, jopa auttaa, kun joku meist\u00e4 saa punkkauksen (Guess slang tai TL \ud83d\ude42 ).<\/p>\n\n\n\n<p>Olemme yhdess\u00e4 p\u00e4\u00e4tt\u00e4neet, ett\u00e4 sy\u00f6mme kuplassamme, meill\u00e4 on koko talo itsell\u00e4mme, joten teemme itse ruokaa tai tilaamme ruokaa suoraan kotiin toimitettuna. Mukava tapa seurustella<\/p>\n\n\n\n<figure class=\"wp-block-image size-large\"><img loading=\"lazy\" decoding=\"async\" width=\"3024\" height=\"4032\" src=\"https:\/\/inzain.bike\/wp-content\/uploads\/2021\/04\/received_163475168963992.jpeg?w=768\" alt=\"\" class=\"wp-image-124\" \/><\/figure>\n\n\n\n<p>Seuraavana p\u00e4iv\u00e4n\u00e4 p\u00e4\u00e4t\u00e4mme ottaa Danin vastaan ses Roten tarjouksen tulla heid\u00e4n luokseen py\u00f6r\u00e4retken j\u00e4lkeen, maistella omia viinej\u00e4, katsoa heid\u00e4n mahtavia hevosiaan ja sy\u00f6d\u00e4 juustoa. Todella mukavaa ja opettavaista viinin valmistamisesta ja maun suunnittelusta, saimme my\u00f6s appelsiiniviini\u00e4, mik\u00e4 oli minulle uutta. Dan ja h\u00e4nen ruotsalainen vaimonsa Ellie ovat asuneet Mallorcalla useita vuosia antaakseen tytt\u00e4rilleen parhaan mahdollisen kasvatuksen, viisaan valinnan.<\/p>\n\n\n\n<p><\/p>\n\n\n\n<figure class=\"wp-block-image size-large\"><img loading=\"lazy\" decoding=\"async\" width=\"4000\" height=\"3000\" src=\"https:\/\/inzain.bike\/wp-content\/uploads\/2021\/04\/20210331_163817.jpg?w=1024\" alt=\"\" class=\"wp-image-125\" \/><\/figure>\n\n\n\n<p><\/p>\n\n\n\n<div class=\"wp-block-buttons is-layout-flex wp-block-buttons-is-layout-flex\"><\/div>\n\n\n\n<p>Seuraavana p\u00e4iv\u00e4n\u00e4 p\u00e4\u00e4t\u00e4mme kokeilla Danin meille antamaa soraajelua, mutta omatoimisesti. Siit\u00e4 tulee uskomattoman mukava matka, jossa on paljon soraa ja ihania teit\u00e4.<\/p>\n\n\n\n<figure class=\"wp-block-image size-large\"><img decoding=\"async\" src=\"https:\/\/inzain.bike\/wp-content\/uploads\/2021\/04\/20210401_125754.jpg?w=1024\" alt=\"\" class=\"wp-image-127\" \/><\/figure>\n\n\n\n<p>P\u00f6lyiset tiet, kadut ja vanhat joenuomat sekoittuvat viileisiin lehdoihin ja pieniin kukkuloihin. Kilometrit vieriv\u00e4t helposti ja minulle t\u00e4m\u00e4 on yksi parhaista p\u00e4ivist\u00e4ni saarella.<\/p>\n\n\n\n<figure class=\"wp-block-image size-large\"><img decoding=\"async\" src=\"https:\/\/inzain.bike\/wp-content\/uploads\/2021\/04\/g0012041.jpg?w=1024\" alt=\"\" class=\"wp-image-130\" \/><\/figure>\n\n\n\n<p>Matka on noin 10 mailia ja 850 metri\u00e4 korkea. Meill\u00e4 on aikaa lounaalle ja kahville.<\/p>\n\n\n\n<figure class=\"wp-block-image size-large\"><img decoding=\"async\" src=\"https:\/\/inzain.bike\/wp-content\/uploads\/2021\/04\/g0012084.jpg?w=1024\" alt=\"\" class=\"wp-image-132\" \/><\/figure>\n\n\n\n<p>Illalla valmistetaan Hot Zucchini -pata ja esittelen jengille loistavan riistavalehtelijan eli lurin, kuten LiTH:ssa ja KTH:ssa kutsutaan. Kummallista kyll\u00e4, min\u00e4kin voitan :).<br><br>Viini, jonka em\u00e4nt\u00e4mme Helga loihtii Sa Portassasta, omasta viinikellaristamme, on todella huippuluokkaa, meill\u00e4 on t\u00f6yke\u00e4sti hauskaa t\u00e4\u00e4ll\u00e4 paratiisisaarella.<\/p>\n\n\n\n<figure class=\"wp-block-image size-large\"><img decoding=\"async\" src=\"https:\/\/inzain.bike\/wp-content\/uploads\/2021\/04\/g0012664.jpg?w=1024\" alt=\"\" class=\"wp-image-133\" \/><\/figure>\n\n\n\n<p>Mallorcalla on my\u00f6s asfalttia ja nyt on aika kokeilla t\u00e4llaista matkaa. Olemme p\u00e4\u00e4tt\u00e4neet py\u00f6r\u00e4ill\u00e4 Llucin kukkulalla tai col de Batallalla ja sitten Puerto Pollencaan lounaalle ja sitten kotiin pienempi\u00e4 takateit\u00e4 pitkin, joita etsin toisessa yhteydess\u00e4. Kiipe\u00e4minen &quot;Tankstettelle&quot;, huipulla olevaan paikkaan, on suosikki, mukavia serpentiinej\u00e4 ja hieman varjoa yhdistettyn\u00e4 upeaan n\u00e4k\u00f6alaan ja sitten &quot;v\u00e4\u00e4rin tasoon&quot; 2\/3 j\u00e4lkeen, jotta voit lev\u00e4t\u00e4 minuutin.<\/p>\n\n\n\n<p>Pian on raa&#039;a alam\u00e4ke Pollencaan Col de Femenian kautta, mutta ensin kahvi ja muutama pieni m\u00e4ki huipulle. T\u00e4m\u00e4 laskeutuminen on todella hauskaa mukavilla paluukierroksilla ja todellisilla n\u00e4kymill\u00e4, sitten pitk\u00e4 matka Puerto Pollencan parempaan lounaaseen meren rannalla.<\/p>\n\n\n\n<figure class=\"wp-block-image size-large\"><img decoding=\"async\" src=\"https:\/\/inzain.bike\/wp-content\/uploads\/2021\/04\/g0033027.jpg?w=1024\" alt=\"\" class=\"wp-image-135\" \/><\/figure>\n\n\n\n<p>Minulle kuitenkin paras osa alkaa nyt p\u00e4iv\u00e4st\u00e4, seuraamalla n\u00e4it\u00e4 pieni\u00e4 teit\u00e4, joita Mallorca on t\u00e4ynn\u00e4, ei autoja, loputtomia kivisein\u00e4isi\u00e4 pihoja, kukkatuoksuja ja puhdasta nautintoa.<\/p>\n\n\n\n<figure class=\"wp-block-image size-large\"><img decoding=\"async\" src=\"https:\/\/inzain.bike\/wp-content\/uploads\/2021\/04\/g0033177.jpg?w=1024\" alt=\"\" class=\"wp-image-137\" \/><\/figure>\n\n\n\n<p><br>Illalla saamme kevyesti grillattua tonnikalaa erilaisilla chilisalaateilla ja sitten Cr\u00e9me Brul\u00e9a, el\u00e4m\u00e4 voisi olla huonompaa.<\/p>\n\n\n\n<p><strong>Parc de Llevant<\/strong><\/p>\n\n\n\n<p>Mallorcan koillisosassa on Llevantin kansallispuisto, se on minulle t\u00e4ysin uusi osa ja olin innoissani n\u00e4hdess\u00e4ni, mit\u00e4 se voisi tarjota. Olimme luoneet puiston parkkipaikalta alkavan reitin ja j\u00e4rjest\u00e4neet kuljetuksemme py\u00f6r\u00e4mme sinne. Ilmassa on v\u00e4h\u00e4n viile\u00e4\u00e4, mutta ensimm\u00e4inen nousu ratkaisee kuumuuden. Sitten matkamme kohti merta alkaa. Se on luultavasti yksi kauneimmista asioista, joita olen n\u00e4hnyt polkupy\u00f6r\u00e4n satulassa.<br>Me kaikki menetimme hieman henke\u00e4mme.<\/p>\n\n\n\n<figure class=\"wp-block-image size-large\"><img decoding=\"async\" src=\"https:\/\/inzain.bike\/wp-content\/uploads\/2021\/04\/20210404_094354.jpg?w=1024\" alt=\"\" class=\"wp-image-139\" \/><\/figure>\n\n\n\n<p>Monet alasp\u00e4in olevat osat olivat melko jyrkki\u00e4 ja kapearenkaiset p\u00e4\u00e4ttiv\u00e4t v\u00e4lill\u00e4 menn\u00e4 alas, minulla oli 52 mm MTB-renkaat ja pito l\u00f6ytyi. Tie kiemurtelee, mutta koko ajan n\u00e4emme edess\u00e4mme meren ja vuoret.<\/p>\n\n\n\n<p>Rannalle p\u00e4\u00e4sty\u00e4mme toivomme, ett\u00e4 olisimme tuoneet mukanamme pienen lounaskassin, mutta otamme \u00e4\u00e4net ja n\u00e4kym\u00e4t ennen kuin vaivalloinen paluumatka alkaa.<\/p>\n\n\n\n<figure class=\"wp-block-image size-large\"><img decoding=\"async\" src=\"https:\/\/inzain.bike\/wp-content\/uploads\/2021\/04\/20210404_102625.jpg?w=1024\" alt=\"\" class=\"wp-image-141\" \/><\/figure>\n\n\n\n<p>Siell\u00e4 on paljon kovia osia, joissa on teknist\u00e4 soraa, ja my\u00f6s jyrkki\u00e4 osia, enimm\u00e4kseen 22%. Garmin Climb Pro -toiminto poimi v\u00e4rin, jota en ole ennen n\u00e4hnyt, musta! Mutta nousimme yl\u00f6s. 18 km:n matkaan meni noin kolme tuntia, mik\u00e4 on enn\u00e4tys sin\u00e4ns\u00e4. Mahdollisuus rullata alas Artaan asfaltilla oli mukavaa, samoin kuin pastalounas torilla.<\/p>\n\n\n\n<p>Matkan seuraava osa on Manacorissa ja p\u00e4\u00e4timme kokeilla Vias Verdea, vanhaa kolmen mailin pituista rautatien pengerrett\u00e4, joka on muutettu hiekkatieksi, kaikki asemat ovat edelleen siell\u00e4 ja koko juttu on melko hauskaa ja hieman outoa, koska se on niin moderni. Miksi kiskot poistettiin? Ainakin meille k\u00e4vi hyv\u00e4 tuuri.<\/p>\n\n\n\n<figure class=\"wp-block-image size-large\"><img decoding=\"async\" src=\"https:\/\/inzain.bike\/wp-content\/uploads\/2021\/04\/g0023909.jpg?w=1024\" alt=\"\" class=\"wp-image-143\" \/><\/figure>\n\n\n\n<p>Saavuttuamme Manacoriin tunsimme, ett\u00e4 se riitti t\u00e4lle p\u00e4iv\u00e4lle, ja Mallorcalla on riitt\u00e4v\u00e4sti junia. Tietenkin py\u00f6r\u00e4t ovat tervetulleita, se on loppujen lopuksi sivistynyt maa...<\/p>\n\n\n\n<p>Illalla Helga on j\u00e4rjest\u00e4nyt viininmaistajaisia ja tapaksia, fantastisen mukavia ja herkullisia. Minulle itselleni opetettiin, ett\u00e4 sylkykuppia pit\u00e4isi ehk\u00e4 k\u00e4ytt\u00e4\u00e4 joskus, siell\u00e4 oli monta viinilasia. Tulimme my\u00f6s siihen tulokseen, ett\u00e4 tarvitsemme jengien nimi\u00e4, joten Shiny Rider, Shady Riser, Slack Blatter, Dark Klingon, Ghost Rider ja mik\u00e4 parasta Dirk Diggler syntyiv\u00e4t.<\/p>\n\n\n\n<p>Viimeisen\u00e4 p\u00e4iv\u00e4n\u00e4 jotkut valitsivat vuoristomatkan col de Sollerin ja Puig Majorin (alias Piggen) kanssa, kun taas toiset tekiv\u00e4t kevyemm\u00e4n soraajelun tasaisella, ennen kuin oli aika pakata py\u00f6r\u00e4t, puhdistaa j\u00e4\u00e4kaappi ja alkaa katsoa eteenp\u00e4in. seuraavalle reissulle t\u00e4nne, onneksi se on jo lokakuussa, sitten hy\u00f6dynnet\u00e4\u00e4n my\u00f6s tilaisuus testata Gravelia Menorcalla ja Martinilla on uusia yll\u00e4tyksi\u00e4, \u00e4l\u00e4 missaa sit\u00e4.<br><br><\/p>\n\n\n\n<figure class=\"wp-block-image size-large\"><img decoding=\"async\" src=\"https:\/\/inzain.bike\/wp-content\/uploads\/2021\/04\/20210405_090449.jpg?w=1024\" alt=\"\" class=\"wp-image-145\" \/><\/figure>\n\n\n\n<figure class=\"wp-block-image size-large\"><img decoding=\"async\" src=\"https:\/\/inzain.bike\/wp-content\/uploads\/2021\/04\/20210405_090456.jpg?w=1024\" alt=\"\" class=\"wp-image-146\" \/><\/figure>\n\n\n\n<p><br><\/p>\n\n\n\n<p><br><\/p>\n<\/div>\n<\/div>\n<\/div>","protected":false},"excerpt":{"rendered":"<p>Mallorca &#8211; V\u00e5r &#8211; Landsv\u00e4gscykling? Nejd\u00e5 inte alls, Mallorca har m\u00e5nga grymma grusv\u00e4gar att uppt\u00e4cka, och det gjorde vi! Men allt fr\u00e5n b\u00f6rjan. Ursprungligen var vi 26 personer som skulle \u00e5ka till Alar\u00f3, en liten by vid foten av Orient. Vi har gjort s\u00e5 i flera \u00e5r, vi bor fantastiskt i ett eget mansion med [&hellip;]<\/p>\n","protected":false},"author":135133094,"featured_media":0,"parent":0,"menu_order":0,"comment_status":"closed","ping_status":"closed","template":"","meta":{"_coblocks_attr":"","_coblocks_dimensions":"","_coblocks_responsive_height":"","_coblocks_accordion_ie_support":"","footnotes":""},"class_list":["post-114","page","type-page","status-publish","hentry"],"yoast_head":"<!-- This site is optimized with the Yoast SEO plugin v27.2 - https:\/\/yoast.com\/product\/yoast-seo-wordpress\/ -->\n<title>Gravel p\u00e5 Mallorca Ride Report - INZAIN Cycling EXPERIENCES<\/title>\n<meta name=\"robots\" content=\"index, follow, max-snippet:-1, max-image-preview:large, max-video-preview:-1\" \/>\n<link rel=\"canonical\" href=\"https:\/\/inzain.bike\/fi\/gravel-pa-mallorca-ride-report\/\" \/>\n<meta property=\"og:locale\" content=\"fi_FI\" \/>\n<meta property=\"og:type\" content=\"article\" \/>\n<meta property=\"og:title\" content=\"Gravel p\u00e5 Mallorca Ride Report - INZAIN Cycling EXPERIENCES\" \/>\n<meta property=\"og:description\" content=\"Mallorca &#8211; V\u00e5r &#8211; Landsv\u00e4gscykling? Nejd\u00e5 inte alls, Mallorca har m\u00e5nga grymma grusv\u00e4gar att uppt\u00e4cka, och det gjorde vi! Men allt fr\u00e5n b\u00f6rjan. Ursprungligen var vi 26 personer som skulle \u00e5ka till Alar\u00f3, en liten by vid foten av Orient. Vi har gjort s\u00e5 i flera \u00e5r, vi bor fantastiskt i ett eget mansion med [&hellip;]\" \/>\n<meta property=\"og:url\" content=\"https:\/\/inzain.bike\/fi\/gravel-pa-mallorca-ride-report\/\" \/>\n<meta property=\"og:site_name\" content=\"INZAIN Cycling EXPERIENCES\" \/>\n<meta property=\"article:publisher\" content=\"https:\/\/www.facebook.com\/Inzain.bike\" \/>\n<meta property=\"og:image\" content=\"https:\/\/inzain.bike\/wp-content\/uploads\/2021\/04\/g0013561.jpg?w=1024\" \/>\n<meta name=\"twitter:card\" content=\"summary_large_image\" \/>\n<meta name=\"twitter:label1\" content=\"Arvioitu lukuaika\" \/>\n\t<meta name=\"twitter:data1\" content=\"6 minuuttia\" \/>\n<script type=\"application\/ld+json\" class=\"yoast-schema-graph\">{\"@context\":\"https:\/\/schema.org\",\"@graph\":[{\"@type\":\"WebPage\",\"@id\":\"https:\/\/inzain.bike\/en_gb\/gravel-pa-mallorca-ride-report\/\",\"url\":\"https:\/\/inzain.bike\/en_gb\/gravel-pa-mallorca-ride-report\/\",\"name\":\"Gravel p\u00e5 Mallorca Ride Report - INZAIN Cycling EXPERIENCES\",\"isPartOf\":{\"@id\":\"https:\/\/inzain.bike\/fr_be\/#website\"},\"primaryImageOfPage\":{\"@id\":\"https:\/\/inzain.bike\/en_gb\/gravel-pa-mallorca-ride-report\/#primaryimage\"},\"image\":{\"@id\":\"https:\/\/inzain.bike\/en_gb\/gravel-pa-mallorca-ride-report\/#primaryimage\"},\"thumbnailUrl\":\"https:\/\/inzain.bike\/wp-content\/uploads\/2021\/04\/g0013561.jpg?w=1024\",\"datePublished\":\"2021-04-07T17:02:41+00:00\",\"breadcrumb\":{\"@id\":\"https:\/\/inzain.bike\/en_gb\/gravel-pa-mallorca-ride-report\/#breadcrumb\"},\"inLanguage\":\"fi\",\"potentialAction\":[{\"@type\":\"ReadAction\",\"target\":[\"https:\/\/inzain.bike\/en_gb\/gravel-pa-mallorca-ride-report\/\"]}]},{\"@type\":\"ImageObject\",\"inLanguage\":\"fi\",\"@id\":\"https:\/\/inzain.bike\/en_gb\/gravel-pa-mallorca-ride-report\/#primaryimage\",\"url\":\"https:\/\/inzain.bike\/wp-content\/uploads\/2021\/04\/g0013561.jpg?w=1024\",\"contentUrl\":\"https:\/\/inzain.bike\/wp-content\/uploads\/2021\/04\/g0013561.jpg?w=1024\"},{\"@type\":\"BreadcrumbList\",\"@id\":\"https:\/\/inzain.bike\/en_gb\/gravel-pa-mallorca-ride-report\/#breadcrumb\",\"itemListElement\":[{\"@type\":\"ListItem\",\"position\":1,\"name\":\"Hem\",\"item\":\"https:\/\/inzain.bike\/fr_be\/\"},{\"@type\":\"ListItem\",\"position\":2,\"name\":\"Gravel p\u00e5 Mallorca Ride Report\"}]},{\"@type\":\"WebSite\",\"@id\":\"https:\/\/inzain.bike\/fr_be\/#website\",\"url\":\"https:\/\/inzain.bike\/fr_be\/\",\"name\":\"INZAIN Cycling EXPERIENCES\",\"description\":\"Cyckling Adventures  - for everyone\",\"publisher\":{\"@id\":\"https:\/\/inzain.bike\/fr_be\/#organization\"},\"alternateName\":\"INZAIN Gravel & Travel\",\"potentialAction\":[{\"@type\":\"SearchAction\",\"target\":{\"@type\":\"EntryPoint\",\"urlTemplate\":\"https:\/\/inzain.bike\/fr_be\/?s={search_term_string}\"},\"query-input\":{\"@type\":\"PropertyValueSpecification\",\"valueRequired\":true,\"valueName\":\"search_term_string\"}}],\"inLanguage\":\"fi\"},{\"@type\":\"Organization\",\"@id\":\"https:\/\/inzain.bike\/fr_be\/#organization\",\"name\":\"INZAIN Cycling EXPERIENCES\",\"url\":\"https:\/\/inzain.bike\/fr_be\/\",\"logo\":{\"@type\":\"ImageObject\",\"inLanguage\":\"fi\",\"@id\":\"https:\/\/inzain.bike\/fr_be\/#\/schema\/logo\/image\/\",\"url\":\"https:\/\/i0.wp.com\/inzain.bike\/wp-content\/uploads\/2023\/09\/cropped-INZAIN_512x512_white.png?fit=512%2C512&ssl=1\",\"contentUrl\":\"https:\/\/i0.wp.com\/inzain.bike\/wp-content\/uploads\/2023\/09\/cropped-INZAIN_512x512_white.png?fit=512%2C512&ssl=1\",\"width\":512,\"height\":512,\"caption\":\"INZAIN Cycling EXPERIENCES\"},\"image\":{\"@id\":\"https:\/\/inzain.bike\/fr_be\/#\/schema\/logo\/image\/\"},\"sameAs\":[\"https:\/\/www.facebook.com\/Inzain.bike\",\"https:\/\/www.instagram.com\/inzainbike\"]}]}<\/script>\n<!-- \/ Yoast SEO plugin. -->","yoast_head_json":{"title":"Soratie Mallorcalla -raportti - INZAIN Cycling EXPERIENCES","robots":{"index":"index","follow":"follow","max-snippet":"max-snippet:-1","max-image-preview":"max-image-preview:large","max-video-preview":"max-video-preview:-1"},"canonical":"https:\/\/inzain.bike\/fi\/gravel-pa-mallorca-ride-report\/","og_locale":"fi_FI","og_type":"article","og_title":"Gravel p\u00e5 Mallorca Ride Report - INZAIN Cycling EXPERIENCES","og_description":"Mallorca &#8211; V\u00e5r &#8211; Landsv\u00e4gscykling? Nejd\u00e5 inte alls, Mallorca har m\u00e5nga grymma grusv\u00e4gar att uppt\u00e4cka, och det gjorde vi! Men allt fr\u00e5n b\u00f6rjan. Ursprungligen var vi 26 personer som skulle \u00e5ka till Alar\u00f3, en liten by vid foten av Orient. Vi har gjort s\u00e5 i flera \u00e5r, vi bor fantastiskt i ett eget mansion med [&hellip;]","og_url":"https:\/\/inzain.bike\/fi\/gravel-pa-mallorca-ride-report\/","og_site_name":"INZAIN Cycling EXPERIENCES","article_publisher":"https:\/\/www.facebook.com\/Inzain.bike","og_image":[{"url":"https:\/\/inzain.bike\/wp-content\/uploads\/2021\/04\/g0013561.jpg?w=1024","type":"","width":"","height":""}],"twitter_card":"summary_large_image","twitter_misc":{"Arvioitu lukuaika":"6 minuuttia"},"schema":{"@context":"https:\/\/schema.org","@graph":[{"@type":"WebPage","@id":"https:\/\/inzain.bike\/en_gb\/gravel-pa-mallorca-ride-report\/","url":"https:\/\/inzain.bike\/en_gb\/gravel-pa-mallorca-ride-report\/","name":"Soratie Mallorcalla -raportti - INZAIN Cycling EXPERIENCES","isPartOf":{"@id":"https:\/\/inzain.bike\/fr_be\/#website"},"primaryImageOfPage":{"@id":"https:\/\/inzain.bike\/en_gb\/gravel-pa-mallorca-ride-report\/#primaryimage"},"image":{"@id":"https:\/\/inzain.bike\/en_gb\/gravel-pa-mallorca-ride-report\/#primaryimage"},"thumbnailUrl":"https:\/\/inzain.bike\/wp-content\/uploads\/2021\/04\/g0013561.jpg?w=1024","datePublished":"2021-04-07T17:02:41+00:00","breadcrumb":{"@id":"https:\/\/inzain.bike\/en_gb\/gravel-pa-mallorca-ride-report\/#breadcrumb"},"inLanguage":"fi","potentialAction":[{"@type":"ReadAction","target":["https:\/\/inzain.bike\/en_gb\/gravel-pa-mallorca-ride-report\/"]}]},{"@type":"ImageObject","inLanguage":"fi","@id":"https:\/\/inzain.bike\/en_gb\/gravel-pa-mallorca-ride-report\/#primaryimage","url":"https:\/\/inzain.bike\/wp-content\/uploads\/2021\/04\/g0013561.jpg?w=1024","contentUrl":"https:\/\/inzain.bike\/wp-content\/uploads\/2021\/04\/g0013561.jpg?w=1024"},{"@type":"BreadcrumbList","@id":"https:\/\/inzain.bike\/en_gb\/gravel-pa-mallorca-ride-report\/#breadcrumb","itemListElement":[{"@type":"ListItem","position":1,"name":"Hem","item":"https:\/\/inzain.bike\/fr_be\/"},{"@type":"ListItem","position":2,"name":"Gravel p\u00e5 Mallorca Ride Report"}]},{"@type":"WebSite","@id":"https:\/\/inzain.bike\/fr_be\/#website","url":"https:\/\/inzain.bike\/fr_be\/","name":"INZAIN Py\u00f6r\u00e4ily-KOKEMUKSIA","description":"Py\u00f6r\u00e4ilyseikkailut - kaikille","publisher":{"@id":"https:\/\/inzain.bike\/fr_be\/#organization"},"alternateName":"INZAIN Gravel & Travel","potentialAction":[{"@type":"SearchAction","target":{"@type":"EntryPoint","urlTemplate":"https:\/\/inzain.bike\/fr_be\/?s={search_term_string}"},"query-input":{"@type":"PropertyValueSpecification","valueRequired":true,"valueName":"search_term_string"}}],"inLanguage":"fi"},{"@type":"Organization","@id":"https:\/\/inzain.bike\/fr_be\/#organization","name":"INZAIN Py\u00f6r\u00e4ily-KOKEMUKSIA","url":"https:\/\/inzain.bike\/fr_be\/","logo":{"@type":"ImageObject","inLanguage":"fi","@id":"https:\/\/inzain.bike\/fr_be\/#\/schema\/logo\/image\/","url":"https:\/\/i0.wp.com\/inzain.bike\/wp-content\/uploads\/2023\/09\/cropped-INZAIN_512x512_white.png?fit=512%2C512&ssl=1","contentUrl":"https:\/\/i0.wp.com\/inzain.bike\/wp-content\/uploads\/2023\/09\/cropped-INZAIN_512x512_white.png?fit=512%2C512&ssl=1","width":512,"height":512,"caption":"INZAIN Cycling EXPERIENCES"},"image":{"@id":"https:\/\/inzain.bike\/fr_be\/#\/schema\/logo\/image\/"},"sameAs":["https:\/\/www.facebook.com\/Inzain.bike","https:\/\/www.instagram.com\/inzainbike"]}]}},"amp_enabled":true,"_links":{"self":[{"href":"https:\/\/inzain.bike\/fi\/wp-json\/wp\/v2\/pages\/114","targetHints":{"allow":["GET"]}}],"collection":[{"href":"https:\/\/inzain.bike\/fi\/wp-json\/wp\/v2\/pages"}],"about":[{"href":"https:\/\/inzain.bike\/fi\/wp-json\/wp\/v2\/types\/page"}],"author":[{"embeddable":true,"href":"https:\/\/inzain.bike\/fi\/wp-json\/wp\/v2\/users\/135133094"}],"replies":[{"embeddable":true,"href":"https:\/\/inzain.bike\/fi\/wp-json\/wp\/v2\/comments?post=114"}],"version-history":[{"count":0,"href":"https:\/\/inzain.bike\/fi\/wp-json\/wp\/v2\/pages\/114\/revisions"}],"wp:attachment":[{"href":"https:\/\/inzain.bike\/fi\/wp-json\/wp\/v2\/media?parent=114"}],"curies":[{"name":"wp","href":"https:\/\/api.w.org\/{rel}","templated":true}]}}