{"id":1403,"date":"2021-12-24T12:28:43","date_gmt":"2021-12-24T11:28:43","guid":{"rendered":"https:\/\/inzain.bike\/?page_id=1403"},"modified":"2021-12-27T14:43:06","modified_gmt":"2021-12-27T13:43:06","slug":"platser-i-toscana","status":"publish","type":"page","link":"https:\/\/inzain.bike\/fi\/platser-i-toscana\/","title":{"rendered":"Paikat Toscanassa"},"content":{"rendered":"<p>T\u00e4ss\u00e4 on tietoa paikoista, kylist\u00e4 ja kaupungeista, joissa vierailemme ja joissa asumme Inzain Toscany Tour 2022 -kiertueen aikana.<\/p>\n\n\n\n<p class=\"has-custom-weight\" style=\"font-weight:bold;font-size:60px\">Kusta<\/p>\n\n\n\n<figure class=\"wp-block-image\"><img decoding=\"async\" src=\"https:\/\/tripx-wp.imgix.net\/3\/2016\/12\/bild-1.jpg?auto=format\" alt=\"Resor till Pisa - Norwegian Holidays: L\u00e5ga priser p\u00e5 flyg och hotell \u2013 din  n\u00e4sta semester hittar du h\u00e4r\"\/><figcaption>Kalteva torni<\/figcaption><\/figure>\n\n\n\n<p><em>Pisa tunnetaan ehk\u00e4 parhaiten kaltevasta tornistaan, mutta siell\u00e4 on paljon muutakin tarjottavaa.<\/em><\/p>\n\n\n\n<p>Ravintolat, museot ja paljon muuta.<\/p>\n\n\n\n<p>Py\u00f6r\u00e4ilemme Arno-jokea pitkin matkalla ulos Pisasta.<\/p>\n\n\n\n<figure class=\"wp-block-image\"><img decoding=\"async\" src=\"https:\/\/indianajo.com\/wp-content\/uploads\/2013\/07\/One-Day-in-Pisa-River-Arno.jpg\" alt=\"One Day in Pisa\"\/><\/figure>\n\n\n\n<figure class=\"wp-block-image\"><img decoding=\"async\" src=\"https:\/\/www.contemporarynomad.com\/wp-content\/uploads\/2012\/11\/pisa-keith-haring-tuttomondo-1.jpg\" alt=\"Keith Haring&#39;s Pisa Mural &#39;Tuttomondo&#39;, a Multi-story Piece of Art |  ContemporaryNomad.com\"\/><figcaption>Keith Haringin sein\u00e4maalaus<\/figcaption><\/figure>\n\n\n\n<p>Keith Haringin sein\u00e4maalaus on yht\u00e4 kuuluisa ja ehk\u00e4 hyv\u00e4 paikka ryhm\u00e4kuvalle?<\/p>\n\n\n\n<p class=\"has-custom-weight has-custom-transform\" style=\"font-weight:bold;text-transform:initial;font-size:60px\">Volterra<\/p>\n\n\n\n<figure class=\"wp-block-image\"><img decoding=\"async\" src=\"https:\/\/www.rucksack.se\/wp-content\/uploads\/2020\/01\/Volterra-1080x721.jpg\" alt=\"\"\/><\/figure>\n\n\n\n<p>A<em>alabasterikaupunki Volterra, Toscanan helmi, jossa on sek\u00e4 roomalainen amfiteatteri ett\u00e4 satulinnoitus.<\/em><\/p>\n\n\n\n<p><em>Vallebuona<\/em>\u00a0on arkeologinen alue, joka juontaa juurensa 100-luvulta ennen Kristusta. T\u00e4ss\u00e4 ovat kaupungin suuren amfiteatterin j\u00e4\u00e4nteet ja my\u00f6s suuren roomalaisen kylpyl\u00e4n rauniot. Amfiteatteri on yksi suurimmista j\u00e4ljell\u00e4 olevista Italiassa<\/p>\n\n\n\n<div class=\"wp-block-columns is-layout-flex wp-container-core-columns-is-layout-28f84493 wp-block-columns-is-layout-flex\">\n<div class=\"wp-block-column is-layout-flow wp-block-column-is-layout-flow\" style=\"flex-basis:33.33%\">\n<p>Volterra on suhteellisen tyhj\u00e4 turisteista, ja siell\u00e4 on loputtomasti Gelatoa ja kahviloita, joista valita.<\/p>\n<\/div>\n\n\n\n<div class=\"wp-block-column is-layout-flow wp-block-column-is-layout-flow\" style=\"flex-basis:66.66%\">\n<figure class=\"wp-block-image size-large\"><img loading=\"lazy\" decoding=\"async\" width=\"1024\" height=\"683\" src=\"https:\/\/inzain.bike\/wp-content\/uploads\/2021\/12\/Volterra-Italien-9-1024x683.jpg\" alt=\"\" class=\"wp-image-1414\" srcset=\"https:\/\/inzain.bike\/wp-content\/uploads\/2021\/12\/Volterra-Italien-9-1024x683.jpg 1024w, https:\/\/inzain.bike\/wp-content\/uploads\/2021\/12\/Volterra-Italien-9-300x200.jpg 300w, https:\/\/inzain.bike\/wp-content\/uploads\/2021\/12\/Volterra-Italien-9-768x512.jpg 768w, https:\/\/inzain.bike\/wp-content\/uploads\/2021\/12\/Volterra-Italien-9-18x12.jpg 18w, https:\/\/inzain.bike\/wp-content\/uploads\/2021\/12\/Volterra-Italien-9-600x400.jpg 600w, https:\/\/inzain.bike\/wp-content\/uploads\/2021\/12\/Volterra-Italien-9.jpg 1280w\" sizes=\"auto, (max-width: 1024px) 100vw, 1024px\" \/><\/figure>\n<\/div>\n<\/div>\n\n\n\n<figure class=\"wp-block-image\"><img decoding=\"async\" src=\"https:\/\/envato-shoebox-0.imgix.net\/299a\/edc4-8dc6-44ab-bfd7-62ccf173e2af\/IMG_5445rf.jpg?auto=compress%2Cformat&amp;fit=max&amp;mark=https%3A%2F%2Felements-assets.envato.com%2Fstatic%2Fwatermark2.png&amp;markalign=center%2Cmiddle&amp;markalpha=18&amp;w=1600&amp;s=4707470cdb6433fb7a5cf1b57bd5d102\" alt=\"Panoramic view of historic city Volterra, Italy photo by magone on Envato  Elements\"\/><figcaption>N\u00e4kym\u00e4 Volterrasta<\/figcaption><\/figure>\n\n\n\n<p class=\"has-custom-weight\" style=\"font-weight:bold;font-size:60px\">Siena<\/p>\n\n\n\n<figure class=\"wp-block-image\"><img decoding=\"async\" src=\"https:\/\/media.tacdn.com\/media\/attractions-splice-spp-674x446\/07\/69\/12\/eb.jpg\" alt=\"Siena Sunset och Chianti Wine Tour med middag fr\u00e5n Florens 2022\"\/><figcaption>Siena<\/figcaption><\/figure>\n\n\n\n<p>Sienaa ymp\u00e4r\u00f6i eritt\u00e4in pitk\u00e4 muuri\u00a0<a href=\"https:\/\/sv.wikipedia.org\/wiki\/Citadell\">linnoitus<\/a>\u00a0ja yhdeks\u00e4n porttia, valehtele <em>Ep\u00e4s\u00e4\u00e4nn\u00f6llisesti kolmella toisiinsa yhteydess\u00e4 olevalla harjulla ja koostuu luonnollisesti kolmesta alueesta: Terzo di Citt\u00e0 lounaassa, Terzo di Santo Martino kaakossa ja Terzo di Camollia pohjoisessa. Kadut ovat kapeita, mutkaisia ja m\u00e4kisi\u00e4, ja niit\u00e4 ymp\u00e4r\u00f6iv\u00e4t monet kauniit palatsit, aukiot ja kirkot<\/em><\/p>\n\n\n\n<p>Neli\u00f6\u00a0<strong>Piazza del Campo\u00a0<\/strong>oli aikoinaan roomalainen markkinapaikka. Se on vuorattu ulkoistuimilla ja laskeutuu alas kohti vaikuttavaa goottilaista kaupungintaloa, jossa on 102 metri\u00e4 korkea kellotorni,\u00a0<strong>Torre del Mangia<\/strong>. Yli 500 askelmaa johtaa huipulle upealla n\u00e4k\u00f6alalla.<\/p>\n\n\n\n<figure class=\"wp-block-image\"><img decoding=\"async\" src=\"https:\/\/besthqwallpapers.com\/Uploads\/17-9-2019\/104744\/thumb2-torre-del-mangia-piazza-del-campo-italian-cities-hdr-siena.jpg\" alt=\"H\u00e4mta bilder Torre del Mangia, Piazza del Campo, italienska st\u00e4der, HDR,  Siena, Toscana, Europa, italienska landm\u00e4rken fri. Bilder gratis  skrivbordsunderl\u00e4gg\"\/><\/figure>\n\n\n\n<p class=\"has-custom-weight\" style=\"font-weight:bold;font-size:60px\">San Quirico d&#039;Orcia<\/p>\n\n\n\n<p><em>Mukava pieni kaupunki, mutta paljon pieni\u00e4 viihtyisi\u00e4 kauppoja. Heti kun p\u00e4\u00e4set itse seinien ulkopuolelle, on upeat n\u00e4kym\u00e4t.<\/em><\/p>\n\n\n\n<figure class=\"wp-block-image\"><img decoding=\"async\" src=\"https:\/\/content.r9cdn.net\/rimg\/dimg\/b9\/ba\/7fbc4b39-city-56116-17477052598.jpg?crop=true&amp;width=1366&amp;height=768&amp;xhint=1764&amp;yhint=1388\" alt=\"16 Best Hotels in San Quirico d&#39;Orcia. Hotels from $83\/night - KAYAK\"\/><\/figure>\n\n\n\n<p>Fantastinen pieni kaupunki aivan Toscanan syd\u00e4mess\u00e4. Ihana n\u00e4kym\u00e4 ja upea ruoka.<\/p>\n\n\n\n<figure class=\"wp-block-image\"><img decoding=\"async\" src=\"https:\/\/tuscanyplanet.com\/wp-content\/uploads\/2017\/05\/Val-dOrcia-Road-with-cypresses.jpg\" alt=\"What to do in San Quirico d&#39;Orcia - Tuscany Planet\"\/><\/figure>\n\n\n\n<p class=\"has-custom-weight\" style=\"font-weight:bold;font-size:60px\">Poggibonsi<\/p>\n\n\n\n<figure class=\"wp-block-image\"><img decoding=\"async\" src=\"https:\/\/image.novasol.com\/pic\/1024\/itc\/201901301441\/itc353_associated_07.jpg\" alt=\"Semesterhus - Poggibonsi , Italien - ITC353 | Novasol\"\/><\/figure>\n\n\n\n<p><em>Poggibonsia pidettiin aikoinaan Italian kauneimpana kaupunkina, mutta valitettavasti se on tuhoutunut. Nyt siell\u00e4 on kaunis, hieman modernimpi kaupunki, mutta jolle on edelleen ominaista tyypillinen toscanalainen tyyli.<\/em><\/p>\n\n\n\n<p class=\"has-custom-weight\" style=\"font-weight:bold;font-size:60px\">Cecina<\/p>\n\n\n\n<figure class=\"wp-block-image\"><img decoding=\"async\" src=\"https:\/\/1001beach.com\/img\/posts\/498\/1200\/cecina-1.jpg\" alt=\"Cecina strand (Cecina beach)\"\/><\/figure>\n\n\n\n<p><em>Cecina sijaitsee V\u00e4limeren rannalla. <\/em><\/p>\n\n\n\n<p>Kaupungille on ominaista sen satama ja sijainti. T\u00e4m\u00e4 on hieman suurempi kaupunki ja valikoima ravintoloita ja muita asioita on suuri.<\/p>\n\n\n\n<p><\/p>","protected":false},"excerpt":{"rendered":"<p>H\u00e4r finns lite information om de platser, byar och st\u00e4der vi bes\u00f6ker och bor i under Inzain Tuscany Tour 2022. Pisa Pisa \u00e4r kanske mest k\u00e4nd f\u00f6r sitt lutande torn, men har mycket mer att erbjuda. Restauranger, museer och mycket mycket mer. Vi kommer att cykla l\u00e4ngs Arnofloden p\u00e5 v\u00e5r v\u00e4g ut ur Pisa. Keith [&hellip;]<\/p>\n","protected":false},"author":135133094,"featured_media":0,"parent":0,"menu_order":0,"comment_status":"closed","ping_status":"closed","template":"","meta":{"_coblocks_attr":"","_coblocks_dimensions":"","_coblocks_responsive_height":"","_coblocks_accordion_ie_support":"","footnotes":""},"class_list":["post-1403","page","type-page","status-publish","hentry"],"yoast_head":"<!-- This site is optimized with the Yoast SEO plugin v27.2 - https:\/\/yoast.com\/product\/yoast-seo-wordpress\/ -->\n<title>Platser i Toscana - INZAIN Cycling EXPERIENCES<\/title>\n<meta name=\"robots\" content=\"index, follow, max-snippet:-1, max-image-preview:large, max-video-preview:-1\" \/>\n<link rel=\"canonical\" href=\"https:\/\/inzain.bike\/fi\/platser-i-toscana\/\" \/>\n<meta property=\"og:locale\" content=\"fi_FI\" \/>\n<meta property=\"og:type\" content=\"article\" \/>\n<meta property=\"og:title\" content=\"Platser i Toscana - INZAIN Cycling EXPERIENCES\" \/>\n<meta property=\"og:description\" content=\"H\u00e4r finns lite information om de platser, byar och st\u00e4der vi bes\u00f6ker och bor i under Inzain Tuscany Tour 2022. Pisa Pisa \u00e4r kanske mest k\u00e4nd f\u00f6r sitt lutande torn, men har mycket mer att erbjuda. Restauranger, museer och mycket mycket mer. Vi kommer att cykla l\u00e4ngs Arnofloden p\u00e5 v\u00e5r v\u00e4g ut ur Pisa. Keith [&hellip;]\" \/>\n<meta property=\"og:url\" content=\"https:\/\/inzain.bike\/fi\/platser-i-toscana\/\" \/>\n<meta property=\"og:site_name\" content=\"INZAIN Cycling EXPERIENCES\" \/>\n<meta property=\"article:publisher\" content=\"https:\/\/www.facebook.com\/Inzain.bike\" \/>\n<meta property=\"article:modified_time\" content=\"2021-12-27T13:43:06+00:00\" \/>\n<meta property=\"og:image\" content=\"https:\/\/tripx-wp.imgix.net\/3\/2016\/12\/bild-1.jpg?auto=format\" \/>\n<meta name=\"twitter:card\" content=\"summary_large_image\" \/>\n<meta name=\"twitter:label1\" content=\"Arvioitu lukuaika\" \/>\n\t<meta name=\"twitter:data1\" content=\"2 minuuttia\" \/>\n<script type=\"application\/ld+json\" class=\"yoast-schema-graph\">{\"@context\":\"https:\/\/schema.org\",\"@graph\":[{\"@type\":\"WebPage\",\"@id\":\"https:\/\/inzain.bike\/sv_se\/platser-i-toscana\/\",\"url\":\"https:\/\/inzain.bike\/sv_se\/platser-i-toscana\/\",\"name\":\"Platser i Toscana - INZAIN Cycling EXPERIENCES\",\"isPartOf\":{\"@id\":\"https:\/\/inzain.bike\/fr_be\/#website\"},\"primaryImageOfPage\":{\"@id\":\"https:\/\/inzain.bike\/sv_se\/platser-i-toscana\/#primaryimage\"},\"image\":{\"@id\":\"https:\/\/inzain.bike\/sv_se\/platser-i-toscana\/#primaryimage\"},\"thumbnailUrl\":\"https:\/\/tripx-wp.imgix.net\/3\/2016\/12\/bild-1.jpg?auto=format\",\"datePublished\":\"2021-12-24T11:28:43+00:00\",\"dateModified\":\"2021-12-27T13:43:06+00:00\",\"breadcrumb\":{\"@id\":\"https:\/\/inzain.bike\/sv_se\/platser-i-toscana\/#breadcrumb\"},\"inLanguage\":\"fi\",\"potentialAction\":[{\"@type\":\"ReadAction\",\"target\":[\"https:\/\/inzain.bike\/sv_se\/platser-i-toscana\/\"]}]},{\"@type\":\"ImageObject\",\"inLanguage\":\"fi\",\"@id\":\"https:\/\/inzain.bike\/sv_se\/platser-i-toscana\/#primaryimage\",\"url\":\"https:\/\/tripx-wp.imgix.net\/3\/2016\/12\/bild-1.jpg?auto=format\",\"contentUrl\":\"https:\/\/tripx-wp.imgix.net\/3\/2016\/12\/bild-1.jpg?auto=format\"},{\"@type\":\"BreadcrumbList\",\"@id\":\"https:\/\/inzain.bike\/sv_se\/platser-i-toscana\/#breadcrumb\",\"itemListElement\":[{\"@type\":\"ListItem\",\"position\":1,\"name\":\"Hem\",\"item\":\"https:\/\/inzain.bike\/fr_be\/\"},{\"@type\":\"ListItem\",\"position\":2,\"name\":\"Platser i Toscana\"}]},{\"@type\":\"WebSite\",\"@id\":\"https:\/\/inzain.bike\/fr_be\/#website\",\"url\":\"https:\/\/inzain.bike\/fr_be\/\",\"name\":\"INZAIN Cycling EXPERIENCES\",\"description\":\"Cyckling Adventures  - for everyone\",\"publisher\":{\"@id\":\"https:\/\/inzain.bike\/fr_be\/#organization\"},\"alternateName\":\"INZAIN Gravel & Travel\",\"potentialAction\":[{\"@type\":\"SearchAction\",\"target\":{\"@type\":\"EntryPoint\",\"urlTemplate\":\"https:\/\/inzain.bike\/fr_be\/?s={search_term_string}\"},\"query-input\":{\"@type\":\"PropertyValueSpecification\",\"valueRequired\":true,\"valueName\":\"search_term_string\"}}],\"inLanguage\":\"fi\"},{\"@type\":\"Organization\",\"@id\":\"https:\/\/inzain.bike\/fr_be\/#organization\",\"name\":\"INZAIN Cycling EXPERIENCES\",\"url\":\"https:\/\/inzain.bike\/fr_be\/\",\"logo\":{\"@type\":\"ImageObject\",\"inLanguage\":\"fi\",\"@id\":\"https:\/\/inzain.bike\/fr_be\/#\/schema\/logo\/image\/\",\"url\":\"https:\/\/i0.wp.com\/inzain.bike\/wp-content\/uploads\/2023\/09\/cropped-INZAIN_512x512_white.png?fit=512%2C512&ssl=1\",\"contentUrl\":\"https:\/\/i0.wp.com\/inzain.bike\/wp-content\/uploads\/2023\/09\/cropped-INZAIN_512x512_white.png?fit=512%2C512&ssl=1\",\"width\":512,\"height\":512,\"caption\":\"INZAIN Cycling EXPERIENCES\"},\"image\":{\"@id\":\"https:\/\/inzain.bike\/fr_be\/#\/schema\/logo\/image\/\"},\"sameAs\":[\"https:\/\/www.facebook.com\/Inzain.bike\",\"https:\/\/www.instagram.com\/inzainbike\"]}]}<\/script>\n<!-- \/ Yoast SEO plugin. -->","yoast_head_json":{"title":"Paikkoja Toscanassa - INZAIN Cycling EXPERIENCES","robots":{"index":"index","follow":"follow","max-snippet":"max-snippet:-1","max-image-preview":"max-image-preview:large","max-video-preview":"max-video-preview:-1"},"canonical":"https:\/\/inzain.bike\/fi\/platser-i-toscana\/","og_locale":"fi_FI","og_type":"article","og_title":"Platser i Toscana - INZAIN Cycling EXPERIENCES","og_description":"H\u00e4r finns lite information om de platser, byar och st\u00e4der vi bes\u00f6ker och bor i under Inzain Tuscany Tour 2022. Pisa Pisa \u00e4r kanske mest k\u00e4nd f\u00f6r sitt lutande torn, men har mycket mer att erbjuda. Restauranger, museer och mycket mycket mer. Vi kommer att cykla l\u00e4ngs Arnofloden p\u00e5 v\u00e5r v\u00e4g ut ur Pisa. Keith [&hellip;]","og_url":"https:\/\/inzain.bike\/fi\/platser-i-toscana\/","og_site_name":"INZAIN Cycling EXPERIENCES","article_publisher":"https:\/\/www.facebook.com\/Inzain.bike","article_modified_time":"2021-12-27T13:43:06+00:00","og_image":[{"url":"https:\/\/tripx-wp.imgix.net\/3\/2016\/12\/bild-1.jpg?auto=format","type":"","width":"","height":""}],"twitter_card":"summary_large_image","twitter_misc":{"Arvioitu lukuaika":"2 minuuttia"},"schema":{"@context":"https:\/\/schema.org","@graph":[{"@type":"WebPage","@id":"https:\/\/inzain.bike\/sv_se\/platser-i-toscana\/","url":"https:\/\/inzain.bike\/sv_se\/platser-i-toscana\/","name":"Paikkoja Toscanassa - INZAIN Cycling EXPERIENCES","isPartOf":{"@id":"https:\/\/inzain.bike\/fr_be\/#website"},"primaryImageOfPage":{"@id":"https:\/\/inzain.bike\/sv_se\/platser-i-toscana\/#primaryimage"},"image":{"@id":"https:\/\/inzain.bike\/sv_se\/platser-i-toscana\/#primaryimage"},"thumbnailUrl":"https:\/\/tripx-wp.imgix.net\/3\/2016\/12\/bild-1.jpg?auto=format","datePublished":"2021-12-24T11:28:43+00:00","dateModified":"2021-12-27T13:43:06+00:00","breadcrumb":{"@id":"https:\/\/inzain.bike\/sv_se\/platser-i-toscana\/#breadcrumb"},"inLanguage":"fi","potentialAction":[{"@type":"ReadAction","target":["https:\/\/inzain.bike\/sv_se\/platser-i-toscana\/"]}]},{"@type":"ImageObject","inLanguage":"fi","@id":"https:\/\/inzain.bike\/sv_se\/platser-i-toscana\/#primaryimage","url":"https:\/\/tripx-wp.imgix.net\/3\/2016\/12\/bild-1.jpg?auto=format","contentUrl":"https:\/\/tripx-wp.imgix.net\/3\/2016\/12\/bild-1.jpg?auto=format"},{"@type":"BreadcrumbList","@id":"https:\/\/inzain.bike\/sv_se\/platser-i-toscana\/#breadcrumb","itemListElement":[{"@type":"ListItem","position":1,"name":"Hem","item":"https:\/\/inzain.bike\/fr_be\/"},{"@type":"ListItem","position":2,"name":"Platser i Toscana"}]},{"@type":"WebSite","@id":"https:\/\/inzain.bike\/fr_be\/#website","url":"https:\/\/inzain.bike\/fr_be\/","name":"INZAIN Py\u00f6r\u00e4ily-KOKEMUKSIA","description":"Py\u00f6r\u00e4ilyseikkailut - kaikille","publisher":{"@id":"https:\/\/inzain.bike\/fr_be\/#organization"},"alternateName":"INZAIN Gravel & Travel","potentialAction":[{"@type":"SearchAction","target":{"@type":"EntryPoint","urlTemplate":"https:\/\/inzain.bike\/fr_be\/?s={search_term_string}"},"query-input":{"@type":"PropertyValueSpecification","valueRequired":true,"valueName":"search_term_string"}}],"inLanguage":"fi"},{"@type":"Organization","@id":"https:\/\/inzain.bike\/fr_be\/#organization","name":"INZAIN Py\u00f6r\u00e4ily-KOKEMUKSIA","url":"https:\/\/inzain.bike\/fr_be\/","logo":{"@type":"ImageObject","inLanguage":"fi","@id":"https:\/\/inzain.bike\/fr_be\/#\/schema\/logo\/image\/","url":"https:\/\/i0.wp.com\/inzain.bike\/wp-content\/uploads\/2023\/09\/cropped-INZAIN_512x512_white.png?fit=512%2C512&ssl=1","contentUrl":"https:\/\/i0.wp.com\/inzain.bike\/wp-content\/uploads\/2023\/09\/cropped-INZAIN_512x512_white.png?fit=512%2C512&ssl=1","width":512,"height":512,"caption":"INZAIN Cycling EXPERIENCES"},"image":{"@id":"https:\/\/inzain.bike\/fr_be\/#\/schema\/logo\/image\/"},"sameAs":["https:\/\/www.facebook.com\/Inzain.bike","https:\/\/www.instagram.com\/inzainbike"]}]}},"amp_enabled":true,"_links":{"self":[{"href":"https:\/\/inzain.bike\/fi\/wp-json\/wp\/v2\/pages\/1403","targetHints":{"allow":["GET"]}}],"collection":[{"href":"https:\/\/inzain.bike\/fi\/wp-json\/wp\/v2\/pages"}],"about":[{"href":"https:\/\/inzain.bike\/fi\/wp-json\/wp\/v2\/types\/page"}],"author":[{"embeddable":true,"href":"https:\/\/inzain.bike\/fi\/wp-json\/wp\/v2\/users\/135133094"}],"replies":[{"embeddable":true,"href":"https:\/\/inzain.bike\/fi\/wp-json\/wp\/v2\/comments?post=1403"}],"version-history":[{"count":0,"href":"https:\/\/inzain.bike\/fi\/wp-json\/wp\/v2\/pages\/1403\/revisions"}],"wp:attachment":[{"href":"https:\/\/inzain.bike\/fi\/wp-json\/wp\/v2\/media?parent=1403"}],"curies":[{"name":"wp","href":"https:\/\/api.w.org\/{rel}","templated":true}]}}