{"id":1454,"date":"2022-01-18T12:54:23","date_gmt":"2022-01-18T11:54:23","guid":{"rendered":"https:\/\/inzain.bike\/?page_id=1454"},"modified":"2023-03-22T16:57:39","modified_gmt":"2023-03-22T15:57:39","slug":"villkor-deltagande","status":"publish","type":"page","link":"https:\/\/inzain.bike\/fi\/villkor-deltagande\/","title":{"rendered":"Osallistumisehdot"},"content":{"rendered":"<h4 class=\"wp-block-heading\" id=\"dina-skyldigheter\"><strong>Sinun velvollisuutesi&nbsp;<\/strong><\/h4>\n\n\n\n<p>Sinun tulee: noudattaa oppaiden ohjeita koko retken ajan, k\u00e4ytt\u00e4\u00e4 kyp\u00e4r\u00e4\u00e4 py\u00f6r\u00e4illess\u00e4si; \u00e4l\u00e4 aja alkoholin tai huumeiden vaikutuksen alaisena; Varmista, ett\u00e4 sinulla on matkavakuutus, joka kattaa matkatavarat, py\u00f6r\u00e4ilyv\u00e4lineet ja sairauskulut.<\/p>\n\n\n\n<h4 class=\"wp-block-heading\" id=\"vara-rattigheter\"><strong>Meid\u00e4n oikeutemme<\/strong><\/h4>\n\n\n\n<p>Pid\u00e4t\u00e4mme oikeuden peruuttaa tai muuttaa matkasi milloin tahansa ennen l\u00e4ht\u00f6\u00e4; meist\u00e4 riippumattomista tapahtumista johtuen, kuten, mutta ei rajoittuen: ylivoimainen este, tulva, kuivuus, maanj\u00e4ristys tai muu luonnonkatastrofi; epidemia tai pandemia; terrori-isku, sis\u00e4llissota, kapina, lakko tai mellakka, sota, sodan uhka tai valmistautuminen, aseellinen konflikti, pakotteiden m\u00e4\u00e4r\u00e4\u00e4minen, kauppasaarto tai diplomaattisuhteiden katkaiseminen; ydin-, kemiallinen tai biologinen saastuminen; tai rakennusten romahtaminen, tulipalo, r\u00e4j\u00e4hdys tai onnettomuus (yhteisnimitys &quot;Tapahtumat, jotka eiv\u00e4t ole hallinnassamme&quot;). Pid\u00e4t\u00e4mme my\u00f6s oikeuden peruuttaa tai muuttaa matkasi milloin tahansa ennen l\u00e4ht\u00f6\u00e4 (oman harkintamme mukaan), vaikka vakuutammekin, ett\u00e4 pyrimme tekem\u00e4\u00e4n niin vain, kun se on ehdottoman v\u00e4ltt\u00e4m\u00e4t\u00f6nt\u00e4. Matka on ryhm\u00e4matka, mik\u00e4li ilmoittautuneita ei ole tarpeeksi, se voidaan perua, jolloin rahat palautetaan, lentolippuihin sovelletaan erityisehtoja.<\/p>\n\n\n\n<h4 class=\"wp-block-heading\" id=\"overfora-resan\"><strong>Siirr\u00e4 matka&nbsp;<\/strong><\/h4>\n\n\n\n<p>Jos liike- tai henkil\u00f6kohtainen h\u00e4t\u00e4tilanne est\u00e4isi sinua matkustamasta matkallasi, voit siirty\u00e4 toiselle matkalle, jolla on paikkoja j\u00e4ljell\u00e4 ja jonka on m\u00e4\u00e4r\u00e4 l\u00e4hte\u00e4 kahden vuoden sis\u00e4ll\u00e4 alun perin ilmoittautumastasi matkasta. Kaikkien maksujen siirt\u00e4misest\u00e4 toiselle matkalle ei perit\u00e4 maksua. <\/p>\n\n\n\n<h4 class=\"wp-block-heading\" id=\"andringar-av-din-resa\"><strong>Muutoksia matkaasi<\/strong><\/h4>\n\n\n\n<p>Teemme parhaamme varmistaaksemme, ett\u00e4 matkasi reittisuunnitelmaa ei tarvitse muuttaa. Jos kuitenkin tapahtuu tapahtuma, joka ei ole meid\u00e4n hallinnassamme (emme ehk\u00e4 pysty seuraamaan mainostettuja reittej\u00e4 tai aikatauluja). Jos viiv\u00e4stymisest\u00e4, onnettomuudesta tai suunnitellun matkan h\u00e4iri\u00f6st\u00e4 aiheutuvat lis\u00e4kustannukset johtuvat meist\u00e4 riippumattomista tapahtumista, emme voi korvata sinulle t\u00e4llaisia kustannuksia.<\/p>\n\n\n\n<h4 class=\"wp-block-heading\" id=\"upphavande\"><strong>Kumota&nbsp;<\/strong><\/h4>\n\n\n\n<p>Varaamalla: hyv\u00e4ksyt, ett\u00e4 olet vastaanottanut ja lukenut kaikki tiedot, jotka olemme sinulle antaneet matkasta; hyv\u00e4ksyt, ett\u00e4 antamamme suositukset ilmaston, vaatteiden, erikoisvarusteiden, topografian jne. suhteen on tehty hyv\u00e4ss\u00e4 uskossa, mutta emme voi taata niiden tarkkuutta tai t\u00e4ydellisyytt\u00e4; hyv\u00e4ksyt, ett\u00e4 sinun vastuullasi on j\u00e4rjest\u00e4\u00e4 vakuutus, joka kattaa sinut matkan ajan; vahvistat tietoisesi matkoidemme fyysisesti vaativuudesta ja hyv\u00e4ksyt matkoihimme liittyv\u00e4t riskit ja vaarat, mukaan lukien vaarat py\u00f6r\u00e4illess\u00e4 joko tiell\u00e4 tai maastossa sek\u00e4 kaikki riskit, jotka johtuvat (muun muassa) huonosta s\u00e4\u00e4st\u00e4 ja teiden vaihtelevasta kunnosta ja\/tai raidat; hyv\u00e4ksyy (muun muassa) viiv\u00e4stysten, muutosten, omaisuuden katoamisen tai vahingoittumisen, haittojen ja haittojen riskin; ja hyv\u00e4ksyt alla olevan kohdan, osallistut matkaan ja ajat omalla vastuullasi.<\/p>\n\n\n\n<h4 class=\"wp-block-heading\" id=\"tillamplig-lag-och-jurisdiktion\"><strong>Sovellettava laki ja toimivalta<\/strong><\/h4>\n\n\n\n<p>Kaikki riidat ratkaistaan seuraavasti:<a href=\"https:\/\/sccinstitute.se\/vara-tjanster\/forenklat-skiljeforfarande\/\">https:\/\/sccinstitute.se\/vara-tjanster\/forenklat-skiljeforfarande\/<\/a><\/p>","protected":false},"excerpt":{"rendered":"<p>Dina skyldigheter&nbsp; Du ska: f\u00f6lja instruktionerna fr\u00e5n guiderna under hela turen, b\u00e4ra hj\u00e4lm under cykling; inte cykla n\u00e4r du \u00e4r p\u00e5verkad av alkohol eller droger; f\u00f6rs\u00e4kra dig om att du har en resef\u00f6rs\u00e4kring som t\u00e4cker bagage, cykelutrustning och sjukv\u00e5rdskostnader. V\u00e5ra r\u00e4ttigheter Vi f\u00f6rbeh\u00e5ller oss r\u00e4tten att avbryta eller \u00e4ndra din resa n\u00e4r som helst innan [&hellip;]<\/p>\n","protected":false},"author":135133094,"featured_media":0,"parent":0,"menu_order":0,"comment_status":"closed","ping_status":"closed","template":"","meta":{"_coblocks_attr":"","_coblocks_dimensions":"","_coblocks_responsive_height":"","_coblocks_accordion_ie_support":"","footnotes":""},"class_list":["post-1454","page","type-page","status-publish","hentry"],"yoast_head":"<!-- This site is optimized with the Yoast SEO plugin v27.2 - https:\/\/yoast.com\/product\/yoast-seo-wordpress\/ -->\n<title>Villkor Deltagande - INZAIN Cycling EXPERIENCES<\/title>\n<meta name=\"robots\" content=\"index, follow, max-snippet:-1, max-image-preview:large, max-video-preview:-1\" \/>\n<link rel=\"canonical\" href=\"https:\/\/inzain.bike\/fi\/villkor-deltagande\/\" \/>\n<meta property=\"og:locale\" content=\"fi_FI\" \/>\n<meta property=\"og:type\" content=\"article\" \/>\n<meta property=\"og:title\" content=\"Villkor Deltagande - INZAIN Cycling EXPERIENCES\" \/>\n<meta property=\"og:description\" content=\"Dina skyldigheter&nbsp; Du ska: f\u00f6lja instruktionerna fr\u00e5n guiderna under hela turen, b\u00e4ra hj\u00e4lm under cykling; inte cykla n\u00e4r du \u00e4r p\u00e5verkad av alkohol eller droger; f\u00f6rs\u00e4kra dig om att du har en resef\u00f6rs\u00e4kring som t\u00e4cker bagage, cykelutrustning och sjukv\u00e5rdskostnader. V\u00e5ra r\u00e4ttigheter Vi f\u00f6rbeh\u00e5ller oss r\u00e4tten att avbryta eller \u00e4ndra din resa n\u00e4r som helst innan [&hellip;]\" \/>\n<meta property=\"og:url\" content=\"https:\/\/inzain.bike\/fi\/villkor-deltagande\/\" \/>\n<meta property=\"og:site_name\" content=\"INZAIN Cycling EXPERIENCES\" \/>\n<meta property=\"article:publisher\" content=\"https:\/\/www.facebook.com\/Inzain.bike\" \/>\n<meta property=\"article:modified_time\" content=\"2023-03-22T15:57:39+00:00\" \/>\n<meta name=\"twitter:card\" content=\"summary_large_image\" \/>\n<meta name=\"twitter:label1\" content=\"Arvioitu lukuaika\" \/>\n\t<meta name=\"twitter:data1\" content=\"3 minuuttia\" \/>\n<script type=\"application\/ld+json\" class=\"yoast-schema-graph\">{\"@context\":\"https:\/\/schema.org\",\"@graph\":[{\"@type\":\"WebPage\",\"@id\":\"https:\/\/inzain.bike\/en_gb\/villkor-deltagande\/\",\"url\":\"https:\/\/inzain.bike\/en_gb\/villkor-deltagande\/\",\"name\":\"Villkor Deltagande - INZAIN Cycling EXPERIENCES\",\"isPartOf\":{\"@id\":\"https:\/\/inzain.bike\/fr_be\/#website\"},\"datePublished\":\"2022-01-18T11:54:23+00:00\",\"dateModified\":\"2023-03-22T15:57:39+00:00\",\"breadcrumb\":{\"@id\":\"https:\/\/inzain.bike\/en_gb\/villkor-deltagande\/#breadcrumb\"},\"inLanguage\":\"fi\",\"potentialAction\":[{\"@type\":\"ReadAction\",\"target\":[\"https:\/\/inzain.bike\/en_gb\/villkor-deltagande\/\"]}]},{\"@type\":\"BreadcrumbList\",\"@id\":\"https:\/\/inzain.bike\/en_gb\/villkor-deltagande\/#breadcrumb\",\"itemListElement\":[{\"@type\":\"ListItem\",\"position\":1,\"name\":\"Hem\",\"item\":\"https:\/\/inzain.bike\/fr_be\/\"},{\"@type\":\"ListItem\",\"position\":2,\"name\":\"Villkor Deltagande\"}]},{\"@type\":\"WebSite\",\"@id\":\"https:\/\/inzain.bike\/fr_be\/#website\",\"url\":\"https:\/\/inzain.bike\/fr_be\/\",\"name\":\"INZAIN Cycling EXPERIENCES\",\"description\":\"Cyckling Adventures  - for everyone\",\"publisher\":{\"@id\":\"https:\/\/inzain.bike\/fr_be\/#organization\"},\"alternateName\":\"INZAIN Gravel & Travel\",\"potentialAction\":[{\"@type\":\"SearchAction\",\"target\":{\"@type\":\"EntryPoint\",\"urlTemplate\":\"https:\/\/inzain.bike\/fr_be\/?s={search_term_string}\"},\"query-input\":{\"@type\":\"PropertyValueSpecification\",\"valueRequired\":true,\"valueName\":\"search_term_string\"}}],\"inLanguage\":\"fi\"},{\"@type\":\"Organization\",\"@id\":\"https:\/\/inzain.bike\/fr_be\/#organization\",\"name\":\"INZAIN Cycling EXPERIENCES\",\"url\":\"https:\/\/inzain.bike\/fr_be\/\",\"logo\":{\"@type\":\"ImageObject\",\"inLanguage\":\"fi\",\"@id\":\"https:\/\/inzain.bike\/fr_be\/#\/schema\/logo\/image\/\",\"url\":\"https:\/\/i0.wp.com\/inzain.bike\/wp-content\/uploads\/2023\/09\/cropped-INZAIN_512x512_white.png?fit=512%2C512&ssl=1\",\"contentUrl\":\"https:\/\/i0.wp.com\/inzain.bike\/wp-content\/uploads\/2023\/09\/cropped-INZAIN_512x512_white.png?fit=512%2C512&ssl=1\",\"width\":512,\"height\":512,\"caption\":\"INZAIN Cycling EXPERIENCES\"},\"image\":{\"@id\":\"https:\/\/inzain.bike\/fr_be\/#\/schema\/logo\/image\/\"},\"sameAs\":[\"https:\/\/www.facebook.com\/Inzain.bike\",\"https:\/\/www.instagram.com\/inzainbike\"]}]}<\/script>\n<!-- \/ Yoast SEO plugin. -->","yoast_head_json":{"title":"Osallistumisehdot - INZAIN Cycling EXPERIENCES","robots":{"index":"index","follow":"follow","max-snippet":"max-snippet:-1","max-image-preview":"max-image-preview:large","max-video-preview":"max-video-preview:-1"},"canonical":"https:\/\/inzain.bike\/fi\/villkor-deltagande\/","og_locale":"fi_FI","og_type":"article","og_title":"Villkor Deltagande - INZAIN Cycling EXPERIENCES","og_description":"Dina skyldigheter&nbsp; Du ska: f\u00f6lja instruktionerna fr\u00e5n guiderna under hela turen, b\u00e4ra hj\u00e4lm under cykling; inte cykla n\u00e4r du \u00e4r p\u00e5verkad av alkohol eller droger; f\u00f6rs\u00e4kra dig om att du har en resef\u00f6rs\u00e4kring som t\u00e4cker bagage, cykelutrustning och sjukv\u00e5rdskostnader. V\u00e5ra r\u00e4ttigheter Vi f\u00f6rbeh\u00e5ller oss r\u00e4tten att avbryta eller \u00e4ndra din resa n\u00e4r som helst innan [&hellip;]","og_url":"https:\/\/inzain.bike\/fi\/villkor-deltagande\/","og_site_name":"INZAIN Cycling EXPERIENCES","article_publisher":"https:\/\/www.facebook.com\/Inzain.bike","article_modified_time":"2023-03-22T15:57:39+00:00","twitter_card":"summary_large_image","twitter_misc":{"Arvioitu lukuaika":"3 minuuttia"},"schema":{"@context":"https:\/\/schema.org","@graph":[{"@type":"WebPage","@id":"https:\/\/inzain.bike\/en_gb\/villkor-deltagande\/","url":"https:\/\/inzain.bike\/en_gb\/villkor-deltagande\/","name":"Osallistumisehdot - INZAIN Cycling EXPERIENCES","isPartOf":{"@id":"https:\/\/inzain.bike\/fr_be\/#website"},"datePublished":"2022-01-18T11:54:23+00:00","dateModified":"2023-03-22T15:57:39+00:00","breadcrumb":{"@id":"https:\/\/inzain.bike\/en_gb\/villkor-deltagande\/#breadcrumb"},"inLanguage":"fi","potentialAction":[{"@type":"ReadAction","target":["https:\/\/inzain.bike\/en_gb\/villkor-deltagande\/"]}]},{"@type":"BreadcrumbList","@id":"https:\/\/inzain.bike\/en_gb\/villkor-deltagande\/#breadcrumb","itemListElement":[{"@type":"ListItem","position":1,"name":"Hem","item":"https:\/\/inzain.bike\/fr_be\/"},{"@type":"ListItem","position":2,"name":"Villkor Deltagande"}]},{"@type":"WebSite","@id":"https:\/\/inzain.bike\/fr_be\/#website","url":"https:\/\/inzain.bike\/fr_be\/","name":"INZAIN Py\u00f6r\u00e4ily-KOKEMUKSIA","description":"Py\u00f6r\u00e4ilyseikkailut - kaikille","publisher":{"@id":"https:\/\/inzain.bike\/fr_be\/#organization"},"alternateName":"INZAIN Gravel & Travel","potentialAction":[{"@type":"SearchAction","target":{"@type":"EntryPoint","urlTemplate":"https:\/\/inzain.bike\/fr_be\/?s={search_term_string}"},"query-input":{"@type":"PropertyValueSpecification","valueRequired":true,"valueName":"search_term_string"}}],"inLanguage":"fi"},{"@type":"Organization","@id":"https:\/\/inzain.bike\/fr_be\/#organization","name":"INZAIN Py\u00f6r\u00e4ily-KOKEMUKSIA","url":"https:\/\/inzain.bike\/fr_be\/","logo":{"@type":"ImageObject","inLanguage":"fi","@id":"https:\/\/inzain.bike\/fr_be\/#\/schema\/logo\/image\/","url":"https:\/\/i0.wp.com\/inzain.bike\/wp-content\/uploads\/2023\/09\/cropped-INZAIN_512x512_white.png?fit=512%2C512&ssl=1","contentUrl":"https:\/\/i0.wp.com\/inzain.bike\/wp-content\/uploads\/2023\/09\/cropped-INZAIN_512x512_white.png?fit=512%2C512&ssl=1","width":512,"height":512,"caption":"INZAIN Cycling EXPERIENCES"},"image":{"@id":"https:\/\/inzain.bike\/fr_be\/#\/schema\/logo\/image\/"},"sameAs":["https:\/\/www.facebook.com\/Inzain.bike","https:\/\/www.instagram.com\/inzainbike"]}]}},"amp_enabled":true,"_links":{"self":[{"href":"https:\/\/inzain.bike\/fi\/wp-json\/wp\/v2\/pages\/1454","targetHints":{"allow":["GET"]}}],"collection":[{"href":"https:\/\/inzain.bike\/fi\/wp-json\/wp\/v2\/pages"}],"about":[{"href":"https:\/\/inzain.bike\/fi\/wp-json\/wp\/v2\/types\/page"}],"author":[{"embeddable":true,"href":"https:\/\/inzain.bike\/fi\/wp-json\/wp\/v2\/users\/135133094"}],"replies":[{"embeddable":true,"href":"https:\/\/inzain.bike\/fi\/wp-json\/wp\/v2\/comments?post=1454"}],"version-history":[{"count":0,"href":"https:\/\/inzain.bike\/fi\/wp-json\/wp\/v2\/pages\/1454\/revisions"}],"wp:attachment":[{"href":"https:\/\/inzain.bike\/fi\/wp-json\/wp\/v2\/media?parent=1454"}],"curies":[{"name":"wp","href":"https:\/\/api.w.org\/{rel}","templated":true}]}}