{"id":1585,"date":"2022-03-08T11:05:33","date_gmt":"2022-03-08T10:05:33","guid":{"rendered":"https:\/\/inzain.bike\/?page_id=1585"},"modified":"2024-03-10T14:31:42","modified_gmt":"2024-03-10T13:31:42","slug":"terms","status":"publish","type":"page","link":"https:\/\/inzain.bike\/fi\/terms\/","title":{"rendered":"Tapahtuman ehdot"},"content":{"rendered":"<h4 class=\"wp-block-heading\" id=\"dina-skyldigheter\"><strong>Sinun velvollisuutesi&nbsp;<\/strong><\/h4>\n\n\n\n<p><strong>Sinun tulee:<\/strong><\/p>\n\n\n\n<ul class=\"wp-block-list\">\n<li>Noudata oppaiden ohjeita koko kiertueen ajan<\/li>\n\n\n\n<li>K\u00e4yt\u00e4 kyp\u00e4r\u00e4\u00e4 py\u00f6r\u00e4illess\u00e4si<\/li>\n\n\n\n<li>\u00c4l\u00e4 aja py\u00f6r\u00e4ll\u00e4 alkoholin tai huumeiden vaikutuksen alaisena<\/li>\n\n\n\n<li>Varmista, ett\u00e4 sinulla on matkavakuutus, joka kattaa matkatavarat, py\u00f6r\u00e4ilyv\u00e4lineet ja sairauskulut.<\/li>\n<\/ul>\n\n\n\n<h4 class=\"wp-block-heading\" id=\"vara-rattigheter\"><strong>Meid\u00e4n oikeutemme<\/strong><\/h4>\n\n\n\n<p>Pid\u00e4t\u00e4mme oikeuden peruuttaa tai muuttaa matkasi milloin tahansa ennen l\u00e4ht\u00f6\u00e4 meist\u00e4 riippumattomien tapahtumien vuoksi, kuten, mutta ei rajoittuen:<\/p>\n\n\n\n<ul class=\"wp-block-list\">\n<li>Ylivoimainen este, tulva, kuivuus, ydinaseet, kemiallinen tai biologinen saastuminen, rakennusten romahtaminen, tulipalo, r\u00e4j\u00e4hdys tai onnettomuus (yhteisnimitys &quot;tapahtumat, jotka eiv\u00e4t ole hallinnassamme&quot;).<\/li>\n<\/ul>\n\n\n\n<p>Pid\u00e4t\u00e4mme my\u00f6s oikeuden peruuttaa tai muuttaa matkasi milloin tahansa ennen l\u00e4ht\u00f6\u00e4 (oman harkintamme mukaan), vaikka vakuutammekin, ett\u00e4 pyrimme tekem\u00e4\u00e4n niin vain, kun se on ehdottoman v\u00e4ltt\u00e4m\u00e4t\u00f6nt\u00e4.<\/p>\n\n\n\n<h4 class=\"wp-block-heading\" id=\"overfora-resan\"><strong>Siirr\u00e4 matka&nbsp;<\/strong><\/h4>\n\n\n\n<p>Jos liike- tai henkil\u00f6kohtainen h\u00e4t\u00e4tilanne est\u00e4\u00e4 sinua l\u00e4htem\u00e4st\u00e4 matkallesi, voit siirt\u00e4\u00e4 sen toiselle henkil\u00f6lle INZAINin hyv\u00e4ksytt\u00e4viksi. Jos henkil\u00f6 hyv\u00e4ksyt\u00e4\u00e4n, sin\u00e4 ja h\u00e4nen sijainen vastaatte kustannuksista.<br>INZAIN ei palauta maksua, ellei peruutusta tapahdu s\u00e4\u00e4detyn ajan kuluessa, katso kohta Hyvitykset.<\/p>\n\n\n\n<h4 class=\"wp-block-heading\" id=\"andringar-av-din-resa\"><strong>Muutoksia matkaasi<\/strong><\/h4>\n\n\n\n<p>Teemme parhaamme varmistaaksemme, ett\u00e4 matkasi reittisuunnitelmaa ei tarvitse muuttaa. Jos kuitenkin tapahtuu tapahtuma, joka ei ole meid\u00e4n hallinnassamme (emme ehk\u00e4 pysty seuraamaan mainostettuja reittej\u00e4 tai aikatauluja). Jos viiv\u00e4stymisest\u00e4, onnettomuudesta tai suunnitellun matkan h\u00e4iri\u00f6st\u00e4 aiheutuvat lis\u00e4kustannukset johtuvat meist\u00e4 riippumattomista tapahtumista, emme voi korvata sinulle t\u00e4llaisia kustannuksia.<\/p>\n\n\n\n<h4 class=\"wp-block-heading\" id=\"upphavande\"><strong>Kumota&nbsp;<\/strong><\/h4>\n\n\n\n<p><strong>Varaamalla:<\/strong><\/p>\n\n\n\n<ul class=\"wp-block-list\">\n<li>Hyv\u00e4ksyt, ett\u00e4 olet vastaanottanut ja lukenut kaikki tiedot, jotka olemme sinulle antaneet matkasta<\/li>\n\n\n\n<li>Hyv\u00e4ksyt, ett\u00e4 antamamme suositukset ilmastosta, vaatteista, erikoisvarusteista, topografiasta jne. ovat hyv\u00e4ss\u00e4 uskossa, mutta emme voi taata niiden tarkkuutta tai t\u00e4ydellisyytt\u00e4<\/li>\n\n\n\n<li>Hyv\u00e4ksyt, ett\u00e4 on sinun vastuullasi j\u00e4rjest\u00e4\u00e4 vakuutus, joka kattaa sinut koko matkan ajan<\/li>\n\n\n\n<li>Ymm\u00e4rr\u00e4t tietoisesi matkoidemme fyysisesti vaativuudesta ja hyv\u00e4ksyt matkoidemme riskit ja vaarat, mukaan lukien vaarat py\u00f6r\u00e4illess\u00e4 joko tiell\u00e4 tai maastossa sek\u00e4 kaikki riskit, jotka johtuvat (muun muassa) huonosta s\u00e4\u00e4st\u00e4 ja teiden vaihtelevasta kunnosta. ja\/tai raitoja<\/li>\n\n\n\n<li>Hyv\u00e4ksyy riskin (muun muassa) viiv\u00e4styksist\u00e4, muutoksista, omaisuuden katoamisesta tai vahingoittumisesta, haitasta ja haitasta<\/li>\n\n\n\n<li>Sen lis\u00e4ksi, ett\u00e4 hyv\u00e4ksyt alla olevan kohdan, osallistut matkaan ja ratsastaat omalla vastuullasi.<\/li>\n<\/ul>\n\n\n\n<h4 class=\"wp-block-heading\" id=\"tillamplig-lag-och-jurisdiktion\"><strong>Sovellettava laki ja toimivalta<\/strong><\/h4>\n\n\n\n<p>Kaikki riidat ratkaistaan seuraavasti: <a href=\"https:\/\/sccinstitute.se\/vara-tjanster\/forenklat-skiljeforfarande\/\">https:\/\/sccinstitute.se\/vara-tjanster\/forenklat-skiljeforfarande\/<\/a>\u2018&#039;\u2018<\/p>\n\n\n\n<p><strong>Sairaus<\/strong><\/p>\n\n\n\n<p>Osallistujana sinun tulee tarkistaa vakuutus, jotta se kattaa kustannukset, jos joudut peruuttamaan sairauden vuoksi. INZAIN ei ole vastuussa sairaustapausten korvaamisesta, jos se tapahtuu maksun suorittamisen j\u00e4lkeen<\/p>\n\n\n\n<p><strong>Maksun palautus<\/strong><\/p>\n\n\n\n<p>Varauksen yhteydess\u00e4 matka maksetaan. Jos p\u00e4\u00e4t\u00e4t peruuttaa, sovelletaan seuraavaa:<br>30%:t\u00e4 ei koskaan palauteta, se on varausmaksu.<br>70% palautetaan, jos peruutus tapahtuu viimeist\u00e4\u00e4n 120 p\u00e4iv\u00e4\u00e4 ennen l\u00e4ht\u00f6\u00e4, sen j\u00e4lkeen hyvityst\u00e4 ei palauteta.<\/p>\n\n\n\n<p><\/p>\n\n\n\n<p><\/p>","protected":false},"excerpt":{"rendered":"<p>Dina skyldigheter&nbsp; Du skall: V\u00e5ra r\u00e4ttigheter Vi f\u00f6rbeh\u00e5ller oss r\u00e4tten att avbryta eller \u00e4ndra din resa n\u00e4r som helst innan avresa p\u00e5 grund av h\u00e4ndelser utanf\u00f6r v\u00e5r kontroll, s\u00e5som men inte begr\u00e4nsat till: Vi f\u00f6rbeh\u00e5ller oss ocks\u00e5 r\u00e4tten att st\u00e4lla in eller \u00e4ndra din resa n\u00e4r som helst f\u00f6re avresa (efter eget godtycke), \u00e4ven om [&hellip;]<\/p>\n","protected":false},"author":135133094,"featured_media":0,"parent":0,"menu_order":0,"comment_status":"closed","ping_status":"closed","template":"","meta":{"_coblocks_attr":"","_coblocks_dimensions":"","_coblocks_responsive_height":"","_coblocks_accordion_ie_support":"","footnotes":""},"class_list":["post-1585","page","type-page","status-publish","hentry"],"yoast_head":"<!-- This site is optimized with the Yoast SEO plugin v27.2 - https:\/\/yoast.com\/product\/yoast-seo-wordpress\/ -->\n<title>Villkor f\u00f6r eventet - INZAIN Cycling EXPERIENCES<\/title>\n<meta name=\"robots\" content=\"index, follow, max-snippet:-1, max-image-preview:large, max-video-preview:-1\" \/>\n<link rel=\"canonical\" href=\"https:\/\/inzain.bike\/fi\/terms\/\" \/>\n<meta property=\"og:locale\" content=\"fi_FI\" \/>\n<meta property=\"og:type\" content=\"article\" \/>\n<meta property=\"og:title\" content=\"Villkor f\u00f6r eventet - INZAIN Cycling EXPERIENCES\" \/>\n<meta property=\"og:description\" content=\"Dina skyldigheter&nbsp; Du skall: V\u00e5ra r\u00e4ttigheter Vi f\u00f6rbeh\u00e5ller oss r\u00e4tten att avbryta eller \u00e4ndra din resa n\u00e4r som helst innan avresa p\u00e5 grund av h\u00e4ndelser utanf\u00f6r v\u00e5r kontroll, s\u00e5som men inte begr\u00e4nsat till: Vi f\u00f6rbeh\u00e5ller oss ocks\u00e5 r\u00e4tten att st\u00e4lla in eller \u00e4ndra din resa n\u00e4r som helst f\u00f6re avresa (efter eget godtycke), \u00e4ven om [&hellip;]\" \/>\n<meta property=\"og:url\" content=\"https:\/\/inzain.bike\/fi\/terms\/\" \/>\n<meta property=\"og:site_name\" content=\"INZAIN Cycling EXPERIENCES\" \/>\n<meta property=\"article:publisher\" content=\"https:\/\/www.facebook.com\/Inzain.bike\" \/>\n<meta property=\"article:modified_time\" content=\"2024-03-10T13:31:42+00:00\" \/>\n<meta name=\"twitter:card\" content=\"summary_large_image\" \/>\n<meta name=\"twitter:label1\" content=\"Arvioitu lukuaika\" \/>\n\t<meta name=\"twitter:data1\" content=\"3 minuuttia\" \/>\n<script type=\"application\/ld+json\" class=\"yoast-schema-graph\">{\"@context\":\"https:\/\/schema.org\",\"@graph\":[{\"@type\":\"WebPage\",\"@id\":\"https:\/\/inzain.bike\/nl_be\/terms\/\",\"url\":\"https:\/\/inzain.bike\/nl_be\/terms\/\",\"name\":\"Villkor f\u00f6r eventet - INZAIN Cycling EXPERIENCES\",\"isPartOf\":{\"@id\":\"https:\/\/inzain.bike\/fr_be\/#website\"},\"datePublished\":\"2022-03-08T10:05:33+00:00\",\"dateModified\":\"2024-03-10T13:31:42+00:00\",\"breadcrumb\":{\"@id\":\"https:\/\/inzain.bike\/nl_be\/terms\/#breadcrumb\"},\"inLanguage\":\"fi\",\"potentialAction\":[{\"@type\":\"ReadAction\",\"target\":[\"https:\/\/inzain.bike\/nl_be\/terms\/\"]}]},{\"@type\":\"BreadcrumbList\",\"@id\":\"https:\/\/inzain.bike\/nl_be\/terms\/#breadcrumb\",\"itemListElement\":[{\"@type\":\"ListItem\",\"position\":1,\"name\":\"Hem\",\"item\":\"https:\/\/inzain.bike\/fr_be\/\"},{\"@type\":\"ListItem\",\"position\":2,\"name\":\"Villkor f\u00f6r eventet\"}]},{\"@type\":\"WebSite\",\"@id\":\"https:\/\/inzain.bike\/fr_be\/#website\",\"url\":\"https:\/\/inzain.bike\/fr_be\/\",\"name\":\"INZAIN Cycling EXPERIENCES\",\"description\":\"Cyckling Adventures  - for everyone\",\"publisher\":{\"@id\":\"https:\/\/inzain.bike\/fr_be\/#organization\"},\"alternateName\":\"INZAIN Gravel & Travel\",\"potentialAction\":[{\"@type\":\"SearchAction\",\"target\":{\"@type\":\"EntryPoint\",\"urlTemplate\":\"https:\/\/inzain.bike\/fr_be\/?s={search_term_string}\"},\"query-input\":{\"@type\":\"PropertyValueSpecification\",\"valueRequired\":true,\"valueName\":\"search_term_string\"}}],\"inLanguage\":\"fi\"},{\"@type\":\"Organization\",\"@id\":\"https:\/\/inzain.bike\/fr_be\/#organization\",\"name\":\"INZAIN Cycling EXPERIENCES\",\"url\":\"https:\/\/inzain.bike\/fr_be\/\",\"logo\":{\"@type\":\"ImageObject\",\"inLanguage\":\"fi\",\"@id\":\"https:\/\/inzain.bike\/fr_be\/#\/schema\/logo\/image\/\",\"url\":\"https:\/\/i0.wp.com\/inzain.bike\/wp-content\/uploads\/2023\/09\/cropped-INZAIN_512x512_white.png?fit=512%2C512&ssl=1\",\"contentUrl\":\"https:\/\/i0.wp.com\/inzain.bike\/wp-content\/uploads\/2023\/09\/cropped-INZAIN_512x512_white.png?fit=512%2C512&ssl=1\",\"width\":512,\"height\":512,\"caption\":\"INZAIN Cycling EXPERIENCES\"},\"image\":{\"@id\":\"https:\/\/inzain.bike\/fr_be\/#\/schema\/logo\/image\/\"},\"sameAs\":[\"https:\/\/www.facebook.com\/Inzain.bike\",\"https:\/\/www.instagram.com\/inzainbike\"]}]}<\/script>\n<!-- \/ Yoast SEO plugin. -->","yoast_head_json":{"title":"Tapahtuman ehdot - INZAIN Cycling EXPERIENCES","robots":{"index":"index","follow":"follow","max-snippet":"max-snippet:-1","max-image-preview":"max-image-preview:large","max-video-preview":"max-video-preview:-1"},"canonical":"https:\/\/inzain.bike\/fi\/terms\/","og_locale":"fi_FI","og_type":"article","og_title":"Villkor f\u00f6r eventet - INZAIN Cycling EXPERIENCES","og_description":"Dina skyldigheter&nbsp; Du skall: V\u00e5ra r\u00e4ttigheter Vi f\u00f6rbeh\u00e5ller oss r\u00e4tten att avbryta eller \u00e4ndra din resa n\u00e4r som helst innan avresa p\u00e5 grund av h\u00e4ndelser utanf\u00f6r v\u00e5r kontroll, s\u00e5som men inte begr\u00e4nsat till: Vi f\u00f6rbeh\u00e5ller oss ocks\u00e5 r\u00e4tten att st\u00e4lla in eller \u00e4ndra din resa n\u00e4r som helst f\u00f6re avresa (efter eget godtycke), \u00e4ven om [&hellip;]","og_url":"https:\/\/inzain.bike\/fi\/terms\/","og_site_name":"INZAIN Cycling EXPERIENCES","article_publisher":"https:\/\/www.facebook.com\/Inzain.bike","article_modified_time":"2024-03-10T13:31:42+00:00","twitter_card":"summary_large_image","twitter_misc":{"Arvioitu lukuaika":"3 minuuttia"},"schema":{"@context":"https:\/\/schema.org","@graph":[{"@type":"WebPage","@id":"https:\/\/inzain.bike\/nl_be\/terms\/","url":"https:\/\/inzain.bike\/nl_be\/terms\/","name":"Tapahtuman ehdot - INZAIN Cycling EXPERIENCES","isPartOf":{"@id":"https:\/\/inzain.bike\/fr_be\/#website"},"datePublished":"2022-03-08T10:05:33+00:00","dateModified":"2024-03-10T13:31:42+00:00","breadcrumb":{"@id":"https:\/\/inzain.bike\/nl_be\/terms\/#breadcrumb"},"inLanguage":"fi","potentialAction":[{"@type":"ReadAction","target":["https:\/\/inzain.bike\/nl_be\/terms\/"]}]},{"@type":"BreadcrumbList","@id":"https:\/\/inzain.bike\/nl_be\/terms\/#breadcrumb","itemListElement":[{"@type":"ListItem","position":1,"name":"Hem","item":"https:\/\/inzain.bike\/fr_be\/"},{"@type":"ListItem","position":2,"name":"Villkor f\u00f6r eventet"}]},{"@type":"WebSite","@id":"https:\/\/inzain.bike\/fr_be\/#website","url":"https:\/\/inzain.bike\/fr_be\/","name":"INZAIN Py\u00f6r\u00e4ily-KOKEMUKSIA","description":"Py\u00f6r\u00e4ilyseikkailut - kaikille","publisher":{"@id":"https:\/\/inzain.bike\/fr_be\/#organization"},"alternateName":"INZAIN Gravel & Travel","potentialAction":[{"@type":"SearchAction","target":{"@type":"EntryPoint","urlTemplate":"https:\/\/inzain.bike\/fr_be\/?s={search_term_string}"},"query-input":{"@type":"PropertyValueSpecification","valueRequired":true,"valueName":"search_term_string"}}],"inLanguage":"fi"},{"@type":"Organization","@id":"https:\/\/inzain.bike\/fr_be\/#organization","name":"INZAIN Py\u00f6r\u00e4ily-KOKEMUKSIA","url":"https:\/\/inzain.bike\/fr_be\/","logo":{"@type":"ImageObject","inLanguage":"fi","@id":"https:\/\/inzain.bike\/fr_be\/#\/schema\/logo\/image\/","url":"https:\/\/i0.wp.com\/inzain.bike\/wp-content\/uploads\/2023\/09\/cropped-INZAIN_512x512_white.png?fit=512%2C512&ssl=1","contentUrl":"https:\/\/i0.wp.com\/inzain.bike\/wp-content\/uploads\/2023\/09\/cropped-INZAIN_512x512_white.png?fit=512%2C512&ssl=1","width":512,"height":512,"caption":"INZAIN Cycling EXPERIENCES"},"image":{"@id":"https:\/\/inzain.bike\/fr_be\/#\/schema\/logo\/image\/"},"sameAs":["https:\/\/www.facebook.com\/Inzain.bike","https:\/\/www.instagram.com\/inzainbike"]}]}},"amp_enabled":true,"_links":{"self":[{"href":"https:\/\/inzain.bike\/fi\/wp-json\/wp\/v2\/pages\/1585","targetHints":{"allow":["GET"]}}],"collection":[{"href":"https:\/\/inzain.bike\/fi\/wp-json\/wp\/v2\/pages"}],"about":[{"href":"https:\/\/inzain.bike\/fi\/wp-json\/wp\/v2\/types\/page"}],"author":[{"embeddable":true,"href":"https:\/\/inzain.bike\/fi\/wp-json\/wp\/v2\/users\/135133094"}],"replies":[{"embeddable":true,"href":"https:\/\/inzain.bike\/fi\/wp-json\/wp\/v2\/comments?post=1585"}],"version-history":[{"count":0,"href":"https:\/\/inzain.bike\/fi\/wp-json\/wp\/v2\/pages\/1585\/revisions"}],"wp:attachment":[{"href":"https:\/\/inzain.bike\/fi\/wp-json\/wp\/v2\/media?parent=1585"}],"curies":[{"name":"wp","href":"https:\/\/api.w.org\/{rel}","templated":true}]}}