{"id":1969,"date":"2022-10-02T18:06:05","date_gmt":"2022-10-02T16:06:05","guid":{"rendered":"https:\/\/inzain.bike\/?page_id=1969"},"modified":"2023-06-09T09:00:18","modified_gmt":"2023-06-09T07:00:18","slug":"dalsland-gravel-camp","status":"publish","type":"page","link":"https:\/\/inzain.bike\/fi\/dalsland-gravel-camp\/","title":{"rendered":"Dalslandin soraleiri"},"content":{"rendered":"<p>Tervetuloa fantastiseen sorapy\u00f6r\u00e4ilyviikonloppuun Dalslandiin.<\/p>\n\n\n\n<figure class=\"wp-block-image size-full\"><img loading=\"lazy\" decoding=\"async\" width=\"945\" height=\"630\" src=\"https:\/\/inzain.bike\/wp-content\/uploads\/2022\/10\/dalsland2.webp\" alt=\"\" class=\"wp-image-1976\" srcset=\"https:\/\/inzain.bike\/wp-content\/uploads\/2022\/10\/dalsland2.webp 945w, https:\/\/inzain.bike\/wp-content\/uploads\/2022\/10\/dalsland2-300x200.webp 300w, https:\/\/inzain.bike\/wp-content\/uploads\/2022\/10\/dalsland2-768x512.webp 768w, https:\/\/inzain.bike\/wp-content\/uploads\/2022\/10\/dalsland2-18x12.webp 18w, https:\/\/inzain.bike\/wp-content\/uploads\/2022\/10\/dalsland2-600x400.webp 600w\" sizes=\"auto, (max-width: 945px) 100vw, 945px\" \/><\/figure>\n\n\n\n<p><strong>Kun<\/strong>: 17.\u201318.6.2023.<br><strong>Miss\u00e4<\/strong>: Dalsland<br><strong>Miten<\/strong>: Soraleiri upeilla teill\u00e4<br><strong>Nukkua<\/strong>: Olemme varanneet useita huoneita osoitteessa <a href=\"https:\/\/www.kroppefjall.com\/\">Kehon vaa&#039;at<\/a><br><strong>Mukana<\/strong>: Osallistuminen on ilmaista, mutta olemme j\u00e4rjest\u00e4neet halukkaille majoituspaketit,<br>majoitus, aamiainen ja illallinen lauantai-ilta sis\u00e4ltyy siihen. Maksat lounaan ja kahvin retkill\u00e4 itse<br><strong>Hinta<\/strong>: 1 150 kr per henkil\u00f6, +300 kr yhden hengen huone, ylim\u00e4\u00e4r\u00e4inen y\u00f6 (645 kr osa kahden hengen huone 895 kr yhden hengen huone). Jos haluat vain sy\u00f6d\u00e4 kolmen ruokalajin illallisen, se on hyv\u00e4. Se maksaa 495 kruunua. Vesi sis\u00e4ltyy illalliseen, alkoholittomia juomia voi ostaa, jos haluaa alkoholia, se on tuotava itse.<\/p>\n\n\n\n<figure class=\"wp-block-embed is-type-video is-provider-youtube wp-block-embed-youtube wp-embed-aspect-16-9 wp-has-aspect-ratio\"><div class=\"wp-block-embed__wrapper\">\n<iframe loading=\"lazy\" title=\"Takaisin luontoon - Dalsland, L\u00e4nsi-Ruotsi\" width=\"500\" height=\"281\" src=\"https:\/\/www.youtube.com\/embed\/NADfCRF_mcU?feature=oembed\" frameborder=\"0\" allow=\"accelerometer; autoplay; clipboard-write; encrypted-media; gyroscope; picture-in-picture; web-share\" referrerpolicy=\"strict-origin-when-cross-origin\" allowfullscreen><\/iframe>\n<\/div><\/figure>\n\n\n\n<p><strong>Mit\u00e4 voit odottaa?<\/strong><\/p>\n\n\n\n<p>Ihana viikonloppu upeilla hiekkateill\u00e4 ja hyv\u00e4ss\u00e4 seurassa. Asumme mukavasti, veden \u00e4\u00e4rell\u00e4 ja meill\u00e4 on p\u00e4\u00e4sy kylpyyn ja saunaan. Illallinen valmistetaan ulkona paikallisista tuotteista ja maistuu upealta. Jos haluat juoda olutta tai viini\u00e4, tuo se itse. Voidaan haluttaessa s\u00e4ilytt\u00e4\u00e4 j\u00e4\u00e4kaapissa.<\/p>\n\n\n\n<div class=\"wp-block-jetpack-tiled-gallery aligncenter is-style-rectangular\"><div class=\"tiled-gallery__gallery\"><div class=\"tiled-gallery__row\"><div class=\"tiled-gallery__col\" style=\"flex-basis:66.24822%\"><figure class=\"tiled-gallery__item\"><img decoding=\"async\" alt=\"\" data-height=\"3900\" data-id=\"2048\" data-link=\"https:\/\/inzain.bike\/dalsland-gravel-camp\/pexels-daniel-torobekov-5694144\/\" data-url=\"https:\/\/inzain.bike\/wp-content\/uploads\/2022\/10\/pexels-daniel-torobekov-5694144-1010x1024.jpg\" data-width=\"3845\" src=\"https:\/\/i2.wp.com\/inzain.bike\/wp-content\/uploads\/2022\/10\/pexels-daniel-torobekov-5694144-1010x1024.jpg?ssl=1\" data-amp-layout=\"responsive\"\/><\/figure><\/div><div class=\"tiled-gallery__col\" style=\"flex-basis:33.75178%\"><figure class=\"tiled-gallery__item\"><img decoding=\"async\" alt=\"\" data-height=\"1707\" data-id=\"2049\" data-link=\"https:\/\/inzain.bike\/dalsland-gravel-camp\/dalsland_bastu\/\" data-url=\"https:\/\/inzain.bike\/wp-content\/uploads\/2022\/10\/dalsland_bastu-1024x683.jpeg\" data-width=\"2560\" src=\"https:\/\/i2.wp.com\/inzain.bike\/wp-content\/uploads\/2022\/10\/dalsland_bastu-1024x683.jpeg?ssl=1\" data-amp-layout=\"responsive\"\/><\/figure><figure class=\"tiled-gallery__item\"><img decoding=\"async\" alt=\"\" data-height=\"1136\" data-id=\"2051\" data-link=\"https:\/\/inzain.bike\/dalsland-gravel-camp\/dalsland_mat\/\" data-url=\"https:\/\/inzain.bike\/wp-content\/uploads\/2022\/10\/dalsland_mat-1024x568.jpg\" data-width=\"2048\" src=\"https:\/\/i1.wp.com\/inzain.bike\/wp-content\/uploads\/2022\/10\/dalsland_mat-1024x568.jpg?ssl=1\" data-amp-layout=\"responsive\"\/><\/figure><figure class=\"tiled-gallery__item\"><img decoding=\"async\" alt=\"\" data-height=\"283\" data-id=\"2053\" data-link=\"https:\/\/inzain.bike\/dalsland-gravel-camp\/dalsland5-1\/\" data-url=\"https:\/\/inzain.bike\/wp-content\/uploads\/2022\/10\/dalsland5-1.png\" data-width=\"377\" src=\"https:\/\/i1.wp.com\/inzain.bike\/wp-content\/uploads\/2022\/10\/dalsland5-1.png?ssl=1\" data-amp-layout=\"responsive\"\/><\/figure><\/div><\/div><\/div><\/div>\n\n\n\n<p><br><\/p>\n\n\n\n<figure class=\"wp-block-image size-full\"><img loading=\"lazy\" decoding=\"async\" width=\"945\" height=\"630\" src=\"https:\/\/inzain.bike\/wp-content\/uploads\/2022\/10\/dalsland3.webp\" alt=\"\" class=\"wp-image-1977\" srcset=\"https:\/\/inzain.bike\/wp-content\/uploads\/2022\/10\/dalsland3.webp 945w, https:\/\/inzain.bike\/wp-content\/uploads\/2022\/10\/dalsland3-300x200.webp 300w, https:\/\/inzain.bike\/wp-content\/uploads\/2022\/10\/dalsland3-768x512.webp 768w, https:\/\/inzain.bike\/wp-content\/uploads\/2022\/10\/dalsland3-18x12.webp 18w, https:\/\/inzain.bike\/wp-content\/uploads\/2022\/10\/dalsland3-600x400.webp 600w\" sizes=\"auto, (max-width: 945px) 100vw, 945px\" \/><\/figure>\n\n\n\n<p><br><strong>Dalslandsin kanava<\/strong><\/p>\n\n\n\n<p>Dalslandin kanava on fantastinen labyrintti suurten ja pienten j\u00e4rvien, jokien ja mutkaisten kanavakantojen kanssa Dalslandissa. Kanava on suuri veneily- ja melonta-alue. Vain yksi kilometri on kaivettu tai r\u00e4j\u00e4ytetty kanava, loput on 24 mailia pitk\u00e4 purjehduskelpoinen j\u00e4rvij\u00e4rjestelm\u00e4 V\u00e4nernin K\u00f6pmannebron ja Norjan rajan v\u00e4lill\u00e4. Dalslandin kanava valmistui vuosina 1864-1868. T\u00f6it\u00e4 johti kuuluisa kanavanrakentaja Nils Ericson. P\u00e4\u00e4n\u00e4ht\u00e4vyys on H\u00e5verudissa sijaitseva akvedukti.<\/p>\n\n\n\n<figure class=\"wp-block-image size-full\"><img loading=\"lazy\" decoding=\"async\" width=\"800\" height=\"800\" src=\"https:\/\/inzain.bike\/wp-content\/uploads\/2022\/10\/dalsland6.jpg\" alt=\"\" class=\"wp-image-2038\" srcset=\"https:\/\/inzain.bike\/wp-content\/uploads\/2022\/10\/dalsland6.jpg 800w, https:\/\/inzain.bike\/wp-content\/uploads\/2022\/10\/dalsland6-300x300.jpg 300w, https:\/\/inzain.bike\/wp-content\/uploads\/2022\/10\/dalsland6-150x150.jpg 150w, https:\/\/inzain.bike\/wp-content\/uploads\/2022\/10\/dalsland6-768x768.jpg 768w, https:\/\/inzain.bike\/wp-content\/uploads\/2022\/10\/dalsland6-12x12.jpg 12w, https:\/\/inzain.bike\/wp-content\/uploads\/2022\/10\/dalsland6-600x600.jpg 600w, https:\/\/inzain.bike\/wp-content\/uploads\/2022\/10\/dalsland6-100x100.jpg 100w\" sizes=\"auto, (max-width: 800px) 100vw, 800px\" \/><\/figure>\n\n\n\n<p><br><strong>lauantai<\/strong> <br>Aloitamme Skogista Famshedenin, Blikseudin ja Gullesbyn yli ja siirrymme sitten laajaan kulttuurimaisemaan kohti Br\u00e5landaa. Siell\u00e4 sy\u00f6mme lounaan ennen kuin jatkamme S\u00f6rhagenin ja Luserupin yli kohti Uddenia. Muutaman kuvan j\u00e4lkeen jatketaan V\u00e4nernin rantaa pitkin Mellerudille ja sitten takaisin laitokseen ansaitulle oluelle ja parempaan illalliseen.<\/p>\n\n\n\n<figure class=\"wp-block-image size-large\"><img loading=\"lazy\" decoding=\"async\" width=\"1024\" height=\"685\" src=\"https:\/\/inzain.bike\/wp-content\/uploads\/2022\/10\/dalsland4-1024x685.jpg\" alt=\"\" class=\"wp-image-2034\" srcset=\"https:\/\/inzain.bike\/wp-content\/uploads\/2022\/10\/dalsland4-1024x685.jpg 1024w, https:\/\/inzain.bike\/wp-content\/uploads\/2022\/10\/dalsland4-300x201.jpg 300w, https:\/\/inzain.bike\/wp-content\/uploads\/2022\/10\/dalsland4-768x514.jpg 768w, https:\/\/inzain.bike\/wp-content\/uploads\/2022\/10\/dalsland4-18x12.jpg 18w, https:\/\/inzain.bike\/wp-content\/uploads\/2022\/10\/dalsland4-600x402.jpg 600w, https:\/\/inzain.bike\/wp-content\/uploads\/2022\/10\/dalsland4.jpg 1200w\" sizes=\"auto, (max-width: 1024px) 100vw, 1024px\" \/><\/figure>\n\n\n<p><iframe style=\"width: 1px; min-width: 100%; height: 700px; border: none;\" src=\"https:\/\/ridewithgps.com\/embeds?type=route&amp;id=41058165&amp;title=Dalsland%20L%C3%B6rdag&amp;metricUnits=true&amp;sampleGraph=true&amp;distanceMarkers=true&amp;privacyCode=H6LHVljgNwVKkWPA\" scrolling=\"no\"><\/iframe><\/p>\n\n\n<p><strong>sunnuntai<\/strong> <br>Menemme pohjoiseen, kanavan suuntaan. Linderydin j\u00e4lkeen seuraamme Svanfjordenia ja aloitamme kiertueemme \u00c5nimmen ymp\u00e4rill\u00e4. Kilometrill\u00e4 40 juomme kahvit Larssons G\u00e5rdsbutikissa. Saavumme Str\u00f6mmensin slussiin 45 km:n j\u00e4lkeen matkallamme H\u00e5verudiin ja sen kuuluisalle kanavalle. Lounaamme savustamolla ja nautimme kanavasta. Ajamme Svankilan luonnonsuojelualueen l\u00e4pi, ohitamme Sk\u00e5llerudin ja sitten takaisin kohti Kroppefj\u00e4lli\u00e4.<\/p>\n\n\n\n<p><iframe src=\"https:\/\/ridewithgps.com\/embeds?type=route&amp;id=43216379&amp;metricUnits=true&amp;sampleGraph=true&amp;privacyCode=t7tn8sUq9wDh4zW3\" style=\"width: 1px; min-width: 100%; height: 700px; border: none;\" scrolling=\"no\"><\/iframe><\/p>\n\n\n\n<figure class=\"wp-block-image size-large\"><img loading=\"lazy\" decoding=\"async\" width=\"1024\" height=\"683\" src=\"https:\/\/inzain.bike\/wp-content\/uploads\/2022\/10\/dalsland1-1024x683.jpg\" alt=\"\" class=\"wp-image-1978\" srcset=\"https:\/\/inzain.bike\/wp-content\/uploads\/2022\/10\/dalsland1-1024x683.jpg 1024w, https:\/\/inzain.bike\/wp-content\/uploads\/2022\/10\/dalsland1-300x200.jpg 300w, https:\/\/inzain.bike\/wp-content\/uploads\/2022\/10\/dalsland1-768x512.jpg 768w, https:\/\/inzain.bike\/wp-content\/uploads\/2022\/10\/dalsland1-18x12.jpg 18w, https:\/\/inzain.bike\/wp-content\/uploads\/2022\/10\/dalsland1-600x400.jpg 600w, https:\/\/inzain.bike\/wp-content\/uploads\/2022\/10\/dalsland1.jpg 1080w\" sizes=\"auto, (max-width: 1024px) 100vw, 1024px\" \/><\/figure>\n\n\n\n<h6 class=\"wp-block-heading\"><strong>Py\u00f6r\u00e4ilemme Grusets V\u00e4nnerin periaatteiden mukaan.<\/strong><\/h6>\n\n\n\n<p>Py\u00f6r\u00e4ilemme pit\u00e4\u00e4ksemme hauskaa, v\u00e4li\u00e4 ei ole, eik\u00e4 kyse ole nopeimmasta py\u00f6r\u00e4ilyst\u00e4 vaan parhaan kokemuksen saamisesta. Jos haluat tuhlata, se on tietysti hyv\u00e4, odotat edelleen. Voimme my\u00f6s jakaa ryhm\u00e4n, jos se osoittautuu paremmaksi. Oppaillamme on paljon kokemusta n\u00e4iden retkien j\u00e4rjest\u00e4misest\u00e4 ja pit\u00e4misest\u00e4.<\/p>\n\n\n\n<p>* Ket\u00e4\u00e4n ei j\u00e4tet\u00e4 yksin, kaikkien on liitytt\u00e4v\u00e4<br>* Pomppiminen sujuu hyvin, odota my\u00f6hemmin<br>* Huolehdimme ja autamme toisiamme punkkien tai muiden asioiden sattuessa.<br>* Py\u00f6r\u00e4ilemme turvallisesti ja pid\u00e4mme et\u00e4isyytt\u00e4, muista kolmen sekunnin s\u00e4\u00e4nt\u00f6.<br>* Kyse on mukavan p\u00e4iv\u00e4n pit\u00e4misest\u00e4.<\/p>\n\n\n\n<h6 class=\"wp-block-heading\">Ilmoittautuminen suljettu<\/h6>","protected":false},"excerpt":{"rendered":"<p>V\u00e4lkommen till en fantastisk helg med gravel cykling i Dalsland. N\u00e4r: 17-18 juni 2023.Var: DalslandHur: Gravel Camp p\u00e5 fantastiska v\u00e4garSova: Vi har bokat ett antal rum p\u00e5 Kroppefj\u00e4llIng\u00e5r: Att delta \u00e4r kostnadsfritt men vi ordnat med boendepaket f\u00f6r de som vill,boende, frukost och middag l\u00f6rdag kv\u00e4ll ing\u00e5r i det. Lunch och fika p\u00e5 turerna betalar [&hellip;]<\/p>\n","protected":false},"author":135133094,"featured_media":0,"parent":0,"menu_order":0,"comment_status":"closed","ping_status":"closed","template":"","meta":{"_coblocks_attr":"","_coblocks_dimensions":"","_coblocks_responsive_height":"","_coblocks_accordion_ie_support":"","footnotes":""},"class_list":["post-1969","page","type-page","status-publish","hentry"],"yoast_head":"<!-- This site is optimized with the Yoast SEO plugin v27.2 - https:\/\/yoast.com\/product\/yoast-seo-wordpress\/ -->\n<title>Dalsland Gravel Camp - INZAIN Cycling EXPERIENCES<\/title>\n<meta name=\"robots\" content=\"index, follow, max-snippet:-1, max-image-preview:large, max-video-preview:-1\" \/>\n<link rel=\"canonical\" href=\"https:\/\/inzain.bike\/fi\/dalsland-gravel-camp\/\" \/>\n<meta property=\"og:locale\" content=\"fi_FI\" \/>\n<meta property=\"og:type\" content=\"article\" \/>\n<meta property=\"og:title\" content=\"Dalsland Gravel Camp - INZAIN Cycling EXPERIENCES\" \/>\n<meta property=\"og:description\" content=\"V\u00e4lkommen till en fantastisk helg med gravel cykling i Dalsland. N\u00e4r: 17-18 juni 2023.Var: DalslandHur: Gravel Camp p\u00e5 fantastiska v\u00e4garSova: Vi har bokat ett antal rum p\u00e5 Kroppefj\u00e4llIng\u00e5r: Att delta \u00e4r kostnadsfritt men vi ordnat med boendepaket f\u00f6r de som vill,boende, frukost och middag l\u00f6rdag kv\u00e4ll ing\u00e5r i det. Lunch och fika p\u00e5 turerna betalar [&hellip;]\" \/>\n<meta property=\"og:url\" content=\"https:\/\/inzain.bike\/fi\/dalsland-gravel-camp\/\" \/>\n<meta property=\"og:site_name\" content=\"INZAIN Cycling EXPERIENCES\" \/>\n<meta property=\"article:publisher\" content=\"https:\/\/www.facebook.com\/Inzain.bike\" \/>\n<meta property=\"article:modified_time\" content=\"2023-06-09T07:00:18+00:00\" \/>\n<meta property=\"og:image\" content=\"https:\/\/inzain.bike\/wp-content\/uploads\/2022\/10\/dalsland2.webp\" \/>\n<meta name=\"twitter:card\" content=\"summary_large_image\" \/>\n<meta name=\"twitter:label1\" content=\"Arvioitu lukuaika\" \/>\n\t<meta name=\"twitter:data1\" content=\"3 minuuttia\" \/>\n<script type=\"application\/ld+json\" class=\"yoast-schema-graph\">{\"@context\":\"https:\/\/schema.org\",\"@graph\":[{\"@type\":\"WebPage\",\"@id\":\"https:\/\/inzain.bike\/fr_be\/dalsland-gravel-camp\/\",\"url\":\"https:\/\/inzain.bike\/fr_be\/dalsland-gravel-camp\/\",\"name\":\"Dalsland Gravel Camp - INZAIN Cycling EXPERIENCES\",\"isPartOf\":{\"@id\":\"https:\/\/inzain.bike\/fr_be\/#website\"},\"primaryImageOfPage\":{\"@id\":\"https:\/\/inzain.bike\/fr_be\/dalsland-gravel-camp\/#primaryimage\"},\"image\":{\"@id\":\"https:\/\/inzain.bike\/fr_be\/dalsland-gravel-camp\/#primaryimage\"},\"thumbnailUrl\":\"https:\/\/inzain.bike\/wp-content\/uploads\/2022\/10\/dalsland2.webp\",\"datePublished\":\"2022-10-02T16:06:05+00:00\",\"dateModified\":\"2023-06-09T07:00:18+00:00\",\"breadcrumb\":{\"@id\":\"https:\/\/inzain.bike\/fr_be\/dalsland-gravel-camp\/#breadcrumb\"},\"inLanguage\":\"fi\",\"potentialAction\":[{\"@type\":\"ReadAction\",\"target\":[\"https:\/\/inzain.bike\/fr_be\/dalsland-gravel-camp\/\"]}]},{\"@type\":\"ImageObject\",\"inLanguage\":\"fi\",\"@id\":\"https:\/\/inzain.bike\/fr_be\/dalsland-gravel-camp\/#primaryimage\",\"url\":\"https:\/\/inzain.bike\/wp-content\/uploads\/2022\/10\/dalsland2.webp\",\"contentUrl\":\"https:\/\/inzain.bike\/wp-content\/uploads\/2022\/10\/dalsland2.webp\"},{\"@type\":\"BreadcrumbList\",\"@id\":\"https:\/\/inzain.bike\/fr_be\/dalsland-gravel-camp\/#breadcrumb\",\"itemListElement\":[{\"@type\":\"ListItem\",\"position\":1,\"name\":\"Hem\",\"item\":\"https:\/\/inzain.bike\/fr_be\/\"},{\"@type\":\"ListItem\",\"position\":2,\"name\":\"Dalsland Gravel Camp\"}]},{\"@type\":\"WebSite\",\"@id\":\"https:\/\/inzain.bike\/fr_be\/#website\",\"url\":\"https:\/\/inzain.bike\/fr_be\/\",\"name\":\"INZAIN Cycling EXPERIENCES\",\"description\":\"Cyckling Adventures  - for everyone\",\"publisher\":{\"@id\":\"https:\/\/inzain.bike\/fr_be\/#organization\"},\"alternateName\":\"INZAIN Gravel & Travel\",\"potentialAction\":[{\"@type\":\"SearchAction\",\"target\":{\"@type\":\"EntryPoint\",\"urlTemplate\":\"https:\/\/inzain.bike\/fr_be\/?s={search_term_string}\"},\"query-input\":{\"@type\":\"PropertyValueSpecification\",\"valueRequired\":true,\"valueName\":\"search_term_string\"}}],\"inLanguage\":\"fi\"},{\"@type\":\"Organization\",\"@id\":\"https:\/\/inzain.bike\/fr_be\/#organization\",\"name\":\"INZAIN Cycling EXPERIENCES\",\"url\":\"https:\/\/inzain.bike\/fr_be\/\",\"logo\":{\"@type\":\"ImageObject\",\"inLanguage\":\"fi\",\"@id\":\"https:\/\/inzain.bike\/fr_be\/#\/schema\/logo\/image\/\",\"url\":\"https:\/\/i0.wp.com\/inzain.bike\/wp-content\/uploads\/2023\/09\/cropped-INZAIN_512x512_white.png?fit=512%2C512&ssl=1\",\"contentUrl\":\"https:\/\/i0.wp.com\/inzain.bike\/wp-content\/uploads\/2023\/09\/cropped-INZAIN_512x512_white.png?fit=512%2C512&ssl=1\",\"width\":512,\"height\":512,\"caption\":\"INZAIN Cycling EXPERIENCES\"},\"image\":{\"@id\":\"https:\/\/inzain.bike\/fr_be\/#\/schema\/logo\/image\/\"},\"sameAs\":[\"https:\/\/www.facebook.com\/Inzain.bike\",\"https:\/\/www.instagram.com\/inzainbike\"]}]}<\/script>\n<!-- \/ Yoast SEO plugin. -->","yoast_head_json":{"title":"Dalslandin soratie - INZAIN Cycling EXPERIENCES","robots":{"index":"index","follow":"follow","max-snippet":"max-snippet:-1","max-image-preview":"max-image-preview:large","max-video-preview":"max-video-preview:-1"},"canonical":"https:\/\/inzain.bike\/fi\/dalsland-gravel-camp\/","og_locale":"fi_FI","og_type":"article","og_title":"Dalsland Gravel Camp - INZAIN Cycling EXPERIENCES","og_description":"V\u00e4lkommen till en fantastisk helg med gravel cykling i Dalsland. N\u00e4r: 17-18 juni 2023.Var: DalslandHur: Gravel Camp p\u00e5 fantastiska v\u00e4garSova: Vi har bokat ett antal rum p\u00e5 Kroppefj\u00e4llIng\u00e5r: Att delta \u00e4r kostnadsfritt men vi ordnat med boendepaket f\u00f6r de som vill,boende, frukost och middag l\u00f6rdag kv\u00e4ll ing\u00e5r i det. Lunch och fika p\u00e5 turerna betalar [&hellip;]","og_url":"https:\/\/inzain.bike\/fi\/dalsland-gravel-camp\/","og_site_name":"INZAIN Cycling EXPERIENCES","article_publisher":"https:\/\/www.facebook.com\/Inzain.bike","article_modified_time":"2023-06-09T07:00:18+00:00","og_image":[{"url":"https:\/\/inzain.bike\/wp-content\/uploads\/2022\/10\/dalsland2.webp","type":"","width":"","height":""}],"twitter_card":"summary_large_image","twitter_misc":{"Arvioitu lukuaika":"3 minuuttia"},"schema":{"@context":"https:\/\/schema.org","@graph":[{"@type":"WebPage","@id":"https:\/\/inzain.bike\/fr_be\/dalsland-gravel-camp\/","url":"https:\/\/inzain.bike\/fr_be\/dalsland-gravel-camp\/","name":"Dalslandin soratie - INZAIN Cycling EXPERIENCES","isPartOf":{"@id":"https:\/\/inzain.bike\/fr_be\/#website"},"primaryImageOfPage":{"@id":"https:\/\/inzain.bike\/fr_be\/dalsland-gravel-camp\/#primaryimage"},"image":{"@id":"https:\/\/inzain.bike\/fr_be\/dalsland-gravel-camp\/#primaryimage"},"thumbnailUrl":"https:\/\/inzain.bike\/wp-content\/uploads\/2022\/10\/dalsland2.webp","datePublished":"2022-10-02T16:06:05+00:00","dateModified":"2023-06-09T07:00:18+00:00","breadcrumb":{"@id":"https:\/\/inzain.bike\/fr_be\/dalsland-gravel-camp\/#breadcrumb"},"inLanguage":"fi","potentialAction":[{"@type":"ReadAction","target":["https:\/\/inzain.bike\/fr_be\/dalsland-gravel-camp\/"]}]},{"@type":"ImageObject","inLanguage":"fi","@id":"https:\/\/inzain.bike\/fr_be\/dalsland-gravel-camp\/#primaryimage","url":"https:\/\/inzain.bike\/wp-content\/uploads\/2022\/10\/dalsland2.webp","contentUrl":"https:\/\/inzain.bike\/wp-content\/uploads\/2022\/10\/dalsland2.webp"},{"@type":"BreadcrumbList","@id":"https:\/\/inzain.bike\/fr_be\/dalsland-gravel-camp\/#breadcrumb","itemListElement":[{"@type":"ListItem","position":1,"name":"Hem","item":"https:\/\/inzain.bike\/fr_be\/"},{"@type":"ListItem","position":2,"name":"Dalsland Gravel Camp"}]},{"@type":"WebSite","@id":"https:\/\/inzain.bike\/fr_be\/#website","url":"https:\/\/inzain.bike\/fr_be\/","name":"INZAIN Py\u00f6r\u00e4ily-KOKEMUKSIA","description":"Py\u00f6r\u00e4ilyseikkailut - kaikille","publisher":{"@id":"https:\/\/inzain.bike\/fr_be\/#organization"},"alternateName":"INZAIN Gravel & Travel","potentialAction":[{"@type":"SearchAction","target":{"@type":"EntryPoint","urlTemplate":"https:\/\/inzain.bike\/fr_be\/?s={search_term_string}"},"query-input":{"@type":"PropertyValueSpecification","valueRequired":true,"valueName":"search_term_string"}}],"inLanguage":"fi"},{"@type":"Organization","@id":"https:\/\/inzain.bike\/fr_be\/#organization","name":"INZAIN Py\u00f6r\u00e4ily-KOKEMUKSIA","url":"https:\/\/inzain.bike\/fr_be\/","logo":{"@type":"ImageObject","inLanguage":"fi","@id":"https:\/\/inzain.bike\/fr_be\/#\/schema\/logo\/image\/","url":"https:\/\/i0.wp.com\/inzain.bike\/wp-content\/uploads\/2023\/09\/cropped-INZAIN_512x512_white.png?fit=512%2C512&ssl=1","contentUrl":"https:\/\/i0.wp.com\/inzain.bike\/wp-content\/uploads\/2023\/09\/cropped-INZAIN_512x512_white.png?fit=512%2C512&ssl=1","width":512,"height":512,"caption":"INZAIN Cycling EXPERIENCES"},"image":{"@id":"https:\/\/inzain.bike\/fr_be\/#\/schema\/logo\/image\/"},"sameAs":["https:\/\/www.facebook.com\/Inzain.bike","https:\/\/www.instagram.com\/inzainbike"]}]}},"amp_enabled":true,"_links":{"self":[{"href":"https:\/\/inzain.bike\/fi\/wp-json\/wp\/v2\/pages\/1969","targetHints":{"allow":["GET"]}}],"collection":[{"href":"https:\/\/inzain.bike\/fi\/wp-json\/wp\/v2\/pages"}],"about":[{"href":"https:\/\/inzain.bike\/fi\/wp-json\/wp\/v2\/types\/page"}],"author":[{"embeddable":true,"href":"https:\/\/inzain.bike\/fi\/wp-json\/wp\/v2\/users\/135133094"}],"replies":[{"embeddable":true,"href":"https:\/\/inzain.bike\/fi\/wp-json\/wp\/v2\/comments?post=1969"}],"version-history":[{"count":0,"href":"https:\/\/inzain.bike\/fi\/wp-json\/wp\/v2\/pages\/1969\/revisions"}],"wp:attachment":[{"href":"https:\/\/inzain.bike\/fi\/wp-json\/wp\/v2\/media?parent=1969"}],"curies":[{"name":"wp","href":"https:\/\/api.w.org\/{rel}","templated":true}]}}