{"id":1994,"date":"2022-10-02T18:37:40","date_gmt":"2022-10-02T16:37:40","guid":{"rendered":"https:\/\/inzain.bike\/?page_id=1994"},"modified":"2023-07-12T09:01:13","modified_gmt":"2023-07-12T07:01:13","slug":"finland-gravel-randonee","status":"publish","type":"page","link":"https:\/\/inzain.bike\/fi\/finland-gravel-randonee\/","title":{"rendered":"Suomi Sora Randone\u00e9"},"content":{"rendered":"<p>Tervetuloa upealle soramatkalle Suomeen<\/p>\n\n\n\n<figure class=\"wp-block-image size-large\"><img loading=\"lazy\" decoding=\"async\" width=\"1024\" height=\"607\" src=\"https:\/\/inzain.bike\/wp-content\/uploads\/2022\/11\/the-Moth-1024x607.png\" alt=\"\" class=\"wp-image-2461\" srcset=\"https:\/\/inzain.bike\/wp-content\/uploads\/2022\/11\/the-Moth-1024x607.png 1024w, https:\/\/inzain.bike\/wp-content\/uploads\/2022\/11\/the-Moth-300x178.png 300w, https:\/\/inzain.bike\/wp-content\/uploads\/2022\/11\/the-Moth-768x455.png 768w, https:\/\/inzain.bike\/wp-content\/uploads\/2022\/11\/the-Moth-1536x910.png 1536w, https:\/\/inzain.bike\/wp-content\/uploads\/2022\/11\/the-Moth-18x12.png 18w, https:\/\/inzain.bike\/wp-content\/uploads\/2022\/11\/the-Moth-1320x782.png 1320w, https:\/\/inzain.bike\/wp-content\/uploads\/2022\/11\/the-Moth-600x355.png 600w, https:\/\/inzain.bike\/wp-content\/uploads\/2022\/11\/the-Moth.png 1668w\" sizes=\"auto, (max-width: 1024px) 100vw, 1024px\" \/><\/figure>\n\n\n\n<p><strong>Kun<\/strong>: 3.\u20136.6.2023.<br><strong>Miss\u00e4<\/strong>: Helsinki<br><strong>Matka<\/strong>: Tallink Sthlm -&gt; Helsinki 2\/6 16:45 &amp; Helsinki -&gt; Sthlm 5\/6 17:00<br><strong>Miten<\/strong>: Soraleiri upeilla teill\u00e4<br><strong>Majoitus<\/strong>: Asumme mukavissa paikoissa reitin varrella. Katso alempaa<br><\/p>\n\n\n\n<figure class=\"wp-block-image size-large\"><img loading=\"lazy\" decoding=\"async\" width=\"1024\" height=\"684\" src=\"https:\/\/inzain.bike\/wp-content\/uploads\/2022\/10\/sf2-1024x684.jpeg\" alt=\"\" class=\"wp-image-2121\" srcset=\"https:\/\/inzain.bike\/wp-content\/uploads\/2022\/10\/sf2-1024x684.jpeg 1024w, https:\/\/inzain.bike\/wp-content\/uploads\/2022\/10\/sf2-300x200.jpeg 300w, https:\/\/inzain.bike\/wp-content\/uploads\/2022\/10\/sf2-768x513.jpeg 768w, https:\/\/inzain.bike\/wp-content\/uploads\/2022\/10\/sf2-18x12.jpeg 18w, https:\/\/inzain.bike\/wp-content\/uploads\/2022\/10\/sf2-1320x881.jpeg 1320w, https:\/\/inzain.bike\/wp-content\/uploads\/2022\/10\/sf2-600x401.jpeg 600w, https:\/\/inzain.bike\/wp-content\/uploads\/2022\/10\/sf2.jpeg 1450w\" sizes=\"auto, (max-width: 1024px) 100vw, 1024px\" \/><\/figure>\n\n\n\n<p><strong>Mit\u00e4 voit odottaa?<\/strong><br>Py\u00f6r\u00e4ilemme pit\u00e4\u00e4ksemme hauskaa, v\u00e4li\u00e4 ei ole, eik\u00e4 kyse ole nopeimmasta py\u00f6r\u00e4ilyst\u00e4 vaan parhaan kokemuksen saamisesta. Jos haluat tuhlata, se on tietysti hyv\u00e4, odotat edelleen. Voimme my\u00f6s jakaa ryhm\u00e4n, jos se osoittautuu paremmaksi. Oppaillamme on paljon kokemusta n\u00e4iden retkien j\u00e4rjest\u00e4misest\u00e4 ja pit\u00e4misest\u00e4.<\/p>\n\n\n\n<p>Silja <a href=\"https:\/\/se.tallink.com\/stockholm-helsingfors-tidtabell\">Ajat ja varaus<\/a><\/p>\n\n\n\n<figure class=\"wp-block-image size-large\"><img loading=\"lazy\" decoding=\"async\" width=\"1024\" height=\"322\" src=\"https:\/\/inzain.bike\/wp-content\/uploads\/2022\/10\/sf1-1-1024x322.jpg\" alt=\"\" class=\"wp-image-2122\" srcset=\"https:\/\/inzain.bike\/wp-content\/uploads\/2022\/10\/sf1-1-1024x322.jpg 1024w, https:\/\/inzain.bike\/wp-content\/uploads\/2022\/10\/sf1-1-300x94.jpg 300w, https:\/\/inzain.bike\/wp-content\/uploads\/2022\/10\/sf1-1-768x242.jpg 768w, https:\/\/inzain.bike\/wp-content\/uploads\/2022\/10\/sf1-1-1536x483.jpg 1536w, https:\/\/inzain.bike\/wp-content\/uploads\/2022\/10\/sf1-1-18x6.jpg 18w, https:\/\/inzain.bike\/wp-content\/uploads\/2022\/10\/sf1-1-1320x415.jpg 1320w, https:\/\/inzain.bike\/wp-content\/uploads\/2022\/10\/sf1-1-600x189.jpg 600w, https:\/\/inzain.bike\/wp-content\/uploads\/2022\/10\/sf1-1.jpg 1920w\" sizes=\"auto, (max-width: 1024px) 100vw, 1024px\" \/><\/figure>\n\n\n\n<p><strong>perjantai<\/strong><br>Laiva illalla Tukholmasta, klo 16:45. Sy\u00f6mme hyvin, juomme ehk\u00e4 oluen tai kaksi ja nukumme Helsinkiin, saapumisaika 10:30<br><br><strong>lauantai<\/strong> <br>Saavumme py\u00f6rill\u00e4mme Helsinkiin ja l\u00e4hdemme suoraan satamasta. Sy\u00f6mme lounaan matkan varrella ja saavumme majoituspaikallemme iltap\u00e4iv\u00e4ll\u00e4. Vaikein p\u00e4iv\u00e4, noin 11 mailia ja 1500 hm. Pid\u00e4mme yksinkertaisen kahvitauon 27 km:n j\u00e4lkeen ja lounaan 54 km:n j\u00e4lkeen Restaurang Tilassa, jolla on hyv\u00e4n ruoan lis\u00e4ksi my\u00f6s oma juustotuotanto. Ravintola sijaitsee keskell\u00e4 Sibbon kansallispuistoa. Kahvia on sitten saatavilla 75 alt 82 km:ss\u00e4. Asumme <a href=\"https:\/\/www.korpilampi.fi\/en\/\">Hotelli Korpilampi<\/a> Serenan hiihtokeskuksessa.<\/p>\n\n\n\n<p><strong>sunnuntai<\/strong> <br>Sy\u00f6mme aamiaisen ja palaamme velocipedeihin. T\u00e4n\u00e4\u00e4n meill\u00e4 on edess\u00e4mme 12 mailia ja 1300 hm. Kierros alkaa etel\u00e4st\u00e4 Solvikin kautta Espooseen. Lounas sy\u00f6d\u00e4\u00e4n Karl\u00f6fj\u00e4rdenin satamassa, 46km j\u00e4lkeen Nokkalan Mjakassa, josta voi ostaa my\u00f6s j\u00e4\u00e4tel\u00f6n :). Jatkamme rannikkoa pitkin Tapiolaan, josta k\u00e4\u00e4nnymme taas it\u00e4\u00e4n. 80 km p\u00e4\u00e4ss\u00e4 ohitamme myym\u00e4l\u00e4n, jos jotain pit\u00e4\u00e4 ostaa. Kierr\u00e4mme Vittr\u00e4skin ja juomme kahvit Lappb\u00f6less\u00e4 96km j\u00e4lkeen. <a href=\"https:\/\/polkuhotel.com\/\">Hotelli Polku Nuuksio<\/a> saavutettu 12 mailin j\u00e4lkeen. Illallinen ja uni sopivat varmaan silloin aika hyvin.<\/p>\n\n\n\n<p><strong>maanantai<\/strong><br>Viimeisen\u00e4 p\u00e4iv\u00e4n\u00e4 py\u00f6r\u00e4ilemme taas Helsinkiin, n. 80km ja 1000hm ja siell\u00e4 odottaa vene, joka vie meid\u00e4t takaisin Tukholmaan l\u00e4ht\u00f6ll\u00e4 klo 17.00, Tukholmaan tiistaina klo 09.00. Hotellilta menn\u00e4\u00e4n En\u00e4j\u00e4rvelle, jonka l\u00e4nsiosastoa seuraamme. Kahvitaan noin 20km j\u00e4lkeen Pohjoisten Pirtin laskettelurinteell\u00e4. Voimistuneena py\u00f6r\u00e4ilemme Skogbyn ja Lukin l\u00e4pi. Lounaamme siell\u00e4 noin 40km j\u00e4lkeen. Nyt kierros k\u00e4\u00e4ntyy etel\u00e4\u00e4n ja johdattaa meid\u00e4t mukavia teit\u00e4 satamaan ja odotusveneeseen.<br><br><\/p>\n\n\n\n<p><strong>Reitti - &quot;<em>The Moth<\/em>\u201c<\/strong><\/p>\n\n\n\n<figure class=\"wp-block-image size-large\"><img loading=\"lazy\" decoding=\"async\" width=\"1024\" height=\"658\" src=\"https:\/\/inzain.bike\/wp-content\/uploads\/2022\/11\/image-28-1024x658.png\" alt=\"\" class=\"wp-image-2463\" srcset=\"https:\/\/inzain.bike\/wp-content\/uploads\/2022\/11\/image-28-1024x658.png 1024w, https:\/\/inzain.bike\/wp-content\/uploads\/2022\/11\/image-28-300x193.png 300w, https:\/\/inzain.bike\/wp-content\/uploads\/2022\/11\/image-28-768x493.png 768w, https:\/\/inzain.bike\/wp-content\/uploads\/2022\/11\/image-28-1536x987.png 1536w, https:\/\/inzain.bike\/wp-content\/uploads\/2022\/11\/image-28-2048x1316.png 2048w, https:\/\/inzain.bike\/wp-content\/uploads\/2022\/11\/image-28-18x12.png 18w, https:\/\/inzain.bike\/wp-content\/uploads\/2022\/11\/image-28-1320x848.png 1320w, https:\/\/inzain.bike\/wp-content\/uploads\/2022\/11\/image-28-600x385.png 600w\" sizes=\"auto, (max-width: 1024px) 100vw, 1024px\" \/><\/figure>\n\n\n\n<p>315 km, 3500 hm kolme p\u00e4iv\u00e4\u00e4. J\u00e4rvi\u00e4, merta, metsi\u00e4 ja peltoja, joskus kaukana, joskus l\u00e4hell\u00e4 kaupunkia. J\u00e4nnitt\u00e4v\u00e4 ajo, joka kulkee vastap\u00e4iv\u00e4\u00e4n. Viimeinen p\u00e4iv\u00e4 mahdollisimman lyhyt puskurin luomiseksi kotimatkalle klo 17.00.<\/p>\n\n\n\n<p><br><strong>Py\u00f6r\u00e4ilemme Grusets V\u00e4nnerin periaatteiden mukaan.<\/strong><br>* Ket\u00e4\u00e4n ei j\u00e4tet\u00e4 yksin, kaikkien on liitytt\u00e4v\u00e4<br>* Pomppiminen sujuu hyvin, odota my\u00f6hemmin<br>* Huolehdimme ja autamme toisiamme punkkien tai muiden asioiden sattuessa.<br>* Py\u00f6r\u00e4ilemme turvallisesti ja pid\u00e4mme et\u00e4isyytt\u00e4, muista kolmen sekunnin s\u00e4\u00e4nt\u00f6.<br>* Kyse on mukavan p\u00e4iv\u00e4n pit\u00e4misest\u00e4.<\/p>\n\n\n\n<p><strong>Miten voin osallistua?<\/strong><\/p>\n\n\n\n<p>Varaa joku reitti Helsinkiin, olemme porukka, joka l\u00e4htee laivalla perjantai-iltana (ks. esittely) ja varaa majoitus, mieluiten samaan hotelliin, jonka varasimme, katso my\u00f6s yll\u00e4.<\/p>\n\n\n\n<p><strong>hinnat<\/strong>: Vapaa<br><br><a href=\"https:\/\/inzain.bike\/fi\/finland-gravel-tour-riders-guide\/\"><strong>Ratsastajan opas<\/strong> <\/a><br><\/p>\n\n\n\n<p><strong>Ilmoitus<\/strong> <strong>Suljettu<\/strong><br><\/p>","protected":false},"excerpt":{"rendered":"<p>V\u00e4lkommen till en fantastisk gravel tour i Finland N\u00e4r: 3-6 juni 2023.Var: HelsingforsResa: Tallink Sthlm -&gt; Helsingfors 2\/6 16:45 &amp; Helsingfors -&gt; Sthlm 5\/6 17:00Hur: Gravel Camp p\u00e5 fantastiska v\u00e4garBoende: Vi bor fina st\u00e4llen l\u00e4ngs rutten. Se nedan Vad kan du f\u00f6rv\u00e4nta dig?Vi cyklar f\u00f6r att ha trevligt, det \u00e4r inte n\u00e5gra intervaller och det [&hellip;]<\/p>\n","protected":false},"author":135133094,"featured_media":0,"parent":0,"menu_order":0,"comment_status":"closed","ping_status":"closed","template":"","meta":{"_coblocks_attr":"","_coblocks_dimensions":"","_coblocks_responsive_height":"","_coblocks_accordion_ie_support":"","footnotes":""},"class_list":["post-1994","page","type-page","status-publish","hentry"],"yoast_head":"<!-- This site is optimized with the Yoast SEO plugin v27.2 - https:\/\/yoast.com\/product\/yoast-seo-wordpress\/ -->\n<title>Finland Gravel Randone\u00e9 - INZAIN Cycling EXPERIENCES<\/title>\n<meta name=\"robots\" content=\"index, follow, max-snippet:-1, max-image-preview:large, max-video-preview:-1\" \/>\n<link rel=\"canonical\" href=\"https:\/\/inzain.bike\/fi\/finland-gravel-randonee\/\" \/>\n<meta property=\"og:locale\" content=\"fi_FI\" \/>\n<meta property=\"og:type\" content=\"article\" \/>\n<meta property=\"og:title\" content=\"Finland Gravel Randone\u00e9 - INZAIN Cycling EXPERIENCES\" \/>\n<meta property=\"og:description\" content=\"V\u00e4lkommen till en fantastisk gravel tour i Finland N\u00e4r: 3-6 juni 2023.Var: HelsingforsResa: Tallink Sthlm -&gt; Helsingfors 2\/6 16:45 &amp; Helsingfors -&gt; Sthlm 5\/6 17:00Hur: Gravel Camp p\u00e5 fantastiska v\u00e4garBoende: Vi bor fina st\u00e4llen l\u00e4ngs rutten. Se nedan Vad kan du f\u00f6rv\u00e4nta dig?Vi cyklar f\u00f6r att ha trevligt, det \u00e4r inte n\u00e5gra intervaller och det [&hellip;]\" \/>\n<meta property=\"og:url\" content=\"https:\/\/inzain.bike\/fi\/finland-gravel-randonee\/\" \/>\n<meta property=\"og:site_name\" content=\"INZAIN Cycling EXPERIENCES\" \/>\n<meta property=\"article:publisher\" content=\"https:\/\/www.facebook.com\/Inzain.bike\" \/>\n<meta property=\"article:modified_time\" content=\"2023-07-12T07:01:13+00:00\" \/>\n<meta property=\"og:image\" content=\"https:\/\/inzain.bike\/wp-content\/uploads\/2022\/11\/the-Moth-1024x607.png\" \/>\n<meta name=\"twitter:card\" content=\"summary_large_image\" \/>\n<meta name=\"twitter:label1\" content=\"Arvioitu lukuaika\" \/>\n\t<meta name=\"twitter:data1\" content=\"3 minuuttia\" \/>\n<script type=\"application\/ld+json\" class=\"yoast-schema-graph\">{\"@context\":\"https:\/\/schema.org\",\"@graph\":[{\"@type\":\"WebPage\",\"@id\":\"https:\/\/inzain.bike\/en_gb\/finland-gravel-randonee\/\",\"url\":\"https:\/\/inzain.bike\/en_gb\/finland-gravel-randonee\/\",\"name\":\"Finland Gravel Randone\u00e9 - INZAIN Cycling EXPERIENCES\",\"isPartOf\":{\"@id\":\"https:\/\/inzain.bike\/fr_be\/#website\"},\"primaryImageOfPage\":{\"@id\":\"https:\/\/inzain.bike\/en_gb\/finland-gravel-randonee\/#primaryimage\"},\"image\":{\"@id\":\"https:\/\/inzain.bike\/en_gb\/finland-gravel-randonee\/#primaryimage\"},\"thumbnailUrl\":\"https:\/\/inzain.bike\/wp-content\/uploads\/2022\/11\/the-Moth-1024x607.png\",\"datePublished\":\"2022-10-02T16:37:40+00:00\",\"dateModified\":\"2023-07-12T07:01:13+00:00\",\"breadcrumb\":{\"@id\":\"https:\/\/inzain.bike\/en_gb\/finland-gravel-randonee\/#breadcrumb\"},\"inLanguage\":\"fi\",\"potentialAction\":[{\"@type\":\"ReadAction\",\"target\":[\"https:\/\/inzain.bike\/en_gb\/finland-gravel-randonee\/\"]}]},{\"@type\":\"ImageObject\",\"inLanguage\":\"fi\",\"@id\":\"https:\/\/inzain.bike\/en_gb\/finland-gravel-randonee\/#primaryimage\",\"url\":\"https:\/\/inzain.bike\/wp-content\/uploads\/2022\/11\/the-Moth-1024x607.png\",\"contentUrl\":\"https:\/\/inzain.bike\/wp-content\/uploads\/2022\/11\/the-Moth-1024x607.png\"},{\"@type\":\"BreadcrumbList\",\"@id\":\"https:\/\/inzain.bike\/en_gb\/finland-gravel-randonee\/#breadcrumb\",\"itemListElement\":[{\"@type\":\"ListItem\",\"position\":1,\"name\":\"Hem\",\"item\":\"https:\/\/inzain.bike\/fr_be\/\"},{\"@type\":\"ListItem\",\"position\":2,\"name\":\"Finland Gravel Randone\u00e9\"}]},{\"@type\":\"WebSite\",\"@id\":\"https:\/\/inzain.bike\/fr_be\/#website\",\"url\":\"https:\/\/inzain.bike\/fr_be\/\",\"name\":\"INZAIN Cycling EXPERIENCES\",\"description\":\"Cyckling Adventures  - for everyone\",\"publisher\":{\"@id\":\"https:\/\/inzain.bike\/fr_be\/#organization\"},\"alternateName\":\"INZAIN Gravel & Travel\",\"potentialAction\":[{\"@type\":\"SearchAction\",\"target\":{\"@type\":\"EntryPoint\",\"urlTemplate\":\"https:\/\/inzain.bike\/fr_be\/?s={search_term_string}\"},\"query-input\":{\"@type\":\"PropertyValueSpecification\",\"valueRequired\":true,\"valueName\":\"search_term_string\"}}],\"inLanguage\":\"fi\"},{\"@type\":\"Organization\",\"@id\":\"https:\/\/inzain.bike\/fr_be\/#organization\",\"name\":\"INZAIN Cycling EXPERIENCES\",\"url\":\"https:\/\/inzain.bike\/fr_be\/\",\"logo\":{\"@type\":\"ImageObject\",\"inLanguage\":\"fi\",\"@id\":\"https:\/\/inzain.bike\/fr_be\/#\/schema\/logo\/image\/\",\"url\":\"https:\/\/i0.wp.com\/inzain.bike\/wp-content\/uploads\/2023\/09\/cropped-INZAIN_512x512_white.png?fit=512%2C512&ssl=1\",\"contentUrl\":\"https:\/\/i0.wp.com\/inzain.bike\/wp-content\/uploads\/2023\/09\/cropped-INZAIN_512x512_white.png?fit=512%2C512&ssl=1\",\"width\":512,\"height\":512,\"caption\":\"INZAIN Cycling EXPERIENCES\"},\"image\":{\"@id\":\"https:\/\/inzain.bike\/fr_be\/#\/schema\/logo\/image\/\"},\"sameAs\":[\"https:\/\/www.facebook.com\/Inzain.bike\",\"https:\/\/www.instagram.com\/inzainbike\"]}]}<\/script>\n<!-- \/ Yoast SEO plugin. -->","yoast_head_json":{"title":"Suomi Gravel Randone\u00e9 - INZAIN Cycling EXPERIENCES","robots":{"index":"index","follow":"follow","max-snippet":"max-snippet:-1","max-image-preview":"max-image-preview:large","max-video-preview":"max-video-preview:-1"},"canonical":"https:\/\/inzain.bike\/fi\/finland-gravel-randonee\/","og_locale":"fi_FI","og_type":"article","og_title":"Finland Gravel Randone\u00e9 - INZAIN Cycling EXPERIENCES","og_description":"V\u00e4lkommen till en fantastisk gravel tour i Finland N\u00e4r: 3-6 juni 2023.Var: HelsingforsResa: Tallink Sthlm -&gt; Helsingfors 2\/6 16:45 &amp; Helsingfors -&gt; Sthlm 5\/6 17:00Hur: Gravel Camp p\u00e5 fantastiska v\u00e4garBoende: Vi bor fina st\u00e4llen l\u00e4ngs rutten. Se nedan Vad kan du f\u00f6rv\u00e4nta dig?Vi cyklar f\u00f6r att ha trevligt, det \u00e4r inte n\u00e5gra intervaller och det [&hellip;]","og_url":"https:\/\/inzain.bike\/fi\/finland-gravel-randonee\/","og_site_name":"INZAIN Cycling EXPERIENCES","article_publisher":"https:\/\/www.facebook.com\/Inzain.bike","article_modified_time":"2023-07-12T07:01:13+00:00","og_image":[{"url":"https:\/\/inzain.bike\/wp-content\/uploads\/2022\/11\/the-Moth-1024x607.png","type":"","width":"","height":""}],"twitter_card":"summary_large_image","twitter_misc":{"Arvioitu lukuaika":"3 minuuttia"},"schema":{"@context":"https:\/\/schema.org","@graph":[{"@type":"WebPage","@id":"https:\/\/inzain.bike\/en_gb\/finland-gravel-randonee\/","url":"https:\/\/inzain.bike\/en_gb\/finland-gravel-randonee\/","name":"Suomi Gravel Randone\u00e9 - INZAIN Cycling EXPERIENCES","isPartOf":{"@id":"https:\/\/inzain.bike\/fr_be\/#website"},"primaryImageOfPage":{"@id":"https:\/\/inzain.bike\/en_gb\/finland-gravel-randonee\/#primaryimage"},"image":{"@id":"https:\/\/inzain.bike\/en_gb\/finland-gravel-randonee\/#primaryimage"},"thumbnailUrl":"https:\/\/inzain.bike\/wp-content\/uploads\/2022\/11\/the-Moth-1024x607.png","datePublished":"2022-10-02T16:37:40+00:00","dateModified":"2023-07-12T07:01:13+00:00","breadcrumb":{"@id":"https:\/\/inzain.bike\/en_gb\/finland-gravel-randonee\/#breadcrumb"},"inLanguage":"fi","potentialAction":[{"@type":"ReadAction","target":["https:\/\/inzain.bike\/en_gb\/finland-gravel-randonee\/"]}]},{"@type":"ImageObject","inLanguage":"fi","@id":"https:\/\/inzain.bike\/en_gb\/finland-gravel-randonee\/#primaryimage","url":"https:\/\/inzain.bike\/wp-content\/uploads\/2022\/11\/the-Moth-1024x607.png","contentUrl":"https:\/\/inzain.bike\/wp-content\/uploads\/2022\/11\/the-Moth-1024x607.png"},{"@type":"BreadcrumbList","@id":"https:\/\/inzain.bike\/en_gb\/finland-gravel-randonee\/#breadcrumb","itemListElement":[{"@type":"ListItem","position":1,"name":"Hem","item":"https:\/\/inzain.bike\/fr_be\/"},{"@type":"ListItem","position":2,"name":"Finland Gravel Randone\u00e9"}]},{"@type":"WebSite","@id":"https:\/\/inzain.bike\/fr_be\/#website","url":"https:\/\/inzain.bike\/fr_be\/","name":"INZAIN Py\u00f6r\u00e4ily-KOKEMUKSIA","description":"Py\u00f6r\u00e4ilyseikkailut - kaikille","publisher":{"@id":"https:\/\/inzain.bike\/fr_be\/#organization"},"alternateName":"INZAIN Gravel & Travel","potentialAction":[{"@type":"SearchAction","target":{"@type":"EntryPoint","urlTemplate":"https:\/\/inzain.bike\/fr_be\/?s={search_term_string}"},"query-input":{"@type":"PropertyValueSpecification","valueRequired":true,"valueName":"search_term_string"}}],"inLanguage":"fi"},{"@type":"Organization","@id":"https:\/\/inzain.bike\/fr_be\/#organization","name":"INZAIN Py\u00f6r\u00e4ily-KOKEMUKSIA","url":"https:\/\/inzain.bike\/fr_be\/","logo":{"@type":"ImageObject","inLanguage":"fi","@id":"https:\/\/inzain.bike\/fr_be\/#\/schema\/logo\/image\/","url":"https:\/\/i0.wp.com\/inzain.bike\/wp-content\/uploads\/2023\/09\/cropped-INZAIN_512x512_white.png?fit=512%2C512&ssl=1","contentUrl":"https:\/\/i0.wp.com\/inzain.bike\/wp-content\/uploads\/2023\/09\/cropped-INZAIN_512x512_white.png?fit=512%2C512&ssl=1","width":512,"height":512,"caption":"INZAIN Cycling EXPERIENCES"},"image":{"@id":"https:\/\/inzain.bike\/fr_be\/#\/schema\/logo\/image\/"},"sameAs":["https:\/\/www.facebook.com\/Inzain.bike","https:\/\/www.instagram.com\/inzainbike"]}]}},"amp_enabled":true,"_links":{"self":[{"href":"https:\/\/inzain.bike\/fi\/wp-json\/wp\/v2\/pages\/1994","targetHints":{"allow":["GET"]}}],"collection":[{"href":"https:\/\/inzain.bike\/fi\/wp-json\/wp\/v2\/pages"}],"about":[{"href":"https:\/\/inzain.bike\/fi\/wp-json\/wp\/v2\/types\/page"}],"author":[{"embeddable":true,"href":"https:\/\/inzain.bike\/fi\/wp-json\/wp\/v2\/users\/135133094"}],"replies":[{"embeddable":true,"href":"https:\/\/inzain.bike\/fi\/wp-json\/wp\/v2\/comments?post=1994"}],"version-history":[{"count":0,"href":"https:\/\/inzain.bike\/fi\/wp-json\/wp\/v2\/pages\/1994\/revisions"}],"wp:attachment":[{"href":"https:\/\/inzain.bike\/fi\/wp-json\/wp\/v2\/media?parent=1994"}],"curies":[{"name":"wp","href":"https:\/\/api.w.org\/{rel}","templated":true}]}}