{"id":2019,"date":"2022-10-03T10:12:43","date_gmt":"2022-10-03T08:12:43","guid":{"rendered":"https:\/\/inzain.bike\/?page_id=2019"},"modified":"2023-06-27T23:32:27","modified_gmt":"2023-06-27T21:32:27","slug":"vattern-runt-gravel-tour","status":"publish","type":"page","link":"https:\/\/inzain.bike\/fi\/vattern-runt-gravel-tour\/","title":{"rendered":"V\u00e4ttern-j\u00e4rven ymp\u00e4rill\u00e4 oleva soraretki"},"content":{"rendered":"<p>Tervetuloa V\u00e4ttern Roundiin, mutta nyt soralla ja yli kolme p\u00e4iv\u00e4\u00e4.<\/p>\n\n\n\n<figure class=\"wp-block-image size-full\"><img loading=\"lazy\" decoding=\"async\" width=\"800\" height=\"800\" src=\"https:\/\/inzain.bike\/wp-content\/uploads\/2022\/08\/fully.jpg\" alt=\"\" class=\"wp-image-1869\" srcset=\"https:\/\/inzain.bike\/wp-content\/uploads\/2022\/08\/fully.jpg 800w, https:\/\/inzain.bike\/wp-content\/uploads\/2022\/08\/fully-300x300.jpg 300w, https:\/\/inzain.bike\/wp-content\/uploads\/2022\/08\/fully-150x150.jpg 150w, https:\/\/inzain.bike\/wp-content\/uploads\/2022\/08\/fully-768x768.jpg 768w, https:\/\/inzain.bike\/wp-content\/uploads\/2022\/08\/fully-12x12.jpg 12w, https:\/\/inzain.bike\/wp-content\/uploads\/2022\/08\/fully-600x600.jpg 600w, https:\/\/inzain.bike\/wp-content\/uploads\/2022\/08\/fully-100x100.jpg 100w\" sizes=\"auto, (max-width: 800px) 100vw, 800px\" \/><\/figure>\n\n\n\n<figure class=\"wp-block-image size-large\"><img loading=\"lazy\" decoding=\"async\" width=\"1024\" height=\"683\" src=\"https:\/\/inzain.bike\/wp-content\/uploads\/2022\/10\/vr1-1024x683.jpg\" alt=\"\" class=\"wp-image-2022\" srcset=\"https:\/\/inzain.bike\/wp-content\/uploads\/2022\/10\/vr1-1024x683.jpg 1024w, https:\/\/inzain.bike\/wp-content\/uploads\/2022\/10\/vr1-300x200.jpg 300w, https:\/\/inzain.bike\/wp-content\/uploads\/2022\/10\/vr1-768x512.jpg 768w, https:\/\/inzain.bike\/wp-content\/uploads\/2022\/10\/vr1-18x12.jpg 18w, https:\/\/inzain.bike\/wp-content\/uploads\/2022\/10\/vr1-1320x880.jpg 1320w, https:\/\/inzain.bike\/wp-content\/uploads\/2022\/10\/vr1-600x400.jpg 600w, https:\/\/inzain.bike\/wp-content\/uploads\/2022\/10\/vr1.jpg 1536w\" sizes=\"auto, (max-width: 1024px) 100vw, 1024px\" \/><\/figure>\n\n\n\n<p><strong>Kun<\/strong>: 11.\u201313.8.2023.<br><strong>Miss\u00e4<\/strong>: L\u00e4ht\u00f6 ja maali Motalassa<br><strong>Miten<\/strong>: Py\u00f6r\u00e4ilemme V\u00e4ttern-j\u00e4rven ymp\u00e4ri soraa pitkin<br><strong>Nukkua<\/strong>: Olemme varanneet useita huoneita J\u00f6nk\u00f6pingin ja Karlsborgin hotelleista.<br>Jos haluat nukkua 11. p\u00e4iv\u00e4n y\u00f6n, j\u00e4rjest\u00e4 se itse.<br><strong>Hinta<\/strong>: Se on kustannustehokasta. Majoitus maksetaan suoraan hotellille.<\/p>\n\n\n\n<p><strong>Mit\u00e4 voit odottaa?<\/strong><br>Py\u00f6r\u00e4ilemme pit\u00e4\u00e4ksemme hauskaa, v\u00e4li\u00e4 ei ole, eik\u00e4 kyse ole nopeimmasta py\u00f6r\u00e4ilyst\u00e4 vaan parhaan kokemuksen saamisesta. Jos haluat tuhlata, se on tietysti hyv\u00e4, odotat edelleen. Voimme my\u00f6s jakaa ryhm\u00e4n, jos se osoittautuu paremmaksi. Oppaillamme on paljon kokemusta n\u00e4iden retkien j\u00e4rjest\u00e4misest\u00e4 ja pit\u00e4misest\u00e4. Kiertue on p\u00e4\u00e4osin omavarainen. Kahvi-, majoitus- ja ruokailupaikat sis\u00e4ltyv\u00e4t reitille, mutta ne ovat tietysti valinnaisia.<br>Osallistujat vastaavat omasta navigoinnista ja polkupy\u00f6r\u00e4n korjauksista.<\/p>\n\n\n\n<p>Kierros on suhteellisen kova, 15 mailia p\u00e4iv\u00e4ss\u00e4 noin 1500 hm. Ei ole mahdollista pelastaa, py\u00f6r\u00e4ilemme j\u00e4rven ymp\u00e4ri. Meill\u00e4 on runsaasti valoa, aurinko nousee klo 5 ja laskee noin klo 21.<br><br><strong>perjantai<\/strong><br>Motala -&gt; J\u00f6nk\u00f6ping<\/p>\n\n\n\n<figure class=\"wp-block-image size-large\"><img loading=\"lazy\" decoding=\"async\" width=\"1024\" height=\"781\" src=\"https:\/\/inzain.bike\/wp-content\/uploads\/2022\/10\/vr2-1024x781.jpg\" alt=\"\" class=\"wp-image-2023\" srcset=\"https:\/\/inzain.bike\/wp-content\/uploads\/2022\/10\/vr2-1024x781.jpg 1024w, https:\/\/inzain.bike\/wp-content\/uploads\/2022\/10\/vr2-300x229.jpg 300w, https:\/\/inzain.bike\/wp-content\/uploads\/2022\/10\/vr2-768x586.jpg 768w, https:\/\/inzain.bike\/wp-content\/uploads\/2022\/10\/vr2-16x12.jpg 16w, https:\/\/inzain.bike\/wp-content\/uploads\/2022\/10\/vr2-1320x1006.jpg 1320w, https:\/\/inzain.bike\/wp-content\/uploads\/2022\/10\/vr2-600x457.jpg 600w, https:\/\/inzain.bike\/wp-content\/uploads\/2022\/10\/vr2.jpg 1536w\" sizes=\"auto, (max-width: 1024px) 100vw, 1024px\" \/><\/figure>\n\n\n\n<p>Aamiaisen j\u00e4lkeen l\u00e4hdemme ulos klo 08.00. Py\u00f6r\u00e4ilemme Vadstenan l\u00e4pi ja saavumme Borghamniin noin 51 km:n j\u00e4lkeen. Nopea kahvi ennen kuin aloitamme kiipe\u00e4misen Ombergiin. Jokainen, joka haluaa tehd\u00e4 kiertotien alas Stocklycke Hamniin. Km 60-109 on pitk\u00e4 l\u00f6ys\u00e4 tie. Sen keskell\u00e4 sy\u00f6mme lounasta \u00d6desh\u00f6giss\u00e4. Kun nousu on suoritettu, odottaa todellinen laskeutuminen Gr\u00e4nnaan. Siell\u00e4 istuu kahvi melko hyvin. P\u00e4iv\u00e4n viimeinen nousu alkaa Gr\u00e4nnasta ja p\u00e4\u00e4ttyy kilometriin 135. Sielt\u00e4 on mukavaa alam\u00e4ke\u00e4 J\u00f6nk\u00f6pingiin, jossa nukutaan ensimm\u00e4inen y\u00f6 klassisessa VOX-hotellissa.<\/p>\n\n\n\n<p><strong>lauantai<\/strong><br>J\u00f6nk\u00f6ping -&gt; Karlsborg<br>Runsaan aamiaisen j\u00e4lkeen py\u00f6r\u00e4ilemme pohjoiseen. Jo km:n j\u00e4lkeen ohitamme Willysin jos tarvitset jotain t\u00e4ydennyst\u00e4. Kahvittelemme noin 6 mailin j\u00e4lkeen Brandstorpissa ja lounaamme Hjon satamassa 3 mailia my\u00f6hemmin. M\u00f6lltorp on seuraava pys\u00e4kki, sinne on 3 mailia, siell\u00e4 on sek\u00e4 kauppa ett\u00e4 pizzeria, mutta todenn\u00e4k\u00f6isesti py\u00f6r\u00e4ilemme kohti Karlsborgia, kilometri\u00e4 my\u00f6hemmin. Otamme linnoituksen ja ehk\u00e4 parempaa kahvia. Majoitumme Hotel Wetterniss\u00e4.<\/p>\n\n\n\n<p><strong>sunnuntai<\/strong><br>Karlsborg -&gt; Motala, paluumatka,<br>L\u00e4ht\u00f6 Karlsborgista klo 8.00 ja 6 mailin j\u00e4lkeen saavumme Askersundiin, nopea kahvi tuntuu varmasti oikealta. Saavumme pian kaivosalueelle Garpan ja Zinkgruvanin kanssa, jossa on my\u00f6s kahvila. Seuraava vaihe vie meid\u00e4t noin seitsem\u00e4n mailin j\u00e4lkeen Bona Handelstr\u00e4dg\u00e5rdiin. T\u00e4\u00e4ll\u00e4 sy\u00f6d\u00e4\u00e4n lounasta. Viimeiset nelj\u00e4 kilometri\u00e4 Motalaan viev\u00e4t meid\u00e4t alas V\u00e4tternin rannalle ennen kuin kierrymme Motalaan melko tyytyv\u00e4isin\u00e4 ja v\u00e4synein\u00e4.<\/p>\n\n\n\n<figure class=\"wp-block-image size-large\"><img loading=\"lazy\" decoding=\"async\" width=\"1024\" height=\"360\" src=\"https:\/\/inzain.bike\/wp-content\/uploads\/2022\/10\/vr3-1024x360.jpg\" alt=\"\" class=\"wp-image-2024\" srcset=\"https:\/\/inzain.bike\/wp-content\/uploads\/2022\/10\/vr3-1024x360.jpg 1024w, https:\/\/inzain.bike\/wp-content\/uploads\/2022\/10\/vr3-300x105.jpg 300w, https:\/\/inzain.bike\/wp-content\/uploads\/2022\/10\/vr3-768x270.jpg 768w, https:\/\/inzain.bike\/wp-content\/uploads\/2022\/10\/vr3-18x6.jpg 18w, https:\/\/inzain.bike\/wp-content\/uploads\/2022\/10\/vr3-600x211.jpg 600w, https:\/\/inzain.bike\/wp-content\/uploads\/2022\/10\/vr3.jpg 1280w\" sizes=\"auto, (max-width: 1024px) 100vw, 1024px\" \/><\/figure>\n\n\n\n<p><iframe src=\"https:\/\/ridewithgps.com\/embeds?type=route&amp;id=40264044&amp;title=V%C3%A4ttern%20Runt%20Gravel&amp;metricUnits=true&amp;sampleGraph=true&amp;distanceMarkers=true\" style=\"width: 1px; min-width: 100%; height: 700px; border: none;\" scrolling=\"no\"><\/iframe><\/p>\n\n\n\n<p><br><strong>Py\u00f6r\u00e4ilemme Grusets V\u00e4nnerin periaatteiden mukaan.<\/strong><br>* Ket\u00e4\u00e4n ei j\u00e4tet\u00e4 yksin, kaikkien on liitytt\u00e4v\u00e4<br>* Pomppiminen sujuu hyvin, odota my\u00f6hemmin<br>* Huolehdimme ja autamme toisiamme punkkien tai muiden asioiden sattuessa.<br>* Py\u00f6r\u00e4ilemme turvallisesti ja pid\u00e4mme et\u00e4isyytt\u00e4, muista kolmen sekunnin s\u00e4\u00e4nt\u00f6.<br>* Kyse on mukavan p\u00e4iv\u00e4n pit\u00e4misest\u00e4.<\/p>\n\n\n\n<p><strong>hinnat<\/strong>:<\/p>\n\n\n\n<p>Osallistuminen on maksutonta, olemme j\u00e4rjest\u00e4neet halukkaille ruoka- ja majoituspaketit.<br>Kun teemme ryhm\u00e4varauksen, t\u00e4m\u00e4 maksetaan kes\u00e4kuun aikana, palaamme asiaan kun aika on sopiva.<br><\/p>\n\n\n\n<p><strong>Motala<\/strong><br>Mink\u00e4 tahansa y\u00f6n Motalassa voit p\u00e4\u00e4tt\u00e4\u00e4 itse.<br><br><strong>J\u00f6nk\u00f6ping VOX Hotel 8.11<\/strong><br><br>Perushuone <em>n. 20 m\u00b2, on 2\u00d790 cm s\u00e4ngyt s\u00e4ngynrungossa, ei jaettavissa, on ikkunat<\/em><br>SEK 1 420 Kaksi henkil\u00f6\u00e4 voi jakaa huoneen.<br><br>Kolmen ruokalajin illallisen voi ostaa hintaan 620 kruunua.<br><br><strong>Karlsborg Hotel R\u00f6desund 8.12<\/strong><br>Yhden hengen huone suihkulla k\u00e4yt\u00e4v\u00e4ll\u00e4 ja aamiainen 1 400 lr<br><\/p>\n\n\n\n<p><strong>Ilmoitus<\/strong>  <strong>Suljettu<\/strong><\/p>","protected":false},"excerpt":{"rendered":"<p>V\u00e4lkommen till V\u00e4ttern Rundan, fast nu p\u00e5 grus och p\u00e5 tre dagar. N\u00e4r: 11-13 augusti 2023.Var: Start och m\u00e5l i MotalaHur: Vi cyklar Runt V\u00e4ttern p\u00e5 grusSova: Vi har bokat ett antal rum p\u00e5 hotell i J\u00f6nk\u00f6ping och Karlsborg.Vill man sova natten till den 11e ordnar man det sj\u00e4lv.Pris: Det \u00e4r sj\u00e4lvkostnad. Man kommer betala [&hellip;]<\/p>\n","protected":false},"author":135133094,"featured_media":0,"parent":0,"menu_order":0,"comment_status":"closed","ping_status":"closed","template":"","meta":{"_coblocks_attr":"","_coblocks_dimensions":"","_coblocks_responsive_height":"","_coblocks_accordion_ie_support":"","footnotes":""},"class_list":["post-2019","page","type-page","status-publish","hentry"],"yoast_head":"<!-- This site is optimized with the Yoast SEO plugin v27.2 - https:\/\/yoast.com\/product\/yoast-seo-wordpress\/ -->\n<title>Runt V\u00e4ttern Gravel Tour - INZAIN Cycling EXPERIENCES<\/title>\n<meta name=\"robots\" content=\"index, follow, max-snippet:-1, max-image-preview:large, max-video-preview:-1\" \/>\n<link rel=\"canonical\" href=\"https:\/\/inzain.bike\/fi\/vattern-runt-gravel-tour\/\" \/>\n<meta property=\"og:locale\" content=\"fi_FI\" \/>\n<meta property=\"og:type\" content=\"article\" \/>\n<meta property=\"og:title\" content=\"Runt V\u00e4ttern Gravel Tour - INZAIN Cycling EXPERIENCES\" \/>\n<meta property=\"og:description\" content=\"V\u00e4lkommen till V\u00e4ttern Rundan, fast nu p\u00e5 grus och p\u00e5 tre dagar. N\u00e4r: 11-13 augusti 2023.Var: Start och m\u00e5l i MotalaHur: Vi cyklar Runt V\u00e4ttern p\u00e5 grusSova: Vi har bokat ett antal rum p\u00e5 hotell i J\u00f6nk\u00f6ping och Karlsborg.Vill man sova natten till den 11e ordnar man det sj\u00e4lv.Pris: Det \u00e4r sj\u00e4lvkostnad. Man kommer betala [&hellip;]\" \/>\n<meta property=\"og:url\" content=\"https:\/\/inzain.bike\/fi\/vattern-runt-gravel-tour\/\" \/>\n<meta property=\"og:site_name\" content=\"INZAIN Cycling EXPERIENCES\" \/>\n<meta property=\"article:publisher\" content=\"https:\/\/www.facebook.com\/Inzain.bike\" \/>\n<meta property=\"article:modified_time\" content=\"2023-06-27T21:32:27+00:00\" \/>\n<meta property=\"og:image\" content=\"https:\/\/inzain.bike\/wp-content\/uploads\/2022\/08\/fully.jpg\" \/>\n<meta name=\"twitter:card\" content=\"summary_large_image\" \/>\n<meta name=\"twitter:label1\" content=\"Arvioitu lukuaika\" \/>\n\t<meta name=\"twitter:data1\" content=\"3 minuuttia\" \/>\n<script type=\"application\/ld+json\" class=\"yoast-schema-graph\">{\"@context\":\"https:\/\/schema.org\",\"@graph\":[{\"@type\":\"WebPage\",\"@id\":\"https:\/\/inzain.bike\/fr\/vattern-runt-gravel-tour\/\",\"url\":\"https:\/\/inzain.bike\/fr\/vattern-runt-gravel-tour\/\",\"name\":\"Runt V\u00e4ttern Gravel Tour - INZAIN Cycling EXPERIENCES\",\"isPartOf\":{\"@id\":\"https:\/\/inzain.bike\/fr_be\/#website\"},\"primaryImageOfPage\":{\"@id\":\"https:\/\/inzain.bike\/fr\/vattern-runt-gravel-tour\/#primaryimage\"},\"image\":{\"@id\":\"https:\/\/inzain.bike\/fr\/vattern-runt-gravel-tour\/#primaryimage\"},\"thumbnailUrl\":\"https:\/\/inzain.bike\/wp-content\/uploads\/2022\/08\/fully.jpg\",\"datePublished\":\"2022-10-03T08:12:43+00:00\",\"dateModified\":\"2023-06-27T21:32:27+00:00\",\"breadcrumb\":{\"@id\":\"https:\/\/inzain.bike\/fr\/vattern-runt-gravel-tour\/#breadcrumb\"},\"inLanguage\":\"fi\",\"potentialAction\":[{\"@type\":\"ReadAction\",\"target\":[\"https:\/\/inzain.bike\/fr\/vattern-runt-gravel-tour\/\"]}]},{\"@type\":\"ImageObject\",\"inLanguage\":\"fi\",\"@id\":\"https:\/\/inzain.bike\/fr\/vattern-runt-gravel-tour\/#primaryimage\",\"url\":\"https:\/\/inzain.bike\/wp-content\/uploads\/2022\/08\/fully.jpg\",\"contentUrl\":\"https:\/\/inzain.bike\/wp-content\/uploads\/2022\/08\/fully.jpg\"},{\"@type\":\"BreadcrumbList\",\"@id\":\"https:\/\/inzain.bike\/fr\/vattern-runt-gravel-tour\/#breadcrumb\",\"itemListElement\":[{\"@type\":\"ListItem\",\"position\":1,\"name\":\"Hem\",\"item\":\"https:\/\/inzain.bike\/fr_be\/\"},{\"@type\":\"ListItem\",\"position\":2,\"name\":\"Runt V\u00e4ttern Gravel Tour\"}]},{\"@type\":\"WebSite\",\"@id\":\"https:\/\/inzain.bike\/fr_be\/#website\",\"url\":\"https:\/\/inzain.bike\/fr_be\/\",\"name\":\"INZAIN Cycling EXPERIENCES\",\"description\":\"Cyckling Adventures  - for everyone\",\"publisher\":{\"@id\":\"https:\/\/inzain.bike\/fr_be\/#organization\"},\"alternateName\":\"INZAIN Gravel & Travel\",\"potentialAction\":[{\"@type\":\"SearchAction\",\"target\":{\"@type\":\"EntryPoint\",\"urlTemplate\":\"https:\/\/inzain.bike\/fr_be\/?s={search_term_string}\"},\"query-input\":{\"@type\":\"PropertyValueSpecification\",\"valueRequired\":true,\"valueName\":\"search_term_string\"}}],\"inLanguage\":\"fi\"},{\"@type\":\"Organization\",\"@id\":\"https:\/\/inzain.bike\/fr_be\/#organization\",\"name\":\"INZAIN Cycling EXPERIENCES\",\"url\":\"https:\/\/inzain.bike\/fr_be\/\",\"logo\":{\"@type\":\"ImageObject\",\"inLanguage\":\"fi\",\"@id\":\"https:\/\/inzain.bike\/fr_be\/#\/schema\/logo\/image\/\",\"url\":\"https:\/\/i0.wp.com\/inzain.bike\/wp-content\/uploads\/2023\/09\/cropped-INZAIN_512x512_white.png?fit=512%2C512&ssl=1\",\"contentUrl\":\"https:\/\/i0.wp.com\/inzain.bike\/wp-content\/uploads\/2023\/09\/cropped-INZAIN_512x512_white.png?fit=512%2C512&ssl=1\",\"width\":512,\"height\":512,\"caption\":\"INZAIN Cycling EXPERIENCES\"},\"image\":{\"@id\":\"https:\/\/inzain.bike\/fr_be\/#\/schema\/logo\/image\/\"},\"sameAs\":[\"https:\/\/www.facebook.com\/Inzain.bike\",\"https:\/\/www.instagram.com\/inzainbike\"]}]}<\/script>\n<!-- \/ Yoast SEO plugin. -->","yoast_head_json":{"title":"V\u00e4ttern-j\u00e4rven soratiekierros - INZAIN Cycling EXPERIENCES","robots":{"index":"index","follow":"follow","max-snippet":"max-snippet:-1","max-image-preview":"max-image-preview:large","max-video-preview":"max-video-preview:-1"},"canonical":"https:\/\/inzain.bike\/fi\/vattern-runt-gravel-tour\/","og_locale":"fi_FI","og_type":"article","og_title":"Runt V\u00e4ttern Gravel Tour - INZAIN Cycling EXPERIENCES","og_description":"V\u00e4lkommen till V\u00e4ttern Rundan, fast nu p\u00e5 grus och p\u00e5 tre dagar. N\u00e4r: 11-13 augusti 2023.Var: Start och m\u00e5l i MotalaHur: Vi cyklar Runt V\u00e4ttern p\u00e5 grusSova: Vi har bokat ett antal rum p\u00e5 hotell i J\u00f6nk\u00f6ping och Karlsborg.Vill man sova natten till den 11e ordnar man det sj\u00e4lv.Pris: Det \u00e4r sj\u00e4lvkostnad. Man kommer betala [&hellip;]","og_url":"https:\/\/inzain.bike\/fi\/vattern-runt-gravel-tour\/","og_site_name":"INZAIN Cycling EXPERIENCES","article_publisher":"https:\/\/www.facebook.com\/Inzain.bike","article_modified_time":"2023-06-27T21:32:27+00:00","og_image":[{"url":"https:\/\/inzain.bike\/wp-content\/uploads\/2022\/08\/fully.jpg","type":"","width":"","height":""}],"twitter_card":"summary_large_image","twitter_misc":{"Arvioitu lukuaika":"3 minuuttia"},"schema":{"@context":"https:\/\/schema.org","@graph":[{"@type":"WebPage","@id":"https:\/\/inzain.bike\/fr\/vattern-runt-gravel-tour\/","url":"https:\/\/inzain.bike\/fr\/vattern-runt-gravel-tour\/","name":"V\u00e4ttern-j\u00e4rven soratiekierros - INZAIN Cycling EXPERIENCES","isPartOf":{"@id":"https:\/\/inzain.bike\/fr_be\/#website"},"primaryImageOfPage":{"@id":"https:\/\/inzain.bike\/fr\/vattern-runt-gravel-tour\/#primaryimage"},"image":{"@id":"https:\/\/inzain.bike\/fr\/vattern-runt-gravel-tour\/#primaryimage"},"thumbnailUrl":"https:\/\/inzain.bike\/wp-content\/uploads\/2022\/08\/fully.jpg","datePublished":"2022-10-03T08:12:43+00:00","dateModified":"2023-06-27T21:32:27+00:00","breadcrumb":{"@id":"https:\/\/inzain.bike\/fr\/vattern-runt-gravel-tour\/#breadcrumb"},"inLanguage":"fi","potentialAction":[{"@type":"ReadAction","target":["https:\/\/inzain.bike\/fr\/vattern-runt-gravel-tour\/"]}]},{"@type":"ImageObject","inLanguage":"fi","@id":"https:\/\/inzain.bike\/fr\/vattern-runt-gravel-tour\/#primaryimage","url":"https:\/\/inzain.bike\/wp-content\/uploads\/2022\/08\/fully.jpg","contentUrl":"https:\/\/inzain.bike\/wp-content\/uploads\/2022\/08\/fully.jpg"},{"@type":"BreadcrumbList","@id":"https:\/\/inzain.bike\/fr\/vattern-runt-gravel-tour\/#breadcrumb","itemListElement":[{"@type":"ListItem","position":1,"name":"Hem","item":"https:\/\/inzain.bike\/fr_be\/"},{"@type":"ListItem","position":2,"name":"Runt V\u00e4ttern Gravel Tour"}]},{"@type":"WebSite","@id":"https:\/\/inzain.bike\/fr_be\/#website","url":"https:\/\/inzain.bike\/fr_be\/","name":"INZAIN Py\u00f6r\u00e4ily-KOKEMUKSIA","description":"Py\u00f6r\u00e4ilyseikkailut - kaikille","publisher":{"@id":"https:\/\/inzain.bike\/fr_be\/#organization"},"alternateName":"INZAIN Gravel & Travel","potentialAction":[{"@type":"SearchAction","target":{"@type":"EntryPoint","urlTemplate":"https:\/\/inzain.bike\/fr_be\/?s={search_term_string}"},"query-input":{"@type":"PropertyValueSpecification","valueRequired":true,"valueName":"search_term_string"}}],"inLanguage":"fi"},{"@type":"Organization","@id":"https:\/\/inzain.bike\/fr_be\/#organization","name":"INZAIN Py\u00f6r\u00e4ily-KOKEMUKSIA","url":"https:\/\/inzain.bike\/fr_be\/","logo":{"@type":"ImageObject","inLanguage":"fi","@id":"https:\/\/inzain.bike\/fr_be\/#\/schema\/logo\/image\/","url":"https:\/\/i0.wp.com\/inzain.bike\/wp-content\/uploads\/2023\/09\/cropped-INZAIN_512x512_white.png?fit=512%2C512&ssl=1","contentUrl":"https:\/\/i0.wp.com\/inzain.bike\/wp-content\/uploads\/2023\/09\/cropped-INZAIN_512x512_white.png?fit=512%2C512&ssl=1","width":512,"height":512,"caption":"INZAIN Cycling EXPERIENCES"},"image":{"@id":"https:\/\/inzain.bike\/fr_be\/#\/schema\/logo\/image\/"},"sameAs":["https:\/\/www.facebook.com\/Inzain.bike","https:\/\/www.instagram.com\/inzainbike"]}]}},"amp_enabled":true,"_links":{"self":[{"href":"https:\/\/inzain.bike\/fi\/wp-json\/wp\/v2\/pages\/2019","targetHints":{"allow":["GET"]}}],"collection":[{"href":"https:\/\/inzain.bike\/fi\/wp-json\/wp\/v2\/pages"}],"about":[{"href":"https:\/\/inzain.bike\/fi\/wp-json\/wp\/v2\/types\/page"}],"author":[{"embeddable":true,"href":"https:\/\/inzain.bike\/fi\/wp-json\/wp\/v2\/users\/135133094"}],"replies":[{"embeddable":true,"href":"https:\/\/inzain.bike\/fi\/wp-json\/wp\/v2\/comments?post=2019"}],"version-history":[{"count":0,"href":"https:\/\/inzain.bike\/fi\/wp-json\/wp\/v2\/pages\/2019\/revisions"}],"wp:attachment":[{"href":"https:\/\/inzain.bike\/fi\/wp-json\/wp\/v2\/media?parent=2019"}],"curies":[{"name":"wp","href":"https:\/\/api.w.org\/{rel}","templated":true}]}}