{"id":3777,"date":"2023-10-25T19:38:23","date_gmt":"2023-10-25T17:38:23","guid":{"rendered":"https:\/\/inzain.bike\/?page_id=3777"},"modified":"2024-03-03T11:12:33","modified_gmt":"2024-03-03T10:12:33","slug":"aktiviteter","status":"publish","type":"page","link":"https:\/\/inzain.bike\/fi\/aktiviteter\/","title":{"rendered":"Tukholman toimintaa"},"content":{"rendered":"<div class=\"wp-block-columns alignwide is-layout-flex wp-container-core-columns-is-layout-28f84493 wp-block-columns-is-layout-flex\">\n<div class=\"wp-block-column is-layout-flow wp-block-column-is-layout-flow\">\n<p><strong>Ostokset<\/strong><\/p>\n\n\n\n<p>Tukholmassa on paljon hyvi\u00e4 ostoksia. Se on suhteellisen keskittynyt useiden keskeisell\u00e4 paikalla sijaitsevien katujen ymp\u00e4rille. Voimme ehdottaa sopivaa reitti\u00e4 ymp\u00e4ri kaupunkia, joka vie meid\u00e4t t\u00e4rkeimpien osien ymp\u00e4ri. Katso kuva! Aloita Stureplanista ja lopeta \u00d6stermalmshallenissa. Matkan varrella on my\u00f6s useita hyvi\u00e4 ravintoloita ja &quot;juottopaikkoja&quot; sek\u00e4 n\u00e4l\u00e4n ett\u00e4 janon sammuttamiseen.<\/p>\n\n\n\n<figure class=\"wp-block-image size-full\"><img loading=\"lazy\" decoding=\"async\" width=\"1023\" height=\"699\" src=\"https:\/\/inzain.bike\/wp-content\/uploads\/2023\/11\/Shopping.png\" alt=\"\" class=\"wp-image-4331\" srcset=\"https:\/\/inzain.bike\/wp-content\/uploads\/2023\/11\/Shopping.png 1023w, https:\/\/inzain.bike\/wp-content\/uploads\/2023\/11\/Shopping-300x205.png 300w, https:\/\/inzain.bike\/wp-content\/uploads\/2023\/11\/Shopping-768x525.png 768w, https:\/\/inzain.bike\/wp-content\/uploads\/2023\/11\/Shopping-18x12.png 18w, https:\/\/inzain.bike\/wp-content\/uploads\/2023\/11\/Shopping-600x410.png 600w\" sizes=\"auto, (max-width: 1023px) 100vw, 1023px\" \/><\/figure>\n<\/div>\n<\/div>\n\n\n\n<div class=\"wp-block-columns alignwide is-layout-flex wp-container-core-columns-is-layout-28f84493 wp-block-columns-is-layout-flex\">\n<div class=\"wp-block-column is-layout-flow wp-block-column-is-layout-flow\">\n<p><strong>Ruoka<\/strong><br><br>Nyky\u00e4\u00e4n Tukholmassa on monia ravintoloita, jotka mainitaan Michelin-oppaassa. Yksi 3 t\u00e4hden, kaksi 2 t\u00e4hden, kuusi 1 t\u00e4hden ja seitsem\u00e4n Bib Gourmand -palkinnolla tai &quot;Hyv\u00e4\u00e4 ruokaa kohtuulliseen hintaan&quot;<\/p>\n\n\n\n<figure class=\"wp-block-image size-full\"><img loading=\"lazy\" decoding=\"async\" width=\"1024\" height=\"601\" src=\"https:\/\/inzain.bike\/wp-content\/uploads\/2023\/11\/Michelin.webp\" alt=\"\" class=\"wp-image-4328\" srcset=\"https:\/\/inzain.bike\/wp-content\/uploads\/2023\/11\/Michelin.webp 1024w, https:\/\/inzain.bike\/wp-content\/uploads\/2023\/11\/Michelin-300x176.webp 300w, https:\/\/inzain.bike\/wp-content\/uploads\/2023\/11\/Michelin-768x451.webp 768w, https:\/\/inzain.bike\/wp-content\/uploads\/2023\/11\/Michelin-18x12.webp 18w, https:\/\/inzain.bike\/wp-content\/uploads\/2023\/11\/Michelin-600x352.webp 600w\" sizes=\"auto, (max-width: 1024px) 100vw, 1024px\" \/><\/figure>\n<\/div>\n<\/div>\n\n\n\n<div class=\"wp-block-columns alignwide is-layout-flex wp-container-core-columns-is-layout-28f84493 wp-block-columns-is-layout-flex\">\n<div class=\"wp-block-column is-layout-flow wp-block-column-is-layout-flow\">\n<p><strong>Historia<\/strong><\/p>\n\n\n\n<p>Tukholma perustettiin vuonna 1187 ja vanhin rakennettu osa oli nimelt\u00e4\u00e4n Stadsholmen. Se on pohjimmiltaan sama luoto tai saari kuin Tukholman vanhakaupunki nyky\u00e4\u00e4n. Tuolta ajalta ei ole j\u00e4ljell\u00e4 rakennuksia, mutta vanhin j\u00e4ljell\u00e4 oleva rakennus on Storkyrkan vuodelta 1306. Tukholma oli alusta asti p\u00e4\u00e4asiassa saksalaisten kauppiaiden kauppakeskus. Vuonna 1436 Tukholma sai kaupunkietunsa, mik\u00e4 merkitsee my\u00f6s Tukholman p\u00e4\u00e4kaupungin alkua. 1400-luvun puoliv\u00e4liss\u00e4 kaupungissa asui noin 5-6 000 ihmist\u00e4.<\/p>\n\n\n\n<div class=\"wp-block-columns is-layout-flex wp-container-core-columns-is-layout-28f84493 wp-block-columns-is-layout-flex\">\n<div class=\"wp-block-column is-layout-flow wp-block-column-is-layout-flow\">\n<figure class=\"wp-block-gallery has-nested-images columns-default is-cropped wp-block-gallery-1 is-layout-flex wp-block-gallery-is-layout-flex\">\n<figure class=\"wp-block-image size-large\"><img loading=\"lazy\" decoding=\"async\" width=\"1024\" height=\"670\" data-id=\"4340\" src=\"https:\/\/inzain.bike\/wp-content\/uploads\/2023\/11\/GamlaStan-2.webp\" alt=\"\" class=\"wp-image-4340\" srcset=\"https:\/\/inzain.bike\/wp-content\/uploads\/2023\/11\/GamlaStan-2.webp 1024w, https:\/\/inzain.bike\/wp-content\/uploads\/2023\/11\/GamlaStan-2-300x196.webp 300w, https:\/\/inzain.bike\/wp-content\/uploads\/2023\/11\/GamlaStan-2-768x503.webp 768w, https:\/\/inzain.bike\/wp-content\/uploads\/2023\/11\/GamlaStan-2-18x12.webp 18w, https:\/\/inzain.bike\/wp-content\/uploads\/2023\/11\/GamlaStan-2-600x393.webp 600w\" sizes=\"auto, (max-width: 1024px) 100vw, 1024px\" \/><\/figure>\n\n\n\n<figure class=\"wp-block-image size-large\"><img loading=\"lazy\" decoding=\"async\" width=\"833\" height=\"639\" data-id=\"4336\" src=\"https:\/\/inzain.bike\/wp-content\/uploads\/2023\/11\/Hist1-1.png\" alt=\"\" class=\"wp-image-4336\" srcset=\"https:\/\/inzain.bike\/wp-content\/uploads\/2023\/11\/Hist1-1.png 833w, https:\/\/inzain.bike\/wp-content\/uploads\/2023\/11\/Hist1-1-300x230.png 300w, https:\/\/inzain.bike\/wp-content\/uploads\/2023\/11\/Hist1-1-768x589.png 768w, https:\/\/inzain.bike\/wp-content\/uploads\/2023\/11\/Hist1-1-16x12.png 16w, https:\/\/inzain.bike\/wp-content\/uploads\/2023\/11\/Hist1-1-600x460.png 600w\" sizes=\"auto, (max-width: 833px) 100vw, 833px\" \/><\/figure>\n\n\n\n<figure class=\"wp-block-image size-large\"><img loading=\"lazy\" decoding=\"async\" width=\"844\" height=\"562\" data-id=\"4330\" src=\"https:\/\/inzain.bike\/wp-content\/uploads\/2023\/11\/Olympia.png\" alt=\"\" class=\"wp-image-4330\" srcset=\"https:\/\/inzain.bike\/wp-content\/uploads\/2023\/11\/Olympia.png 844w, https:\/\/inzain.bike\/wp-content\/uploads\/2023\/11\/Olympia-300x200.png 300w, https:\/\/inzain.bike\/wp-content\/uploads\/2023\/11\/Olympia-768x511.png 768w, https:\/\/inzain.bike\/wp-content\/uploads\/2023\/11\/Olympia-18x12.png 18w, https:\/\/inzain.bike\/wp-content\/uploads\/2023\/11\/Olympia-600x400.png 600w\" sizes=\"auto, (max-width: 844px) 100vw, 844px\" \/><\/figure>\n\n\n\n<figure class=\"wp-block-image size-large\"><img loading=\"lazy\" decoding=\"async\" width=\"956\" height=\"679\" data-id=\"4326\" src=\"https:\/\/inzain.bike\/wp-content\/uploads\/2023\/11\/Hist3.png\" alt=\"\" class=\"wp-image-4326\" srcset=\"https:\/\/inzain.bike\/wp-content\/uploads\/2023\/11\/Hist3.png 956w, https:\/\/inzain.bike\/wp-content\/uploads\/2023\/11\/Hist3-300x213.png 300w, https:\/\/inzain.bike\/wp-content\/uploads\/2023\/11\/Hist3-768x545.png 768w, https:\/\/inzain.bike\/wp-content\/uploads\/2023\/11\/Hist3-18x12.png 18w, https:\/\/inzain.bike\/wp-content\/uploads\/2023\/11\/Hist3-600x426.png 600w\" sizes=\"auto, (max-width: 956px) 100vw, 956px\" \/><\/figure>\n\n\n\n<figure class=\"wp-block-image size-large\"><img loading=\"lazy\" decoding=\"async\" width=\"1023\" height=\"744\" data-id=\"4325\" src=\"https:\/\/inzain.bike\/wp-content\/uploads\/2023\/11\/Hist2.webp\" alt=\"\" class=\"wp-image-4325\" srcset=\"https:\/\/inzain.bike\/wp-content\/uploads\/2023\/11\/Hist2.webp 1023w, https:\/\/inzain.bike\/wp-content\/uploads\/2023\/11\/Hist2-300x218.webp 300w, https:\/\/inzain.bike\/wp-content\/uploads\/2023\/11\/Hist2-768x559.webp 768w, https:\/\/inzain.bike\/wp-content\/uploads\/2023\/11\/Hist2-18x12.webp 18w, https:\/\/inzain.bike\/wp-content\/uploads\/2023\/11\/Hist2-600x436.webp 600w\" sizes=\"auto, (max-width: 1023px) 100vw, 1023px\" \/><\/figure>\n<\/figure>\n<\/div>\n<\/div>\n<\/div>\n<\/div>\n\n\n\n<div class=\"wp-block-columns alignwide is-layout-flex wp-container-core-columns-is-layout-28f84493 wp-block-columns-is-layout-flex\">\n<div class=\"wp-block-column is-layout-flow wp-block-column-is-layout-flow\">\n<p>Suurvalta-aikana kaupunkisuunnittelu aloitettiin suuremmassa mittakaavassa Tukholmassa, jonka j\u00e4lkeen kaupunki kasvoi p\u00e4\u00e4osin pohjoiseen kohti Norrmalmia. Kustaa Kolmannen aikana kulttuuri sai vauhtia muun muassa Taideakatemian ja Kuninkaallisen Oopperan perustamisen my\u00f6t\u00e4. <\/p>\n<\/div>\n<\/div>\n\n\n\n<div class=\"wp-block-columns alignwide is-layout-flex wp-container-core-columns-is-layout-28f84493 wp-block-columns-is-layout-flex\">\n<div class=\"wp-block-column is-layout-flow wp-block-column-is-layout-flow\">\n<p>1800-luvun aikana tuli teollistuminen ja vuosisadan puoliv\u00e4liin menness\u00e4 vuonna 1850 v\u00e4kiluku oli 93 000 ja kasvoi nopeasti 216 000:een vuonna 1885. Kaupunkia piti laajentaa ja se tehtiin samaan aikaan rakentamalla rautatie, s\u00e4hk\u00f6, vesi. ja kaasuty\u00f6t.<\/p>\n<\/div>\n<\/div>\n\n\n\n<div class=\"wp-block-columns alignwide is-layout-flex wp-container-core-columns-is-layout-28f84493 wp-block-columns-is-layout-flex\">\n<div class=\"wp-block-column is-layout-flow wp-block-column-is-layout-flow\">\n<p>Vuonna 1912 olympialaiset pidettiin Tukholmassa, ja Olympiastadion on edelleen n\u00e4ht\u00e4vill\u00e4. Nyky\u00e4\u00e4n Tukholma on 2,4 miljoonan asukkaan kaupunki p\u00e4\u00e4kaupunkiseudulla.<\/p>\n<\/div>\n<\/div>\n\n\n\n<div class=\"wp-block-columns alignwide is-layout-flex wp-container-core-columns-is-layout-28f84493 wp-block-columns-is-layout-flex\">\n<div class=\"wp-block-column is-layout-flow wp-block-column-is-layout-flow\">\n<p><strong>Kulttuuri<\/strong><\/p>\n\n\n\n<p>Tukholmassa on uskomaton valikoima museoita ja muita kulttuurilaitoksia. Museoita on noin 70 ja suosituimpia ovat Skansen-ulkoilmamuseo ja Vasa-museo, jossa on maailman ainoa s\u00e4ilynyt 1600-luvun galleoni. Taiteesta kiinnostuneille suositellaan Modernia museota ja kirjallisuudesta kiinnostuneille vierailua kuninkaalliseen kirjastoon, jossa on esill\u00e4 muun muassa &quot;Dj\u00e4vulsbibeln&quot;.<\/p>\n\n\n\n<figure class=\"wp-block-image aligncenter size-full\"><img loading=\"lazy\" decoding=\"async\" width=\"665\" height=\"429\" src=\"https:\/\/inzain.bike\/wp-content\/uploads\/2023\/11\/Moderna.png\" alt=\"\" class=\"wp-image-4329\" srcset=\"https:\/\/inzain.bike\/wp-content\/uploads\/2023\/11\/Moderna.png 665w, https:\/\/inzain.bike\/wp-content\/uploads\/2023\/11\/Moderna-300x194.png 300w, https:\/\/inzain.bike\/wp-content\/uploads\/2023\/11\/Moderna-18x12.png 18w, https:\/\/inzain.bike\/wp-content\/uploads\/2023\/11\/Moderna-600x387.png 600w\" sizes=\"auto, (max-width: 665px) 100vw, 665px\" \/><\/figure>\n<\/div>\n<\/div>\n\n\n\n<div class=\"wp-block-columns alignwide is-layout-flex wp-container-core-columns-is-layout-28f84493 wp-block-columns-is-layout-flex\">\n<div class=\"wp-block-column is-layout-flow wp-block-column-is-layout-flow\">\n<p><strong>Hauskuus<\/strong><\/p>\n\n\n\n<p>Viihdetarjonta Tukholmassa on monipuolinen. Vuosittain j\u00e4rjestet\u00e4\u00e4n useita (usein loppuunmyytyj\u00e4) kotimaisten ja kansainv\u00e4listen artistien konsertteja. Luonnollisesti on y\u00f6kerhoja ja vastaavia instituutioita, joissa on kaikenlaista kuviteltavissa olevaa musiikkia, mutta Tukholmaan liittyy ehk\u00e4 eniten Jazz. Valittavana on useita pieni\u00e4 jazzklubeja, ja on hyvin todenn\u00e4k\u00f6ist\u00e4, ett\u00e4 keikkoja tulee meneill\u00e4\u00e4n sin\u00e4 aikana, kun olet kaupungissa. Etsi valikoimaa Fachingista, Stampenista, Glenn Miller Caf\u00e9sta tai kenties Hotel Hellstenin African Jazz -klubista...<\/p>\n<\/div>\n<\/div>\n\n\n\n<figure class=\"wp-block-image size-full\"><img loading=\"lazy\" decoding=\"async\" width=\"1023\" height=\"377\" src=\"https:\/\/inzain.bike\/wp-content\/uploads\/2023\/11\/Jazz-1.webp\" alt=\"\" class=\"wp-image-4343\" srcset=\"https:\/\/inzain.bike\/wp-content\/uploads\/2023\/11\/Jazz-1.webp 1023w, https:\/\/inzain.bike\/wp-content\/uploads\/2023\/11\/Jazz-1-300x111.webp 300w, https:\/\/inzain.bike\/wp-content\/uploads\/2023\/11\/Jazz-1-768x283.webp 768w, https:\/\/inzain.bike\/wp-content\/uploads\/2023\/11\/Jazz-1-18x7.webp 18w, https:\/\/inzain.bike\/wp-content\/uploads\/2023\/11\/Jazz-1-600x221.webp 600w\" sizes=\"auto, (max-width: 1023px) 100vw, 1023px\" \/><\/figure>\n\n\n\n<div class=\"wp-block-columns alignwide is-layout-flex wp-container-core-columns-is-layout-28f84493 wp-block-columns-is-layout-flex\">\n<div class=\"wp-block-column is-layout-flow wp-block-column-is-layout-flow\">\n<p><strong>Luonto<\/strong><\/p>\n\n\n\n<p>Miss\u00e4 tahansa Tukholmassa k\u00e4\u00e4nnytkin, luonto on aina l\u00e4hell\u00e4. Tulet huomaamaan, kuinka nopeasti voimme poistua kaupunkiymp\u00e4rist\u00f6st\u00e4 vain l\u00f6yt\u00e4\u00e4ksemme mets\u00e4t ja tiet t\u00e4ysin tyhjiksi autoista ja ihmisist\u00e4 muutaman minuutin kuluttua. Se on l\u00e4hell\u00e4 luontoa my\u00f6s merell\u00e4, varsinkin siit\u00e4 paikasta, jonka valitsimme k\u00e4ytt\u00e4\u00e4 viikon alkupuoliskolla. Ellery Beach Housesta p\u00e4\u00e4set ulkosaaristoon 30 minuutissa nopealla RIB:ll\u00e4. Seuraava pys\u00e4kki siihen suuntaan on sitten Ven\u00e4j\u00e4 \ud83d\ude09 .<\/p>\n<\/div>\n<\/div>\n\n\n\n<figure class=\"wp-block-image size-full is-resized\"><img loading=\"lazy\" decoding=\"async\" width=\"571\" height=\"279\" src=\"https:\/\/inzain.bike\/wp-content\/uploads\/2023\/11\/image-1.png\" alt=\"\" class=\"wp-image-4346\" style=\"width:700px;height:auto\" srcset=\"https:\/\/inzain.bike\/wp-content\/uploads\/2023\/11\/image-1.png 571w, https:\/\/inzain.bike\/wp-content\/uploads\/2023\/11\/image-1-300x147.png 300w, https:\/\/inzain.bike\/wp-content\/uploads\/2023\/11\/image-1-18x9.png 18w\" sizes=\"auto, (max-width: 571px) 100vw, 571px\" \/><\/figure>\n\n\n\n<figure class=\"wp-block-image size-large is-resized\"><img loading=\"lazy\" decoding=\"async\" width=\"1024\" height=\"497\" src=\"https:\/\/inzain.bike\/wp-content\/uploads\/2023\/10\/image-14-1024x497.png\" alt=\"\" class=\"wp-image-3846\" style=\"width:701px;height:auto\" srcset=\"https:\/\/inzain.bike\/wp-content\/uploads\/2023\/10\/image-14-1024x497.png 1024w, https:\/\/inzain.bike\/wp-content\/uploads\/2023\/10\/image-14-300x146.png 300w, https:\/\/inzain.bike\/wp-content\/uploads\/2023\/10\/image-14-768x373.png 768w, https:\/\/inzain.bike\/wp-content\/uploads\/2023\/10\/image-14-18x9.png 18w, https:\/\/inzain.bike\/wp-content\/uploads\/2023\/10\/image-14-1320x641.png 1320w, https:\/\/inzain.bike\/wp-content\/uploads\/2023\/10\/image-14-600x291.png 600w, https:\/\/inzain.bike\/wp-content\/uploads\/2023\/10\/image-14.png 1506w\" sizes=\"auto, (max-width: 1024px) 100vw, 1024px\" \/><\/figure>\n\n\n\n<p><\/p>\n\n\n\n<div class=\"wp-block-columns alignwide is-layout-flex wp-container-core-columns-is-layout-28f84493 wp-block-columns-is-layout-flex\">\n<div class=\"wp-block-column is-layout-flow wp-block-column-is-layout-flow\">\n<p>S\u00e4\u00e4n salliessa ajamme y\u00f6py\u00f6r\u00e4ilyn. Silloin p\u00e4\u00e4semme todella l\u00e4helle luontoa. Tulemme todenn\u00e4k\u00f6isesti n\u00e4kem\u00e4\u00e4n peuroja, kettuja, j\u00e4niksi\u00e4, villisikoja, hirvi\u00e4 ja ehk\u00e4 jopa hirvi\u00e4 matkallamme h\u00e4m\u00e4r\u00e4\u00e4n\u2026 \u2026 miss\u00e4 n\u00e4emme my\u00f6s keijuja tanssimassa peltojen poikki juuri ennen kuin aurinko taas nousee sivuilta.<\/p>\n<\/div>\n<\/div>\n\n\n\n<div class=\"wp-block-columns alignwide is-layout-flex wp-container-core-columns-is-layout-28f84493 wp-block-columns-is-layout-flex\">\n<div class=\"wp-block-column is-layout-flow wp-block-column-is-layout-flow\"><\/div>\n\n\n\n<div class=\"wp-block-column is-layout-flow wp-block-column-is-layout-flow\"><\/div>\n<\/div>\n\n\n\n<p><\/p>","protected":false},"excerpt":{"rendered":"<p>Shopping Det finns gott om bra shopping i Stockholm. Den \u00e4r relativt koncentrerad runt ett antal centralt bel\u00e4gna gator. Vi kan f\u00f6rsl\u00e5 en l\u00e4mplig rutt runt stan som tar oss runt de v\u00e4sentligaste delarna. se bild! B\u00f6rja vid Stureplan och avsluta vid \u00d6stermalmshallen. L\u00e4ngs v\u00e4gen finns ocks\u00e5 flera bra restauranger och &#8220;vattenh\u00e5l&#8221; f\u00f6r att sl\u00e4cka [&hellip;]<\/p>\n","protected":false},"author":135133094,"featured_media":0,"parent":0,"menu_order":0,"comment_status":"closed","ping_status":"closed","template":"","meta":{"_coblocks_attr":"Roboto","_coblocks_dimensions":"","_coblocks_responsive_height":"","_coblocks_accordion_ie_support":"","footnotes":""},"class_list":["post-3777","page","type-page","status-publish","hentry"],"yoast_head":"<!-- This site is optimized with the Yoast SEO plugin v27.2 - https:\/\/yoast.com\/product\/yoast-seo-wordpress\/ -->\n<title>Stockholm Aktiviteter - INZAIN Cycling EXPERIENCES<\/title>\n<meta name=\"robots\" content=\"index, follow, max-snippet:-1, max-image-preview:large, max-video-preview:-1\" \/>\n<link rel=\"canonical\" href=\"https:\/\/inzain.bike\/fi\/aktiviteter\/\" \/>\n<meta property=\"og:locale\" content=\"fi_FI\" \/>\n<meta property=\"og:type\" content=\"article\" \/>\n<meta property=\"og:title\" content=\"Stockholm Aktiviteter - INZAIN Cycling EXPERIENCES\" \/>\n<meta property=\"og:description\" content=\"Shopping Det finns gott om bra shopping i Stockholm. Den \u00e4r relativt koncentrerad runt ett antal centralt bel\u00e4gna gator. Vi kan f\u00f6rsl\u00e5 en l\u00e4mplig rutt runt stan som tar oss runt de v\u00e4sentligaste delarna. se bild! B\u00f6rja vid Stureplan och avsluta vid \u00d6stermalmshallen. L\u00e4ngs v\u00e4gen finns ocks\u00e5 flera bra restauranger och &#8220;vattenh\u00e5l&#8221; f\u00f6r att sl\u00e4cka [&hellip;]\" \/>\n<meta property=\"og:url\" content=\"https:\/\/inzain.bike\/fi\/aktiviteter\/\" \/>\n<meta property=\"og:site_name\" content=\"INZAIN Cycling EXPERIENCES\" \/>\n<meta property=\"article:publisher\" content=\"https:\/\/www.facebook.com\/Inzain.bike\" \/>\n<meta property=\"article:modified_time\" content=\"2024-03-03T10:12:33+00:00\" \/>\n<meta property=\"og:image\" content=\"https:\/\/inzain.bike\/wp-content\/uploads\/2023\/11\/Shopping.png\" \/>\n<meta name=\"twitter:card\" content=\"summary_large_image\" \/>\n<meta name=\"twitter:label1\" content=\"Arvioitu lukuaika\" \/>\n\t<meta name=\"twitter:data1\" content=\"6 minuuttia\" \/>\n<script type=\"application\/ld+json\" class=\"yoast-schema-graph\">{\"@context\":\"https:\/\/schema.org\",\"@graph\":[{\"@type\":\"WebPage\",\"@id\":\"https:\/\/inzain.bike\/da\/aktiviteter\/\",\"url\":\"https:\/\/inzain.bike\/da\/aktiviteter\/\",\"name\":\"Stockholm Aktiviteter - INZAIN Cycling EXPERIENCES\",\"isPartOf\":{\"@id\":\"https:\/\/inzain.bike\/fr_be\/#website\"},\"primaryImageOfPage\":{\"@id\":\"https:\/\/inzain.bike\/da\/aktiviteter\/#primaryimage\"},\"image\":{\"@id\":\"https:\/\/inzain.bike\/da\/aktiviteter\/#primaryimage\"},\"thumbnailUrl\":\"https:\/\/inzain.bike\/wp-content\/uploads\/2023\/11\/Shopping.png\",\"datePublished\":\"2023-10-25T17:38:23+00:00\",\"dateModified\":\"2024-03-03T10:12:33+00:00\",\"breadcrumb\":{\"@id\":\"https:\/\/inzain.bike\/da\/aktiviteter\/#breadcrumb\"},\"inLanguage\":\"fi\",\"potentialAction\":[{\"@type\":\"ReadAction\",\"target\":[\"https:\/\/inzain.bike\/da\/aktiviteter\/\"]}]},{\"@type\":\"ImageObject\",\"inLanguage\":\"fi\",\"@id\":\"https:\/\/inzain.bike\/da\/aktiviteter\/#primaryimage\",\"url\":\"https:\/\/inzain.bike\/wp-content\/uploads\/2023\/11\/Shopping.png\",\"contentUrl\":\"https:\/\/inzain.bike\/wp-content\/uploads\/2023\/11\/Shopping.png\"},{\"@type\":\"BreadcrumbList\",\"@id\":\"https:\/\/inzain.bike\/da\/aktiviteter\/#breadcrumb\",\"itemListElement\":[{\"@type\":\"ListItem\",\"position\":1,\"name\":\"Hem\",\"item\":\"https:\/\/inzain.bike\/fr_be\/\"},{\"@type\":\"ListItem\",\"position\":2,\"name\":\"Stockholm Aktiviteter\"}]},{\"@type\":\"WebSite\",\"@id\":\"https:\/\/inzain.bike\/fr_be\/#website\",\"url\":\"https:\/\/inzain.bike\/fr_be\/\",\"name\":\"INZAIN Cycling EXPERIENCES\",\"description\":\"Cyckling Adventures  - for everyone\",\"publisher\":{\"@id\":\"https:\/\/inzain.bike\/fr_be\/#organization\"},\"alternateName\":\"INZAIN Gravel & Travel\",\"potentialAction\":[{\"@type\":\"SearchAction\",\"target\":{\"@type\":\"EntryPoint\",\"urlTemplate\":\"https:\/\/inzain.bike\/fr_be\/?s={search_term_string}\"},\"query-input\":{\"@type\":\"PropertyValueSpecification\",\"valueRequired\":true,\"valueName\":\"search_term_string\"}}],\"inLanguage\":\"fi\"},{\"@type\":\"Organization\",\"@id\":\"https:\/\/inzain.bike\/fr_be\/#organization\",\"name\":\"INZAIN Cycling EXPERIENCES\",\"url\":\"https:\/\/inzain.bike\/fr_be\/\",\"logo\":{\"@type\":\"ImageObject\",\"inLanguage\":\"fi\",\"@id\":\"https:\/\/inzain.bike\/fr_be\/#\/schema\/logo\/image\/\",\"url\":\"https:\/\/i0.wp.com\/inzain.bike\/wp-content\/uploads\/2023\/09\/cropped-INZAIN_512x512_white.png?fit=512%2C512&ssl=1\",\"contentUrl\":\"https:\/\/i0.wp.com\/inzain.bike\/wp-content\/uploads\/2023\/09\/cropped-INZAIN_512x512_white.png?fit=512%2C512&ssl=1\",\"width\":512,\"height\":512,\"caption\":\"INZAIN Cycling EXPERIENCES\"},\"image\":{\"@id\":\"https:\/\/inzain.bike\/fr_be\/#\/schema\/logo\/image\/\"},\"sameAs\":[\"https:\/\/www.facebook.com\/Inzain.bike\",\"https:\/\/www.instagram.com\/inzainbike\"]}]}<\/script>\n<!-- \/ Yoast SEO plugin. -->","yoast_head_json":{"title":"Tukholman aktiviteetit - INZAIN Cycling EXPERIENCES","robots":{"index":"index","follow":"follow","max-snippet":"max-snippet:-1","max-image-preview":"max-image-preview:large","max-video-preview":"max-video-preview:-1"},"canonical":"https:\/\/inzain.bike\/fi\/aktiviteter\/","og_locale":"fi_FI","og_type":"article","og_title":"Stockholm Aktiviteter - INZAIN Cycling EXPERIENCES","og_description":"Shopping Det finns gott om bra shopping i Stockholm. Den \u00e4r relativt koncentrerad runt ett antal centralt bel\u00e4gna gator. Vi kan f\u00f6rsl\u00e5 en l\u00e4mplig rutt runt stan som tar oss runt de v\u00e4sentligaste delarna. se bild! B\u00f6rja vid Stureplan och avsluta vid \u00d6stermalmshallen. L\u00e4ngs v\u00e4gen finns ocks\u00e5 flera bra restauranger och &#8220;vattenh\u00e5l&#8221; f\u00f6r att sl\u00e4cka [&hellip;]","og_url":"https:\/\/inzain.bike\/fi\/aktiviteter\/","og_site_name":"INZAIN Cycling EXPERIENCES","article_publisher":"https:\/\/www.facebook.com\/Inzain.bike","article_modified_time":"2024-03-03T10:12:33+00:00","og_image":[{"url":"https:\/\/inzain.bike\/wp-content\/uploads\/2023\/11\/Shopping.png","type":"","width":"","height":""}],"twitter_card":"summary_large_image","twitter_misc":{"Arvioitu lukuaika":"6 minuuttia"},"schema":{"@context":"https:\/\/schema.org","@graph":[{"@type":"WebPage","@id":"https:\/\/inzain.bike\/da\/aktiviteter\/","url":"https:\/\/inzain.bike\/da\/aktiviteter\/","name":"Tukholman aktiviteetit - INZAIN Cycling EXPERIENCES","isPartOf":{"@id":"https:\/\/inzain.bike\/fr_be\/#website"},"primaryImageOfPage":{"@id":"https:\/\/inzain.bike\/da\/aktiviteter\/#primaryimage"},"image":{"@id":"https:\/\/inzain.bike\/da\/aktiviteter\/#primaryimage"},"thumbnailUrl":"https:\/\/inzain.bike\/wp-content\/uploads\/2023\/11\/Shopping.png","datePublished":"2023-10-25T17:38:23+00:00","dateModified":"2024-03-03T10:12:33+00:00","breadcrumb":{"@id":"https:\/\/inzain.bike\/da\/aktiviteter\/#breadcrumb"},"inLanguage":"fi","potentialAction":[{"@type":"ReadAction","target":["https:\/\/inzain.bike\/da\/aktiviteter\/"]}]},{"@type":"ImageObject","inLanguage":"fi","@id":"https:\/\/inzain.bike\/da\/aktiviteter\/#primaryimage","url":"https:\/\/inzain.bike\/wp-content\/uploads\/2023\/11\/Shopping.png","contentUrl":"https:\/\/inzain.bike\/wp-content\/uploads\/2023\/11\/Shopping.png"},{"@type":"BreadcrumbList","@id":"https:\/\/inzain.bike\/da\/aktiviteter\/#breadcrumb","itemListElement":[{"@type":"ListItem","position":1,"name":"Hem","item":"https:\/\/inzain.bike\/fr_be\/"},{"@type":"ListItem","position":2,"name":"Stockholm Aktiviteter"}]},{"@type":"WebSite","@id":"https:\/\/inzain.bike\/fr_be\/#website","url":"https:\/\/inzain.bike\/fr_be\/","name":"INZAIN Py\u00f6r\u00e4ily-KOKEMUKSIA","description":"Py\u00f6r\u00e4ilyseikkailut - kaikille","publisher":{"@id":"https:\/\/inzain.bike\/fr_be\/#organization"},"alternateName":"INZAIN Gravel & Travel","potentialAction":[{"@type":"SearchAction","target":{"@type":"EntryPoint","urlTemplate":"https:\/\/inzain.bike\/fr_be\/?s={search_term_string}"},"query-input":{"@type":"PropertyValueSpecification","valueRequired":true,"valueName":"search_term_string"}}],"inLanguage":"fi"},{"@type":"Organization","@id":"https:\/\/inzain.bike\/fr_be\/#organization","name":"INZAIN Py\u00f6r\u00e4ily-KOKEMUKSIA","url":"https:\/\/inzain.bike\/fr_be\/","logo":{"@type":"ImageObject","inLanguage":"fi","@id":"https:\/\/inzain.bike\/fr_be\/#\/schema\/logo\/image\/","url":"https:\/\/i0.wp.com\/inzain.bike\/wp-content\/uploads\/2023\/09\/cropped-INZAIN_512x512_white.png?fit=512%2C512&ssl=1","contentUrl":"https:\/\/i0.wp.com\/inzain.bike\/wp-content\/uploads\/2023\/09\/cropped-INZAIN_512x512_white.png?fit=512%2C512&ssl=1","width":512,"height":512,"caption":"INZAIN Cycling EXPERIENCES"},"image":{"@id":"https:\/\/inzain.bike\/fr_be\/#\/schema\/logo\/image\/"},"sameAs":["https:\/\/www.facebook.com\/Inzain.bike","https:\/\/www.instagram.com\/inzainbike"]}]}},"amp_enabled":true,"_links":{"self":[{"href":"https:\/\/inzain.bike\/fi\/wp-json\/wp\/v2\/pages\/3777","targetHints":{"allow":["GET"]}}],"collection":[{"href":"https:\/\/inzain.bike\/fi\/wp-json\/wp\/v2\/pages"}],"about":[{"href":"https:\/\/inzain.bike\/fi\/wp-json\/wp\/v2\/types\/page"}],"author":[{"embeddable":true,"href":"https:\/\/inzain.bike\/fi\/wp-json\/wp\/v2\/users\/135133094"}],"replies":[{"embeddable":true,"href":"https:\/\/inzain.bike\/fi\/wp-json\/wp\/v2\/comments?post=3777"}],"version-history":[{"count":0,"href":"https:\/\/inzain.bike\/fi\/wp-json\/wp\/v2\/pages\/3777\/revisions"}],"wp:attachment":[{"href":"https:\/\/inzain.bike\/fi\/wp-json\/wp\/v2\/media?parent=3777"}],"curies":[{"name":"wp","href":"https:\/\/api.w.org\/{rel}","templated":true}]}}