{"id":4044,"date":"2023-11-02T10:16:25","date_gmt":"2023-11-02T09:16:25","guid":{"rendered":"https:\/\/inzain.bike\/?page_id=4044"},"modified":"2023-11-26T10:27:09","modified_gmt":"2023-11-26T09:27:09","slug":"mat","status":"publish","type":"page","link":"https:\/\/inzain.bike\/fi\/mat\/","title":{"rendered":"Tukholman ruoka"},"content":{"rendered":"<div class=\"wp-block-columns alignwide is-layout-flex wp-container-core-columns-is-layout-28f84493 wp-block-columns-is-layout-flex\">\n<div class=\"wp-block-column is-layout-flow wp-block-column-is-layout-flow\">\n<figure class=\"wp-block-image size-large\"><img loading=\"lazy\" decoding=\"async\" width=\"1024\" height=\"683\" src=\"https:\/\/inzain.bike\/wp-content\/uploads\/2023\/11\/pexels-fauxels-3184183-1-1024x683.jpg\" alt=\"\" class=\"wp-image-4047\" srcset=\"https:\/\/inzain.bike\/wp-content\/uploads\/2023\/11\/pexels-fauxels-3184183-1-1024x683.jpg 1024w, https:\/\/inzain.bike\/wp-content\/uploads\/2023\/11\/pexels-fauxels-3184183-1-300x200.jpg 300w, https:\/\/inzain.bike\/wp-content\/uploads\/2023\/11\/pexels-fauxels-3184183-1-768x513.jpg 768w, https:\/\/inzain.bike\/wp-content\/uploads\/2023\/11\/pexels-fauxels-3184183-1-1536x1025.jpg 1536w, https:\/\/inzain.bike\/wp-content\/uploads\/2023\/11\/pexels-fauxels-3184183-1-2048x1367.jpg 2048w, https:\/\/inzain.bike\/wp-content\/uploads\/2023\/11\/pexels-fauxels-3184183-1-18x12.jpg 18w, https:\/\/inzain.bike\/wp-content\/uploads\/2023\/11\/pexels-fauxels-3184183-1-1320x881.jpg 1320w, https:\/\/inzain.bike\/wp-content\/uploads\/2023\/11\/pexels-fauxels-3184183-1-600x400.jpg 600w\" sizes=\"auto, (max-width: 1024px) 100vw, 1024px\" \/><\/figure>\n<\/div>\n\n\n\n<div class=\"wp-block-column is-layout-flow wp-block-column-is-layout-flow\">\n<p class=\"has-roboto-font-family has-custom-font\" style=\"font-family:Roboto\">Tukholma tunnetaan monista laadukkaista ravintoloistaan. Ruotsalainen, italialainen, ranskalainen, intialainen, japanilainen, kyll\u00e4 useimmat ruokalajit ovat saatavilla. Jos sy\u00f6t kasvissy\u00f6j\u00e4, olet allerginen, olet vegaani tai haluat sy\u00f6d\u00e4 kosheria, huomaat, ett\u00e4 kaikki maut ja tarpeet voidaan tyydytt\u00e4\u00e4.<\/p>\n\n\n\n<p>Ruotsin perinne sanelee, ett\u00e4 sy\u00f6t yleens\u00e4 kolme ateriaa p\u00e4iv\u00e4ss\u00e4; Aamupala, lounas ja p\u00e4iv\u00e4llinen. Yleens\u00e4 lounas ja illallinen ovat l\u00e4mpimi\u00e4 ruokia, kun taas aamiainen koostuu usein jostain yksinkertaisemmasta, kuten muroista\/myslista ja maidosta\/jogurtista ja kahvista\/teet\u00e4... <\/p>\n\n\n\n<p><\/p>\n<\/div>\n<\/div>\n\n\n\n<div class=\"wp-block-columns alignwide is-layout-flex wp-container-core-columns-is-layout-28f84493 wp-block-columns-is-layout-flex\">\n<div class=\"wp-block-column is-layout-flow wp-block-column-is-layout-flow\">\n<h1 class=\"wp-block-heading\" id=\"h-Densvenskafikakulturen\">KAHVI<\/h1>\n\n\n\n<p>Tuo &quot;Fika&quot; on kuin laitos Ruotsissa. Kahvin juomisen perinne Ruotsissa ulottuu satojen vuosien taakse ja sill\u00e4 on yhteyksi\u00e4 kahvin k\u00e4ytt\u00f6\u00f6nottoon. Kuitenkin vasta vuonna 1910 sana fika tuli k\u00e4sitteeksi. Kahvin nauttiminen voi olla kupillisen kahvin nauttimista hyvien yst\u00e4vien seurassa, taukoa t\u00f6iss\u00e4 tai kahvilassa k\u00e4ymist\u00e4. Nyky\u00e4\u00e4n se ei liity tiukasti kahvin juomiseen, vaan se on enemm\u00e4n taukoa arjen rutiineissa, el\u00e4m\u00e4ss\u00e4, kuppi kahvia, lasillinen mehua ja mieluiten hyv\u00e4n lisukkeen kera.<\/p>\n\n\n\n<h2 class=\"wp-block-heading\" id=\"h-Vadarfika\">Mit\u00e4 on kahvi?<\/h2>\n\n\n\n<p>Kahvi on osa ruotsalaista kulttuuria, ilmi\u00f6, johon monilla ruotsalaisilla on suhde ja joka heijastaa tietty\u00e4 mentaliteettia. Kahvin juominen on rituaali, jossa tapaaminen ja sosiaalinen vaihto ovat keski\u00f6ss\u00e4, tapa seurustella yhdess\u00e4 yhden tai useamman ihmisen kanssa. Kaikki eiv\u00e4t hyv\u00e4ksy kahvin juontia t\u00e4ysin, ja voi k\u00e4yd\u00e4 niin, ett\u00e4 katsot sellaista henkil\u00f6\u00e4 vinosti. Kahvijuhlissa tavallisia asusteita ovat kanelipullat, sokerikakku ja erilaiset keksit. Joskus kahvileip\u00e4 voidaan korvata voileiv\u00e4ll\u00e4 tai hedelm\u00e4ll\u00e4.<\/p>\n<\/div>\n\n\n\n<div class=\"wp-block-column is-layout-flow wp-block-column-is-layout-flow\">\n<figure class=\"wp-block-image size-full\"><img loading=\"lazy\" decoding=\"async\" width=\"1000\" height=\"667\" src=\"https:\/\/inzain.bike\/wp-content\/uploads\/2023\/11\/12.jpg\" alt=\"\" class=\"wp-image-4050\" srcset=\"https:\/\/inzain.bike\/wp-content\/uploads\/2023\/11\/12.jpg 1000w, https:\/\/inzain.bike\/wp-content\/uploads\/2023\/11\/12-300x200.jpg 300w, https:\/\/inzain.bike\/wp-content\/uploads\/2023\/11\/12-768x512.jpg 768w, https:\/\/inzain.bike\/wp-content\/uploads\/2023\/11\/12-18x12.jpg 18w, https:\/\/inzain.bike\/wp-content\/uploads\/2023\/11\/12-600x400.jpg 600w\" sizes=\"auto, (max-width: 1000px) 100vw, 1000px\" \/><\/figure>\n<\/div>\n<\/div>\n\n\n\n<div class=\"wp-block-columns alignwide is-layout-flex wp-container-core-columns-is-layout-28f84493 wp-block-columns-is-layout-flex\">\n<div class=\"wp-block-column is-layout-flow wp-block-column-is-layout-flow\">\n<figure class=\"wp-block-image size-full\"><img loading=\"lazy\" decoding=\"async\" width=\"510\" height=\"562\" src=\"https:\/\/inzain.bike\/wp-content\/uploads\/2023\/11\/KrusenANTea-1.png\" alt=\"\" class=\"wp-image-4261\" srcset=\"https:\/\/inzain.bike\/wp-content\/uploads\/2023\/11\/KrusenANTea-1.png 510w, https:\/\/inzain.bike\/wp-content\/uploads\/2023\/11\/KrusenANTea-1-272x300.png 272w, https:\/\/inzain.bike\/wp-content\/uploads\/2023\/11\/KrusenANTea-1-11x12.png 11w\" sizes=\"auto, (max-width: 510px) 100vw, 510px\" \/><\/figure>\n<\/div>\n\n\n\n<div class=\"wp-block-column is-layout-flow wp-block-column-is-layout-flow\">\n<h2 class=\"wp-block-heading\" id=\"h-Vadarfika\">Mit\u00e4 sis\u00e4ltyy?<\/h2>\n\n\n\n<ul class=\"wp-block-list\">\n<li>Aamiainen hotellissa.<\/li>\n\n\n\n<li>Tervetuliaisillallinen Ellery Beach Housessa ja kaksi illallista Krusenberg Herrg\u00e5rdissa. <\/li>\n\n\n\n<li>Lounas ja kahvit py\u00f6r\u00e4retkill\u00e4 sek\u00e4 lepop\u00e4iv\u00e4n erilaisissa aktiviteetteissa, kuten mm. purjehdus tai RIB-kiertue.<br><br>Muita illallisia voi nauttia hotelleissa tai miksei jossakin Tukholman monista pubeista. J\u00e4rjest\u00e4mme ravintolaehdotuksia, varauksen ja kuljetuksen.<br><\/li>\n<\/ul>\n\n\n\n<p><\/p>\n<\/div>\n<\/div>","protected":false},"excerpt":{"rendered":"<p>Stockholm \u00e4r k\u00e4nt f\u00f6r sina m\u00e5nga restauranger av h\u00f6g kvalitet. Svenskt, Italienskt, Franskt, Indiskt, Japansk, ja de flesta typer av mat finns att tillg\u00e5. Om du \u00e4ter vegetariskt, har allergier \u00e4r vegan eller vill \u00e4ta Kosher s\u00e5 kommer du finna att alla smaker och behov kan tillfredsst\u00e4llas. Traditionen i Sverige p\u00e5bjuder att man vanligtvis \u00e4ter [&hellip;]<\/p>\n","protected":false},"author":135133094,"featured_media":0,"parent":0,"menu_order":0,"comment_status":"closed","ping_status":"closed","template":"","meta":{"_coblocks_attr":"Roboto","_coblocks_dimensions":"","_coblocks_responsive_height":"","_coblocks_accordion_ie_support":"","footnotes":""},"class_list":["post-4044","page","type-page","status-publish","hentry"],"yoast_head":"<!-- This site is optimized with the Yoast SEO plugin v27.2 - https:\/\/yoast.com\/product\/yoast-seo-wordpress\/ -->\n<title>Stockholm Mat - INZAIN Cycling EXPERIENCES<\/title>\n<meta name=\"robots\" content=\"index, follow, max-snippet:-1, max-image-preview:large, max-video-preview:-1\" \/>\n<link rel=\"canonical\" href=\"https:\/\/inzain.bike\/fi\/mat\/\" \/>\n<meta property=\"og:locale\" content=\"fi_FI\" \/>\n<meta property=\"og:type\" content=\"article\" \/>\n<meta property=\"og:title\" content=\"Stockholm Mat - INZAIN Cycling EXPERIENCES\" \/>\n<meta property=\"og:description\" content=\"Stockholm \u00e4r k\u00e4nt f\u00f6r sina m\u00e5nga restauranger av h\u00f6g kvalitet. Svenskt, Italienskt, Franskt, Indiskt, Japansk, ja de flesta typer av mat finns att tillg\u00e5. Om du \u00e4ter vegetariskt, har allergier \u00e4r vegan eller vill \u00e4ta Kosher s\u00e5 kommer du finna att alla smaker och behov kan tillfredsst\u00e4llas. Traditionen i Sverige p\u00e5bjuder att man vanligtvis \u00e4ter [&hellip;]\" \/>\n<meta property=\"og:url\" content=\"https:\/\/inzain.bike\/fi\/mat\/\" \/>\n<meta property=\"og:site_name\" content=\"INZAIN Cycling EXPERIENCES\" \/>\n<meta property=\"article:publisher\" content=\"https:\/\/www.facebook.com\/Inzain.bike\" \/>\n<meta property=\"article:modified_time\" content=\"2023-11-26T09:27:09+00:00\" \/>\n<meta property=\"og:image\" content=\"https:\/\/inzain.bike\/wp-content\/uploads\/2023\/11\/pexels-fauxels-3184183-1-1024x683.jpg\" \/>\n<meta name=\"twitter:card\" content=\"summary_large_image\" \/>\n<meta name=\"twitter:label1\" content=\"Arvioitu lukuaika\" \/>\n\t<meta name=\"twitter:data1\" content=\"3 minuuttia\" \/>\n<script type=\"application\/ld+json\" class=\"yoast-schema-graph\">{\"@context\":\"https:\/\/schema.org\",\"@graph\":[{\"@type\":\"WebPage\",\"@id\":\"https:\/\/inzain.bike\/en_gb\/mat\/\",\"url\":\"https:\/\/inzain.bike\/en_gb\/mat\/\",\"name\":\"Stockholm Mat - INZAIN Cycling EXPERIENCES\",\"isPartOf\":{\"@id\":\"https:\/\/inzain.bike\/fr_be\/#website\"},\"primaryImageOfPage\":{\"@id\":\"https:\/\/inzain.bike\/en_gb\/mat\/#primaryimage\"},\"image\":{\"@id\":\"https:\/\/inzain.bike\/en_gb\/mat\/#primaryimage\"},\"thumbnailUrl\":\"https:\/\/inzain.bike\/wp-content\/uploads\/2023\/11\/pexels-fauxels-3184183-1-1024x683.jpg\",\"datePublished\":\"2023-11-02T09:16:25+00:00\",\"dateModified\":\"2023-11-26T09:27:09+00:00\",\"breadcrumb\":{\"@id\":\"https:\/\/inzain.bike\/en_gb\/mat\/#breadcrumb\"},\"inLanguage\":\"fi\",\"potentialAction\":[{\"@type\":\"ReadAction\",\"target\":[\"https:\/\/inzain.bike\/en_gb\/mat\/\"]}]},{\"@type\":\"ImageObject\",\"inLanguage\":\"fi\",\"@id\":\"https:\/\/inzain.bike\/en_gb\/mat\/#primaryimage\",\"url\":\"https:\/\/inzain.bike\/wp-content\/uploads\/2023\/11\/pexels-fauxels-3184183-1-1024x683.jpg\",\"contentUrl\":\"https:\/\/inzain.bike\/wp-content\/uploads\/2023\/11\/pexels-fauxels-3184183-1-1024x683.jpg\"},{\"@type\":\"BreadcrumbList\",\"@id\":\"https:\/\/inzain.bike\/en_gb\/mat\/#breadcrumb\",\"itemListElement\":[{\"@type\":\"ListItem\",\"position\":1,\"name\":\"Hem\",\"item\":\"https:\/\/inzain.bike\/fr_be\/\"},{\"@type\":\"ListItem\",\"position\":2,\"name\":\"Stockholm Mat\"}]},{\"@type\":\"WebSite\",\"@id\":\"https:\/\/inzain.bike\/fr_be\/#website\",\"url\":\"https:\/\/inzain.bike\/fr_be\/\",\"name\":\"INZAIN Cycling EXPERIENCES\",\"description\":\"Cyckling Adventures  - for everyone\",\"publisher\":{\"@id\":\"https:\/\/inzain.bike\/fr_be\/#organization\"},\"alternateName\":\"INZAIN Gravel & Travel\",\"potentialAction\":[{\"@type\":\"SearchAction\",\"target\":{\"@type\":\"EntryPoint\",\"urlTemplate\":\"https:\/\/inzain.bike\/fr_be\/?s={search_term_string}\"},\"query-input\":{\"@type\":\"PropertyValueSpecification\",\"valueRequired\":true,\"valueName\":\"search_term_string\"}}],\"inLanguage\":\"fi\"},{\"@type\":\"Organization\",\"@id\":\"https:\/\/inzain.bike\/fr_be\/#organization\",\"name\":\"INZAIN Cycling EXPERIENCES\",\"url\":\"https:\/\/inzain.bike\/fr_be\/\",\"logo\":{\"@type\":\"ImageObject\",\"inLanguage\":\"fi\",\"@id\":\"https:\/\/inzain.bike\/fr_be\/#\/schema\/logo\/image\/\",\"url\":\"https:\/\/i0.wp.com\/inzain.bike\/wp-content\/uploads\/2023\/09\/cropped-INZAIN_512x512_white.png?fit=512%2C512&ssl=1\",\"contentUrl\":\"https:\/\/i0.wp.com\/inzain.bike\/wp-content\/uploads\/2023\/09\/cropped-INZAIN_512x512_white.png?fit=512%2C512&ssl=1\",\"width\":512,\"height\":512,\"caption\":\"INZAIN Cycling EXPERIENCES\"},\"image\":{\"@id\":\"https:\/\/inzain.bike\/fr_be\/#\/schema\/logo\/image\/\"},\"sameAs\":[\"https:\/\/www.facebook.com\/Inzain.bike\",\"https:\/\/www.instagram.com\/inzainbike\"]}]}<\/script>\n<!-- \/ Yoast SEO plugin. -->","yoast_head_json":{"title":"Tukholman ruoka - INZAIN-py\u00f6r\u00e4ilykokemukset","robots":{"index":"index","follow":"follow","max-snippet":"max-snippet:-1","max-image-preview":"max-image-preview:large","max-video-preview":"max-video-preview:-1"},"canonical":"https:\/\/inzain.bike\/fi\/mat\/","og_locale":"fi_FI","og_type":"article","og_title":"Stockholm Mat - INZAIN Cycling EXPERIENCES","og_description":"Stockholm \u00e4r k\u00e4nt f\u00f6r sina m\u00e5nga restauranger av h\u00f6g kvalitet. Svenskt, Italienskt, Franskt, Indiskt, Japansk, ja de flesta typer av mat finns att tillg\u00e5. Om du \u00e4ter vegetariskt, har allergier \u00e4r vegan eller vill \u00e4ta Kosher s\u00e5 kommer du finna att alla smaker och behov kan tillfredsst\u00e4llas. Traditionen i Sverige p\u00e5bjuder att man vanligtvis \u00e4ter [&hellip;]","og_url":"https:\/\/inzain.bike\/fi\/mat\/","og_site_name":"INZAIN Cycling EXPERIENCES","article_publisher":"https:\/\/www.facebook.com\/Inzain.bike","article_modified_time":"2023-11-26T09:27:09+00:00","og_image":[{"url":"https:\/\/inzain.bike\/wp-content\/uploads\/2023\/11\/pexels-fauxels-3184183-1-1024x683.jpg","type":"","width":"","height":""}],"twitter_card":"summary_large_image","twitter_misc":{"Arvioitu lukuaika":"3 minuuttia"},"schema":{"@context":"https:\/\/schema.org","@graph":[{"@type":"WebPage","@id":"https:\/\/inzain.bike\/en_gb\/mat\/","url":"https:\/\/inzain.bike\/en_gb\/mat\/","name":"Tukholman ruoka - INZAIN-py\u00f6r\u00e4ilykokemukset","isPartOf":{"@id":"https:\/\/inzain.bike\/fr_be\/#website"},"primaryImageOfPage":{"@id":"https:\/\/inzain.bike\/en_gb\/mat\/#primaryimage"},"image":{"@id":"https:\/\/inzain.bike\/en_gb\/mat\/#primaryimage"},"thumbnailUrl":"https:\/\/inzain.bike\/wp-content\/uploads\/2023\/11\/pexels-fauxels-3184183-1-1024x683.jpg","datePublished":"2023-11-02T09:16:25+00:00","dateModified":"2023-11-26T09:27:09+00:00","breadcrumb":{"@id":"https:\/\/inzain.bike\/en_gb\/mat\/#breadcrumb"},"inLanguage":"fi","potentialAction":[{"@type":"ReadAction","target":["https:\/\/inzain.bike\/en_gb\/mat\/"]}]},{"@type":"ImageObject","inLanguage":"fi","@id":"https:\/\/inzain.bike\/en_gb\/mat\/#primaryimage","url":"https:\/\/inzain.bike\/wp-content\/uploads\/2023\/11\/pexels-fauxels-3184183-1-1024x683.jpg","contentUrl":"https:\/\/inzain.bike\/wp-content\/uploads\/2023\/11\/pexels-fauxels-3184183-1-1024x683.jpg"},{"@type":"BreadcrumbList","@id":"https:\/\/inzain.bike\/en_gb\/mat\/#breadcrumb","itemListElement":[{"@type":"ListItem","position":1,"name":"Hem","item":"https:\/\/inzain.bike\/fr_be\/"},{"@type":"ListItem","position":2,"name":"Stockholm Mat"}]},{"@type":"WebSite","@id":"https:\/\/inzain.bike\/fr_be\/#website","url":"https:\/\/inzain.bike\/fr_be\/","name":"INZAIN Py\u00f6r\u00e4ily-KOKEMUKSIA","description":"Py\u00f6r\u00e4ilyseikkailut - kaikille","publisher":{"@id":"https:\/\/inzain.bike\/fr_be\/#organization"},"alternateName":"INZAIN Gravel & Travel","potentialAction":[{"@type":"SearchAction","target":{"@type":"EntryPoint","urlTemplate":"https:\/\/inzain.bike\/fr_be\/?s={search_term_string}"},"query-input":{"@type":"PropertyValueSpecification","valueRequired":true,"valueName":"search_term_string"}}],"inLanguage":"fi"},{"@type":"Organization","@id":"https:\/\/inzain.bike\/fr_be\/#organization","name":"INZAIN Py\u00f6r\u00e4ily-KOKEMUKSIA","url":"https:\/\/inzain.bike\/fr_be\/","logo":{"@type":"ImageObject","inLanguage":"fi","@id":"https:\/\/inzain.bike\/fr_be\/#\/schema\/logo\/image\/","url":"https:\/\/i0.wp.com\/inzain.bike\/wp-content\/uploads\/2023\/09\/cropped-INZAIN_512x512_white.png?fit=512%2C512&ssl=1","contentUrl":"https:\/\/i0.wp.com\/inzain.bike\/wp-content\/uploads\/2023\/09\/cropped-INZAIN_512x512_white.png?fit=512%2C512&ssl=1","width":512,"height":512,"caption":"INZAIN Cycling EXPERIENCES"},"image":{"@id":"https:\/\/inzain.bike\/fr_be\/#\/schema\/logo\/image\/"},"sameAs":["https:\/\/www.facebook.com\/Inzain.bike","https:\/\/www.instagram.com\/inzainbike"]}]}},"amp_enabled":true,"_links":{"self":[{"href":"https:\/\/inzain.bike\/fi\/wp-json\/wp\/v2\/pages\/4044","targetHints":{"allow":["GET"]}}],"collection":[{"href":"https:\/\/inzain.bike\/fi\/wp-json\/wp\/v2\/pages"}],"about":[{"href":"https:\/\/inzain.bike\/fi\/wp-json\/wp\/v2\/types\/page"}],"author":[{"embeddable":true,"href":"https:\/\/inzain.bike\/fi\/wp-json\/wp\/v2\/users\/135133094"}],"replies":[{"embeddable":true,"href":"https:\/\/inzain.bike\/fi\/wp-json\/wp\/v2\/comments?post=4044"}],"version-history":[{"count":0,"href":"https:\/\/inzain.bike\/fi\/wp-json\/wp\/v2\/pages\/4044\/revisions"}],"wp:attachment":[{"href":"https:\/\/inzain.bike\/fi\/wp-json\/wp\/v2\/media?parent=4044"}],"curies":[{"name":"wp","href":"https:\/\/api.w.org\/{rel}","templated":true}]}}