{"id":45,"date":"2021-03-24T13:20:59","date_gmt":"2021-03-24T12:20:59","guid":{"rendered":"https:\/\/inzain.bike\/?page_id=45"},"modified":"2021-07-08T13:43:05","modified_gmt":"2021-07-08T11:43:05","slug":"inzain-200-100-50-mile-gravel-grinder","status":"publish","type":"page","link":"https:\/\/inzain.bike\/fi\/inzain-200-100-50-mile-gravel-grinder\/","title":{"rendered":"INZAIN 200\/100 Mile sorahiomakone"},"content":{"rendered":"<figure class=\"wp-block-image size-large\"><img loading=\"lazy\" decoding=\"async\" width=\"1853\" height=\"1485\" src=\"https:\/\/inzain.bike\/wp-content\/uploads\/2021\/03\/inzain200_2.jpg?w=1024\" alt=\"\" class=\"wp-image-76\" \/><\/figure>\n\n\n\n<p><br>P\u00e4ivitys: Koronarajoituksia on kevennetty, joten p\u00e4\u00e4st\u00e4\u00e4n yhteiseen starttiin.<br><br>24. hein\u00e4kuuta INZAIN kutsuu Gravelin ensimm\u00e4iseen tapahtumaamme, joka on todellinen haaste Upplandissa. Valittavana on 200 ja 100 mailia (322 km tai 161 km)<br><br>Kiertue sis\u00e4lt\u00e4\u00e4 ruokaa ja virvokkeita, kaksi varikkoa 100 mailin matkalla ja kolme varikkoa 200 mailin matkalla. H\u00e4t\u00e4auto ty\u00f6kaluineen ja py\u00f6r\u00e4teline. Muuten kyseess\u00e4 on &quot;itsekannattava tapahtuma&quot; ja mukaan kannattaa ottaa ylim\u00e4\u00e4r\u00e4ist\u00e4 energiaa ja sopivat varusteet pienten vikojen, s\u00e4\u00e4n ja pimeyden varalle. <br><\/p>\n\n\n\n<figure class=\"wp-block-image size-large\"><img loading=\"lazy\" decoding=\"async\" width=\"2492\" height=\"1869\" src=\"https:\/\/inzain.bike\/wp-content\/uploads\/2021\/03\/20201224_151126.jpg?w=1024\" alt=\"\" class=\"wp-image-103\" \/><\/figure>\n\n\n\n<p>Py\u00f6r\u00e4ilemme upeilla hiekkateill\u00e4 ymp\u00e4ri Upplandia, se ei ole kilpailu, ei kilpailu, mutta jotkut osuudet on nimetty Strava-segmenteiksi (KOM\/QOM), joilla halukkaat voivat jatkaa eteenp\u00e4in.<\/p>\n\n\n\n<figure class=\"wp-block-image size-large\"><img loading=\"lazy\" decoding=\"async\" width=\"2492\" height=\"1869\" src=\"https:\/\/inzain.bike\/wp-content\/uploads\/2021\/03\/g0034018.jpg?w=1024\" alt=\"\" class=\"wp-image-105\" \/><\/figure>\n\n\n\n<p><\/p>\n\n\n\n<p>Liput ovat saatavilla t\u00e4\u00e4lt\u00e4, 11. huhtikuuta alkaen: <a href=\"https:\/\/tickset.com\/e\/inzain200\">Liput<\/a><\/p>\n\n\n\n<p>Uppsalan ymp\u00e4rist\u00f6ss\u00e4 Upplandissa on yleens\u00e4 melko &quot;yst\u00e4v\u00e4llist\u00e4&quot; maastoa, mink\u00e4 vuoksi uskomme, ett\u00e4 monien ihmisten pit\u00e4isi p\u00e4\u00e4st\u00e4 &quot;Double Centuryllemme&quot; p\u00e4iv\u00e4nvalon aikana. Hein\u00e4kuun lopussa varjot ovat kuitenkin hieman pidentyneet ja p\u00e4iv\u00e4t lyhentyneet, joten siit\u00e4 tulee loppujen lopuksi todellinen haaste. Oletko valmis siihen?<br><br>L\u00e4ht\u00f6 molemmilla matkoilla klo 06.00.<\/p>\n\n\n\n<figure class=\"wp-block-image size-large is-resized\"><img loading=\"lazy\" decoding=\"async\" src=\"https:\/\/inzain.bike\/wp-content\/uploads\/2021\/04\/solens-upp-och-ned-uppsala.jpg?w=223\" alt=\"\" class=\"wp-image-319\" width=\"316\" height=\"299\" srcset=\"https:\/\/inzain.bike\/wp-content\/uploads\/2021\/04\/solens-upp-och-ned-uppsala.jpg 223w, https:\/\/inzain.bike\/wp-content\/uploads\/2021\/04\/solens-upp-och-ned-uppsala-13x12.jpg 13w\" sizes=\"auto, (max-width: 316px) 100vw, 316px\" \/><figcaption>Kuva: Auringonnousu ja auringonlasku Uppsalassa 24.7.2021<\/figcaption><\/figure>\n\n\n\n<p>Koronarajoituksia kevennet\u00e4\u00e4n, mik\u00e4 tarkoittaa, ett\u00e4 meill\u00e4 voi olla jopa 100 osallistujaa, Vapautamme my\u00f6s kaikki osallistujat samaan aikaan, mutta et\u00e4isyytt\u00e4 jatkettaessa.<\/p>\n\n\n\n<p>Tarkemmat tiedot tapahtumasta, kuten alkamisajat ja reitti tulevat my\u00f6hemmin.<\/p>\n\n\n\n<p>Jos tapahtuma peruuntuu tai sairastut, hyvitet\u00e4\u00e4n t\u00e4ysi hinta.<br><br><br><\/p>\n\n\n\n<p><br><br><br><br><\/p>","protected":false},"excerpt":{"rendered":"<p>Update: Corona restriktionerna \u00e4r l\u00e4ttade, s\u00e5 vi kommer kunna ha gemensam start. 24 Juli bjuder INZAIN Gravel in till v\u00e5rt f\u00f6rsta event, en riktigt utmaning i Uppland. Str\u00e4ckningarna att v\u00e4lja mellan \u00e4r 200 &amp; 100 miles (322km eller 161km) I turen ing\u00e5r mat och fika tv\u00e5 dep\u00e5er f\u00f6r 100 miles och tre dep\u00e5er f\u00f6r 200 [&hellip;]<\/p>\n","protected":false},"author":135133094,"featured_media":0,"parent":0,"menu_order":0,"comment_status":"closed","ping_status":"closed","template":"","meta":{"_coblocks_attr":"","_coblocks_dimensions":"","_coblocks_responsive_height":"","_coblocks_accordion_ie_support":"","footnotes":""},"class_list":["post-45","page","type-page","status-publish","hentry"],"yoast_head":"<!-- This site is optimized with the Yoast SEO plugin v27.2 - https:\/\/yoast.com\/product\/yoast-seo-wordpress\/ -->\n<title>INZAIN 200\/100 Mile Gravel Grinder - INZAIN Cycling EXPERIENCES<\/title>\n<meta name=\"robots\" content=\"index, follow, max-snippet:-1, max-image-preview:large, max-video-preview:-1\" \/>\n<link rel=\"canonical\" href=\"https:\/\/inzain.bike\/fi\/inzain-200-100-50-mile-gravel-grinder\/\" \/>\n<meta property=\"og:locale\" content=\"fi_FI\" \/>\n<meta property=\"og:type\" content=\"article\" \/>\n<meta property=\"og:title\" content=\"INZAIN 200\/100 Mile Gravel Grinder - INZAIN Cycling EXPERIENCES\" \/>\n<meta property=\"og:description\" content=\"Update: Corona restriktionerna \u00e4r l\u00e4ttade, s\u00e5 vi kommer kunna ha gemensam start. 24 Juli bjuder INZAIN Gravel in till v\u00e5rt f\u00f6rsta event, en riktigt utmaning i Uppland. Str\u00e4ckningarna att v\u00e4lja mellan \u00e4r 200 &amp; 100 miles (322km eller 161km) I turen ing\u00e5r mat och fika tv\u00e5 dep\u00e5er f\u00f6r 100 miles och tre dep\u00e5er f\u00f6r 200 [&hellip;]\" \/>\n<meta property=\"og:url\" content=\"https:\/\/inzain.bike\/fi\/inzain-200-100-50-mile-gravel-grinder\/\" \/>\n<meta property=\"og:site_name\" content=\"INZAIN Cycling EXPERIENCES\" \/>\n<meta property=\"article:publisher\" content=\"https:\/\/www.facebook.com\/Inzain.bike\" \/>\n<meta property=\"article:modified_time\" content=\"2021-07-08T11:43:05+00:00\" \/>\n<meta property=\"og:image\" content=\"https:\/\/inzain.bike\/wp-content\/uploads\/2021\/03\/inzain200_2.jpg?w=1024\" \/>\n<meta name=\"twitter:card\" content=\"summary_large_image\" \/>\n<meta name=\"twitter:label1\" content=\"Arvioitu lukuaika\" \/>\n\t<meta name=\"twitter:data1\" content=\"1 minuutti\" \/>\n<script type=\"application\/ld+json\" class=\"yoast-schema-graph\">{\"@context\":\"https:\/\/schema.org\",\"@graph\":[{\"@type\":\"WebPage\",\"@id\":\"https:\/\/inzain.bike\/sv_se\/inzain-200-100-50-mile-gravel-grinder\/\",\"url\":\"https:\/\/inzain.bike\/sv_se\/inzain-200-100-50-mile-gravel-grinder\/\",\"name\":\"INZAIN 200\/100 Mile Gravel Grinder - INZAIN Cycling EXPERIENCES\",\"isPartOf\":{\"@id\":\"https:\/\/inzain.bike\/fr_be\/#website\"},\"primaryImageOfPage\":{\"@id\":\"https:\/\/inzain.bike\/sv_se\/inzain-200-100-50-mile-gravel-grinder\/#primaryimage\"},\"image\":{\"@id\":\"https:\/\/inzain.bike\/sv_se\/inzain-200-100-50-mile-gravel-grinder\/#primaryimage\"},\"thumbnailUrl\":\"https:\/\/inzain.bike\/wp-content\/uploads\/2021\/03\/inzain200_2.jpg?w=1024\",\"datePublished\":\"2021-03-24T12:20:59+00:00\",\"dateModified\":\"2021-07-08T11:43:05+00:00\",\"breadcrumb\":{\"@id\":\"https:\/\/inzain.bike\/sv_se\/inzain-200-100-50-mile-gravel-grinder\/#breadcrumb\"},\"inLanguage\":\"fi\",\"potentialAction\":[{\"@type\":\"ReadAction\",\"target\":[\"https:\/\/inzain.bike\/sv_se\/inzain-200-100-50-mile-gravel-grinder\/\"]}]},{\"@type\":\"ImageObject\",\"inLanguage\":\"fi\",\"@id\":\"https:\/\/inzain.bike\/sv_se\/inzain-200-100-50-mile-gravel-grinder\/#primaryimage\",\"url\":\"https:\/\/inzain.bike\/wp-content\/uploads\/2021\/03\/inzain200_2.jpg?w=1024\",\"contentUrl\":\"https:\/\/inzain.bike\/wp-content\/uploads\/2021\/03\/inzain200_2.jpg?w=1024\"},{\"@type\":\"BreadcrumbList\",\"@id\":\"https:\/\/inzain.bike\/sv_se\/inzain-200-100-50-mile-gravel-grinder\/#breadcrumb\",\"itemListElement\":[{\"@type\":\"ListItem\",\"position\":1,\"name\":\"Hem\",\"item\":\"https:\/\/inzain.bike\/fr_be\/\"},{\"@type\":\"ListItem\",\"position\":2,\"name\":\"INZAIN 200\/100 Mile Gravel Grinder\"}]},{\"@type\":\"WebSite\",\"@id\":\"https:\/\/inzain.bike\/fr_be\/#website\",\"url\":\"https:\/\/inzain.bike\/fr_be\/\",\"name\":\"INZAIN Cycling EXPERIENCES\",\"description\":\"Cyckling Adventures  - for everyone\",\"publisher\":{\"@id\":\"https:\/\/inzain.bike\/fr_be\/#organization\"},\"alternateName\":\"INZAIN Gravel & Travel\",\"potentialAction\":[{\"@type\":\"SearchAction\",\"target\":{\"@type\":\"EntryPoint\",\"urlTemplate\":\"https:\/\/inzain.bike\/fr_be\/?s={search_term_string}\"},\"query-input\":{\"@type\":\"PropertyValueSpecification\",\"valueRequired\":true,\"valueName\":\"search_term_string\"}}],\"inLanguage\":\"fi\"},{\"@type\":\"Organization\",\"@id\":\"https:\/\/inzain.bike\/fr_be\/#organization\",\"name\":\"INZAIN Cycling EXPERIENCES\",\"url\":\"https:\/\/inzain.bike\/fr_be\/\",\"logo\":{\"@type\":\"ImageObject\",\"inLanguage\":\"fi\",\"@id\":\"https:\/\/inzain.bike\/fr_be\/#\/schema\/logo\/image\/\",\"url\":\"https:\/\/i0.wp.com\/inzain.bike\/wp-content\/uploads\/2023\/09\/cropped-INZAIN_512x512_white.png?fit=512%2C512&ssl=1\",\"contentUrl\":\"https:\/\/i0.wp.com\/inzain.bike\/wp-content\/uploads\/2023\/09\/cropped-INZAIN_512x512_white.png?fit=512%2C512&ssl=1\",\"width\":512,\"height\":512,\"caption\":\"INZAIN Cycling EXPERIENCES\"},\"image\":{\"@id\":\"https:\/\/inzain.bike\/fr_be\/#\/schema\/logo\/image\/\"},\"sameAs\":[\"https:\/\/www.facebook.com\/Inzain.bike\",\"https:\/\/www.instagram.com\/inzainbike\"]}]}<\/script>\n<!-- \/ Yoast SEO plugin. -->","yoast_head_json":{"title":"INZAIN 200\/100 mailin sorapy\u00f6r\u00e4 - INZAIN Cycling EXPERIENCES","robots":{"index":"index","follow":"follow","max-snippet":"max-snippet:-1","max-image-preview":"max-image-preview:large","max-video-preview":"max-video-preview:-1"},"canonical":"https:\/\/inzain.bike\/fi\/inzain-200-100-50-mile-gravel-grinder\/","og_locale":"fi_FI","og_type":"article","og_title":"INZAIN 200\/100 Mile Gravel Grinder - INZAIN Cycling EXPERIENCES","og_description":"Update: Corona restriktionerna \u00e4r l\u00e4ttade, s\u00e5 vi kommer kunna ha gemensam start. 24 Juli bjuder INZAIN Gravel in till v\u00e5rt f\u00f6rsta event, en riktigt utmaning i Uppland. Str\u00e4ckningarna att v\u00e4lja mellan \u00e4r 200 &amp; 100 miles (322km eller 161km) I turen ing\u00e5r mat och fika tv\u00e5 dep\u00e5er f\u00f6r 100 miles och tre dep\u00e5er f\u00f6r 200 [&hellip;]","og_url":"https:\/\/inzain.bike\/fi\/inzain-200-100-50-mile-gravel-grinder\/","og_site_name":"INZAIN Cycling EXPERIENCES","article_publisher":"https:\/\/www.facebook.com\/Inzain.bike","article_modified_time":"2021-07-08T11:43:05+00:00","og_image":[{"url":"https:\/\/inzain.bike\/wp-content\/uploads\/2021\/03\/inzain200_2.jpg?w=1024","type":"","width":"","height":""}],"twitter_card":"summary_large_image","twitter_misc":{"Arvioitu lukuaika":"1 minuutti"},"schema":{"@context":"https:\/\/schema.org","@graph":[{"@type":"WebPage","@id":"https:\/\/inzain.bike\/sv_se\/inzain-200-100-50-mile-gravel-grinder\/","url":"https:\/\/inzain.bike\/sv_se\/inzain-200-100-50-mile-gravel-grinder\/","name":"INZAIN 200\/100 mailin sorapy\u00f6r\u00e4 - INZAIN Cycling EXPERIENCES","isPartOf":{"@id":"https:\/\/inzain.bike\/fr_be\/#website"},"primaryImageOfPage":{"@id":"https:\/\/inzain.bike\/sv_se\/inzain-200-100-50-mile-gravel-grinder\/#primaryimage"},"image":{"@id":"https:\/\/inzain.bike\/sv_se\/inzain-200-100-50-mile-gravel-grinder\/#primaryimage"},"thumbnailUrl":"https:\/\/inzain.bike\/wp-content\/uploads\/2021\/03\/inzain200_2.jpg?w=1024","datePublished":"2021-03-24T12:20:59+00:00","dateModified":"2021-07-08T11:43:05+00:00","breadcrumb":{"@id":"https:\/\/inzain.bike\/sv_se\/inzain-200-100-50-mile-gravel-grinder\/#breadcrumb"},"inLanguage":"fi","potentialAction":[{"@type":"ReadAction","target":["https:\/\/inzain.bike\/sv_se\/inzain-200-100-50-mile-gravel-grinder\/"]}]},{"@type":"ImageObject","inLanguage":"fi","@id":"https:\/\/inzain.bike\/sv_se\/inzain-200-100-50-mile-gravel-grinder\/#primaryimage","url":"https:\/\/inzain.bike\/wp-content\/uploads\/2021\/03\/inzain200_2.jpg?w=1024","contentUrl":"https:\/\/inzain.bike\/wp-content\/uploads\/2021\/03\/inzain200_2.jpg?w=1024"},{"@type":"BreadcrumbList","@id":"https:\/\/inzain.bike\/sv_se\/inzain-200-100-50-mile-gravel-grinder\/#breadcrumb","itemListElement":[{"@type":"ListItem","position":1,"name":"Hem","item":"https:\/\/inzain.bike\/fr_be\/"},{"@type":"ListItem","position":2,"name":"INZAIN 200\/100 Mile Gravel Grinder"}]},{"@type":"WebSite","@id":"https:\/\/inzain.bike\/fr_be\/#website","url":"https:\/\/inzain.bike\/fr_be\/","name":"INZAIN Py\u00f6r\u00e4ily-KOKEMUKSIA","description":"Py\u00f6r\u00e4ilyseikkailut - kaikille","publisher":{"@id":"https:\/\/inzain.bike\/fr_be\/#organization"},"alternateName":"INZAIN Gravel & Travel","potentialAction":[{"@type":"SearchAction","target":{"@type":"EntryPoint","urlTemplate":"https:\/\/inzain.bike\/fr_be\/?s={search_term_string}"},"query-input":{"@type":"PropertyValueSpecification","valueRequired":true,"valueName":"search_term_string"}}],"inLanguage":"fi"},{"@type":"Organization","@id":"https:\/\/inzain.bike\/fr_be\/#organization","name":"INZAIN Py\u00f6r\u00e4ily-KOKEMUKSIA","url":"https:\/\/inzain.bike\/fr_be\/","logo":{"@type":"ImageObject","inLanguage":"fi","@id":"https:\/\/inzain.bike\/fr_be\/#\/schema\/logo\/image\/","url":"https:\/\/i0.wp.com\/inzain.bike\/wp-content\/uploads\/2023\/09\/cropped-INZAIN_512x512_white.png?fit=512%2C512&ssl=1","contentUrl":"https:\/\/i0.wp.com\/inzain.bike\/wp-content\/uploads\/2023\/09\/cropped-INZAIN_512x512_white.png?fit=512%2C512&ssl=1","width":512,"height":512,"caption":"INZAIN Cycling EXPERIENCES"},"image":{"@id":"https:\/\/inzain.bike\/fr_be\/#\/schema\/logo\/image\/"},"sameAs":["https:\/\/www.facebook.com\/Inzain.bike","https:\/\/www.instagram.com\/inzainbike"]}]}},"amp_enabled":true,"_links":{"self":[{"href":"https:\/\/inzain.bike\/fi\/wp-json\/wp\/v2\/pages\/45","targetHints":{"allow":["GET"]}}],"collection":[{"href":"https:\/\/inzain.bike\/fi\/wp-json\/wp\/v2\/pages"}],"about":[{"href":"https:\/\/inzain.bike\/fi\/wp-json\/wp\/v2\/types\/page"}],"author":[{"embeddable":true,"href":"https:\/\/inzain.bike\/fi\/wp-json\/wp\/v2\/users\/135133094"}],"replies":[{"embeddable":true,"href":"https:\/\/inzain.bike\/fi\/wp-json\/wp\/v2\/comments?post=45"}],"version-history":[{"count":0,"href":"https:\/\/inzain.bike\/fi\/wp-json\/wp\/v2\/pages\/45\/revisions"}],"wp:attachment":[{"href":"https:\/\/inzain.bike\/fi\/wp-json\/wp\/v2\/media?parent=45"}],"curies":[{"name":"wp","href":"https:\/\/api.w.org\/{rel}","templated":true}]}}