{"id":4716,"date":"2023-11-10T21:59:23","date_gmt":"2023-11-10T20:59:23","guid":{"rendered":"https:\/\/inzain.bike\/?page_id=4716"},"modified":"2023-11-11T14:43:01","modified_gmt":"2023-11-11T13:43:01","slug":"ar24-om-dig","status":"publish","type":"page","link":"https:\/\/inzain.bike\/fi\/ar24-om-dig\/","title":{"rendered":"\u00c5land Runt - Tietoja sinusta"},"content":{"rendered":"\n<div class=\"wp-block-columns is-layout-flex wp-container-core-columns-is-layout-28f84493 wp-block-columns-is-layout-flex\">\n<div class=\"wp-block-column is-layout-flow wp-block-column-is-layout-flow\">\n<figure class=\"wp-block-image size-large\"><img loading=\"lazy\" decoding=\"async\" width=\"1024\" height=\"471\" src=\"https:\/\/inzain.bike\/wp-content\/uploads\/2023\/11\/Skarmbild-2023-10-29-202558-2-1024x471.png\" alt=\"\" class=\"wp-image-4828\" srcset=\"https:\/\/inzain.bike\/wp-content\/uploads\/2023\/11\/Skarmbild-2023-10-29-202558-2-1024x471.png 1024w, https:\/\/inzain.bike\/wp-content\/uploads\/2023\/11\/Skarmbild-2023-10-29-202558-2-300x138.png 300w, https:\/\/inzain.bike\/wp-content\/uploads\/2023\/11\/Skarmbild-2023-10-29-202558-2-768x353.png 768w, https:\/\/inzain.bike\/wp-content\/uploads\/2023\/11\/Skarmbild-2023-10-29-202558-2-1536x707.png 1536w, https:\/\/inzain.bike\/wp-content\/uploads\/2023\/11\/Skarmbild-2023-10-29-202558-2-2048x942.png 2048w, https:\/\/inzain.bike\/wp-content\/uploads\/2023\/11\/Skarmbild-2023-10-29-202558-2-18x8.png 18w, https:\/\/inzain.bike\/wp-content\/uploads\/2023\/11\/Skarmbild-2023-10-29-202558-2-1320x607.png 1320w, https:\/\/inzain.bike\/wp-content\/uploads\/2023\/11\/Skarmbild-2023-10-29-202558-2-600x276.png 600w\" sizes=\"auto, (max-width: 1024px) 100vw, 1024px\" \/><\/figure>\n\n\n\n<p>F\u00f6r att g\u00f6ra din vistelse s\u00e5 bra som m\u00f6jligt vill vi samla in lite information om dig. Fyll in formul\u00e4ret och klicka p\u00e5 skicka in. <br>Varmt v\u00e4lkommen till \u00c5land Runt.<\/p>\n\n\n<div class=\"wpforms-container wpforms-container-full wpforms-block wpforms-block-b36e8aa2-5a4a-4341-a00d-a391cd8e73d8 wpforms-render-modern\" id=\"wpforms-4727\"><form id=\"wpforms-form-4727\" class=\"wpforms-validate wpforms-form wpforms-ajax-form\" data-formid=\"4727\" method=\"post\" enctype=\"multipart\/form-data\" action=\"\/fi\/wp-json\/wp\/v2\/pages\/4716\" data-token=\"018634ce1cc441cd84d530ee2ec912e5\" data-token-time=\"1776060201\"><noscript class=\"wpforms-error-noscript\">Please enable JavaScript in your browser to complete this form.<\/noscript><div id=\"wpforms-error-noscript\" style=\"display: none;\">Please enable JavaScript in your browser to complete this form.<\/div><div class=\"wpforms-field-container\"><div id=\"wpforms-4727-field_1-container\" class=\"wpforms-field wpforms-field-email\" data-field-id=\"1\"><label class=\"wpforms-field-label\" for=\"wpforms-4727-field_1\">Email <span class=\"wpforms-required-label\" aria-hidden=\"true\">*<\/span><\/label><input type=\"email\" id=\"wpforms-4727-field_1\" class=\"wpforms-field-medium wpforms-field-required\" name=\"wpforms[fields][1]\" spellcheck=\"false\" aria-errormessage=\"wpforms-4727-field_1-error\" required><\/div><div id=\"wpforms-4727-field_5-container\" class=\"wpforms-field wpforms-field-text\" data-field-id=\"5\"><label class=\"wpforms-field-label\" for=\"wpforms-4727-field_5\">Ev allergier eller preferenser p\u00e5 mat<\/label><input type=\"text\" id=\"wpforms-4727-field_5\" class=\"wpforms-field-medium\" name=\"wpforms[fields][5]\" aria-errormessage=\"wpforms-4727-field_5-error\" aria-describedby=\"wpforms-4727-field_5-description\" ><div id=\"wpforms-4727-field_5-description\" class=\"wpforms-field-description\">Har du allergier? \u00c4ter du bara vegeratiskt?<\/div><\/div><div id=\"wpforms-4727-field_14-container\" class=\"wpforms-field wpforms-field-radio\" data-field-id=\"14\"><fieldset><legend class=\"wpforms-field-label\">Cykling L\u00f6rdag <span class=\"wpforms-required-label\" aria-hidden=\"true\">*<\/span><\/legend><ul id=\"wpforms-4727-field_14\" class=\"wpforms-field-required\"><li class=\"choice-1 depth-1\"><input type=\"radio\" id=\"wpforms-4727-field_14_1\" name=\"wpforms[fields][14]\" value=\"Asfalt Lugn\" aria-errormessage=\"wpforms-4727-field_14_1-error\" aria-describedby=\"wpforms-4727-field_14-description\" required ><label class=\"wpforms-field-label-inline\" for=\"wpforms-4727-field_14_1\">Asfalt Lugn<\/label><\/li><li class=\"choice-2 depth-1\"><input type=\"radio\" id=\"wpforms-4727-field_14_2\" name=\"wpforms[fields][14]\" value=\"Asfalt Mellan\" aria-errormessage=\"wpforms-4727-field_14_2-error\" aria-describedby=\"wpforms-4727-field_14-description\" required ><label class=\"wpforms-field-label-inline\" for=\"wpforms-4727-field_14_2\">Asfalt Mellan<\/label><\/li><li class=\"choice-3 depth-1\"><input type=\"radio\" id=\"wpforms-4727-field_14_3\" name=\"wpforms[fields][14]\" value=\"Asfalt snabb\" aria-errormessage=\"wpforms-4727-field_14_3-error\" aria-describedby=\"wpforms-4727-field_14-description\" required ><label class=\"wpforms-field-label-inline\" for=\"wpforms-4727-field_14_3\">Asfalt snabb<\/label><\/li><li class=\"choice-4 depth-1\"><input type=\"radio\" id=\"wpforms-4727-field_14_4\" name=\"wpforms[fields][14]\" value=\"Gravel\" aria-errormessage=\"wpforms-4727-field_14_4-error\" aria-describedby=\"wpforms-4727-field_14-description\" required ><label class=\"wpforms-field-label-inline\" for=\"wpforms-4727-field_14_4\">Gravel<\/label><\/li><\/ul><div id=\"wpforms-4727-field_14-description\" class=\"wpforms-field-description\">Vilken typ av cykling vill du g\u00f6ra p\u00e5 l\u00f6rdag?<\/div><\/fieldset><\/div><div id=\"wpforms-4727-field_15-container\" class=\"wpforms-field wpforms-field-radio\" data-field-id=\"15\"><fieldset><legend class=\"wpforms-field-label\">Cykling S\u00f6ndag <span class=\"wpforms-required-label\" aria-hidden=\"true\">*<\/span><\/legend><ul id=\"wpforms-4727-field_15\" class=\"wpforms-field-required\"><li class=\"choice-1 depth-1\"><input type=\"radio\" id=\"wpforms-4727-field_15_1\" name=\"wpforms[fields][15]\" value=\"Asfalt Lugn\" aria-errormessage=\"wpforms-4727-field_15_1-error\" aria-describedby=\"wpforms-4727-field_15-description\" required ><label class=\"wpforms-field-label-inline\" for=\"wpforms-4727-field_15_1\">Asfalt Lugn<\/label><\/li><li class=\"choice-2 depth-1\"><input type=\"radio\" id=\"wpforms-4727-field_15_2\" name=\"wpforms[fields][15]\" value=\"Asfalt Mellan\" aria-errormessage=\"wpforms-4727-field_15_2-error\" aria-describedby=\"wpforms-4727-field_15-description\" required ><label class=\"wpforms-field-label-inline\" for=\"wpforms-4727-field_15_2\">Asfalt Mellan<\/label><\/li><li class=\"choice-3 depth-1\"><input type=\"radio\" id=\"wpforms-4727-field_15_3\" name=\"wpforms[fields][15]\" value=\"Asfalt snabb\" aria-errormessage=\"wpforms-4727-field_15_3-error\" aria-describedby=\"wpforms-4727-field_15-description\" required ><label class=\"wpforms-field-label-inline\" for=\"wpforms-4727-field_15_3\">Asfalt snabb<\/label><\/li><li class=\"choice-4 depth-1\"><input type=\"radio\" id=\"wpforms-4727-field_15_4\" name=\"wpforms[fields][15]\" value=\"Gravel\" aria-errormessage=\"wpforms-4727-field_15_4-error\" aria-describedby=\"wpforms-4727-field_15-description\" required ><label class=\"wpforms-field-label-inline\" for=\"wpforms-4727-field_15_4\">Gravel<\/label><\/li><\/ul><div id=\"wpforms-4727-field_15-description\" class=\"wpforms-field-description\">Vilken typ av cykling vill du g\u00f6ra p\u00e5 s\u00f6ndag?<\/div><\/fieldset><\/div><div id=\"wpforms-4727-field_2-container\" class=\"wpforms-field wpforms-field-textarea\" data-field-id=\"2\"><label class=\"wpforms-field-label\" for=\"wpforms-4727-field_2\">Kommentar<\/label><textarea id=\"wpforms-4727-field_2\" class=\"wpforms-field-medium\" name=\"wpforms[fields][2]\" aria-errormessage=\"wpforms-4727-field_2-error\" aria-describedby=\"wpforms-4727-field_2-description\" ><\/textarea><div id=\"wpforms-4727-field_2-description\" class=\"wpforms-field-description\">Om du har fr\u00e5gor eller vill meddela n\u00e5got, anv\u00e4nd g\u00e4rna detta f\u00e4lt.<\/div><\/div><\/div><!-- .wpforms-field-container --><div class=\"wpforms-submit-container\" ><input type=\"hidden\" name=\"wpforms[id]\" value=\"4727\"><input type=\"hidden\" name=\"page_title\" value=\"\"><input type=\"hidden\" name=\"page_url\" value=\"https:\/\/inzain.bike\/fi\/wp-json\/wp\/v2\/pages\/4716\"><input type=\"hidden\" name=\"url_referer\" value=\"\"><button type=\"submit\" name=\"wpforms[submit]\" id=\"wpforms-submit-4727\" class=\"wpforms-submit\" data-alt-text=\"Skickar\" data-submit-text=\"Skicka in\" aria-live=\"assertive\" value=\"wpforms-submit\">Skicka in<\/button><img loading=\"lazy\" decoding=\"async\" src=\"https:\/\/inzain.bike\/wp-content\/plugins\/wpforms\/assets\/images\/submit-spin.svg\" class=\"wpforms-submit-spinner\" style=\"display: none;\" width=\"26\" height=\"26\" alt=\"Loading\"><\/div><\/form><\/div>  <!-- .wpforms-container --><\/div>\n<\/div>\n","protected":false},"excerpt":{"rendered":"<p>Jotta vierailustasi tulisi mahdollisimman miellytt\u00e4v\u00e4, haluaisimme ker\u00e4t\u00e4 sinusta joitakin tietoja. T\u00e4yt\u00e4 lomake ja napsauta L\u00e4het\u00e4. L\u00e4mpim\u00e4sti tervetuloa \u00c5land Runtiin.<\/p>","protected":false},"author":135133094,"featured_media":0,"parent":0,"menu_order":0,"comment_status":"closed","ping_status":"closed","template":"","meta":{"_coblocks_attr":"","_coblocks_dimensions":"","_coblocks_responsive_height":"","_coblocks_accordion_ie_support":"","footnotes":""},"class_list":["post-4716","page","type-page","status-publish","hentry"],"yoast_head":"<!-- This site is optimized with the Yoast SEO plugin v27.2 - https:\/\/yoast.com\/product\/yoast-seo-wordpress\/ -->\n<title>\u00c5land Runt - Om dig - INZAIN Cycling EXPERIENCES<\/title>\n<meta name=\"robots\" content=\"index, follow, max-snippet:-1, max-image-preview:large, max-video-preview:-1\" \/>\n<link rel=\"canonical\" href=\"https:\/\/inzain.bike\/fi\/ar24-om-dig\/\" \/>\n<meta property=\"og:locale\" content=\"fi_FI\" \/>\n<meta property=\"og:type\" content=\"article\" \/>\n<meta property=\"og:title\" content=\"\u00c5land Runt - Om dig - INZAIN Cycling EXPERIENCES\" \/>\n<meta property=\"og:description\" content=\"F\u00f6r att g\u00f6ra din vistelse s\u00e5 bra som m\u00f6jligt vill vi samla in lite information om dig. Fyll in formul\u00e4ret och klicka p\u00e5 skicka in. Varmt v\u00e4lkommen till \u00c5land Runt.\" \/>\n<meta property=\"og:url\" content=\"https:\/\/inzain.bike\/fi\/ar24-om-dig\/\" \/>\n<meta property=\"og:site_name\" content=\"INZAIN Cycling EXPERIENCES\" \/>\n<meta property=\"article:publisher\" content=\"https:\/\/www.facebook.com\/Inzain.bike\" \/>\n<meta property=\"article:modified_time\" content=\"2023-11-11T13:43:01+00:00\" \/>\n<meta property=\"og:image\" content=\"https:\/\/inzain.bike\/wp-content\/uploads\/2023\/11\/Skarmbild-2023-10-29-202558-2-1024x471.png\" \/>\n<meta name=\"twitter:card\" content=\"summary_large_image\" \/>\n<meta name=\"twitter:label1\" content=\"Arvioitu lukuaika\" \/>\n\t<meta name=\"twitter:data1\" content=\"1 minuutti\" \/>\n<script type=\"application\/ld+json\" class=\"yoast-schema-graph\">{\"@context\":\"https:\/\/schema.org\",\"@graph\":[{\"@type\":\"WebPage\",\"@id\":\"https:\/\/inzain.bike\/nb\/ar24-om-dig\/\",\"url\":\"https:\/\/inzain.bike\/nb\/ar24-om-dig\/\",\"name\":\"\u00c5land Runt - Om dig - INZAIN Cycling EXPERIENCES\",\"isPartOf\":{\"@id\":\"https:\/\/inzain.bike\/fr_be\/#website\"},\"primaryImageOfPage\":{\"@id\":\"https:\/\/inzain.bike\/nb\/ar24-om-dig\/#primaryimage\"},\"image\":{\"@id\":\"https:\/\/inzain.bike\/nb\/ar24-om-dig\/#primaryimage\"},\"thumbnailUrl\":\"https:\/\/inzain.bike\/wp-content\/uploads\/2023\/11\/Skarmbild-2023-10-29-202558-2-1024x471.png\",\"datePublished\":\"2023-11-10T20:59:23+00:00\",\"dateModified\":\"2023-11-11T13:43:01+00:00\",\"breadcrumb\":{\"@id\":\"https:\/\/inzain.bike\/nb\/ar24-om-dig\/#breadcrumb\"},\"inLanguage\":\"fi\",\"potentialAction\":[{\"@type\":\"ReadAction\",\"target\":[\"https:\/\/inzain.bike\/nb\/ar24-om-dig\/\"]}]},{\"@type\":\"ImageObject\",\"inLanguage\":\"fi\",\"@id\":\"https:\/\/inzain.bike\/nb\/ar24-om-dig\/#primaryimage\",\"url\":\"https:\/\/inzain.bike\/wp-content\/uploads\/2023\/11\/Skarmbild-2023-10-29-202558-2-1024x471.png\",\"contentUrl\":\"https:\/\/inzain.bike\/wp-content\/uploads\/2023\/11\/Skarmbild-2023-10-29-202558-2-1024x471.png\"},{\"@type\":\"BreadcrumbList\",\"@id\":\"https:\/\/inzain.bike\/nb\/ar24-om-dig\/#breadcrumb\",\"itemListElement\":[{\"@type\":\"ListItem\",\"position\":1,\"name\":\"Hem\",\"item\":\"https:\/\/inzain.bike\/fr_be\/\"},{\"@type\":\"ListItem\",\"position\":2,\"name\":\"\u00c5land Runt &#8211; Om dig\"}]},{\"@type\":\"WebSite\",\"@id\":\"https:\/\/inzain.bike\/fr_be\/#website\",\"url\":\"https:\/\/inzain.bike\/fr_be\/\",\"name\":\"INZAIN Cycling EXPERIENCES\",\"description\":\"Cyckling Adventures  - for everyone\",\"publisher\":{\"@id\":\"https:\/\/inzain.bike\/fr_be\/#organization\"},\"alternateName\":\"INZAIN Gravel & Travel\",\"potentialAction\":[{\"@type\":\"SearchAction\",\"target\":{\"@type\":\"EntryPoint\",\"urlTemplate\":\"https:\/\/inzain.bike\/fr_be\/?s={search_term_string}\"},\"query-input\":{\"@type\":\"PropertyValueSpecification\",\"valueRequired\":true,\"valueName\":\"search_term_string\"}}],\"inLanguage\":\"fi\"},{\"@type\":\"Organization\",\"@id\":\"https:\/\/inzain.bike\/fr_be\/#organization\",\"name\":\"INZAIN Cycling EXPERIENCES\",\"url\":\"https:\/\/inzain.bike\/fr_be\/\",\"logo\":{\"@type\":\"ImageObject\",\"inLanguage\":\"fi\",\"@id\":\"https:\/\/inzain.bike\/fr_be\/#\/schema\/logo\/image\/\",\"url\":\"https:\/\/i0.wp.com\/inzain.bike\/wp-content\/uploads\/2023\/09\/cropped-INZAIN_512x512_white.png?fit=512%2C512&ssl=1\",\"contentUrl\":\"https:\/\/i0.wp.com\/inzain.bike\/wp-content\/uploads\/2023\/09\/cropped-INZAIN_512x512_white.png?fit=512%2C512&ssl=1\",\"width\":512,\"height\":512,\"caption\":\"INZAIN Cycling EXPERIENCES\"},\"image\":{\"@id\":\"https:\/\/inzain.bike\/fr_be\/#\/schema\/logo\/image\/\"},\"sameAs\":[\"https:\/\/www.facebook.com\/Inzain.bike\",\"https:\/\/www.instagram.com\/inzainbike\"]}]}<\/script>\n<!-- \/ Yoast SEO plugin. -->","yoast_head_json":{"title":"Ahvenanmaalla - Tietoa sinusta - INZAIN Py\u00f6r\u00e4ilykokemukset","robots":{"index":"index","follow":"follow","max-snippet":"max-snippet:-1","max-image-preview":"max-image-preview:large","max-video-preview":"max-video-preview:-1"},"canonical":"https:\/\/inzain.bike\/fi\/ar24-om-dig\/","og_locale":"fi_FI","og_type":"article","og_title":"\u00c5land Runt - Om dig - INZAIN Cycling EXPERIENCES","og_description":"F\u00f6r att g\u00f6ra din vistelse s\u00e5 bra som m\u00f6jligt vill vi samla in lite information om dig. Fyll in formul\u00e4ret och klicka p\u00e5 skicka in. Varmt v\u00e4lkommen till \u00c5land Runt.","og_url":"https:\/\/inzain.bike\/fi\/ar24-om-dig\/","og_site_name":"INZAIN Cycling EXPERIENCES","article_publisher":"https:\/\/www.facebook.com\/Inzain.bike","article_modified_time":"2023-11-11T13:43:01+00:00","og_image":[{"url":"https:\/\/inzain.bike\/wp-content\/uploads\/2023\/11\/Skarmbild-2023-10-29-202558-2-1024x471.png","type":"","width":"","height":""}],"twitter_card":"summary_large_image","twitter_misc":{"Arvioitu lukuaika":"1 minuutti"},"schema":{"@context":"https:\/\/schema.org","@graph":[{"@type":"WebPage","@id":"https:\/\/inzain.bike\/nb\/ar24-om-dig\/","url":"https:\/\/inzain.bike\/nb\/ar24-om-dig\/","name":"Ahvenanmaalla - Tietoa sinusta - INZAIN Py\u00f6r\u00e4ilykokemukset","isPartOf":{"@id":"https:\/\/inzain.bike\/fr_be\/#website"},"primaryImageOfPage":{"@id":"https:\/\/inzain.bike\/nb\/ar24-om-dig\/#primaryimage"},"image":{"@id":"https:\/\/inzain.bike\/nb\/ar24-om-dig\/#primaryimage"},"thumbnailUrl":"https:\/\/inzain.bike\/wp-content\/uploads\/2023\/11\/Skarmbild-2023-10-29-202558-2-1024x471.png","datePublished":"2023-11-10T20:59:23+00:00","dateModified":"2023-11-11T13:43:01+00:00","breadcrumb":{"@id":"https:\/\/inzain.bike\/nb\/ar24-om-dig\/#breadcrumb"},"inLanguage":"fi","potentialAction":[{"@type":"ReadAction","target":["https:\/\/inzain.bike\/nb\/ar24-om-dig\/"]}]},{"@type":"ImageObject","inLanguage":"fi","@id":"https:\/\/inzain.bike\/nb\/ar24-om-dig\/#primaryimage","url":"https:\/\/inzain.bike\/wp-content\/uploads\/2023\/11\/Skarmbild-2023-10-29-202558-2-1024x471.png","contentUrl":"https:\/\/inzain.bike\/wp-content\/uploads\/2023\/11\/Skarmbild-2023-10-29-202558-2-1024x471.png"},{"@type":"BreadcrumbList","@id":"https:\/\/inzain.bike\/nb\/ar24-om-dig\/#breadcrumb","itemListElement":[{"@type":"ListItem","position":1,"name":"Hem","item":"https:\/\/inzain.bike\/fr_be\/"},{"@type":"ListItem","position":2,"name":"\u00c5land Runt &#8211; Om dig"}]},{"@type":"WebSite","@id":"https:\/\/inzain.bike\/fr_be\/#website","url":"https:\/\/inzain.bike\/fr_be\/","name":"INZAIN Py\u00f6r\u00e4ily-KOKEMUKSIA","description":"Py\u00f6r\u00e4ilyseikkailut - kaikille","publisher":{"@id":"https:\/\/inzain.bike\/fr_be\/#organization"},"alternateName":"INZAIN Gravel & Travel","potentialAction":[{"@type":"SearchAction","target":{"@type":"EntryPoint","urlTemplate":"https:\/\/inzain.bike\/fr_be\/?s={search_term_string}"},"query-input":{"@type":"PropertyValueSpecification","valueRequired":true,"valueName":"search_term_string"}}],"inLanguage":"fi"},{"@type":"Organization","@id":"https:\/\/inzain.bike\/fr_be\/#organization","name":"INZAIN Py\u00f6r\u00e4ily-KOKEMUKSIA","url":"https:\/\/inzain.bike\/fr_be\/","logo":{"@type":"ImageObject","inLanguage":"fi","@id":"https:\/\/inzain.bike\/fr_be\/#\/schema\/logo\/image\/","url":"https:\/\/i0.wp.com\/inzain.bike\/wp-content\/uploads\/2023\/09\/cropped-INZAIN_512x512_white.png?fit=512%2C512&ssl=1","contentUrl":"https:\/\/i0.wp.com\/inzain.bike\/wp-content\/uploads\/2023\/09\/cropped-INZAIN_512x512_white.png?fit=512%2C512&ssl=1","width":512,"height":512,"caption":"INZAIN Cycling EXPERIENCES"},"image":{"@id":"https:\/\/inzain.bike\/fr_be\/#\/schema\/logo\/image\/"},"sameAs":["https:\/\/www.facebook.com\/Inzain.bike","https:\/\/www.instagram.com\/inzainbike"]}]}},"amp_enabled":true,"_links":{"self":[{"href":"https:\/\/inzain.bike\/fi\/wp-json\/wp\/v2\/pages\/4716","targetHints":{"allow":["GET"]}}],"collection":[{"href":"https:\/\/inzain.bike\/fi\/wp-json\/wp\/v2\/pages"}],"about":[{"href":"https:\/\/inzain.bike\/fi\/wp-json\/wp\/v2\/types\/page"}],"author":[{"embeddable":true,"href":"https:\/\/inzain.bike\/fi\/wp-json\/wp\/v2\/users\/135133094"}],"replies":[{"embeddable":true,"href":"https:\/\/inzain.bike\/fi\/wp-json\/wp\/v2\/comments?post=4716"}],"version-history":[{"count":0,"href":"https:\/\/inzain.bike\/fi\/wp-json\/wp\/v2\/pages\/4716\/revisions"}],"wp:attachment":[{"href":"https:\/\/inzain.bike\/fi\/wp-json\/wp\/v2\/media?parent=4716"}],"curies":[{"name":"wp","href":"https:\/\/api.w.org\/{rel}","templated":true}]}}