{"id":4761,"date":"2023-11-11T18:14:58","date_gmt":"2023-11-11T17:14:58","guid":{"rendered":"https:\/\/inzain.bike\/?page_id=4761"},"modified":"2023-11-25T16:47:33","modified_gmt":"2023-11-25T15:47:33","slug":"bas24-accomodation","status":"publish","type":"page","link":"https:\/\/inzain.bike\/fi\/bas24-accomodation\/","title":{"rendered":"Baskimaa majoitus"},"content":{"rendered":"<div class=\"wp-block-columns alignwide is-layout-flex wp-container-core-columns-is-layout-28f84493 wp-block-columns-is-layout-flex\">\n<div class=\"wp-block-column is-layout-flow wp-block-column-is-layout-flow\">\n<p class=\"has-roboto-font-family has-custom-font\" style=\"font-family:Roboto\">Kaikki t\u00e4m\u00e4n matkan majoituspaikat on valittu ja testattu huolellisesti. Baskimaa soveltuu my\u00f6s t\u00e4\u00e4ll\u00e4 eritt\u00e4in hyvin (kuten hyv\u00e4n ruoan kanssa). Korkea taso kaikissa hotelleissa. Asumme usein rakennuksissa, joilla on hyvin pitk\u00e4 ja vanha historia. Ja jotka ovat samalla hyvin kunnostettuja ja huollettuja. Kirjo on laaja Riojan ylellisist\u00e4 viinitarhoista, Mundacan ulkopuolella sijaitsevasta maaseudun idylist\u00e4 Bilbaon joen varrella oleviin linnoihin. Ihanaa ja j\u00e4nnitt\u00e4v\u00e4\u00e4 saada n\u00e4m\u00e4 erilaiset tavoitteet joka p\u00e4iv\u00e4 py\u00f6r\u00e4ll\u00e4si.<\/p>\n\n\n\n<div class=\"wp-block-jetpack-tiled-gallery aligncenter is-style-rectangular\"><div class=\"tiled-gallery__gallery\"><div class=\"tiled-gallery__row\"><div class=\"tiled-gallery__col\" style=\"flex-basis:46.96912%\"><figure class=\"tiled-gallery__item\"><img decoding=\"async\" alt=\"\" data-height=\"3024\" data-id=\"4774\" data-link=\"https:\/\/inzain.bike\/bas24-accomodation\/img_4929\/\" data-url=\"https:\/\/inzain.bike\/wp-content\/uploads\/2023\/11\/IMG_4929-1024x768.jpg\" data-width=\"4032\" src=\"https:\/\/i0.wp.com\/inzain.bike\/wp-content\/uploads\/2023\/11\/IMG_4929-1024x768.jpg?ssl=1\" data-amp-layout=\"responsive\"\/><\/figure><figure class=\"tiled-gallery__item\"><img decoding=\"async\" alt=\"\" data-height=\"3024\" data-id=\"4778\" data-link=\"https:\/\/inzain.bike\/bas24-accomodation\/img_6346\/\" data-url=\"https:\/\/inzain.bike\/wp-content\/uploads\/2023\/11\/IMG_6346-1024x768.jpg\" data-width=\"4032\" src=\"https:\/\/i2.wp.com\/inzain.bike\/wp-content\/uploads\/2023\/11\/IMG_6346-1024x768.jpg?ssl=1\" data-amp-layout=\"responsive\"\/><\/figure><\/div><div class=\"tiled-gallery__col\" style=\"flex-basis:53.03088%\"><figure class=\"tiled-gallery__item\"><img decoding=\"async\" alt=\"\" data-height=\"1600\" data-id=\"4776\" data-link=\"https:\/\/inzain.bike\/bas24-accomodation\/a7b1a18e-5f2c-43ec-b6ad-74b5412e55de\/\" data-url=\"https:\/\/inzain.bike\/wp-content\/uploads\/2023\/11\/a7b1a18e-5f2c-43ec-b6ad-74b5412e55de-768x1024.jpg\" data-width=\"1200\" src=\"https:\/\/i0.wp.com\/inzain.bike\/wp-content\/uploads\/2023\/11\/a7b1a18e-5f2c-43ec-b6ad-74b5412e55de-768x1024.jpg?ssl=1\" data-amp-layout=\"responsive\"\/><\/figure><\/div><\/div><\/div><\/div>\n<\/div>\n<\/div>","protected":false},"excerpt":{"rendered":"<p>Alla boenden p\u00e5 denna resa \u00e4r noga utvalda och utprovade. Baskien l\u00e4mpar sig \u00e4ven h\u00e4r (som med den goda maten) v\u00e4ldigt v\u00e4l. H\u00f6g standard p\u00e5 alla hotell. Ofta bor vi i byggnader med v\u00e4ldigt l\u00e5ng och gammal historia. Och som samtidigt \u00e4r v\u00e4l renoverade och underh\u00e5llna. Spektrumet \u00e4r stort, fr\u00e5n lyxig ving\u00e5rd i Rioja, lantlig [&hellip;]<\/p>\n","protected":false},"author":135133094,"featured_media":0,"parent":0,"menu_order":0,"comment_status":"closed","ping_status":"closed","template":"","meta":{"_coblocks_attr":"Roboto","_coblocks_dimensions":"","_coblocks_responsive_height":"","_coblocks_accordion_ie_support":"","footnotes":""},"class_list":["post-4761","page","type-page","status-publish","hentry"],"yoast_head":"<!-- This site is optimized with the Yoast SEO plugin v27.2 - https:\/\/yoast.com\/product\/yoast-seo-wordpress\/ -->\n<title>Baskien Boende - INZAIN Cycling EXPERIENCES<\/title>\n<meta name=\"robots\" content=\"index, follow, max-snippet:-1, max-image-preview:large, max-video-preview:-1\" \/>\n<link rel=\"canonical\" href=\"https:\/\/inzain.bike\/fi\/bas24-accomodation\/\" \/>\n<meta property=\"og:locale\" content=\"fi_FI\" \/>\n<meta property=\"og:type\" content=\"article\" \/>\n<meta property=\"og:title\" content=\"Baskien Boende - INZAIN Cycling EXPERIENCES\" \/>\n<meta property=\"og:description\" content=\"Alla boenden p\u00e5 denna resa \u00e4r noga utvalda och utprovade. Baskien l\u00e4mpar sig \u00e4ven h\u00e4r (som med den goda maten) v\u00e4ldigt v\u00e4l. H\u00f6g standard p\u00e5 alla hotell. Ofta bor vi i byggnader med v\u00e4ldigt l\u00e5ng och gammal historia. Och som samtidigt \u00e4r v\u00e4l renoverade och underh\u00e5llna. Spektrumet \u00e4r stort, fr\u00e5n lyxig ving\u00e5rd i Rioja, lantlig [&hellip;]\" \/>\n<meta property=\"og:url\" content=\"https:\/\/inzain.bike\/fi\/bas24-accomodation\/\" \/>\n<meta property=\"og:site_name\" content=\"INZAIN Cycling EXPERIENCES\" \/>\n<meta property=\"article:publisher\" content=\"https:\/\/www.facebook.com\/Inzain.bike\" \/>\n<meta property=\"article:modified_time\" content=\"2023-11-25T15:47:33+00:00\" \/>\n<meta property=\"og:image\" content=\"https:\/\/i0.wp.com\/inzain.bike\/wp-content\/uploads\/2023\/11\/IMG_4929-1024x768.jpg?ssl=1\" \/>\n<meta name=\"twitter:card\" content=\"summary_large_image\" \/>\n<meta name=\"twitter:label1\" content=\"Arvioitu lukuaika\" \/>\n\t<meta name=\"twitter:data1\" content=\"1 minuutti\" \/>\n<script type=\"application\/ld+json\" class=\"yoast-schema-graph\">{\"@context\":\"https:\/\/schema.org\",\"@graph\":[{\"@type\":\"WebPage\",\"@id\":\"https:\/\/inzain.bike\/sv_se\/bas24-accomodation\/\",\"url\":\"https:\/\/inzain.bike\/sv_se\/bas24-accomodation\/\",\"name\":\"Baskien Boende - INZAIN Cycling EXPERIENCES\",\"isPartOf\":{\"@id\":\"https:\/\/inzain.bike\/fr_be\/#website\"},\"primaryImageOfPage\":{\"@id\":\"https:\/\/inzain.bike\/sv_se\/bas24-accomodation\/#primaryimage\"},\"image\":{\"@id\":\"https:\/\/inzain.bike\/sv_se\/bas24-accomodation\/#primaryimage\"},\"thumbnailUrl\":\"https:\/\/i0.wp.com\/inzain.bike\/wp-content\/uploads\/2023\/11\/IMG_4929-1024x768.jpg?ssl=1\",\"datePublished\":\"2023-11-11T17:14:58+00:00\",\"dateModified\":\"2023-11-25T15:47:33+00:00\",\"breadcrumb\":{\"@id\":\"https:\/\/inzain.bike\/sv_se\/bas24-accomodation\/#breadcrumb\"},\"inLanguage\":\"fi\",\"potentialAction\":[{\"@type\":\"ReadAction\",\"target\":[\"https:\/\/inzain.bike\/sv_se\/bas24-accomodation\/\"]}]},{\"@type\":\"ImageObject\",\"inLanguage\":\"fi\",\"@id\":\"https:\/\/inzain.bike\/sv_se\/bas24-accomodation\/#primaryimage\",\"url\":\"https:\/\/i0.wp.com\/inzain.bike\/wp-content\/uploads\/2023\/11\/IMG_4929-1024x768.jpg?ssl=1\",\"contentUrl\":\"https:\/\/i0.wp.com\/inzain.bike\/wp-content\/uploads\/2023\/11\/IMG_4929-1024x768.jpg?ssl=1\"},{\"@type\":\"BreadcrumbList\",\"@id\":\"https:\/\/inzain.bike\/sv_se\/bas24-accomodation\/#breadcrumb\",\"itemListElement\":[{\"@type\":\"ListItem\",\"position\":1,\"name\":\"Hem\",\"item\":\"https:\/\/inzain.bike\/fr_be\/\"},{\"@type\":\"ListItem\",\"position\":2,\"name\":\"Baskien Boende\"}]},{\"@type\":\"WebSite\",\"@id\":\"https:\/\/inzain.bike\/fr_be\/#website\",\"url\":\"https:\/\/inzain.bike\/fr_be\/\",\"name\":\"INZAIN Cycling EXPERIENCES\",\"description\":\"Cyckling Adventures  - for everyone\",\"publisher\":{\"@id\":\"https:\/\/inzain.bike\/fr_be\/#organization\"},\"alternateName\":\"INZAIN Gravel & Travel\",\"potentialAction\":[{\"@type\":\"SearchAction\",\"target\":{\"@type\":\"EntryPoint\",\"urlTemplate\":\"https:\/\/inzain.bike\/fr_be\/?s={search_term_string}\"},\"query-input\":{\"@type\":\"PropertyValueSpecification\",\"valueRequired\":true,\"valueName\":\"search_term_string\"}}],\"inLanguage\":\"fi\"},{\"@type\":\"Organization\",\"@id\":\"https:\/\/inzain.bike\/fr_be\/#organization\",\"name\":\"INZAIN Cycling EXPERIENCES\",\"url\":\"https:\/\/inzain.bike\/fr_be\/\",\"logo\":{\"@type\":\"ImageObject\",\"inLanguage\":\"fi\",\"@id\":\"https:\/\/inzain.bike\/fr_be\/#\/schema\/logo\/image\/\",\"url\":\"https:\/\/i0.wp.com\/inzain.bike\/wp-content\/uploads\/2023\/09\/cropped-INZAIN_512x512_white.png?fit=512%2C512&ssl=1\",\"contentUrl\":\"https:\/\/i0.wp.com\/inzain.bike\/wp-content\/uploads\/2023\/09\/cropped-INZAIN_512x512_white.png?fit=512%2C512&ssl=1\",\"width\":512,\"height\":512,\"caption\":\"INZAIN Cycling EXPERIENCES\"},\"image\":{\"@id\":\"https:\/\/inzain.bike\/fr_be\/#\/schema\/logo\/image\/\"},\"sameAs\":[\"https:\/\/www.facebook.com\/Inzain.bike\",\"https:\/\/www.instagram.com\/inzainbike\"]}]}<\/script>\n<!-- \/ Yoast SEO plugin. -->","yoast_head_json":{"title":"Majoitus Baskimaassa - INZAIN Cycling EXPERIENCES","robots":{"index":"index","follow":"follow","max-snippet":"max-snippet:-1","max-image-preview":"max-image-preview:large","max-video-preview":"max-video-preview:-1"},"canonical":"https:\/\/inzain.bike\/fi\/bas24-accomodation\/","og_locale":"fi_FI","og_type":"article","og_title":"Baskien Boende - INZAIN Cycling EXPERIENCES","og_description":"Alla boenden p\u00e5 denna resa \u00e4r noga utvalda och utprovade. Baskien l\u00e4mpar sig \u00e4ven h\u00e4r (som med den goda maten) v\u00e4ldigt v\u00e4l. H\u00f6g standard p\u00e5 alla hotell. Ofta bor vi i byggnader med v\u00e4ldigt l\u00e5ng och gammal historia. Och som samtidigt \u00e4r v\u00e4l renoverade och underh\u00e5llna. Spektrumet \u00e4r stort, fr\u00e5n lyxig ving\u00e5rd i Rioja, lantlig [&hellip;]","og_url":"https:\/\/inzain.bike\/fi\/bas24-accomodation\/","og_site_name":"INZAIN Cycling EXPERIENCES","article_publisher":"https:\/\/www.facebook.com\/Inzain.bike","article_modified_time":"2023-11-25T15:47:33+00:00","og_image":[{"url":"https:\/\/i0.wp.com\/inzain.bike\/wp-content\/uploads\/2023\/11\/IMG_4929-1024x768.jpg?ssl=1","type":"","width":"","height":""}],"twitter_card":"summary_large_image","twitter_misc":{"Arvioitu lukuaika":"1 minuutti"},"schema":{"@context":"https:\/\/schema.org","@graph":[{"@type":"WebPage","@id":"https:\/\/inzain.bike\/sv_se\/bas24-accomodation\/","url":"https:\/\/inzain.bike\/sv_se\/bas24-accomodation\/","name":"Majoitus Baskimaassa - INZAIN Cycling EXPERIENCES","isPartOf":{"@id":"https:\/\/inzain.bike\/fr_be\/#website"},"primaryImageOfPage":{"@id":"https:\/\/inzain.bike\/sv_se\/bas24-accomodation\/#primaryimage"},"image":{"@id":"https:\/\/inzain.bike\/sv_se\/bas24-accomodation\/#primaryimage"},"thumbnailUrl":"https:\/\/i0.wp.com\/inzain.bike\/wp-content\/uploads\/2023\/11\/IMG_4929-1024x768.jpg?ssl=1","datePublished":"2023-11-11T17:14:58+00:00","dateModified":"2023-11-25T15:47:33+00:00","breadcrumb":{"@id":"https:\/\/inzain.bike\/sv_se\/bas24-accomodation\/#breadcrumb"},"inLanguage":"fi","potentialAction":[{"@type":"ReadAction","target":["https:\/\/inzain.bike\/sv_se\/bas24-accomodation\/"]}]},{"@type":"ImageObject","inLanguage":"fi","@id":"https:\/\/inzain.bike\/sv_se\/bas24-accomodation\/#primaryimage","url":"https:\/\/i0.wp.com\/inzain.bike\/wp-content\/uploads\/2023\/11\/IMG_4929-1024x768.jpg?ssl=1","contentUrl":"https:\/\/i0.wp.com\/inzain.bike\/wp-content\/uploads\/2023\/11\/IMG_4929-1024x768.jpg?ssl=1"},{"@type":"BreadcrumbList","@id":"https:\/\/inzain.bike\/sv_se\/bas24-accomodation\/#breadcrumb","itemListElement":[{"@type":"ListItem","position":1,"name":"Hem","item":"https:\/\/inzain.bike\/fr_be\/"},{"@type":"ListItem","position":2,"name":"Baskien Boende"}]},{"@type":"WebSite","@id":"https:\/\/inzain.bike\/fr_be\/#website","url":"https:\/\/inzain.bike\/fr_be\/","name":"INZAIN Py\u00f6r\u00e4ily-KOKEMUKSIA","description":"Py\u00f6r\u00e4ilyseikkailut - kaikille","publisher":{"@id":"https:\/\/inzain.bike\/fr_be\/#organization"},"alternateName":"INZAIN Gravel & Travel","potentialAction":[{"@type":"SearchAction","target":{"@type":"EntryPoint","urlTemplate":"https:\/\/inzain.bike\/fr_be\/?s={search_term_string}"},"query-input":{"@type":"PropertyValueSpecification","valueRequired":true,"valueName":"search_term_string"}}],"inLanguage":"fi"},{"@type":"Organization","@id":"https:\/\/inzain.bike\/fr_be\/#organization","name":"INZAIN Py\u00f6r\u00e4ily-KOKEMUKSIA","url":"https:\/\/inzain.bike\/fr_be\/","logo":{"@type":"ImageObject","inLanguage":"fi","@id":"https:\/\/inzain.bike\/fr_be\/#\/schema\/logo\/image\/","url":"https:\/\/i0.wp.com\/inzain.bike\/wp-content\/uploads\/2023\/09\/cropped-INZAIN_512x512_white.png?fit=512%2C512&ssl=1","contentUrl":"https:\/\/i0.wp.com\/inzain.bike\/wp-content\/uploads\/2023\/09\/cropped-INZAIN_512x512_white.png?fit=512%2C512&ssl=1","width":512,"height":512,"caption":"INZAIN Cycling EXPERIENCES"},"image":{"@id":"https:\/\/inzain.bike\/fr_be\/#\/schema\/logo\/image\/"},"sameAs":["https:\/\/www.facebook.com\/Inzain.bike","https:\/\/www.instagram.com\/inzainbike"]}]}},"amp_enabled":true,"_links":{"self":[{"href":"https:\/\/inzain.bike\/fi\/wp-json\/wp\/v2\/pages\/4761","targetHints":{"allow":["GET"]}}],"collection":[{"href":"https:\/\/inzain.bike\/fi\/wp-json\/wp\/v2\/pages"}],"about":[{"href":"https:\/\/inzain.bike\/fi\/wp-json\/wp\/v2\/types\/page"}],"author":[{"embeddable":true,"href":"https:\/\/inzain.bike\/fi\/wp-json\/wp\/v2\/users\/135133094"}],"replies":[{"embeddable":true,"href":"https:\/\/inzain.bike\/fi\/wp-json\/wp\/v2\/comments?post=4761"}],"version-history":[{"count":0,"href":"https:\/\/inzain.bike\/fi\/wp-json\/wp\/v2\/pages\/4761\/revisions"}],"wp:attachment":[{"href":"https:\/\/inzain.bike\/fi\/wp-json\/wp\/v2\/media?parent=4761"}],"curies":[{"name":"wp","href":"https:\/\/api.w.org\/{rel}","templated":true}]}}