{"id":4769,"date":"2023-11-11T18:13:58","date_gmt":"2023-11-11T17:13:58","guid":{"rendered":"https:\/\/inzain.bike\/?page_id=4769"},"modified":"2023-11-25T16:50:24","modified_gmt":"2023-11-25T15:50:24","slug":"bas24-cycling","status":"publish","type":"page","link":"https:\/\/inzain.bike\/fi\/bas24-cycling\/","title":{"rendered":"Baskimaan py\u00f6r\u00e4ily"},"content":{"rendered":"<div class=\"wp-block-columns alignwide is-layout-flex wp-container-core-columns-is-layout-28f84493 wp-block-columns-is-layout-flex\">\n<div class=\"wp-block-column is-layout-flow wp-block-column-is-layout-flow\">\n<p class=\"has-roboto-font-family has-custom-font\" style=\"font-family:Roboto\">Py\u00f6r\u00e4ily Baskimaassa on aivan mahtavaa! Vaihteleva ja vehre\u00e4 maisema muutamalla autolla. Aloitamme alas Atlantin rannikolta Biarritzissa ja t\u00e4ht\u00e4\u00e4mme Pamplonaan ja ensimm\u00e4iseen m\u00e4\u00e4r\u00e4np\u00e4\u00e4h\u00e4mme Espanjassa. Kun palaamme Biarritziin kuusi p\u00e4iv\u00e4\u00e4 my\u00f6hemmin. Olemmeko kokeneet p\u00e4ivi\u00e4, joissa on kaikkea mets\u00e4teist\u00e4 avoimiin maisemiin upeilla n\u00e4kymill\u00e4. Py\u00f6r\u00e4ily on uskomattoman suosittua Baskimaassa. Eik\u00e4 ole vaikea ymm\u00e4rt\u00e4\u00e4, miksi monissa paikoissa sit\u00e4 pidet\u00e4\u00e4n kansallislajina ennen jalkapalloa.<\/p>\n<\/div>\n<\/div>\n\n\n\n<p class=\"has-text-align-left has-roboto-font-family has-custom-font has-custom-weight\" style=\"font-weight:bold;font-family:Roboto;font-size:30px\">Ajoittaa<\/p>\n\n\n\n<div class=\"wp-block-columns alignwide is-layout-flex wp-container-core-columns-is-layout-28f84493 wp-block-columns-is-layout-flex\">\n<div class=\"wp-block-column is-layout-flow wp-block-column-is-layout-flow\">\n<figure class=\"wp-block-image size-full\"><img decoding=\"async\" src=\"https:\/\/inzain.bike\/wp-content\/uploads\/2023\/11\/IMG_5220.jpg\" alt=\"\" class=\"wp-image-4911\"\/><\/figure>\n<\/div>\n\n\n\n<div class=\"wp-block-column is-layout-flow wp-block-column-is-layout-flow\">\n<p><strong>P\u00e4iv\u00e4 yksi <\/strong><\/p>\n\n\n\n<p>Aloituksen j\u00e4lkeen Biarritzista, joka on nyt meille tuttu, suuntaamme it\u00e4\u00e4n. Jo kolmen mailin j\u00e4lkeen ylit\u00e4mme rajan Espanjaan. Ymp\u00e4rist\u00f6 on vehre\u00e4\u00e4 ja kulkee usein mets\u00e4alueiden l\u00e4pi. Kahdeksan mailin j\u00e4lkeen saavutamme p\u00e4iv\u00e4n korkeimman kohdan (hieman alle 1000 m) ja katselemme tasankoja ja m\u00e4\u00e4r\u00e4np\u00e4\u00e4mme Pamplonaa. Saavumme sinne noin viikkoa ennen San Fermini\u00e4, mutta tunnelma kaupungissa on siit\u00e4 huolimatta maaginen ja odottava.<\/p>\n<\/div>\n<\/div>\n\n\n\n<div class=\"wp-block-columns alignwide is-layout-flex wp-container-core-columns-is-layout-28f84493 wp-block-columns-is-layout-flex\">\n<div class=\"wp-block-column is-layout-flow wp-block-column-is-layout-flow\">\n<p><strong>P\u00e4iv\u00e4 kaksi <\/strong><\/p>\n\n\n\n<p>Nyt ohjataan etel\u00e4\u00e4n. Kohteemme ja viinitarhamme Eguren Ugarte h\u00e4\u00e4m\u00f6tt\u00e4v\u00e4t kaukaa. T\u00e4m\u00e4 on alun perin v\u00e4hiten nousujohteinen osa matkallamme. Mutta juuri ennen tavoitettamme kiipe\u00e4mme Lapoblaconin pikkukaupunkiin l\u00e4hes 1000 m. Ennen kuin rullaamme alas majoituspaikkaamme. Olemme nyt saavuttaneet rajan, jossa kaikki Riojan viinitarhat ottavat vallan.<\/p>\n<\/div>\n\n\n\n<div class=\"wp-block-column is-layout-flow wp-block-column-is-layout-flow\">\n<figure class=\"wp-block-image size-full\"><img decoding=\"async\" src=\"https:\/\/inzain.bike\/wp-content\/uploads\/2023\/11\/IMG_4819.jpg\" alt=\"\" class=\"wp-image-4880\"\/><\/figure>\n<\/div>\n<\/div>\n\n\n\n<div class=\"wp-block-columns alignwide is-layout-flex wp-container-core-columns-is-layout-28f84493 wp-block-columns-is-layout-flex\">\n<div class=\"wp-block-column is-layout-flow wp-block-column-is-layout-flow\">\n<figure class=\"wp-block-image size-full\"><img decoding=\"async\" src=\"https:\/\/inzain.bike\/wp-content\/uploads\/2023\/11\/IMG_6269.jpg\" alt=\"\" class=\"wp-image-4886\"\/><\/figure>\n<\/div>\n\n\n\n<div class=\"wp-block-column is-layout-flow wp-block-column-is-layout-flow\">\n<p><strong>Kolmas p\u00e4iv\u00e4 <\/strong><\/p>\n\n\n\n<p>Olemme nyt saavuttaneet matkamme etel\u00e4isimm\u00e4n m\u00e4\u00e4r\u00e4np\u00e4\u00e4n. Ennen kuin saavumme matkan suureen klassiseen ja j\u00e4nnitt\u00e4vimp\u00e4\u00e4n kaupunkiin Bilbaoon, ohitamme Baskimaan p\u00e4\u00e4kaupungin Vitoria - Gasteiz. Vain lyhyt kahvi siell\u00e4, mutta aikataulu on tehty niin, ett\u00e4 sinulla on aikaa vierailla Guggenheim-museossa ennen illallista.<\/p>\n<\/div>\n<\/div>\n\n\n\n<div class=\"wp-block-columns alignwide is-layout-flex wp-container-core-columns-is-layout-28f84493 wp-block-columns-is-layout-flex\">\n<div class=\"wp-block-column is-layout-flow wp-block-column-is-layout-flow\">\n<p><strong>P\u00e4iv\u00e4 nelj\u00e4 <\/strong><\/p>\n\n\n\n<p>T\u00e4n\u00e4 aamuna seuraamme matkallamme rannikkoa ja merta. Valitsemme suunnilleen saman reitin kuin Tour de France tekee Grand Departissa vuonna 2023. Joten j\u00e4lleen kerran klassisia teit\u00e4 ja laaja meri vasemmalla ja vuoret ja rinteet oikealla. Pysy kuulolla, jos pid\u00e4t Game of Thronesista, kohteemme San Juan Gaztelugatxe oli yksi klassisimmista kuvauspaikoista!<\/p>\n<\/div>\n\n\n\n<div class=\"wp-block-column is-layout-flow wp-block-column-is-layout-flow\">\n<figure class=\"wp-block-image size-full\"><img loading=\"lazy\" decoding=\"async\" width=\"1600\" height=\"1200\" src=\"https:\/\/inzain.bike\/wp-content\/uploads\/2023\/11\/59d8cc2a-c457-4bdb-8cbb-0106a4f346b7.jpg\" alt=\"\" class=\"wp-image-4917\" srcset=\"https:\/\/inzain.bike\/wp-content\/uploads\/2023\/11\/59d8cc2a-c457-4bdb-8cbb-0106a4f346b7.jpg 1600w, https:\/\/inzain.bike\/wp-content\/uploads\/2023\/11\/59d8cc2a-c457-4bdb-8cbb-0106a4f346b7-300x225.jpg 300w, https:\/\/inzain.bike\/wp-content\/uploads\/2023\/11\/59d8cc2a-c457-4bdb-8cbb-0106a4f346b7-1024x768.jpg 1024w, https:\/\/inzain.bike\/wp-content\/uploads\/2023\/11\/59d8cc2a-c457-4bdb-8cbb-0106a4f346b7-768x576.jpg 768w, https:\/\/inzain.bike\/wp-content\/uploads\/2023\/11\/59d8cc2a-c457-4bdb-8cbb-0106a4f346b7-1536x1152.jpg 1536w, https:\/\/inzain.bike\/wp-content\/uploads\/2023\/11\/59d8cc2a-c457-4bdb-8cbb-0106a4f346b7-16x12.jpg 16w, https:\/\/inzain.bike\/wp-content\/uploads\/2023\/11\/59d8cc2a-c457-4bdb-8cbb-0106a4f346b7-1320x990.jpg 1320w, https:\/\/inzain.bike\/wp-content\/uploads\/2023\/11\/59d8cc2a-c457-4bdb-8cbb-0106a4f346b7-600x450.jpg 600w\" sizes=\"auto, (max-width: 1600px) 100vw, 1600px\" \/><\/figure>\n<\/div>\n<\/div>\n\n\n\n<div class=\"wp-block-columns alignwide is-layout-flex wp-container-core-columns-is-layout-28f84493 wp-block-columns-is-layout-flex\">\n<div class=\"wp-block-column is-layout-flow wp-block-column-is-layout-flow\">\n<figure class=\"wp-block-image size-full\"><img decoding=\"async\" src=\"https:\/\/inzain.bike\/wp-content\/uploads\/2023\/11\/IMG_4677.jpg\" alt=\"\" class=\"wp-image-4918\"\/><\/figure>\n<\/div>\n\n\n\n<div class=\"wp-block-column is-layout-flow wp-block-column-is-layout-flow\">\n<p><strong>P\u00e4iv\u00e4 viisi <\/strong><\/p>\n\n\n\n<p>T\u00e4n\u00e4\u00e4n upeampi meri. Mutta my\u00f6s kaksi kiehtovaa v\u00e4litavoitetta. Ensimm\u00e4inen Mundaca, upea rannikkokaupunki\/kyl\u00e4, jota rakastavat kaikki ja ehk\u00e4 eniten maailman surffaajat, jotka tekev\u00e4t pyhiinvaelluksen t\u00e4nne. Sen j\u00e4lkeen Guernica, ehk\u00e4 parhaiten tunnettu maalauksesta, jonka Picasso teki muistomerkiksi Espanjan sis\u00e4llissodan j\u00e4lkeen. Jokainen matkamme kaupunki on kuuluisa hyv\u00e4st\u00e4 ruoastaan. Mutta ehk\u00e4 t\u00e4m\u00e4n p\u00e4iv\u00e4n tavoite on no1, San Sebastian!&nbsp;<\/p>\n<\/div>\n<\/div>\n\n\n\n<div class=\"wp-block-columns alignwide is-layout-flex wp-container-core-columns-is-layout-28f84493 wp-block-columns-is-layout-flex\">\n<div class=\"wp-block-column is-layout-flow wp-block-column-is-layout-flow\">\n<p><strong>Kuudes p\u00e4iv\u00e4 <\/strong><\/p>\n\n\n\n<p>Suuri finaali, Biarritz ja sen hieno ranta Grand Plage h\u00e4\u00e4m\u00f6tt\u00e4\u00e4. Joko l\u00e4hdemme l\u00e4himp\u00e4\u00e4n (n. 5 mailia) tiet\u00e4 pitkin rannikkoa pitkin ja ehk\u00e4 pitk\u00e4n kahvin rannalla St.Jean de Luzissa. Tai kiipe\u00e4mme joihinkin vuoriin (n. 1000 m korkea) oikealla puolella ja saamme mukavan viimeisen n\u00e4kym\u00e4n edellisest\u00e4 reitist\u00e4mme id\u00e4ss\u00e4, ennen kuin liitymme muihin lopulliseen m\u00e4\u00e4r\u00e4np\u00e4\u00e4h\u00e4mme. Joka tapauksessa eritt\u00e4in herkullista keskustella ja sulatella iltap\u00e4iv\u00e4ll\u00e4 ja illalla kuplivaa lasin \u00e4\u00e4ress\u00e4.&nbsp;<\/p>\n<\/div>\n\n\n\n<div class=\"wp-block-column is-layout-flow wp-block-column-is-layout-flow\">\n<figure class=\"wp-block-image size-full\"><img decoding=\"async\" src=\"https:\/\/inzain.bike\/wp-content\/uploads\/2023\/11\/IMG_4125-2.jpg\" alt=\"\" class=\"wp-image-4743\"\/><\/figure>\n<\/div>\n<\/div>\n\n\n\n<p><br><\/p>","protected":false},"excerpt":{"rendered":"<p>Cyklingen i Baskien \u00e4r helt underbar! Skiftande och gr\u00f6nskande landskap med f\u00e5 bilar. Vi startar nere vid Atlantkusten i Biarritz och tar sikte p\u00e5 Pamplona och v\u00e5rt f\u00f6rsta m\u00e5l i Spanien. N\u00e4r vi sen rullar tillbaka in i Biarritz sex dagar senare. Har vi f\u00e5tt uppleva dagar med allt fr\u00e5n skogsv\u00e4gar till \u00f6ppna landskap med [&hellip;]<\/p>\n","protected":false},"author":135133094,"featured_media":0,"parent":0,"menu_order":0,"comment_status":"closed","ping_status":"closed","template":"","meta":{"_coblocks_attr":"Roboto,Roboto","_coblocks_dimensions":"","_coblocks_responsive_height":"","_coblocks_accordion_ie_support":"","footnotes":""},"class_list":["post-4769","page","type-page","status-publish","hentry"],"yoast_head":"<!-- This site is optimized with the Yoast SEO plugin v27.2 - https:\/\/yoast.com\/product\/yoast-seo-wordpress\/ -->\n<title>Baskien Cykling - INZAIN Cycling EXPERIENCES<\/title>\n<meta name=\"robots\" content=\"index, follow, max-snippet:-1, max-image-preview:large, max-video-preview:-1\" \/>\n<link rel=\"canonical\" href=\"https:\/\/inzain.bike\/fi\/bas24-cycling\/\" \/>\n<meta property=\"og:locale\" content=\"fi_FI\" \/>\n<meta property=\"og:type\" content=\"article\" \/>\n<meta property=\"og:title\" content=\"Baskien Cykling - INZAIN Cycling EXPERIENCES\" \/>\n<meta property=\"og:description\" content=\"Cyklingen i Baskien \u00e4r helt underbar! Skiftande och gr\u00f6nskande landskap med f\u00e5 bilar. Vi startar nere vid Atlantkusten i Biarritz och tar sikte p\u00e5 Pamplona och v\u00e5rt f\u00f6rsta m\u00e5l i Spanien. N\u00e4r vi sen rullar tillbaka in i Biarritz sex dagar senare. Har vi f\u00e5tt uppleva dagar med allt fr\u00e5n skogsv\u00e4gar till \u00f6ppna landskap med [&hellip;]\" \/>\n<meta property=\"og:url\" content=\"https:\/\/inzain.bike\/fi\/bas24-cycling\/\" \/>\n<meta property=\"og:site_name\" content=\"INZAIN Cycling EXPERIENCES\" \/>\n<meta property=\"article:publisher\" content=\"https:\/\/www.facebook.com\/Inzain.bike\" \/>\n<meta property=\"article:modified_time\" content=\"2023-11-25T15:50:24+00:00\" \/>\n<meta property=\"og:image\" content=\"https:\/\/inzain.bike\/wp-content\/uploads\/2023\/11\/IMG_5220.jpg\" \/>\n<meta name=\"twitter:card\" content=\"summary_large_image\" \/>\n<meta name=\"twitter:label1\" content=\"Arvioitu lukuaika\" \/>\n\t<meta name=\"twitter:data1\" content=\"4 minuuttia\" \/>\n<script type=\"application\/ld+json\" class=\"yoast-schema-graph\">{\"@context\":\"https:\/\/schema.org\",\"@graph\":[{\"@type\":\"WebPage\",\"@id\":\"https:\/\/inzain.bike\/en\/bas24-cycling\/\",\"url\":\"https:\/\/inzain.bike\/en\/bas24-cycling\/\",\"name\":\"Baskien Cykling - INZAIN Cycling EXPERIENCES\",\"isPartOf\":{\"@id\":\"https:\/\/inzain.bike\/fr_be\/#website\"},\"primaryImageOfPage\":{\"@id\":\"https:\/\/inzain.bike\/en\/bas24-cycling\/#primaryimage\"},\"image\":{\"@id\":\"https:\/\/inzain.bike\/en\/bas24-cycling\/#primaryimage\"},\"thumbnailUrl\":\"https:\/\/inzain.bike\/wp-content\/uploads\/2023\/11\/IMG_5220.jpg\",\"datePublished\":\"2023-11-11T17:13:58+00:00\",\"dateModified\":\"2023-11-25T15:50:24+00:00\",\"breadcrumb\":{\"@id\":\"https:\/\/inzain.bike\/en\/bas24-cycling\/#breadcrumb\"},\"inLanguage\":\"fi\",\"potentialAction\":[{\"@type\":\"ReadAction\",\"target\":[\"https:\/\/inzain.bike\/en\/bas24-cycling\/\"]}]},{\"@type\":\"ImageObject\",\"inLanguage\":\"fi\",\"@id\":\"https:\/\/inzain.bike\/en\/bas24-cycling\/#primaryimage\",\"url\":\"https:\/\/inzain.bike\/wp-content\/uploads\/2023\/11\/IMG_5220.jpg\",\"contentUrl\":\"https:\/\/inzain.bike\/wp-content\/uploads\/2023\/11\/IMG_5220.jpg\"},{\"@type\":\"BreadcrumbList\",\"@id\":\"https:\/\/inzain.bike\/en\/bas24-cycling\/#breadcrumb\",\"itemListElement\":[{\"@type\":\"ListItem\",\"position\":1,\"name\":\"Hem\",\"item\":\"https:\/\/inzain.bike\/fr_be\/\"},{\"@type\":\"ListItem\",\"position\":2,\"name\":\"Baskien Cykling\"}]},{\"@type\":\"WebSite\",\"@id\":\"https:\/\/inzain.bike\/fr_be\/#website\",\"url\":\"https:\/\/inzain.bike\/fr_be\/\",\"name\":\"INZAIN Cycling EXPERIENCES\",\"description\":\"Cyckling Adventures  - for everyone\",\"publisher\":{\"@id\":\"https:\/\/inzain.bike\/fr_be\/#organization\"},\"alternateName\":\"INZAIN Gravel & Travel\",\"potentialAction\":[{\"@type\":\"SearchAction\",\"target\":{\"@type\":\"EntryPoint\",\"urlTemplate\":\"https:\/\/inzain.bike\/fr_be\/?s={search_term_string}\"},\"query-input\":{\"@type\":\"PropertyValueSpecification\",\"valueRequired\":true,\"valueName\":\"search_term_string\"}}],\"inLanguage\":\"fi\"},{\"@type\":\"Organization\",\"@id\":\"https:\/\/inzain.bike\/fr_be\/#organization\",\"name\":\"INZAIN Cycling EXPERIENCES\",\"url\":\"https:\/\/inzain.bike\/fr_be\/\",\"logo\":{\"@type\":\"ImageObject\",\"inLanguage\":\"fi\",\"@id\":\"https:\/\/inzain.bike\/fr_be\/#\/schema\/logo\/image\/\",\"url\":\"https:\/\/i0.wp.com\/inzain.bike\/wp-content\/uploads\/2023\/09\/cropped-INZAIN_512x512_white.png?fit=512%2C512&ssl=1\",\"contentUrl\":\"https:\/\/i0.wp.com\/inzain.bike\/wp-content\/uploads\/2023\/09\/cropped-INZAIN_512x512_white.png?fit=512%2C512&ssl=1\",\"width\":512,\"height\":512,\"caption\":\"INZAIN Cycling EXPERIENCES\"},\"image\":{\"@id\":\"https:\/\/inzain.bike\/fr_be\/#\/schema\/logo\/image\/\"},\"sameAs\":[\"https:\/\/www.facebook.com\/Inzain.bike\",\"https:\/\/www.instagram.com\/inzainbike\"]}]}<\/script>\n<!-- \/ Yoast SEO plugin. -->","yoast_head_json":{"title":"Baskimaan py\u00f6r\u00e4ily - INZAIN Cycling EXPERIENCES","robots":{"index":"index","follow":"follow","max-snippet":"max-snippet:-1","max-image-preview":"max-image-preview:large","max-video-preview":"max-video-preview:-1"},"canonical":"https:\/\/inzain.bike\/fi\/bas24-cycling\/","og_locale":"fi_FI","og_type":"article","og_title":"Baskien Cykling - INZAIN Cycling EXPERIENCES","og_description":"Cyklingen i Baskien \u00e4r helt underbar! Skiftande och gr\u00f6nskande landskap med f\u00e5 bilar. Vi startar nere vid Atlantkusten i Biarritz och tar sikte p\u00e5 Pamplona och v\u00e5rt f\u00f6rsta m\u00e5l i Spanien. N\u00e4r vi sen rullar tillbaka in i Biarritz sex dagar senare. Har vi f\u00e5tt uppleva dagar med allt fr\u00e5n skogsv\u00e4gar till \u00f6ppna landskap med [&hellip;]","og_url":"https:\/\/inzain.bike\/fi\/bas24-cycling\/","og_site_name":"INZAIN Cycling EXPERIENCES","article_publisher":"https:\/\/www.facebook.com\/Inzain.bike","article_modified_time":"2023-11-25T15:50:24+00:00","og_image":[{"url":"https:\/\/inzain.bike\/wp-content\/uploads\/2023\/11\/IMG_5220.jpg","type":"","width":"","height":""}],"twitter_card":"summary_large_image","twitter_misc":{"Arvioitu lukuaika":"4 minuuttia"},"schema":{"@context":"https:\/\/schema.org","@graph":[{"@type":"WebPage","@id":"https:\/\/inzain.bike\/en\/bas24-cycling\/","url":"https:\/\/inzain.bike\/en\/bas24-cycling\/","name":"Baskimaan py\u00f6r\u00e4ily - INZAIN Cycling EXPERIENCES","isPartOf":{"@id":"https:\/\/inzain.bike\/fr_be\/#website"},"primaryImageOfPage":{"@id":"https:\/\/inzain.bike\/en\/bas24-cycling\/#primaryimage"},"image":{"@id":"https:\/\/inzain.bike\/en\/bas24-cycling\/#primaryimage"},"thumbnailUrl":"https:\/\/inzain.bike\/wp-content\/uploads\/2023\/11\/IMG_5220.jpg","datePublished":"2023-11-11T17:13:58+00:00","dateModified":"2023-11-25T15:50:24+00:00","breadcrumb":{"@id":"https:\/\/inzain.bike\/en\/bas24-cycling\/#breadcrumb"},"inLanguage":"fi","potentialAction":[{"@type":"ReadAction","target":["https:\/\/inzain.bike\/en\/bas24-cycling\/"]}]},{"@type":"ImageObject","inLanguage":"fi","@id":"https:\/\/inzain.bike\/en\/bas24-cycling\/#primaryimage","url":"https:\/\/inzain.bike\/wp-content\/uploads\/2023\/11\/IMG_5220.jpg","contentUrl":"https:\/\/inzain.bike\/wp-content\/uploads\/2023\/11\/IMG_5220.jpg"},{"@type":"BreadcrumbList","@id":"https:\/\/inzain.bike\/en\/bas24-cycling\/#breadcrumb","itemListElement":[{"@type":"ListItem","position":1,"name":"Hem","item":"https:\/\/inzain.bike\/fr_be\/"},{"@type":"ListItem","position":2,"name":"Baskien Cykling"}]},{"@type":"WebSite","@id":"https:\/\/inzain.bike\/fr_be\/#website","url":"https:\/\/inzain.bike\/fr_be\/","name":"INZAIN Py\u00f6r\u00e4ily-KOKEMUKSIA","description":"Py\u00f6r\u00e4ilyseikkailut - kaikille","publisher":{"@id":"https:\/\/inzain.bike\/fr_be\/#organization"},"alternateName":"INZAIN Gravel & Travel","potentialAction":[{"@type":"SearchAction","target":{"@type":"EntryPoint","urlTemplate":"https:\/\/inzain.bike\/fr_be\/?s={search_term_string}"},"query-input":{"@type":"PropertyValueSpecification","valueRequired":true,"valueName":"search_term_string"}}],"inLanguage":"fi"},{"@type":"Organization","@id":"https:\/\/inzain.bike\/fr_be\/#organization","name":"INZAIN Py\u00f6r\u00e4ily-KOKEMUKSIA","url":"https:\/\/inzain.bike\/fr_be\/","logo":{"@type":"ImageObject","inLanguage":"fi","@id":"https:\/\/inzain.bike\/fr_be\/#\/schema\/logo\/image\/","url":"https:\/\/i0.wp.com\/inzain.bike\/wp-content\/uploads\/2023\/09\/cropped-INZAIN_512x512_white.png?fit=512%2C512&ssl=1","contentUrl":"https:\/\/i0.wp.com\/inzain.bike\/wp-content\/uploads\/2023\/09\/cropped-INZAIN_512x512_white.png?fit=512%2C512&ssl=1","width":512,"height":512,"caption":"INZAIN Cycling EXPERIENCES"},"image":{"@id":"https:\/\/inzain.bike\/fr_be\/#\/schema\/logo\/image\/"},"sameAs":["https:\/\/www.facebook.com\/Inzain.bike","https:\/\/www.instagram.com\/inzainbike"]}]}},"amp_enabled":true,"_links":{"self":[{"href":"https:\/\/inzain.bike\/fi\/wp-json\/wp\/v2\/pages\/4769","targetHints":{"allow":["GET"]}}],"collection":[{"href":"https:\/\/inzain.bike\/fi\/wp-json\/wp\/v2\/pages"}],"about":[{"href":"https:\/\/inzain.bike\/fi\/wp-json\/wp\/v2\/types\/page"}],"author":[{"embeddable":true,"href":"https:\/\/inzain.bike\/fi\/wp-json\/wp\/v2\/users\/135133094"}],"replies":[{"embeddable":true,"href":"https:\/\/inzain.bike\/fi\/wp-json\/wp\/v2\/comments?post=4769"}],"version-history":[{"count":0,"href":"https:\/\/inzain.bike\/fi\/wp-json\/wp\/v2\/pages\/4769\/revisions"}],"wp:attachment":[{"href":"https:\/\/inzain.bike\/fi\/wp-json\/wp\/v2\/media?parent=4769"}],"curies":[{"name":"wp","href":"https:\/\/api.w.org\/{rel}","templated":true}]}}