{"id":4979,"date":"2023-11-11T18:18:02","date_gmt":"2023-11-11T17:18:02","guid":{"rendered":"https:\/\/inzain.bike\/?page_id=4979"},"modified":"2023-11-25T16:38:41","modified_gmt":"2023-11-25T15:38:41","slug":"bas24-activities","status":"publish","type":"page","link":"https:\/\/inzain.bike\/fi\/bas24-activities\/","title":{"rendered":"Baskimaan toimintaa"},"content":{"rendered":"<div class=\"wp-block-columns alignwide is-layout-flex wp-container-core-columns-is-layout-28f84493 wp-block-columns-is-layout-flex\">\n<div class=\"wp-block-column is-layout-flow wp-block-column-is-layout-flow\">\n<p class=\"has-roboto-font-family has-custom-font\" style=\"font-family:Roboto\"><strong>Guggenheim-museo Bilbaossa<\/strong>&nbsp;on modernin taiteen taidemuseo. Kauniilla paikalla Nervion-joen rannalla. Paljon huomiota her\u00e4tt\u00e4neen museon kerrotaan vaikuttaneen alueen suureen nousuun. Ja suuri k\u00e4vij\u00e4virta. Jotain, jonka me py\u00f6r\u00e4ilij\u00e4t voimme todistaa. Rakennus on kokonaan valmistettu titaanista, joka heijastaa valoa uskomattoman hienosti. Mukava n\u00e4hd\u00e4, ett\u00e4 yh\u00e4 useammat ihmiset arvostavat titaania materiaalina sek\u00e4 polkupy\u00f6rien ett\u00e4 museoiden valmistuksessa. <\/p>\n<\/div>\n<\/div>\n\n\n\n<div class=\"wp-block-columns alignwide is-layout-flex wp-container-core-columns-is-layout-28f84493 wp-block-columns-is-layout-flex\">\n<div class=\"wp-block-column is-layout-flow wp-block-column-is-layout-flow\">\n<figure class=\"wp-block-image size-large\"><img loading=\"lazy\" decoding=\"async\" width=\"1024\" height=\"683\" src=\"https:\/\/inzain.bike\/wp-content\/uploads\/2023\/11\/pexels-jesus-esteban-san-jose-14638004-1024x683.jpg\" alt=\"\" class=\"wp-image-5004\" srcset=\"https:\/\/inzain.bike\/wp-content\/uploads\/2023\/11\/pexels-jesus-esteban-san-jose-14638004-1024x683.jpg 1024w, https:\/\/inzain.bike\/wp-content\/uploads\/2023\/11\/pexels-jesus-esteban-san-jose-14638004-300x200.jpg 300w, https:\/\/inzain.bike\/wp-content\/uploads\/2023\/11\/pexels-jesus-esteban-san-jose-14638004-768x512.jpg 768w, https:\/\/inzain.bike\/wp-content\/uploads\/2023\/11\/pexels-jesus-esteban-san-jose-14638004-1536x1024.jpg 1536w, https:\/\/inzain.bike\/wp-content\/uploads\/2023\/11\/pexels-jesus-esteban-san-jose-14638004-2048x1365.jpg 2048w, https:\/\/inzain.bike\/wp-content\/uploads\/2023\/11\/pexels-jesus-esteban-san-jose-14638004-18x12.jpg 18w, https:\/\/inzain.bike\/wp-content\/uploads\/2023\/11\/pexels-jesus-esteban-san-jose-14638004-1320x880.jpg 1320w, https:\/\/inzain.bike\/wp-content\/uploads\/2023\/11\/pexels-jesus-esteban-san-jose-14638004-600x400.jpg 600w\" sizes=\"auto, (max-width: 1024px) 100vw, 1024px\" \/><\/figure>\n<\/div>\n<\/div>\n\n\n\n<div class=\"wp-block-columns alignwide is-layout-flex wp-container-core-columns-is-layout-28f84493 wp-block-columns-is-layout-flex\">\n<div class=\"wp-block-column is-layout-flow wp-block-column-is-layout-flow\">\n<p><strong>Viininmaistajaiset Baskimaa \/ Rioja<\/strong> jo p\u00e4iv\u00e4n\u00e4 2 p\u00e4\u00e4semme niin pitk\u00e4lle etel\u00e4\u00e4n, ett\u00e4 saavutamme rajan yli Riojaan. Tietenkin k\u00e4yt\u00e4mme tilaisuutta hyv\u00e4ksemme ja menemme viininmaistajaisiin hotellissa, jossa y\u00f6pymme. Taatusti arvostaa enemm\u00e4n oppimista ja paikallisista tuotteista nauttimista. Alan paikallisilta asiantuntijoilta. <\/p>\n\n\n\n<figure class=\"wp-block-image alignright size-large\"><img loading=\"lazy\" decoding=\"async\" width=\"1024\" height=\"683\" src=\"https:\/\/inzain.bike\/wp-content\/uploads\/2023\/11\/pexels-mark-stebnicki-17765439-1024x683.jpg\" alt=\"\" class=\"wp-image-5039\" srcset=\"https:\/\/inzain.bike\/wp-content\/uploads\/2023\/11\/pexels-mark-stebnicki-17765439-1024x683.jpg 1024w, https:\/\/inzain.bike\/wp-content\/uploads\/2023\/11\/pexels-mark-stebnicki-17765439-300x200.jpg 300w, https:\/\/inzain.bike\/wp-content\/uploads\/2023\/11\/pexels-mark-stebnicki-17765439-768x512.jpg 768w, https:\/\/inzain.bike\/wp-content\/uploads\/2023\/11\/pexels-mark-stebnicki-17765439-1536x1024.jpg 1536w, https:\/\/inzain.bike\/wp-content\/uploads\/2023\/11\/pexels-mark-stebnicki-17765439-2048x1365.jpg 2048w, https:\/\/inzain.bike\/wp-content\/uploads\/2023\/11\/pexels-mark-stebnicki-17765439-18x12.jpg 18w, https:\/\/inzain.bike\/wp-content\/uploads\/2023\/11\/pexels-mark-stebnicki-17765439-1320x880.jpg 1320w, https:\/\/inzain.bike\/wp-content\/uploads\/2023\/11\/pexels-mark-stebnicki-17765439-600x400.jpg 600w\" sizes=\"auto, (max-width: 1024px) 100vw, 1024px\" \/><\/figure>\n<\/div>\n<\/div>\n\n\n\n<div class=\"wp-block-columns alignwide is-layout-flex wp-container-core-columns-is-layout-28f84493 wp-block-columns-is-layout-flex\">\n<div class=\"wp-block-column is-layout-flow wp-block-column-is-layout-flow\">\n<p><strong>Ravintolat San Sebastian<\/strong> p\u00e4iv\u00e4 5 saavumme t\u00e4h\u00e4n kaupunkiin, jota usein kutsutaan maailman ruokap\u00e4\u00e4kaupungiksi. Tiiviisti t\u00e4htiravintoloiden v\u00e4liss\u00e4. Ja laaja valikoima kaikenlaisia makuja ja kokemuksia. T\u00e4m\u00e4 tarkoittaa, ett\u00e4 t\u00e4st\u00e4 illasta tulee usein suosikki ja rakas muisto. Ota yhteytt\u00e4 suosikkimaustesi kanssa, niin valmistamme ne sinulle hyviss\u00e4 ajoin. <\/p>\n\n\n\n<figure class=\"wp-block-image size-large\"><img loading=\"lazy\" decoding=\"async\" width=\"768\" height=\"1024\" src=\"https:\/\/inzain.bike\/wp-content\/uploads\/2023\/11\/pexels-eugenia-remark-18978091-768x1024.jpg\" alt=\"\" class=\"wp-image-5038\" srcset=\"https:\/\/inzain.bike\/wp-content\/uploads\/2023\/11\/pexels-eugenia-remark-18978091-768x1024.jpg 768w, https:\/\/inzain.bike\/wp-content\/uploads\/2023\/11\/pexels-eugenia-remark-18978091-225x300.jpg 225w, https:\/\/inzain.bike\/wp-content\/uploads\/2023\/11\/pexels-eugenia-remark-18978091-1152x1536.jpg 1152w, https:\/\/inzain.bike\/wp-content\/uploads\/2023\/11\/pexels-eugenia-remark-18978091-1536x2048.jpg 1536w, https:\/\/inzain.bike\/wp-content\/uploads\/2023\/11\/pexels-eugenia-remark-18978091-9x12.jpg 9w, https:\/\/inzain.bike\/wp-content\/uploads\/2023\/11\/pexels-eugenia-remark-18978091-1320x1760.jpg 1320w, https:\/\/inzain.bike\/wp-content\/uploads\/2023\/11\/pexels-eugenia-remark-18978091-600x800.jpg 600w, https:\/\/inzain.bike\/wp-content\/uploads\/2023\/11\/pexels-eugenia-remark-18978091-scaled.jpg 1920w\" sizes=\"auto, (max-width: 768px) 100vw, 768px\" \/><\/figure>\n<\/div>\n<\/div>","protected":false},"excerpt":{"rendered":"<p>Guggenheimmuseet i Bilbao&nbsp;\u00e4r ett&nbsp;konstmuseum f\u00f6r modern konst. Vackert bel\u00e4get nere vid floden Nervion. Museet som har v\u00e4ckt stor uppm\u00e4rksamhet s\u00e4gs ha bidragit till den stora uppg\u00e5ngen i omr\u00e5det. Och den stora tillstr\u00f6mningen av bes\u00f6kare. N\u00e5got som vi cyklister kan intyga. Byggnaden \u00e4r helt byggd i titan som reflekterar ljuset p\u00e5 ett otroligt fint s\u00e4tt. Kul [&hellip;]<\/p>\n","protected":false},"author":203917874,"featured_media":0,"parent":0,"menu_order":0,"comment_status":"closed","ping_status":"closed","template":"","meta":{"_coblocks_attr":"Roboto","_coblocks_dimensions":"","_coblocks_responsive_height":"","_coblocks_accordion_ie_support":"","footnotes":""},"class_list":["post-4979","page","type-page","status-publish","hentry"],"yoast_head":"<!-- This site is optimized with the Yoast SEO plugin v27.2 - https:\/\/yoast.com\/product\/yoast-seo-wordpress\/ -->\n<title>Baskien Aktiviteter - INZAIN Cycling EXPERIENCES<\/title>\n<meta name=\"robots\" content=\"index, follow, max-snippet:-1, max-image-preview:large, max-video-preview:-1\" \/>\n<link rel=\"canonical\" href=\"https:\/\/inzain.bike\/fi\/bas24-activities\/\" \/>\n<meta property=\"og:locale\" content=\"fi_FI\" \/>\n<meta property=\"og:type\" content=\"article\" \/>\n<meta property=\"og:title\" content=\"Baskien Aktiviteter - INZAIN Cycling EXPERIENCES\" \/>\n<meta property=\"og:description\" content=\"Guggenheimmuseet i Bilbao&nbsp;\u00e4r ett&nbsp;konstmuseum f\u00f6r modern konst. Vackert bel\u00e4get nere vid floden Nervion. Museet som har v\u00e4ckt stor uppm\u00e4rksamhet s\u00e4gs ha bidragit till den stora uppg\u00e5ngen i omr\u00e5det. Och den stora tillstr\u00f6mningen av bes\u00f6kare. N\u00e5got som vi cyklister kan intyga. Byggnaden \u00e4r helt byggd i titan som reflekterar ljuset p\u00e5 ett otroligt fint s\u00e4tt. Kul [&hellip;]\" \/>\n<meta property=\"og:url\" content=\"https:\/\/inzain.bike\/fi\/bas24-activities\/\" \/>\n<meta property=\"og:site_name\" content=\"INZAIN Cycling EXPERIENCES\" \/>\n<meta property=\"article:publisher\" content=\"https:\/\/www.facebook.com\/Inzain.bike\" \/>\n<meta property=\"article:modified_time\" content=\"2023-11-25T15:38:41+00:00\" \/>\n<meta property=\"og:image\" content=\"https:\/\/inzain.bike\/wp-content\/uploads\/2023\/11\/pexels-jesus-esteban-san-jose-14638004-1024x683.jpg\" \/>\n<meta name=\"twitter:card\" content=\"summary_large_image\" \/>\n<meta name=\"twitter:label1\" content=\"Arvioitu lukuaika\" \/>\n\t<meta name=\"twitter:data1\" content=\"2 minuuttia\" \/>\n<script type=\"application\/ld+json\" class=\"yoast-schema-graph\">{\"@context\":\"https:\/\/schema.org\",\"@graph\":[{\"@type\":\"WebPage\",\"@id\":\"https:\/\/inzain.bike\/en\/bas24-activities\/\",\"url\":\"https:\/\/inzain.bike\/en\/bas24-activities\/\",\"name\":\"Baskien Aktiviteter - INZAIN Cycling EXPERIENCES\",\"isPartOf\":{\"@id\":\"https:\/\/inzain.bike\/fr_be\/#website\"},\"primaryImageOfPage\":{\"@id\":\"https:\/\/inzain.bike\/en\/bas24-activities\/#primaryimage\"},\"image\":{\"@id\":\"https:\/\/inzain.bike\/en\/bas24-activities\/#primaryimage\"},\"thumbnailUrl\":\"https:\/\/inzain.bike\/wp-content\/uploads\/2023\/11\/pexels-jesus-esteban-san-jose-14638004-1024x683.jpg\",\"datePublished\":\"2023-11-11T17:18:02+00:00\",\"dateModified\":\"2023-11-25T15:38:41+00:00\",\"breadcrumb\":{\"@id\":\"https:\/\/inzain.bike\/en\/bas24-activities\/#breadcrumb\"},\"inLanguage\":\"fi\",\"potentialAction\":[{\"@type\":\"ReadAction\",\"target\":[\"https:\/\/inzain.bike\/en\/bas24-activities\/\"]}]},{\"@type\":\"ImageObject\",\"inLanguage\":\"fi\",\"@id\":\"https:\/\/inzain.bike\/en\/bas24-activities\/#primaryimage\",\"url\":\"https:\/\/inzain.bike\/wp-content\/uploads\/2023\/11\/pexels-jesus-esteban-san-jose-14638004-1024x683.jpg\",\"contentUrl\":\"https:\/\/inzain.bike\/wp-content\/uploads\/2023\/11\/pexels-jesus-esteban-san-jose-14638004-1024x683.jpg\"},{\"@type\":\"BreadcrumbList\",\"@id\":\"https:\/\/inzain.bike\/en\/bas24-activities\/#breadcrumb\",\"itemListElement\":[{\"@type\":\"ListItem\",\"position\":1,\"name\":\"Hem\",\"item\":\"https:\/\/inzain.bike\/fr_be\/\"},{\"@type\":\"ListItem\",\"position\":2,\"name\":\"Baskien Aktiviteter\"}]},{\"@type\":\"WebSite\",\"@id\":\"https:\/\/inzain.bike\/fr_be\/#website\",\"url\":\"https:\/\/inzain.bike\/fr_be\/\",\"name\":\"INZAIN Cycling EXPERIENCES\",\"description\":\"Cyckling Adventures  - for everyone\",\"publisher\":{\"@id\":\"https:\/\/inzain.bike\/fr_be\/#organization\"},\"alternateName\":\"INZAIN Gravel & Travel\",\"potentialAction\":[{\"@type\":\"SearchAction\",\"target\":{\"@type\":\"EntryPoint\",\"urlTemplate\":\"https:\/\/inzain.bike\/fr_be\/?s={search_term_string}\"},\"query-input\":{\"@type\":\"PropertyValueSpecification\",\"valueRequired\":true,\"valueName\":\"search_term_string\"}}],\"inLanguage\":\"fi\"},{\"@type\":\"Organization\",\"@id\":\"https:\/\/inzain.bike\/fr_be\/#organization\",\"name\":\"INZAIN Cycling EXPERIENCES\",\"url\":\"https:\/\/inzain.bike\/fr_be\/\",\"logo\":{\"@type\":\"ImageObject\",\"inLanguage\":\"fi\",\"@id\":\"https:\/\/inzain.bike\/fr_be\/#\/schema\/logo\/image\/\",\"url\":\"https:\/\/i0.wp.com\/inzain.bike\/wp-content\/uploads\/2023\/09\/cropped-INZAIN_512x512_white.png?fit=512%2C512&ssl=1\",\"contentUrl\":\"https:\/\/i0.wp.com\/inzain.bike\/wp-content\/uploads\/2023\/09\/cropped-INZAIN_512x512_white.png?fit=512%2C512&ssl=1\",\"width\":512,\"height\":512,\"caption\":\"INZAIN Cycling EXPERIENCES\"},\"image\":{\"@id\":\"https:\/\/inzain.bike\/fr_be\/#\/schema\/logo\/image\/\"},\"sameAs\":[\"https:\/\/www.facebook.com\/Inzain.bike\",\"https:\/\/www.instagram.com\/inzainbike\"]}]}<\/script>\n<!-- \/ Yoast SEO plugin. -->","yoast_head_json":{"title":"Baskimaan aktiviteetit - INZAIN Cycling EXPERIENCES","robots":{"index":"index","follow":"follow","max-snippet":"max-snippet:-1","max-image-preview":"max-image-preview:large","max-video-preview":"max-video-preview:-1"},"canonical":"https:\/\/inzain.bike\/fi\/bas24-activities\/","og_locale":"fi_FI","og_type":"article","og_title":"Baskien Aktiviteter - INZAIN Cycling EXPERIENCES","og_description":"Guggenheimmuseet i Bilbao&nbsp;\u00e4r ett&nbsp;konstmuseum f\u00f6r modern konst. Vackert bel\u00e4get nere vid floden Nervion. Museet som har v\u00e4ckt stor uppm\u00e4rksamhet s\u00e4gs ha bidragit till den stora uppg\u00e5ngen i omr\u00e5det. Och den stora tillstr\u00f6mningen av bes\u00f6kare. N\u00e5got som vi cyklister kan intyga. Byggnaden \u00e4r helt byggd i titan som reflekterar ljuset p\u00e5 ett otroligt fint s\u00e4tt. Kul [&hellip;]","og_url":"https:\/\/inzain.bike\/fi\/bas24-activities\/","og_site_name":"INZAIN Cycling EXPERIENCES","article_publisher":"https:\/\/www.facebook.com\/Inzain.bike","article_modified_time":"2023-11-25T15:38:41+00:00","og_image":[{"url":"https:\/\/inzain.bike\/wp-content\/uploads\/2023\/11\/pexels-jesus-esteban-san-jose-14638004-1024x683.jpg","type":"","width":"","height":""}],"twitter_card":"summary_large_image","twitter_misc":{"Arvioitu lukuaika":"2 minuuttia"},"schema":{"@context":"https:\/\/schema.org","@graph":[{"@type":"WebPage","@id":"https:\/\/inzain.bike\/en\/bas24-activities\/","url":"https:\/\/inzain.bike\/en\/bas24-activities\/","name":"Baskimaan aktiviteetit - INZAIN Cycling EXPERIENCES","isPartOf":{"@id":"https:\/\/inzain.bike\/fr_be\/#website"},"primaryImageOfPage":{"@id":"https:\/\/inzain.bike\/en\/bas24-activities\/#primaryimage"},"image":{"@id":"https:\/\/inzain.bike\/en\/bas24-activities\/#primaryimage"},"thumbnailUrl":"https:\/\/inzain.bike\/wp-content\/uploads\/2023\/11\/pexels-jesus-esteban-san-jose-14638004-1024x683.jpg","datePublished":"2023-11-11T17:18:02+00:00","dateModified":"2023-11-25T15:38:41+00:00","breadcrumb":{"@id":"https:\/\/inzain.bike\/en\/bas24-activities\/#breadcrumb"},"inLanguage":"fi","potentialAction":[{"@type":"ReadAction","target":["https:\/\/inzain.bike\/en\/bas24-activities\/"]}]},{"@type":"ImageObject","inLanguage":"fi","@id":"https:\/\/inzain.bike\/en\/bas24-activities\/#primaryimage","url":"https:\/\/inzain.bike\/wp-content\/uploads\/2023\/11\/pexels-jesus-esteban-san-jose-14638004-1024x683.jpg","contentUrl":"https:\/\/inzain.bike\/wp-content\/uploads\/2023\/11\/pexels-jesus-esteban-san-jose-14638004-1024x683.jpg"},{"@type":"BreadcrumbList","@id":"https:\/\/inzain.bike\/en\/bas24-activities\/#breadcrumb","itemListElement":[{"@type":"ListItem","position":1,"name":"Hem","item":"https:\/\/inzain.bike\/fr_be\/"},{"@type":"ListItem","position":2,"name":"Baskien Aktiviteter"}]},{"@type":"WebSite","@id":"https:\/\/inzain.bike\/fr_be\/#website","url":"https:\/\/inzain.bike\/fr_be\/","name":"INZAIN Py\u00f6r\u00e4ily-KOKEMUKSIA","description":"Py\u00f6r\u00e4ilyseikkailut - kaikille","publisher":{"@id":"https:\/\/inzain.bike\/fr_be\/#organization"},"alternateName":"INZAIN Gravel & Travel","potentialAction":[{"@type":"SearchAction","target":{"@type":"EntryPoint","urlTemplate":"https:\/\/inzain.bike\/fr_be\/?s={search_term_string}"},"query-input":{"@type":"PropertyValueSpecification","valueRequired":true,"valueName":"search_term_string"}}],"inLanguage":"fi"},{"@type":"Organization","@id":"https:\/\/inzain.bike\/fr_be\/#organization","name":"INZAIN Py\u00f6r\u00e4ily-KOKEMUKSIA","url":"https:\/\/inzain.bike\/fr_be\/","logo":{"@type":"ImageObject","inLanguage":"fi","@id":"https:\/\/inzain.bike\/fr_be\/#\/schema\/logo\/image\/","url":"https:\/\/i0.wp.com\/inzain.bike\/wp-content\/uploads\/2023\/09\/cropped-INZAIN_512x512_white.png?fit=512%2C512&ssl=1","contentUrl":"https:\/\/i0.wp.com\/inzain.bike\/wp-content\/uploads\/2023\/09\/cropped-INZAIN_512x512_white.png?fit=512%2C512&ssl=1","width":512,"height":512,"caption":"INZAIN Cycling EXPERIENCES"},"image":{"@id":"https:\/\/inzain.bike\/fr_be\/#\/schema\/logo\/image\/"},"sameAs":["https:\/\/www.facebook.com\/Inzain.bike","https:\/\/www.instagram.com\/inzainbike"]}]}},"amp_enabled":true,"_links":{"self":[{"href":"https:\/\/inzain.bike\/fi\/wp-json\/wp\/v2\/pages\/4979","targetHints":{"allow":["GET"]}}],"collection":[{"href":"https:\/\/inzain.bike\/fi\/wp-json\/wp\/v2\/pages"}],"about":[{"href":"https:\/\/inzain.bike\/fi\/wp-json\/wp\/v2\/types\/page"}],"author":[{"embeddable":true,"href":"https:\/\/inzain.bike\/fi\/wp-json\/wp\/v2\/users\/203917874"}],"replies":[{"embeddable":true,"href":"https:\/\/inzain.bike\/fi\/wp-json\/wp\/v2\/comments?post=4979"}],"version-history":[{"count":0,"href":"https:\/\/inzain.bike\/fi\/wp-json\/wp\/v2\/pages\/4979\/revisions"}],"wp:attachment":[{"href":"https:\/\/inzain.bike\/fi\/wp-json\/wp\/v2\/media?parent=4979"}],"curies":[{"name":"wp","href":"https:\/\/api.w.org\/{rel}","templated":true}]}}