{"id":5066,"date":"2023-11-21T18:36:03","date_gmt":"2023-11-21T17:36:03","guid":{"rendered":"https:\/\/inzain.bike\/?page_id=5066"},"modified":"2023-11-21T18:36:06","modified_gmt":"2023-11-21T17:36:06","slug":"pyr24-cykling","status":"publish","type":"page","link":"https:\/\/inzain.bike\/fi\/pyr24-cykling\/","title":{"rendered":"Pyreneiden py\u00f6r\u00e4ily"},"content":{"rendered":"<div class=\"wp-block-columns alignwide is-layout-flex wp-container-core-columns-is-layout-28f84493 wp-block-columns-is-layout-flex\">\n<div class=\"wp-block-column is-layout-flow wp-block-column-is-layout-flow\">\n<p>Py\u00f6r\u00e4ily t\u00e4m\u00e4n vuorijonon yli on todellinen klassikko ja iso tavoitteemme joka vuosi. Kuvatakseen matkaa yhdell\u00e4 sanalla, sen t\u00e4ytyy olla er\u00e4maa. Ja t\u00e4m\u00e4 tekee t\u00e4st\u00e4 alueesta ainutlaatuisen, koska se on ainoa koko Euroopassa, joka voi kutsua itse\u00e4\u00e4n sellaiseksi. Monissa paikoissa olemme t\u00e4ysin yksin py\u00f6rien ja hiljaisten ajatusten kanssa. Muutamme hotellista hotelliin, joka p\u00e4iv\u00e4 on uusi j\u00e4nnitt\u00e4v\u00e4 tavoite. Keskell\u00e4 matkaa on <\/p>\n<\/div>\n<\/div>\n\n\n\n<p class=\"has-text-align-left has-custom-weight\" style=\"font-weight:bold;font-size:30px\">P\u00e4iv\u00e4n ohjelma<\/p>\n\n\n\n<div class=\"wp-block-columns alignwide is-layout-flex wp-container-core-columns-is-layout-28f84493 wp-block-columns-is-layout-flex\">\n<div class=\"wp-block-column is-layout-flow wp-block-column-is-layout-flow\">\n<figure class=\"wp-block-image size-full\"><img loading=\"lazy\" decoding=\"async\" width=\"960\" height=\"883\" src=\"https:\/\/inzain.bike\/wp-content\/uploads\/2023\/11\/IMG_9915.jpg\" alt=\"\" class=\"wp-image-5198\" srcset=\"https:\/\/inzain.bike\/wp-content\/uploads\/2023\/11\/IMG_9915.jpg 960w, https:\/\/inzain.bike\/wp-content\/uploads\/2023\/11\/IMG_9915-300x276.jpg 300w, https:\/\/inzain.bike\/wp-content\/uploads\/2023\/11\/IMG_9915-768x706.jpg 768w, https:\/\/inzain.bike\/wp-content\/uploads\/2023\/11\/IMG_9915-13x12.jpg 13w, https:\/\/inzain.bike\/wp-content\/uploads\/2023\/11\/IMG_9915-600x552.jpg 600w\" sizes=\"auto, (max-width: 960px) 100vw, 960px\" \/><\/figure>\n<\/div>\n\n\n\n<div class=\"wp-block-column is-layout-flow wp-block-column-is-layout-flow\">\n<p><strong>P\u00e4iv\u00e4 yksi <\/strong><\/p>\n\n\n\n<p>Aamiainen hotellissa ja yhteinen py\u00f6r\u00e4ily alas Grand Plageen, josta seikkailumme alkaa. Ne, jotka haluavat upottaa yhden py\u00f6r\u00e4n Atlantin valtamereen ennen kuin rullaamme it\u00e4\u00e4n kohti V\u00e4limerta.<\/p>\n\n\n\n<p>Py\u00f6r\u00e4ilemme kaupungin l\u00e4pi ja ulos Baskimaan maaseudulle. P\u00e4iv\u00e4n lounaspys\u00e4kkimme on kauniissa San Jean Pied de Portissa, joka ranskaksi tarkoittaa &quot;Pyh\u00e4 Johannes vuorensolan juurella&quot;. Kaupunki on my\u00f6s klassinen l\u00e4ht\u00f6kohta niille, jotka haluavat k\u00e4vell\u00e4 Camino de Santiagolla.<\/p>\n\n\n\n<p>Kaksi nousua Col des Plombieresille ja Col d\u00b4Osquichille antavat meille esimakua tulevasta. Viet\u00e4mme y\u00f6n Oloronin St. Mariessa.<\/p>\n<\/div>\n<\/div>\n\n\n\n<div class=\"wp-block-columns alignwide is-layout-flex wp-container-core-columns-is-layout-28f84493 wp-block-columns-is-layout-flex\">\n<div class=\"wp-block-column is-layout-flow wp-block-column-is-layout-flow\">\n<p><strong>P\u00e4iv\u00e4 kaksi <\/strong><\/p>\n\n\n\n<p>Poistumme nyt Baskimaasta ja rullaamme eteenp\u00e4in aaltoilevassa maisemassa. P\u00e4iv\u00e4n tavoitteena on kohdata Col de Marie Blanque ja Col d&#039;Aubisque. Molemmat klassiset nousut Tour de Francen kontekstissa.<\/p>\n\n\n\n<p>Kiipe\u00e4mme molempiin vuoristosoliin muiden Pyreneiden kanssa panoraaman\u00e4 taustalla. Col d\u00c1ubisquen huipulla meid\u00e4t kohtaavat laiduntavat villihevoset. Y\u00f6 vietet\u00e4\u00e4n suosikkihotellissamme Tourmaletin juurella St.Savinissa. <\/p>\n<\/div>\n\n\n\n<div class=\"wp-block-column is-layout-flow wp-block-column-is-layout-flow\">\n<figure class=\"wp-block-image size-full is-resized\"><img decoding=\"async\" src=\"https:\/\/inzain.bike\/wp-content\/uploads\/2023\/11\/IMG_5200.jpg\" alt=\"\" class=\"wp-image-5187\" style=\"width:332px;height:auto\"\/><\/figure>\n<\/div>\n<\/div>\n\n\n\n<div class=\"wp-block-columns alignwide is-layout-flex wp-container-core-columns-is-layout-28f84493 wp-block-columns-is-layout-flex\">\n<div class=\"wp-block-column is-layout-flow wp-block-column-is-layout-flow\">\n<figure class=\"wp-block-image size-full\"><img loading=\"lazy\" decoding=\"async\" width=\"929\" height=\"929\" src=\"https:\/\/inzain.bike\/wp-content\/uploads\/2023\/11\/IMG_5479.jpg\" alt=\"\" class=\"wp-image-5191\" srcset=\"https:\/\/inzain.bike\/wp-content\/uploads\/2023\/11\/IMG_5479.jpg 929w, https:\/\/inzain.bike\/wp-content\/uploads\/2023\/11\/IMG_5479-300x300.jpg 300w, https:\/\/inzain.bike\/wp-content\/uploads\/2023\/11\/IMG_5479-150x150.jpg 150w, https:\/\/inzain.bike\/wp-content\/uploads\/2023\/11\/IMG_5479-768x768.jpg 768w, https:\/\/inzain.bike\/wp-content\/uploads\/2023\/11\/IMG_5479-12x12.jpg 12w, https:\/\/inzain.bike\/wp-content\/uploads\/2023\/11\/IMG_5479-600x600.jpg 600w, https:\/\/inzain.bike\/wp-content\/uploads\/2023\/11\/IMG_5479-100x100.jpg 100w\" sizes=\"auto, (max-width: 929px) 100vw, 929px\" \/><\/figure>\n<\/div>\n\n\n\n<div class=\"wp-block-column is-layout-flow wp-block-column-is-layout-flow\">\n<p><strong>Kolmas p\u00e4iv\u00e4 <\/strong><\/p>\n\n\n\n<p>Lyhyen py\u00f6r\u00e4ilyn j\u00e4lkeen kaupungista menemme suoraan Tour de Francen kiipeitetyimm\u00e4lle vuorelle. Pyreneiden j\u00e4ttil\u00e4inen kohoaa majesteettisesti muiden sivunaapureiden yl\u00e4puolelle. Vaikka olisit t\u00e4\u00e4ll\u00e4 ensimm\u00e4ist\u00e4 kertaa, saat upean tunteen kehossasi, kun tunnistat itsesi.<\/p>\n\n\n\n<p>matkalla alas pys\u00e4hdymme \u00e4skett\u00e4in pystytettyyn muistomerkkiin Eug\u00e9ne Christophelle rikkin\u00e4inen etuhaarukka k\u00e4dess\u00e4\u00e4n. Jopa Col de Peyresourde on henke\u00e4salpaava korkeudellaan. Y\u00f6 vietet\u00e4\u00e4n Luchonissa, jossa on tehty lukemattomia maalia ja l\u00e4ht\u00f6j\u00e4.<\/p>\n<\/div>\n<\/div>\n\n\n\n<div class=\"wp-block-columns alignwide is-layout-flex wp-container-core-columns-is-layout-28f84493 wp-block-columns-is-layout-flex\">\n<div class=\"wp-block-column is-layout-flow wp-block-column-is-layout-flow\">\n<p><strong>P\u00e4iv\u00e4 nelj\u00e4 <\/strong><\/p>\n\n\n\n<p>Lepop\u00e4iv\u00e4 klassisessa ja aivan upeassa Bagneres Luchonissa. Tunnetaan terveyskeskuksena, jonka juuret ovat vuodelta 1920. Olemme nyt Keski-Pyreneiden juurella. K\u00e4yt\u00e4 tilaisuutta hyv\u00e4ksesi ja kokeile hiljattain rakennettua k\u00f6ysirataa yl\u00f6s kaupungin yl\u00e4puolelle.<\/p>\n<\/div>\n\n\n\n<div class=\"wp-block-column is-layout-flow wp-block-column-is-layout-flow\">\n<figure class=\"wp-block-image size-full\"><img decoding=\"async\" src=\"https:\/\/inzain.bike\/wp-content\/uploads\/2023\/11\/IMG_8440.jpg\" alt=\"\" class=\"wp-image-5201\"\/><\/figure>\n<\/div>\n<\/div>\n\n\n\n<div class=\"wp-block-columns alignwide is-layout-flex wp-container-core-columns-is-layout-28f84493 wp-block-columns-is-layout-flex\">\n<div class=\"wp-block-column is-layout-flow wp-block-column-is-layout-flow\">\n<figure class=\"wp-block-image size-full\"><img decoding=\"async\" src=\"https:\/\/inzain.bike\/wp-content\/uploads\/2023\/11\/IMG_4522.jpg\" alt=\"\" class=\"wp-image-5204\"\/><\/figure>\n<\/div>\n\n\n\n<div class=\"wp-block-column is-layout-flow wp-block-column-is-layout-flow\">\n<p><strong>P\u00e4iv\u00e4 viisi <\/strong><\/p>\n\n\n\n<p>Nyt olemme puurajan yl\u00e4puolella suuren osan ajasta matkallamme yl\u00f6s ja alas vuoria.<br>T\u00e4ss\u00e4 kerroksessa kehomme on tottunut ja voimme nauttia t\u00e4ysin vehre\u00e4st\u00e4 maisemasta sivuilla.<br>Ohitamme my\u00f6s uskomattoman kauniin paikan ja Fabio Cassartellin muistomerkin. P\u00e4iv\u00e4n kohde on Saint Girons. Tunnetaan l\u00e4ht\u00f6pisteen\u00e4 reitill\u00e4 niille, joiden piti paeta vuorten yli Espanjaan toisen maailmansodan aikana.\u00a0<\/p>\n<\/div>\n<\/div>\n\n\n\n<div class=\"wp-block-columns alignwide is-layout-flex wp-container-core-columns-is-layout-28f84493 wp-block-columns-is-layout-flex\">\n<div class=\"wp-block-column is-layout-flow wp-block-column-is-layout-flow\">\n<p><strong>Kuudes p\u00e4iv\u00e4 <\/strong><\/p>\n\n\n\n<p>Ohjelmassa viel\u00e4 upeampaa kiipeily\u00e4 ja luontoa. Port de Pailheres ja Col de Port lis\u00e4t\u00e4\u00e4n luetteloon. T\u00e4n\u00e4 p\u00e4iv\u00e4n\u00e4 ylit\u00e4t eniten korkeusmetrej\u00e4 ja saavutat matkan toiseksi korkeimman kohdan Pailheresiin.<\/p>\n\n\n\n<p>Alam\u00e4keen ajomatka sielt\u00e4 on yleens\u00e4 h\u00e4mm\u00e4stytt\u00e4vin ja kiehtovin sen kokeneelle. Ginclan hotelli on my\u00f6s monien osallistujien suosikki.<\/p>\n<\/div>\n\n\n\n<div class=\"wp-block-column is-layout-flow wp-block-column-is-layout-flow\">\n<figure class=\"wp-block-image size-full\"><img loading=\"lazy\" decoding=\"async\" width=\"788\" height=\"788\" src=\"https:\/\/inzain.bike\/wp-content\/uploads\/2023\/11\/IMG_7716-2.jpg\" alt=\"\" class=\"wp-image-5192\" srcset=\"https:\/\/inzain.bike\/wp-content\/uploads\/2023\/11\/IMG_7716-2.jpg 788w, https:\/\/inzain.bike\/wp-content\/uploads\/2023\/11\/IMG_7716-2-300x300.jpg 300w, https:\/\/inzain.bike\/wp-content\/uploads\/2023\/11\/IMG_7716-2-150x150.jpg 150w, https:\/\/inzain.bike\/wp-content\/uploads\/2023\/11\/IMG_7716-2-768x768.jpg 768w, https:\/\/inzain.bike\/wp-content\/uploads\/2023\/11\/IMG_7716-2-12x12.jpg 12w, https:\/\/inzain.bike\/wp-content\/uploads\/2023\/11\/IMG_7716-2-600x600.jpg 600w, https:\/\/inzain.bike\/wp-content\/uploads\/2023\/11\/IMG_7716-2-100x100.jpg 100w\" sizes=\"auto, (max-width: 788px) 100vw, 788px\" \/><\/figure>\n<\/div>\n<\/div>\n\n\n\n<div class=\"wp-block-columns alignwide is-layout-flex wp-container-core-columns-is-layout-28f84493 wp-block-columns-is-layout-flex\">\n<div class=\"wp-block-column is-layout-flow wp-block-column-is-layout-flow\">\n<figure class=\"wp-block-image size-full\"><img decoding=\"async\" src=\"https:\/\/inzain.bike\/wp-content\/uploads\/2023\/11\/IMG_5378.jpg\" alt=\"\" class=\"wp-image-5190\"\/><\/figure>\n<\/div>\n\n\n\n<div class=\"wp-block-column is-layout-flow wp-block-column-is-layout-flow\">\n<p><strong>P\u00e4iv\u00e4 seitsem\u00e4s<\/strong><\/p>\n\n\n\n<p>Loppun\u00e4yt\u00f6s!<br>Sanomme hyv\u00e4stit l\u00e4nnen korkeille vuorille ja alamme aistia horisontissa taivaansinist\u00e4 V\u00e4limerta.<\/p>\n\n\n\n<p>Kohteemme Collioure rannikolla l\u00e4hestyy. Tavoite, joka oli my\u00f6s monilla taiteilijoilla, mm. Matisse ja Picasso. Ensin on kuitenkin suoritettava kaksi kaunista nousua, Col Palomere ja Col d&#039;Aussieres.<\/p>\n\n\n\n<p>Tunne vihdoin merelle saavuttamisesta ja tieto siit\u00e4, ett\u00e4 olet ylitt\u00e4nyt koko vuorijonon omalla koneellasi, on musertava.<br>Illallinen illalla on aina eritt\u00e4in tunteellinen ja ikimuistoinen.<\/p>\n<\/div>\n<\/div>\n\n\n\n<p><br><\/p>","protected":false},"excerpt":{"rendered":"<p>Cyklingen \u00f6ver denna bergskedja \u00e4r v\u00e5r riktiga klassiker och stora m\u00e5l varje \u00e5r. F\u00f6r att beskriva turen med ett ord f\u00e5r det bli vildmark. Och det g\u00f6r detta omr\u00e5de unikt d\u00e5 det \u00e4r det enda i hela Europa som kan kalla sig det. P\u00e5 m\u00e5nga st\u00e4llen \u00e4r vi helt ensamma med v\u00e5ra cyklar och lugna [&hellip;]<\/p>\n","protected":false},"author":203917874,"featured_media":0,"parent":0,"menu_order":0,"comment_status":"closed","ping_status":"closed","template":"","meta":{"_coblocks_attr":"","_coblocks_dimensions":"","_coblocks_responsive_height":"","_coblocks_accordion_ie_support":"","footnotes":""},"class_list":["post-5066","page","type-page","status-publish","hentry"],"yoast_head":"<!-- This site is optimized with the Yoast SEO plugin v27.2 - https:\/\/yoast.com\/product\/yoast-seo-wordpress\/ -->\n<title>Pyreneerna Cykling - INZAIN Cycling EXPERIENCES<\/title>\n<meta name=\"robots\" content=\"index, follow, max-snippet:-1, max-image-preview:large, max-video-preview:-1\" \/>\n<link rel=\"canonical\" href=\"https:\/\/inzain.bike\/fi\/pyr24-cykling\/\" \/>\n<meta property=\"og:locale\" content=\"fi_FI\" \/>\n<meta property=\"og:type\" content=\"article\" \/>\n<meta property=\"og:title\" content=\"Pyreneerna Cykling - INZAIN Cycling EXPERIENCES\" \/>\n<meta property=\"og:description\" content=\"Cyklingen \u00f6ver denna bergskedja \u00e4r v\u00e5r riktiga klassiker och stora m\u00e5l varje \u00e5r. F\u00f6r att beskriva turen med ett ord f\u00e5r det bli vildmark. Och det g\u00f6r detta omr\u00e5de unikt d\u00e5 det \u00e4r det enda i hela Europa som kan kalla sig det. P\u00e5 m\u00e5nga st\u00e4llen \u00e4r vi helt ensamma med v\u00e5ra cyklar och lugna [&hellip;]\" \/>\n<meta property=\"og:url\" content=\"https:\/\/inzain.bike\/fi\/pyr24-cykling\/\" \/>\n<meta property=\"og:site_name\" content=\"INZAIN Cycling EXPERIENCES\" \/>\n<meta property=\"article:publisher\" content=\"https:\/\/www.facebook.com\/Inzain.bike\" \/>\n<meta property=\"article:modified_time\" content=\"2023-11-21T17:36:06+00:00\" \/>\n<meta property=\"og:image\" content=\"https:\/\/inzain.bike\/wp-content\/uploads\/2023\/11\/IMG_9915.jpg\" \/>\n<meta name=\"twitter:card\" content=\"summary_large_image\" \/>\n<meta name=\"twitter:label1\" content=\"Arvioitu lukuaika\" \/>\n\t<meta name=\"twitter:data1\" content=\"5 minuuttia\" \/>\n<script type=\"application\/ld+json\" class=\"yoast-schema-graph\">{\"@context\":\"https:\/\/schema.org\",\"@graph\":[{\"@type\":\"WebPage\",\"@id\":\"https:\/\/inzain.bike\/nb\/pyr24-cykling\/\",\"url\":\"https:\/\/inzain.bike\/nb\/pyr24-cykling\/\",\"name\":\"Pyreneerna Cykling - INZAIN Cycling EXPERIENCES\",\"isPartOf\":{\"@id\":\"https:\/\/inzain.bike\/fr_be\/#website\"},\"primaryImageOfPage\":{\"@id\":\"https:\/\/inzain.bike\/nb\/pyr24-cykling\/#primaryimage\"},\"image\":{\"@id\":\"https:\/\/inzain.bike\/nb\/pyr24-cykling\/#primaryimage\"},\"thumbnailUrl\":\"https:\/\/inzain.bike\/wp-content\/uploads\/2023\/11\/IMG_9915.jpg\",\"datePublished\":\"2023-11-21T17:36:03+00:00\",\"dateModified\":\"2023-11-21T17:36:06+00:00\",\"breadcrumb\":{\"@id\":\"https:\/\/inzain.bike\/nb\/pyr24-cykling\/#breadcrumb\"},\"inLanguage\":\"fi\",\"potentialAction\":[{\"@type\":\"ReadAction\",\"target\":[\"https:\/\/inzain.bike\/nb\/pyr24-cykling\/\"]}]},{\"@type\":\"ImageObject\",\"inLanguage\":\"fi\",\"@id\":\"https:\/\/inzain.bike\/nb\/pyr24-cykling\/#primaryimage\",\"url\":\"https:\/\/inzain.bike\/wp-content\/uploads\/2023\/11\/IMG_9915.jpg\",\"contentUrl\":\"https:\/\/inzain.bike\/wp-content\/uploads\/2023\/11\/IMG_9915.jpg\"},{\"@type\":\"BreadcrumbList\",\"@id\":\"https:\/\/inzain.bike\/nb\/pyr24-cykling\/#breadcrumb\",\"itemListElement\":[{\"@type\":\"ListItem\",\"position\":1,\"name\":\"Hem\",\"item\":\"https:\/\/inzain.bike\/fr_be\/\"},{\"@type\":\"ListItem\",\"position\":2,\"name\":\"Pyreneerna Cykling\"}]},{\"@type\":\"WebSite\",\"@id\":\"https:\/\/inzain.bike\/fr_be\/#website\",\"url\":\"https:\/\/inzain.bike\/fr_be\/\",\"name\":\"INZAIN Cycling EXPERIENCES\",\"description\":\"Cyckling Adventures  - for everyone\",\"publisher\":{\"@id\":\"https:\/\/inzain.bike\/fr_be\/#organization\"},\"alternateName\":\"INZAIN Gravel & Travel\",\"potentialAction\":[{\"@type\":\"SearchAction\",\"target\":{\"@type\":\"EntryPoint\",\"urlTemplate\":\"https:\/\/inzain.bike\/fr_be\/?s={search_term_string}\"},\"query-input\":{\"@type\":\"PropertyValueSpecification\",\"valueRequired\":true,\"valueName\":\"search_term_string\"}}],\"inLanguage\":\"fi\"},{\"@type\":\"Organization\",\"@id\":\"https:\/\/inzain.bike\/fr_be\/#organization\",\"name\":\"INZAIN Cycling EXPERIENCES\",\"url\":\"https:\/\/inzain.bike\/fr_be\/\",\"logo\":{\"@type\":\"ImageObject\",\"inLanguage\":\"fi\",\"@id\":\"https:\/\/inzain.bike\/fr_be\/#\/schema\/logo\/image\/\",\"url\":\"https:\/\/i0.wp.com\/inzain.bike\/wp-content\/uploads\/2023\/09\/cropped-INZAIN_512x512_white.png?fit=512%2C512&ssl=1\",\"contentUrl\":\"https:\/\/i0.wp.com\/inzain.bike\/wp-content\/uploads\/2023\/09\/cropped-INZAIN_512x512_white.png?fit=512%2C512&ssl=1\",\"width\":512,\"height\":512,\"caption\":\"INZAIN Cycling EXPERIENCES\"},\"image\":{\"@id\":\"https:\/\/inzain.bike\/fr_be\/#\/schema\/logo\/image\/\"},\"sameAs\":[\"https:\/\/www.facebook.com\/Inzain.bike\",\"https:\/\/www.instagram.com\/inzainbike\"]}]}<\/script>\n<!-- \/ Yoast SEO plugin. -->","yoast_head_json":{"title":"Pyreneiden py\u00f6r\u00e4ily - INZAIN Cycling EXPERIENCES","robots":{"index":"index","follow":"follow","max-snippet":"max-snippet:-1","max-image-preview":"max-image-preview:large","max-video-preview":"max-video-preview:-1"},"canonical":"https:\/\/inzain.bike\/fi\/pyr24-cykling\/","og_locale":"fi_FI","og_type":"article","og_title":"Pyreneerna Cykling - INZAIN Cycling EXPERIENCES","og_description":"Cyklingen \u00f6ver denna bergskedja \u00e4r v\u00e5r riktiga klassiker och stora m\u00e5l varje \u00e5r. F\u00f6r att beskriva turen med ett ord f\u00e5r det bli vildmark. Och det g\u00f6r detta omr\u00e5de unikt d\u00e5 det \u00e4r det enda i hela Europa som kan kalla sig det. P\u00e5 m\u00e5nga st\u00e4llen \u00e4r vi helt ensamma med v\u00e5ra cyklar och lugna [&hellip;]","og_url":"https:\/\/inzain.bike\/fi\/pyr24-cykling\/","og_site_name":"INZAIN Cycling EXPERIENCES","article_publisher":"https:\/\/www.facebook.com\/Inzain.bike","article_modified_time":"2023-11-21T17:36:06+00:00","og_image":[{"url":"https:\/\/inzain.bike\/wp-content\/uploads\/2023\/11\/IMG_9915.jpg","type":"","width":"","height":""}],"twitter_card":"summary_large_image","twitter_misc":{"Arvioitu lukuaika":"5 minuuttia"},"schema":{"@context":"https:\/\/schema.org","@graph":[{"@type":"WebPage","@id":"https:\/\/inzain.bike\/nb\/pyr24-cykling\/","url":"https:\/\/inzain.bike\/nb\/pyr24-cykling\/","name":"Pyreneiden py\u00f6r\u00e4ily - INZAIN Cycling EXPERIENCES","isPartOf":{"@id":"https:\/\/inzain.bike\/fr_be\/#website"},"primaryImageOfPage":{"@id":"https:\/\/inzain.bike\/nb\/pyr24-cykling\/#primaryimage"},"image":{"@id":"https:\/\/inzain.bike\/nb\/pyr24-cykling\/#primaryimage"},"thumbnailUrl":"https:\/\/inzain.bike\/wp-content\/uploads\/2023\/11\/IMG_9915.jpg","datePublished":"2023-11-21T17:36:03+00:00","dateModified":"2023-11-21T17:36:06+00:00","breadcrumb":{"@id":"https:\/\/inzain.bike\/nb\/pyr24-cykling\/#breadcrumb"},"inLanguage":"fi","potentialAction":[{"@type":"ReadAction","target":["https:\/\/inzain.bike\/nb\/pyr24-cykling\/"]}]},{"@type":"ImageObject","inLanguage":"fi","@id":"https:\/\/inzain.bike\/nb\/pyr24-cykling\/#primaryimage","url":"https:\/\/inzain.bike\/wp-content\/uploads\/2023\/11\/IMG_9915.jpg","contentUrl":"https:\/\/inzain.bike\/wp-content\/uploads\/2023\/11\/IMG_9915.jpg"},{"@type":"BreadcrumbList","@id":"https:\/\/inzain.bike\/nb\/pyr24-cykling\/#breadcrumb","itemListElement":[{"@type":"ListItem","position":1,"name":"Hem","item":"https:\/\/inzain.bike\/fr_be\/"},{"@type":"ListItem","position":2,"name":"Pyreneerna Cykling"}]},{"@type":"WebSite","@id":"https:\/\/inzain.bike\/fr_be\/#website","url":"https:\/\/inzain.bike\/fr_be\/","name":"INZAIN Py\u00f6r\u00e4ily-KOKEMUKSIA","description":"Py\u00f6r\u00e4ilyseikkailut - kaikille","publisher":{"@id":"https:\/\/inzain.bike\/fr_be\/#organization"},"alternateName":"INZAIN Gravel & Travel","potentialAction":[{"@type":"SearchAction","target":{"@type":"EntryPoint","urlTemplate":"https:\/\/inzain.bike\/fr_be\/?s={search_term_string}"},"query-input":{"@type":"PropertyValueSpecification","valueRequired":true,"valueName":"search_term_string"}}],"inLanguage":"fi"},{"@type":"Organization","@id":"https:\/\/inzain.bike\/fr_be\/#organization","name":"INZAIN Py\u00f6r\u00e4ily-KOKEMUKSIA","url":"https:\/\/inzain.bike\/fr_be\/","logo":{"@type":"ImageObject","inLanguage":"fi","@id":"https:\/\/inzain.bike\/fr_be\/#\/schema\/logo\/image\/","url":"https:\/\/i0.wp.com\/inzain.bike\/wp-content\/uploads\/2023\/09\/cropped-INZAIN_512x512_white.png?fit=512%2C512&ssl=1","contentUrl":"https:\/\/i0.wp.com\/inzain.bike\/wp-content\/uploads\/2023\/09\/cropped-INZAIN_512x512_white.png?fit=512%2C512&ssl=1","width":512,"height":512,"caption":"INZAIN Cycling EXPERIENCES"},"image":{"@id":"https:\/\/inzain.bike\/fr_be\/#\/schema\/logo\/image\/"},"sameAs":["https:\/\/www.facebook.com\/Inzain.bike","https:\/\/www.instagram.com\/inzainbike"]}]}},"amp_enabled":true,"_links":{"self":[{"href":"https:\/\/inzain.bike\/fi\/wp-json\/wp\/v2\/pages\/5066","targetHints":{"allow":["GET"]}}],"collection":[{"href":"https:\/\/inzain.bike\/fi\/wp-json\/wp\/v2\/pages"}],"about":[{"href":"https:\/\/inzain.bike\/fi\/wp-json\/wp\/v2\/types\/page"}],"author":[{"embeddable":true,"href":"https:\/\/inzain.bike\/fi\/wp-json\/wp\/v2\/users\/203917874"}],"replies":[{"embeddable":true,"href":"https:\/\/inzain.bike\/fi\/wp-json\/wp\/v2\/comments?post=5066"}],"version-history":[{"count":0,"href":"https:\/\/inzain.bike\/fi\/wp-json\/wp\/v2\/pages\/5066\/revisions"}],"wp:attachment":[{"href":"https:\/\/inzain.bike\/fi\/wp-json\/wp\/v2\/media?parent=5066"}],"curies":[{"name":"wp","href":"https:\/\/api.w.org\/{rel}","templated":true}]}}