{"id":5134,"date":"2023-11-11T20:41:46","date_gmt":"2023-11-11T19:41:46","guid":{"rendered":"https:\/\/inzain.bike\/?page_id=5134"},"modified":"2023-11-16T13:19:19","modified_gmt":"2023-11-16T12:19:19","slug":"gir24-mat","status":"publish","type":"page","link":"https:\/\/inzain.bike\/fi\/gir24-mat\/","title":{"rendered":"Gironan ruoka"},"content":{"rendered":"<div class=\"wp-block-columns alignwide is-layout-flex wp-container-core-columns-is-layout-28f84493 wp-block-columns-is-layout-flex\">\n<div class=\"wp-block-column is-layout-flow wp-block-column-is-layout-flow\">\n<figure class=\"wp-block-image size-large\"><img loading=\"lazy\" decoding=\"async\" width=\"1024\" height=\"601\" src=\"https:\/\/inzain.bike\/wp-content\/uploads\/2023\/11\/mat1-1024x601.png\" alt=\"\" class=\"wp-image-5136\" srcset=\"https:\/\/inzain.bike\/wp-content\/uploads\/2023\/11\/mat1-1024x601.png 1024w, https:\/\/inzain.bike\/wp-content\/uploads\/2023\/11\/mat1-300x176.png 300w, https:\/\/inzain.bike\/wp-content\/uploads\/2023\/11\/mat1-768x451.png 768w, https:\/\/inzain.bike\/wp-content\/uploads\/2023\/11\/mat1-18x12.png 18w, https:\/\/inzain.bike\/wp-content\/uploads\/2023\/11\/mat1-1320x774.png 1320w, https:\/\/inzain.bike\/wp-content\/uploads\/2023\/11\/mat1-600x352.png 600w, https:\/\/inzain.bike\/wp-content\/uploads\/2023\/11\/mat1.png 1536w\" sizes=\"auto, (max-width: 1024px) 100vw, 1024px\" \/><\/figure>\n<\/div>\n\n\n\n<div class=\"wp-block-column is-layout-flow wp-block-column-is-layout-flow\">\n<p>Girona on tunnettu monista hienoista ravintoloistaan ja upeista kahviloistaan.<br>Olemme varanneet aamiaisen yhdeksi p\u00e4iv\u00e4ksi La Fabricaan, joka on Gironan py\u00f6r\u00e4ilykahviloiden klassisin niille, jotka haluavat.<br><br>Illallinen on varattu aikaisin, koska monet ovat n\u00e4lk\u00e4isi\u00e4 pitk\u00e4n matkan j\u00e4lkeen ja useimmat ravintolat aukeavat vasta klo 20.30.<\/p>\n<\/div>\n<\/div>\n\n\n\n<div class=\"wp-block-columns alignwide is-layout-flex wp-container-core-columns-is-layout-28f84493 wp-block-columns-is-layout-flex\">\n<div class=\"wp-block-column is-layout-flow wp-block-column-is-layout-flow\">\n<h1 class=\"wp-block-heading\" id=\"h-Densvenskafikakulturen\">Kahvila<\/h1>\n\n\n\n<p>Siell\u00e4 on lukemattomia mukavia kahviloita. Halusitpa sitten yksinkertaisen espresson tai cortadon, olet tyytyv\u00e4inen.<\/p>\n<\/div>\n\n\n\n<div class=\"wp-block-column is-layout-flow wp-block-column-is-layout-flow\">\n<figure class=\"wp-block-image size-full\"><img loading=\"lazy\" decoding=\"async\" width=\"1536\" height=\"772\" src=\"https:\/\/inzain.bike\/wp-content\/uploads\/2023\/11\/mat2.png\" alt=\"\" class=\"wp-image-5137\" srcset=\"https:\/\/inzain.bike\/wp-content\/uploads\/2023\/11\/mat2.png 1536w, https:\/\/inzain.bike\/wp-content\/uploads\/2023\/11\/mat2-300x151.png 300w, https:\/\/inzain.bike\/wp-content\/uploads\/2023\/11\/mat2-1024x515.png 1024w, https:\/\/inzain.bike\/wp-content\/uploads\/2023\/11\/mat2-768x386.png 768w, https:\/\/inzain.bike\/wp-content\/uploads\/2023\/11\/mat2-18x9.png 18w, https:\/\/inzain.bike\/wp-content\/uploads\/2023\/11\/mat2-1320x663.png 1320w, https:\/\/inzain.bike\/wp-content\/uploads\/2023\/11\/mat2-600x302.png 600w\" sizes=\"auto, (max-width: 1536px) 100vw, 1536px\" \/><\/figure>\n<\/div>\n<\/div>\n\n\n\n<div class=\"wp-block-columns alignwide is-layout-flex wp-container-core-columns-is-layout-28f84493 wp-block-columns-is-layout-flex\">\n<div class=\"wp-block-column is-layout-flow wp-block-column-is-layout-flow\"><\/div>\n\n\n\n<div class=\"wp-block-column is-layout-flow wp-block-column-is-layout-flow\">\n<p><\/p>\n<\/div>\n<\/div>","protected":false},"excerpt":{"rendered":"<p>Girona \u00e4r k\u00e4nt f\u00f6r sina m\u00e5nga fina restauranger och fantastiska caf\u00e9er.Vi har bokat frukost en dag p\u00e5 La Fabrica, det mest klassiska av Gironas Cykelcaf\u00e9er f\u00f6r de som vill. Middag finns bokat tidigt f\u00f6r m\u00e5nga \u00e4r hungriga efter en l\u00e5ng tur och de flesta restauranger \u00f6ppnar inte f\u00f6rr\u00e4n 20.30. Kafee Or\u00e4kneliga fina caf\u00e9er finns. Oavsett [&hellip;]<\/p>\n","protected":false},"author":135133094,"featured_media":0,"parent":0,"menu_order":0,"comment_status":"closed","ping_status":"closed","template":"","meta":{"_coblocks_attr":"","_coblocks_dimensions":"","_coblocks_responsive_height":"","_coblocks_accordion_ie_support":"","footnotes":""},"class_list":["post-5134","page","type-page","status-publish","hentry"],"yoast_head":"<!-- This site is optimized with the Yoast SEO plugin v27.2 - https:\/\/yoast.com\/product\/yoast-seo-wordpress\/ -->\n<title>Girona Mat - INZAIN Cycling EXPERIENCES<\/title>\n<meta name=\"robots\" content=\"index, follow, max-snippet:-1, max-image-preview:large, max-video-preview:-1\" \/>\n<link rel=\"canonical\" href=\"https:\/\/inzain.bike\/fi\/gir24-mat\/\" \/>\n<meta property=\"og:locale\" content=\"fi_FI\" \/>\n<meta property=\"og:type\" content=\"article\" \/>\n<meta property=\"og:title\" content=\"Girona Mat - INZAIN Cycling EXPERIENCES\" \/>\n<meta property=\"og:description\" content=\"Girona \u00e4r k\u00e4nt f\u00f6r sina m\u00e5nga fina restauranger och fantastiska caf\u00e9er.Vi har bokat frukost en dag p\u00e5 La Fabrica, det mest klassiska av Gironas Cykelcaf\u00e9er f\u00f6r de som vill. Middag finns bokat tidigt f\u00f6r m\u00e5nga \u00e4r hungriga efter en l\u00e5ng tur och de flesta restauranger \u00f6ppnar inte f\u00f6rr\u00e4n 20.30. Kafee Or\u00e4kneliga fina caf\u00e9er finns. Oavsett [&hellip;]\" \/>\n<meta property=\"og:url\" content=\"https:\/\/inzain.bike\/fi\/gir24-mat\/\" \/>\n<meta property=\"og:site_name\" content=\"INZAIN Cycling EXPERIENCES\" \/>\n<meta property=\"article:publisher\" content=\"https:\/\/www.facebook.com\/Inzain.bike\" \/>\n<meta property=\"article:modified_time\" content=\"2023-11-16T12:19:19+00:00\" \/>\n<meta property=\"og:image\" content=\"https:\/\/inzain.bike\/wp-content\/uploads\/2023\/11\/mat1-1024x601.png\" \/>\n<meta name=\"twitter:card\" content=\"summary_large_image\" \/>\n<meta name=\"twitter:label1\" content=\"Arvioitu lukuaika\" \/>\n\t<meta name=\"twitter:data1\" content=\"1 minuutti\" \/>\n<script type=\"application\/ld+json\" class=\"yoast-schema-graph\">{\"@context\":\"https:\/\/schema.org\",\"@graph\":[{\"@type\":\"WebPage\",\"@id\":\"https:\/\/inzain.bike\/en_gb\/gir24-mat\/\",\"url\":\"https:\/\/inzain.bike\/en_gb\/gir24-mat\/\",\"name\":\"Girona Mat - INZAIN Cycling EXPERIENCES\",\"isPartOf\":{\"@id\":\"https:\/\/inzain.bike\/fr_be\/#website\"},\"primaryImageOfPage\":{\"@id\":\"https:\/\/inzain.bike\/en_gb\/gir24-mat\/#primaryimage\"},\"image\":{\"@id\":\"https:\/\/inzain.bike\/en_gb\/gir24-mat\/#primaryimage\"},\"thumbnailUrl\":\"https:\/\/inzain.bike\/wp-content\/uploads\/2023\/11\/mat1-1024x601.png\",\"datePublished\":\"2023-11-11T19:41:46+00:00\",\"dateModified\":\"2023-11-16T12:19:19+00:00\",\"breadcrumb\":{\"@id\":\"https:\/\/inzain.bike\/en_gb\/gir24-mat\/#breadcrumb\"},\"inLanguage\":\"fi\",\"potentialAction\":[{\"@type\":\"ReadAction\",\"target\":[\"https:\/\/inzain.bike\/en_gb\/gir24-mat\/\"]}]},{\"@type\":\"ImageObject\",\"inLanguage\":\"fi\",\"@id\":\"https:\/\/inzain.bike\/en_gb\/gir24-mat\/#primaryimage\",\"url\":\"https:\/\/inzain.bike\/wp-content\/uploads\/2023\/11\/mat1-1024x601.png\",\"contentUrl\":\"https:\/\/inzain.bike\/wp-content\/uploads\/2023\/11\/mat1-1024x601.png\"},{\"@type\":\"BreadcrumbList\",\"@id\":\"https:\/\/inzain.bike\/en_gb\/gir24-mat\/#breadcrumb\",\"itemListElement\":[{\"@type\":\"ListItem\",\"position\":1,\"name\":\"Hem\",\"item\":\"https:\/\/inzain.bike\/fr_be\/\"},{\"@type\":\"ListItem\",\"position\":2,\"name\":\"Girona Mat\"}]},{\"@type\":\"WebSite\",\"@id\":\"https:\/\/inzain.bike\/fr_be\/#website\",\"url\":\"https:\/\/inzain.bike\/fr_be\/\",\"name\":\"INZAIN Cycling EXPERIENCES\",\"description\":\"Cyckling Adventures  - for everyone\",\"publisher\":{\"@id\":\"https:\/\/inzain.bike\/fr_be\/#organization\"},\"alternateName\":\"INZAIN Gravel & Travel\",\"potentialAction\":[{\"@type\":\"SearchAction\",\"target\":{\"@type\":\"EntryPoint\",\"urlTemplate\":\"https:\/\/inzain.bike\/fr_be\/?s={search_term_string}\"},\"query-input\":{\"@type\":\"PropertyValueSpecification\",\"valueRequired\":true,\"valueName\":\"search_term_string\"}}],\"inLanguage\":\"fi\"},{\"@type\":\"Organization\",\"@id\":\"https:\/\/inzain.bike\/fr_be\/#organization\",\"name\":\"INZAIN Cycling EXPERIENCES\",\"url\":\"https:\/\/inzain.bike\/fr_be\/\",\"logo\":{\"@type\":\"ImageObject\",\"inLanguage\":\"fi\",\"@id\":\"https:\/\/inzain.bike\/fr_be\/#\/schema\/logo\/image\/\",\"url\":\"https:\/\/i0.wp.com\/inzain.bike\/wp-content\/uploads\/2023\/09\/cropped-INZAIN_512x512_white.png?fit=512%2C512&ssl=1\",\"contentUrl\":\"https:\/\/i0.wp.com\/inzain.bike\/wp-content\/uploads\/2023\/09\/cropped-INZAIN_512x512_white.png?fit=512%2C512&ssl=1\",\"width\":512,\"height\":512,\"caption\":\"INZAIN Cycling EXPERIENCES\"},\"image\":{\"@id\":\"https:\/\/inzain.bike\/fr_be\/#\/schema\/logo\/image\/\"},\"sameAs\":[\"https:\/\/www.facebook.com\/Inzain.bike\",\"https:\/\/www.instagram.com\/inzainbike\"]}]}<\/script>\n<!-- \/ Yoast SEO plugin. -->","yoast_head_json":{"title":"Gironan ruoka - INZAIN-py\u00f6r\u00e4ilykokemukset","robots":{"index":"index","follow":"follow","max-snippet":"max-snippet:-1","max-image-preview":"max-image-preview:large","max-video-preview":"max-video-preview:-1"},"canonical":"https:\/\/inzain.bike\/fi\/gir24-mat\/","og_locale":"fi_FI","og_type":"article","og_title":"Girona Mat - INZAIN Cycling EXPERIENCES","og_description":"Girona \u00e4r k\u00e4nt f\u00f6r sina m\u00e5nga fina restauranger och fantastiska caf\u00e9er.Vi har bokat frukost en dag p\u00e5 La Fabrica, det mest klassiska av Gironas Cykelcaf\u00e9er f\u00f6r de som vill. Middag finns bokat tidigt f\u00f6r m\u00e5nga \u00e4r hungriga efter en l\u00e5ng tur och de flesta restauranger \u00f6ppnar inte f\u00f6rr\u00e4n 20.30. Kafee Or\u00e4kneliga fina caf\u00e9er finns. Oavsett [&hellip;]","og_url":"https:\/\/inzain.bike\/fi\/gir24-mat\/","og_site_name":"INZAIN Cycling EXPERIENCES","article_publisher":"https:\/\/www.facebook.com\/Inzain.bike","article_modified_time":"2023-11-16T12:19:19+00:00","og_image":[{"url":"https:\/\/inzain.bike\/wp-content\/uploads\/2023\/11\/mat1-1024x601.png","type":"","width":"","height":""}],"twitter_card":"summary_large_image","twitter_misc":{"Arvioitu lukuaika":"1 minuutti"},"schema":{"@context":"https:\/\/schema.org","@graph":[{"@type":"WebPage","@id":"https:\/\/inzain.bike\/en_gb\/gir24-mat\/","url":"https:\/\/inzain.bike\/en_gb\/gir24-mat\/","name":"Gironan ruoka - INZAIN-py\u00f6r\u00e4ilykokemukset","isPartOf":{"@id":"https:\/\/inzain.bike\/fr_be\/#website"},"primaryImageOfPage":{"@id":"https:\/\/inzain.bike\/en_gb\/gir24-mat\/#primaryimage"},"image":{"@id":"https:\/\/inzain.bike\/en_gb\/gir24-mat\/#primaryimage"},"thumbnailUrl":"https:\/\/inzain.bike\/wp-content\/uploads\/2023\/11\/mat1-1024x601.png","datePublished":"2023-11-11T19:41:46+00:00","dateModified":"2023-11-16T12:19:19+00:00","breadcrumb":{"@id":"https:\/\/inzain.bike\/en_gb\/gir24-mat\/#breadcrumb"},"inLanguage":"fi","potentialAction":[{"@type":"ReadAction","target":["https:\/\/inzain.bike\/en_gb\/gir24-mat\/"]}]},{"@type":"ImageObject","inLanguage":"fi","@id":"https:\/\/inzain.bike\/en_gb\/gir24-mat\/#primaryimage","url":"https:\/\/inzain.bike\/wp-content\/uploads\/2023\/11\/mat1-1024x601.png","contentUrl":"https:\/\/inzain.bike\/wp-content\/uploads\/2023\/11\/mat1-1024x601.png"},{"@type":"BreadcrumbList","@id":"https:\/\/inzain.bike\/en_gb\/gir24-mat\/#breadcrumb","itemListElement":[{"@type":"ListItem","position":1,"name":"Hem","item":"https:\/\/inzain.bike\/fr_be\/"},{"@type":"ListItem","position":2,"name":"Girona Mat"}]},{"@type":"WebSite","@id":"https:\/\/inzain.bike\/fr_be\/#website","url":"https:\/\/inzain.bike\/fr_be\/","name":"INZAIN Py\u00f6r\u00e4ily-KOKEMUKSIA","description":"Py\u00f6r\u00e4ilyseikkailut - kaikille","publisher":{"@id":"https:\/\/inzain.bike\/fr_be\/#organization"},"alternateName":"INZAIN Gravel & Travel","potentialAction":[{"@type":"SearchAction","target":{"@type":"EntryPoint","urlTemplate":"https:\/\/inzain.bike\/fr_be\/?s={search_term_string}"},"query-input":{"@type":"PropertyValueSpecification","valueRequired":true,"valueName":"search_term_string"}}],"inLanguage":"fi"},{"@type":"Organization","@id":"https:\/\/inzain.bike\/fr_be\/#organization","name":"INZAIN Py\u00f6r\u00e4ily-KOKEMUKSIA","url":"https:\/\/inzain.bike\/fr_be\/","logo":{"@type":"ImageObject","inLanguage":"fi","@id":"https:\/\/inzain.bike\/fr_be\/#\/schema\/logo\/image\/","url":"https:\/\/i0.wp.com\/inzain.bike\/wp-content\/uploads\/2023\/09\/cropped-INZAIN_512x512_white.png?fit=512%2C512&ssl=1","contentUrl":"https:\/\/i0.wp.com\/inzain.bike\/wp-content\/uploads\/2023\/09\/cropped-INZAIN_512x512_white.png?fit=512%2C512&ssl=1","width":512,"height":512,"caption":"INZAIN Cycling EXPERIENCES"},"image":{"@id":"https:\/\/inzain.bike\/fr_be\/#\/schema\/logo\/image\/"},"sameAs":["https:\/\/www.facebook.com\/Inzain.bike","https:\/\/www.instagram.com\/inzainbike"]}]}},"amp_enabled":true,"_links":{"self":[{"href":"https:\/\/inzain.bike\/fi\/wp-json\/wp\/v2\/pages\/5134","targetHints":{"allow":["GET"]}}],"collection":[{"href":"https:\/\/inzain.bike\/fi\/wp-json\/wp\/v2\/pages"}],"about":[{"href":"https:\/\/inzain.bike\/fi\/wp-json\/wp\/v2\/types\/page"}],"author":[{"embeddable":true,"href":"https:\/\/inzain.bike\/fi\/wp-json\/wp\/v2\/users\/135133094"}],"replies":[{"embeddable":true,"href":"https:\/\/inzain.bike\/fi\/wp-json\/wp\/v2\/comments?post=5134"}],"version-history":[{"count":0,"href":"https:\/\/inzain.bike\/fi\/wp-json\/wp\/v2\/pages\/5134\/revisions"}],"wp:attachment":[{"href":"https:\/\/inzain.bike\/fi\/wp-json\/wp\/v2\/media?parent=5134"}],"curies":[{"name":"wp","href":"https:\/\/api.w.org\/{rel}","templated":true}]}}