{"id":5595,"date":"2023-11-20T16:01:33","date_gmt":"2023-11-20T15:01:33","guid":{"rendered":"https:\/\/inzain.bike\/?page_id=5595"},"modified":"2023-11-25T19:17:41","modified_gmt":"2023-11-25T18:17:41","slug":"om-toscana","status":"publish","type":"page","link":"https:\/\/inzain.bike\/fi\/om-toscana\/","title":{"rendered":"Tietoja Toscanasta"},"content":{"rendered":"<div class=\"wp-block-columns alignwide is-layout-flex wp-container-core-columns-is-layout-28f84493 wp-block-columns-is-layout-flex\">\n<div class=\"wp-block-column is-layout-flow wp-block-column-is-layout-flow\">\n<p class=\"has-roboto-font-family has-custom-font\" style=\"font-family:Roboto\"><strong>Toscana <\/strong>monet pit\u00e4v\u00e4t yhten\u00e4 Italian kauneimmista maisemista. Toscanan keitti\u00f6 tunnetaan maailmanlaajuisesti, samoin kuin alueen hienot viinit Chiantin, Morellino di Scansanon ja Brunello di Montalcinon alueilta. Suhteellisen suuri m\u00e4\u00e4r\u00e4 italialaisia renessanssin taiteilijoita ja kirjailijoita syntyi t\u00e4\u00e4lt\u00e4, mink\u00e4 vuoksi Toscanan voidaan sanoa olleen renessanssin eurooppalaisen kulttuurisen kehityksen keskus.<\/p>\n\n\n\n<figure class=\"wp-block-image size-large\"><img loading=\"lazy\" decoding=\"async\" width=\"925\" height=\"1024\" src=\"https:\/\/inzain.bike\/wp-content\/uploads\/2023\/11\/1920px-Map_of_region_of_Tuscany_Italy_with_provinces-it.svg_-925x1024.png\" alt=\"\" class=\"wp-image-5598\" srcset=\"https:\/\/inzain.bike\/wp-content\/uploads\/2023\/11\/1920px-Map_of_region_of_Tuscany_Italy_with_provinces-it.svg_-925x1024.png 925w, https:\/\/inzain.bike\/wp-content\/uploads\/2023\/11\/1920px-Map_of_region_of_Tuscany_Italy_with_provinces-it.svg_-271x300.png 271w, https:\/\/inzain.bike\/wp-content\/uploads\/2023\/11\/1920px-Map_of_region_of_Tuscany_Italy_with_provinces-it.svg_-768x850.png 768w, https:\/\/inzain.bike\/wp-content\/uploads\/2023\/11\/1920px-Map_of_region_of_Tuscany_Italy_with_provinces-it.svg_-1388x1536.png 1388w, https:\/\/inzain.bike\/wp-content\/uploads\/2023\/11\/1920px-Map_of_region_of_Tuscany_Italy_with_provinces-it.svg_-1850x2048.png 1850w, https:\/\/inzain.bike\/wp-content\/uploads\/2023\/11\/1920px-Map_of_region_of_Tuscany_Italy_with_provinces-it.svg_-11x12.png 11w, https:\/\/inzain.bike\/wp-content\/uploads\/2023\/11\/1920px-Map_of_region_of_Tuscany_Italy_with_provinces-it.svg_-1320x1461.png 1320w, https:\/\/inzain.bike\/wp-content\/uploads\/2023\/11\/1920px-Map_of_region_of_Tuscany_Italy_with_provinces-it.svg_-600x664.png 600w, https:\/\/inzain.bike\/wp-content\/uploads\/2023\/11\/1920px-Map_of_region_of_Tuscany_Italy_with_provinces-it.svg_.png 1920w\" sizes=\"auto, (max-width: 925px) 100vw, 925px\" \/><\/figure>\n\n\n\n<p>Toscanassa on kaikkea, mit\u00e4 pid\u00e4mme Italian synonyymeina: vehre\u00e4 kumpuileva maisema sypressien kera, upeita keskiaikaisia kaupunkeja, muinaisia linnoja (joista monet on nyt muutettu hotelleiksi), marmorilla koristeltuja luostareita, maailmanluokan viini\u00e4 ja upeaa ruokaa \u2013 ajattele vain ihanalla&nbsp;<em>bistecca fiorentina<\/em>, papupata, pasta ja&nbsp;<em>panfort<\/em>. Lis\u00e4ksi on useita mielenkiintoisia kirkkoja ja luostareita, joissa voit ihailla renessanssin freskoja ja mosaiikkeja. <\/p>\n\n\n\n<p><strong>Siena<\/strong><\/p>\n\n\n\n<figure class=\"wp-block-image size-large\"><img loading=\"lazy\" decoding=\"async\" width=\"1024\" height=\"564\" src=\"https:\/\/inzain.bike\/wp-content\/uploads\/2023\/11\/20210311182031-enit-siena-1-1024x564.png\" alt=\"\" class=\"wp-image-5615\" srcset=\"https:\/\/inzain.bike\/wp-content\/uploads\/2023\/11\/20210311182031-enit-siena-1-1024x564.png 1024w, https:\/\/inzain.bike\/wp-content\/uploads\/2023\/11\/20210311182031-enit-siena-1-300x165.png 300w, https:\/\/inzain.bike\/wp-content\/uploads\/2023\/11\/20210311182031-enit-siena-1-768x423.png 768w, https:\/\/inzain.bike\/wp-content\/uploads\/2023\/11\/20210311182031-enit-siena-1-1536x847.png 1536w, https:\/\/inzain.bike\/wp-content\/uploads\/2023\/11\/20210311182031-enit-siena-1-18x10.png 18w, https:\/\/inzain.bike\/wp-content\/uploads\/2023\/11\/20210311182031-enit-siena-1-1320x728.png 1320w, https:\/\/inzain.bike\/wp-content\/uploads\/2023\/11\/20210311182031-enit-siena-1-600x331.png 600w, https:\/\/inzain.bike\/wp-content\/uploads\/2023\/11\/20210311182031-enit-siena-1.png 1600w\" sizes=\"auto, (max-width: 1024px) 100vw, 1024px\" \/><\/figure>\n\n\n\n<p>Kaupunki oli aikoinaan itsen\u00e4inen tasavalta ja my\u00f6hemm\u00e4ll\u00e4 keskiajalla kaupungissa oli enemm\u00e4n asukkaita kuin Pariisissa. Nyky\u00e4\u00e4n kaupungissa on edelleen keskiaikainen tunnelma, eik\u00e4 liikennett\u00e4 ole k\u00e4yt\u00e4nn\u00f6ss\u00e4 lainkaan, mik\u00e4 tarkoittaa, ett\u00e4 voit y\u00f6py\u00e4 loma-asunnossa hieman kaupungin ulkopuolella ja sitten suunnata keskustaan k\u00e4velem\u00e4\u00e4n viihtyisi\u00e4 pieni\u00e4 katuja, jotka ulottuvat kauniista. Piazza del Campo. Kaksi asiaa, jotka sinun on ehdottomasti n\u00e4ht\u00e4v\u00e4 kaupungissa: yksi on upea 1200-luvun seepraraidallinen katedraali marmoriholveineen. Lis\u00e4ksi sinun t\u00e4ytyy kokea my\u00f6s Palazzo Publico, kaupungin keskusaukiolla sijaitseva kaupungintalo, jossa on my\u00f6s museo, jossa voit katsella Lorenzettin kuuluisia teoksia&nbsp;<em>Hyv\u00e4 lauta<\/em>. Voit my\u00f6s nousta Mangia-tornin 503 porrasta, josta voit nauttia upeista n\u00e4kymist\u00e4 Piazza del Campolle.<\/p>\n\n\n\n<p><strong>Val d&#039;Orcia<\/strong><\/p>\n\n\n\n<p>Laaksoa ymp\u00e4r\u00f6i aaltoileva maisema savimaalla, joka antaa j\u00e4nnitt\u00e4v\u00e4n ulkon\u00e4\u00f6n, joka muuttuu vihre\u00e4ksi, keltaiseksi tai ruskeaksi, kaikki vuodenajasta riippuen. Vain yksinkertainen puu tai pieni kivitalo rikkoo kuvan. Monet n\u00e4ist\u00e4 kivitaloista on rakennettu kukkulan p\u00e4\u00e4lle, josta on paras n\u00e4k\u00f6ala, ja parhaan n\u00e4kym\u00e4n ensimm\u00e4inen paikka menee La Bandita -ravintolalle. T\u00e4\u00e4ll\u00e4 voit ottaa paljon hyvi\u00e4 kuvia, mutta varaudu siihen, ett\u00e4 kes\u00e4kuukausina on eritt\u00e4in kuuma ja p\u00f6lyinen.<\/p>\n\n\n\n<p><strong>Montalcino <\/strong><\/p>\n\n\n\n<p>Montalcino oli pitk\u00e4\u00e4n sienalaisten viimeinen etuvartio roomalaisia vastaan ja Montalcino linnoituksineen on kest\u00e4nyt monia sotia.<\/p>\n\n\n\n<p>Montalcino ja sit\u00e4 ymp\u00e4r\u00f6iv\u00e4 kunta ovat viinin koti ja DOCG-nimitys Brunello di Montalcino. Brunello di Montalcinon lis\u00e4ksi valmistetaan my\u00f6s Rosso di Montalcinoa ja Moscadello di Montalcinoa. Rosso valmistetaan yleens\u00e4 samalla tavalla kuin Brunello-viini, mutta ryp\u00e4leet tulevat nuoremmista viinik\u00f6ynn\u00f6ksist\u00e4 ja viinin ik\u00e4\u00e4ntyminen on lyhyempi, mik\u00e4 tarkoittaa my\u00f6s sit\u00e4, ett\u00e4 viini\u00e4 ei voi kypsy\u00e4 yht\u00e4 kauan kuin Brunelloa.<\/p>\n\n\n\n<figure class=\"wp-block-image alignright size-large\"><img loading=\"lazy\" decoding=\"async\" width=\"1024\" height=\"576\" src=\"https:\/\/inzain.bike\/wp-content\/uploads\/2023\/11\/rosso-di-montalcino-3774-1-3-1024x576.png\" alt=\"\" class=\"wp-image-5616\" srcset=\"https:\/\/inzain.bike\/wp-content\/uploads\/2023\/11\/rosso-di-montalcino-3774-1-3-1024x576.png 1024w, https:\/\/inzain.bike\/wp-content\/uploads\/2023\/11\/rosso-di-montalcino-3774-1-3-300x169.png 300w, https:\/\/inzain.bike\/wp-content\/uploads\/2023\/11\/rosso-di-montalcino-3774-1-3-768x432.png 768w, https:\/\/inzain.bike\/wp-content\/uploads\/2023\/11\/rosso-di-montalcino-3774-1-3-1536x863.png 1536w, https:\/\/inzain.bike\/wp-content\/uploads\/2023\/11\/rosso-di-montalcino-3774-1-3-2048x1151.png 2048w, https:\/\/inzain.bike\/wp-content\/uploads\/2023\/11\/rosso-di-montalcino-3774-1-3-18x10.png 18w, https:\/\/inzain.bike\/wp-content\/uploads\/2023\/11\/rosso-di-montalcino-3774-1-3-1320x742.png 1320w, https:\/\/inzain.bike\/wp-content\/uploads\/2023\/11\/rosso-di-montalcino-3774-1-3-600x337.png 600w\" sizes=\"auto, (max-width: 1024px) 100vw, 1024px\" \/><\/figure>\n\n\n\n<p><strong>Pienza<\/strong><\/p>\n\n\n\n<p>T\u00e4m\u00e4 pieni maalaiskaupunki on niin pieni, ett\u00e4 voit k\u00e4vell\u00e4 sen l\u00e4pi viidess\u00e4 minuutissa - mutta kaupungissa on niin paljon taidetta ja arkkitehtuuria, ett\u00e4 voisit viipy\u00e4 koko p\u00e4iv\u00e4n. Kaupungin perusti tai ehk\u00e4 pikemminkin l\u00f6ysi uudelleen Aenas Piccolomini, joka tuli my\u00f6hemmin tunnetuksi paavi Pius II:na. H\u00e4n n\u00e4ki kaupungin utopistisena maalaismaisena lomakohteena, joka toimisi mallikaupungina kaikille muille Toscanan kaupungeille \u2013 h\u00e4n ei kuitenkaan koskaan saanut projektiaan valmiiksi. Mutta voit n\u00e4hd\u00e4 useita rakennuksia 1400- ja 1500-luvuilta, mukaan lukien useita palatseja, katedraali ja museo. T\u00e4\u00e4ll\u00e4 on my\u00f6s useita hyvi\u00e4 ravintoloita, mm. Falco ja Latte di Luna.<\/p>\n\n\n\n<figure class=\"wp-block-image size-large\"><img loading=\"lazy\" decoding=\"async\" width=\"1024\" height=\"405\" src=\"https:\/\/inzain.bike\/wp-content\/uploads\/2023\/11\/pienza-view-1024x405.jpg\" alt=\"\" class=\"wp-image-5617\" srcset=\"https:\/\/inzain.bike\/wp-content\/uploads\/2023\/11\/pienza-view-1024x405.jpg 1024w, https:\/\/inzain.bike\/wp-content\/uploads\/2023\/11\/pienza-view-300x119.jpg 300w, https:\/\/inzain.bike\/wp-content\/uploads\/2023\/11\/pienza-view-768x304.jpg 768w, https:\/\/inzain.bike\/wp-content\/uploads\/2023\/11\/pienza-view-18x7.jpg 18w, https:\/\/inzain.bike\/wp-content\/uploads\/2023\/11\/pienza-view-1320x523.jpg 1320w, https:\/\/inzain.bike\/wp-content\/uploads\/2023\/11\/pienza-view-600x238.jpg 600w, https:\/\/inzain.bike\/wp-content\/uploads\/2023\/11\/pienza-view.jpg 1440w\" sizes=\"auto, (max-width: 1024px) 100vw, 1024px\" \/><\/figure>\n\n\n\n<p>Viininmaistelun j\u00e4lkeen voit ylitt\u00e4\u00e4 kadun 1800-luvulta per\u00e4isin olevaan kahvilaan,&nbsp;<em>Fiaschetteria Italiana<\/em>, joka on ihana paikka istua ja katsella ohikulkijoita. Hieman kaupungin ulkopuolella voit nauttia upeasta luonnosta ja vierailla kauniissa kermanv\u00e4risess\u00e4 Sant&#039;Antimon luostarissa. Sielt\u00e4 voit ottaa puolen p\u00e4iv\u00e4n vaelluksen Bagno Vignoniin Orcian rotkon l\u00e4pi, josta l\u00f6yd\u00e4t kauniin laakson, jossa on joki ja joitain keskiaikaisia linnoja. Kannattaa kuitenkin muistaa kompassi, kartta tai eritt\u00e4in hyv\u00e4 paikallistaju.<\/p>\n\n\n\n<p><br><br>Bagno Vignoni on yksi niist\u00e4 paikoista Toscanassa, joka on melko suosittu pienest\u00e4 koostaan huolimatta. Miksi? Koska se on lumoava ja vieh\u00e4tt\u00e4v\u00e4\u2026 ja siin\u00e4 on kuumia l\u00e4hteit\u00e4! Pys\u00e4hdy t\u00e4h\u00e4n ja nauti my\u00f6s upeista n\u00e4kymist\u00e4 Val d&#039;Orciaan pikkukaupungin ymp\u00e4rill\u00e4, mukaan lukien kaukainen Castiglione d&#039;Orcian Rocca di Tentennano. Bagno Vignoni on hyvin ainutlaatuinen: miss\u00e4\u00e4n muualla Italiassa et l\u00f6yd\u00e4 sen keskusaukiota, jonka uima-allas on t\u00e4ynn\u00e4 kuumia l\u00e4hteit\u00e4. 49 metri\u00e4 pitk\u00e4 ja 29 metri\u00e4 leve\u00e4 renessanssinaikainen aukio on rakennettu suoraan alkuper\u00e4isen roomalaisten nauttimien kuumien l\u00e4hteiden p\u00e4\u00e4lle.<\/p>\n\n\n\n<figure class=\"wp-block-image size-large\"><img decoding=\"async\" src=\"https:\/\/inzain.bike\/wp-content\/uploads\/2023\/11\/20231012_104114-768x1024.jpg\" alt=\"\" class=\"wp-image-5603\"\/><\/figure>\n\n\n\n<figure class=\"wp-block-image size-large\"><img loading=\"lazy\" decoding=\"async\" width=\"1024\" height=\"768\" src=\"https:\/\/inzain.bike\/wp-content\/uploads\/2023\/11\/20231012_111648-1024x768.jpg\" alt=\"\" class=\"wp-image-5604\" srcset=\"https:\/\/inzain.bike\/wp-content\/uploads\/2023\/11\/20231012_111648-1024x768.jpg 1024w, https:\/\/inzain.bike\/wp-content\/uploads\/2023\/11\/20231012_111648-300x225.jpg 300w, https:\/\/inzain.bike\/wp-content\/uploads\/2023\/11\/20231012_111648-768x576.jpg 768w, https:\/\/inzain.bike\/wp-content\/uploads\/2023\/11\/20231012_111648-1536x1152.jpg 1536w, https:\/\/inzain.bike\/wp-content\/uploads\/2023\/11\/20231012_111648-2048x1536.jpg 2048w, https:\/\/inzain.bike\/wp-content\/uploads\/2023\/11\/20231012_111648-16x12.jpg 16w, https:\/\/inzain.bike\/wp-content\/uploads\/2023\/11\/20231012_111648-1320x990.jpg 1320w, https:\/\/inzain.bike\/wp-content\/uploads\/2023\/11\/20231012_111648-600x450.jpg 600w\" sizes=\"auto, (max-width: 1024px) 100vw, 1024px\" \/><\/figure>\n<\/div>\n<\/div>\n\n\n\n<p><\/p>","protected":false},"excerpt":{"rendered":"<p>Toscana r\u00e4knas av m\u00e5nga som ett av de vackraste landskapen i Italien. Det toskanska k\u00f6ket \u00e4r k\u00e4nt \u00f6ver hela v\u00e4rlden, liksom regionens fina viner fr\u00e5n distrikten Chianti, Morellino di Scansano och Brunello di Montalcino. Ett j\u00e4mf\u00f6relsevis stort antal av Italiens ren\u00e4ssanskonstn\u00e4rer och f\u00f6rfattare h\u00e4rstammar h\u00e4rifr\u00e5n, varf\u00f6r Toscana kan s\u00e4gas vara ett centrum f\u00f6r den europeiska [&hellip;]<\/p>\n","protected":false},"author":135133094,"featured_media":0,"parent":0,"menu_order":0,"comment_status":"closed","ping_status":"closed","template":"","meta":{"_coblocks_attr":"Roboto","_coblocks_dimensions":"","_coblocks_responsive_height":"","_coblocks_accordion_ie_support":"","footnotes":""},"class_list":["post-5595","page","type-page","status-publish","hentry"],"yoast_head":"<!-- This site is optimized with the Yoast SEO plugin v27.2 - https:\/\/yoast.com\/product\/yoast-seo-wordpress\/ -->\n<title>Om Toscana - INZAIN Cycling EXPERIENCES<\/title>\n<meta name=\"robots\" content=\"index, follow, max-snippet:-1, max-image-preview:large, max-video-preview:-1\" \/>\n<link rel=\"canonical\" href=\"https:\/\/inzain.bike\/fi\/om-toscana\/\" \/>\n<meta property=\"og:locale\" content=\"fi_FI\" \/>\n<meta property=\"og:type\" content=\"article\" \/>\n<meta property=\"og:title\" content=\"Om Toscana - INZAIN Cycling EXPERIENCES\" \/>\n<meta property=\"og:description\" content=\"Toscana r\u00e4knas av m\u00e5nga som ett av de vackraste landskapen i Italien. Det toskanska k\u00f6ket \u00e4r k\u00e4nt \u00f6ver hela v\u00e4rlden, liksom regionens fina viner fr\u00e5n distrikten Chianti, Morellino di Scansano och Brunello di Montalcino. Ett j\u00e4mf\u00f6relsevis stort antal av Italiens ren\u00e4ssanskonstn\u00e4rer och f\u00f6rfattare h\u00e4rstammar h\u00e4rifr\u00e5n, varf\u00f6r Toscana kan s\u00e4gas vara ett centrum f\u00f6r den europeiska [&hellip;]\" \/>\n<meta property=\"og:url\" content=\"https:\/\/inzain.bike\/fi\/om-toscana\/\" \/>\n<meta property=\"og:site_name\" content=\"INZAIN Cycling EXPERIENCES\" \/>\n<meta property=\"article:publisher\" content=\"https:\/\/www.facebook.com\/Inzain.bike\" \/>\n<meta property=\"article:modified_time\" content=\"2023-11-25T18:17:41+00:00\" \/>\n<meta property=\"og:image\" content=\"https:\/\/inzain.bike\/wp-content\/uploads\/2023\/11\/1920px-Map_of_region_of_Tuscany_Italy_with_provinces-it.svg_-925x1024.png\" \/>\n<meta name=\"twitter:card\" content=\"summary_large_image\" \/>\n<meta name=\"twitter:label1\" content=\"Arvioitu lukuaika\" \/>\n\t<meta name=\"twitter:data1\" content=\"5 minuuttia\" \/>\n<script type=\"application\/ld+json\" class=\"yoast-schema-graph\">{\"@context\":\"https:\/\/schema.org\",\"@graph\":[{\"@type\":\"WebPage\",\"@id\":\"https:\/\/inzain.bike\/fr_be\/om-toscana\/\",\"url\":\"https:\/\/inzain.bike\/fr_be\/om-toscana\/\",\"name\":\"Om Toscana - INZAIN Cycling EXPERIENCES\",\"isPartOf\":{\"@id\":\"https:\/\/inzain.bike\/fr_be\/#website\"},\"primaryImageOfPage\":{\"@id\":\"https:\/\/inzain.bike\/fr_be\/om-toscana\/#primaryimage\"},\"image\":{\"@id\":\"https:\/\/inzain.bike\/fr_be\/om-toscana\/#primaryimage\"},\"thumbnailUrl\":\"https:\/\/inzain.bike\/wp-content\/uploads\/2023\/11\/1920px-Map_of_region_of_Tuscany_Italy_with_provinces-it.svg_-925x1024.png\",\"datePublished\":\"2023-11-20T15:01:33+00:00\",\"dateModified\":\"2023-11-25T18:17:41+00:00\",\"breadcrumb\":{\"@id\":\"https:\/\/inzain.bike\/fr_be\/om-toscana\/#breadcrumb\"},\"inLanguage\":\"fi\",\"potentialAction\":[{\"@type\":\"ReadAction\",\"target\":[\"https:\/\/inzain.bike\/fr_be\/om-toscana\/\"]}]},{\"@type\":\"ImageObject\",\"inLanguage\":\"fi\",\"@id\":\"https:\/\/inzain.bike\/fr_be\/om-toscana\/#primaryimage\",\"url\":\"https:\/\/inzain.bike\/wp-content\/uploads\/2023\/11\/1920px-Map_of_region_of_Tuscany_Italy_with_provinces-it.svg_-925x1024.png\",\"contentUrl\":\"https:\/\/inzain.bike\/wp-content\/uploads\/2023\/11\/1920px-Map_of_region_of_Tuscany_Italy_with_provinces-it.svg_-925x1024.png\"},{\"@type\":\"BreadcrumbList\",\"@id\":\"https:\/\/inzain.bike\/fr_be\/om-toscana\/#breadcrumb\",\"itemListElement\":[{\"@type\":\"ListItem\",\"position\":1,\"name\":\"Hem\",\"item\":\"https:\/\/inzain.bike\/fr_be\/\"},{\"@type\":\"ListItem\",\"position\":2,\"name\":\"Om Toscana\"}]},{\"@type\":\"WebSite\",\"@id\":\"https:\/\/inzain.bike\/fr_be\/#website\",\"url\":\"https:\/\/inzain.bike\/fr_be\/\",\"name\":\"INZAIN Cycling EXPERIENCES\",\"description\":\"Cyckling Adventures  - for everyone\",\"publisher\":{\"@id\":\"https:\/\/inzain.bike\/fr_be\/#organization\"},\"alternateName\":\"INZAIN Gravel & Travel\",\"potentialAction\":[{\"@type\":\"SearchAction\",\"target\":{\"@type\":\"EntryPoint\",\"urlTemplate\":\"https:\/\/inzain.bike\/fr_be\/?s={search_term_string}\"},\"query-input\":{\"@type\":\"PropertyValueSpecification\",\"valueRequired\":true,\"valueName\":\"search_term_string\"}}],\"inLanguage\":\"fi\"},{\"@type\":\"Organization\",\"@id\":\"https:\/\/inzain.bike\/fr_be\/#organization\",\"name\":\"INZAIN Cycling EXPERIENCES\",\"url\":\"https:\/\/inzain.bike\/fr_be\/\",\"logo\":{\"@type\":\"ImageObject\",\"inLanguage\":\"fi\",\"@id\":\"https:\/\/inzain.bike\/fr_be\/#\/schema\/logo\/image\/\",\"url\":\"https:\/\/i0.wp.com\/inzain.bike\/wp-content\/uploads\/2023\/09\/cropped-INZAIN_512x512_white.png?fit=512%2C512&ssl=1\",\"contentUrl\":\"https:\/\/i0.wp.com\/inzain.bike\/wp-content\/uploads\/2023\/09\/cropped-INZAIN_512x512_white.png?fit=512%2C512&ssl=1\",\"width\":512,\"height\":512,\"caption\":\"INZAIN Cycling EXPERIENCES\"},\"image\":{\"@id\":\"https:\/\/inzain.bike\/fr_be\/#\/schema\/logo\/image\/\"},\"sameAs\":[\"https:\/\/www.facebook.com\/Inzain.bike\",\"https:\/\/www.instagram.com\/inzainbike\"]}]}<\/script>\n<!-- \/ Yoast SEO plugin. -->","yoast_head_json":{"title":"Tietoa Toscanasta - INZAIN-py\u00f6r\u00e4ilykokemukset","robots":{"index":"index","follow":"follow","max-snippet":"max-snippet:-1","max-image-preview":"max-image-preview:large","max-video-preview":"max-video-preview:-1"},"canonical":"https:\/\/inzain.bike\/fi\/om-toscana\/","og_locale":"fi_FI","og_type":"article","og_title":"Om Toscana - INZAIN Cycling EXPERIENCES","og_description":"Toscana r\u00e4knas av m\u00e5nga som ett av de vackraste landskapen i Italien. Det toskanska k\u00f6ket \u00e4r k\u00e4nt \u00f6ver hela v\u00e4rlden, liksom regionens fina viner fr\u00e5n distrikten Chianti, Morellino di Scansano och Brunello di Montalcino. Ett j\u00e4mf\u00f6relsevis stort antal av Italiens ren\u00e4ssanskonstn\u00e4rer och f\u00f6rfattare h\u00e4rstammar h\u00e4rifr\u00e5n, varf\u00f6r Toscana kan s\u00e4gas vara ett centrum f\u00f6r den europeiska [&hellip;]","og_url":"https:\/\/inzain.bike\/fi\/om-toscana\/","og_site_name":"INZAIN Cycling EXPERIENCES","article_publisher":"https:\/\/www.facebook.com\/Inzain.bike","article_modified_time":"2023-11-25T18:17:41+00:00","og_image":[{"url":"https:\/\/inzain.bike\/wp-content\/uploads\/2023\/11\/1920px-Map_of_region_of_Tuscany_Italy_with_provinces-it.svg_-925x1024.png","type":"","width":"","height":""}],"twitter_card":"summary_large_image","twitter_misc":{"Arvioitu lukuaika":"5 minuuttia"},"schema":{"@context":"https:\/\/schema.org","@graph":[{"@type":"WebPage","@id":"https:\/\/inzain.bike\/fr_be\/om-toscana\/","url":"https:\/\/inzain.bike\/fr_be\/om-toscana\/","name":"Tietoa Toscanasta - INZAIN-py\u00f6r\u00e4ilykokemukset","isPartOf":{"@id":"https:\/\/inzain.bike\/fr_be\/#website"},"primaryImageOfPage":{"@id":"https:\/\/inzain.bike\/fr_be\/om-toscana\/#primaryimage"},"image":{"@id":"https:\/\/inzain.bike\/fr_be\/om-toscana\/#primaryimage"},"thumbnailUrl":"https:\/\/inzain.bike\/wp-content\/uploads\/2023\/11\/1920px-Map_of_region_of_Tuscany_Italy_with_provinces-it.svg_-925x1024.png","datePublished":"2023-11-20T15:01:33+00:00","dateModified":"2023-11-25T18:17:41+00:00","breadcrumb":{"@id":"https:\/\/inzain.bike\/fr_be\/om-toscana\/#breadcrumb"},"inLanguage":"fi","potentialAction":[{"@type":"ReadAction","target":["https:\/\/inzain.bike\/fr_be\/om-toscana\/"]}]},{"@type":"ImageObject","inLanguage":"fi","@id":"https:\/\/inzain.bike\/fr_be\/om-toscana\/#primaryimage","url":"https:\/\/inzain.bike\/wp-content\/uploads\/2023\/11\/1920px-Map_of_region_of_Tuscany_Italy_with_provinces-it.svg_-925x1024.png","contentUrl":"https:\/\/inzain.bike\/wp-content\/uploads\/2023\/11\/1920px-Map_of_region_of_Tuscany_Italy_with_provinces-it.svg_-925x1024.png"},{"@type":"BreadcrumbList","@id":"https:\/\/inzain.bike\/fr_be\/om-toscana\/#breadcrumb","itemListElement":[{"@type":"ListItem","position":1,"name":"Hem","item":"https:\/\/inzain.bike\/fr_be\/"},{"@type":"ListItem","position":2,"name":"Om Toscana"}]},{"@type":"WebSite","@id":"https:\/\/inzain.bike\/fr_be\/#website","url":"https:\/\/inzain.bike\/fr_be\/","name":"INZAIN Py\u00f6r\u00e4ily-KOKEMUKSIA","description":"Py\u00f6r\u00e4ilyseikkailut - kaikille","publisher":{"@id":"https:\/\/inzain.bike\/fr_be\/#organization"},"alternateName":"INZAIN Gravel & Travel","potentialAction":[{"@type":"SearchAction","target":{"@type":"EntryPoint","urlTemplate":"https:\/\/inzain.bike\/fr_be\/?s={search_term_string}"},"query-input":{"@type":"PropertyValueSpecification","valueRequired":true,"valueName":"search_term_string"}}],"inLanguage":"fi"},{"@type":"Organization","@id":"https:\/\/inzain.bike\/fr_be\/#organization","name":"INZAIN Py\u00f6r\u00e4ily-KOKEMUKSIA","url":"https:\/\/inzain.bike\/fr_be\/","logo":{"@type":"ImageObject","inLanguage":"fi","@id":"https:\/\/inzain.bike\/fr_be\/#\/schema\/logo\/image\/","url":"https:\/\/i0.wp.com\/inzain.bike\/wp-content\/uploads\/2023\/09\/cropped-INZAIN_512x512_white.png?fit=512%2C512&ssl=1","contentUrl":"https:\/\/i0.wp.com\/inzain.bike\/wp-content\/uploads\/2023\/09\/cropped-INZAIN_512x512_white.png?fit=512%2C512&ssl=1","width":512,"height":512,"caption":"INZAIN Cycling EXPERIENCES"},"image":{"@id":"https:\/\/inzain.bike\/fr_be\/#\/schema\/logo\/image\/"},"sameAs":["https:\/\/www.facebook.com\/Inzain.bike","https:\/\/www.instagram.com\/inzainbike"]}]}},"amp_enabled":true,"_links":{"self":[{"href":"https:\/\/inzain.bike\/fi\/wp-json\/wp\/v2\/pages\/5595","targetHints":{"allow":["GET"]}}],"collection":[{"href":"https:\/\/inzain.bike\/fi\/wp-json\/wp\/v2\/pages"}],"about":[{"href":"https:\/\/inzain.bike\/fi\/wp-json\/wp\/v2\/types\/page"}],"author":[{"embeddable":true,"href":"https:\/\/inzain.bike\/fi\/wp-json\/wp\/v2\/users\/135133094"}],"replies":[{"embeddable":true,"href":"https:\/\/inzain.bike\/fi\/wp-json\/wp\/v2\/comments?post=5595"}],"version-history":[{"count":0,"href":"https:\/\/inzain.bike\/fi\/wp-json\/wp\/v2\/pages\/5595\/revisions"}],"wp:attachment":[{"href":"https:\/\/inzain.bike\/fi\/wp-json\/wp\/v2\/media?parent=5595"}],"curies":[{"name":"wp","href":"https:\/\/api.w.org\/{rel}","templated":true}]}}