{"id":5808,"date":"2023-11-22T19:14:43","date_gmt":"2023-11-22T18:14:43","guid":{"rendered":"https:\/\/inzain.bike\/?page_id=5808"},"modified":"2025-03-17T16:13:49","modified_gmt":"2025-03-17T15:13:49","slug":"sor25-cykling","status":"publish","type":"page","link":"https:\/\/inzain.bike\/fi\/sor25-cykling\/","title":{"rendered":"S\u00f6rmland Py\u00f6r\u00e4ily"},"content":{"rendered":"<p>Tervetuloa INZAIN Gravel Campiin S\u00f6rmlandiin. T\u00e4m\u00e4 on nelj\u00e4s kerta, kun pid\u00e4mme leirin t\u00e4\u00e4ll\u00e4 Ruotsin soramekassa. T\u00e4ll\u00e4 kertaa ollaan toiminnan keskell\u00e4 ja asumme ja ty\u00f6skentelemme Eskilstunasta.<br><br>Soraleirimme ovat kaikille, haluatko py\u00f6r\u00e4ill\u00e4 nopeasti, ottaa rauhallisesti vai sekoittaa? Hienosti menee. Reittej\u00e4 tulee eripituisia, joista suurin osa on my\u00f6s lyhennett\u00e4v\u00e4. Meill\u00e4 on my\u00f6s tukiajoneuvo, jos py\u00f6r\u00e4 tai py\u00f6r\u00e4ilij\u00e4 tarvitsee huolta.<\/p>\n\n\n\n<p>Uskomme, ett\u00e4 kahvi ja ruoka ovat t\u00e4rkeit\u00e4, joten ohitamme mukavia paikkoja, joissa saa jotain hyv\u00e4\u00e4 vatsaan.<br>Jos se l\u00e4mpenee, tukiajoneuvoon on saatavilla ylim\u00e4\u00e4r\u00e4ist\u00e4 vett\u00e4 ja muuta.<\/p>\n\n\n\n<div class=\"wp-block-columns alignwide is-layout-flex wp-container-core-columns-is-layout-28f84493 wp-block-columns-is-layout-flex\">\n<div class=\"wp-block-column is-layout-flow wp-block-column-is-layout-flow\">\n<figure class=\"wp-block-image size-large\"><img loading=\"lazy\" decoding=\"async\" width=\"990\" height=\"1024\" src=\"https:\/\/inzain.bike\/wp-content\/uploads\/2023\/11\/20220522_141723-990x1024.jpg\" alt=\"\" class=\"wp-image-5792\" srcset=\"https:\/\/inzain.bike\/wp-content\/uploads\/2023\/11\/20220522_141723-990x1024.jpg 990w, https:\/\/inzain.bike\/wp-content\/uploads\/2023\/11\/20220522_141723-290x300.jpg 290w, https:\/\/inzain.bike\/wp-content\/uploads\/2023\/11\/20220522_141723-768x794.jpg 768w, https:\/\/inzain.bike\/wp-content\/uploads\/2023\/11\/20220522_141723-1485x1536.jpg 1485w, https:\/\/inzain.bike\/wp-content\/uploads\/2023\/11\/20220522_141723-1980x2048.jpg 1980w, https:\/\/inzain.bike\/wp-content\/uploads\/2023\/11\/20220522_141723-12x12.jpg 12w, https:\/\/inzain.bike\/wp-content\/uploads\/2023\/11\/20220522_141723-1320x1365.jpg 1320w, https:\/\/inzain.bike\/wp-content\/uploads\/2023\/11\/20220522_141723-600x621.jpg 600w\" sizes=\"auto, (max-width: 990px) 100vw, 990px\" \/><\/figure>\n<\/div>\n\n\n\n<div class=\"wp-block-column is-layout-flow wp-block-column-is-layout-flow\">\n<div style=\"height:254px\" aria-hidden=\"true\" class=\"wp-block-spacer\"><\/div>\n\n\n\n<p class=\"has-roboto-font-family has-custom-font\" style=\"font-family:Roboto\">N\u00e4ill\u00e4 kahdella p\u00e4iv\u00e4ll\u00e4 on selv\u00e4sti erilainen luonne, mutta molemmat ovat aivan fantastisia retki\u00e4. Oppaamme varmistavat, ett\u00e4 kaikilla on hauskaa ja sovitamme tahdin ryhm\u00e4n mukaan. Jos se osoittautuu parhaaksi, jaetaan eri nopeusryhmiin, mutta vauhdista riippumatta voimme luvata, ett\u00e4 jokaiselle tulee kaksi upeaa p\u00e4iv\u00e4\u00e4.<\/p>\n\n\n\n<p>L\u00e4het\u00e4mme hyviss\u00e4 ajoin ennen viikonloppua kuuluisan Riders Guide -oppaamme, asiakirjan, joka sis\u00e4lt\u00e4\u00e4 kaikki tiedot reiteist\u00e4, kahvista, lounaasta ja paljon, paljon muuta.<\/p>\n<\/div>\n<\/div>\n\n\n\n<div class=\"wp-block-columns alignwide is-layout-flex wp-container-core-columns-is-layout-28f84493 wp-block-columns-is-layout-flex\">\n<div class=\"wp-block-column is-layout-flow wp-block-column-is-layout-flow\">\n<p class=\"has-roboto-font-family has-custom-font\" style=\"font-family:Roboto;font-size:52px\">Ajoittaa<\/p>\n\n\n\n<div style=\"height:65px\" aria-hidden=\"true\" class=\"wp-block-spacer\"><\/div>\n<\/div>\n<\/div>\n\n\n\n<div class=\"wp-block-columns alignwide is-layout-flex wp-container-core-columns-is-layout-28f84493 wp-block-columns-is-layout-flex\">\n<div class=\"wp-block-column is-layout-flow wp-block-column-is-layout-flow\">\n<figure class=\"wp-block-image size-large\"><img loading=\"lazy\" decoding=\"async\" width=\"768\" height=\"1024\" src=\"https:\/\/inzain.bike\/wp-content\/uploads\/2025\/03\/442445534_384192111250484_1074260929087877590_n-768x1024.jpg\" alt=\"\" class=\"wp-image-7858\" srcset=\"https:\/\/inzain.bike\/wp-content\/uploads\/2025\/03\/442445534_384192111250484_1074260929087877590_n-768x1024.jpg 768w, https:\/\/inzain.bike\/wp-content\/uploads\/2025\/03\/442445534_384192111250484_1074260929087877590_n-225x300.jpg 225w, https:\/\/inzain.bike\/wp-content\/uploads\/2025\/03\/442445534_384192111250484_1074260929087877590_n-1152x1536.jpg 1152w, https:\/\/inzain.bike\/wp-content\/uploads\/2025\/03\/442445534_384192111250484_1074260929087877590_n-9x12.jpg 9w, https:\/\/inzain.bike\/wp-content\/uploads\/2025\/03\/442445534_384192111250484_1074260929087877590_n-1320x1760.jpg 1320w, https:\/\/inzain.bike\/wp-content\/uploads\/2025\/03\/442445534_384192111250484_1074260929087877590_n-600x800.jpg 600w, https:\/\/inzain.bike\/wp-content\/uploads\/2025\/03\/442445534_384192111250484_1074260929087877590_n.jpg 1536w\" sizes=\"auto, (max-width: 768px) 100vw, 768px\" \/><\/figure>\n<\/div>\n\n\n\n<div class=\"wp-block-column is-layout-flow wp-block-column-is-layout-flow\">\n<div style=\"height:200px\" aria-hidden=\"true\" class=\"wp-block-spacer\"><\/div>\n\n\n\n<p><strong>perjantai<\/strong><br>Sis\u00e4\u00e4nkirjautuminen hotelliin ja tervetulotapaaminen, jossa oppaamme k\u00e4yv\u00e4t l\u00e4pi viikonlopun. Jos jokin menee pieleen, voimme auttaa useimmissa asioissa. Meill\u00e4 on per\u00e4vaunussamme varaosia, pumppuja, hammastelineit\u00e4 ja muuta.<\/p>\n<\/div>\n<\/div>\n\n\n\n<div class=\"wp-block-columns alignwide is-layout-flex wp-container-core-columns-is-layout-28f84493 wp-block-columns-is-layout-flex\">\n<div class=\"wp-block-column is-layout-flow wp-block-column-is-layout-flow\">\n<figure class=\"wp-block-image size-full\"><img loading=\"lazy\" decoding=\"async\" width=\"2048\" height=\"1152\" src=\"https:\/\/inzain.bike\/wp-content\/uploads\/2025\/03\/444137743_10220282087841186_161621335968714480_n.jpg\" alt=\"\" class=\"wp-image-7859\" srcset=\"https:\/\/inzain.bike\/wp-content\/uploads\/2025\/03\/444137743_10220282087841186_161621335968714480_n.jpg 2048w, https:\/\/inzain.bike\/wp-content\/uploads\/2025\/03\/444137743_10220282087841186_161621335968714480_n-300x169.jpg 300w, https:\/\/inzain.bike\/wp-content\/uploads\/2025\/03\/444137743_10220282087841186_161621335968714480_n-1024x576.jpg 1024w, https:\/\/inzain.bike\/wp-content\/uploads\/2025\/03\/444137743_10220282087841186_161621335968714480_n-768x432.jpg 768w, https:\/\/inzain.bike\/wp-content\/uploads\/2025\/03\/444137743_10220282087841186_161621335968714480_n-1536x864.jpg 1536w, https:\/\/inzain.bike\/wp-content\/uploads\/2025\/03\/444137743_10220282087841186_161621335968714480_n-18x10.jpg 18w, https:\/\/inzain.bike\/wp-content\/uploads\/2025\/03\/444137743_10220282087841186_161621335968714480_n-1320x743.jpg 1320w, https:\/\/inzain.bike\/wp-content\/uploads\/2025\/03\/444137743_10220282087841186_161621335968714480_n-600x338.jpg 600w\" sizes=\"auto, (max-width: 2048px) 100vw, 2048px\" \/><\/figure>\n<\/div>\n\n\n\n<div class=\"wp-block-column is-layout-flow wp-block-column-is-layout-flow\">\n<div style=\"height:148px\" aria-hidden=\"true\" class=\"wp-block-spacer\"><\/div>\n\n\n\n<p><strong>lauantai<\/strong><br>Py\u00f6r\u00e4ilemme it\u00e4\u00e4n eritt\u00e4in kauniita ja vaihtelevia teit\u00e4. Py\u00f6r\u00e4ilemme takaisin hotellille eritt\u00e4in mukavaa reitti\u00e4 pitkin.<\/p>\n<\/div>\n<\/div>\n\n\n\n<div class=\"wp-block-columns alignwide is-layout-flex wp-container-core-columns-is-layout-28f84493 wp-block-columns-is-layout-flex\">\n<div class=\"wp-block-column is-layout-flow wp-block-column-is-layout-flow\">\n<div style=\"height:200px\" aria-hidden=\"true\" class=\"wp-block-spacer\"><\/div>\n\n\n\n<p><strong>sunnuntai<\/strong><br>Kierros kulkee l\u00e4nteen peltojen ja metsien halki. Suurin osa siit\u00e4 on soratiet\u00e4, mutta siell\u00e4 on my\u00f6s mukavia polkuja. <\/p>\n<\/div>\n\n\n\n<div class=\"wp-block-column is-layout-flow wp-block-column-is-layout-flow\">\n<figure class=\"wp-block-image size-full\"><img loading=\"lazy\" decoding=\"async\" width=\"2048\" height=\"1536\" src=\"https:\/\/inzain.bike\/wp-content\/uploads\/2025\/03\/440840536_1030803585079291_8100511238053424564_n.jpg\" alt=\"\" class=\"wp-image-7861\" srcset=\"https:\/\/inzain.bike\/wp-content\/uploads\/2025\/03\/440840536_1030803585079291_8100511238053424564_n.jpg 2048w, https:\/\/inzain.bike\/wp-content\/uploads\/2025\/03\/440840536_1030803585079291_8100511238053424564_n-300x225.jpg 300w, https:\/\/inzain.bike\/wp-content\/uploads\/2025\/03\/440840536_1030803585079291_8100511238053424564_n-1024x768.jpg 1024w, https:\/\/inzain.bike\/wp-content\/uploads\/2025\/03\/440840536_1030803585079291_8100511238053424564_n-768x576.jpg 768w, https:\/\/inzain.bike\/wp-content\/uploads\/2025\/03\/440840536_1030803585079291_8100511238053424564_n-1536x1152.jpg 1536w, https:\/\/inzain.bike\/wp-content\/uploads\/2025\/03\/440840536_1030803585079291_8100511238053424564_n-16x12.jpg 16w, https:\/\/inzain.bike\/wp-content\/uploads\/2025\/03\/440840536_1030803585079291_8100511238053424564_n-1320x990.jpg 1320w, https:\/\/inzain.bike\/wp-content\/uploads\/2025\/03\/440840536_1030803585079291_8100511238053424564_n-600x450.jpg 600w\" sizes=\"auto, (max-width: 2048px) 100vw, 2048px\" \/><\/figure>\n<\/div>\n<\/div>","protected":false},"excerpt":{"rendered":"<p>V\u00e4lkommen till INZAIN Gravel Camp i S\u00f6rmland. Det \u00e4r fj\u00e4rde g\u00e5ngen vi k\u00f6r ett camp, h\u00e4r i Sveriges grusmecka. Denna g\u00e5ng l\u00e4gger vi oss mitt i gr\u00e4ddfilen och bor och utg\u00e5r fr\u00e5n Eskilstuna. V\u00e5ra gravelcamp \u00e4r till f\u00f6r alla, vill du cykla snabbt, ta det lugnt eller mixa? Det g\u00e5r utm\u00e4rkt. Det kommer finnas rutter [&hellip;]<\/p>\n","protected":false},"author":135133094,"featured_media":0,"parent":0,"menu_order":0,"comment_status":"closed","ping_status":"closed","template":"","meta":{"_coblocks_attr":"Roboto,Roboto","_coblocks_dimensions":"","_coblocks_responsive_height":"","_coblocks_accordion_ie_support":"","footnotes":""},"class_list":["post-5808","page","type-page","status-publish","hentry"],"yoast_head":"<!-- This site is optimized with the Yoast SEO plugin v27.2 - https:\/\/yoast.com\/product\/yoast-seo-wordpress\/ -->\n<title>S\u00f6rmland Cykling - INZAIN Cycling EXPERIENCES<\/title>\n<meta name=\"robots\" content=\"index, follow, max-snippet:-1, max-image-preview:large, max-video-preview:-1\" \/>\n<link rel=\"canonical\" href=\"https:\/\/inzain.bike\/fi\/sor25-cykling\/\" \/>\n<meta property=\"og:locale\" content=\"fi_FI\" \/>\n<meta property=\"og:type\" content=\"article\" \/>\n<meta property=\"og:title\" content=\"S\u00f6rmland Cykling - INZAIN Cycling EXPERIENCES\" \/>\n<meta property=\"og:description\" content=\"V\u00e4lkommen till INZAIN Gravel Camp i S\u00f6rmland. Det \u00e4r fj\u00e4rde g\u00e5ngen vi k\u00f6r ett camp, h\u00e4r i Sveriges grusmecka. Denna g\u00e5ng l\u00e4gger vi oss mitt i gr\u00e4ddfilen och bor och utg\u00e5r fr\u00e5n Eskilstuna. V\u00e5ra gravelcamp \u00e4r till f\u00f6r alla, vill du cykla snabbt, ta det lugnt eller mixa? Det g\u00e5r utm\u00e4rkt. Det kommer finnas rutter [&hellip;]\" \/>\n<meta property=\"og:url\" content=\"https:\/\/inzain.bike\/fi\/sor25-cykling\/\" \/>\n<meta property=\"og:site_name\" content=\"INZAIN Cycling EXPERIENCES\" \/>\n<meta property=\"article:publisher\" content=\"https:\/\/www.facebook.com\/Inzain.bike\" \/>\n<meta property=\"article:modified_time\" content=\"2025-03-17T15:13:49+00:00\" \/>\n<meta property=\"og:image\" content=\"https:\/\/inzain.bike\/wp-content\/uploads\/2023\/11\/20220522_141723-990x1024.jpg\" \/>\n<meta name=\"twitter:card\" content=\"summary_large_image\" \/>\n<meta name=\"twitter:label1\" content=\"Arvioitu lukuaika\" \/>\n\t<meta name=\"twitter:data1\" content=\"3 minuuttia\" \/>\n<script type=\"application\/ld+json\" class=\"yoast-schema-graph\">{\"@context\":\"https:\/\/schema.org\",\"@graph\":[{\"@type\":\"WebPage\",\"@id\":\"https:\/\/inzain.bike\/en\/sor25-cykling\/\",\"url\":\"https:\/\/inzain.bike\/en\/sor25-cykling\/\",\"name\":\"S\u00f6rmland Cykling - INZAIN Cycling EXPERIENCES\",\"isPartOf\":{\"@id\":\"https:\/\/inzain.bike\/fr_be\/#website\"},\"primaryImageOfPage\":{\"@id\":\"https:\/\/inzain.bike\/en\/sor25-cykling\/#primaryimage\"},\"image\":{\"@id\":\"https:\/\/inzain.bike\/en\/sor25-cykling\/#primaryimage\"},\"thumbnailUrl\":\"https:\/\/inzain.bike\/wp-content\/uploads\/2023\/11\/20220522_141723-990x1024.jpg\",\"datePublished\":\"2023-11-22T18:14:43+00:00\",\"dateModified\":\"2025-03-17T15:13:49+00:00\",\"breadcrumb\":{\"@id\":\"https:\/\/inzain.bike\/en\/sor25-cykling\/#breadcrumb\"},\"inLanguage\":\"fi\",\"potentialAction\":[{\"@type\":\"ReadAction\",\"target\":[\"https:\/\/inzain.bike\/en\/sor25-cykling\/\"]}]},{\"@type\":\"ImageObject\",\"inLanguage\":\"fi\",\"@id\":\"https:\/\/inzain.bike\/en\/sor25-cykling\/#primaryimage\",\"url\":\"https:\/\/inzain.bike\/wp-content\/uploads\/2023\/11\/20220522_141723-990x1024.jpg\",\"contentUrl\":\"https:\/\/inzain.bike\/wp-content\/uploads\/2023\/11\/20220522_141723-990x1024.jpg\"},{\"@type\":\"BreadcrumbList\",\"@id\":\"https:\/\/inzain.bike\/en\/sor25-cykling\/#breadcrumb\",\"itemListElement\":[{\"@type\":\"ListItem\",\"position\":1,\"name\":\"Hem\",\"item\":\"https:\/\/inzain.bike\/fr_be\/\"},{\"@type\":\"ListItem\",\"position\":2,\"name\":\"S\u00f6rmland Cykling\"}]},{\"@type\":\"WebSite\",\"@id\":\"https:\/\/inzain.bike\/fr_be\/#website\",\"url\":\"https:\/\/inzain.bike\/fr_be\/\",\"name\":\"INZAIN Cycling EXPERIENCES\",\"description\":\"Cyckling Adventures  - for everyone\",\"publisher\":{\"@id\":\"https:\/\/inzain.bike\/fr_be\/#organization\"},\"alternateName\":\"INZAIN Gravel & Travel\",\"potentialAction\":[{\"@type\":\"SearchAction\",\"target\":{\"@type\":\"EntryPoint\",\"urlTemplate\":\"https:\/\/inzain.bike\/fr_be\/?s={search_term_string}\"},\"query-input\":{\"@type\":\"PropertyValueSpecification\",\"valueRequired\":true,\"valueName\":\"search_term_string\"}}],\"inLanguage\":\"fi\"},{\"@type\":\"Organization\",\"@id\":\"https:\/\/inzain.bike\/fr_be\/#organization\",\"name\":\"INZAIN Cycling EXPERIENCES\",\"url\":\"https:\/\/inzain.bike\/fr_be\/\",\"logo\":{\"@type\":\"ImageObject\",\"inLanguage\":\"fi\",\"@id\":\"https:\/\/inzain.bike\/fr_be\/#\/schema\/logo\/image\/\",\"url\":\"https:\/\/i0.wp.com\/inzain.bike\/wp-content\/uploads\/2023\/09\/cropped-INZAIN_512x512_white.png?fit=512%2C512&ssl=1\",\"contentUrl\":\"https:\/\/i0.wp.com\/inzain.bike\/wp-content\/uploads\/2023\/09\/cropped-INZAIN_512x512_white.png?fit=512%2C512&ssl=1\",\"width\":512,\"height\":512,\"caption\":\"INZAIN Cycling EXPERIENCES\"},\"image\":{\"@id\":\"https:\/\/inzain.bike\/fr_be\/#\/schema\/logo\/image\/\"},\"sameAs\":[\"https:\/\/www.facebook.com\/Inzain.bike\",\"https:\/\/www.instagram.com\/inzainbike\"]}]}<\/script>\n<!-- \/ Yoast SEO plugin. -->","yoast_head_json":{"title":"S\u00f6rmlandin py\u00f6r\u00e4ily - INZAIN-py\u00f6r\u00e4ilykokemukset","robots":{"index":"index","follow":"follow","max-snippet":"max-snippet:-1","max-image-preview":"max-image-preview:large","max-video-preview":"max-video-preview:-1"},"canonical":"https:\/\/inzain.bike\/fi\/sor25-cykling\/","og_locale":"fi_FI","og_type":"article","og_title":"S\u00f6rmland Cykling - INZAIN Cycling EXPERIENCES","og_description":"V\u00e4lkommen till INZAIN Gravel Camp i S\u00f6rmland. Det \u00e4r fj\u00e4rde g\u00e5ngen vi k\u00f6r ett camp, h\u00e4r i Sveriges grusmecka. Denna g\u00e5ng l\u00e4gger vi oss mitt i gr\u00e4ddfilen och bor och utg\u00e5r fr\u00e5n Eskilstuna. V\u00e5ra gravelcamp \u00e4r till f\u00f6r alla, vill du cykla snabbt, ta det lugnt eller mixa? Det g\u00e5r utm\u00e4rkt. Det kommer finnas rutter [&hellip;]","og_url":"https:\/\/inzain.bike\/fi\/sor25-cykling\/","og_site_name":"INZAIN Cycling EXPERIENCES","article_publisher":"https:\/\/www.facebook.com\/Inzain.bike","article_modified_time":"2025-03-17T15:13:49+00:00","og_image":[{"url":"https:\/\/inzain.bike\/wp-content\/uploads\/2023\/11\/20220522_141723-990x1024.jpg","type":"","width":"","height":""}],"twitter_card":"summary_large_image","twitter_misc":{"Arvioitu lukuaika":"3 minuuttia"},"schema":{"@context":"https:\/\/schema.org","@graph":[{"@type":"WebPage","@id":"https:\/\/inzain.bike\/en\/sor25-cykling\/","url":"https:\/\/inzain.bike\/en\/sor25-cykling\/","name":"S\u00f6rmlandin py\u00f6r\u00e4ily - INZAIN-py\u00f6r\u00e4ilykokemukset","isPartOf":{"@id":"https:\/\/inzain.bike\/fr_be\/#website"},"primaryImageOfPage":{"@id":"https:\/\/inzain.bike\/en\/sor25-cykling\/#primaryimage"},"image":{"@id":"https:\/\/inzain.bike\/en\/sor25-cykling\/#primaryimage"},"thumbnailUrl":"https:\/\/inzain.bike\/wp-content\/uploads\/2023\/11\/20220522_141723-990x1024.jpg","datePublished":"2023-11-22T18:14:43+00:00","dateModified":"2025-03-17T15:13:49+00:00","breadcrumb":{"@id":"https:\/\/inzain.bike\/en\/sor25-cykling\/#breadcrumb"},"inLanguage":"fi","potentialAction":[{"@type":"ReadAction","target":["https:\/\/inzain.bike\/en\/sor25-cykling\/"]}]},{"@type":"ImageObject","inLanguage":"fi","@id":"https:\/\/inzain.bike\/en\/sor25-cykling\/#primaryimage","url":"https:\/\/inzain.bike\/wp-content\/uploads\/2023\/11\/20220522_141723-990x1024.jpg","contentUrl":"https:\/\/inzain.bike\/wp-content\/uploads\/2023\/11\/20220522_141723-990x1024.jpg"},{"@type":"BreadcrumbList","@id":"https:\/\/inzain.bike\/en\/sor25-cykling\/#breadcrumb","itemListElement":[{"@type":"ListItem","position":1,"name":"Hem","item":"https:\/\/inzain.bike\/fr_be\/"},{"@type":"ListItem","position":2,"name":"S\u00f6rmland Cykling"}]},{"@type":"WebSite","@id":"https:\/\/inzain.bike\/fr_be\/#website","url":"https:\/\/inzain.bike\/fr_be\/","name":"INZAIN Py\u00f6r\u00e4ily-KOKEMUKSIA","description":"Py\u00f6r\u00e4ilyseikkailut - kaikille","publisher":{"@id":"https:\/\/inzain.bike\/fr_be\/#organization"},"alternateName":"INZAIN Gravel & Travel","potentialAction":[{"@type":"SearchAction","target":{"@type":"EntryPoint","urlTemplate":"https:\/\/inzain.bike\/fr_be\/?s={search_term_string}"},"query-input":{"@type":"PropertyValueSpecification","valueRequired":true,"valueName":"search_term_string"}}],"inLanguage":"fi"},{"@type":"Organization","@id":"https:\/\/inzain.bike\/fr_be\/#organization","name":"INZAIN Py\u00f6r\u00e4ily-KOKEMUKSIA","url":"https:\/\/inzain.bike\/fr_be\/","logo":{"@type":"ImageObject","inLanguage":"fi","@id":"https:\/\/inzain.bike\/fr_be\/#\/schema\/logo\/image\/","url":"https:\/\/i0.wp.com\/inzain.bike\/wp-content\/uploads\/2023\/09\/cropped-INZAIN_512x512_white.png?fit=512%2C512&ssl=1","contentUrl":"https:\/\/i0.wp.com\/inzain.bike\/wp-content\/uploads\/2023\/09\/cropped-INZAIN_512x512_white.png?fit=512%2C512&ssl=1","width":512,"height":512,"caption":"INZAIN Cycling EXPERIENCES"},"image":{"@id":"https:\/\/inzain.bike\/fr_be\/#\/schema\/logo\/image\/"},"sameAs":["https:\/\/www.facebook.com\/Inzain.bike","https:\/\/www.instagram.com\/inzainbike"]}]}},"amp_enabled":true,"_links":{"self":[{"href":"https:\/\/inzain.bike\/fi\/wp-json\/wp\/v2\/pages\/5808","targetHints":{"allow":["GET"]}}],"collection":[{"href":"https:\/\/inzain.bike\/fi\/wp-json\/wp\/v2\/pages"}],"about":[{"href":"https:\/\/inzain.bike\/fi\/wp-json\/wp\/v2\/types\/page"}],"author":[{"embeddable":true,"href":"https:\/\/inzain.bike\/fi\/wp-json\/wp\/v2\/users\/135133094"}],"replies":[{"embeddable":true,"href":"https:\/\/inzain.bike\/fi\/wp-json\/wp\/v2\/comments?post=5808"}],"version-history":[{"count":3,"href":"https:\/\/inzain.bike\/fi\/wp-json\/wp\/v2\/pages\/5808\/revisions"}],"predecessor-version":[{"id":7864,"href":"https:\/\/inzain.bike\/fi\/wp-json\/wp\/v2\/pages\/5808\/revisions\/7864"}],"wp:attachment":[{"href":"https:\/\/inzain.bike\/fi\/wp-json\/wp\/v2\/media?parent=5808"}],"curies":[{"name":"wp","href":"https:\/\/api.w.org\/{rel}","templated":true}]}}