{"id":6172,"date":"2023-11-25T20:33:28","date_gmt":"2023-11-25T19:33:28","guid":{"rendered":"https:\/\/inzain.bike\/?page_id=6172"},"modified":"2024-01-08T10:51:51","modified_gmt":"2024-01-08T09:51:51","slug":"jap24-cykling","status":"publish","type":"page","link":"https:\/\/inzain.bike\/fi\/jap24-cykling\/","title":{"rendered":"Japani Py\u00f6r\u00e4ily"},"content":{"rendered":"<div class=\"wp-block-columns alignwide is-layout-flex wp-container-core-columns-is-layout-28f84493 wp-block-columns-is-layout-flex\">\n<div class=\"wp-block-column is-layout-flow wp-block-column-is-layout-flow\">\n<p class=\"has-roboto-font-family has-custom-font\" style=\"font-family:Roboto\">Japanissa kaikki on yst\u00e4v\u00e4llist\u00e4 ja n\u00f6yr\u00e4\u00e4, my\u00f6s py\u00f6r\u00e4ily. Siksi pysymme usein alle 10 mailia p\u00e4iv\u00e4ss\u00e4 ja noin 1000 metrin korkeudessa. Nikkon pohjoispuolella oleva alue on aivan upea ja siell\u00e4 oleva kansallispuisto on tietysti Unescon listalla. Py\u00f6r\u00e4ilemme ymp\u00e4rist\u00f6ss\u00e4, jota ymp\u00e4r\u00f6iv\u00e4t vesiputoukset, j\u00e4rvet, vuoristokyl\u00e4t, temppelit ja luostarit. Kuvailemaan t\u00e4t\u00e4 aluetta yksinkertaisimmalla tavalla, se on itse asiassa kuin kohtaus Taru sormusten herrasta ja sitten tietysti Lorienista, haltioiden kodista.<\/p>\n\n\n\n<p class=\"has-roboto-font-family has-custom-font\" style=\"font-family:Roboto\">Kuljemme teill\u00e4, joilla on hyvin v\u00e4h\u00e4n liikennett\u00e4. Ja kun tapaamme autoja, ne ovat hyvin huomaavaisia. Suurin osa p\u00e4ivist\u00e4 p\u00e4\u00e4ttyy upeaan kylpyyn yhdess\u00e4 alueen monista kuumista l\u00e4hteist\u00e4 \/ Onsenista. <\/p>\n<\/div>\n<\/div>\n\n\n\n<p class=\"has-text-align-left has-roboto-font-family has-custom-font has-custom-weight\" style=\"font-family:Roboto;font-weight:bold;font-size:30px\">Ajoittaa<\/p>\n\n\n\n<div class=\"wp-block-columns alignwide is-layout-flex wp-container-core-columns-is-layout-28f84493 wp-block-columns-is-layout-flex\">\n<div class=\"wp-block-column is-layout-flow wp-block-column-is-layout-flow\">\n<figure class=\"wp-block-image size-full\"><img decoding=\"async\" src=\"https:\/\/inzain.bike\/wp-content\/uploads\/2024\/01\/pexels-axp-photography-18848782.jpg\" alt=\"\" class=\"wp-image-6585\"\/><\/figure>\n<\/div>\n\n\n\n<div class=\"wp-block-column is-layout-flow wp-block-column-is-layout-flow\">\n<p><strong>P\u00e4iv\u00e4 yksi <\/strong><\/p>\n\n\n\n<p>Varhaisen bussilla l\u00e4htemisen j\u00e4lkeen Tokion hotellistamme p\u00e4\u00e4semme matkan alkuun, Nikkoon. Ennen kuin rullaamme kohti Chuzenji-j\u00e4rve\u00e4, vierailemme tietysti yhdess\u00e4 Nikkon monista temppeleist\u00e4. T\u00e4m\u00e4 p\u00e4iv\u00e4 on hieman rauhallisempi, kun ohjelmassa on noin 5 mailia.<\/p>\n<\/div>\n<\/div>\n\n\n\n<div class=\"wp-block-columns alignwide is-layout-flex wp-container-core-columns-is-layout-28f84493 wp-block-columns-is-layout-flex\">\n<div class=\"wp-block-column is-layout-flow wp-block-column-is-layout-flow\">\n<p><strong>P\u00e4iv\u00e4 kaksi <\/strong><\/p>\n\n\n\n<p>Ihanan aamiaisen j\u00e4lkeen Chuzenji-j\u00e4rven rannalla, jota kutsutaan my\u00f6s onnenj\u00e4rveksi, suuntaamme it\u00e4\u00e4n kohti Kawaita, jossa y\u00f6vymme Ichityukakussa ja nautimme heid\u00e4n ihanista Onsen-kylpyist\u00e4\u00e4n.<\/p>\n<\/div>\n\n\n\n<div class=\"wp-block-column is-layout-flow wp-block-column-is-layout-flow\">\n<figure class=\"wp-block-image size-full\"><img decoding=\"async\" src=\"https:\/\/inzain.bike\/wp-content\/uploads\/2024\/01\/pexels-ryutaro-tsukata-6249515.jpg\" alt=\"\" class=\"wp-image-6587\"\/><\/figure>\n<\/div>\n<\/div>\n\n\n\n<div class=\"wp-block-columns alignwide is-layout-flex wp-container-core-columns-is-layout-28f84493 wp-block-columns-is-layout-flex\">\n<div class=\"wp-block-column is-layout-flow wp-block-column-is-layout-flow\">\n<figure class=\"wp-block-image size-full is-resized\"><img decoding=\"async\" src=\"https:\/\/inzain.bike\/wp-content\/uploads\/2024\/01\/pexels-satoshi-hirayama-1876568.jpg\" alt=\"\" class=\"wp-image-6588\" style=\"width:350px;height:auto\"\/><\/figure>\n<\/div>\n\n\n\n<div class=\"wp-block-column is-layout-flow wp-block-column-is-layout-flow\">\n<p><strong>Kolmas p\u00e4iv\u00e4 <\/strong><\/p>\n\n\n\n<p>Kahden hieman rauhallisemman p\u00e4iv\u00e4n j\u00e4lkeen suuntaamme nyt suoraan it\u00e4\u00e4n kohti Kitakataa. Kaupunki ja alue tunnetaan Sake-tuotannostaan. Jos emme ole kokeilleet sit\u00e4 aikaisemmin, se on varmasti monille meist\u00e4 kohdekuva. T\u00e4n\u00e4\u00e4n hieman pidempi py\u00f6r\u00e4ily, 9 mailia ja 800 metri\u00e4 korkeutta.<\/p>\n<\/div>\n<\/div>\n\n\n\n<div class=\"wp-block-columns alignwide is-layout-flex wp-container-core-columns-is-layout-28f84493 wp-block-columns-is-layout-flex\">\n<div class=\"wp-block-column is-layout-flow wp-block-column-is-layout-flow\">\n<p><strong>P\u00e4iv\u00e4 nelj\u00e4 <\/strong><\/p>\n\n\n\n<p>T\u00e4n\u00e4 aamuna aloitamme hieman aikaisemmin. Kohteemme on Nagain kaupunki, joka on melkein 12 mailia pohjoiseen. T\u00e4n\u00e4\u00e4n siis v\u00e4h\u00e4n tiukempaa py\u00f6r\u00e4ily\u00e4, sill\u00e4 upeat vuorenrinteet ovat vienyt meid\u00e4t yl\u00f6s ja alas t\u00e4n\u00e4\u00e4n yhteens\u00e4 l\u00e4hes 1800 metri\u00e4. Kuuma l\u00e4hde ja kylm\u00e4 paikallinen olut odottavat!!<\/p>\n<\/div>\n\n\n\n<div class=\"wp-block-column is-layout-flow wp-block-column-is-layout-flow\">\n<figure class=\"wp-block-image size-full\"><img decoding=\"async\" src=\"https:\/\/inzain.bike\/wp-content\/uploads\/2024\/01\/pexels-rajesh-tp-2098085.jpg\" alt=\"\" class=\"wp-image-6589\"\/><\/figure>\n<\/div>\n<\/div>\n\n\n\n<div class=\"wp-block-columns alignwide is-layout-flex wp-container-core-columns-is-layout-28f84493 wp-block-columns-is-layout-flex\">\n<div class=\"wp-block-column is-layout-flow wp-block-column-is-layout-flow\">\n<figure class=\"wp-block-image size-full\"><img decoding=\"async\" src=\"https:\/\/inzain.bike\/wp-content\/uploads\/2024\/01\/pexels-arthouse-studio-4534200.jpg\" alt=\"\" class=\"wp-image-6590\"\/><\/figure>\n<\/div>\n\n\n\n<div class=\"wp-block-column is-layout-flow wp-block-column-is-layout-flow\">\n<p><strong>P\u00e4iv\u00e4 viisi <\/strong><\/p>\n\n\n\n<p>T\u00e4n\u00e4\u00e4n v\u00e4h\u00e4n rauhallisempaa eilisen kotiutuksen j\u00e4lkeen. Nyky\u00e4\u00e4n se on alle 10 mailia ja tuskin 600 metri\u00e4 korkea. Siit\u00e4 huolimatta on ihanan kaunista l\u00e4hte\u00e4 liikkeelle t\u00e4ll\u00e4 tasangolla ja sitten vied\u00e4 meid\u00e4t alas kohti Shinjoa. <\/p>\n<\/div>\n<\/div>\n\n\n\n<div class=\"wp-block-columns alignwide is-layout-flex wp-container-core-columns-is-layout-28f84493 wp-block-columns-is-layout-flex\">\n<div class=\"wp-block-column is-layout-flow wp-block-column-is-layout-flow\">\n<p><strong>Kuudes p\u00e4iv\u00e4 <\/strong><\/p>\n\n\n\n<p>T\u00e4n\u00e4\u00e4n hieman kovempaa py\u00f6r\u00e4ily\u00e4, kun suuntaamme suoraan it\u00e4\u00e4n kohti Ichinoseke\u00e4. 11 mailia ja l\u00e4hes 1200 metri\u00e4 merenpinnasta. Mutta siihen menness\u00e4 olemme t\u00e4ysin tottuneet ja vain &quot;olemisen&quot; ihmeellisyyteen. Ja sy\u00f6d\u00e4, ratsastaa ja nukkua.<\/p>\n<\/div>\n\n\n\n<div class=\"wp-block-column is-layout-flow wp-block-column-is-layout-flow\">\n<figure class=\"wp-block-image size-full\"><img decoding=\"async\" src=\"https:\/\/inzain.bike\/wp-content\/uploads\/2024\/01\/pexels-aleksandar-pasaric-2339009.jpg\" alt=\"\" class=\"wp-image-6591\"\/><\/figure>\n<\/div>\n<\/div>\n\n\n\n<div class=\"wp-block-columns is-layout-flex wp-container-core-columns-is-layout-28f84493 wp-block-columns-is-layout-flex\">\n<div class=\"wp-block-column is-layout-flow wp-block-column-is-layout-flow\" style=\"flex-basis:100%\">\n<p><br><\/p>\n\n\n\n<div class=\"wp-block-columns alignwide is-layout-flex wp-container-core-columns-is-layout-28f84493 wp-block-columns-is-layout-flex\">\n<div class=\"wp-block-column is-layout-flow wp-block-column-is-layout-flow\">\n<figure class=\"wp-block-image size-full\"><img decoding=\"async\" src=\"https:\/\/inzain.bike\/wp-content\/uploads\/2024\/01\/pexels-enric-cruz-lopez-9989617.jpg\" alt=\"\" class=\"wp-image-6592\"\/><\/figure>\n<\/div>\n\n\n\n<div class=\"wp-block-column is-layout-flow wp-block-column-is-layout-flow\">\n<p><strong>P\u00e4iv\u00e4 <\/strong>Seitsem\u00e4n<\/p>\n\n\n\n<p>Melko pitk\u00e4 py\u00f6r\u00e4ily t\u00e4n\u00e4\u00e4n. 9 mailia ja 1100 metri\u00e4 merenpinnasta. P\u00e4iv\u00e4n kohde on Nishiwagan kaupunki. Ja ihanan kaunis Kinshu-j\u00e4rvi. T\u00e4m\u00e4 on viimeinen py\u00f6r\u00e4ilyp\u00e4iv\u00e4 aamusta iltaan.  <\/p>\n<\/div>\n<\/div>\n<\/div>\n<\/div>\n\n\n\n<div class=\"wp-block-columns alignwide is-layout-flex wp-container-core-columns-is-layout-28f84493 wp-block-columns-is-layout-flex\">\n<div class=\"wp-block-column is-layout-flow wp-block-column-is-layout-flow\">\n<p><strong>P\u00e4iv\u00e4 <\/strong>Kahdeksan<\/p>\n\n\n\n<p>Kohtuullisen aikainen l\u00e4ht\u00f6 Nishiwagasta. T\u00e4n\u00e4\u00e4n py\u00f6r\u00e4ilemme vain puoli p\u00e4iv\u00e4\u00e4. Kohteemme on Morikan kaupunki, jossa meit\u00e4 odottaa luotijunamme \/ Shinkansen, joka vie meid\u00e4t takaisin Tokioon. Jos olemme onnekkaita, meill\u00e4 jokaisella on aikaa sy\u00f6d\u00e4 Morioka Reimeni\u00e4, joka on kuuluisa nuudelikeitto, josta kaupunki on tunnettu. <\/p>\n\n\n\n<div class=\"wp-block-columns is-layout-flex wp-container-core-columns-is-layout-28f84493 wp-block-columns-is-layout-flex\">\n<div class=\"wp-block-column is-layout-flow wp-block-column-is-layout-flow\" style=\"flex-basis:100%\">\n<p><br><\/p>\n\n\n\n<div class=\"wp-block-columns alignwide is-layout-flex wp-container-core-columns-is-layout-28f84493 wp-block-columns-is-layout-flex\"><\/div>\n<\/div>\n<\/div>\n<\/div>\n\n\n\n<div class=\"wp-block-column is-layout-flow wp-block-column-is-layout-flow\">\n<figure class=\"wp-block-image size-full\"><img decoding=\"async\" src=\"https:\/\/inzain.bike\/wp-content\/uploads\/2024\/01\/pexels-justin-brinkhoff-5194487.jpg\" alt=\"\" class=\"wp-image-6593\"\/><\/figure>\n<\/div>\n<\/div>","protected":false},"excerpt":{"rendered":"<p>I Japan \u00e4r allt sn\u00e4llt och \u00f6dmjukt s\u00e5 \u00e4ven cyklingen. Vi h\u00e5ller oss d\u00e4rf\u00f6r ofta under 10 mil om dagen och runt 1.000 h\u00f6jdmeter. Omr\u00e5det norr om Nikko \u00e4r helt fantastiskt och nationalparken d\u00e4r \u00e4r sj\u00e4lvklart med p\u00e5 UNESCOS lista. Vi kommer att cykla i en milj\u00f6 som \u00e4r omgiven av vattenfall, sj\u00f6ar, bergsbyar, tempel [&hellip;]<\/p>\n","protected":false},"author":135133094,"featured_media":0,"parent":0,"menu_order":0,"comment_status":"closed","ping_status":"closed","template":"","meta":{"_coblocks_attr":"","_coblocks_dimensions":"","_coblocks_responsive_height":"","_coblocks_accordion_ie_support":"","footnotes":""},"class_list":["post-6172","page","type-page","status-publish","hentry"],"yoast_head":"<!-- This site is optimized with the Yoast SEO plugin v27.2 - https:\/\/yoast.com\/product\/yoast-seo-wordpress\/ -->\n<title>Japan Cykling - INZAIN Cycling EXPERIENCES<\/title>\n<meta name=\"robots\" content=\"index, follow, max-snippet:-1, max-image-preview:large, max-video-preview:-1\" \/>\n<link rel=\"canonical\" href=\"https:\/\/inzain.bike\/fi\/jap24-cykling\/\" \/>\n<meta property=\"og:locale\" content=\"fi_FI\" \/>\n<meta property=\"og:type\" content=\"article\" \/>\n<meta property=\"og:title\" content=\"Japan Cykling - INZAIN Cycling EXPERIENCES\" \/>\n<meta property=\"og:description\" content=\"I Japan \u00e4r allt sn\u00e4llt och \u00f6dmjukt s\u00e5 \u00e4ven cyklingen. Vi h\u00e5ller oss d\u00e4rf\u00f6r ofta under 10 mil om dagen och runt 1.000 h\u00f6jdmeter. Omr\u00e5det norr om Nikko \u00e4r helt fantastiskt och nationalparken d\u00e4r \u00e4r sj\u00e4lvklart med p\u00e5 UNESCOS lista. Vi kommer att cykla i en milj\u00f6 som \u00e4r omgiven av vattenfall, sj\u00f6ar, bergsbyar, tempel [&hellip;]\" \/>\n<meta property=\"og:url\" content=\"https:\/\/inzain.bike\/fi\/jap24-cykling\/\" \/>\n<meta property=\"og:site_name\" content=\"INZAIN Cycling EXPERIENCES\" \/>\n<meta property=\"article:publisher\" content=\"https:\/\/www.facebook.com\/Inzain.bike\" \/>\n<meta property=\"article:modified_time\" content=\"2024-01-08T09:51:51+00:00\" \/>\n<meta property=\"og:image\" content=\"https:\/\/inzain.bike\/wp-content\/uploads\/2024\/01\/pexels-axp-photography-18848782.jpg\" \/>\n<meta name=\"twitter:card\" content=\"summary_large_image\" \/>\n<meta name=\"twitter:label1\" content=\"Arvioitu lukuaika\" \/>\n\t<meta name=\"twitter:data1\" content=\"4 minuuttia\" \/>\n<script type=\"application\/ld+json\" class=\"yoast-schema-graph\">{\"@context\":\"https:\/\/schema.org\",\"@graph\":[{\"@type\":\"WebPage\",\"@id\":\"https:\/\/inzain.bike\/en_gb\/jap24-cykling\/\",\"url\":\"https:\/\/inzain.bike\/en_gb\/jap24-cykling\/\",\"name\":\"Japan Cykling - INZAIN Cycling EXPERIENCES\",\"isPartOf\":{\"@id\":\"https:\/\/inzain.bike\/fr_be\/#website\"},\"primaryImageOfPage\":{\"@id\":\"https:\/\/inzain.bike\/en_gb\/jap24-cykling\/#primaryimage\"},\"image\":{\"@id\":\"https:\/\/inzain.bike\/en_gb\/jap24-cykling\/#primaryimage\"},\"thumbnailUrl\":\"https:\/\/inzain.bike\/wp-content\/uploads\/2024\/01\/pexels-axp-photography-18848782.jpg\",\"datePublished\":\"2023-11-25T19:33:28+00:00\",\"dateModified\":\"2024-01-08T09:51:51+00:00\",\"breadcrumb\":{\"@id\":\"https:\/\/inzain.bike\/en_gb\/jap24-cykling\/#breadcrumb\"},\"inLanguage\":\"fi\",\"potentialAction\":[{\"@type\":\"ReadAction\",\"target\":[\"https:\/\/inzain.bike\/en_gb\/jap24-cykling\/\"]}]},{\"@type\":\"ImageObject\",\"inLanguage\":\"fi\",\"@id\":\"https:\/\/inzain.bike\/en_gb\/jap24-cykling\/#primaryimage\",\"url\":\"https:\/\/inzain.bike\/wp-content\/uploads\/2024\/01\/pexels-axp-photography-18848782.jpg\",\"contentUrl\":\"https:\/\/inzain.bike\/wp-content\/uploads\/2024\/01\/pexels-axp-photography-18848782.jpg\"},{\"@type\":\"BreadcrumbList\",\"@id\":\"https:\/\/inzain.bike\/en_gb\/jap24-cykling\/#breadcrumb\",\"itemListElement\":[{\"@type\":\"ListItem\",\"position\":1,\"name\":\"Hem\",\"item\":\"https:\/\/inzain.bike\/fr_be\/\"},{\"@type\":\"ListItem\",\"position\":2,\"name\":\"Japan Cykling\"}]},{\"@type\":\"WebSite\",\"@id\":\"https:\/\/inzain.bike\/fr_be\/#website\",\"url\":\"https:\/\/inzain.bike\/fr_be\/\",\"name\":\"INZAIN Cycling EXPERIENCES\",\"description\":\"Cyckling Adventures  - for everyone\",\"publisher\":{\"@id\":\"https:\/\/inzain.bike\/fr_be\/#organization\"},\"alternateName\":\"INZAIN Gravel & Travel\",\"potentialAction\":[{\"@type\":\"SearchAction\",\"target\":{\"@type\":\"EntryPoint\",\"urlTemplate\":\"https:\/\/inzain.bike\/fr_be\/?s={search_term_string}\"},\"query-input\":{\"@type\":\"PropertyValueSpecification\",\"valueRequired\":true,\"valueName\":\"search_term_string\"}}],\"inLanguage\":\"fi\"},{\"@type\":\"Organization\",\"@id\":\"https:\/\/inzain.bike\/fr_be\/#organization\",\"name\":\"INZAIN Cycling EXPERIENCES\",\"url\":\"https:\/\/inzain.bike\/fr_be\/\",\"logo\":{\"@type\":\"ImageObject\",\"inLanguage\":\"fi\",\"@id\":\"https:\/\/inzain.bike\/fr_be\/#\/schema\/logo\/image\/\",\"url\":\"https:\/\/i0.wp.com\/inzain.bike\/wp-content\/uploads\/2023\/09\/cropped-INZAIN_512x512_white.png?fit=512%2C512&ssl=1\",\"contentUrl\":\"https:\/\/i0.wp.com\/inzain.bike\/wp-content\/uploads\/2023\/09\/cropped-INZAIN_512x512_white.png?fit=512%2C512&ssl=1\",\"width\":512,\"height\":512,\"caption\":\"INZAIN Cycling EXPERIENCES\"},\"image\":{\"@id\":\"https:\/\/inzain.bike\/fr_be\/#\/schema\/logo\/image\/\"},\"sameAs\":[\"https:\/\/www.facebook.com\/Inzain.bike\",\"https:\/\/www.instagram.com\/inzainbike\"]}]}<\/script>\n<!-- \/ Yoast SEO plugin. -->","yoast_head_json":{"title":"Japanin py\u00f6r\u00e4ily - INZAIN-py\u00f6r\u00e4ilykokemuksia","robots":{"index":"index","follow":"follow","max-snippet":"max-snippet:-1","max-image-preview":"max-image-preview:large","max-video-preview":"max-video-preview:-1"},"canonical":"https:\/\/inzain.bike\/fi\/jap24-cykling\/","og_locale":"fi_FI","og_type":"article","og_title":"Japan Cykling - INZAIN Cycling EXPERIENCES","og_description":"I Japan \u00e4r allt sn\u00e4llt och \u00f6dmjukt s\u00e5 \u00e4ven cyklingen. Vi h\u00e5ller oss d\u00e4rf\u00f6r ofta under 10 mil om dagen och runt 1.000 h\u00f6jdmeter. Omr\u00e5det norr om Nikko \u00e4r helt fantastiskt och nationalparken d\u00e4r \u00e4r sj\u00e4lvklart med p\u00e5 UNESCOS lista. Vi kommer att cykla i en milj\u00f6 som \u00e4r omgiven av vattenfall, sj\u00f6ar, bergsbyar, tempel [&hellip;]","og_url":"https:\/\/inzain.bike\/fi\/jap24-cykling\/","og_site_name":"INZAIN Cycling EXPERIENCES","article_publisher":"https:\/\/www.facebook.com\/Inzain.bike","article_modified_time":"2024-01-08T09:51:51+00:00","og_image":[{"url":"https:\/\/inzain.bike\/wp-content\/uploads\/2024\/01\/pexels-axp-photography-18848782.jpg","type":"","width":"","height":""}],"twitter_card":"summary_large_image","twitter_misc":{"Arvioitu lukuaika":"4 minuuttia"},"schema":{"@context":"https:\/\/schema.org","@graph":[{"@type":"WebPage","@id":"https:\/\/inzain.bike\/en_gb\/jap24-cykling\/","url":"https:\/\/inzain.bike\/en_gb\/jap24-cykling\/","name":"Japanin py\u00f6r\u00e4ily - INZAIN-py\u00f6r\u00e4ilykokemuksia","isPartOf":{"@id":"https:\/\/inzain.bike\/fr_be\/#website"},"primaryImageOfPage":{"@id":"https:\/\/inzain.bike\/en_gb\/jap24-cykling\/#primaryimage"},"image":{"@id":"https:\/\/inzain.bike\/en_gb\/jap24-cykling\/#primaryimage"},"thumbnailUrl":"https:\/\/inzain.bike\/wp-content\/uploads\/2024\/01\/pexels-axp-photography-18848782.jpg","datePublished":"2023-11-25T19:33:28+00:00","dateModified":"2024-01-08T09:51:51+00:00","breadcrumb":{"@id":"https:\/\/inzain.bike\/en_gb\/jap24-cykling\/#breadcrumb"},"inLanguage":"fi","potentialAction":[{"@type":"ReadAction","target":["https:\/\/inzain.bike\/en_gb\/jap24-cykling\/"]}]},{"@type":"ImageObject","inLanguage":"fi","@id":"https:\/\/inzain.bike\/en_gb\/jap24-cykling\/#primaryimage","url":"https:\/\/inzain.bike\/wp-content\/uploads\/2024\/01\/pexels-axp-photography-18848782.jpg","contentUrl":"https:\/\/inzain.bike\/wp-content\/uploads\/2024\/01\/pexels-axp-photography-18848782.jpg"},{"@type":"BreadcrumbList","@id":"https:\/\/inzain.bike\/en_gb\/jap24-cykling\/#breadcrumb","itemListElement":[{"@type":"ListItem","position":1,"name":"Hem","item":"https:\/\/inzain.bike\/fr_be\/"},{"@type":"ListItem","position":2,"name":"Japan Cykling"}]},{"@type":"WebSite","@id":"https:\/\/inzain.bike\/fr_be\/#website","url":"https:\/\/inzain.bike\/fr_be\/","name":"INZAIN Py\u00f6r\u00e4ily-KOKEMUKSIA","description":"Py\u00f6r\u00e4ilyseikkailut - kaikille","publisher":{"@id":"https:\/\/inzain.bike\/fr_be\/#organization"},"alternateName":"INZAIN Gravel & Travel","potentialAction":[{"@type":"SearchAction","target":{"@type":"EntryPoint","urlTemplate":"https:\/\/inzain.bike\/fr_be\/?s={search_term_string}"},"query-input":{"@type":"PropertyValueSpecification","valueRequired":true,"valueName":"search_term_string"}}],"inLanguage":"fi"},{"@type":"Organization","@id":"https:\/\/inzain.bike\/fr_be\/#organization","name":"INZAIN Py\u00f6r\u00e4ily-KOKEMUKSIA","url":"https:\/\/inzain.bike\/fr_be\/","logo":{"@type":"ImageObject","inLanguage":"fi","@id":"https:\/\/inzain.bike\/fr_be\/#\/schema\/logo\/image\/","url":"https:\/\/i0.wp.com\/inzain.bike\/wp-content\/uploads\/2023\/09\/cropped-INZAIN_512x512_white.png?fit=512%2C512&ssl=1","contentUrl":"https:\/\/i0.wp.com\/inzain.bike\/wp-content\/uploads\/2023\/09\/cropped-INZAIN_512x512_white.png?fit=512%2C512&ssl=1","width":512,"height":512,"caption":"INZAIN Cycling EXPERIENCES"},"image":{"@id":"https:\/\/inzain.bike\/fr_be\/#\/schema\/logo\/image\/"},"sameAs":["https:\/\/www.facebook.com\/Inzain.bike","https:\/\/www.instagram.com\/inzainbike"]}]}},"amp_enabled":true,"_links":{"self":[{"href":"https:\/\/inzain.bike\/fi\/wp-json\/wp\/v2\/pages\/6172","targetHints":{"allow":["GET"]}}],"collection":[{"href":"https:\/\/inzain.bike\/fi\/wp-json\/wp\/v2\/pages"}],"about":[{"href":"https:\/\/inzain.bike\/fi\/wp-json\/wp\/v2\/types\/page"}],"author":[{"embeddable":true,"href":"https:\/\/inzain.bike\/fi\/wp-json\/wp\/v2\/users\/135133094"}],"replies":[{"embeddable":true,"href":"https:\/\/inzain.bike\/fi\/wp-json\/wp\/v2\/comments?post=6172"}],"version-history":[{"count":0,"href":"https:\/\/inzain.bike\/fi\/wp-json\/wp\/v2\/pages\/6172\/revisions"}],"wp:attachment":[{"href":"https:\/\/inzain.bike\/fi\/wp-json\/wp\/v2\/media?parent=6172"}],"curies":[{"name":"wp","href":"https:\/\/api.w.org\/{rel}","templated":true}]}}