{"id":67,"date":"2021-03-25T15:39:17","date_gmt":"2021-03-25T14:39:17","guid":{"rendered":"https:\/\/inzain.bike\/?page_id=67"},"modified":"2023-08-30T10:54:30","modified_gmt":"2023-08-30T08:54:30","slug":"event","status":"publish","type":"page","link":"https:\/\/inzain.bike\/fi\/event\/","title":{"rendered":"Tapahtumat"},"content":{"rendered":"<p>INZAIN Gravel pyrkii j\u00e4rjest\u00e4m\u00e4\u00e4n korkealuokkaisia Gravel-tapahtumia.<\/p>\n\n\n\n<p>Haluamme tarjota upeita reittej\u00e4, hienoja kahveja ja keskitty\u00e4 turvallisuuteen ja iloon. Samalla jokainen meist\u00e4 saa todenn\u00e4k\u00f6isesti aikaan haasteen py\u00f6r\u00e4ill\u00e4 sek\u00e4 nopeammin ett\u00e4 pidemm\u00e4lle kuin ennen.<br><br><strong>Vuoden 2023 tapahtumat<\/strong><\/p>\n\n\n\n<p><s><a href=\"https:\/\/inzain.bike\/fi\/inzain-casacalma-gran-canaria-gravel-camp\/\">27.1.-4.2. Gran Canarian soraleiri<\/a> <\/s>TEHTY<br> <s><a href=\"https:\/\/inzain.bike\/fi\/lanzarote-gravel-camp-2023\/\">20.-27. helmikuuta Lanzaroten soraleiri<\/a><\/s>TEHTY<br><s><a href=\"https:\/\/inzain.bike\/fi\/inzain-mallorca-camp-easter-2023\/\">7.-16. huhtikuuta Mallorca Gravel Camp<\/a><\/s> TEHTY<br><s><a href=\"https:\/\/inzain.bike\/fi\/girona-gravel-camp-2023\/\">6.-14.5. Girona Gravel Camp<\/a> <\/s>TEHTY<br> <s><a href=\"https:\/\/inzain.bike\/fi\/sormland-gravel-camp\/\">20.-21.5. S\u00f6rmland Gravel Camp<\/a><\/s> TEHTY<br> <s><a href=\"https:\/\/inzain.bike\/fi\/finland-gravel-randonee\/\">3.-6.6. Suomen sorakierros<\/a><\/s> TEHTY<br> <s><a href=\"https:\/\/inzain.bike\/fi\/dalsland-gravel-camp\/\">17.-18. kes\u00e4kuuta Dalslandin soraleiri<\/a><\/s> TEHTY <br> <s><a href=\"https:\/\/inzain.bike\/fi\/inzain-solstice-gravel-ride-2023\/\">22.-23.6. p\u00e4iv\u00e4nseisauksen ratsastus<\/a><\/s> TEHTY<br><s><a href=\"https:\/\/inzain.bike\/fi\/savenfors-gravel-camp\/\">29.-30.7. S\u00e4venforsin soraleiri<\/a><\/s> TEHTY<br><s><a href=\"https:\/\/inzain.bike\/fi\/vattern-runt-gravel-tour\/\">11.-13.8. V\u00e4ttern Runt, soralla!<\/a><\/s> TEHTY<br><s><a href=\"https:\/\/inzain.bike\/fi\/bubo-falun-gravel-weekend\/\">25.-27. elokuuta BuBo Bubo Gravel Camp Falun<\/a><\/s> TEHTY<br>\n<a href=\"https:\/\/inzain.bike\/fi\/gotland-gravel-camp-2023\/\">21.-24.9. Gotland Aur Camp<\/a> PARIASI PAIKKOJA J\u00c4LJELL\u00c4<br>\n<a href=\"https:\/\/inzain.bike\/fi\/toscana-gravel-tour-2023\/\">7.-15. lokakuuta Toscanan sorakierros<\/a>T\u00c4YNN\u00c4<br><\/p>\n\n\n\n<p><strong>Tapahtuma, jonka j\u00e4rjestimme vuonna 2022<\/strong><\/p>\n\n\n\n<p><a href=\"https:\/\/inzain.bike\/fi\/inzain-lanzarote-gravel-2022\/\">14.-21. helmikuuta Lanzaroten sora<\/a><br><a href=\"https:\/\/inzain.bike\/fi\/inzain-mallorca-camp-easter-2022\/\">8.-18.4.2022 Mallorcan soraleiri<\/a><br><a href=\"https:\/\/inzain.bike\/fi\/inzain-ostergotland-gravel-camp\/\">14.-15.5. \u00d6sterg\u00f6tland Gravel Weekend<\/a><br><a href=\"https:\/\/inzain.bike\/fi\/falun-gravel-weekend\/\">21.-22.5. Falun Gravel Camp<\/a><br><a href=\"https:\/\/inzain.bike\/fi\/inzain-skane-gravel-adventure\/\">4.-6.6. Sk\u00e5nen sorakierros<\/a><br><a href=\"https:\/\/inzain.bike\/fi\/inzain-orebro-gravel-camp\/\">18.-19.6. Bergslagen Gravel Weekend<\/a><br><a href=\"https:\/\/inzain.bike\/fi\/inzain-solstice-gravel-ride\/\">23. kes\u00e4kuuta p\u00e4iv\u00e4nseisausmatka Tukholma<\/a><br><a href=\"https:\/\/inzain.bike\/fi\/inzain-smaland-gravel-camp\/\">13.-14.8. Smoolannin soraviikonloppu<\/a><br>\n<a href=\"https:\/\/inzain.bike\/fi\/inzain-toscana-gravel-tour-2022\/\">8.-16. lokakuuta Toscana Gravel Randonn\u00e9e<\/a><\/p>\n\n\n\n<p><br><strong>Tapahtuma, jonka j\u00e4rjestimme vuonna 2021<\/strong>:<br>L\u00e4mpim\u00e4n\u00e4 aikana j\u00e4rjestimme matkan arki-iltana ja hieman pidemm\u00e4n matkan viikonloppuna. Suurin osa heist\u00e4 M\u00e4lardalenissa. Matkat olivat 70-140 km, usein lyhennysmahdollisuudella ja aina yhdess\u00e4.<\/p>\n\n\n\n<p>T\u00e4\u00e4ll\u00e4 voit n\u00e4hd\u00e4 pienen odysseian soravuodesta 2021.<\/p>\n\n\n\n<figure class=\"wp-block-embed is-type-video is-provider-youtube wp-block-embed-youtube wp-embed-aspect-16-9 wp-has-aspect-ratio\"><div class=\"wp-block-embed__wrapper\">\n<iframe loading=\"lazy\" title=\"Sora 2021\" width=\"500\" height=\"281\" src=\"https:\/\/www.youtube.com\/embed\/oHZObhfHCC0?feature=oembed\" frameborder=\"0\" allow=\"accelerometer; autoplay; clipboard-write; encrypted-media; gyroscope; picture-in-picture; web-share\" referrerpolicy=\"strict-origin-when-cross-origin\" allowfullscreen><\/iframe>\n<\/div><figcaption class=\"wp-element-caption\">2021 Inzain Gravel<\/figcaption><\/figure>\n\n\n\n<p><br><br><br><strong>Gran Canarialla helmikuussa 2021<\/strong><\/p>\n\n\n\n<p>Pioneerit GC:ss\u00e4 yhdess\u00e4 Carl-Johan Paulinin kanssa. Tosi kiva mutta my\u00f6s kova.<br>T\u00e4ss\u00e4 on elokuva seikkailusta.<\/p>\n\n\n\n<figure class=\"wp-block-embed is-type-video is-provider-youtube wp-block-embed-youtube wp-embed-aspect-16-9 wp-has-aspect-ratio\"><div class=\"wp-block-embed__wrapper\">\n<iframe loading=\"lazy\" title=\"Canaria Gravel Aldea\" width=\"500\" height=\"281\" src=\"https:\/\/www.youtube.com\/embed\/Ju-kwHqkF3A?feature=oembed\" frameborder=\"0\" allow=\"accelerometer; autoplay; clipboard-write; encrypted-media; gyroscope; picture-in-picture; web-share\" referrerpolicy=\"strict-origin-when-cross-origin\" allowfullscreen><\/iframe>\n<\/div><figcaption class=\"wp-element-caption\">Gable Gran Canarialla<\/figcaption><\/figure>\n\n\n\n<p><br><\/p>\n\n\n\n<p><strong>IGG200 hein\u00e4kuu 2021<\/strong><\/p>\n\n\n\n<p><em>Useimmille ihmisille 100 mailin tai noin 160 km:n py\u00f6r\u00e4ily hiekkateill\u00e4 ja poluilla voi tuntua kohtuuttomalta, kyll\u00e4, yksinkertaisesti j\u00e4rjett\u00f6m\u00e4n kaukaa. Niin sanottu vuosisadan ratsastus ja sitten t\u00e4ydet 200 mailia tai 322 km py\u00f6r\u00e4ily on aivan hullun kaukana. Yksinkertaisesti <\/em>INZAIN!  <\/p>\n\n\n\n<p>Kutsuimme Uppsalan ymp\u00e4rist\u00f6\u00f6n ns. &quot;Double Century Gravel Grinderiin&quot; hein\u00e4kuun 2021 lopulla. Voit valita et\u00e4isyyksien v\u00e4lill\u00e4 50, 100 ja 200 mailia tai 80, 161 ja 322 km.<\/p>\n\n\n\n<p><a href=\"https:\/\/inzain.bike\/fi\/inzain-200-100-50-mile-gravel-grinder\/\">Inzain 200 Mile Gravel Uppland hein\u00e4kuu 2021<\/a><\/p>\n\n\n\n<p>Uppsalan ymp\u00e4rist\u00f6ss\u00e4 Upplandissa on yleens\u00e4 melko &quot;yst\u00e4v\u00e4llist\u00e4&quot; maastoa, mink\u00e4 vuoksi luulimme, ett\u00e4 monet ihmiset p\u00e4\u00e4sisiv\u00e4t &quot;Double Centuryllemme&quot; p\u00e4iv\u00e4nvalon aikana. Hein\u00e4kuun loppuun menness\u00e4 varjot olivat kuitenkin hieman pidentyneet ja p\u00e4iv\u00e4t lyhentyneet, joten se oli lopulta todellinen haaste.<\/p>\n\n\n\n<p>L\u00e4hdimme liikkeelle kaksi py\u00f6r\u00e4ilij\u00e4ryhm\u00e4\u00e4, joista osa on 100 mailia (161 km) ja osa 200 mailia (322 km). Oli uskomattoman kaunis ja my\u00f6s l\u00e4mmin p\u00e4iv\u00e4. Iltap\u00e4iv\u00e4n 27 astetta j\u00e4tti j\u00e4lkens\u00e4 osallistujiin. Me, jotka olimme varikolla, emme ole varmaan koskaan ennen tavanneet n\u00e4in innokkaita osallistujia. Py\u00f6r\u00e4ily sujui hyvin ja useimmat p\u00e4\u00e4siv\u00e4t lopulta maaliin. Pitk\u00e4n kierroksen toinen puolisko oli luultavasti vaikein. Useat osuudet oli peitetty uudella karkealla soralla, mik\u00e4 teki matkasta erityisen vaikean. T\u00e4st\u00e4 huolimatta rohkeat osallistujat tekiv\u00e4t useita sankarillisia ponnisteluja.<br><br><br><strong>Sora Mallorcalla lokakuussa 2021<\/strong><\/p>\n\n\n\n<p>Inzain j\u00e4rjesti matkan Mallorcalle lokakuussa 2021 upealla soralla. Olimme kalassa huhtikuussa ja olimme nyt luoneet jotain aivan ylim\u00e4\u00e4r\u00e4ist\u00e4.<br><br>Lue kaikki t\u00e4\u00e4lt\u00e4: <a href=\"https:\/\/inzain.bike\/fi\/mallorca-gravel-oktober-2021\/\">https:\/\/inzain.bike\/mallorca-gravel-oktober-2021\/<\/a><\/p>\n\n\n\n<p><\/p>","protected":false},"excerpt":{"rendered":"<p>INZAIN Gravel har som m\u00e5ls\u00e4ttning att arrangera h\u00f6gklassiga Gravel-event. Vi vill erbjuda fantastiska rutter, fina fikor och fokus p\u00e5 s\u00e4kerhet och gl\u00e4dje. Samtidigt triggas vi v\u00e4l var och en av att utmana oss sj\u00e4lva till att cykla b\u00e5de snabbare och l\u00e4ngre \u00e4n f\u00f6rut. Event f\u00f6r 2023 27 jan &#8211; 4 februari Gran Canaria Gravel Camp [&hellip;]<\/p>\n","protected":false},"author":135133094,"featured_media":0,"parent":0,"menu_order":0,"comment_status":"closed","ping_status":"closed","template":"","meta":{"_coblocks_attr":"","_coblocks_dimensions":"","_coblocks_responsive_height":"","_coblocks_accordion_ie_support":"","footnotes":""},"class_list":["post-67","page","type-page","status-publish","hentry"],"yoast_head":"<!-- This site is optimized with the Yoast SEO plugin v27.2 - https:\/\/yoast.com\/product\/yoast-seo-wordpress\/ -->\n<title>Event - INZAIN Cycling EXPERIENCES<\/title>\n<meta name=\"robots\" content=\"index, follow, max-snippet:-1, max-image-preview:large, max-video-preview:-1\" \/>\n<link rel=\"canonical\" href=\"https:\/\/inzain.bike\/fi\/event\/\" \/>\n<meta property=\"og:locale\" content=\"fi_FI\" \/>\n<meta property=\"og:type\" content=\"article\" \/>\n<meta property=\"og:title\" content=\"Event - INZAIN Cycling EXPERIENCES\" \/>\n<meta property=\"og:description\" content=\"INZAIN Gravel har som m\u00e5ls\u00e4ttning att arrangera h\u00f6gklassiga Gravel-event. Vi vill erbjuda fantastiska rutter, fina fikor och fokus p\u00e5 s\u00e4kerhet och gl\u00e4dje. Samtidigt triggas vi v\u00e4l var och en av att utmana oss sj\u00e4lva till att cykla b\u00e5de snabbare och l\u00e4ngre \u00e4n f\u00f6rut. Event f\u00f6r 2023 27 jan &#8211; 4 februari Gran Canaria Gravel Camp [&hellip;]\" \/>\n<meta property=\"og:url\" content=\"https:\/\/inzain.bike\/fi\/event\/\" \/>\n<meta property=\"og:site_name\" content=\"INZAIN Cycling EXPERIENCES\" \/>\n<meta property=\"article:publisher\" content=\"https:\/\/www.facebook.com\/Inzain.bike\" \/>\n<meta property=\"article:modified_time\" content=\"2023-08-30T08:54:30+00:00\" \/>\n<meta name=\"twitter:card\" content=\"summary_large_image\" \/>\n<meta name=\"twitter:label1\" content=\"Arvioitu lukuaika\" \/>\n\t<meta name=\"twitter:data1\" content=\"3 minuuttia\" \/>\n<script type=\"application\/ld+json\" class=\"yoast-schema-graph\">{\"@context\":\"https:\/\/schema.org\",\"@graph\":[{\"@type\":\"WebPage\",\"@id\":\"https:\/\/inzain.bike\/en\/event\/\",\"url\":\"https:\/\/inzain.bike\/en\/event\/\",\"name\":\"Event - INZAIN Cycling EXPERIENCES\",\"isPartOf\":{\"@id\":\"https:\/\/inzain.bike\/fr_be\/#website\"},\"datePublished\":\"2021-03-25T14:39:17+00:00\",\"dateModified\":\"2023-08-30T08:54:30+00:00\",\"breadcrumb\":{\"@id\":\"https:\/\/inzain.bike\/en\/event\/#breadcrumb\"},\"inLanguage\":\"fi\",\"potentialAction\":[{\"@type\":\"ReadAction\",\"target\":[\"https:\/\/inzain.bike\/en\/event\/\"]}]},{\"@type\":\"BreadcrumbList\",\"@id\":\"https:\/\/inzain.bike\/en\/event\/#breadcrumb\",\"itemListElement\":[{\"@type\":\"ListItem\",\"position\":1,\"name\":\"Hem\",\"item\":\"https:\/\/inzain.bike\/fr_be\/\"},{\"@type\":\"ListItem\",\"position\":2,\"name\":\"Event\"}]},{\"@type\":\"WebSite\",\"@id\":\"https:\/\/inzain.bike\/fr_be\/#website\",\"url\":\"https:\/\/inzain.bike\/fr_be\/\",\"name\":\"INZAIN Cycling EXPERIENCES\",\"description\":\"Cyckling Adventures  - for everyone\",\"publisher\":{\"@id\":\"https:\/\/inzain.bike\/fr_be\/#organization\"},\"alternateName\":\"INZAIN Gravel & Travel\",\"potentialAction\":[{\"@type\":\"SearchAction\",\"target\":{\"@type\":\"EntryPoint\",\"urlTemplate\":\"https:\/\/inzain.bike\/fr_be\/?s={search_term_string}\"},\"query-input\":{\"@type\":\"PropertyValueSpecification\",\"valueRequired\":true,\"valueName\":\"search_term_string\"}}],\"inLanguage\":\"fi\"},{\"@type\":\"Organization\",\"@id\":\"https:\/\/inzain.bike\/fr_be\/#organization\",\"name\":\"INZAIN Cycling EXPERIENCES\",\"url\":\"https:\/\/inzain.bike\/fr_be\/\",\"logo\":{\"@type\":\"ImageObject\",\"inLanguage\":\"fi\",\"@id\":\"https:\/\/inzain.bike\/fr_be\/#\/schema\/logo\/image\/\",\"url\":\"https:\/\/i0.wp.com\/inzain.bike\/wp-content\/uploads\/2023\/09\/cropped-INZAIN_512x512_white.png?fit=512%2C512&ssl=1\",\"contentUrl\":\"https:\/\/i0.wp.com\/inzain.bike\/wp-content\/uploads\/2023\/09\/cropped-INZAIN_512x512_white.png?fit=512%2C512&ssl=1\",\"width\":512,\"height\":512,\"caption\":\"INZAIN Cycling EXPERIENCES\"},\"image\":{\"@id\":\"https:\/\/inzain.bike\/fr_be\/#\/schema\/logo\/image\/\"},\"sameAs\":[\"https:\/\/www.facebook.com\/Inzain.bike\",\"https:\/\/www.instagram.com\/inzainbike\"]}]}<\/script>\n<!-- \/ Yoast SEO plugin. -->","yoast_head_json":{"title":"Tapahtuma - INZAIN-py\u00f6r\u00e4ilykokemukset","robots":{"index":"index","follow":"follow","max-snippet":"max-snippet:-1","max-image-preview":"max-image-preview:large","max-video-preview":"max-video-preview:-1"},"canonical":"https:\/\/inzain.bike\/fi\/event\/","og_locale":"fi_FI","og_type":"article","og_title":"Event - INZAIN Cycling EXPERIENCES","og_description":"INZAIN Gravel har som m\u00e5ls\u00e4ttning att arrangera h\u00f6gklassiga Gravel-event. Vi vill erbjuda fantastiska rutter, fina fikor och fokus p\u00e5 s\u00e4kerhet och gl\u00e4dje. Samtidigt triggas vi v\u00e4l var och en av att utmana oss sj\u00e4lva till att cykla b\u00e5de snabbare och l\u00e4ngre \u00e4n f\u00f6rut. Event f\u00f6r 2023 27 jan &#8211; 4 februari Gran Canaria Gravel Camp [&hellip;]","og_url":"https:\/\/inzain.bike\/fi\/event\/","og_site_name":"INZAIN Cycling EXPERIENCES","article_publisher":"https:\/\/www.facebook.com\/Inzain.bike","article_modified_time":"2023-08-30T08:54:30+00:00","twitter_card":"summary_large_image","twitter_misc":{"Arvioitu lukuaika":"3 minuuttia"},"schema":{"@context":"https:\/\/schema.org","@graph":[{"@type":"WebPage","@id":"https:\/\/inzain.bike\/en\/event\/","url":"https:\/\/inzain.bike\/en\/event\/","name":"Tapahtuma - INZAIN-py\u00f6r\u00e4ilykokemukset","isPartOf":{"@id":"https:\/\/inzain.bike\/fr_be\/#website"},"datePublished":"2021-03-25T14:39:17+00:00","dateModified":"2023-08-30T08:54:30+00:00","breadcrumb":{"@id":"https:\/\/inzain.bike\/en\/event\/#breadcrumb"},"inLanguage":"fi","potentialAction":[{"@type":"ReadAction","target":["https:\/\/inzain.bike\/en\/event\/"]}]},{"@type":"BreadcrumbList","@id":"https:\/\/inzain.bike\/en\/event\/#breadcrumb","itemListElement":[{"@type":"ListItem","position":1,"name":"Hem","item":"https:\/\/inzain.bike\/fr_be\/"},{"@type":"ListItem","position":2,"name":"Event"}]},{"@type":"WebSite","@id":"https:\/\/inzain.bike\/fr_be\/#website","url":"https:\/\/inzain.bike\/fr_be\/","name":"INZAIN Py\u00f6r\u00e4ily-KOKEMUKSIA","description":"Py\u00f6r\u00e4ilyseikkailut - kaikille","publisher":{"@id":"https:\/\/inzain.bike\/fr_be\/#organization"},"alternateName":"INZAIN Gravel & Travel","potentialAction":[{"@type":"SearchAction","target":{"@type":"EntryPoint","urlTemplate":"https:\/\/inzain.bike\/fr_be\/?s={search_term_string}"},"query-input":{"@type":"PropertyValueSpecification","valueRequired":true,"valueName":"search_term_string"}}],"inLanguage":"fi"},{"@type":"Organization","@id":"https:\/\/inzain.bike\/fr_be\/#organization","name":"INZAIN Py\u00f6r\u00e4ily-KOKEMUKSIA","url":"https:\/\/inzain.bike\/fr_be\/","logo":{"@type":"ImageObject","inLanguage":"fi","@id":"https:\/\/inzain.bike\/fr_be\/#\/schema\/logo\/image\/","url":"https:\/\/i0.wp.com\/inzain.bike\/wp-content\/uploads\/2023\/09\/cropped-INZAIN_512x512_white.png?fit=512%2C512&ssl=1","contentUrl":"https:\/\/i0.wp.com\/inzain.bike\/wp-content\/uploads\/2023\/09\/cropped-INZAIN_512x512_white.png?fit=512%2C512&ssl=1","width":512,"height":512,"caption":"INZAIN Cycling EXPERIENCES"},"image":{"@id":"https:\/\/inzain.bike\/fr_be\/#\/schema\/logo\/image\/"},"sameAs":["https:\/\/www.facebook.com\/Inzain.bike","https:\/\/www.instagram.com\/inzainbike"]}]}},"amp_enabled":true,"_links":{"self":[{"href":"https:\/\/inzain.bike\/fi\/wp-json\/wp\/v2\/pages\/67","targetHints":{"allow":["GET"]}}],"collection":[{"href":"https:\/\/inzain.bike\/fi\/wp-json\/wp\/v2\/pages"}],"about":[{"href":"https:\/\/inzain.bike\/fi\/wp-json\/wp\/v2\/types\/page"}],"author":[{"embeddable":true,"href":"https:\/\/inzain.bike\/fi\/wp-json\/wp\/v2\/users\/135133094"}],"replies":[{"embeddable":true,"href":"https:\/\/inzain.bike\/fi\/wp-json\/wp\/v2\/comments?post=67"}],"version-history":[{"count":0,"href":"https:\/\/inzain.bike\/fi\/wp-json\/wp\/v2\/pages\/67\/revisions"}],"wp:attachment":[{"href":"https:\/\/inzain.bike\/fi\/wp-json\/wp\/v2\/media?parent=67"}],"curies":[{"name":"wp","href":"https:\/\/api.w.org\/{rel}","templated":true}]}}