{"id":690,"date":"2021-10-06T10:45:35","date_gmt":"2021-10-06T08:45:35","guid":{"rendered":"https:\/\/inzain.bike\/?page_id=690"},"modified":"2022-06-21T10:17:22","modified_gmt":"2022-06-21T08:17:22","slug":"inzain-solstice-gravel-ride","status":"publish","type":"page","link":"https:\/\/inzain.bike\/fi\/inzain-solstice-gravel-ride\/","title":{"rendered":"Inzain Solstice Gravel Ride"},"content":{"rendered":"<figure class=\"wp-block-image size-full\"><img loading=\"lazy\" decoding=\"async\" width=\"800\" height=\"800\" src=\"https:\/\/inzain.bike\/wp-content\/uploads\/2022\/06\/fully.jpg\" alt=\"\" class=\"wp-image-1677\" srcset=\"https:\/\/inzain.bike\/wp-content\/uploads\/2022\/06\/fully.jpg 800w, https:\/\/inzain.bike\/wp-content\/uploads\/2022\/06\/fully-300x300.jpg 300w, https:\/\/inzain.bike\/wp-content\/uploads\/2022\/06\/fully-150x150.jpg 150w, https:\/\/inzain.bike\/wp-content\/uploads\/2022\/06\/fully-768x768.jpg 768w, https:\/\/inzain.bike\/wp-content\/uploads\/2022\/06\/fully-12x12.jpg 12w, https:\/\/inzain.bike\/wp-content\/uploads\/2022\/06\/fully-600x600.jpg 600w, https:\/\/inzain.bike\/wp-content\/uploads\/2022\/06\/fully-100x100.jpg 100w\" sizes=\"auto, (max-width: 800px) 100vw, 800px\" \/><\/figure>\n\n\n\n<p>Valitettavasti rata on nyt t\u00e4ysin t\u00e4ynn\u00e4. Tervetuloa uudelleen vuonna 2023<\/p>\n\n\n\n<figure class=\"wp-block-image size-large\"><img decoding=\"async\" src=\"https:\/\/inzain.bike\/wp-content\/uploads\/2021\/10\/20200617_212802.jpg?w=1024\" alt=\"\" class=\"wp-image-692\"\/><\/figure>\n\n\n\n<p>Tervetuloa juhannusy\u00f6n\u00e4 upealle ajelulle.<\/p>\n\n\n\n<p><strong>Kun<\/strong>: 23. kes\u00e4kuuta 2022.<br><strong>Miss\u00e4<\/strong>: Tukholma<br><strong>Miten<\/strong>: Tapaamme auringonlaskun ja auringonnousun ihania hiekkateit\u00e4 pitkin<br><strong>Hinta<\/strong>: Vapaa<\/p>\n\n\n\n<p>Py\u00f6r\u00e4ilemme kohti auringonlaskua, kahvilla kahvia<br>ja ota mukavia kuvia. Sitten py\u00f6r\u00e4ilemme ja kohtaamme auringonnousun.<br><\/p>\n\n\n\n<p><strong>Mit\u00e4 voit odottaa?<\/strong><br>Py\u00f6r\u00e4ilemme pit\u00e4\u00e4ksemme hauskaa, v\u00e4li\u00e4 ei ole, eik\u00e4 kyse ole nopeimmasta py\u00f6r\u00e4ilyst\u00e4 vaan parhaan kokemuksen saamisesta. Jos haluat tuhlata, se on tietysti hyv\u00e4, odotat edelleen. Voimme my\u00f6s jakaa ryhm\u00e4n, jos se osoittautuu paremmaksi. Oppaillamme on paljon kokemusta n\u00e4iden retkien j\u00e4rjest\u00e4misest\u00e4 ja pit\u00e4misest\u00e4.<br><\/p>\n\n\n\n<p><br><strong>Py\u00f6r\u00e4ilemme Grusets V\u00e4nnerin periaatteiden mukaan.<\/strong><br>* Ket\u00e4\u00e4n ei j\u00e4tet\u00e4 yksin, kaikkien on liitytt\u00e4v\u00e4<br>* Pomppiminen sujuu hyvin, odota my\u00f6hemmin<br>* Huolehdimme ja autamme toisiamme punkkien tai muiden asioiden sattuessa.<br>* Py\u00f6r\u00e4ilemme turvallisesti ja pid\u00e4mme et\u00e4isyytt\u00e4, muista kolmen sekunnin s\u00e4\u00e4nt\u00f6.<br>* Kyse on mukavan p\u00e4iv\u00e4n pit\u00e4misest\u00e4.<\/p>\n\n\n\n<div class=\"wp-block-jetpack-tiled-gallery aligncenter is-style-rectangular\"><div class=\"tiled-gallery__gallery\"><div class=\"tiled-gallery__row\"><div class=\"tiled-gallery__col\" style=\"flex-basis:66.78241%\"><figure class=\"tiled-gallery__item\"><img decoding=\"async\" alt=\"\" data-height=\"3024\" data-id=\"694\" data-link=\"https:\/\/inzain.bike\/20200617_212750\/\" data-url=\"https:\/\/inzain.bike\/wp-content\/uploads\/2021\/10\/20200617_212750.jpg?w=1024\" data-width=\"4032\" src=\"https:\/\/i2.wp.com\/inzain.bike\/wp-content\/uploads\/2021\/10\/20200617_212750.jpg?ssl=1\" data-amp-layout=\"responsive\"\/><\/figure><\/div><div class=\"tiled-gallery__col\" style=\"flex-basis:33.21759%\"><figure class=\"tiled-gallery__item\"><img decoding=\"async\" alt=\"\" data-height=\"3456\" data-id=\"695\" data-link=\"https:\/\/inzain.bike\/20200618_024854-2\/\" data-url=\"https:\/\/inzain.bike\/wp-content\/uploads\/2021\/10\/20200618_024854.jpg?w=1024\" data-width=\"4608\" src=\"https:\/\/i0.wp.com\/inzain.bike\/wp-content\/uploads\/2021\/10\/20200618_024854.jpg?ssl=1\" data-amp-layout=\"responsive\"\/><\/figure><figure class=\"tiled-gallery__item\"><img decoding=\"async\" alt=\"\" data-height=\"1536\" data-id=\"696\" data-link=\"https:\/\/inzain.bike\/104494550_1125205587847587_3729622201781822460_n\/\" data-url=\"https:\/\/inzain.bike\/wp-content\/uploads\/2021\/10\/104494550_1125205587847587_3729622201781822460_n.jpg?w=1024\" data-width=\"2048\" src=\"https:\/\/i0.wp.com\/inzain.bike\/wp-content\/uploads\/2021\/10\/104494550_1125205587847587_3729622201781822460_n.jpg?ssl=1\" data-amp-layout=\"responsive\"\/><\/figure><\/div><\/div><\/div><\/div>\n\n\n\n<p><\/p>","protected":false},"excerpt":{"rendered":"<p>Tyv\u00e4rr \u00e4r riden nu helt full. V\u00e4lkommen igen 2023 V\u00e4lkommen till en fantastisk tur i midsommarnatt. N\u00e4r: 23 Juni 2022.Var: StockholmHur: Vi m\u00f6ter solnedg\u00e5ng och soluppg\u00e5ng via h\u00e4rliga grusv\u00e4garPris: Gratis Vi kommer att cykla f\u00f6r att m\u00f6ta solnedg\u00e5ngen, fika medhavd fikaoch ta fina bilder. Sedan cyklar vi och m\u00f6ter solens uppg\u00e5ng. Vad kan du f\u00f6rv\u00e4nta [&hellip;]<\/p>\n","protected":false},"author":135133094,"featured_media":0,"parent":0,"menu_order":0,"comment_status":"closed","ping_status":"closed","template":"","meta":{"_coblocks_attr":"","_coblocks_dimensions":"","_coblocks_responsive_height":"","_coblocks_accordion_ie_support":"","footnotes":""},"class_list":["post-690","page","type-page","status-publish","hentry"],"yoast_head":"<!-- This site is optimized with the Yoast SEO plugin v27.2 - https:\/\/yoast.com\/product\/yoast-seo-wordpress\/ -->\n<title>Inzain Solstice Gravel Ride - INZAIN Cycling EXPERIENCES<\/title>\n<meta name=\"robots\" content=\"index, follow, max-snippet:-1, max-image-preview:large, max-video-preview:-1\" \/>\n<link rel=\"canonical\" href=\"https:\/\/inzain.bike\/fi\/inzain-solstice-gravel-ride\/\" \/>\n<meta property=\"og:locale\" content=\"fi_FI\" \/>\n<meta property=\"og:type\" content=\"article\" \/>\n<meta property=\"og:title\" content=\"Inzain Solstice Gravel Ride - INZAIN Cycling EXPERIENCES\" \/>\n<meta property=\"og:description\" content=\"Tyv\u00e4rr \u00e4r riden nu helt full. V\u00e4lkommen igen 2023 V\u00e4lkommen till en fantastisk tur i midsommarnatt. N\u00e4r: 23 Juni 2022.Var: StockholmHur: Vi m\u00f6ter solnedg\u00e5ng och soluppg\u00e5ng via h\u00e4rliga grusv\u00e4garPris: Gratis Vi kommer att cykla f\u00f6r att m\u00f6ta solnedg\u00e5ngen, fika medhavd fikaoch ta fina bilder. Sedan cyklar vi och m\u00f6ter solens uppg\u00e5ng. Vad kan du f\u00f6rv\u00e4nta [&hellip;]\" \/>\n<meta property=\"og:url\" content=\"https:\/\/inzain.bike\/fi\/inzain-solstice-gravel-ride\/\" \/>\n<meta property=\"og:site_name\" content=\"INZAIN Cycling EXPERIENCES\" \/>\n<meta property=\"article:publisher\" content=\"https:\/\/www.facebook.com\/Inzain.bike\" \/>\n<meta property=\"article:modified_time\" content=\"2022-06-21T08:17:22+00:00\" \/>\n<meta property=\"og:image\" content=\"https:\/\/inzain.bike\/wp-content\/uploads\/2022\/06\/fully.jpg\" \/>\n<meta name=\"twitter:card\" content=\"summary_large_image\" \/>\n<meta name=\"twitter:label1\" content=\"Arvioitu lukuaika\" \/>\n\t<meta name=\"twitter:data1\" content=\"1 minuutti\" \/>\n<script type=\"application\/ld+json\" class=\"yoast-schema-graph\">{\"@context\":\"https:\/\/schema.org\",\"@graph\":[{\"@type\":\"WebPage\",\"@id\":\"https:\/\/inzain.bike\/nl\/inzain-solstice-gravel-ride\/\",\"url\":\"https:\/\/inzain.bike\/nl\/inzain-solstice-gravel-ride\/\",\"name\":\"Inzain Solstice Gravel Ride - INZAIN Cycling EXPERIENCES\",\"isPartOf\":{\"@id\":\"https:\/\/inzain.bike\/fr_be\/#website\"},\"primaryImageOfPage\":{\"@id\":\"https:\/\/inzain.bike\/nl\/inzain-solstice-gravel-ride\/#primaryimage\"},\"image\":{\"@id\":\"https:\/\/inzain.bike\/nl\/inzain-solstice-gravel-ride\/#primaryimage\"},\"thumbnailUrl\":\"https:\/\/inzain.bike\/wp-content\/uploads\/2022\/06\/fully.jpg\",\"datePublished\":\"2021-10-06T08:45:35+00:00\",\"dateModified\":\"2022-06-21T08:17:22+00:00\",\"breadcrumb\":{\"@id\":\"https:\/\/inzain.bike\/nl\/inzain-solstice-gravel-ride\/#breadcrumb\"},\"inLanguage\":\"fi\",\"potentialAction\":[{\"@type\":\"ReadAction\",\"target\":[\"https:\/\/inzain.bike\/nl\/inzain-solstice-gravel-ride\/\"]}]},{\"@type\":\"ImageObject\",\"inLanguage\":\"fi\",\"@id\":\"https:\/\/inzain.bike\/nl\/inzain-solstice-gravel-ride\/#primaryimage\",\"url\":\"https:\/\/inzain.bike\/wp-content\/uploads\/2022\/06\/fully.jpg\",\"contentUrl\":\"https:\/\/inzain.bike\/wp-content\/uploads\/2022\/06\/fully.jpg\"},{\"@type\":\"BreadcrumbList\",\"@id\":\"https:\/\/inzain.bike\/nl\/inzain-solstice-gravel-ride\/#breadcrumb\",\"itemListElement\":[{\"@type\":\"ListItem\",\"position\":1,\"name\":\"Hem\",\"item\":\"https:\/\/inzain.bike\/fr_be\/\"},{\"@type\":\"ListItem\",\"position\":2,\"name\":\"Inzain Solstice Gravel Ride\"}]},{\"@type\":\"WebSite\",\"@id\":\"https:\/\/inzain.bike\/fr_be\/#website\",\"url\":\"https:\/\/inzain.bike\/fr_be\/\",\"name\":\"INZAIN Cycling EXPERIENCES\",\"description\":\"Cyckling Adventures  - for everyone\",\"publisher\":{\"@id\":\"https:\/\/inzain.bike\/fr_be\/#organization\"},\"alternateName\":\"INZAIN Gravel & Travel\",\"potentialAction\":[{\"@type\":\"SearchAction\",\"target\":{\"@type\":\"EntryPoint\",\"urlTemplate\":\"https:\/\/inzain.bike\/fr_be\/?s={search_term_string}\"},\"query-input\":{\"@type\":\"PropertyValueSpecification\",\"valueRequired\":true,\"valueName\":\"search_term_string\"}}],\"inLanguage\":\"fi\"},{\"@type\":\"Organization\",\"@id\":\"https:\/\/inzain.bike\/fr_be\/#organization\",\"name\":\"INZAIN Cycling EXPERIENCES\",\"url\":\"https:\/\/inzain.bike\/fr_be\/\",\"logo\":{\"@type\":\"ImageObject\",\"inLanguage\":\"fi\",\"@id\":\"https:\/\/inzain.bike\/fr_be\/#\/schema\/logo\/image\/\",\"url\":\"https:\/\/i0.wp.com\/inzain.bike\/wp-content\/uploads\/2023\/09\/cropped-INZAIN_512x512_white.png?fit=512%2C512&ssl=1\",\"contentUrl\":\"https:\/\/i0.wp.com\/inzain.bike\/wp-content\/uploads\/2023\/09\/cropped-INZAIN_512x512_white.png?fit=512%2C512&ssl=1\",\"width\":512,\"height\":512,\"caption\":\"INZAIN Cycling EXPERIENCES\"},\"image\":{\"@id\":\"https:\/\/inzain.bike\/fr_be\/#\/schema\/logo\/image\/\"},\"sameAs\":[\"https:\/\/www.facebook.com\/Inzain.bike\",\"https:\/\/www.instagram.com\/inzainbike\"]}]}<\/script>\n<!-- \/ Yoast SEO plugin. -->","yoast_head_json":{"title":"Inzainin p\u00e4iv\u00e4nseisauksen soratie - INZAIN Cycling EXPERIENCES","robots":{"index":"index","follow":"follow","max-snippet":"max-snippet:-1","max-image-preview":"max-image-preview:large","max-video-preview":"max-video-preview:-1"},"canonical":"https:\/\/inzain.bike\/fi\/inzain-solstice-gravel-ride\/","og_locale":"fi_FI","og_type":"article","og_title":"Inzain Solstice Gravel Ride - INZAIN Cycling EXPERIENCES","og_description":"Tyv\u00e4rr \u00e4r riden nu helt full. V\u00e4lkommen igen 2023 V\u00e4lkommen till en fantastisk tur i midsommarnatt. N\u00e4r: 23 Juni 2022.Var: StockholmHur: Vi m\u00f6ter solnedg\u00e5ng och soluppg\u00e5ng via h\u00e4rliga grusv\u00e4garPris: Gratis Vi kommer att cykla f\u00f6r att m\u00f6ta solnedg\u00e5ngen, fika medhavd fikaoch ta fina bilder. Sedan cyklar vi och m\u00f6ter solens uppg\u00e5ng. Vad kan du f\u00f6rv\u00e4nta [&hellip;]","og_url":"https:\/\/inzain.bike\/fi\/inzain-solstice-gravel-ride\/","og_site_name":"INZAIN Cycling EXPERIENCES","article_publisher":"https:\/\/www.facebook.com\/Inzain.bike","article_modified_time":"2022-06-21T08:17:22+00:00","og_image":[{"url":"https:\/\/inzain.bike\/wp-content\/uploads\/2022\/06\/fully.jpg","type":"","width":"","height":""}],"twitter_card":"summary_large_image","twitter_misc":{"Arvioitu lukuaika":"1 minuutti"},"schema":{"@context":"https:\/\/schema.org","@graph":[{"@type":"WebPage","@id":"https:\/\/inzain.bike\/nl\/inzain-solstice-gravel-ride\/","url":"https:\/\/inzain.bike\/nl\/inzain-solstice-gravel-ride\/","name":"Inzainin p\u00e4iv\u00e4nseisauksen soratie - INZAIN Cycling EXPERIENCES","isPartOf":{"@id":"https:\/\/inzain.bike\/fr_be\/#website"},"primaryImageOfPage":{"@id":"https:\/\/inzain.bike\/nl\/inzain-solstice-gravel-ride\/#primaryimage"},"image":{"@id":"https:\/\/inzain.bike\/nl\/inzain-solstice-gravel-ride\/#primaryimage"},"thumbnailUrl":"https:\/\/inzain.bike\/wp-content\/uploads\/2022\/06\/fully.jpg","datePublished":"2021-10-06T08:45:35+00:00","dateModified":"2022-06-21T08:17:22+00:00","breadcrumb":{"@id":"https:\/\/inzain.bike\/nl\/inzain-solstice-gravel-ride\/#breadcrumb"},"inLanguage":"fi","potentialAction":[{"@type":"ReadAction","target":["https:\/\/inzain.bike\/nl\/inzain-solstice-gravel-ride\/"]}]},{"@type":"ImageObject","inLanguage":"fi","@id":"https:\/\/inzain.bike\/nl\/inzain-solstice-gravel-ride\/#primaryimage","url":"https:\/\/inzain.bike\/wp-content\/uploads\/2022\/06\/fully.jpg","contentUrl":"https:\/\/inzain.bike\/wp-content\/uploads\/2022\/06\/fully.jpg"},{"@type":"BreadcrumbList","@id":"https:\/\/inzain.bike\/nl\/inzain-solstice-gravel-ride\/#breadcrumb","itemListElement":[{"@type":"ListItem","position":1,"name":"Hem","item":"https:\/\/inzain.bike\/fr_be\/"},{"@type":"ListItem","position":2,"name":"Inzain Solstice Gravel Ride"}]},{"@type":"WebSite","@id":"https:\/\/inzain.bike\/fr_be\/#website","url":"https:\/\/inzain.bike\/fr_be\/","name":"INZAIN Py\u00f6r\u00e4ily-KOKEMUKSIA","description":"Py\u00f6r\u00e4ilyseikkailut - kaikille","publisher":{"@id":"https:\/\/inzain.bike\/fr_be\/#organization"},"alternateName":"INZAIN Gravel & Travel","potentialAction":[{"@type":"SearchAction","target":{"@type":"EntryPoint","urlTemplate":"https:\/\/inzain.bike\/fr_be\/?s={search_term_string}"},"query-input":{"@type":"PropertyValueSpecification","valueRequired":true,"valueName":"search_term_string"}}],"inLanguage":"fi"},{"@type":"Organization","@id":"https:\/\/inzain.bike\/fr_be\/#organization","name":"INZAIN Py\u00f6r\u00e4ily-KOKEMUKSIA","url":"https:\/\/inzain.bike\/fr_be\/","logo":{"@type":"ImageObject","inLanguage":"fi","@id":"https:\/\/inzain.bike\/fr_be\/#\/schema\/logo\/image\/","url":"https:\/\/i0.wp.com\/inzain.bike\/wp-content\/uploads\/2023\/09\/cropped-INZAIN_512x512_white.png?fit=512%2C512&ssl=1","contentUrl":"https:\/\/i0.wp.com\/inzain.bike\/wp-content\/uploads\/2023\/09\/cropped-INZAIN_512x512_white.png?fit=512%2C512&ssl=1","width":512,"height":512,"caption":"INZAIN Cycling EXPERIENCES"},"image":{"@id":"https:\/\/inzain.bike\/fr_be\/#\/schema\/logo\/image\/"},"sameAs":["https:\/\/www.facebook.com\/Inzain.bike","https:\/\/www.instagram.com\/inzainbike"]}]}},"amp_enabled":true,"_links":{"self":[{"href":"https:\/\/inzain.bike\/fi\/wp-json\/wp\/v2\/pages\/690","targetHints":{"allow":["GET"]}}],"collection":[{"href":"https:\/\/inzain.bike\/fi\/wp-json\/wp\/v2\/pages"}],"about":[{"href":"https:\/\/inzain.bike\/fi\/wp-json\/wp\/v2\/types\/page"}],"author":[{"embeddable":true,"href":"https:\/\/inzain.bike\/fi\/wp-json\/wp\/v2\/users\/135133094"}],"replies":[{"embeddable":true,"href":"https:\/\/inzain.bike\/fi\/wp-json\/wp\/v2\/comments?post=690"}],"version-history":[{"count":0,"href":"https:\/\/inzain.bike\/fi\/wp-json\/wp\/v2\/pages\/690\/revisions"}],"wp:attachment":[{"href":"https:\/\/inzain.bike\/fi\/wp-json\/wp\/v2\/media?parent=690"}],"curies":[{"name":"wp","href":"https:\/\/api.w.org\/{rel}","templated":true}]}}