{"id":698,"date":"2021-10-06T11:02:21","date_gmt":"2021-10-06T09:02:21","guid":{"rendered":"https:\/\/inzain.bike\/?page_id=698"},"modified":"2022-06-22T20:18:32","modified_gmt":"2022-06-22T18:18:32","slug":"inzain-gravel-grinder-2022","status":"publish","type":"page","link":"https:\/\/inzain.bike\/fi\/inzain-gravel-grinder-2022\/","title":{"rendered":"INZAIN sorahiomakone 2022"},"content":{"rendered":"<figure class=\"wp-block-image size-large\"><img loading=\"lazy\" decoding=\"async\" width=\"1024\" height=\"768\" src=\"https:\/\/inzain.bike\/wp-content\/uploads\/2022\/02\/G0037969-1024x768.jpg\" alt=\"\" class=\"wp-image-1505\" srcset=\"https:\/\/inzain.bike\/wp-content\/uploads\/2022\/02\/G0037969-1024x768.jpg 1024w, https:\/\/inzain.bike\/wp-content\/uploads\/2022\/02\/G0037969-300x225.jpg 300w, https:\/\/inzain.bike\/wp-content\/uploads\/2022\/02\/G0037969-768x576.jpg 768w, https:\/\/inzain.bike\/wp-content\/uploads\/2022\/02\/G0037969-1536x1152.jpg 1536w, https:\/\/inzain.bike\/wp-content\/uploads\/2022\/02\/G0037969-2048x1536.jpg 2048w, https:\/\/inzain.bike\/wp-content\/uploads\/2022\/02\/G0037969-16x12.jpg 16w, https:\/\/inzain.bike\/wp-content\/uploads\/2022\/02\/G0037969-1320x990.jpg 1320w, https:\/\/inzain.bike\/wp-content\/uploads\/2022\/02\/G0037969-600x450.jpg 600w\" sizes=\"auto, (max-width: 1024px) 100vw, 1024px\" \/><figcaption>DCIM\\100GOPRO\\G0037969.JPG<\/figcaption><\/figure>\n\n\n\n<p><br><br>27.8.2022 INZAIN Gravel kutsuu sinut todelliseen haasteeseen S\u00f6rmlannissa. Valittavana on 160 km tai 320 km, 200 mailia.<br><br>Kierros sis\u00e4lt\u00e4\u00e4 kahvin ja voileiv\u00e4n\/pullan alussa. Varastot ruokaa ja energiaa, Yksi varikko 130 km ja kaksi varikkoa 220 km. Saatavilla on h\u00e4t\u00e4ajoneuvoja, joissa on ty\u00f6kaluja ja jotka voivat kuljettaa rikkoutuneen polkupy\u00f6r\u00e4n. Varastoissa on mekaanikannet, pumput ja ty\u00f6kalut. Joitakin varaosia l\u00f6ytyy my\u00f6s.<br><\/p>\n\n\n\n<figure class=\"wp-block-image size-large\"><img loading=\"lazy\" decoding=\"async\" width=\"2492\" height=\"1869\" src=\"https:\/\/inzain.bike\/wp-content\/uploads\/2021\/03\/20201224_151126.jpg?w=1024\" alt=\"\" class=\"wp-image-103\"\/><\/figure>\n\n\n\n<p>Py\u00f6r\u00e4ilemme upeita hiekkateit\u00e4 ymp\u00e4ri S\u00f6rmlandia, se ei ole kisa, ei kisa, mutta jotkut osat on nimetty Strava-segmenteiksi (KOM\/QOM), joilla halukkaat voivat jatkaa eteenp\u00e4in.<\/p>\n\n\n\n<figure class=\"wp-block-image size-large\"><img loading=\"lazy\" decoding=\"async\" width=\"2492\" height=\"1869\" src=\"https:\/\/inzain.bike\/wp-content\/uploads\/2021\/03\/g0034018.jpg?w=1024\" alt=\"\" class=\"wp-image-105\"\/><\/figure>\n\n\n\n<p><\/p>\n\n\n\n<p>Liput julkaistaan 1.5<br><br><\/p>\n\n\n\n<p><\/p>\n\n\n\n<p><br>Aurinko :<\/p>\n\n\n\n<figure class=\"wp-block-table\"><table><tbody><tr><td><strong>04:06<\/strong><\/td><td><strong>21:40<\/strong><\/td><\/tr><\/tbody><\/table><\/figure>\n\n\n\n<p><br><br><br><br><br><br><br><\/p>","protected":false},"excerpt":{"rendered":"<p>27 Augusti 2022 bjuder INZAIN Gravel in till en riktigt utmaning i S\u00f6rmland. Str\u00e4ckningarna att v\u00e4lja mellan \u00e4r 160km eller 320km, 200 miles. I turen ing\u00e5r Kaffe och Macka\/Bulle vid starten. Dep\u00e5er med mat och energi, En dep\u00e5 f\u00f6r 130 km och tv\u00e5 dep\u00e5er f\u00f6r 220 km. Akutbil finns som har verktyg och kan transportera [&hellip;]<\/p>\n","protected":false},"author":135133094,"featured_media":0,"parent":0,"menu_order":0,"comment_status":"closed","ping_status":"closed","template":"","meta":{"_coblocks_attr":"","_coblocks_dimensions":"","_coblocks_responsive_height":"","_coblocks_accordion_ie_support":"","footnotes":""},"class_list":["post-698","page","type-page","status-publish","hentry"],"yoast_head":"<!-- This site is optimized with the Yoast SEO plugin v27.2 - https:\/\/yoast.com\/product\/yoast-seo-wordpress\/ -->\n<title>INZAIN Gravel Grinder 2022 - INZAIN Cycling EXPERIENCES<\/title>\n<meta name=\"robots\" content=\"index, follow, max-snippet:-1, max-image-preview:large, max-video-preview:-1\" \/>\n<link rel=\"canonical\" href=\"https:\/\/inzain.bike\/fi\/inzain-gravel-grinder-2022\/\" \/>\n<meta property=\"og:locale\" content=\"fi_FI\" \/>\n<meta property=\"og:type\" content=\"article\" \/>\n<meta property=\"og:title\" content=\"INZAIN Gravel Grinder 2022 - INZAIN Cycling EXPERIENCES\" \/>\n<meta property=\"og:description\" content=\"27 Augusti 2022 bjuder INZAIN Gravel in till en riktigt utmaning i S\u00f6rmland. Str\u00e4ckningarna att v\u00e4lja mellan \u00e4r 160km eller 320km, 200 miles. I turen ing\u00e5r Kaffe och Macka\/Bulle vid starten. Dep\u00e5er med mat och energi, En dep\u00e5 f\u00f6r 130 km och tv\u00e5 dep\u00e5er f\u00f6r 220 km. Akutbil finns som har verktyg och kan transportera [&hellip;]\" \/>\n<meta property=\"og:url\" content=\"https:\/\/inzain.bike\/fi\/inzain-gravel-grinder-2022\/\" \/>\n<meta property=\"og:site_name\" content=\"INZAIN Cycling EXPERIENCES\" \/>\n<meta property=\"article:publisher\" content=\"https:\/\/www.facebook.com\/Inzain.bike\" \/>\n<meta property=\"article:modified_time\" content=\"2022-06-22T18:18:32+00:00\" \/>\n<meta property=\"og:image\" content=\"https:\/\/inzain.bike\/wp-content\/uploads\/2022\/02\/G0037969-1024x768.jpg\" \/>\n<meta name=\"twitter:card\" content=\"summary_large_image\" \/>\n<meta name=\"twitter:label1\" content=\"Arvioitu lukuaika\" \/>\n\t<meta name=\"twitter:data1\" content=\"1 minuutti\" \/>\n<script type=\"application\/ld+json\" class=\"yoast-schema-graph\">{\"@context\":\"https:\/\/schema.org\",\"@graph\":[{\"@type\":\"WebPage\",\"@id\":\"https:\/\/inzain.bike\/sv_se\/inzain-gravel-grinder-2022\/\",\"url\":\"https:\/\/inzain.bike\/sv_se\/inzain-gravel-grinder-2022\/\",\"name\":\"INZAIN Gravel Grinder 2022 - INZAIN Cycling EXPERIENCES\",\"isPartOf\":{\"@id\":\"https:\/\/inzain.bike\/fr_be\/#website\"},\"primaryImageOfPage\":{\"@id\":\"https:\/\/inzain.bike\/sv_se\/inzain-gravel-grinder-2022\/#primaryimage\"},\"image\":{\"@id\":\"https:\/\/inzain.bike\/sv_se\/inzain-gravel-grinder-2022\/#primaryimage\"},\"thumbnailUrl\":\"https:\/\/inzain.bike\/wp-content\/uploads\/2022\/02\/G0037969-1024x768.jpg\",\"datePublished\":\"2021-10-06T09:02:21+00:00\",\"dateModified\":\"2022-06-22T18:18:32+00:00\",\"breadcrumb\":{\"@id\":\"https:\/\/inzain.bike\/sv_se\/inzain-gravel-grinder-2022\/#breadcrumb\"},\"inLanguage\":\"fi\",\"potentialAction\":[{\"@type\":\"ReadAction\",\"target\":[\"https:\/\/inzain.bike\/sv_se\/inzain-gravel-grinder-2022\/\"]}]},{\"@type\":\"ImageObject\",\"inLanguage\":\"fi\",\"@id\":\"https:\/\/inzain.bike\/sv_se\/inzain-gravel-grinder-2022\/#primaryimage\",\"url\":\"https:\/\/inzain.bike\/wp-content\/uploads\/2022\/02\/G0037969-1024x768.jpg\",\"contentUrl\":\"https:\/\/inzain.bike\/wp-content\/uploads\/2022\/02\/G0037969-1024x768.jpg\"},{\"@type\":\"BreadcrumbList\",\"@id\":\"https:\/\/inzain.bike\/sv_se\/inzain-gravel-grinder-2022\/#breadcrumb\",\"itemListElement\":[{\"@type\":\"ListItem\",\"position\":1,\"name\":\"Hem\",\"item\":\"https:\/\/inzain.bike\/fr_be\/\"},{\"@type\":\"ListItem\",\"position\":2,\"name\":\"INZAIN Gravel Grinder 2022\"}]},{\"@type\":\"WebSite\",\"@id\":\"https:\/\/inzain.bike\/fr_be\/#website\",\"url\":\"https:\/\/inzain.bike\/fr_be\/\",\"name\":\"INZAIN Cycling EXPERIENCES\",\"description\":\"Cyckling Adventures  - for everyone\",\"publisher\":{\"@id\":\"https:\/\/inzain.bike\/fr_be\/#organization\"},\"alternateName\":\"INZAIN Gravel & Travel\",\"potentialAction\":[{\"@type\":\"SearchAction\",\"target\":{\"@type\":\"EntryPoint\",\"urlTemplate\":\"https:\/\/inzain.bike\/fr_be\/?s={search_term_string}\"},\"query-input\":{\"@type\":\"PropertyValueSpecification\",\"valueRequired\":true,\"valueName\":\"search_term_string\"}}],\"inLanguage\":\"fi\"},{\"@type\":\"Organization\",\"@id\":\"https:\/\/inzain.bike\/fr_be\/#organization\",\"name\":\"INZAIN Cycling EXPERIENCES\",\"url\":\"https:\/\/inzain.bike\/fr_be\/\",\"logo\":{\"@type\":\"ImageObject\",\"inLanguage\":\"fi\",\"@id\":\"https:\/\/inzain.bike\/fr_be\/#\/schema\/logo\/image\/\",\"url\":\"https:\/\/i0.wp.com\/inzain.bike\/wp-content\/uploads\/2023\/09\/cropped-INZAIN_512x512_white.png?fit=512%2C512&ssl=1\",\"contentUrl\":\"https:\/\/i0.wp.com\/inzain.bike\/wp-content\/uploads\/2023\/09\/cropped-INZAIN_512x512_white.png?fit=512%2C512&ssl=1\",\"width\":512,\"height\":512,\"caption\":\"INZAIN Cycling EXPERIENCES\"},\"image\":{\"@id\":\"https:\/\/inzain.bike\/fr_be\/#\/schema\/logo\/image\/\"},\"sameAs\":[\"https:\/\/www.facebook.com\/Inzain.bike\",\"https:\/\/www.instagram.com\/inzainbike\"]}]}<\/script>\n<!-- \/ Yoast SEO plugin. -->","yoast_head_json":{"title":"INZAIN Gravel Grinder 2022 - INZAIN Cycling EXPERIENCES","robots":{"index":"index","follow":"follow","max-snippet":"max-snippet:-1","max-image-preview":"max-image-preview:large","max-video-preview":"max-video-preview:-1"},"canonical":"https:\/\/inzain.bike\/fi\/inzain-gravel-grinder-2022\/","og_locale":"fi_FI","og_type":"article","og_title":"INZAIN Gravel Grinder 2022 - INZAIN Cycling EXPERIENCES","og_description":"27 Augusti 2022 bjuder INZAIN Gravel in till en riktigt utmaning i S\u00f6rmland. Str\u00e4ckningarna att v\u00e4lja mellan \u00e4r 160km eller 320km, 200 miles. I turen ing\u00e5r Kaffe och Macka\/Bulle vid starten. Dep\u00e5er med mat och energi, En dep\u00e5 f\u00f6r 130 km och tv\u00e5 dep\u00e5er f\u00f6r 220 km. Akutbil finns som har verktyg och kan transportera [&hellip;]","og_url":"https:\/\/inzain.bike\/fi\/inzain-gravel-grinder-2022\/","og_site_name":"INZAIN Cycling EXPERIENCES","article_publisher":"https:\/\/www.facebook.com\/Inzain.bike","article_modified_time":"2022-06-22T18:18:32+00:00","og_image":[{"url":"https:\/\/inzain.bike\/wp-content\/uploads\/2022\/02\/G0037969-1024x768.jpg","type":"","width":"","height":""}],"twitter_card":"summary_large_image","twitter_misc":{"Arvioitu lukuaika":"1 minuutti"},"schema":{"@context":"https:\/\/schema.org","@graph":[{"@type":"WebPage","@id":"https:\/\/inzain.bike\/sv_se\/inzain-gravel-grinder-2022\/","url":"https:\/\/inzain.bike\/sv_se\/inzain-gravel-grinder-2022\/","name":"INZAIN Gravel Grinder 2022 - INZAIN Cycling EXPERIENCES","isPartOf":{"@id":"https:\/\/inzain.bike\/fr_be\/#website"},"primaryImageOfPage":{"@id":"https:\/\/inzain.bike\/sv_se\/inzain-gravel-grinder-2022\/#primaryimage"},"image":{"@id":"https:\/\/inzain.bike\/sv_se\/inzain-gravel-grinder-2022\/#primaryimage"},"thumbnailUrl":"https:\/\/inzain.bike\/wp-content\/uploads\/2022\/02\/G0037969-1024x768.jpg","datePublished":"2021-10-06T09:02:21+00:00","dateModified":"2022-06-22T18:18:32+00:00","breadcrumb":{"@id":"https:\/\/inzain.bike\/sv_se\/inzain-gravel-grinder-2022\/#breadcrumb"},"inLanguage":"fi","potentialAction":[{"@type":"ReadAction","target":["https:\/\/inzain.bike\/sv_se\/inzain-gravel-grinder-2022\/"]}]},{"@type":"ImageObject","inLanguage":"fi","@id":"https:\/\/inzain.bike\/sv_se\/inzain-gravel-grinder-2022\/#primaryimage","url":"https:\/\/inzain.bike\/wp-content\/uploads\/2022\/02\/G0037969-1024x768.jpg","contentUrl":"https:\/\/inzain.bike\/wp-content\/uploads\/2022\/02\/G0037969-1024x768.jpg"},{"@type":"BreadcrumbList","@id":"https:\/\/inzain.bike\/sv_se\/inzain-gravel-grinder-2022\/#breadcrumb","itemListElement":[{"@type":"ListItem","position":1,"name":"Hem","item":"https:\/\/inzain.bike\/fr_be\/"},{"@type":"ListItem","position":2,"name":"INZAIN Gravel Grinder 2022"}]},{"@type":"WebSite","@id":"https:\/\/inzain.bike\/fr_be\/#website","url":"https:\/\/inzain.bike\/fr_be\/","name":"INZAIN Py\u00f6r\u00e4ily-KOKEMUKSIA","description":"Py\u00f6r\u00e4ilyseikkailut - kaikille","publisher":{"@id":"https:\/\/inzain.bike\/fr_be\/#organization"},"alternateName":"INZAIN Gravel & Travel","potentialAction":[{"@type":"SearchAction","target":{"@type":"EntryPoint","urlTemplate":"https:\/\/inzain.bike\/fr_be\/?s={search_term_string}"},"query-input":{"@type":"PropertyValueSpecification","valueRequired":true,"valueName":"search_term_string"}}],"inLanguage":"fi"},{"@type":"Organization","@id":"https:\/\/inzain.bike\/fr_be\/#organization","name":"INZAIN Py\u00f6r\u00e4ily-KOKEMUKSIA","url":"https:\/\/inzain.bike\/fr_be\/","logo":{"@type":"ImageObject","inLanguage":"fi","@id":"https:\/\/inzain.bike\/fr_be\/#\/schema\/logo\/image\/","url":"https:\/\/i0.wp.com\/inzain.bike\/wp-content\/uploads\/2023\/09\/cropped-INZAIN_512x512_white.png?fit=512%2C512&ssl=1","contentUrl":"https:\/\/i0.wp.com\/inzain.bike\/wp-content\/uploads\/2023\/09\/cropped-INZAIN_512x512_white.png?fit=512%2C512&ssl=1","width":512,"height":512,"caption":"INZAIN Cycling EXPERIENCES"},"image":{"@id":"https:\/\/inzain.bike\/fr_be\/#\/schema\/logo\/image\/"},"sameAs":["https:\/\/www.facebook.com\/Inzain.bike","https:\/\/www.instagram.com\/inzainbike"]}]}},"amp_enabled":true,"_links":{"self":[{"href":"https:\/\/inzain.bike\/fi\/wp-json\/wp\/v2\/pages\/698","targetHints":{"allow":["GET"]}}],"collection":[{"href":"https:\/\/inzain.bike\/fi\/wp-json\/wp\/v2\/pages"}],"about":[{"href":"https:\/\/inzain.bike\/fi\/wp-json\/wp\/v2\/types\/page"}],"author":[{"embeddable":true,"href":"https:\/\/inzain.bike\/fi\/wp-json\/wp\/v2\/users\/135133094"}],"replies":[{"embeddable":true,"href":"https:\/\/inzain.bike\/fi\/wp-json\/wp\/v2\/comments?post=698"}],"version-history":[{"count":0,"href":"https:\/\/inzain.bike\/fi\/wp-json\/wp\/v2\/pages\/698\/revisions"}],"wp:attachment":[{"href":"https:\/\/inzain.bike\/fi\/wp-json\/wp\/v2\/media?parent=698"}],"curies":[{"name":"wp","href":"https:\/\/api.w.org\/{rel}","templated":true}]}}