{"id":7996,"date":"2025-03-31T10:33:24","date_gmt":"2025-03-31T08:33:24","guid":{"rendered":"https:\/\/inzain.bike\/?page_id=7996"},"modified":"2025-09-12T08:40:27","modified_gmt":"2025-09-12T06:40:27","slug":"tosca","status":"publish","type":"page","link":"https:\/\/inzain.bike\/fi\/tosca\/","title":{"rendered":"Olemme menossa Oopperaan 1.10.2025"},"content":{"rendered":"<p class=\"has-text-align-center has-vivid-red-color has-text-color has-link-color has-custom-weight wp-elements-ed4c48e87ce205128c0054ff20d06de5\" style=\"font-weight:bold;font-size:65px\"><strong>TOSCA <\/strong> <\/p>\n\n\n\n<p class=\"has-contrast-color has-text-color has-link-color has-custom-weight has-custom-letterspacing wp-elements-fefb69acae13ec32ed2f877cad462543\" style=\"letter-spacing:1.2px;font-weight:bold;font-size:51px\"><em>Yksi p\u00e4iv\u00e4, kolme tapaa kuolla.<\/em><\/p>\n\n\n\n<figure class=\"wp-block-image size-full\"><img loading=\"lazy\" decoding=\"async\" width=\"750\" height=\"1000\" src=\"https:\/\/inzain.bike\/wp-content\/uploads\/2025\/03\/tosca2.webp\" alt=\"\" class=\"wp-image-7999\" srcset=\"https:\/\/inzain.bike\/wp-content\/uploads\/2025\/03\/tosca2.webp 750w, https:\/\/inzain.bike\/wp-content\/uploads\/2025\/03\/tosca2-225x300.webp 225w, https:\/\/inzain.bike\/wp-content\/uploads\/2025\/03\/tosca2-9x12.webp 9w, https:\/\/inzain.bike\/wp-content\/uploads\/2025\/03\/tosca2-600x800.webp 600w\" sizes=\"auto, (max-width: 750px) 100vw, 750px\" \/><\/figure>\n\n\n\n<p>Menemme taas oopperaan. Pitk\u00e4 perinne jatkuu. T\u00e4ll\u00e4 kertaa kyseess\u00e4 on klassisen Toscan oopperan fantastinen tuotanto.<br><br><em>Trillerin kaltainen ooppera, joka sijoittuu poliittisten levottomuuksien ja sodan aikaan. Keskell\u00e4 ovat oopperalaulaja Floria Tosca, h\u00e4nen rakastajansa, taiteilija ja vapaustaistelija Mario Cavaradossi sek\u00e4 julma, kaikkivoipa poliisip\u00e4\u00e4llikk\u00f6 Scarpia. Rakkauskolmiodraama, joka on luotu Stub\u00f8n minimalistiseen ja syv\u00e4sti persoonalliseen ohjaukseen.<\/em><\/p>\n\n\n\n<p><em>Folkoperanin intiimill\u00e4 n\u00e4ytt\u00e4m\u00f6ll\u00e4 Toscasta tulee mukaansatempaava l\u00e4hikuva intohimosta, vallan v\u00e4\u00e4rink\u00e4yt\u00f6st\u00e4, kapinasta ja kauhusta. Tappava draama, jossa keskell\u00e4 oopperalaulaja Tosca ja Puccinin verrattoman kaunis musiikki.<\/em><\/p>\n\n\n\n<p><em>Folkoperanin musiikillinen johtaja Henrik Schaefer her\u00e4tt\u00e4\u00e4 kolmiodraaman henkiin yhdess\u00e4 puhallinorkesteri kanssa. T\u00e4\u00e4ll\u00e4 etsit\u00e4\u00e4n Puccinin musiikista intiimi\u00e4 mahtipontisen sijaan. Se antaa tiet\u00e4 uusille musiikillisille vivahteille, jotka vahvistavat tarinaa ja draamaa.&nbsp;<\/em><\/p>\n\n\n\n<p><em>Eirik Stub\u00f8 teki ruotsalaisen debyyttins\u00e4 oopperaohjaajana Bellinin Normalla vuonna 2022 Folkoperanissa, joka sai kiitosta sek\u00e4 yleis\u00f6lt\u00e4 ett\u00e4 kriitikoilta. Nyt h\u00e4n palaa saman joukkueen kanssa; Lavastus- ja pukusuunnittelija Magdalena \u00c5berg, valosuunnittelija Ellen Ruge, meikkitaiteilija Ther\u00e9sia Frisk ja k\u00e4\u00e4nt\u00e4j\u00e4 Tuvalisa Rangstr\u00f6m.&nbsp;<\/em><\/p>\n\n\n\n<p><em>Puccinin Tosca sai ensi-iltansa Roomassa vuonna 1900, ja sit\u00e4 pidet\u00e4\u00e4n yhten\u00e4 oopperakirjallisuuden mestariteoksia. Lauluilla, kuten \u00c9 lucivan e stelle (el\u00e4m\u00e4n laulu), Vissi d&#039;arte (Toscan rukous) ja Scarpian Tre sbirri\u2026 una carozza \u2013 joka p\u00e4\u00e4ttyy kuoroosaan Te Deum, se ei j\u00e4t\u00e4 ket\u00e4\u00e4n koskematta.<br>Italialainen Giacomo Puccini on yksi maailman johtavista s\u00e4velt\u00e4jist\u00e4, jonka CV:ss\u00e4 on oopperoita, kuten La Boh\u00e9me, Turandot ja Madama Butterfly. H\u00e4n eli kuin supert\u00e4hti aviorikosten kanssa, mieltymys eksklusiivisiin vaatteisiin, huviloihin, huviveneisiin ja autoihin. Mutta h\u00e4nen el\u00e4m\u00e4\u00e4ns\u00e4 leimasivat my\u00f6s masennus, sairaus ja tragedia. Puccini kuoli ep\u00e4onnistuneen leikkauksen j\u00e4lkeen vuonna 1924.<\/em><br><\/p>\n\n\n\n<p>Ilmoita itsesi ja mahdollinen yst\u00e4v\u00e4si alla olevalla lomakkeella.<br>Ostamme liput ja tuttuun tapaan istumme riviss\u00e4 2.<br>Niille, jotka haluavat, sy\u00f6mme v\u00e4lipalan Tapas Restaurant Madridissa, aivan Folkoperanin l\u00e4hell\u00e4. Jos haluat my\u00f6s olla mukana, valitse se lomakkeesta.<\/p>\n\n\n\n<p>Maksu suoritetaan syksyll\u00e4. Liput maksavat 415 SEK per henkil\u00f6.<\/p>\n\n\n\n<p>Ilmoittautuminen suljettu<\/p>","protected":false},"excerpt":{"rendered":"<p>TOSCA En dag, tre s\u00e4tt att d\u00f6. Vi g\u00e5r p\u00e5 Opera igen. En l\u00e5ng tradition forts\u00e4tter. Denna g\u00e5ng \u00e4r det en fantastisk upps\u00e4ttning av den klassiska operan Tosca. En thrillerartad opera som utspelar sig i en tid av politisk oro och krig. I centrum st\u00e5r operas\u00e5ngerskan Floria Tosca, hennes \u00e4lskade, konstn\u00e4ren och frihetsk\u00e4mpen Mario Cavaradossi [&hellip;]<\/p>\n","protected":false},"author":203917875,"featured_media":0,"parent":0,"menu_order":0,"comment_status":"closed","ping_status":"closed","template":"","meta":{"_coblocks_attr":"","_coblocks_dimensions":"","_coblocks_responsive_height":"","_coblocks_accordion_ie_support":"","footnotes":""},"class_list":["post-7996","page","type-page","status-publish","hentry"],"yoast_head":"<!-- This site is optimized with the Yoast SEO plugin v27.2 - https:\/\/yoast.com\/product\/yoast-seo-wordpress\/ -->\n<title>Vi g\u00e5r p\u00e5 Opera 1 Oktober 2025 - INZAIN Cycling EXPERIENCES<\/title>\n<meta name=\"robots\" content=\"index, follow, max-snippet:-1, max-image-preview:large, max-video-preview:-1\" \/>\n<link rel=\"canonical\" href=\"https:\/\/inzain.bike\/fi\/tosca\/\" \/>\n<meta property=\"og:locale\" content=\"fi_FI\" \/>\n<meta property=\"og:type\" content=\"article\" \/>\n<meta property=\"og:title\" content=\"Vi g\u00e5r p\u00e5 Opera 1 Oktober 2025 - INZAIN Cycling EXPERIENCES\" \/>\n<meta property=\"og:description\" content=\"TOSCA En dag, tre s\u00e4tt att d\u00f6. Vi g\u00e5r p\u00e5 Opera igen. En l\u00e5ng tradition forts\u00e4tter. Denna g\u00e5ng \u00e4r det en fantastisk upps\u00e4ttning av den klassiska operan Tosca. En thrillerartad opera som utspelar sig i en tid av politisk oro och krig. I centrum st\u00e5r operas\u00e5ngerskan Floria Tosca, hennes \u00e4lskade, konstn\u00e4ren och frihetsk\u00e4mpen Mario Cavaradossi [&hellip;]\" \/>\n<meta property=\"og:url\" content=\"https:\/\/inzain.bike\/fi\/tosca\/\" \/>\n<meta property=\"og:site_name\" content=\"INZAIN Cycling EXPERIENCES\" \/>\n<meta property=\"article:publisher\" content=\"https:\/\/www.facebook.com\/Inzain.bike\" \/>\n<meta property=\"article:modified_time\" content=\"2025-09-12T06:40:27+00:00\" \/>\n<meta property=\"og:image\" content=\"https:\/\/inzain.bike\/wp-content\/uploads\/2025\/03\/tosca2.webp\" \/>\n\t<meta property=\"og:image:width\" content=\"750\" \/>\n\t<meta property=\"og:image:height\" content=\"1000\" \/>\n\t<meta property=\"og:image:type\" content=\"image\/webp\" \/>\n<meta name=\"twitter:card\" content=\"summary_large_image\" \/>\n<meta name=\"twitter:label1\" content=\"Arvioitu lukuaika\" \/>\n\t<meta name=\"twitter:data1\" content=\"2 minuuttia\" \/>\n<script type=\"application\/ld+json\" class=\"yoast-schema-graph\">{\"@context\":\"https:\/\/schema.org\",\"@graph\":[{\"@type\":\"WebPage\",\"@id\":\"https:\/\/inzain.bike\/tosca\/\",\"url\":\"https:\/\/inzain.bike\/tosca\/\",\"name\":\"Vi g\u00e5r p\u00e5 Opera 1 Oktober 2025 - INZAIN Cycling EXPERIENCES\",\"isPartOf\":{\"@id\":\"https:\/\/inzain.bike\/fr_be\/#website\"},\"primaryImageOfPage\":{\"@id\":\"https:\/\/inzain.bike\/tosca\/#primaryimage\"},\"image\":{\"@id\":\"https:\/\/inzain.bike\/tosca\/#primaryimage\"},\"thumbnailUrl\":\"https:\/\/inzain.bike\/wp-content\/uploads\/2025\/03\/tosca2.webp\",\"datePublished\":\"2025-03-31T08:33:24+00:00\",\"dateModified\":\"2025-09-12T06:40:27+00:00\",\"breadcrumb\":{\"@id\":\"https:\/\/inzain.bike\/tosca\/#breadcrumb\"},\"inLanguage\":\"fi\",\"potentialAction\":[{\"@type\":\"ReadAction\",\"target\":[\"https:\/\/inzain.bike\/tosca\/\"]}]},{\"@type\":\"ImageObject\",\"inLanguage\":\"fi\",\"@id\":\"https:\/\/inzain.bike\/tosca\/#primaryimage\",\"url\":\"https:\/\/inzain.bike\/wp-content\/uploads\/2025\/03\/tosca2.webp\",\"contentUrl\":\"https:\/\/inzain.bike\/wp-content\/uploads\/2025\/03\/tosca2.webp\"},{\"@type\":\"BreadcrumbList\",\"@id\":\"https:\/\/inzain.bike\/tosca\/#breadcrumb\",\"itemListElement\":[{\"@type\":\"ListItem\",\"position\":1,\"name\":\"Hem\",\"item\":\"https:\/\/inzain.bike\/fr_be\/\"},{\"@type\":\"ListItem\",\"position\":2,\"name\":\"Vi g\u00e5r p\u00e5 Opera 1 Oktober 2025\"}]},{\"@type\":\"WebSite\",\"@id\":\"https:\/\/inzain.bike\/fr_be\/#website\",\"url\":\"https:\/\/inzain.bike\/fr_be\/\",\"name\":\"INZAIN Cycling EXPERIENCES\",\"description\":\"Cyckling Adventures  - for everyone\",\"publisher\":{\"@id\":\"https:\/\/inzain.bike\/fr_be\/#organization\"},\"alternateName\":\"INZAIN Gravel & Travel\",\"potentialAction\":[{\"@type\":\"SearchAction\",\"target\":{\"@type\":\"EntryPoint\",\"urlTemplate\":\"https:\/\/inzain.bike\/fr_be\/?s={search_term_string}\"},\"query-input\":{\"@type\":\"PropertyValueSpecification\",\"valueRequired\":true,\"valueName\":\"search_term_string\"}}],\"inLanguage\":\"fi\"},{\"@type\":\"Organization\",\"@id\":\"https:\/\/inzain.bike\/fr_be\/#organization\",\"name\":\"INZAIN Cycling EXPERIENCES\",\"url\":\"https:\/\/inzain.bike\/fr_be\/\",\"logo\":{\"@type\":\"ImageObject\",\"inLanguage\":\"fi\",\"@id\":\"https:\/\/inzain.bike\/fr_be\/#\/schema\/logo\/image\/\",\"url\":\"https:\/\/i0.wp.com\/inzain.bike\/wp-content\/uploads\/2023\/09\/cropped-INZAIN_512x512_white.png?fit=512%2C512&ssl=1\",\"contentUrl\":\"https:\/\/i0.wp.com\/inzain.bike\/wp-content\/uploads\/2023\/09\/cropped-INZAIN_512x512_white.png?fit=512%2C512&ssl=1\",\"width\":512,\"height\":512,\"caption\":\"INZAIN Cycling EXPERIENCES\"},\"image\":{\"@id\":\"https:\/\/inzain.bike\/fr_be\/#\/schema\/logo\/image\/\"},\"sameAs\":[\"https:\/\/www.facebook.com\/Inzain.bike\",\"https:\/\/www.instagram.com\/inzainbike\"]}]}<\/script>\n<!-- \/ Yoast SEO plugin. -->","yoast_head_json":{"title":"Vi g\u00e5r p\u00e5 Opera 1 Oktober 2025 - INZAIN Cycling EXPERIENCES","robots":{"index":"index","follow":"follow","max-snippet":"max-snippet:-1","max-image-preview":"max-image-preview:large","max-video-preview":"max-video-preview:-1"},"canonical":"https:\/\/inzain.bike\/fi\/tosca\/","og_locale":"fi_FI","og_type":"article","og_title":"Vi g\u00e5r p\u00e5 Opera 1 Oktober 2025 - INZAIN Cycling EXPERIENCES","og_description":"TOSCA En dag, tre s\u00e4tt att d\u00f6. Vi g\u00e5r p\u00e5 Opera igen. En l\u00e5ng tradition forts\u00e4tter. Denna g\u00e5ng \u00e4r det en fantastisk upps\u00e4ttning av den klassiska operan Tosca. En thrillerartad opera som utspelar sig i en tid av politisk oro och krig. I centrum st\u00e5r operas\u00e5ngerskan Floria Tosca, hennes \u00e4lskade, konstn\u00e4ren och frihetsk\u00e4mpen Mario Cavaradossi [&hellip;]","og_url":"https:\/\/inzain.bike\/fi\/tosca\/","og_site_name":"INZAIN Cycling EXPERIENCES","article_publisher":"https:\/\/www.facebook.com\/Inzain.bike","article_modified_time":"2025-09-12T06:40:27+00:00","og_image":[{"width":750,"height":1000,"url":"https:\/\/inzain.bike\/wp-content\/uploads\/2025\/03\/tosca2.webp","type":"image\/webp"}],"twitter_card":"summary_large_image","twitter_misc":{"Arvioitu lukuaika":"2 minuuttia"},"schema":{"@context":"https:\/\/schema.org","@graph":[{"@type":"WebPage","@id":"https:\/\/inzain.bike\/tosca\/","url":"https:\/\/inzain.bike\/tosca\/","name":"Vi g\u00e5r p\u00e5 Opera 1 Oktober 2025 - INZAIN Cycling EXPERIENCES","isPartOf":{"@id":"https:\/\/inzain.bike\/fr_be\/#website"},"primaryImageOfPage":{"@id":"https:\/\/inzain.bike\/tosca\/#primaryimage"},"image":{"@id":"https:\/\/inzain.bike\/tosca\/#primaryimage"},"thumbnailUrl":"https:\/\/inzain.bike\/wp-content\/uploads\/2025\/03\/tosca2.webp","datePublished":"2025-03-31T08:33:24+00:00","dateModified":"2025-09-12T06:40:27+00:00","breadcrumb":{"@id":"https:\/\/inzain.bike\/tosca\/#breadcrumb"},"inLanguage":"fi","potentialAction":[{"@type":"ReadAction","target":["https:\/\/inzain.bike\/tosca\/"]}]},{"@type":"ImageObject","inLanguage":"fi","@id":"https:\/\/inzain.bike\/tosca\/#primaryimage","url":"https:\/\/inzain.bike\/wp-content\/uploads\/2025\/03\/tosca2.webp","contentUrl":"https:\/\/inzain.bike\/wp-content\/uploads\/2025\/03\/tosca2.webp"},{"@type":"BreadcrumbList","@id":"https:\/\/inzain.bike\/tosca\/#breadcrumb","itemListElement":[{"@type":"ListItem","position":1,"name":"Hem","item":"https:\/\/inzain.bike\/fr_be\/"},{"@type":"ListItem","position":2,"name":"Vi g\u00e5r p\u00e5 Opera 1 Oktober 2025"}]},{"@type":"WebSite","@id":"https:\/\/inzain.bike\/fr_be\/#website","url":"https:\/\/inzain.bike\/fr_be\/","name":"INZAIN Py\u00f6r\u00e4ily-KOKEMUKSIA","description":"Py\u00f6r\u00e4ilyseikkailut - kaikille","publisher":{"@id":"https:\/\/inzain.bike\/fr_be\/#organization"},"alternateName":"INZAIN Gravel & Travel","potentialAction":[{"@type":"SearchAction","target":{"@type":"EntryPoint","urlTemplate":"https:\/\/inzain.bike\/fr_be\/?s={search_term_string}"},"query-input":{"@type":"PropertyValueSpecification","valueRequired":true,"valueName":"search_term_string"}}],"inLanguage":"fi"},{"@type":"Organization","@id":"https:\/\/inzain.bike\/fr_be\/#organization","name":"INZAIN Py\u00f6r\u00e4ily-KOKEMUKSIA","url":"https:\/\/inzain.bike\/fr_be\/","logo":{"@type":"ImageObject","inLanguage":"fi","@id":"https:\/\/inzain.bike\/fr_be\/#\/schema\/logo\/image\/","url":"https:\/\/i0.wp.com\/inzain.bike\/wp-content\/uploads\/2023\/09\/cropped-INZAIN_512x512_white.png?fit=512%2C512&ssl=1","contentUrl":"https:\/\/i0.wp.com\/inzain.bike\/wp-content\/uploads\/2023\/09\/cropped-INZAIN_512x512_white.png?fit=512%2C512&ssl=1","width":512,"height":512,"caption":"INZAIN Cycling EXPERIENCES"},"image":{"@id":"https:\/\/inzain.bike\/fr_be\/#\/schema\/logo\/image\/"},"sameAs":["https:\/\/www.facebook.com\/Inzain.bike","https:\/\/www.instagram.com\/inzainbike"]}]}},"amp_enabled":true,"_links":{"self":[{"href":"https:\/\/inzain.bike\/fi\/wp-json\/wp\/v2\/pages\/7996","targetHints":{"allow":["GET"]}}],"collection":[{"href":"https:\/\/inzain.bike\/fi\/wp-json\/wp\/v2\/pages"}],"about":[{"href":"https:\/\/inzain.bike\/fi\/wp-json\/wp\/v2\/types\/page"}],"author":[{"embeddable":true,"href":"https:\/\/inzain.bike\/fi\/wp-json\/wp\/v2\/users\/203917875"}],"replies":[{"embeddable":true,"href":"https:\/\/inzain.bike\/fi\/wp-json\/wp\/v2\/comments?post=7996"}],"version-history":[{"count":5,"href":"https:\/\/inzain.bike\/fi\/wp-json\/wp\/v2\/pages\/7996\/revisions"}],"predecessor-version":[{"id":8716,"href":"https:\/\/inzain.bike\/fi\/wp-json\/wp\/v2\/pages\/7996\/revisions\/8716"}],"wp:attachment":[{"href":"https:\/\/inzain.bike\/fi\/wp-json\/wp\/v2\/media?parent=7996"}],"curies":[{"name":"wp","href":"https:\/\/api.w.org\/{rel}","templated":true}]}}