{"id":8144,"date":"2025-06-02T20:32:31","date_gmt":"2025-06-02T18:32:31","guid":{"rendered":"https:\/\/inzain.bike\/?page_id=8144"},"modified":"2025-06-25T08:28:46","modified_gmt":"2025-06-25T06:28:46","slug":"apr25","status":"publish","type":"page","link":"https:\/\/inzain.bike\/fi\/apr25\/","title":{"rendered":"Saaristo Raidi -25"},"content":{"rendered":"<figure class=\"wp-block-image size-full\"><img loading=\"lazy\" decoding=\"async\" width=\"800\" height=\"800\" src=\"https:\/\/inzain.bike\/wp-content\/uploads\/2022\/08\/fully.jpg\" alt=\"\" class=\"wp-image-1869\" srcset=\"https:\/\/inzain.bike\/wp-content\/uploads\/2022\/08\/fully.jpg 800w, https:\/\/inzain.bike\/wp-content\/uploads\/2022\/08\/fully-300x300.jpg 300w, https:\/\/inzain.bike\/wp-content\/uploads\/2022\/08\/fully-150x150.jpg 150w, https:\/\/inzain.bike\/wp-content\/uploads\/2022\/08\/fully-768x768.jpg 768w, https:\/\/inzain.bike\/wp-content\/uploads\/2022\/08\/fully-12x12.jpg 12w, https:\/\/inzain.bike\/wp-content\/uploads\/2022\/08\/fully-600x600.jpg 600w, https:\/\/inzain.bike\/wp-content\/uploads\/2022\/08\/fully-100x100.jpg 100w\" sizes=\"auto, (max-width: 800px) 100vw, 800px\" \/><\/figure>\n\n\n\n<figure class=\"wp-block-image alignwide size-large\"><img loading=\"lazy\" decoding=\"async\" width=\"1024\" height=\"768\" src=\"https:\/\/inzain.bike\/wp-content\/uploads\/2025\/06\/20250516_160618-1024x768.jpg\" alt=\"\" class=\"wp-image-8146\" srcset=\"https:\/\/inzain.bike\/wp-content\/uploads\/2025\/06\/20250516_160618-1024x768.jpg 1024w, https:\/\/inzain.bike\/wp-content\/uploads\/2025\/06\/20250516_160618-300x225.jpg 300w, https:\/\/inzain.bike\/wp-content\/uploads\/2025\/06\/20250516_160618-768x576.jpg 768w, https:\/\/inzain.bike\/wp-content\/uploads\/2025\/06\/20250516_160618-1536x1152.jpg 1536w, https:\/\/inzain.bike\/wp-content\/uploads\/2025\/06\/20250516_160618-2048x1536.jpg 2048w, https:\/\/inzain.bike\/wp-content\/uploads\/2025\/06\/20250516_160618-16x12.jpg 16w, https:\/\/inzain.bike\/wp-content\/uploads\/2025\/06\/20250516_160618-1320x990.jpg 1320w, https:\/\/inzain.bike\/wp-content\/uploads\/2025\/06\/20250516_160618-600x450.jpg 600w\" sizes=\"auto, (max-width: 1024px) 100vw, 1024px\" \/><\/figure>\n\n\n\n<p>Tervetuloa upealle Tukholman saariston kierrokselle<\/p>\n\n\n\n<p><strong>Kun<\/strong>29. kes\u00e4kuuta 2025<br><strong>Miss\u00e4<\/strong>V\u00e4rmd\u00f6\/Djur\u00f6\/Vind\u00f6<br><strong>Miten<\/strong>L\u00e4ht\u00f6 ja maali Grisslingess\u00e4<br><strong>Hinta<\/strong>: Vapaa<br><strong>Tiedot<\/strong>Leipomo toimittaa kahvia rannalle. Tilaat ja maksat rekister\u00f6itymisen yhteydess\u00e4.<\/p>\n\n\n\n<p>T\u00e4m\u00e4 on todella j\u00e4nnitt\u00e4v\u00e4 retki saaristoon. L\u00e4ht\u00f6paikka on Grisslinge (sinulla on hyv\u00e4 kahvila, josta voi nauttia kahvia ennen ja j\u00e4lkeen matkan). Ohitamme todella kauniita ja mielenkiintoisia paikkoja, kuten Brevikin lahden, V\u00e5mfj\u00e4rdenin uimapaikan, Stavsn\u00e4sin ven\u00e4l\u00e4isten pommitusten j\u00e4lkeiset kraatterit ja Havs\u00e4ngenin aivan maagisen n\u00e4kym\u00e4n.<br>Pid\u00e4mme ensimm\u00e4isen kahvitaukomme uskomattoman kauniilla Helgarsvikin rannalla. Kotileipomo tarjoilee kahvia, leivonnaisia ja juomia. (Tilataan etuk\u00e4teen ja maksetaan ilmoittautumisen yhteydess\u00e4.)<\/p>\n\n\n\n<p>Py\u00f6r\u00e4ilemme monilla saarilla ja meren l\u00e4hell\u00e4. Todella nautinnollinen reissu. Lounas sy\u00f6d\u00e4\u00e4n meren rannalla Djur\u00f6n\u00e4sets Sj\u00f6bodissa.<\/p>\n\n\n\n<p>Helppo py\u00f6r\u00e4ilyreitti, jossa py\u00f6r\u00e4\u00e4 voi johdattaa lyhyen matkan muutamaan paikkaan.<\/p>\n\n\n\n<figure class=\"wp-block-image alignwide size-large\"><img loading=\"lazy\" decoding=\"async\" width=\"1024\" height=\"768\" src=\"https:\/\/inzain.bike\/wp-content\/uploads\/2025\/06\/20250516_155125-1024x768.jpg\" alt=\"\" class=\"wp-image-8147\" srcset=\"https:\/\/inzain.bike\/wp-content\/uploads\/2025\/06\/20250516_155125-1024x768.jpg 1024w, https:\/\/inzain.bike\/wp-content\/uploads\/2025\/06\/20250516_155125-300x225.jpg 300w, https:\/\/inzain.bike\/wp-content\/uploads\/2025\/06\/20250516_155125-768x576.jpg 768w, https:\/\/inzain.bike\/wp-content\/uploads\/2025\/06\/20250516_155125-1536x1152.jpg 1536w, https:\/\/inzain.bike\/wp-content\/uploads\/2025\/06\/20250516_155125-2048x1536.jpg 2048w, https:\/\/inzain.bike\/wp-content\/uploads\/2025\/06\/20250516_155125-16x12.jpg 16w, https:\/\/inzain.bike\/wp-content\/uploads\/2025\/06\/20250516_155125-1320x990.jpg 1320w, https:\/\/inzain.bike\/wp-content\/uploads\/2025\/06\/20250516_155125-600x450.jpg 600w\" sizes=\"auto, (max-width: 1024px) 100vw, 1024px\" \/><\/figure>\n\n\n\n<p><br><\/p>\n\n\n\n<p><strong>Mit\u00e4 voit odottaa?<\/strong><br>Py\u00f6r\u00e4ilemme pit\u00e4\u00e4ksemme hauskaa, v\u00e4li\u00e4 ei ole, eik\u00e4 kyse ole nopeimmasta py\u00f6r\u00e4ilyst\u00e4 vaan parhaan kokemuksen saamisesta. Jos haluat tuhlata, se on tietysti hyv\u00e4, odotat edelleen. Voimme my\u00f6s jakaa ryhm\u00e4n, jos se osoittautuu paremmaksi. Oppaillamme on paljon kokemusta n\u00e4iden retkien j\u00e4rjest\u00e4misest\u00e4 ja pit\u00e4misest\u00e4.<br><\/p>\n\n\n\n<figure class=\"wp-block-image alignwide size-large\"><img loading=\"lazy\" decoding=\"async\" width=\"768\" height=\"1024\" src=\"https:\/\/inzain.bike\/wp-content\/uploads\/2025\/06\/20250515_132442-768x1024.jpg\" alt=\"\" class=\"wp-image-8148\" srcset=\"https:\/\/inzain.bike\/wp-content\/uploads\/2025\/06\/20250515_132442-768x1024.jpg 768w, https:\/\/inzain.bike\/wp-content\/uploads\/2025\/06\/20250515_132442-225x300.jpg 225w, https:\/\/inzain.bike\/wp-content\/uploads\/2025\/06\/20250515_132442-1152x1536.jpg 1152w, https:\/\/inzain.bike\/wp-content\/uploads\/2025\/06\/20250515_132442-1536x2048.jpg 1536w, https:\/\/inzain.bike\/wp-content\/uploads\/2025\/06\/20250515_132442-9x12.jpg 9w, https:\/\/inzain.bike\/wp-content\/uploads\/2025\/06\/20250515_132442-1320x1760.jpg 1320w, https:\/\/inzain.bike\/wp-content\/uploads\/2025\/06\/20250515_132442-600x800.jpg 600w, https:\/\/inzain.bike\/wp-content\/uploads\/2025\/06\/20250515_132442-scaled.jpg 1920w\" sizes=\"auto, (max-width: 768px) 100vw, 768px\" \/><\/figure>\n\n\n\n<p><br><strong>Py\u00f6r\u00e4ilemme Grusets V\u00e4nnerin periaatteiden mukaan.<\/strong><br>* Ket\u00e4\u00e4n ei j\u00e4tet\u00e4 yksin, kaikkien on liitytt\u00e4v\u00e4<br>* Pomppiminen sujuu hyvin, odota my\u00f6hemmin<br>* Huolehdimme ja autamme toisiamme punkkien tai muiden asioiden sattuessa.<br>* Py\u00f6r\u00e4ilemme turvallisesti ja pid\u00e4mme et\u00e4isyytt\u00e4, muista kolmen sekunnin s\u00e4\u00e4nt\u00f6.<br>* Kyse on mukavan p\u00e4iv\u00e4n pit\u00e4misest\u00e4.<\/p>\n\n\n\n<p>Ilmoittautuminen suljettu<\/p>","protected":false},"excerpt":{"rendered":"<p>V\u00e4lkommen till en fantastisk tur i Stockholms Sk\u00e4rg\u00e5rd N\u00e4r: 29 Juni 2025Var: V\u00e4rmd\u00f6\/Djur\u00f6\/Vind\u00f6Hur: Start och m\u00e5l i GrisslingePris: GratisInfo: Ett bageri k\u00f6r ut fika till en strand. Man best\u00e4ller &amp; betalar vid anm\u00e4lan Det h\u00e4r \u00e4r en riktigt sp\u00e4nnande tur ut i sk\u00e4rg\u00e5rden. Start vid Grisslinge, (d\u00e4r finns ett bra fik f\u00f6r pre\/post ride fika). [&hellip;]<\/p>\n","protected":false},"author":203917875,"featured_media":0,"parent":0,"menu_order":0,"comment_status":"closed","ping_status":"closed","template":"","meta":{"_coblocks_attr":"","_coblocks_dimensions":"","_coblocks_responsive_height":"","_coblocks_accordion_ie_support":"","footnotes":""},"class_list":["post-8144","page","type-page","status-publish","hentry"],"yoast_head":"<!-- This site is optimized with the Yoast SEO plugin v27.2 - https:\/\/yoast.com\/product\/yoast-seo-wordpress\/ -->\n<title>Archipelago Raid 2025 - INZAIN Cycling EXPERIENCES<\/title>\n<meta name=\"robots\" content=\"index, follow, max-snippet:-1, max-image-preview:large, max-video-preview:-1\" \/>\n<link rel=\"canonical\" href=\"https:\/\/inzain.bike\/fi\/apr25\/\" \/>\n<meta property=\"og:locale\" content=\"fi_FI\" \/>\n<meta property=\"og:type\" content=\"article\" \/>\n<meta property=\"og:title\" content=\"Archipelago Raid 2025 - INZAIN Cycling EXPERIENCES\" \/>\n<meta property=\"og:description\" content=\"V\u00e4lkommen till en fantastisk tur i Stockholms Sk\u00e4rg\u00e5rd N\u00e4r: 29 Juni 2025Var: V\u00e4rmd\u00f6\/Djur\u00f6\/Vind\u00f6Hur: Start och m\u00e5l i GrisslingePris: GratisInfo: Ett bageri k\u00f6r ut fika till en strand. Man best\u00e4ller &amp; betalar vid anm\u00e4lan Det h\u00e4r \u00e4r en riktigt sp\u00e4nnande tur ut i sk\u00e4rg\u00e5rden. Start vid Grisslinge, (d\u00e4r finns ett bra fik f\u00f6r pre\/post ride fika). [&hellip;]\" \/>\n<meta property=\"og:url\" content=\"https:\/\/inzain.bike\/fi\/apr25\/\" \/>\n<meta property=\"og:site_name\" content=\"INZAIN Cycling EXPERIENCES\" \/>\n<meta property=\"article:publisher\" content=\"https:\/\/www.facebook.com\/Inzain.bike\" \/>\n<meta property=\"article:modified_time\" content=\"2025-06-25T06:28:46+00:00\" \/>\n<meta property=\"og:image\" content=\"https:\/\/inzain.bike\/wp-content\/uploads\/2022\/08\/fully.jpg\" \/>\n<meta name=\"twitter:card\" content=\"summary_large_image\" \/>\n<meta name=\"twitter:label1\" content=\"Arvioitu lukuaika\" \/>\n\t<meta name=\"twitter:data1\" content=\"3 minuuttia\" \/>\n<script type=\"application\/ld+json\" class=\"yoast-schema-graph\">{\"@context\":\"https:\/\/schema.org\",\"@graph\":[{\"@type\":\"WebPage\",\"@id\":\"https:\/\/inzain.bike\/es\/apr25\/\",\"url\":\"https:\/\/inzain.bike\/es\/apr25\/\",\"name\":\"Archipelago Raid 2025 - INZAIN Cycling EXPERIENCES\",\"isPartOf\":{\"@id\":\"https:\/\/inzain.bike\/fr_be\/#website\"},\"primaryImageOfPage\":{\"@id\":\"https:\/\/inzain.bike\/es\/apr25\/#primaryimage\"},\"image\":{\"@id\":\"https:\/\/inzain.bike\/es\/apr25\/#primaryimage\"},\"thumbnailUrl\":\"https:\/\/inzain.bike\/wp-content\/uploads\/2022\/08\/fully.jpg\",\"datePublished\":\"2025-06-02T18:32:31+00:00\",\"dateModified\":\"2025-06-25T06:28:46+00:00\",\"breadcrumb\":{\"@id\":\"https:\/\/inzain.bike\/es\/apr25\/#breadcrumb\"},\"inLanguage\":\"fi\",\"potentialAction\":[{\"@type\":\"ReadAction\",\"target\":[\"https:\/\/inzain.bike\/es\/apr25\/\"]}]},{\"@type\":\"ImageObject\",\"inLanguage\":\"fi\",\"@id\":\"https:\/\/inzain.bike\/es\/apr25\/#primaryimage\",\"url\":\"https:\/\/inzain.bike\/wp-content\/uploads\/2022\/08\/fully.jpg\",\"contentUrl\":\"https:\/\/inzain.bike\/wp-content\/uploads\/2022\/08\/fully.jpg\"},{\"@type\":\"BreadcrumbList\",\"@id\":\"https:\/\/inzain.bike\/es\/apr25\/#breadcrumb\",\"itemListElement\":[{\"@type\":\"ListItem\",\"position\":1,\"name\":\"Hem\",\"item\":\"https:\/\/inzain.bike\/fr_be\/\"},{\"@type\":\"ListItem\",\"position\":2,\"name\":\"Archipelago Raid 2025\"}]},{\"@type\":\"WebSite\",\"@id\":\"https:\/\/inzain.bike\/fr_be\/#website\",\"url\":\"https:\/\/inzain.bike\/fr_be\/\",\"name\":\"INZAIN Cycling EXPERIENCES\",\"description\":\"Cyckling Adventures  - for everyone\",\"publisher\":{\"@id\":\"https:\/\/inzain.bike\/fr_be\/#organization\"},\"alternateName\":\"INZAIN Gravel & Travel\",\"potentialAction\":[{\"@type\":\"SearchAction\",\"target\":{\"@type\":\"EntryPoint\",\"urlTemplate\":\"https:\/\/inzain.bike\/fr_be\/?s={search_term_string}\"},\"query-input\":{\"@type\":\"PropertyValueSpecification\",\"valueRequired\":true,\"valueName\":\"search_term_string\"}}],\"inLanguage\":\"fi\"},{\"@type\":\"Organization\",\"@id\":\"https:\/\/inzain.bike\/fr_be\/#organization\",\"name\":\"INZAIN Cycling EXPERIENCES\",\"url\":\"https:\/\/inzain.bike\/fr_be\/\",\"logo\":{\"@type\":\"ImageObject\",\"inLanguage\":\"fi\",\"@id\":\"https:\/\/inzain.bike\/fr_be\/#\/schema\/logo\/image\/\",\"url\":\"https:\/\/i0.wp.com\/inzain.bike\/wp-content\/uploads\/2023\/09\/cropped-INZAIN_512x512_white.png?fit=512%2C512&ssl=1\",\"contentUrl\":\"https:\/\/i0.wp.com\/inzain.bike\/wp-content\/uploads\/2023\/09\/cropped-INZAIN_512x512_white.png?fit=512%2C512&ssl=1\",\"width\":512,\"height\":512,\"caption\":\"INZAIN Cycling EXPERIENCES\"},\"image\":{\"@id\":\"https:\/\/inzain.bike\/fr_be\/#\/schema\/logo\/image\/\"},\"sameAs\":[\"https:\/\/www.facebook.com\/Inzain.bike\",\"https:\/\/www.instagram.com\/inzainbike\"]}]}<\/script>\n<!-- \/ Yoast SEO plugin. -->","yoast_head_json":{"title":"Saaristoretki 2025 - INZAIN Cycling EXPERIENCES","robots":{"index":"index","follow":"follow","max-snippet":"max-snippet:-1","max-image-preview":"max-image-preview:large","max-video-preview":"max-video-preview:-1"},"canonical":"https:\/\/inzain.bike\/fi\/apr25\/","og_locale":"fi_FI","og_type":"article","og_title":"Archipelago Raid 2025 - INZAIN Cycling EXPERIENCES","og_description":"V\u00e4lkommen till en fantastisk tur i Stockholms Sk\u00e4rg\u00e5rd N\u00e4r: 29 Juni 2025Var: V\u00e4rmd\u00f6\/Djur\u00f6\/Vind\u00f6Hur: Start och m\u00e5l i GrisslingePris: GratisInfo: Ett bageri k\u00f6r ut fika till en strand. Man best\u00e4ller &amp; betalar vid anm\u00e4lan Det h\u00e4r \u00e4r en riktigt sp\u00e4nnande tur ut i sk\u00e4rg\u00e5rden. Start vid Grisslinge, (d\u00e4r finns ett bra fik f\u00f6r pre\/post ride fika). [&hellip;]","og_url":"https:\/\/inzain.bike\/fi\/apr25\/","og_site_name":"INZAIN Cycling EXPERIENCES","article_publisher":"https:\/\/www.facebook.com\/Inzain.bike","article_modified_time":"2025-06-25T06:28:46+00:00","og_image":[{"url":"https:\/\/inzain.bike\/wp-content\/uploads\/2022\/08\/fully.jpg","type":"","width":"","height":""}],"twitter_card":"summary_large_image","twitter_misc":{"Arvioitu lukuaika":"3 minuuttia"},"schema":{"@context":"https:\/\/schema.org","@graph":[{"@type":"WebPage","@id":"https:\/\/inzain.bike\/es\/apr25\/","url":"https:\/\/inzain.bike\/es\/apr25\/","name":"Saaristoretki 2025 - INZAIN Cycling EXPERIENCES","isPartOf":{"@id":"https:\/\/inzain.bike\/fr_be\/#website"},"primaryImageOfPage":{"@id":"https:\/\/inzain.bike\/es\/apr25\/#primaryimage"},"image":{"@id":"https:\/\/inzain.bike\/es\/apr25\/#primaryimage"},"thumbnailUrl":"https:\/\/inzain.bike\/wp-content\/uploads\/2022\/08\/fully.jpg","datePublished":"2025-06-02T18:32:31+00:00","dateModified":"2025-06-25T06:28:46+00:00","breadcrumb":{"@id":"https:\/\/inzain.bike\/es\/apr25\/#breadcrumb"},"inLanguage":"fi","potentialAction":[{"@type":"ReadAction","target":["https:\/\/inzain.bike\/es\/apr25\/"]}]},{"@type":"ImageObject","inLanguage":"fi","@id":"https:\/\/inzain.bike\/es\/apr25\/#primaryimage","url":"https:\/\/inzain.bike\/wp-content\/uploads\/2022\/08\/fully.jpg","contentUrl":"https:\/\/inzain.bike\/wp-content\/uploads\/2022\/08\/fully.jpg"},{"@type":"BreadcrumbList","@id":"https:\/\/inzain.bike\/es\/apr25\/#breadcrumb","itemListElement":[{"@type":"ListItem","position":1,"name":"Hem","item":"https:\/\/inzain.bike\/fr_be\/"},{"@type":"ListItem","position":2,"name":"Archipelago Raid 2025"}]},{"@type":"WebSite","@id":"https:\/\/inzain.bike\/fr_be\/#website","url":"https:\/\/inzain.bike\/fr_be\/","name":"INZAIN Py\u00f6r\u00e4ily-KOKEMUKSIA","description":"Py\u00f6r\u00e4ilyseikkailut - kaikille","publisher":{"@id":"https:\/\/inzain.bike\/fr_be\/#organization"},"alternateName":"INZAIN Gravel & Travel","potentialAction":[{"@type":"SearchAction","target":{"@type":"EntryPoint","urlTemplate":"https:\/\/inzain.bike\/fr_be\/?s={search_term_string}"},"query-input":{"@type":"PropertyValueSpecification","valueRequired":true,"valueName":"search_term_string"}}],"inLanguage":"fi"},{"@type":"Organization","@id":"https:\/\/inzain.bike\/fr_be\/#organization","name":"INZAIN Py\u00f6r\u00e4ily-KOKEMUKSIA","url":"https:\/\/inzain.bike\/fr_be\/","logo":{"@type":"ImageObject","inLanguage":"fi","@id":"https:\/\/inzain.bike\/fr_be\/#\/schema\/logo\/image\/","url":"https:\/\/i0.wp.com\/inzain.bike\/wp-content\/uploads\/2023\/09\/cropped-INZAIN_512x512_white.png?fit=512%2C512&ssl=1","contentUrl":"https:\/\/i0.wp.com\/inzain.bike\/wp-content\/uploads\/2023\/09\/cropped-INZAIN_512x512_white.png?fit=512%2C512&ssl=1","width":512,"height":512,"caption":"INZAIN Cycling EXPERIENCES"},"image":{"@id":"https:\/\/inzain.bike\/fr_be\/#\/schema\/logo\/image\/"},"sameAs":["https:\/\/www.facebook.com\/Inzain.bike","https:\/\/www.instagram.com\/inzainbike"]}]}},"amp_enabled":true,"_links":{"self":[{"href":"https:\/\/inzain.bike\/fi\/wp-json\/wp\/v2\/pages\/8144","targetHints":{"allow":["GET"]}}],"collection":[{"href":"https:\/\/inzain.bike\/fi\/wp-json\/wp\/v2\/pages"}],"about":[{"href":"https:\/\/inzain.bike\/fi\/wp-json\/wp\/v2\/types\/page"}],"author":[{"embeddable":true,"href":"https:\/\/inzain.bike\/fi\/wp-json\/wp\/v2\/users\/203917875"}],"replies":[{"embeddable":true,"href":"https:\/\/inzain.bike\/fi\/wp-json\/wp\/v2\/comments?post=8144"}],"version-history":[{"count":5,"href":"https:\/\/inzain.bike\/fi\/wp-json\/wp\/v2\/pages\/8144\/revisions"}],"predecessor-version":[{"id":8160,"href":"https:\/\/inzain.bike\/fi\/wp-json\/wp\/v2\/pages\/8144\/revisions\/8160"}],"wp:attachment":[{"href":"https:\/\/inzain.bike\/fi\/wp-json\/wp\/v2\/media?parent=8144"}],"curies":[{"name":"wp","href":"https:\/\/api.w.org\/{rel}","templated":true}]}}