{"id":8906,"date":"2025-11-02T19:33:02","date_gmt":"2025-11-02T18:33:02","guid":{"rendered":"https:\/\/inzain.bike\/?page_id=8906"},"modified":"2026-01-12T14:22:08","modified_gmt":"2026-01-12T13:22:08","slug":"social-rides","status":"publish","type":"page","link":"https:\/\/inzain.bike\/fi\/social-rides\/","title":{"rendered":"Sosiaaliset kyydit"},"content":{"rendered":"<figure class=\"wp-block-embed is-type-video is-provider-youtube wp-block-embed-youtube wp-embed-aspect-16-9 wp-has-aspect-ratio\"><div class=\"wp-block-embed__wrapper\">\n<iframe loading=\"lazy\" title=\"Vuoteni sorassa 2025\" width=\"500\" height=\"281\" src=\"https:\/\/www.youtube.com\/embed\/P9BJSE-x1uE?feature=oembed\" frameborder=\"0\" allow=\"accelerometer; autoplay; clipboard-write; encrypted-media; gyroscope; picture-in-picture; web-share\" referrerpolicy=\"strict-origin-when-cross-origin\" allowfullscreen><\/iframe>\n<\/div><\/figure>\n\n\n\n<p>J\u00e4rjest\u00e4mme kaksi sosiaalista ajoa viikossa s\u00e4\u00e4n ja vuodenajan salliessa. Kaikki ovat tervetulleita osallistumaan. Mainostamme niit\u00e4 Facebook-ryhm\u00e4ss\u00e4. <a href=\"https:\/\/www.facebook.com\/groups\/gravelbikesweden\" target=\"_blank\" rel=\"noreferrer noopener\">Gravel Bike Ruotsi<\/a> ja Stravassa <a href=\"https:\/\/www.strava.com\/clubs\/gravelbikesweden\" target=\"_blank\" rel=\"noreferrer noopener\">Strava-klubi <\/a>samalla nimell\u00e4.<\/p>\n\n\n\n<p>Yhteist\u00e4 n\u00e4ille on, ett\u00e4 py\u00f6r\u00e4ilemme yhdess\u00e4 eik\u00e4 kukaan j\u00e4\u00e4 jumiin, samalla kun edellyt\u00e4mme osallistujilta kyky\u00e4 yll\u00e4pit\u00e4\u00e4 tietty\u00e4 tapahtumassa m\u00e4\u00e4ritelty\u00e4 keskinopeutta, yleens\u00e4 20 km\/h, mutta t\u00e4m\u00e4 voi vaihdella.<\/p>\n\n\n\n<p><strong>Kaksoisnopeus<\/strong><br>Reitist\u00e4 on kaksi variaatiota. Ajamme suurimman osan ajasta yhdess\u00e4, mutta mukaan tulee my\u00f6s yksi tai useampi vapaamuotoinen osuus ja segmentti, joiden tulokset esittelemme tapahtuman j\u00e4lkeen. Mielest\u00e4mme t\u00e4m\u00e4 voi olla hyv\u00e4 tapa purkaa energiaa, mutta samalla pit\u00e4\u00e4 asiat hauskoina.<\/p>\n\n\n\n<p><strong>INZAIN-pisteet<\/strong><\/p>\n\n\n\n<p>Koko vuoden 2026 ajan j\u00e4rjest\u00e4mme kilpailun nimelt\u00e4 INZAIN-pisteet. Pisteit\u00e4 ker\u00e4t\u00e4\u00e4n ymp\u00e4ri vuoden, ja kauden lopussa eniten pisteit\u00e4 ker\u00e4nneet voivat voittaa upeita palkintoja, kuten matkan kanssamme, miksei esimerkiksi Toscanaan?<\/p>\n\n\n\n<p>Lue lis\u00e4\u00e4 INZAIN-pisteytyksest\u00e4 <a href=\"https:\/\/inzain.bike\/fi\/the-inzain-score\/\">t\u00e4ss\u00e4<\/a>.<\/p>\n\n\n\n<p><strong>Mit\u00e4 me puolustamme?<\/strong><\/p>\n\n\n\n<p>Haluamme n\u00e4iden retkien olevan nautinnollisia, hauskoja ja kohtalaisen haastavia. Pid\u00e4mme aina eritt\u00e4in t\u00e4rke\u00e4n\u00e4, ett\u00e4 niill\u00e4 on hyv\u00e4 reitti, mieluiten yksi tai useampi erityinen asia, kuten n\u00e4ht\u00e4vyys, mielenkiintoinen esine tai jokin muu.<\/p>\n\n\n\n<p>Olemme my\u00f6s tarkkoja lounas- ja kahvitaukojen suhteen, valitsemme aina eritt\u00e4in mukavia paikkoja.<br>Meille on toimitettu kahvia rannoille, meille on ollut avoinna paikkoja ja paljon muuta. INZAIN tarjoaa joskus grillijuhlia juomineen. On my\u00f6s yleist\u00e4, ett\u00e4 olemme varanneet ja tilanneet ruoan etuk\u00e4teen, jotta kaikki sujuu mutkattomasti perill\u00e4 ollessamme.<\/p>\n\n\n\n<p>Emme py\u00f6r\u00e4ile tiettyn\u00e4 viikonp\u00e4iv\u00e4n\u00e4, vaan haluamme voida valita p\u00e4iv\u00e4n s\u00e4\u00e4n mukaan. Haluamme py\u00f6r\u00e4ilyn olevan hauskaa ja huonon s\u00e4\u00e4n olevan v\u00e4hemm\u00e4n hauskaa, jos se on mahdollista v\u00e4ltt\u00e4\u00e4.<\/p>\n\n\n\n<figure class=\"wp-block-image size-large\"><img loading=\"lazy\" decoding=\"async\" width=\"1024\" height=\"669\" src=\"https:\/\/inzain.bike\/wp-content\/uploads\/2025\/11\/IMG-20250802-WA0002-1024x669.jpg\" alt=\"\" class=\"wp-image-8909\" srcset=\"https:\/\/inzain.bike\/wp-content\/uploads\/2025\/11\/IMG-20250802-WA0002-1024x669.jpg 1024w, https:\/\/inzain.bike\/wp-content\/uploads\/2025\/11\/IMG-20250802-WA0002-300x196.jpg 300w, https:\/\/inzain.bike\/wp-content\/uploads\/2025\/11\/IMG-20250802-WA0002-768x502.jpg 768w, https:\/\/inzain.bike\/wp-content\/uploads\/2025\/11\/IMG-20250802-WA0002-1536x1004.jpg 1536w, https:\/\/inzain.bike\/wp-content\/uploads\/2025\/11\/IMG-20250802-WA0002-18x12.jpg 18w, https:\/\/inzain.bike\/wp-content\/uploads\/2025\/11\/IMG-20250802-WA0002-600x392.jpg 600w, https:\/\/inzain.bike\/wp-content\/uploads\/2025\/11\/IMG-20250802-WA0002.jpg 1600w\" sizes=\"auto, (max-width: 1024px) 100vw, 1024px\" \/><\/figure>\n\n\n\n<p>Meill\u00e4 on WhatsApp-ryhm\u00e4, jota k\u00e4ytet\u00e4\u00e4n ensisijaisesti viestimiseen ajon aikana. Ehk\u00e4 joku saa vinkin tai apua jollain muulla tavalla. Mainostamme my\u00f6s tulevia ajeluja t\u00e4ss\u00e4 ryhm\u00e4ss\u00e4.<\/p>\n\n\n\n<p>Olet tervetullut mukaan kierrokselle.<\/p>\n\n\n\n<p>Sora? Se on INZAIN!<br><\/p>\n\n\n\n<hr class=\"wp-block-separator has-alpha-channel-opacity\"\/>\n\n\n\n<p>L\u00e4mpim\u00e4sti tervetuloa!<\/p>\n\n\n\n<p>Suunnitellut matkat vuodelle 2026 \u2013 Kaikkien p\u00e4iv\u00e4m\u00e4\u00e4ri\u00e4 ei ole viel\u00e4 vahvistettu, joten pysy kuulolla.<br><br>INZAIN Mariefred \u2013 Dunker Loop \ud83c\udd95 4<br>INZAIN 500 astetta \ud83c\udd95 5<br>INZAIN Gnesta Nyk\u00f6ping -silmukka \ud83c\udd95 6<br>INZAIN Dalar\u00f6 3P \ud83c\udd95 7<br>INZAIN 100 mailia (vanha IGG)\ud83c\udd95 8<br>INZAIN Uppsala Century \ud83c\udd95 9<br>INZAIN Golf Romeo -peliasu Sierra \ud83c\udd95 10<br>INZAIN Norrt\u00e4lje V\u00e4t\u00f6 \ud83c\udd95 11<br>INZAIN Yxlan &amp; Blid\u00f6 \ud83e\uddea 12<br>INZAIN Furusund -&gt; Upplands V\u00e4sby \ud83c\udd95 13<br>INZAIN Fathers Town Ride\ud83c\udd95 14<br>INZAIN Mariefred Str\u00e4ngn\u00e4s\ud83c\udd95 15<br>Sora SALA 16<br>INZAIN Nyrkkimylly \ud83c\udd95 17<br>INZAIN B\u00e5venin ymp\u00e4rill\u00e4 \ud83c\udd95 18<br>INZAIN GIMO \ud83c\udd95 19<br>INZAIN Deittailua harrastava \ud83c\udd95 20<br>INZAIN Uppsala B\u00e5lsta 2026 \ud83c\udd95 21<br>INZAIN December Tailwind Groads 22<br>INZAIN Stigtomta \ud83c\udd95 23<br>INZAIN Enk\u00f6ping Forsbyn tehdas \ud83c\udd95 24<br>INZAIN Iloinen matka ULOS!! 26<br>INZAIN Karhut ja koivu 28<br>INZAIN Py\u00f6kkimets\u00e4n ja Border Islandin hy\u00f6kk\u00e4ys \ud83c\udd95 29<br>INZAIN Uppsala B\u00e5lsta uudella tavalla \ud83c\udd95 29<br>INZAIN Stigtomta Loop \ud83c\udd95 31<br>INZAIN Twin Peaks Nyn\u00e4s 32<br>INZAIN Tarte Flamb\u00e9e 33<br>INZAIN Sinne ja takaisin 34<br>INZAINin saaristohy\u00f6kk\u00e4ys 2026 \ud83c\udd95 35<br>INZAIN Hot Island Adventure 36<br>INZAIN Blue Salmon Lagoon 37<br>INZAIN Sela\u00f6n \ud83c\udd95 38<br>INZAIN Vanhat ja uudet ajohousut 39<br>INZAIN Kyyti palaneessa maassa \ud83c\udd95 40<br>INZAIN Tuplanenk\u00e4vely 41<br>INZAIN Laggers Bay Ride 42<br>INZAIN CookieCastle ja Sharp Skerry \ud83c\udd95 43<br>INZAIN Uppsala Vattholma (Power Islet) 44<br>INZAIN Kardemummaveitsi Ride 45<br>INZAIN Tatin 46<br>Lis\u00f6 keskener\u00e4inen \ud83e\uddea 47<br>V\u00e4t\u00f6-kiertue kesken \ud83e\uddea 48<br>AW INZAIN \u2013 Buffalo Raid 50<br>AW INZAIN \u2013 Nebukadnessarin kaski 51<br>AW INZAIN F\u00e4rsaaret 52<br>AW INZAIN Two Island Dash \u2013 Fall Edition 53<br>AW INZAIN Nighthawk Ramble \ud83c\udd95 54<br>AW INZAIN Etel\u00e4 2 Etel\u00e4 56<br>AW INZAIN Y\u00f6 Ahma 57<br>AW INZAIN Pohjoinen polku 58<br>AW INZAIN Ways of Water 2025 60<br>AW INZAIN Kolmen lahden rata 61<br>AW INZAIN Kultaisen tunnin ratsia 62<br>AW INZAIN Chase The Sun 63<br>AW INZAIN Paha it\u00e4 \u2013 Lyhyt 64<br>AW INZAIN Kinder Egg Ride 65<br>AW INZAIN Madame Mayan kes\u00e4mysteeri 66<br>AW INZAIN AllRoad Raid 67<br>AW INZAIN \u2013 The Hills &amp; Sightseeing Ride 68<br>AW INZAIN The Sun &amp; Fun Ride 69<br>AW INZAIN Sundown Ride \u2013 Iloinen ajelu 70<br>AW INZAIN H\u00e4m\u00e4r\u00e4partio 71<br>AW INZAIN Northern Light 72<br>AW INZAIN Tumman veden ajomatka 73<br>AW INZAIN Septentrional Ride 74<br>AW INZAIN The Twin Peaks Ride 75<\/p>\n\n\n\n<p><br><br><\/p>\n\n\n\n<p><br><\/p>","protected":false},"excerpt":{"rendered":"<p>Vi arrangerar tv\u00e5 Social Rides per vecka, n\u00e4r v\u00e4der och s\u00e4song till\u00e5ter. Alla \u00e4r v\u00e4lkomna p\u00e5 dessa. Vi annonserar dem p\u00e5 Facebook i gruppen Gravel Bike Sweden och p\u00e5 Strava i Stravaklubben med samma namn. Gemensamt f\u00f6r dessa \u00e4r vi cyklar tillsammans och ingen droppas, samtidigt som vi st\u00e4ller krav att deltagare ska kunna h\u00e5lla [&hellip;]<\/p>\n","protected":false},"author":203917875,"featured_media":0,"parent":0,"menu_order":0,"comment_status":"closed","ping_status":"closed","template":"","meta":{"_coblocks_attr":"","_coblocks_dimensions":"","_coblocks_responsive_height":"","_coblocks_accordion_ie_support":"","footnotes":""},"class_list":["post-8906","page","type-page","status-publish","hentry"],"yoast_head":"<!-- This site is optimized with the Yoast SEO plugin v27.2 - https:\/\/yoast.com\/product\/yoast-seo-wordpress\/ -->\n<title>Social Rides - INZAIN Cycling EXPERIENCES<\/title>\n<meta name=\"robots\" content=\"index, follow, max-snippet:-1, max-image-preview:large, max-video-preview:-1\" \/>\n<link rel=\"canonical\" href=\"https:\/\/inzain.bike\/fi\/social-rides\/\" \/>\n<meta property=\"og:locale\" content=\"fi_FI\" \/>\n<meta property=\"og:type\" content=\"article\" \/>\n<meta property=\"og:title\" content=\"Social Rides - INZAIN Cycling EXPERIENCES\" \/>\n<meta property=\"og:description\" content=\"Vi arrangerar tv\u00e5 Social Rides per vecka, n\u00e4r v\u00e4der och s\u00e4song till\u00e5ter. Alla \u00e4r v\u00e4lkomna p\u00e5 dessa. Vi annonserar dem p\u00e5 Facebook i gruppen Gravel Bike Sweden och p\u00e5 Strava i Stravaklubben med samma namn. Gemensamt f\u00f6r dessa \u00e4r vi cyklar tillsammans och ingen droppas, samtidigt som vi st\u00e4ller krav att deltagare ska kunna h\u00e5lla [&hellip;]\" \/>\n<meta property=\"og:url\" content=\"https:\/\/inzain.bike\/fi\/social-rides\/\" \/>\n<meta property=\"og:site_name\" content=\"INZAIN Cycling EXPERIENCES\" \/>\n<meta property=\"article:publisher\" content=\"https:\/\/www.facebook.com\/Inzain.bike\" \/>\n<meta property=\"article:modified_time\" content=\"2026-01-12T13:22:08+00:00\" \/>\n<meta property=\"og:image\" content=\"https:\/\/inzain.bike\/wp-content\/uploads\/2025\/11\/IMG-20250802-WA0002.jpg\" \/>\n\t<meta property=\"og:image:width\" content=\"1600\" \/>\n\t<meta property=\"og:image:height\" content=\"1046\" \/>\n\t<meta property=\"og:image:type\" content=\"image\/jpeg\" \/>\n<meta name=\"twitter:card\" content=\"summary_large_image\" \/>\n<meta name=\"twitter:label1\" content=\"Arvioitu lukuaika\" \/>\n\t<meta name=\"twitter:data1\" content=\"4 minuuttia\" \/>\n<script type=\"application\/ld+json\" class=\"yoast-schema-graph\">{\"@context\":\"https:\/\/schema.org\",\"@graph\":[{\"@type\":\"WebPage\",\"@id\":\"https:\/\/inzain.bike\/social-rides\/\",\"url\":\"https:\/\/inzain.bike\/social-rides\/\",\"name\":\"Social Rides - INZAIN Cycling EXPERIENCES\",\"isPartOf\":{\"@id\":\"https:\/\/inzain.bike\/fr_be\/#website\"},\"primaryImageOfPage\":{\"@id\":\"https:\/\/inzain.bike\/social-rides\/#primaryimage\"},\"image\":{\"@id\":\"https:\/\/inzain.bike\/social-rides\/#primaryimage\"},\"thumbnailUrl\":\"https:\/\/inzain.bike\/wp-content\/uploads\/2025\/11\/IMG-20250802-WA0002-1024x669.jpg\",\"datePublished\":\"2025-11-02T18:33:02+00:00\",\"dateModified\":\"2026-01-12T13:22:08+00:00\",\"breadcrumb\":{\"@id\":\"https:\/\/inzain.bike\/social-rides\/#breadcrumb\"},\"inLanguage\":\"fi\",\"potentialAction\":[{\"@type\":\"ReadAction\",\"target\":[\"https:\/\/inzain.bike\/social-rides\/\"]}]},{\"@type\":\"ImageObject\",\"inLanguage\":\"fi\",\"@id\":\"https:\/\/inzain.bike\/social-rides\/#primaryimage\",\"url\":\"https:\/\/inzain.bike\/wp-content\/uploads\/2025\/11\/IMG-20250802-WA0002-1024x669.jpg\",\"contentUrl\":\"https:\/\/inzain.bike\/wp-content\/uploads\/2025\/11\/IMG-20250802-WA0002-1024x669.jpg\"},{\"@type\":\"BreadcrumbList\",\"@id\":\"https:\/\/inzain.bike\/social-rides\/#breadcrumb\",\"itemListElement\":[{\"@type\":\"ListItem\",\"position\":1,\"name\":\"Hem\",\"item\":\"https:\/\/inzain.bike\/fr_be\/\"},{\"@type\":\"ListItem\",\"position\":2,\"name\":\"Social Rides\"}]},{\"@type\":\"WebSite\",\"@id\":\"https:\/\/inzain.bike\/fr_be\/#website\",\"url\":\"https:\/\/inzain.bike\/fr_be\/\",\"name\":\"INZAIN Cycling EXPERIENCES\",\"description\":\"Cyckling Adventures  - for everyone\",\"publisher\":{\"@id\":\"https:\/\/inzain.bike\/fr_be\/#organization\"},\"alternateName\":\"INZAIN Gravel & Travel\",\"potentialAction\":[{\"@type\":\"SearchAction\",\"target\":{\"@type\":\"EntryPoint\",\"urlTemplate\":\"https:\/\/inzain.bike\/fr_be\/?s={search_term_string}\"},\"query-input\":{\"@type\":\"PropertyValueSpecification\",\"valueRequired\":true,\"valueName\":\"search_term_string\"}}],\"inLanguage\":\"fi\"},{\"@type\":\"Organization\",\"@id\":\"https:\/\/inzain.bike\/fr_be\/#organization\",\"name\":\"INZAIN Cycling EXPERIENCES\",\"url\":\"https:\/\/inzain.bike\/fr_be\/\",\"logo\":{\"@type\":\"ImageObject\",\"inLanguage\":\"fi\",\"@id\":\"https:\/\/inzain.bike\/fr_be\/#\/schema\/logo\/image\/\",\"url\":\"https:\/\/i0.wp.com\/inzain.bike\/wp-content\/uploads\/2023\/09\/cropped-INZAIN_512x512_white.png?fit=512%2C512&ssl=1\",\"contentUrl\":\"https:\/\/i0.wp.com\/inzain.bike\/wp-content\/uploads\/2023\/09\/cropped-INZAIN_512x512_white.png?fit=512%2C512&ssl=1\",\"width\":512,\"height\":512,\"caption\":\"INZAIN Cycling EXPERIENCES\"},\"image\":{\"@id\":\"https:\/\/inzain.bike\/fr_be\/#\/schema\/logo\/image\/\"},\"sameAs\":[\"https:\/\/www.facebook.com\/Inzain.bike\",\"https:\/\/www.instagram.com\/inzainbike\"]}]}<\/script>\n<!-- \/ Yoast SEO plugin. -->","yoast_head_json":{"title":"Social Rides - INZAIN Cycling EXPERIENCES","robots":{"index":"index","follow":"follow","max-snippet":"max-snippet:-1","max-image-preview":"max-image-preview:large","max-video-preview":"max-video-preview:-1"},"canonical":"https:\/\/inzain.bike\/fi\/social-rides\/","og_locale":"fi_FI","og_type":"article","og_title":"Social Rides - INZAIN Cycling EXPERIENCES","og_description":"Vi arrangerar tv\u00e5 Social Rides per vecka, n\u00e4r v\u00e4der och s\u00e4song till\u00e5ter. Alla \u00e4r v\u00e4lkomna p\u00e5 dessa. Vi annonserar dem p\u00e5 Facebook i gruppen Gravel Bike Sweden och p\u00e5 Strava i Stravaklubben med samma namn. Gemensamt f\u00f6r dessa \u00e4r vi cyklar tillsammans och ingen droppas, samtidigt som vi st\u00e4ller krav att deltagare ska kunna h\u00e5lla [&hellip;]","og_url":"https:\/\/inzain.bike\/fi\/social-rides\/","og_site_name":"INZAIN Cycling EXPERIENCES","article_publisher":"https:\/\/www.facebook.com\/Inzain.bike","article_modified_time":"2026-01-12T13:22:08+00:00","og_image":[{"width":1600,"height":1046,"url":"https:\/\/inzain.bike\/wp-content\/uploads\/2025\/11\/IMG-20250802-WA0002.jpg","type":"image\/jpeg"}],"twitter_card":"summary_large_image","twitter_misc":{"Arvioitu lukuaika":"4 minuuttia"},"schema":{"@context":"https:\/\/schema.org","@graph":[{"@type":"WebPage","@id":"https:\/\/inzain.bike\/social-rides\/","url":"https:\/\/inzain.bike\/social-rides\/","name":"Social Rides - INZAIN Cycling EXPERIENCES","isPartOf":{"@id":"https:\/\/inzain.bike\/fr_be\/#website"},"primaryImageOfPage":{"@id":"https:\/\/inzain.bike\/social-rides\/#primaryimage"},"image":{"@id":"https:\/\/inzain.bike\/social-rides\/#primaryimage"},"thumbnailUrl":"https:\/\/inzain.bike\/wp-content\/uploads\/2025\/11\/IMG-20250802-WA0002-1024x669.jpg","datePublished":"2025-11-02T18:33:02+00:00","dateModified":"2026-01-12T13:22:08+00:00","breadcrumb":{"@id":"https:\/\/inzain.bike\/social-rides\/#breadcrumb"},"inLanguage":"fi","potentialAction":[{"@type":"ReadAction","target":["https:\/\/inzain.bike\/social-rides\/"]}]},{"@type":"ImageObject","inLanguage":"fi","@id":"https:\/\/inzain.bike\/social-rides\/#primaryimage","url":"https:\/\/inzain.bike\/wp-content\/uploads\/2025\/11\/IMG-20250802-WA0002-1024x669.jpg","contentUrl":"https:\/\/inzain.bike\/wp-content\/uploads\/2025\/11\/IMG-20250802-WA0002-1024x669.jpg"},{"@type":"BreadcrumbList","@id":"https:\/\/inzain.bike\/social-rides\/#breadcrumb","itemListElement":[{"@type":"ListItem","position":1,"name":"Hem","item":"https:\/\/inzain.bike\/fr_be\/"},{"@type":"ListItem","position":2,"name":"Social Rides"}]},{"@type":"WebSite","@id":"https:\/\/inzain.bike\/fr_be\/#website","url":"https:\/\/inzain.bike\/fr_be\/","name":"INZAIN Py\u00f6r\u00e4ily-KOKEMUKSIA","description":"Py\u00f6r\u00e4ilyseikkailut - kaikille","publisher":{"@id":"https:\/\/inzain.bike\/fr_be\/#organization"},"alternateName":"INZAIN Gravel & Travel","potentialAction":[{"@type":"SearchAction","target":{"@type":"EntryPoint","urlTemplate":"https:\/\/inzain.bike\/fr_be\/?s={search_term_string}"},"query-input":{"@type":"PropertyValueSpecification","valueRequired":true,"valueName":"search_term_string"}}],"inLanguage":"fi"},{"@type":"Organization","@id":"https:\/\/inzain.bike\/fr_be\/#organization","name":"INZAIN Py\u00f6r\u00e4ily-KOKEMUKSIA","url":"https:\/\/inzain.bike\/fr_be\/","logo":{"@type":"ImageObject","inLanguage":"fi","@id":"https:\/\/inzain.bike\/fr_be\/#\/schema\/logo\/image\/","url":"https:\/\/i0.wp.com\/inzain.bike\/wp-content\/uploads\/2023\/09\/cropped-INZAIN_512x512_white.png?fit=512%2C512&ssl=1","contentUrl":"https:\/\/i0.wp.com\/inzain.bike\/wp-content\/uploads\/2023\/09\/cropped-INZAIN_512x512_white.png?fit=512%2C512&ssl=1","width":512,"height":512,"caption":"INZAIN Cycling EXPERIENCES"},"image":{"@id":"https:\/\/inzain.bike\/fr_be\/#\/schema\/logo\/image\/"},"sameAs":["https:\/\/www.facebook.com\/Inzain.bike","https:\/\/www.instagram.com\/inzainbike"]}]}},"amp_enabled":true,"_links":{"self":[{"href":"https:\/\/inzain.bike\/fi\/wp-json\/wp\/v2\/pages\/8906","targetHints":{"allow":["GET"]}}],"collection":[{"href":"https:\/\/inzain.bike\/fi\/wp-json\/wp\/v2\/pages"}],"about":[{"href":"https:\/\/inzain.bike\/fi\/wp-json\/wp\/v2\/types\/page"}],"author":[{"embeddable":true,"href":"https:\/\/inzain.bike\/fi\/wp-json\/wp\/v2\/users\/203917875"}],"replies":[{"embeddable":true,"href":"https:\/\/inzain.bike\/fi\/wp-json\/wp\/v2\/comments?post=8906"}],"version-history":[{"count":4,"href":"https:\/\/inzain.bike\/fi\/wp-json\/wp\/v2\/pages\/8906\/revisions"}],"predecessor-version":[{"id":9081,"href":"https:\/\/inzain.bike\/fi\/wp-json\/wp\/v2\/pages\/8906\/revisions\/9081"}],"wp:attachment":[{"href":"https:\/\/inzain.bike\/fi\/wp-json\/wp\/v2\/media?parent=8906"}],"curies":[{"name":"wp","href":"https:\/\/api.w.org\/{rel}","templated":true}]}}