{"id":1986,"date":"2022-10-02T18:29:56","date_gmt":"2022-10-02T16:29:56","guid":{"rendered":"https:\/\/inzain.bike\/?page_id=1986"},"modified":"2023-07-28T09:18:04","modified_gmt":"2023-07-28T07:18:04","slug":"savenfors-gravel-camp","status":"publish","type":"page","link":"https:\/\/inzain.bike\/fr\/savenfors-gravel-camp\/","title":{"rendered":"Camp de gravier de S\u00e4venfors"},"content":{"rendered":"<p>Bienvenue pour un week-end fantastique avec Gravel \u00e0 Norra Bergslagen<\/p>\n\n\n\n<figure class=\"wp-block-image size-large\"><img loading=\"lazy\" decoding=\"async\" width=\"1024\" height=\"682\" src=\"https:\/\/inzain.bike\/wp-content\/uploads\/2022\/10\/sav3-1024x682.jpg\" alt=\"\" class=\"wp-image-2113\" srcset=\"https:\/\/inzain.bike\/wp-content\/uploads\/2022\/10\/sav3-1024x682.jpg 1024w, https:\/\/inzain.bike\/wp-content\/uploads\/2022\/10\/sav3-300x200.jpg 300w, https:\/\/inzain.bike\/wp-content\/uploads\/2022\/10\/sav3-768x512.jpg 768w, https:\/\/inzain.bike\/wp-content\/uploads\/2022\/10\/sav3-1536x1024.jpg 1536w, https:\/\/inzain.bike\/wp-content\/uploads\/2022\/10\/sav3-18x12.jpg 18w, https:\/\/inzain.bike\/wp-content\/uploads\/2022\/10\/sav3-1320x880.jpg 1320w, https:\/\/inzain.bike\/wp-content\/uploads\/2022\/10\/sav3-600x400.jpg 600w, https:\/\/inzain.bike\/wp-content\/uploads\/2022\/10\/sav3.jpg 2000w\" sizes=\"auto, (max-width: 1024px) 100vw, 1024px\" \/><\/figure>\n\n\n\n<p><strong>Quand<\/strong>: 29-30 juillet 2023.<br><strong>O\u00f9<\/strong>: S\u00e4venfors, Bergslagen<br><strong>Comment<\/strong>: Gravel Camp sur des routes incroyables<br><strong>Dormir<\/strong>: Nous vivons dans <a href=\"https:\/\/savenforslodge.se\/\">Chalet S\u00e4venfors<\/a><br><strong>Manger<\/strong>: Le petit-d\u00e9jeuner \u00e0 l&#039;\u00e9tablissement, le d\u00eener le soir est inclus dans le forfait. Vous payez vous-m\u00eame le d\u00e9jeuner et le caf\u00e9 lors des visites.<br><strong>Prix<\/strong>: L&#039;\u00e9v\u00e9nement lui-m\u00eame est gratuit, mais nous avons organis\u00e9 des forfaits d&#039;h\u00e9bergement pour ceux qui le souhaitent. <br><strong>Paquet de base<\/strong>: D\u00eener samedi, nuit\u00e9e avec d\u00e9tente et petit-d\u00e9jeuner dimanche 2 200 SEK<br><strong>Ajout<\/strong>: D\u00eener vendredi, nuit\u00e9e avec d\u00e9tente et petit-d\u00e9jeuner samedi, 1 800 SEK<\/p>\n\n\n\n<p><strong>\u00c0 quoi pouvez-vous vous attendre ?<\/strong><br>Nous faisons du v\u00e9lo pour nous amuser, il n&#039;y a pas d&#039;intervalles et il ne s&#039;agit pas de faire du v\u00e9lo le plus vite mais de vivre la meilleure exp\u00e9rience. Si vous voulez faire des folies, bien s\u00fbr, \u00e7a va, attendez plus loin. Nous pouvons \u00e9galement diviser le groupe, si cela s&#039;av\u00e8re mieux. Nos guides ont beaucoup d\u2019exp\u00e9rience dans l\u2019organisation et la conduite de ces visites.<\/p>\n\n\n\n<p><strong>Arrangement<\/strong><\/p>\n\n\n\n<p><strong>Paquet de base<\/strong>:<br>Samedi \u00e0 v\u00e9lo, h\u00e9bergement et meilleur d\u00eener au S\u00e4venfors Lodge, ainsi que l&#039;acc\u00e8s \u00e0 la section d\u00e9tente.<br>Dimanche petit d\u00e9jeuner et dimanche v\u00e9lo.<br><strong>Ajout<\/strong>:<br>Dormez au S\u00e4venfors Lodge le vendredi avec d\u00eener et petit-d\u00e9jeuner le samedi<br>Prologue : Pour ceux qui le peuvent et le souhaitent, un prologue est propos\u00e9 qui d\u00e9bute vendredi matin.<br><strong>Juste du v\u00e9lo\u00a0:<\/strong><br>Si vous souhaitez simplement faire du v\u00e9lo avec nous, c&#039;est \u00e9galement bien, vous pouvez alors choisir si vous souhaitez d\u00eener avec nous le samedi soir.<\/p>\n\n\n\n<figure class=\"wp-block-image size-large\"><img loading=\"lazy\" decoding=\"async\" width=\"1024\" height=\"682\" src=\"https:\/\/inzain.bike\/wp-content\/uploads\/2022\/10\/sav2-1024x682.jpg\" alt=\"\" class=\"wp-image-2116\" srcset=\"https:\/\/inzain.bike\/wp-content\/uploads\/2022\/10\/sav2-1024x682.jpg 1024w, https:\/\/inzain.bike\/wp-content\/uploads\/2022\/10\/sav2-300x200.jpg 300w, https:\/\/inzain.bike\/wp-content\/uploads\/2022\/10\/sav2-768x512.jpg 768w, https:\/\/inzain.bike\/wp-content\/uploads\/2022\/10\/sav2-1536x1024.jpg 1536w, https:\/\/inzain.bike\/wp-content\/uploads\/2022\/10\/sav2-18x12.jpg 18w, https:\/\/inzain.bike\/wp-content\/uploads\/2022\/10\/sav2-1320x880.jpg 1320w, https:\/\/inzain.bike\/wp-content\/uploads\/2022\/10\/sav2-600x400.jpg 600w, https:\/\/inzain.bike\/wp-content\/uploads\/2022\/10\/sav2.jpg 2000w\" sizes=\"auto, (max-width: 1024px) 100vw, 1024px\" \/><\/figure>\n\n\n\n<p><strong>Vendredi<\/strong><br>Prologue, pour ceux qui peuvent et veulent faire du v\u00e9lo m\u00eame le vendredi. Le parcours fait 154 km mais peut \u00eatre raccourci de diff\u00e9rentes mani\u00e8res. 70km\/95km\/110km. D\u00e9jeuner \u00e0 Kopparberg. Une s\u00e9rie de lieux passionnants sont visit\u00e9s, comme un ancien bunker, un op\u00e9ra (!), une tour d&#039;observation et bien plus encore. Si vous parcourez l&#039;itin\u00e9raire complet, il y a 2 043 hm \u00e0 appr\u00e9cier.<br><br><strong>Samedi<\/strong> <br>Le tour commence et se termine au lodge, comporte deux ascensions, possibilit\u00e9 de nager, dans le &quot;petit Hawa\u00ef&quot;. Vous pouvez en lire un peu plus \u00e0 ce sujet <a href=\"https:\/\/teamutangranser.se\/savenfors-gravendal-deluxe\/\">ici<\/a>.<\/p>\n\n\n\n<p><strong>Dimanche<\/strong> <br>Une visite l\u00e9g\u00e8rement plus courte mais tout aussi belle, commen\u00e7ant apr\u00e8s le petit-d\u00e9jeuner et le d\u00e9part au lodge.<br>Nous ferons le tour de deux \u00e9lans et prendrons deux figues, une \u00e0 Grythyttan et une \u00e0 Bl\u00e5 Ost \u00e0 Bredsj\u00f6. Une fois sur place, vous aurez acc\u00e8s \u00e0 notre lave-v\u00e9los mobile et \u00e0 la possibilit\u00e9 de prendre une douche et de vous changer avant le voyage de retour.<\/p>\n\n\n\n<p><strong>Itin\u00e9raires<\/strong><\/p>\n\n\n\n<p>Samedi<\/p>\n\n\n\n<p><iframe src=\"https:\/\/ridewithgps.com\/embeds?type=route&amp;id=36968206&amp;metricUnits=true&amp;sampleGraph=true\" style=\"width: 1px; min-width: 100%; height: 700px; border: none;\" scrolling=\"no\"><\/iframe><\/p>\n\n\n\n<p>Dimanche<\/p>\n\n\n\n<p><iframe src=\"https:\/\/ridewithgps.com\/embeds?type=route&amp;id=39371456&amp;metricUnits=true&amp;sampleGraph=true\" style=\"width: 1px; min-width: 100%; height: 700px; border: none;\" scrolling=\"no\"><\/iframe> <\/p>\n\n\n\n<p><br><strong>Nous p\u00e9dalons selon les principes de Grusets V\u00e4nner.<\/strong><br>* Personne n&#039;est laiss\u00e9 seul, tout le monde doit participer<br>* Le rebond se passe bien, attendez plus tard<br>* Nous prenons soin et nous entraidons en cas de punks ou autres.<br>* Nous faisons du v\u00e9lo en toute s\u00e9curit\u00e9 et gardons nos distances, rappelez-vous la r\u00e8gle des trois secondes.<br>* Il s&#039;agit avant tout de passer une bonne journ\u00e9e.<\/p>\n\n\n\n<figure class=\"wp-block-image size-large\"><img loading=\"lazy\" decoding=\"async\" width=\"1024\" height=\"673\" src=\"https:\/\/inzain.bike\/wp-content\/uploads\/2022\/11\/G0023196-1024x673.jpg\" alt=\"\" class=\"wp-image-2434\" srcset=\"https:\/\/inzain.bike\/wp-content\/uploads\/2022\/11\/G0023196-1024x673.jpg 1024w, https:\/\/inzain.bike\/wp-content\/uploads\/2022\/11\/G0023196-300x197.jpg 300w, https:\/\/inzain.bike\/wp-content\/uploads\/2022\/11\/G0023196-768x505.jpg 768w, https:\/\/inzain.bike\/wp-content\/uploads\/2022\/11\/G0023196-1536x1009.jpg 1536w, https:\/\/inzain.bike\/wp-content\/uploads\/2022\/11\/G0023196-2048x1346.jpg 2048w, https:\/\/inzain.bike\/wp-content\/uploads\/2022\/11\/G0023196-18x12.jpg 18w, https:\/\/inzain.bike\/wp-content\/uploads\/2022\/11\/G0023196-1320x868.jpg 1320w, https:\/\/inzain.bike\/wp-content\/uploads\/2022\/11\/G0023196-600x394.jpg 600w\" sizes=\"auto, (max-width: 1024px) 100vw, 1024px\" \/><\/figure>\n\n\n\n<p><strong>Des prix<\/strong>:<br>V\u00e9lo uniquement, Gratuit<br>Forfait de base (voir ci-dessus), 2 200 SEK<br>Suppl\u00e9ment nuit suppl\u00e9mentaire (voir ci-dessus) 1 800 SEK<br>Vous payez vous-m\u00eame le caf\u00e9\/le d\u00e9jeuner lors des visites.<br><\/p>\n\n\n\n<p><strong>Notification<\/strong> <strong>Ferm\u00e9<\/strong><\/p>","protected":false},"excerpt":{"rendered":"<p>V\u00e4lkommen till en fantastisk helg med Gravel i Norra Bergslagen N\u00e4r: 29-30 juli 2023.Var: S\u00e4venfors, BergslagenHur: Gravel Camp p\u00e5 fantastiska v\u00e4garSova: Vi bor p\u00e5 S\u00e4venfors Lodge\u00c4ta: Frukost p\u00e5 anl\u00e4ggningen, middag p\u00e5 kv\u00e4llen ing\u00e5r i paketet. Lunch o fika p\u00e5 turerna betalar man sj\u00e4lv.Pris: Eventet i sig \u00e4r kostnadsfritt men vi har ordnat med boendepaket f\u00f6r [&hellip;]<\/p>\n","protected":false},"author":135133094,"featured_media":0,"parent":0,"menu_order":0,"comment_status":"closed","ping_status":"closed","template":"","meta":{"_coblocks_attr":"","_coblocks_dimensions":"","_coblocks_responsive_height":"","_coblocks_accordion_ie_support":"","footnotes":""},"class_list":["post-1986","page","type-page","status-publish","hentry"],"yoast_head":"<!-- This site is optimized with the Yoast SEO plugin v27.2 - https:\/\/yoast.com\/product\/yoast-seo-wordpress\/ -->\n<title>S\u00e4venfors Gravel Camp - INZAIN Cycling EXPERIENCES<\/title>\n<meta name=\"robots\" content=\"index, follow, max-snippet:-1, max-image-preview:large, max-video-preview:-1\" \/>\n<link rel=\"canonical\" href=\"https:\/\/inzain.bike\/fr\/savenfors-gravel-camp\/\" \/>\n<meta property=\"og:locale\" content=\"fr_FR\" \/>\n<meta property=\"og:type\" content=\"article\" \/>\n<meta property=\"og:title\" content=\"S\u00e4venfors Gravel Camp - INZAIN Cycling EXPERIENCES\" \/>\n<meta property=\"og:description\" content=\"V\u00e4lkommen till en fantastisk helg med Gravel i Norra Bergslagen N\u00e4r: 29-30 juli 2023.Var: S\u00e4venfors, BergslagenHur: Gravel Camp p\u00e5 fantastiska v\u00e4garSova: Vi bor p\u00e5 S\u00e4venfors Lodge\u00c4ta: Frukost p\u00e5 anl\u00e4ggningen, middag p\u00e5 kv\u00e4llen ing\u00e5r i paketet. Lunch o fika p\u00e5 turerna betalar man sj\u00e4lv.Pris: Eventet i sig \u00e4r kostnadsfritt men vi har ordnat med boendepaket f\u00f6r [&hellip;]\" \/>\n<meta property=\"og:url\" content=\"https:\/\/inzain.bike\/fr\/savenfors-gravel-camp\/\" \/>\n<meta property=\"og:site_name\" content=\"INZAIN Cycling EXPERIENCES\" \/>\n<meta property=\"article:publisher\" content=\"https:\/\/www.facebook.com\/Inzain.bike\" \/>\n<meta property=\"article:modified_time\" content=\"2023-07-28T07:18:04+00:00\" \/>\n<meta property=\"og:image\" content=\"https:\/\/inzain.bike\/wp-content\/uploads\/2022\/10\/sav3-1024x682.jpg\" \/>\n<meta name=\"twitter:card\" content=\"summary_large_image\" \/>\n<meta name=\"twitter:label1\" content=\"Dur\u00e9e de lecture estim\u00e9e\" \/>\n\t<meta name=\"twitter:data1\" content=\"2 minutes\" \/>\n<script type=\"application\/ld+json\" class=\"yoast-schema-graph\">{\"@context\":\"https:\/\/schema.org\",\"@graph\":[{\"@type\":\"WebPage\",\"@id\":\"https:\/\/inzain.bike\/fi\/savenfors-gravel-camp\/\",\"url\":\"https:\/\/inzain.bike\/fi\/savenfors-gravel-camp\/\",\"name\":\"S\u00e4venfors Gravel Camp - INZAIN Cycling EXPERIENCES\",\"isPartOf\":{\"@id\":\"https:\/\/inzain.bike\/fr_be\/#website\"},\"primaryImageOfPage\":{\"@id\":\"https:\/\/inzain.bike\/fi\/savenfors-gravel-camp\/#primaryimage\"},\"image\":{\"@id\":\"https:\/\/inzain.bike\/fi\/savenfors-gravel-camp\/#primaryimage\"},\"thumbnailUrl\":\"https:\/\/inzain.bike\/wp-content\/uploads\/2022\/10\/sav3-1024x682.jpg\",\"datePublished\":\"2022-10-02T16:29:56+00:00\",\"dateModified\":\"2023-07-28T07:18:04+00:00\",\"breadcrumb\":{\"@id\":\"https:\/\/inzain.bike\/fi\/savenfors-gravel-camp\/#breadcrumb\"},\"inLanguage\":\"fr-FR\",\"potentialAction\":[{\"@type\":\"ReadAction\",\"target\":[\"https:\/\/inzain.bike\/fi\/savenfors-gravel-camp\/\"]}]},{\"@type\":\"ImageObject\",\"inLanguage\":\"fr-FR\",\"@id\":\"https:\/\/inzain.bike\/fi\/savenfors-gravel-camp\/#primaryimage\",\"url\":\"https:\/\/inzain.bike\/wp-content\/uploads\/2022\/10\/sav3-1024x682.jpg\",\"contentUrl\":\"https:\/\/inzain.bike\/wp-content\/uploads\/2022\/10\/sav3-1024x682.jpg\"},{\"@type\":\"BreadcrumbList\",\"@id\":\"https:\/\/inzain.bike\/fi\/savenfors-gravel-camp\/#breadcrumb\",\"itemListElement\":[{\"@type\":\"ListItem\",\"position\":1,\"name\":\"Hem\",\"item\":\"https:\/\/inzain.bike\/fr_be\/\"},{\"@type\":\"ListItem\",\"position\":2,\"name\":\"S\u00e4venfors Gravel Camp\"}]},{\"@type\":\"WebSite\",\"@id\":\"https:\/\/inzain.bike\/fr_be\/#website\",\"url\":\"https:\/\/inzain.bike\/fr_be\/\",\"name\":\"INZAIN Cycling EXPERIENCES\",\"description\":\"Cyckling Adventures  - for everyone\",\"publisher\":{\"@id\":\"https:\/\/inzain.bike\/fr_be\/#organization\"},\"alternateName\":\"INZAIN Gravel & Travel\",\"potentialAction\":[{\"@type\":\"SearchAction\",\"target\":{\"@type\":\"EntryPoint\",\"urlTemplate\":\"https:\/\/inzain.bike\/fr_be\/?s={search_term_string}\"},\"query-input\":{\"@type\":\"PropertyValueSpecification\",\"valueRequired\":true,\"valueName\":\"search_term_string\"}}],\"inLanguage\":\"fr-FR\"},{\"@type\":\"Organization\",\"@id\":\"https:\/\/inzain.bike\/fr_be\/#organization\",\"name\":\"INZAIN Cycling EXPERIENCES\",\"url\":\"https:\/\/inzain.bike\/fr_be\/\",\"logo\":{\"@type\":\"ImageObject\",\"inLanguage\":\"fr-FR\",\"@id\":\"https:\/\/inzain.bike\/fr_be\/#\/schema\/logo\/image\/\",\"url\":\"https:\/\/i0.wp.com\/inzain.bike\/wp-content\/uploads\/2023\/09\/cropped-INZAIN_512x512_white.png?fit=512%2C512&ssl=1\",\"contentUrl\":\"https:\/\/i0.wp.com\/inzain.bike\/wp-content\/uploads\/2023\/09\/cropped-INZAIN_512x512_white.png?fit=512%2C512&ssl=1\",\"width\":512,\"height\":512,\"caption\":\"INZAIN Cycling EXPERIENCES\"},\"image\":{\"@id\":\"https:\/\/inzain.bike\/fr_be\/#\/schema\/logo\/image\/\"},\"sameAs\":[\"https:\/\/www.facebook.com\/Inzain.bike\",\"https:\/\/www.instagram.com\/inzainbike\"]}]}<\/script>\n<!-- \/ Yoast SEO plugin. -->","yoast_head_json":{"title":"Camp de gravier de S\u00e4venfors - Exp\u00e9riences cyclistes INZAIN","robots":{"index":"index","follow":"follow","max-snippet":"max-snippet:-1","max-image-preview":"max-image-preview:large","max-video-preview":"max-video-preview:-1"},"canonical":"https:\/\/inzain.bike\/fr\/savenfors-gravel-camp\/","og_locale":"fr_FR","og_type":"article","og_title":"S\u00e4venfors Gravel Camp - INZAIN Cycling EXPERIENCES","og_description":"V\u00e4lkommen till en fantastisk helg med Gravel i Norra Bergslagen N\u00e4r: 29-30 juli 2023.Var: S\u00e4venfors, BergslagenHur: Gravel Camp p\u00e5 fantastiska v\u00e4garSova: Vi bor p\u00e5 S\u00e4venfors Lodge\u00c4ta: Frukost p\u00e5 anl\u00e4ggningen, middag p\u00e5 kv\u00e4llen ing\u00e5r i paketet. Lunch o fika p\u00e5 turerna betalar man sj\u00e4lv.Pris: Eventet i sig \u00e4r kostnadsfritt men vi har ordnat med boendepaket f\u00f6r [&hellip;]","og_url":"https:\/\/inzain.bike\/fr\/savenfors-gravel-camp\/","og_site_name":"INZAIN Cycling EXPERIENCES","article_publisher":"https:\/\/www.facebook.com\/Inzain.bike","article_modified_time":"2023-07-28T07:18:04+00:00","og_image":[{"url":"https:\/\/inzain.bike\/wp-content\/uploads\/2022\/10\/sav3-1024x682.jpg","type":"","width":"","height":""}],"twitter_card":"summary_large_image","twitter_misc":{"Dur\u00e9e de lecture estim\u00e9e":"2 minutes"},"schema":{"@context":"https:\/\/schema.org","@graph":[{"@type":"WebPage","@id":"https:\/\/inzain.bike\/fi\/savenfors-gravel-camp\/","url":"https:\/\/inzain.bike\/fi\/savenfors-gravel-camp\/","name":"Camp de gravier de S\u00e4venfors - Exp\u00e9riences cyclistes INZAIN","isPartOf":{"@id":"https:\/\/inzain.bike\/fr_be\/#website"},"primaryImageOfPage":{"@id":"https:\/\/inzain.bike\/fi\/savenfors-gravel-camp\/#primaryimage"},"image":{"@id":"https:\/\/inzain.bike\/fi\/savenfors-gravel-camp\/#primaryimage"},"thumbnailUrl":"https:\/\/inzain.bike\/wp-content\/uploads\/2022\/10\/sav3-1024x682.jpg","datePublished":"2022-10-02T16:29:56+00:00","dateModified":"2023-07-28T07:18:04+00:00","breadcrumb":{"@id":"https:\/\/inzain.bike\/fi\/savenfors-gravel-camp\/#breadcrumb"},"inLanguage":"fr-FR","potentialAction":[{"@type":"ReadAction","target":["https:\/\/inzain.bike\/fi\/savenfors-gravel-camp\/"]}]},{"@type":"ImageObject","inLanguage":"fr-FR","@id":"https:\/\/inzain.bike\/fi\/savenfors-gravel-camp\/#primaryimage","url":"https:\/\/inzain.bike\/wp-content\/uploads\/2022\/10\/sav3-1024x682.jpg","contentUrl":"https:\/\/inzain.bike\/wp-content\/uploads\/2022\/10\/sav3-1024x682.jpg"},{"@type":"BreadcrumbList","@id":"https:\/\/inzain.bike\/fi\/savenfors-gravel-camp\/#breadcrumb","itemListElement":[{"@type":"ListItem","position":1,"name":"Hem","item":"https:\/\/inzain.bike\/fr_be\/"},{"@type":"ListItem","position":2,"name":"S\u00e4venfors Gravel Camp"}]},{"@type":"WebSite","@id":"https:\/\/inzain.bike\/fr_be\/#website","url":"https:\/\/inzain.bike\/fr_be\/","name":"EXP\u00c9RIENCES Cyclistes INZAIN","description":"Aventures \u00e0 v\u00e9lo - pour tous","publisher":{"@id":"https:\/\/inzain.bike\/fr_be\/#organization"},"alternateName":"INZAIN Gravel & Travel","potentialAction":[{"@type":"SearchAction","target":{"@type":"EntryPoint","urlTemplate":"https:\/\/inzain.bike\/fr_be\/?s={search_term_string}"},"query-input":{"@type":"PropertyValueSpecification","valueRequired":true,"valueName":"search_term_string"}}],"inLanguage":"fr-FR"},{"@type":"Organization","@id":"https:\/\/inzain.bike\/fr_be\/#organization","name":"EXP\u00c9RIENCES Cyclistes INZAIN","url":"https:\/\/inzain.bike\/fr_be\/","logo":{"@type":"ImageObject","inLanguage":"fr-FR","@id":"https:\/\/inzain.bike\/fr_be\/#\/schema\/logo\/image\/","url":"https:\/\/i0.wp.com\/inzain.bike\/wp-content\/uploads\/2023\/09\/cropped-INZAIN_512x512_white.png?fit=512%2C512&ssl=1","contentUrl":"https:\/\/i0.wp.com\/inzain.bike\/wp-content\/uploads\/2023\/09\/cropped-INZAIN_512x512_white.png?fit=512%2C512&ssl=1","width":512,"height":512,"caption":"INZAIN Cycling EXPERIENCES"},"image":{"@id":"https:\/\/inzain.bike\/fr_be\/#\/schema\/logo\/image\/"},"sameAs":["https:\/\/www.facebook.com\/Inzain.bike","https:\/\/www.instagram.com\/inzainbike"]}]}},"amp_enabled":true,"_links":{"self":[{"href":"https:\/\/inzain.bike\/fr\/wp-json\/wp\/v2\/pages\/1986","targetHints":{"allow":["GET"]}}],"collection":[{"href":"https:\/\/inzain.bike\/fr\/wp-json\/wp\/v2\/pages"}],"about":[{"href":"https:\/\/inzain.bike\/fr\/wp-json\/wp\/v2\/types\/page"}],"author":[{"embeddable":true,"href":"https:\/\/inzain.bike\/fr\/wp-json\/wp\/v2\/users\/135133094"}],"replies":[{"embeddable":true,"href":"https:\/\/inzain.bike\/fr\/wp-json\/wp\/v2\/comments?post=1986"}],"version-history":[{"count":0,"href":"https:\/\/inzain.bike\/fr\/wp-json\/wp\/v2\/pages\/1986\/revisions"}],"wp:attachment":[{"href":"https:\/\/inzain.bike\/fr\/wp-json\/wp\/v2\/media?parent=1986"}],"curies":[{"name":"wp","href":"https:\/\/api.w.org\/{rel}","templated":true}]}}