{"id":1994,"date":"2022-10-02T18:37:40","date_gmt":"2022-10-02T16:37:40","guid":{"rendered":"https:\/\/inzain.bike\/?page_id=1994"},"modified":"2023-07-12T09:01:13","modified_gmt":"2023-07-12T07:01:13","slug":"finland-gravel-randonee","status":"publish","type":"page","link":"https:\/\/inzain.bike\/fr\/finland-gravel-randonee\/","title":{"rendered":"Finlande Gravel Randone\u00e9"},"content":{"rendered":"<p>Bienvenue dans un fantastique tour de gravel en Finlande<\/p>\n\n\n\n<figure class=\"wp-block-image size-large\"><img loading=\"lazy\" decoding=\"async\" width=\"1024\" height=\"607\" src=\"https:\/\/inzain.bike\/wp-content\/uploads\/2022\/11\/the-Moth-1024x607.png\" alt=\"\" class=\"wp-image-2461\" srcset=\"https:\/\/inzain.bike\/wp-content\/uploads\/2022\/11\/the-Moth-1024x607.png 1024w, https:\/\/inzain.bike\/wp-content\/uploads\/2022\/11\/the-Moth-300x178.png 300w, https:\/\/inzain.bike\/wp-content\/uploads\/2022\/11\/the-Moth-768x455.png 768w, https:\/\/inzain.bike\/wp-content\/uploads\/2022\/11\/the-Moth-1536x910.png 1536w, https:\/\/inzain.bike\/wp-content\/uploads\/2022\/11\/the-Moth-18x12.png 18w, https:\/\/inzain.bike\/wp-content\/uploads\/2022\/11\/the-Moth-1320x782.png 1320w, https:\/\/inzain.bike\/wp-content\/uploads\/2022\/11\/the-Moth-600x355.png 600w, https:\/\/inzain.bike\/wp-content\/uploads\/2022\/11\/the-Moth.png 1668w\" sizes=\"auto, (max-width: 1024px) 100vw, 1024px\" \/><\/figure>\n\n\n\n<p><strong>Quand<\/strong>: 3-6 juin 2023.<br><strong>O\u00f9<\/strong>:Helsinki<br><strong>Voyage<\/strong>: Tallink Sthlm -&gt; Helsinki 2\/6 16h45 &amp; Helsinki -&gt; Sthlm 5\/6 17h00<br><strong>Comment<\/strong>: Gravel Camp sur des routes incroyables<br><strong>H\u00e9bergement<\/strong>: Nous vivons dans des endroits agr\u00e9ables le long de la route. Voir ci-dessous<br><\/p>\n\n\n\n<figure class=\"wp-block-image size-large\"><img loading=\"lazy\" decoding=\"async\" width=\"1024\" height=\"684\" src=\"https:\/\/inzain.bike\/wp-content\/uploads\/2022\/10\/sf2-1024x684.jpeg\" alt=\"\" class=\"wp-image-2121\" srcset=\"https:\/\/inzain.bike\/wp-content\/uploads\/2022\/10\/sf2-1024x684.jpeg 1024w, https:\/\/inzain.bike\/wp-content\/uploads\/2022\/10\/sf2-300x200.jpeg 300w, https:\/\/inzain.bike\/wp-content\/uploads\/2022\/10\/sf2-768x513.jpeg 768w, https:\/\/inzain.bike\/wp-content\/uploads\/2022\/10\/sf2-18x12.jpeg 18w, https:\/\/inzain.bike\/wp-content\/uploads\/2022\/10\/sf2-1320x881.jpeg 1320w, https:\/\/inzain.bike\/wp-content\/uploads\/2022\/10\/sf2-600x401.jpeg 600w, https:\/\/inzain.bike\/wp-content\/uploads\/2022\/10\/sf2.jpeg 1450w\" sizes=\"auto, (max-width: 1024px) 100vw, 1024px\" \/><\/figure>\n\n\n\n<p><strong>\u00c0 quoi pouvez-vous vous attendre ?<\/strong><br>Nous faisons du v\u00e9lo pour nous amuser, il n&#039;y a pas d&#039;intervalles et il ne s&#039;agit pas de faire du v\u00e9lo le plus vite mais de vivre la meilleure exp\u00e9rience. Si vous voulez faire des folies, bien s\u00fbr, \u00e7a va, attendez plus loin. Nous pouvons \u00e9galement diviser le groupe, si cela s&#039;av\u00e8re mieux. Nos guides ont beaucoup d\u2019exp\u00e9rience dans l\u2019organisation et la conduite de ces visites.<\/p>\n\n\n\n<p>Silja <a href=\"https:\/\/se.tallink.com\/stockholm-helsingfors-tidtabell\">Horaires et r\u00e9servation<\/a><\/p>\n\n\n\n<figure class=\"wp-block-image size-large\"><img loading=\"lazy\" decoding=\"async\" width=\"1024\" height=\"322\" src=\"https:\/\/inzain.bike\/wp-content\/uploads\/2022\/10\/sf1-1-1024x322.jpg\" alt=\"\" class=\"wp-image-2122\" srcset=\"https:\/\/inzain.bike\/wp-content\/uploads\/2022\/10\/sf1-1-1024x322.jpg 1024w, https:\/\/inzain.bike\/wp-content\/uploads\/2022\/10\/sf1-1-300x94.jpg 300w, https:\/\/inzain.bike\/wp-content\/uploads\/2022\/10\/sf1-1-768x242.jpg 768w, https:\/\/inzain.bike\/wp-content\/uploads\/2022\/10\/sf1-1-1536x483.jpg 1536w, https:\/\/inzain.bike\/wp-content\/uploads\/2022\/10\/sf1-1-18x6.jpg 18w, https:\/\/inzain.bike\/wp-content\/uploads\/2022\/10\/sf1-1-1320x415.jpg 1320w, https:\/\/inzain.bike\/wp-content\/uploads\/2022\/10\/sf1-1-600x189.jpg 600w, https:\/\/inzain.bike\/wp-content\/uploads\/2022\/10\/sf1-1.jpg 1920w\" sizes=\"auto, (max-width: 1024px) 100vw, 1024px\" \/><\/figure>\n\n\n\n<p><strong>Vendredi<\/strong><br>Bateau le soir depuis Stockholm, \u00e0 16h45. Nous mangeons bien, prenons peut-\u00eatre une bi\u00e8re ou deux et dormons \u00e0 Helsinki, avec une heure d&#039;arriv\u00e9e \u00e0 10h30.<br><br><strong>Samedi<\/strong> <br>Nous arrivons \u00e0 Helsinki avec nos v\u00e9los et partons directement du port. Nous d\u00e9jeunons en cours de route et arrivons \u00e0 notre h\u00e9bergement dans l&#039;apr\u00e8s-midi. Journ\u00e9e la plus difficile, environ 11 miles et 1 500 hm. Nous faisons une simple pause caf\u00e9 apr\u00e8s 27 km et d\u00e9jeunons apr\u00e8s 54 km au Restaurang Tila, qui en plus de la bonne nourriture poss\u00e8de \u00e9galement sa propre production de fromage. Le restaurant est situ\u00e9 au milieu du parc national Sibbo. Le caf\u00e9 est ensuite disponible \u00e0 75 alt 82 km. Nous vivons dans <a href=\"https:\/\/www.korpilampi.fi\/en\/\">H\u00f4tel Korpilampi<\/a> \u00e0 la station de ski Serena.<\/p>\n\n\n\n<p><strong>Dimanche<\/strong> <br>Nous prenons le petit d\u00e9jeuner et rentrons dans nos v\u00e9locip\u00e8des. Aujourd&#039;hui nous avons 12 milles et 1300 hm devant nous. La visite commence vers le sud via Solvik jusqu&#039;\u00e0 Espoo. Le d\u00e9jeuner est pris dans le port de Karl\u00f6fj\u00e4rden, apr\u00e8s 46 km \u00e0 Nokkalan Mjakka, o\u00f9 vous pouvez \u00e9galement acheter une glace :). Nous continuons le long de la c\u00f4te jusqu&#039;\u00e0 Tapiola o\u00f9 nous tournons \u00e0 nouveau vers l&#039;est. A 80 km, nous passons devant un magasin si quelque chose doit \u00eatre achet\u00e9. Nous contournons Vittr\u00e4sk et prenons un caf\u00e9 \u00e0 Lappb\u00f6le apr\u00e8s 96 km. <a href=\"https:\/\/polkuhotel.com\/\">H\u00f4tel Polku Nuuksio<\/a> atteint apr\u00e8s 12 milles. Le d\u00eener et le sommeil se passeront probablement tr\u00e8s bien alors.<\/p>\n\n\n\n<p><strong>Lundi<\/strong><br>Le dernier jour, nous reprenons le v\u00e9lo jusqu&#039;\u00e0 Helsinki, environ 80 km et 1 000 km et l\u00e0 nous attend le bateau qui nous ram\u00e8nera \u00e0 Stockholm avec un d\u00e9part \u00e0 17h00 et une arriv\u00e9e \u00e0 Stockholm mardi \u00e0 09h00. De l&#039;h\u00f4tel nous nous dirigeons vers En\u00e4j\u00e4rvi dont nous suivons la tribune ouest. Nous prenons un caf\u00e9 apr\u00e8s environ 20 km sur la piste de ski Pohjoinen Pirtti. Renforc\u00e9s, nous traversons Skogby et Luk. Nous y d\u00e9jeunons apr\u00e8s environ 40 km. Maintenant, la tourn\u00e9e tourne vers le sud et nous m\u00e8ne sur de belles routes jusqu&#039;au port et au bateau qui nous attend.<br><br><\/p>\n\n\n\n<p><strong>La route - &quot;<em>La mite<\/em>\u201c<\/strong><\/p>\n\n\n\n<figure class=\"wp-block-image size-large\"><img loading=\"lazy\" decoding=\"async\" width=\"1024\" height=\"658\" src=\"https:\/\/inzain.bike\/wp-content\/uploads\/2022\/11\/image-28-1024x658.png\" alt=\"\" class=\"wp-image-2463\" srcset=\"https:\/\/inzain.bike\/wp-content\/uploads\/2022\/11\/image-28-1024x658.png 1024w, https:\/\/inzain.bike\/wp-content\/uploads\/2022\/11\/image-28-300x193.png 300w, https:\/\/inzain.bike\/wp-content\/uploads\/2022\/11\/image-28-768x493.png 768w, https:\/\/inzain.bike\/wp-content\/uploads\/2022\/11\/image-28-1536x987.png 1536w, https:\/\/inzain.bike\/wp-content\/uploads\/2022\/11\/image-28-2048x1316.png 2048w, https:\/\/inzain.bike\/wp-content\/uploads\/2022\/11\/image-28-18x12.png 18w, https:\/\/inzain.bike\/wp-content\/uploads\/2022\/11\/image-28-1320x848.png 1320w, https:\/\/inzain.bike\/wp-content\/uploads\/2022\/11\/image-28-600x385.png 600w\" sizes=\"auto, (max-width: 1024px) 100vw, 1024px\" \/><\/figure>\n\n\n\n<p>315 km, 3 500 hm trois jours. Lacs, mers, for\u00eats et champs, parfois lointains, parfois proches de la ville. Une balade passionnante qui se d\u00e9roule dans le sens inverse des aiguilles d&#039;une montre. Dernier jour le plus court possible pour cr\u00e9er un tampon pour le voyage de retour \u00e0 17h00.<\/p>\n\n\n\n<p><br><strong>Nous p\u00e9dalons selon les principes de Grusets V\u00e4nner.<\/strong><br>* Personne n&#039;est laiss\u00e9 seul, tout le monde doit participer<br>* Le rebond se passe bien, attendez plus tard<br>* Nous prenons soin et nous entraidons en cas de punks ou autres.<br>* Nous faisons du v\u00e9lo en toute s\u00e9curit\u00e9 et gardons nos distances, rappelez-vous la r\u00e8gle des trois secondes.<br>* Il s&#039;agit avant tout de passer une bonne journ\u00e9e.<\/p>\n\n\n\n<p><strong>Comment puis-je participer ?<\/strong><\/p>\n\n\n\n<p>R\u00e9servez un moyen pour vous rendre \u00e0 Helsinki, nous sommes un groupe qui partirons avec le bateau le vendredi soir (voir l&#039;introduction) et r\u00e9serverons un h\u00e9bergement, de pr\u00e9f\u00e9rence dans le m\u00eame h\u00f4tel que nous avons r\u00e9serv\u00e9, voir aussi ci-dessus.<\/p>\n\n\n\n<p><strong>Des prix<\/strong>: Gratuit<br><br><a href=\"https:\/\/inzain.bike\/fr\/finland-gravel-tour-riders-guide\/\"><strong>Guide du cavalier<\/strong> <\/a><br><\/p>\n\n\n\n<p><strong>Notification<\/strong> <strong>Ferm\u00e9<\/strong><br><\/p>","protected":false},"excerpt":{"rendered":"<p>V\u00e4lkommen till en fantastisk gravel tour i Finland N\u00e4r: 3-6 juni 2023.Var: HelsingforsResa: Tallink Sthlm -&gt; Helsingfors 2\/6 16:45 &amp; Helsingfors -&gt; Sthlm 5\/6 17:00Hur: Gravel Camp p\u00e5 fantastiska v\u00e4garBoende: Vi bor fina st\u00e4llen l\u00e4ngs rutten. Se nedan Vad kan du f\u00f6rv\u00e4nta dig?Vi cyklar f\u00f6r att ha trevligt, det \u00e4r inte n\u00e5gra intervaller och det [&hellip;]<\/p>\n","protected":false},"author":135133094,"featured_media":0,"parent":0,"menu_order":0,"comment_status":"closed","ping_status":"closed","template":"","meta":{"_coblocks_attr":"","_coblocks_dimensions":"","_coblocks_responsive_height":"","_coblocks_accordion_ie_support":"","footnotes":""},"class_list":["post-1994","page","type-page","status-publish","hentry"],"yoast_head":"<!-- This site is optimized with the Yoast SEO plugin v27.2 - https:\/\/yoast.com\/product\/yoast-seo-wordpress\/ -->\n<title>Finland Gravel Randone\u00e9 - INZAIN Cycling EXPERIENCES<\/title>\n<meta name=\"robots\" content=\"index, follow, max-snippet:-1, max-image-preview:large, max-video-preview:-1\" \/>\n<link rel=\"canonical\" href=\"https:\/\/inzain.bike\/fr\/finland-gravel-randonee\/\" \/>\n<meta property=\"og:locale\" content=\"fr_FR\" \/>\n<meta property=\"og:type\" content=\"article\" \/>\n<meta property=\"og:title\" content=\"Finland Gravel Randone\u00e9 - INZAIN Cycling EXPERIENCES\" \/>\n<meta property=\"og:description\" content=\"V\u00e4lkommen till en fantastisk gravel tour i Finland N\u00e4r: 3-6 juni 2023.Var: HelsingforsResa: Tallink Sthlm -&gt; Helsingfors 2\/6 16:45 &amp; Helsingfors -&gt; Sthlm 5\/6 17:00Hur: Gravel Camp p\u00e5 fantastiska v\u00e4garBoende: Vi bor fina st\u00e4llen l\u00e4ngs rutten. Se nedan Vad kan du f\u00f6rv\u00e4nta dig?Vi cyklar f\u00f6r att ha trevligt, det \u00e4r inte n\u00e5gra intervaller och det [&hellip;]\" \/>\n<meta property=\"og:url\" content=\"https:\/\/inzain.bike\/fr\/finland-gravel-randonee\/\" \/>\n<meta property=\"og:site_name\" content=\"INZAIN Cycling EXPERIENCES\" \/>\n<meta property=\"article:publisher\" content=\"https:\/\/www.facebook.com\/Inzain.bike\" \/>\n<meta property=\"article:modified_time\" content=\"2023-07-12T07:01:13+00:00\" \/>\n<meta property=\"og:image\" content=\"https:\/\/inzain.bike\/wp-content\/uploads\/2022\/11\/the-Moth-1024x607.png\" \/>\n<meta name=\"twitter:card\" content=\"summary_large_image\" \/>\n<meta name=\"twitter:label1\" content=\"Dur\u00e9e de lecture estim\u00e9e\" \/>\n\t<meta name=\"twitter:data1\" content=\"3 minutes\" \/>\n<script type=\"application\/ld+json\" class=\"yoast-schema-graph\">{\"@context\":\"https:\/\/schema.org\",\"@graph\":[{\"@type\":\"WebPage\",\"@id\":\"https:\/\/inzain.bike\/en_gb\/finland-gravel-randonee\/\",\"url\":\"https:\/\/inzain.bike\/en_gb\/finland-gravel-randonee\/\",\"name\":\"Finland Gravel Randone\u00e9 - INZAIN Cycling EXPERIENCES\",\"isPartOf\":{\"@id\":\"https:\/\/inzain.bike\/fr_be\/#website\"},\"primaryImageOfPage\":{\"@id\":\"https:\/\/inzain.bike\/en_gb\/finland-gravel-randonee\/#primaryimage\"},\"image\":{\"@id\":\"https:\/\/inzain.bike\/en_gb\/finland-gravel-randonee\/#primaryimage\"},\"thumbnailUrl\":\"https:\/\/inzain.bike\/wp-content\/uploads\/2022\/11\/the-Moth-1024x607.png\",\"datePublished\":\"2022-10-02T16:37:40+00:00\",\"dateModified\":\"2023-07-12T07:01:13+00:00\",\"breadcrumb\":{\"@id\":\"https:\/\/inzain.bike\/en_gb\/finland-gravel-randonee\/#breadcrumb\"},\"inLanguage\":\"fr-FR\",\"potentialAction\":[{\"@type\":\"ReadAction\",\"target\":[\"https:\/\/inzain.bike\/en_gb\/finland-gravel-randonee\/\"]}]},{\"@type\":\"ImageObject\",\"inLanguage\":\"fr-FR\",\"@id\":\"https:\/\/inzain.bike\/en_gb\/finland-gravel-randonee\/#primaryimage\",\"url\":\"https:\/\/inzain.bike\/wp-content\/uploads\/2022\/11\/the-Moth-1024x607.png\",\"contentUrl\":\"https:\/\/inzain.bike\/wp-content\/uploads\/2022\/11\/the-Moth-1024x607.png\"},{\"@type\":\"BreadcrumbList\",\"@id\":\"https:\/\/inzain.bike\/en_gb\/finland-gravel-randonee\/#breadcrumb\",\"itemListElement\":[{\"@type\":\"ListItem\",\"position\":1,\"name\":\"Hem\",\"item\":\"https:\/\/inzain.bike\/fr_be\/\"},{\"@type\":\"ListItem\",\"position\":2,\"name\":\"Finland Gravel Randone\u00e9\"}]},{\"@type\":\"WebSite\",\"@id\":\"https:\/\/inzain.bike\/fr_be\/#website\",\"url\":\"https:\/\/inzain.bike\/fr_be\/\",\"name\":\"INZAIN Cycling EXPERIENCES\",\"description\":\"Cyckling Adventures  - for everyone\",\"publisher\":{\"@id\":\"https:\/\/inzain.bike\/fr_be\/#organization\"},\"alternateName\":\"INZAIN Gravel & Travel\",\"potentialAction\":[{\"@type\":\"SearchAction\",\"target\":{\"@type\":\"EntryPoint\",\"urlTemplate\":\"https:\/\/inzain.bike\/fr_be\/?s={search_term_string}\"},\"query-input\":{\"@type\":\"PropertyValueSpecification\",\"valueRequired\":true,\"valueName\":\"search_term_string\"}}],\"inLanguage\":\"fr-FR\"},{\"@type\":\"Organization\",\"@id\":\"https:\/\/inzain.bike\/fr_be\/#organization\",\"name\":\"INZAIN Cycling EXPERIENCES\",\"url\":\"https:\/\/inzain.bike\/fr_be\/\",\"logo\":{\"@type\":\"ImageObject\",\"inLanguage\":\"fr-FR\",\"@id\":\"https:\/\/inzain.bike\/fr_be\/#\/schema\/logo\/image\/\",\"url\":\"https:\/\/i0.wp.com\/inzain.bike\/wp-content\/uploads\/2023\/09\/cropped-INZAIN_512x512_white.png?fit=512%2C512&ssl=1\",\"contentUrl\":\"https:\/\/i0.wp.com\/inzain.bike\/wp-content\/uploads\/2023\/09\/cropped-INZAIN_512x512_white.png?fit=512%2C512&ssl=1\",\"width\":512,\"height\":512,\"caption\":\"INZAIN Cycling EXPERIENCES\"},\"image\":{\"@id\":\"https:\/\/inzain.bike\/fr_be\/#\/schema\/logo\/image\/\"},\"sameAs\":[\"https:\/\/www.facebook.com\/Inzain.bike\",\"https:\/\/www.instagram.com\/inzainbike\"]}]}<\/script>\n<!-- \/ Yoast SEO plugin. -->","yoast_head_json":{"title":"Randonn\u00e9es sur gravier en Finlande - Exp\u00e9riences cyclistes INZAIN","robots":{"index":"index","follow":"follow","max-snippet":"max-snippet:-1","max-image-preview":"max-image-preview:large","max-video-preview":"max-video-preview:-1"},"canonical":"https:\/\/inzain.bike\/fr\/finland-gravel-randonee\/","og_locale":"fr_FR","og_type":"article","og_title":"Finland Gravel Randone\u00e9 - INZAIN Cycling EXPERIENCES","og_description":"V\u00e4lkommen till en fantastisk gravel tour i Finland N\u00e4r: 3-6 juni 2023.Var: HelsingforsResa: Tallink Sthlm -&gt; Helsingfors 2\/6 16:45 &amp; Helsingfors -&gt; Sthlm 5\/6 17:00Hur: Gravel Camp p\u00e5 fantastiska v\u00e4garBoende: Vi bor fina st\u00e4llen l\u00e4ngs rutten. Se nedan Vad kan du f\u00f6rv\u00e4nta dig?Vi cyklar f\u00f6r att ha trevligt, det \u00e4r inte n\u00e5gra intervaller och det [&hellip;]","og_url":"https:\/\/inzain.bike\/fr\/finland-gravel-randonee\/","og_site_name":"INZAIN Cycling EXPERIENCES","article_publisher":"https:\/\/www.facebook.com\/Inzain.bike","article_modified_time":"2023-07-12T07:01:13+00:00","og_image":[{"url":"https:\/\/inzain.bike\/wp-content\/uploads\/2022\/11\/the-Moth-1024x607.png","type":"","width":"","height":""}],"twitter_card":"summary_large_image","twitter_misc":{"Dur\u00e9e de lecture estim\u00e9e":"3 minutes"},"schema":{"@context":"https:\/\/schema.org","@graph":[{"@type":"WebPage","@id":"https:\/\/inzain.bike\/en_gb\/finland-gravel-randonee\/","url":"https:\/\/inzain.bike\/en_gb\/finland-gravel-randonee\/","name":"Randonn\u00e9es sur gravier en Finlande - Exp\u00e9riences cyclistes INZAIN","isPartOf":{"@id":"https:\/\/inzain.bike\/fr_be\/#website"},"primaryImageOfPage":{"@id":"https:\/\/inzain.bike\/en_gb\/finland-gravel-randonee\/#primaryimage"},"image":{"@id":"https:\/\/inzain.bike\/en_gb\/finland-gravel-randonee\/#primaryimage"},"thumbnailUrl":"https:\/\/inzain.bike\/wp-content\/uploads\/2022\/11\/the-Moth-1024x607.png","datePublished":"2022-10-02T16:37:40+00:00","dateModified":"2023-07-12T07:01:13+00:00","breadcrumb":{"@id":"https:\/\/inzain.bike\/en_gb\/finland-gravel-randonee\/#breadcrumb"},"inLanguage":"fr-FR","potentialAction":[{"@type":"ReadAction","target":["https:\/\/inzain.bike\/en_gb\/finland-gravel-randonee\/"]}]},{"@type":"ImageObject","inLanguage":"fr-FR","@id":"https:\/\/inzain.bike\/en_gb\/finland-gravel-randonee\/#primaryimage","url":"https:\/\/inzain.bike\/wp-content\/uploads\/2022\/11\/the-Moth-1024x607.png","contentUrl":"https:\/\/inzain.bike\/wp-content\/uploads\/2022\/11\/the-Moth-1024x607.png"},{"@type":"BreadcrumbList","@id":"https:\/\/inzain.bike\/en_gb\/finland-gravel-randonee\/#breadcrumb","itemListElement":[{"@type":"ListItem","position":1,"name":"Hem","item":"https:\/\/inzain.bike\/fr_be\/"},{"@type":"ListItem","position":2,"name":"Finland Gravel Randone\u00e9"}]},{"@type":"WebSite","@id":"https:\/\/inzain.bike\/fr_be\/#website","url":"https:\/\/inzain.bike\/fr_be\/","name":"EXP\u00c9RIENCES Cyclistes INZAIN","description":"Aventures \u00e0 v\u00e9lo - pour tous","publisher":{"@id":"https:\/\/inzain.bike\/fr_be\/#organization"},"alternateName":"INZAIN Gravel & Travel","potentialAction":[{"@type":"SearchAction","target":{"@type":"EntryPoint","urlTemplate":"https:\/\/inzain.bike\/fr_be\/?s={search_term_string}"},"query-input":{"@type":"PropertyValueSpecification","valueRequired":true,"valueName":"search_term_string"}}],"inLanguage":"fr-FR"},{"@type":"Organization","@id":"https:\/\/inzain.bike\/fr_be\/#organization","name":"EXP\u00c9RIENCES Cyclistes INZAIN","url":"https:\/\/inzain.bike\/fr_be\/","logo":{"@type":"ImageObject","inLanguage":"fr-FR","@id":"https:\/\/inzain.bike\/fr_be\/#\/schema\/logo\/image\/","url":"https:\/\/i0.wp.com\/inzain.bike\/wp-content\/uploads\/2023\/09\/cropped-INZAIN_512x512_white.png?fit=512%2C512&ssl=1","contentUrl":"https:\/\/i0.wp.com\/inzain.bike\/wp-content\/uploads\/2023\/09\/cropped-INZAIN_512x512_white.png?fit=512%2C512&ssl=1","width":512,"height":512,"caption":"INZAIN Cycling EXPERIENCES"},"image":{"@id":"https:\/\/inzain.bike\/fr_be\/#\/schema\/logo\/image\/"},"sameAs":["https:\/\/www.facebook.com\/Inzain.bike","https:\/\/www.instagram.com\/inzainbike"]}]}},"amp_enabled":true,"_links":{"self":[{"href":"https:\/\/inzain.bike\/fr\/wp-json\/wp\/v2\/pages\/1994","targetHints":{"allow":["GET"]}}],"collection":[{"href":"https:\/\/inzain.bike\/fr\/wp-json\/wp\/v2\/pages"}],"about":[{"href":"https:\/\/inzain.bike\/fr\/wp-json\/wp\/v2\/types\/page"}],"author":[{"embeddable":true,"href":"https:\/\/inzain.bike\/fr\/wp-json\/wp\/v2\/users\/135133094"}],"replies":[{"embeddable":true,"href":"https:\/\/inzain.bike\/fr\/wp-json\/wp\/v2\/comments?post=1994"}],"version-history":[{"count":0,"href":"https:\/\/inzain.bike\/fr\/wp-json\/wp\/v2\/pages\/1994\/revisions"}],"wp:attachment":[{"href":"https:\/\/inzain.bike\/fr\/wp-json\/wp\/v2\/media?parent=1994"}],"curies":[{"name":"wp","href":"https:\/\/api.w.org\/{rel}","templated":true}]}}