{"id":2006,"date":"2022-10-03T09:51:16","date_gmt":"2022-10-03T07:51:16","guid":{"rendered":"https:\/\/inzain.bike\/?page_id=2006"},"modified":"2022-12-03T09:45:04","modified_gmt":"2022-12-03T08:45:04","slug":"rallarvegen-norge-2023","status":"publish","type":"page","link":"https:\/\/inzain.bike\/fr\/rallarvegen-norge-2023\/","title":{"rendered":"Rallarvegen Norv\u00e8ge 2023"},"content":{"rendered":"<p>Bienvenue pour un week-end fantastique avec Gravel en Norv\u00e8ge<\/p>\n\n\n\n<figure class=\"wp-block-image size-large\"><img loading=\"lazy\" decoding=\"async\" width=\"1024\" height=\"682\" src=\"https:\/\/inzain.bike\/wp-content\/uploads\/2022\/10\/geilo3-1024x682.jpg\" alt=\"\" class=\"wp-image-2011\" srcset=\"https:\/\/inzain.bike\/wp-content\/uploads\/2022\/10\/geilo3-1024x682.jpg 1024w, https:\/\/inzain.bike\/wp-content\/uploads\/2022\/10\/geilo3-300x200.jpg 300w, https:\/\/inzain.bike\/wp-content\/uploads\/2022\/10\/geilo3-768x511.jpg 768w, https:\/\/inzain.bike\/wp-content\/uploads\/2022\/10\/geilo3-1536x1022.jpg 1536w, https:\/\/inzain.bike\/wp-content\/uploads\/2022\/10\/geilo3-18x12.jpg 18w, https:\/\/inzain.bike\/wp-content\/uploads\/2022\/10\/geilo3-1320x879.jpg 1320w, https:\/\/inzain.bike\/wp-content\/uploads\/2022\/10\/geilo3-600x399.jpg 600w, https:\/\/inzain.bike\/wp-content\/uploads\/2022\/10\/geilo3.jpg 1920w\" sizes=\"auto, (max-width: 1024px) 100vw, 1024px\" \/><\/figure>\n\n\n\n<p><strong>Quand<\/strong>: 15-16 juillet 2023.<br><strong>O\u00f9<\/strong>: Geilo, Norv\u00e8ge<br><strong>Comment<\/strong>: Nous allons \u00e0 Geilo, faisons du v\u00e9lo jusqu&#039;\u00e0 Fl\u00e5ms, dormons une nuit et reprenons le train pour Geilo<br><strong>Dormir<\/strong>: Nous vivons dans <a href=\"https:\/\/www.vangsgaarden.com\/en\/\">Vangsgarden <\/a>\u00e0 Aurland, \u00e0 quelques kilom\u00e8tres de Fl\u00e5m<br><strong>Prix<\/strong>: \u00c0 vos frais, vous r\u00e9servez l&#039;h\u00f4tel et vous entra\u00eenez vous-m\u00eame.<\/p>\n\n\n\n<figure class=\"wp-block-embed is-type-video is-provider-youtube wp-block-embed-youtube wp-embed-aspect-16-9 wp-has-aspect-ratio\"><div class=\"wp-block-embed__wrapper\">\n<iframe loading=\"lazy\" title=\"Rallarvegen Norv\u00e8ge Gravel Cycling GoPro 9 4K\" width=\"500\" height=\"281\" src=\"https:\/\/www.youtube.com\/embed\/RIu0XHKJoOI?feature=oembed\" frameborder=\"0\" allow=\"accelerometer; autoplay; clipboard-write; encrypted-media; gyroscope; picture-in-picture; web-share\" referrerpolicy=\"strict-origin-when-cross-origin\" allowfullscreen><\/iframe>\n<\/div><\/figure>\n\n\n\n<p><strong>\u00c0 quoi pouvez-vous vous attendre ?<\/strong><br>Nous faisons du v\u00e9lo pour nous amuser, il n&#039;y a pas d&#039;intervalles et il ne s&#039;agit pas de faire du v\u00e9lo le plus vite mais de vivre la meilleure exp\u00e9rience. Si vous voulez faire des folies, bien s\u00fbr, \u00e7a va, attendez plus loin. Nous pouvons \u00e9galement diviser le groupe, si cela s&#039;av\u00e8re mieux. Nos guides ont beaucoup d\u2019exp\u00e9rience dans l\u2019organisation et la conduite de ces visites.<br><br><strong>Samedi<\/strong> <br>Nous parcourons la belle route jusqu&#039;\u00e0 Fl\u00e5m, 105 km 1 500 hm. Nous d\u00e9jeunons et prenons un caf\u00e9 en cours de route. Une fois sur place, nous nous installons \u00e0 notre h\u00e9bergement.<\/p>\n\n\n\n<figure class=\"wp-block-image size-large\"><img loading=\"lazy\" decoding=\"async\" width=\"856\" height=\"1024\" src=\"https:\/\/inzain.bike\/wp-content\/uploads\/2022\/10\/geilo1-856x1024.jpg\" alt=\"\" class=\"wp-image-2012\" srcset=\"https:\/\/inzain.bike\/wp-content\/uploads\/2022\/10\/geilo1-856x1024.jpg 856w, https:\/\/inzain.bike\/wp-content\/uploads\/2022\/10\/geilo1-251x300.jpg 251w, https:\/\/inzain.bike\/wp-content\/uploads\/2022\/10\/geilo1-768x919.jpg 768w, https:\/\/inzain.bike\/wp-content\/uploads\/2022\/10\/geilo1-1284x1536.jpg 1284w, https:\/\/inzain.bike\/wp-content\/uploads\/2022\/10\/geilo1-10x12.jpg 10w, https:\/\/inzain.bike\/wp-content\/uploads\/2022\/10\/geilo1-1320x1579.jpg 1320w, https:\/\/inzain.bike\/wp-content\/uploads\/2022\/10\/geilo1-600x718.jpg 600w, https:\/\/inzain.bike\/wp-content\/uploads\/2022\/10\/geilo1.jpg 1467w\" sizes=\"auto, (max-width: 856px) 100vw, 856px\" \/><\/figure>\n\n\n\n<p><\/p>\n\n\n\n<p><strong>Dimanche<\/strong> <br>Nous et nos v\u00e9los prenons le train pour Geilo pour le voyage de retour,<\/p>\n\n\n\n<p><br><strong>Nous p\u00e9dalons selon les principes de Grusets V\u00e4nner.<\/strong><br>* Personne n&#039;est laiss\u00e9 seul, tout le monde doit participer<br>* Le rebond se passe bien, attendez plus tard<br>* Nous prenons soin et nous entraidons en cas de punks ou autres.<br>* Nous faisons du v\u00e9lo en toute s\u00e9curit\u00e9 et gardons nos distances, rappelez-vous la r\u00e8gle des trois secondes.<br>* Il s&#039;agit avant tout de passer une bonne journ\u00e9e.<\/p>\n\n\n\n<p><\/p>\n\n\n\n<p><strong>Des prix<\/strong>:<br>Propre co\u00fbt.<\/p>\n\n\n\n\n\n<p>Notification<\/p>\n\n\n<p><!-- \/wp:post-content --><\/p>\n<p><!-- wp:wpforms\/form-selector {\"formId\":\"1025\"} \/--><\/p>","protected":false},"excerpt":{"rendered":"<p>V\u00e4lkommen till en fantastisk helg med Gravel i Norge N\u00e4r: 15-16 juli 2023.Var: Geilo, NorgeHur: Vi \u00e5ker till Geilo, cyklar till Fl\u00e5ms, sover en natt och \u00e5ker t\u00e5g tillbaka till GeiloSova: Vi bor p\u00e5 Vangsg\u00e5rden i Aurland, n\u00e5gon kilometer fr\u00e5n Fl\u00e5msPris: Sj\u00e4lvkostnad, man bokar sj\u00e4lv hotell och t\u00e5g. Vad kan du f\u00f6rv\u00e4nta dig?Vi cyklar f\u00f6r [&hellip;]<\/p>\n","protected":false},"author":135133094,"featured_media":0,"parent":0,"menu_order":0,"comment_status":"closed","ping_status":"closed","template":"","meta":{"_coblocks_attr":"","_coblocks_dimensions":"","_coblocks_responsive_height":"","_coblocks_accordion_ie_support":"","footnotes":""},"class_list":["post-2006","page","type-page","status-publish","hentry"],"yoast_head":"<!-- This site is optimized with the Yoast SEO plugin v27.2 - https:\/\/yoast.com\/product\/yoast-seo-wordpress\/ -->\n<title>Rallarvegen Norge 2023 - INZAIN Cycling EXPERIENCES<\/title>\n<meta name=\"robots\" content=\"index, follow, max-snippet:-1, max-image-preview:large, max-video-preview:-1\" \/>\n<link rel=\"canonical\" href=\"https:\/\/inzain.bike\/fr\/rallarvegen-norge-2023\/\" \/>\n<meta property=\"og:locale\" content=\"fr_FR\" \/>\n<meta property=\"og:type\" content=\"article\" \/>\n<meta property=\"og:title\" content=\"Rallarvegen Norge 2023 - INZAIN Cycling EXPERIENCES\" \/>\n<meta property=\"og:description\" content=\"V\u00e4lkommen till en fantastisk helg med Gravel i Norge N\u00e4r: 15-16 juli 2023.Var: Geilo, NorgeHur: Vi \u00e5ker till Geilo, cyklar till Fl\u00e5ms, sover en natt och \u00e5ker t\u00e5g tillbaka till GeiloSova: Vi bor p\u00e5 Vangsg\u00e5rden i Aurland, n\u00e5gon kilometer fr\u00e5n Fl\u00e5msPris: Sj\u00e4lvkostnad, man bokar sj\u00e4lv hotell och t\u00e5g. Vad kan du f\u00f6rv\u00e4nta dig?Vi cyklar f\u00f6r [&hellip;]\" \/>\n<meta property=\"og:url\" content=\"https:\/\/inzain.bike\/fr\/rallarvegen-norge-2023\/\" \/>\n<meta property=\"og:site_name\" content=\"INZAIN Cycling EXPERIENCES\" \/>\n<meta property=\"article:publisher\" content=\"https:\/\/www.facebook.com\/Inzain.bike\" \/>\n<meta property=\"article:modified_time\" content=\"2022-12-03T08:45:04+00:00\" \/>\n<meta property=\"og:image\" content=\"https:\/\/inzain.bike\/wp-content\/uploads\/2022\/10\/geilo3-1024x682.jpg\" \/>\n<meta name=\"twitter:card\" content=\"summary_large_image\" \/>\n<meta name=\"twitter:label1\" content=\"Dur\u00e9e de lecture estim\u00e9e\" \/>\n\t<meta name=\"twitter:data1\" content=\"1 minute\" \/>\n<script type=\"application\/ld+json\" class=\"yoast-schema-graph\">{\"@context\":\"https:\/\/schema.org\",\"@graph\":[{\"@type\":\"WebPage\",\"@id\":\"https:\/\/inzain.bike\/sv_se\/rallarvegen-norge-2023\/\",\"url\":\"https:\/\/inzain.bike\/sv_se\/rallarvegen-norge-2023\/\",\"name\":\"Rallarvegen Norge 2023 - INZAIN Cycling EXPERIENCES\",\"isPartOf\":{\"@id\":\"https:\/\/inzain.bike\/fr_be\/#website\"},\"primaryImageOfPage\":{\"@id\":\"https:\/\/inzain.bike\/sv_se\/rallarvegen-norge-2023\/#primaryimage\"},\"image\":{\"@id\":\"https:\/\/inzain.bike\/sv_se\/rallarvegen-norge-2023\/#primaryimage\"},\"thumbnailUrl\":\"https:\/\/inzain.bike\/wp-content\/uploads\/2022\/10\/geilo3-1024x682.jpg\",\"datePublished\":\"2022-10-03T07:51:16+00:00\",\"dateModified\":\"2022-12-03T08:45:04+00:00\",\"breadcrumb\":{\"@id\":\"https:\/\/inzain.bike\/sv_se\/rallarvegen-norge-2023\/#breadcrumb\"},\"inLanguage\":\"fr-FR\",\"potentialAction\":[{\"@type\":\"ReadAction\",\"target\":[\"https:\/\/inzain.bike\/sv_se\/rallarvegen-norge-2023\/\"]}]},{\"@type\":\"ImageObject\",\"inLanguage\":\"fr-FR\",\"@id\":\"https:\/\/inzain.bike\/sv_se\/rallarvegen-norge-2023\/#primaryimage\",\"url\":\"https:\/\/inzain.bike\/wp-content\/uploads\/2022\/10\/geilo3-1024x682.jpg\",\"contentUrl\":\"https:\/\/inzain.bike\/wp-content\/uploads\/2022\/10\/geilo3-1024x682.jpg\"},{\"@type\":\"BreadcrumbList\",\"@id\":\"https:\/\/inzain.bike\/sv_se\/rallarvegen-norge-2023\/#breadcrumb\",\"itemListElement\":[{\"@type\":\"ListItem\",\"position\":1,\"name\":\"Hem\",\"item\":\"https:\/\/inzain.bike\/fr_be\/\"},{\"@type\":\"ListItem\",\"position\":2,\"name\":\"Rallarvegen Norge 2023\"}]},{\"@type\":\"WebSite\",\"@id\":\"https:\/\/inzain.bike\/fr_be\/#website\",\"url\":\"https:\/\/inzain.bike\/fr_be\/\",\"name\":\"INZAIN Cycling EXPERIENCES\",\"description\":\"Cyckling Adventures  - for everyone\",\"publisher\":{\"@id\":\"https:\/\/inzain.bike\/fr_be\/#organization\"},\"alternateName\":\"INZAIN Gravel & Travel\",\"potentialAction\":[{\"@type\":\"SearchAction\",\"target\":{\"@type\":\"EntryPoint\",\"urlTemplate\":\"https:\/\/inzain.bike\/fr_be\/?s={search_term_string}\"},\"query-input\":{\"@type\":\"PropertyValueSpecification\",\"valueRequired\":true,\"valueName\":\"search_term_string\"}}],\"inLanguage\":\"fr-FR\"},{\"@type\":\"Organization\",\"@id\":\"https:\/\/inzain.bike\/fr_be\/#organization\",\"name\":\"INZAIN Cycling EXPERIENCES\",\"url\":\"https:\/\/inzain.bike\/fr_be\/\",\"logo\":{\"@type\":\"ImageObject\",\"inLanguage\":\"fr-FR\",\"@id\":\"https:\/\/inzain.bike\/fr_be\/#\/schema\/logo\/image\/\",\"url\":\"https:\/\/i0.wp.com\/inzain.bike\/wp-content\/uploads\/2023\/09\/cropped-INZAIN_512x512_white.png?fit=512%2C512&ssl=1\",\"contentUrl\":\"https:\/\/i0.wp.com\/inzain.bike\/wp-content\/uploads\/2023\/09\/cropped-INZAIN_512x512_white.png?fit=512%2C512&ssl=1\",\"width\":512,\"height\":512,\"caption\":\"INZAIN Cycling EXPERIENCES\"},\"image\":{\"@id\":\"https:\/\/inzain.bike\/fr_be\/#\/schema\/logo\/image\/\"},\"sameAs\":[\"https:\/\/www.facebook.com\/Inzain.bike\",\"https:\/\/www.instagram.com\/inzainbike\"]}]}<\/script>\n<!-- \/ Yoast SEO plugin. -->","yoast_head_json":{"title":"Rallarvegen Norv\u00e8ge 2023 - Exp\u00e9riences cyclistes INZAIN","robots":{"index":"index","follow":"follow","max-snippet":"max-snippet:-1","max-image-preview":"max-image-preview:large","max-video-preview":"max-video-preview:-1"},"canonical":"https:\/\/inzain.bike\/fr\/rallarvegen-norge-2023\/","og_locale":"fr_FR","og_type":"article","og_title":"Rallarvegen Norge 2023 - INZAIN Cycling EXPERIENCES","og_description":"V\u00e4lkommen till en fantastisk helg med Gravel i Norge N\u00e4r: 15-16 juli 2023.Var: Geilo, NorgeHur: Vi \u00e5ker till Geilo, cyklar till Fl\u00e5ms, sover en natt och \u00e5ker t\u00e5g tillbaka till GeiloSova: Vi bor p\u00e5 Vangsg\u00e5rden i Aurland, n\u00e5gon kilometer fr\u00e5n Fl\u00e5msPris: Sj\u00e4lvkostnad, man bokar sj\u00e4lv hotell och t\u00e5g. Vad kan du f\u00f6rv\u00e4nta dig?Vi cyklar f\u00f6r [&hellip;]","og_url":"https:\/\/inzain.bike\/fr\/rallarvegen-norge-2023\/","og_site_name":"INZAIN Cycling EXPERIENCES","article_publisher":"https:\/\/www.facebook.com\/Inzain.bike","article_modified_time":"2022-12-03T08:45:04+00:00","og_image":[{"url":"https:\/\/inzain.bike\/wp-content\/uploads\/2022\/10\/geilo3-1024x682.jpg","type":"","width":"","height":""}],"twitter_card":"summary_large_image","twitter_misc":{"Dur\u00e9e de lecture estim\u00e9e":"1 minute"},"schema":{"@context":"https:\/\/schema.org","@graph":[{"@type":"WebPage","@id":"https:\/\/inzain.bike\/sv_se\/rallarvegen-norge-2023\/","url":"https:\/\/inzain.bike\/sv_se\/rallarvegen-norge-2023\/","name":"Rallarvegen Norv\u00e8ge 2023 - Exp\u00e9riences cyclistes INZAIN","isPartOf":{"@id":"https:\/\/inzain.bike\/fr_be\/#website"},"primaryImageOfPage":{"@id":"https:\/\/inzain.bike\/sv_se\/rallarvegen-norge-2023\/#primaryimage"},"image":{"@id":"https:\/\/inzain.bike\/sv_se\/rallarvegen-norge-2023\/#primaryimage"},"thumbnailUrl":"https:\/\/inzain.bike\/wp-content\/uploads\/2022\/10\/geilo3-1024x682.jpg","datePublished":"2022-10-03T07:51:16+00:00","dateModified":"2022-12-03T08:45:04+00:00","breadcrumb":{"@id":"https:\/\/inzain.bike\/sv_se\/rallarvegen-norge-2023\/#breadcrumb"},"inLanguage":"fr-FR","potentialAction":[{"@type":"ReadAction","target":["https:\/\/inzain.bike\/sv_se\/rallarvegen-norge-2023\/"]}]},{"@type":"ImageObject","inLanguage":"fr-FR","@id":"https:\/\/inzain.bike\/sv_se\/rallarvegen-norge-2023\/#primaryimage","url":"https:\/\/inzain.bike\/wp-content\/uploads\/2022\/10\/geilo3-1024x682.jpg","contentUrl":"https:\/\/inzain.bike\/wp-content\/uploads\/2022\/10\/geilo3-1024x682.jpg"},{"@type":"BreadcrumbList","@id":"https:\/\/inzain.bike\/sv_se\/rallarvegen-norge-2023\/#breadcrumb","itemListElement":[{"@type":"ListItem","position":1,"name":"Hem","item":"https:\/\/inzain.bike\/fr_be\/"},{"@type":"ListItem","position":2,"name":"Rallarvegen Norge 2023"}]},{"@type":"WebSite","@id":"https:\/\/inzain.bike\/fr_be\/#website","url":"https:\/\/inzain.bike\/fr_be\/","name":"EXP\u00c9RIENCES Cyclistes INZAIN","description":"Aventures \u00e0 v\u00e9lo - pour tous","publisher":{"@id":"https:\/\/inzain.bike\/fr_be\/#organization"},"alternateName":"INZAIN Gravel & Travel","potentialAction":[{"@type":"SearchAction","target":{"@type":"EntryPoint","urlTemplate":"https:\/\/inzain.bike\/fr_be\/?s={search_term_string}"},"query-input":{"@type":"PropertyValueSpecification","valueRequired":true,"valueName":"search_term_string"}}],"inLanguage":"fr-FR"},{"@type":"Organization","@id":"https:\/\/inzain.bike\/fr_be\/#organization","name":"EXP\u00c9RIENCES Cyclistes INZAIN","url":"https:\/\/inzain.bike\/fr_be\/","logo":{"@type":"ImageObject","inLanguage":"fr-FR","@id":"https:\/\/inzain.bike\/fr_be\/#\/schema\/logo\/image\/","url":"https:\/\/i0.wp.com\/inzain.bike\/wp-content\/uploads\/2023\/09\/cropped-INZAIN_512x512_white.png?fit=512%2C512&ssl=1","contentUrl":"https:\/\/i0.wp.com\/inzain.bike\/wp-content\/uploads\/2023\/09\/cropped-INZAIN_512x512_white.png?fit=512%2C512&ssl=1","width":512,"height":512,"caption":"INZAIN Cycling EXPERIENCES"},"image":{"@id":"https:\/\/inzain.bike\/fr_be\/#\/schema\/logo\/image\/"},"sameAs":["https:\/\/www.facebook.com\/Inzain.bike","https:\/\/www.instagram.com\/inzainbike"]}]}},"amp_enabled":true,"_links":{"self":[{"href":"https:\/\/inzain.bike\/fr\/wp-json\/wp\/v2\/pages\/2006","targetHints":{"allow":["GET"]}}],"collection":[{"href":"https:\/\/inzain.bike\/fr\/wp-json\/wp\/v2\/pages"}],"about":[{"href":"https:\/\/inzain.bike\/fr\/wp-json\/wp\/v2\/types\/page"}],"author":[{"embeddable":true,"href":"https:\/\/inzain.bike\/fr\/wp-json\/wp\/v2\/users\/135133094"}],"replies":[{"embeddable":true,"href":"https:\/\/inzain.bike\/fr\/wp-json\/wp\/v2\/comments?post=2006"}],"version-history":[{"count":0,"href":"https:\/\/inzain.bike\/fr\/wp-json\/wp\/v2\/pages\/2006\/revisions"}],"wp:attachment":[{"href":"https:\/\/inzain.bike\/fr\/wp-json\/wp\/v2\/media?parent=2006"}],"curies":[{"name":"wp","href":"https:\/\/api.w.org\/{rel}","templated":true}]}}