{"id":2019,"date":"2022-10-03T10:12:43","date_gmt":"2022-10-03T08:12:43","guid":{"rendered":"https:\/\/inzain.bike\/?page_id=2019"},"modified":"2023-06-27T23:32:27","modified_gmt":"2023-06-27T21:32:27","slug":"vattern-runt-gravel-tour","status":"publish","type":"page","link":"https:\/\/inzain.bike\/fr\/vattern-runt-gravel-tour\/","title":{"rendered":"Tour de gravier autour du lac V\u00e4ttern"},"content":{"rendered":"<p>Bienvenue au V\u00e4ttern Round, mais d\u00e9sormais sur terre et sur trois jours.<\/p>\n\n\n\n<figure class=\"wp-block-image size-full\"><img loading=\"lazy\" decoding=\"async\" width=\"800\" height=\"800\" src=\"https:\/\/inzain.bike\/wp-content\/uploads\/2022\/08\/fully.jpg\" alt=\"\" class=\"wp-image-1869\" srcset=\"https:\/\/inzain.bike\/wp-content\/uploads\/2022\/08\/fully.jpg 800w, https:\/\/inzain.bike\/wp-content\/uploads\/2022\/08\/fully-300x300.jpg 300w, https:\/\/inzain.bike\/wp-content\/uploads\/2022\/08\/fully-150x150.jpg 150w, https:\/\/inzain.bike\/wp-content\/uploads\/2022\/08\/fully-768x768.jpg 768w, https:\/\/inzain.bike\/wp-content\/uploads\/2022\/08\/fully-12x12.jpg 12w, https:\/\/inzain.bike\/wp-content\/uploads\/2022\/08\/fully-600x600.jpg 600w, https:\/\/inzain.bike\/wp-content\/uploads\/2022\/08\/fully-100x100.jpg 100w\" sizes=\"auto, (max-width: 800px) 100vw, 800px\" \/><\/figure>\n\n\n\n<figure class=\"wp-block-image size-large\"><img loading=\"lazy\" decoding=\"async\" width=\"1024\" height=\"683\" src=\"https:\/\/inzain.bike\/wp-content\/uploads\/2022\/10\/vr1-1024x683.jpg\" alt=\"\" class=\"wp-image-2022\" srcset=\"https:\/\/inzain.bike\/wp-content\/uploads\/2022\/10\/vr1-1024x683.jpg 1024w, https:\/\/inzain.bike\/wp-content\/uploads\/2022\/10\/vr1-300x200.jpg 300w, https:\/\/inzain.bike\/wp-content\/uploads\/2022\/10\/vr1-768x512.jpg 768w, https:\/\/inzain.bike\/wp-content\/uploads\/2022\/10\/vr1-18x12.jpg 18w, https:\/\/inzain.bike\/wp-content\/uploads\/2022\/10\/vr1-1320x880.jpg 1320w, https:\/\/inzain.bike\/wp-content\/uploads\/2022\/10\/vr1-600x400.jpg 600w, https:\/\/inzain.bike\/wp-content\/uploads\/2022\/10\/vr1.jpg 1536w\" sizes=\"auto, (max-width: 1024px) 100vw, 1024px\" \/><\/figure>\n\n\n\n<p><strong>Quand<\/strong>: 11-13 ao\u00fbt 2023.<br><strong>O\u00f9<\/strong>: D\u00e9part et arriv\u00e9e \u00e0 Motala<br><strong>Comment<\/strong>: Nous faisons le tour du lac V\u00e4ttern sur du gravier<br><strong>Dormir<\/strong>: Nous avons r\u00e9serv\u00e9 un certain nombre de chambres dans des h\u00f4tels \u00e0 J\u00f6nk\u00f6ping et Karlsborg.<br>Si vous souhaitez dormir la nuit du 11, vous vous arrangez vous-m\u00eame.<br><strong>Prix<\/strong>: C&#039;est rentable. L&#039;h\u00e9bergement sera pay\u00e9 directement \u00e0 l&#039;h\u00f4tel.<\/p>\n\n\n\n<p><strong>\u00c0 quoi pouvez-vous vous attendre ?<\/strong><br>Nous faisons du v\u00e9lo pour nous amuser, il n&#039;y a pas d&#039;intervalles et il ne s&#039;agit pas de faire du v\u00e9lo le plus vite mais de vivre la meilleure exp\u00e9rience. Si vous voulez faire des folies, bien s\u00fbr, \u00e7a va, attendez plus loin. Nous pouvons \u00e9galement diviser le groupe, si cela s&#039;av\u00e8re mieux. Nos guides ont beaucoup d\u2019exp\u00e9rience dans l\u2019organisation et la conduite de ces visites. La tourn\u00e9e est essentiellement autonome. Le caf\u00e9, l&#039;h\u00e9bergement et les lieux de restauration sont inclus sur le parcours, mais ils sont bien entendu facultatifs.<br>Les participants sont responsables de leur propre navigation et des \u00e9ventuelles r\u00e9parations du v\u00e9lo.<\/p>\n\n\n\n<p>Le tour est relativement difficile, 15 miles par jour avec environ 1 500 hm. Ce n&#039;est pas possible de renflouer, nous faisons le tour d&#039;un lac \u00e0 v\u00e9lo. Nous avons beaucoup de lumi\u00e8re, le soleil se l\u00e8ve \u00e0 5 heures du matin et se couche vers 21 heures.<br><br><strong>Vendredi<\/strong><br>Motala -&gt; J\u00f6nkoping<\/p>\n\n\n\n<figure class=\"wp-block-image size-large\"><img loading=\"lazy\" decoding=\"async\" width=\"1024\" height=\"781\" src=\"https:\/\/inzain.bike\/wp-content\/uploads\/2022\/10\/vr2-1024x781.jpg\" alt=\"\" class=\"wp-image-2023\" srcset=\"https:\/\/inzain.bike\/wp-content\/uploads\/2022\/10\/vr2-1024x781.jpg 1024w, https:\/\/inzain.bike\/wp-content\/uploads\/2022\/10\/vr2-300x229.jpg 300w, https:\/\/inzain.bike\/wp-content\/uploads\/2022\/10\/vr2-768x586.jpg 768w, https:\/\/inzain.bike\/wp-content\/uploads\/2022\/10\/vr2-16x12.jpg 16w, https:\/\/inzain.bike\/wp-content\/uploads\/2022\/10\/vr2-1320x1006.jpg 1320w, https:\/\/inzain.bike\/wp-content\/uploads\/2022\/10\/vr2-600x457.jpg 600w, https:\/\/inzain.bike\/wp-content\/uploads\/2022\/10\/vr2.jpg 1536w\" sizes=\"auto, (max-width: 1024px) 100vw, 1024px\" \/><\/figure>\n\n\n\n<p>Apr\u00e8s un petit-d\u00e9jeuner, nous partons \u00e0 08h00. Nous traverserons Vadstena et atteindrons Borghamn apr\u00e8s environ 51 km. Un petit caf\u00e9 avant de commencer la mont\u00e9e de l&#039;Omberg. Tous ceux qui souhaitent faire un d\u00e9tour par Stocklycke Hamn. Le km 60-109 est une route longue et lente. Au milieu, nous d\u00e9jeunons \u00e0 \u00d6desh\u00f6g. Une fois la mont\u00e9e termin\u00e9e, une v\u00e9ritable descente vers Gr\u00e4nna vous attend. Il y a un caf\u00e9 assez bien. La derni\u00e8re mont\u00e9e de la journ\u00e9e commence \u00e0 Gr\u00e4nna et se termine au km 135. De l\u00e0, c&#039;est une belle descente jusqu&#039;\u00e0 J\u00f6nk\u00f6ping, o\u00f9 nous dormons la premi\u00e8re nuit au classique VOX Hotell.<\/p>\n\n\n\n<p><strong>Samedi<\/strong><br>J\u00f6nkoping -&gt; Karlsborg<br>Apr\u00e8s un copieux petit-d\u00e9jeuner, nous partons vers le nord. D\u00e9j\u00e0 apr\u00e8s le kilom\u00e8tre, nous croisons un Willys si vous avez peut-\u00eatre besoin de compl\u00e9ter avec quelque chose. Nous prenons un caf\u00e9 apr\u00e8s environ 6 milles \u00e0 Brandstorp et d\u00e9jeunons dans le port de Hjo 3 milles plus tard. M\u00f6lltorp est le prochain arr\u00eat, c&#039;est \u00e0 5 kilom\u00e8tres l\u00e0-bas, il y a \u00e0 la fois un magasin et une pizzeria, mais nous continuerons tr\u00e8s probablement \u00e0 v\u00e9lo en direction de Karlsborg, un kilom\u00e8tre plus tard. Nous visitons la forteresse et peut-\u00eatre un meilleur caf\u00e9. Nous logeons \u00e0 l\u2019h\u00f4tel Wettern.<\/p>\n\n\n\n<p><strong>Dimanche<\/strong><br>Karlsborg -&gt; Motala, voyage retour,<br>D\u00e9part de Karlsborg \u00e0 08h00 et nous atteignons Askersund apr\u00e8s 6 miles, un caf\u00e9 rapide fait certainement du bien. Nous atteignons bient\u00f4t la zone mini\u00e8re avec Garpa et Zinkgruvan, o\u00f9 se trouve \u00e9galement un caf\u00e9. La prochaine \u00e9tape nous am\u00e8ne \u00e0 Bona Handelstr\u00e4dg\u00e5rd apr\u00e8s environ sept milles. Ici, nous d\u00e9jeunons. Les quatre derniers kilom\u00e8tres jusqu&#039;\u00e0 Motala nous am\u00e8nent \u00e0 la plage de V\u00e4ttern avant d&#039;arriver \u00e0 Motala assez satisfaits et fatigu\u00e9s.<\/p>\n\n\n\n<figure class=\"wp-block-image size-large\"><img loading=\"lazy\" decoding=\"async\" width=\"1024\" height=\"360\" src=\"https:\/\/inzain.bike\/wp-content\/uploads\/2022\/10\/vr3-1024x360.jpg\" alt=\"\" class=\"wp-image-2024\" srcset=\"https:\/\/inzain.bike\/wp-content\/uploads\/2022\/10\/vr3-1024x360.jpg 1024w, https:\/\/inzain.bike\/wp-content\/uploads\/2022\/10\/vr3-300x105.jpg 300w, https:\/\/inzain.bike\/wp-content\/uploads\/2022\/10\/vr3-768x270.jpg 768w, https:\/\/inzain.bike\/wp-content\/uploads\/2022\/10\/vr3-18x6.jpg 18w, https:\/\/inzain.bike\/wp-content\/uploads\/2022\/10\/vr3-600x211.jpg 600w, https:\/\/inzain.bike\/wp-content\/uploads\/2022\/10\/vr3.jpg 1280w\" sizes=\"auto, (max-width: 1024px) 100vw, 1024px\" \/><\/figure>\n\n\n\n<p><iframe src=\"https:\/\/ridewithgps.com\/embeds?type=route&amp;id=40264044&amp;title=V%C3%A4ttern%20Runt%20Gravel&amp;metricUnits=true&amp;sampleGraph=true&amp;distanceMarkers=true\" style=\"width: 1px; min-width: 100%; height: 700px; border: none;\" scrolling=\"no\"><\/iframe><\/p>\n\n\n\n<p><br><strong>Nous p\u00e9dalons selon les principes de Grusets V\u00e4nner.<\/strong><br>* Personne n&#039;est laiss\u00e9 seul, tout le monde doit participer<br>* Le rebond se passe bien, attendez plus tard<br>* Nous prenons soin et nous entraidons en cas de punks ou autres.<br>* Nous faisons du v\u00e9lo en toute s\u00e9curit\u00e9 et gardons nos distances, rappelez-vous la r\u00e8gle des trois secondes.<br>* Il s&#039;agit avant tout de passer une bonne journ\u00e9e.<\/p>\n\n\n\n<p><strong>Des prix<\/strong>:<\/p>\n\n\n\n<p>La participation est gratuite, nous avons organis\u00e9 des forfaits restauration et h\u00e9bergement pour ceux qui le souhaitent.<br>Lorsque nous effectuons une r\u00e9servation de groupe, celle-ci est r\u00e9gl\u00e9e au cours du mois de juin, nous vous r\u00e9pondrons au moment opportun.<br><\/p>\n\n\n\n<p><strong>Motala<\/strong><br>N\u2019importe quelle nuit \u00e0 Motala peut \u00eatre d\u00e9cid\u00e9e par vous-m\u00eame.<br><br><strong>H\u00f4tel VOX de J\u00f6nkoping 11\/8<\/strong><br><br>Chambre standard <em>environ 20 m\u00b2, avec 2 lits de 90 cm dans un cadre de lit, non divisible, avec fen\u00eatres<\/em><br>SEK 1 420 Deux personnes peuvent partager une chambre.<br><br>Un d\u00eener \u00e0 trois plats peut \u00eatre achet\u00e9 pour 620 SEK.<br><br><strong>H\u00f4tel Karlsborg R\u00f6desund 12\/8<\/strong><br>Chambre simple avec douche dans couloir et petit d\u00e9jeuner 1 400 lr<br><\/p>\n\n\n\n<p><strong>Notification<\/strong>  <strong>Ferm\u00e9<\/strong><\/p>","protected":false},"excerpt":{"rendered":"<p>V\u00e4lkommen till V\u00e4ttern Rundan, fast nu p\u00e5 grus och p\u00e5 tre dagar. N\u00e4r: 11-13 augusti 2023.Var: Start och m\u00e5l i MotalaHur: Vi cyklar Runt V\u00e4ttern p\u00e5 grusSova: Vi har bokat ett antal rum p\u00e5 hotell i J\u00f6nk\u00f6ping och Karlsborg.Vill man sova natten till den 11e ordnar man det sj\u00e4lv.Pris: Det \u00e4r sj\u00e4lvkostnad. Man kommer betala [&hellip;]<\/p>\n","protected":false},"author":135133094,"featured_media":0,"parent":0,"menu_order":0,"comment_status":"closed","ping_status":"closed","template":"","meta":{"_coblocks_attr":"","_coblocks_dimensions":"","_coblocks_responsive_height":"","_coblocks_accordion_ie_support":"","footnotes":""},"class_list":["post-2019","page","type-page","status-publish","hentry"],"yoast_head":"<!-- This site is optimized with the Yoast SEO plugin v27.2 - https:\/\/yoast.com\/product\/yoast-seo-wordpress\/ -->\n<title>Runt V\u00e4ttern Gravel Tour - INZAIN Cycling EXPERIENCES<\/title>\n<meta name=\"robots\" content=\"index, follow, max-snippet:-1, max-image-preview:large, max-video-preview:-1\" \/>\n<link rel=\"canonical\" href=\"https:\/\/inzain.bike\/fr\/vattern-runt-gravel-tour\/\" \/>\n<meta property=\"og:locale\" content=\"fr_FR\" \/>\n<meta property=\"og:type\" content=\"article\" \/>\n<meta property=\"og:title\" content=\"Runt V\u00e4ttern Gravel Tour - INZAIN Cycling EXPERIENCES\" \/>\n<meta property=\"og:description\" content=\"V\u00e4lkommen till V\u00e4ttern Rundan, fast nu p\u00e5 grus och p\u00e5 tre dagar. N\u00e4r: 11-13 augusti 2023.Var: Start och m\u00e5l i MotalaHur: Vi cyklar Runt V\u00e4ttern p\u00e5 grusSova: Vi har bokat ett antal rum p\u00e5 hotell i J\u00f6nk\u00f6ping och Karlsborg.Vill man sova natten till den 11e ordnar man det sj\u00e4lv.Pris: Det \u00e4r sj\u00e4lvkostnad. Man kommer betala [&hellip;]\" \/>\n<meta property=\"og:url\" content=\"https:\/\/inzain.bike\/fr\/vattern-runt-gravel-tour\/\" \/>\n<meta property=\"og:site_name\" content=\"INZAIN Cycling EXPERIENCES\" \/>\n<meta property=\"article:publisher\" content=\"https:\/\/www.facebook.com\/Inzain.bike\" \/>\n<meta property=\"article:modified_time\" content=\"2023-06-27T21:32:27+00:00\" \/>\n<meta property=\"og:image\" content=\"https:\/\/inzain.bike\/wp-content\/uploads\/2022\/08\/fully.jpg\" \/>\n<meta name=\"twitter:card\" content=\"summary_large_image\" \/>\n<meta name=\"twitter:label1\" content=\"Dur\u00e9e de lecture estim\u00e9e\" \/>\n\t<meta name=\"twitter:data1\" content=\"3 minutes\" \/>\n<script type=\"application\/ld+json\" class=\"yoast-schema-graph\">{\"@context\":\"https:\/\/schema.org\",\"@graph\":[{\"@type\":\"WebPage\",\"@id\":\"https:\/\/inzain.bike\/fr\/vattern-runt-gravel-tour\/\",\"url\":\"https:\/\/inzain.bike\/fr\/vattern-runt-gravel-tour\/\",\"name\":\"Runt V\u00e4ttern Gravel Tour - INZAIN Cycling EXPERIENCES\",\"isPartOf\":{\"@id\":\"https:\/\/inzain.bike\/fr_be\/#website\"},\"primaryImageOfPage\":{\"@id\":\"https:\/\/inzain.bike\/fr\/vattern-runt-gravel-tour\/#primaryimage\"},\"image\":{\"@id\":\"https:\/\/inzain.bike\/fr\/vattern-runt-gravel-tour\/#primaryimage\"},\"thumbnailUrl\":\"https:\/\/inzain.bike\/wp-content\/uploads\/2022\/08\/fully.jpg\",\"datePublished\":\"2022-10-03T08:12:43+00:00\",\"dateModified\":\"2023-06-27T21:32:27+00:00\",\"breadcrumb\":{\"@id\":\"https:\/\/inzain.bike\/fr\/vattern-runt-gravel-tour\/#breadcrumb\"},\"inLanguage\":\"fr-FR\",\"potentialAction\":[{\"@type\":\"ReadAction\",\"target\":[\"https:\/\/inzain.bike\/fr\/vattern-runt-gravel-tour\/\"]}]},{\"@type\":\"ImageObject\",\"inLanguage\":\"fr-FR\",\"@id\":\"https:\/\/inzain.bike\/fr\/vattern-runt-gravel-tour\/#primaryimage\",\"url\":\"https:\/\/inzain.bike\/wp-content\/uploads\/2022\/08\/fully.jpg\",\"contentUrl\":\"https:\/\/inzain.bike\/wp-content\/uploads\/2022\/08\/fully.jpg\"},{\"@type\":\"BreadcrumbList\",\"@id\":\"https:\/\/inzain.bike\/fr\/vattern-runt-gravel-tour\/#breadcrumb\",\"itemListElement\":[{\"@type\":\"ListItem\",\"position\":1,\"name\":\"Hem\",\"item\":\"https:\/\/inzain.bike\/fr_be\/\"},{\"@type\":\"ListItem\",\"position\":2,\"name\":\"Runt V\u00e4ttern Gravel Tour\"}]},{\"@type\":\"WebSite\",\"@id\":\"https:\/\/inzain.bike\/fr_be\/#website\",\"url\":\"https:\/\/inzain.bike\/fr_be\/\",\"name\":\"INZAIN Cycling EXPERIENCES\",\"description\":\"Cyckling Adventures  - for everyone\",\"publisher\":{\"@id\":\"https:\/\/inzain.bike\/fr_be\/#organization\"},\"alternateName\":\"INZAIN Gravel & Travel\",\"potentialAction\":[{\"@type\":\"SearchAction\",\"target\":{\"@type\":\"EntryPoint\",\"urlTemplate\":\"https:\/\/inzain.bike\/fr_be\/?s={search_term_string}\"},\"query-input\":{\"@type\":\"PropertyValueSpecification\",\"valueRequired\":true,\"valueName\":\"search_term_string\"}}],\"inLanguage\":\"fr-FR\"},{\"@type\":\"Organization\",\"@id\":\"https:\/\/inzain.bike\/fr_be\/#organization\",\"name\":\"INZAIN Cycling EXPERIENCES\",\"url\":\"https:\/\/inzain.bike\/fr_be\/\",\"logo\":{\"@type\":\"ImageObject\",\"inLanguage\":\"fr-FR\",\"@id\":\"https:\/\/inzain.bike\/fr_be\/#\/schema\/logo\/image\/\",\"url\":\"https:\/\/i0.wp.com\/inzain.bike\/wp-content\/uploads\/2023\/09\/cropped-INZAIN_512x512_white.png?fit=512%2C512&ssl=1\",\"contentUrl\":\"https:\/\/i0.wp.com\/inzain.bike\/wp-content\/uploads\/2023\/09\/cropped-INZAIN_512x512_white.png?fit=512%2C512&ssl=1\",\"width\":512,\"height\":512,\"caption\":\"INZAIN Cycling EXPERIENCES\"},\"image\":{\"@id\":\"https:\/\/inzain.bike\/fr_be\/#\/schema\/logo\/image\/\"},\"sameAs\":[\"https:\/\/www.facebook.com\/Inzain.bike\",\"https:\/\/www.instagram.com\/inzainbike\"]}]}<\/script>\n<!-- \/ Yoast SEO plugin. -->","yoast_head_json":{"title":"Tour de gravier autour du lac V\u00e4ttern - INZAIN Cycling EXPERIENCES","robots":{"index":"index","follow":"follow","max-snippet":"max-snippet:-1","max-image-preview":"max-image-preview:large","max-video-preview":"max-video-preview:-1"},"canonical":"https:\/\/inzain.bike\/fr\/vattern-runt-gravel-tour\/","og_locale":"fr_FR","og_type":"article","og_title":"Runt V\u00e4ttern Gravel Tour - INZAIN Cycling EXPERIENCES","og_description":"V\u00e4lkommen till V\u00e4ttern Rundan, fast nu p\u00e5 grus och p\u00e5 tre dagar. N\u00e4r: 11-13 augusti 2023.Var: Start och m\u00e5l i MotalaHur: Vi cyklar Runt V\u00e4ttern p\u00e5 grusSova: Vi har bokat ett antal rum p\u00e5 hotell i J\u00f6nk\u00f6ping och Karlsborg.Vill man sova natten till den 11e ordnar man det sj\u00e4lv.Pris: Det \u00e4r sj\u00e4lvkostnad. Man kommer betala [&hellip;]","og_url":"https:\/\/inzain.bike\/fr\/vattern-runt-gravel-tour\/","og_site_name":"INZAIN Cycling EXPERIENCES","article_publisher":"https:\/\/www.facebook.com\/Inzain.bike","article_modified_time":"2023-06-27T21:32:27+00:00","og_image":[{"url":"https:\/\/inzain.bike\/wp-content\/uploads\/2022\/08\/fully.jpg","type":"","width":"","height":""}],"twitter_card":"summary_large_image","twitter_misc":{"Dur\u00e9e de lecture estim\u00e9e":"3 minutes"},"schema":{"@context":"https:\/\/schema.org","@graph":[{"@type":"WebPage","@id":"https:\/\/inzain.bike\/fr\/vattern-runt-gravel-tour\/","url":"https:\/\/inzain.bike\/fr\/vattern-runt-gravel-tour\/","name":"Tour de gravier autour du lac V\u00e4ttern - INZAIN Cycling EXPERIENCES","isPartOf":{"@id":"https:\/\/inzain.bike\/fr_be\/#website"},"primaryImageOfPage":{"@id":"https:\/\/inzain.bike\/fr\/vattern-runt-gravel-tour\/#primaryimage"},"image":{"@id":"https:\/\/inzain.bike\/fr\/vattern-runt-gravel-tour\/#primaryimage"},"thumbnailUrl":"https:\/\/inzain.bike\/wp-content\/uploads\/2022\/08\/fully.jpg","datePublished":"2022-10-03T08:12:43+00:00","dateModified":"2023-06-27T21:32:27+00:00","breadcrumb":{"@id":"https:\/\/inzain.bike\/fr\/vattern-runt-gravel-tour\/#breadcrumb"},"inLanguage":"fr-FR","potentialAction":[{"@type":"ReadAction","target":["https:\/\/inzain.bike\/fr\/vattern-runt-gravel-tour\/"]}]},{"@type":"ImageObject","inLanguage":"fr-FR","@id":"https:\/\/inzain.bike\/fr\/vattern-runt-gravel-tour\/#primaryimage","url":"https:\/\/inzain.bike\/wp-content\/uploads\/2022\/08\/fully.jpg","contentUrl":"https:\/\/inzain.bike\/wp-content\/uploads\/2022\/08\/fully.jpg"},{"@type":"BreadcrumbList","@id":"https:\/\/inzain.bike\/fr\/vattern-runt-gravel-tour\/#breadcrumb","itemListElement":[{"@type":"ListItem","position":1,"name":"Hem","item":"https:\/\/inzain.bike\/fr_be\/"},{"@type":"ListItem","position":2,"name":"Runt V\u00e4ttern Gravel Tour"}]},{"@type":"WebSite","@id":"https:\/\/inzain.bike\/fr_be\/#website","url":"https:\/\/inzain.bike\/fr_be\/","name":"EXP\u00c9RIENCES Cyclistes INZAIN","description":"Aventures \u00e0 v\u00e9lo - pour tous","publisher":{"@id":"https:\/\/inzain.bike\/fr_be\/#organization"},"alternateName":"INZAIN Gravel & Travel","potentialAction":[{"@type":"SearchAction","target":{"@type":"EntryPoint","urlTemplate":"https:\/\/inzain.bike\/fr_be\/?s={search_term_string}"},"query-input":{"@type":"PropertyValueSpecification","valueRequired":true,"valueName":"search_term_string"}}],"inLanguage":"fr-FR"},{"@type":"Organization","@id":"https:\/\/inzain.bike\/fr_be\/#organization","name":"EXP\u00c9RIENCES Cyclistes INZAIN","url":"https:\/\/inzain.bike\/fr_be\/","logo":{"@type":"ImageObject","inLanguage":"fr-FR","@id":"https:\/\/inzain.bike\/fr_be\/#\/schema\/logo\/image\/","url":"https:\/\/i0.wp.com\/inzain.bike\/wp-content\/uploads\/2023\/09\/cropped-INZAIN_512x512_white.png?fit=512%2C512&ssl=1","contentUrl":"https:\/\/i0.wp.com\/inzain.bike\/wp-content\/uploads\/2023\/09\/cropped-INZAIN_512x512_white.png?fit=512%2C512&ssl=1","width":512,"height":512,"caption":"INZAIN Cycling EXPERIENCES"},"image":{"@id":"https:\/\/inzain.bike\/fr_be\/#\/schema\/logo\/image\/"},"sameAs":["https:\/\/www.facebook.com\/Inzain.bike","https:\/\/www.instagram.com\/inzainbike"]}]}},"amp_enabled":true,"_links":{"self":[{"href":"https:\/\/inzain.bike\/fr\/wp-json\/wp\/v2\/pages\/2019","targetHints":{"allow":["GET"]}}],"collection":[{"href":"https:\/\/inzain.bike\/fr\/wp-json\/wp\/v2\/pages"}],"about":[{"href":"https:\/\/inzain.bike\/fr\/wp-json\/wp\/v2\/types\/page"}],"author":[{"embeddable":true,"href":"https:\/\/inzain.bike\/fr\/wp-json\/wp\/v2\/users\/135133094"}],"replies":[{"embeddable":true,"href":"https:\/\/inzain.bike\/fr\/wp-json\/wp\/v2\/comments?post=2019"}],"version-history":[{"count":0,"href":"https:\/\/inzain.bike\/fr\/wp-json\/wp\/v2\/pages\/2019\/revisions"}],"wp:attachment":[{"href":"https:\/\/inzain.bike\/fr\/wp-json\/wp\/v2\/media?parent=2019"}],"curies":[{"name":"wp","href":"https:\/\/api.w.org\/{rel}","templated":true}]}}