{"id":45,"date":"2021-03-24T13:20:59","date_gmt":"2021-03-24T12:20:59","guid":{"rendered":"https:\/\/inzain.bike\/?page_id=45"},"modified":"2021-07-08T13:43:05","modified_gmt":"2021-07-08T11:43:05","slug":"inzain-200-100-50-mile-gravel-grinder","status":"publish","type":"page","link":"https:\/\/inzain.bike\/fr\/inzain-200-100-50-mile-gravel-grinder\/","title":{"rendered":"Broyeur de gravier INZAIN 200\/100 milles"},"content":{"rendered":"<figure class=\"wp-block-image size-large\"><img loading=\"lazy\" decoding=\"async\" width=\"1853\" height=\"1485\" src=\"https:\/\/inzain.bike\/wp-content\/uploads\/2021\/03\/inzain200_2.jpg?w=1024\" alt=\"\" class=\"wp-image-76\" \/><\/figure>\n\n\n\n<p><br>Mise \u00e0 jour : les restrictions li\u00e9es au Corona ont \u00e9t\u00e9 assouplies, nous pourrons donc d\u00e9marrer ensemble.<br><br>24 juillet INZAIN invite Gravel \u00e0 notre premier \u00e9v\u00e9nement, un v\u00e9ritable d\u00e9fi en Uppland. Les distances au choix sont de 200 et 100 miles (322 km ou 161 km)<br><br>La visite comprend de la nourriture et des rafra\u00eechissements, deux d\u00e9p\u00f4ts sur 100 milles et trois d\u00e9p\u00f4ts sur 200 milles. Voiture d&#039;urgence avec quelques outils et porte-v\u00e9los. Sinon, il s&#039;agit d&#039;un &quot;\u00e9v\u00e9nement autonome&quot; et vous devez apporter de l&#039;\u00e9nergie suppl\u00e9mentaire et un \u00e9quipement adapt\u00e9 en cas de pannes mineures, de mauvais temps et d&#039;obscurit\u00e9. <br><\/p>\n\n\n\n<figure class=\"wp-block-image size-large\"><img loading=\"lazy\" decoding=\"async\" width=\"2492\" height=\"1869\" src=\"https:\/\/inzain.bike\/wp-content\/uploads\/2021\/03\/20201224_151126.jpg?w=1024\" alt=\"\" class=\"wp-image-103\" \/><\/figure>\n\n\n\n<p>Nous roulerons sur de fantastiques chemins de terre autour d&#039;Uppland, ce n&#039;est pas une course, mais certaines sections sont d\u00e9sign\u00e9es comme segments Strava (KOM\/QOM), o\u00f9 ceux qui le souhaitent peuvent continuer.<\/p>\n\n\n\n<figure class=\"wp-block-image size-large\"><img loading=\"lazy\" decoding=\"async\" width=\"2492\" height=\"1869\" src=\"https:\/\/inzain.bike\/wp-content\/uploads\/2021\/03\/g0034018.jpg?w=1024\" alt=\"\" class=\"wp-image-105\" \/><\/figure>\n\n\n\n<p><\/p>\n\n\n\n<p>Les billets sont disponibles ici, \u00e0 partir du 11 avril : <a href=\"https:\/\/tickset.com\/e\/inzain200\">Des billets<\/a><\/p>\n\n\n\n<p>Le paysage autour d&#039;Uppsala, Uppland, offre g\u00e9n\u00e9ralement un terrain assez \u00ab convivial \u00bb, c&#039;est pourquoi nous pensons que beaucoup pourront se rendre \u00e0 notre \u00ab Double Si\u00e8cle \u00bb pendant la journ\u00e9e. Mais fin juillet, les ombres sont devenues un peu plus longues et les jours plus courts, ce sera donc finalement un v\u00e9ritable d\u00e9fi. \u00cates-vous pr\u00eat pour cela?<br><br>Le d\u00e9part est \u00e0 06h00 pour les deux distances.<\/p>\n\n\n\n<figure class=\"wp-block-image size-large is-resized\"><img loading=\"lazy\" decoding=\"async\" src=\"https:\/\/inzain.bike\/wp-content\/uploads\/2021\/04\/solens-upp-och-ned-uppsala.jpg?w=223\" alt=\"\" class=\"wp-image-319\" width=\"316\" height=\"299\" srcset=\"https:\/\/inzain.bike\/wp-content\/uploads\/2021\/04\/solens-upp-och-ned-uppsala.jpg 223w, https:\/\/inzain.bike\/wp-content\/uploads\/2021\/04\/solens-upp-och-ned-uppsala-13x12.jpg 13w\" sizes=\"auto, (max-width: 316px) 100vw, 316px\" \/><figcaption>Image : Lever et coucher du soleil \u00e0 Uppsala 24\/7 2021<\/figcaption><\/figure>\n\n\n\n<p>Les restrictions corona sont assouplies, cela signifie que nous pouvons accueillir jusqu&#039;\u00e0 100 participants. Nous lib\u00e9rerons \u00e9galement tous les participants en m\u00eame temps, mais en maintenant toujours la distance.<\/p>\n\n\n\n<p>Plus de d\u00e9tails sur l&#039;\u00e9v\u00e9nement, tels que les heures de d\u00e9part et l&#039;itin\u00e9raire, seront communiqu\u00e9s ult\u00e9rieurement.<\/p>\n\n\n\n<p>Si l&#039;\u00e9v\u00e9nement est annul\u00e9 ou si vous tombez malade, un remboursement complet sera effectu\u00e9.<br><br><br><\/p>\n\n\n\n<p><br><br><br><br><\/p>","protected":false},"excerpt":{"rendered":"<p>Update: Corona restriktionerna \u00e4r l\u00e4ttade, s\u00e5 vi kommer kunna ha gemensam start. 24 Juli bjuder INZAIN Gravel in till v\u00e5rt f\u00f6rsta event, en riktigt utmaning i Uppland. Str\u00e4ckningarna att v\u00e4lja mellan \u00e4r 200 &amp; 100 miles (322km eller 161km) I turen ing\u00e5r mat och fika tv\u00e5 dep\u00e5er f\u00f6r 100 miles och tre dep\u00e5er f\u00f6r 200 [&hellip;]<\/p>\n","protected":false},"author":135133094,"featured_media":0,"parent":0,"menu_order":0,"comment_status":"closed","ping_status":"closed","template":"","meta":{"_coblocks_attr":"","_coblocks_dimensions":"","_coblocks_responsive_height":"","_coblocks_accordion_ie_support":"","footnotes":""},"class_list":["post-45","page","type-page","status-publish","hentry"],"yoast_head":"<!-- This site is optimized with the Yoast SEO plugin v27.2 - https:\/\/yoast.com\/product\/yoast-seo-wordpress\/ -->\n<title>INZAIN 200\/100 Mile Gravel Grinder - INZAIN Cycling EXPERIENCES<\/title>\n<meta name=\"robots\" content=\"index, follow, max-snippet:-1, max-image-preview:large, max-video-preview:-1\" \/>\n<link rel=\"canonical\" href=\"https:\/\/inzain.bike\/fr\/inzain-200-100-50-mile-gravel-grinder\/\" \/>\n<meta property=\"og:locale\" content=\"fr_FR\" \/>\n<meta property=\"og:type\" content=\"article\" \/>\n<meta property=\"og:title\" content=\"INZAIN 200\/100 Mile Gravel Grinder - INZAIN Cycling EXPERIENCES\" \/>\n<meta property=\"og:description\" content=\"Update: Corona restriktionerna \u00e4r l\u00e4ttade, s\u00e5 vi kommer kunna ha gemensam start. 24 Juli bjuder INZAIN Gravel in till v\u00e5rt f\u00f6rsta event, en riktigt utmaning i Uppland. Str\u00e4ckningarna att v\u00e4lja mellan \u00e4r 200 &amp; 100 miles (322km eller 161km) I turen ing\u00e5r mat och fika tv\u00e5 dep\u00e5er f\u00f6r 100 miles och tre dep\u00e5er f\u00f6r 200 [&hellip;]\" \/>\n<meta property=\"og:url\" content=\"https:\/\/inzain.bike\/fr\/inzain-200-100-50-mile-gravel-grinder\/\" \/>\n<meta property=\"og:site_name\" content=\"INZAIN Cycling EXPERIENCES\" \/>\n<meta property=\"article:publisher\" content=\"https:\/\/www.facebook.com\/Inzain.bike\" \/>\n<meta property=\"article:modified_time\" content=\"2021-07-08T11:43:05+00:00\" \/>\n<meta property=\"og:image\" content=\"https:\/\/inzain.bike\/wp-content\/uploads\/2021\/03\/inzain200_2.jpg?w=1024\" \/>\n<meta name=\"twitter:card\" content=\"summary_large_image\" \/>\n<meta name=\"twitter:label1\" content=\"Dur\u00e9e de lecture estim\u00e9e\" \/>\n\t<meta name=\"twitter:data1\" content=\"1 minute\" \/>\n<script type=\"application\/ld+json\" class=\"yoast-schema-graph\">{\"@context\":\"https:\/\/schema.org\",\"@graph\":[{\"@type\":\"WebPage\",\"@id\":\"https:\/\/inzain.bike\/sv_se\/inzain-200-100-50-mile-gravel-grinder\/\",\"url\":\"https:\/\/inzain.bike\/sv_se\/inzain-200-100-50-mile-gravel-grinder\/\",\"name\":\"INZAIN 200\/100 Mile Gravel Grinder - INZAIN Cycling EXPERIENCES\",\"isPartOf\":{\"@id\":\"https:\/\/inzain.bike\/fr_be\/#website\"},\"primaryImageOfPage\":{\"@id\":\"https:\/\/inzain.bike\/sv_se\/inzain-200-100-50-mile-gravel-grinder\/#primaryimage\"},\"image\":{\"@id\":\"https:\/\/inzain.bike\/sv_se\/inzain-200-100-50-mile-gravel-grinder\/#primaryimage\"},\"thumbnailUrl\":\"https:\/\/inzain.bike\/wp-content\/uploads\/2021\/03\/inzain200_2.jpg?w=1024\",\"datePublished\":\"2021-03-24T12:20:59+00:00\",\"dateModified\":\"2021-07-08T11:43:05+00:00\",\"breadcrumb\":{\"@id\":\"https:\/\/inzain.bike\/sv_se\/inzain-200-100-50-mile-gravel-grinder\/#breadcrumb\"},\"inLanguage\":\"fr-FR\",\"potentialAction\":[{\"@type\":\"ReadAction\",\"target\":[\"https:\/\/inzain.bike\/sv_se\/inzain-200-100-50-mile-gravel-grinder\/\"]}]},{\"@type\":\"ImageObject\",\"inLanguage\":\"fr-FR\",\"@id\":\"https:\/\/inzain.bike\/sv_se\/inzain-200-100-50-mile-gravel-grinder\/#primaryimage\",\"url\":\"https:\/\/inzain.bike\/wp-content\/uploads\/2021\/03\/inzain200_2.jpg?w=1024\",\"contentUrl\":\"https:\/\/inzain.bike\/wp-content\/uploads\/2021\/03\/inzain200_2.jpg?w=1024\"},{\"@type\":\"BreadcrumbList\",\"@id\":\"https:\/\/inzain.bike\/sv_se\/inzain-200-100-50-mile-gravel-grinder\/#breadcrumb\",\"itemListElement\":[{\"@type\":\"ListItem\",\"position\":1,\"name\":\"Hem\",\"item\":\"https:\/\/inzain.bike\/fr_be\/\"},{\"@type\":\"ListItem\",\"position\":2,\"name\":\"INZAIN 200\/100 Mile Gravel Grinder\"}]},{\"@type\":\"WebSite\",\"@id\":\"https:\/\/inzain.bike\/fr_be\/#website\",\"url\":\"https:\/\/inzain.bike\/fr_be\/\",\"name\":\"INZAIN Cycling EXPERIENCES\",\"description\":\"Cyckling Adventures  - for everyone\",\"publisher\":{\"@id\":\"https:\/\/inzain.bike\/fr_be\/#organization\"},\"alternateName\":\"INZAIN Gravel & Travel\",\"potentialAction\":[{\"@type\":\"SearchAction\",\"target\":{\"@type\":\"EntryPoint\",\"urlTemplate\":\"https:\/\/inzain.bike\/fr_be\/?s={search_term_string}\"},\"query-input\":{\"@type\":\"PropertyValueSpecification\",\"valueRequired\":true,\"valueName\":\"search_term_string\"}}],\"inLanguage\":\"fr-FR\"},{\"@type\":\"Organization\",\"@id\":\"https:\/\/inzain.bike\/fr_be\/#organization\",\"name\":\"INZAIN Cycling EXPERIENCES\",\"url\":\"https:\/\/inzain.bike\/fr_be\/\",\"logo\":{\"@type\":\"ImageObject\",\"inLanguage\":\"fr-FR\",\"@id\":\"https:\/\/inzain.bike\/fr_be\/#\/schema\/logo\/image\/\",\"url\":\"https:\/\/i0.wp.com\/inzain.bike\/wp-content\/uploads\/2023\/09\/cropped-INZAIN_512x512_white.png?fit=512%2C512&ssl=1\",\"contentUrl\":\"https:\/\/i0.wp.com\/inzain.bike\/wp-content\/uploads\/2023\/09\/cropped-INZAIN_512x512_white.png?fit=512%2C512&ssl=1\",\"width\":512,\"height\":512,\"caption\":\"INZAIN Cycling EXPERIENCES\"},\"image\":{\"@id\":\"https:\/\/inzain.bike\/fr_be\/#\/schema\/logo\/image\/\"},\"sameAs\":[\"https:\/\/www.facebook.com\/Inzain.bike\",\"https:\/\/www.instagram.com\/inzainbike\"]}]}<\/script>\n<!-- \/ Yoast SEO plugin. -->","yoast_head_json":{"title":"INZAIN 200\/100 Mile Gravel Grinder - EXP\u00c9RIENCES CYCLISTES INZAIN","robots":{"index":"index","follow":"follow","max-snippet":"max-snippet:-1","max-image-preview":"max-image-preview:large","max-video-preview":"max-video-preview:-1"},"canonical":"https:\/\/inzain.bike\/fr\/inzain-200-100-50-mile-gravel-grinder\/","og_locale":"fr_FR","og_type":"article","og_title":"INZAIN 200\/100 Mile Gravel Grinder - INZAIN Cycling EXPERIENCES","og_description":"Update: Corona restriktionerna \u00e4r l\u00e4ttade, s\u00e5 vi kommer kunna ha gemensam start. 24 Juli bjuder INZAIN Gravel in till v\u00e5rt f\u00f6rsta event, en riktigt utmaning i Uppland. Str\u00e4ckningarna att v\u00e4lja mellan \u00e4r 200 &amp; 100 miles (322km eller 161km) I turen ing\u00e5r mat och fika tv\u00e5 dep\u00e5er f\u00f6r 100 miles och tre dep\u00e5er f\u00f6r 200 [&hellip;]","og_url":"https:\/\/inzain.bike\/fr\/inzain-200-100-50-mile-gravel-grinder\/","og_site_name":"INZAIN Cycling EXPERIENCES","article_publisher":"https:\/\/www.facebook.com\/Inzain.bike","article_modified_time":"2021-07-08T11:43:05+00:00","og_image":[{"url":"https:\/\/inzain.bike\/wp-content\/uploads\/2021\/03\/inzain200_2.jpg?w=1024","type":"","width":"","height":""}],"twitter_card":"summary_large_image","twitter_misc":{"Dur\u00e9e de lecture estim\u00e9e":"1 minute"},"schema":{"@context":"https:\/\/schema.org","@graph":[{"@type":"WebPage","@id":"https:\/\/inzain.bike\/sv_se\/inzain-200-100-50-mile-gravel-grinder\/","url":"https:\/\/inzain.bike\/sv_se\/inzain-200-100-50-mile-gravel-grinder\/","name":"INZAIN 200\/100 Mile Gravel Grinder - EXP\u00c9RIENCES CYCLISTES INZAIN","isPartOf":{"@id":"https:\/\/inzain.bike\/fr_be\/#website"},"primaryImageOfPage":{"@id":"https:\/\/inzain.bike\/sv_se\/inzain-200-100-50-mile-gravel-grinder\/#primaryimage"},"image":{"@id":"https:\/\/inzain.bike\/sv_se\/inzain-200-100-50-mile-gravel-grinder\/#primaryimage"},"thumbnailUrl":"https:\/\/inzain.bike\/wp-content\/uploads\/2021\/03\/inzain200_2.jpg?w=1024","datePublished":"2021-03-24T12:20:59+00:00","dateModified":"2021-07-08T11:43:05+00:00","breadcrumb":{"@id":"https:\/\/inzain.bike\/sv_se\/inzain-200-100-50-mile-gravel-grinder\/#breadcrumb"},"inLanguage":"fr-FR","potentialAction":[{"@type":"ReadAction","target":["https:\/\/inzain.bike\/sv_se\/inzain-200-100-50-mile-gravel-grinder\/"]}]},{"@type":"ImageObject","inLanguage":"fr-FR","@id":"https:\/\/inzain.bike\/sv_se\/inzain-200-100-50-mile-gravel-grinder\/#primaryimage","url":"https:\/\/inzain.bike\/wp-content\/uploads\/2021\/03\/inzain200_2.jpg?w=1024","contentUrl":"https:\/\/inzain.bike\/wp-content\/uploads\/2021\/03\/inzain200_2.jpg?w=1024"},{"@type":"BreadcrumbList","@id":"https:\/\/inzain.bike\/sv_se\/inzain-200-100-50-mile-gravel-grinder\/#breadcrumb","itemListElement":[{"@type":"ListItem","position":1,"name":"Hem","item":"https:\/\/inzain.bike\/fr_be\/"},{"@type":"ListItem","position":2,"name":"INZAIN 200\/100 Mile Gravel Grinder"}]},{"@type":"WebSite","@id":"https:\/\/inzain.bike\/fr_be\/#website","url":"https:\/\/inzain.bike\/fr_be\/","name":"EXP\u00c9RIENCES Cyclistes INZAIN","description":"Aventures \u00e0 v\u00e9lo - pour tous","publisher":{"@id":"https:\/\/inzain.bike\/fr_be\/#organization"},"alternateName":"INZAIN Gravel & Travel","potentialAction":[{"@type":"SearchAction","target":{"@type":"EntryPoint","urlTemplate":"https:\/\/inzain.bike\/fr_be\/?s={search_term_string}"},"query-input":{"@type":"PropertyValueSpecification","valueRequired":true,"valueName":"search_term_string"}}],"inLanguage":"fr-FR"},{"@type":"Organization","@id":"https:\/\/inzain.bike\/fr_be\/#organization","name":"EXP\u00c9RIENCES Cyclistes INZAIN","url":"https:\/\/inzain.bike\/fr_be\/","logo":{"@type":"ImageObject","inLanguage":"fr-FR","@id":"https:\/\/inzain.bike\/fr_be\/#\/schema\/logo\/image\/","url":"https:\/\/i0.wp.com\/inzain.bike\/wp-content\/uploads\/2023\/09\/cropped-INZAIN_512x512_white.png?fit=512%2C512&ssl=1","contentUrl":"https:\/\/i0.wp.com\/inzain.bike\/wp-content\/uploads\/2023\/09\/cropped-INZAIN_512x512_white.png?fit=512%2C512&ssl=1","width":512,"height":512,"caption":"INZAIN Cycling EXPERIENCES"},"image":{"@id":"https:\/\/inzain.bike\/fr_be\/#\/schema\/logo\/image\/"},"sameAs":["https:\/\/www.facebook.com\/Inzain.bike","https:\/\/www.instagram.com\/inzainbike"]}]}},"amp_enabled":true,"_links":{"self":[{"href":"https:\/\/inzain.bike\/fr\/wp-json\/wp\/v2\/pages\/45","targetHints":{"allow":["GET"]}}],"collection":[{"href":"https:\/\/inzain.bike\/fr\/wp-json\/wp\/v2\/pages"}],"about":[{"href":"https:\/\/inzain.bike\/fr\/wp-json\/wp\/v2\/types\/page"}],"author":[{"embeddable":true,"href":"https:\/\/inzain.bike\/fr\/wp-json\/wp\/v2\/users\/135133094"}],"replies":[{"embeddable":true,"href":"https:\/\/inzain.bike\/fr\/wp-json\/wp\/v2\/comments?post=45"}],"version-history":[{"count":0,"href":"https:\/\/inzain.bike\/fr\/wp-json\/wp\/v2\/pages\/45\/revisions"}],"wp:attachment":[{"href":"https:\/\/inzain.bike\/fr\/wp-json\/wp\/v2\/media?parent=45"}],"curies":[{"name":"wp","href":"https:\/\/api.w.org\/{rel}","templated":true}]}}