{"id":4979,"date":"2023-11-11T18:18:02","date_gmt":"2023-11-11T17:18:02","guid":{"rendered":"https:\/\/inzain.bike\/?page_id=4979"},"modified":"2023-11-25T16:38:41","modified_gmt":"2023-11-25T15:38:41","slug":"bas24-activities","status":"publish","type":"page","link":"https:\/\/inzain.bike\/fr\/bas24-activities\/","title":{"rendered":"Activit\u00e9s au Pays Basque"},"content":{"rendered":"<div class=\"wp-block-columns alignwide is-layout-flex wp-container-core-columns-is-layout-28f84493 wp-block-columns-is-layout-flex\">\n<div class=\"wp-block-column is-layout-flow wp-block-column-is-layout-flow\">\n<p class=\"has-roboto-font-family has-custom-font\" style=\"font-family:Roboto\"><strong>Le mus\u00e9e Guggenheim de Bilbao<\/strong>&nbsp;est un mus\u00e9e d&#039;art pour l&#039;art moderne. Magnifiquement situ\u00e9 au bord de la rivi\u00e8re Nervion. Le mus\u00e9e, qui a beaucoup attir\u00e9 l&#039;attention, aurait contribu\u00e9 au grand essor de la r\u00e9gion. Et l&#039;afflux important de visiteurs. Quelque chose dont nous, les cyclistes, pouvons t\u00e9moigner. Le b\u00e2timent est enti\u00e8rement r\u00e9alis\u00e9 en titane, qui refl\u00e8te la lumi\u00e8re d\u2019une mani\u00e8re incroyablement fine. Il est agr\u00e9able de voir que de plus en plus de gens appr\u00e9cient le titane comme mat\u00e9riau dans la fabrication de v\u00e9los et de mus\u00e9es. <\/p>\n<\/div>\n<\/div>\n\n\n\n<div class=\"wp-block-columns alignwide is-layout-flex wp-container-core-columns-is-layout-28f84493 wp-block-columns-is-layout-flex\">\n<div class=\"wp-block-column is-layout-flow wp-block-column-is-layout-flow\">\n<figure class=\"wp-block-image size-large\"><img loading=\"lazy\" decoding=\"async\" width=\"1024\" height=\"683\" src=\"https:\/\/inzain.bike\/wp-content\/uploads\/2023\/11\/pexels-jesus-esteban-san-jose-14638004-1024x683.jpg\" alt=\"\" class=\"wp-image-5004\" srcset=\"https:\/\/inzain.bike\/wp-content\/uploads\/2023\/11\/pexels-jesus-esteban-san-jose-14638004-1024x683.jpg 1024w, https:\/\/inzain.bike\/wp-content\/uploads\/2023\/11\/pexels-jesus-esteban-san-jose-14638004-300x200.jpg 300w, https:\/\/inzain.bike\/wp-content\/uploads\/2023\/11\/pexels-jesus-esteban-san-jose-14638004-768x512.jpg 768w, https:\/\/inzain.bike\/wp-content\/uploads\/2023\/11\/pexels-jesus-esteban-san-jose-14638004-1536x1024.jpg 1536w, https:\/\/inzain.bike\/wp-content\/uploads\/2023\/11\/pexels-jesus-esteban-san-jose-14638004-2048x1365.jpg 2048w, https:\/\/inzain.bike\/wp-content\/uploads\/2023\/11\/pexels-jesus-esteban-san-jose-14638004-18x12.jpg 18w, https:\/\/inzain.bike\/wp-content\/uploads\/2023\/11\/pexels-jesus-esteban-san-jose-14638004-1320x880.jpg 1320w, https:\/\/inzain.bike\/wp-content\/uploads\/2023\/11\/pexels-jesus-esteban-san-jose-14638004-600x400.jpg 600w\" sizes=\"auto, (max-width: 1024px) 100vw, 1024px\" \/><\/figure>\n<\/div>\n<\/div>\n\n\n\n<div class=\"wp-block-columns alignwide is-layout-flex wp-container-core-columns-is-layout-28f84493 wp-block-columns-is-layout-flex\">\n<div class=\"wp-block-column is-layout-flow wp-block-column-is-layout-flow\">\n<p><strong>D\u00e9gustation de vins Pays Basque \/ Rioja<\/strong> D\u00e8s le deuxi\u00e8me jour, nous allons si loin vers le sud que nous traversons la fronti\u00e8re jusqu&#039;\u00e0 la Rioja. Nous en profitons bien s\u00fbr pour aller \u00e0 une d\u00e9gustation de vins \u00e0 l\u2019h\u00f4tel o\u00f9 nous logeons. Garanti d\u2019appr\u00e9cier d\u2019en apprendre davantage et de profiter des produits locaux. Par des experts locaux dans le domaine. <\/p>\n\n\n\n<figure class=\"wp-block-image alignright size-large\"><img loading=\"lazy\" decoding=\"async\" width=\"1024\" height=\"683\" src=\"https:\/\/inzain.bike\/wp-content\/uploads\/2023\/11\/pexels-mark-stebnicki-17765439-1024x683.jpg\" alt=\"\" class=\"wp-image-5039\" srcset=\"https:\/\/inzain.bike\/wp-content\/uploads\/2023\/11\/pexels-mark-stebnicki-17765439-1024x683.jpg 1024w, https:\/\/inzain.bike\/wp-content\/uploads\/2023\/11\/pexels-mark-stebnicki-17765439-300x200.jpg 300w, https:\/\/inzain.bike\/wp-content\/uploads\/2023\/11\/pexels-mark-stebnicki-17765439-768x512.jpg 768w, https:\/\/inzain.bike\/wp-content\/uploads\/2023\/11\/pexels-mark-stebnicki-17765439-1536x1024.jpg 1536w, https:\/\/inzain.bike\/wp-content\/uploads\/2023\/11\/pexels-mark-stebnicki-17765439-2048x1365.jpg 2048w, https:\/\/inzain.bike\/wp-content\/uploads\/2023\/11\/pexels-mark-stebnicki-17765439-18x12.jpg 18w, https:\/\/inzain.bike\/wp-content\/uploads\/2023\/11\/pexels-mark-stebnicki-17765439-1320x880.jpg 1320w, https:\/\/inzain.bike\/wp-content\/uploads\/2023\/11\/pexels-mark-stebnicki-17765439-600x400.jpg 600w\" sizes=\"auto, (max-width: 1024px) 100vw, 1024px\" \/><\/figure>\n<\/div>\n<\/div>\n\n\n\n<div class=\"wp-block-columns alignwide is-layout-flex wp-container-core-columns-is-layout-28f84493 wp-block-columns-is-layout-flex\">\n<div class=\"wp-block-column is-layout-flow wp-block-column-is-layout-flow\">\n<p><strong>Restaurants Saint-S\u00e9bastien<\/strong> Jour 5, nous atteignons cette ville qui est souvent appel\u00e9e la capitale mondiale de l&#039;alimentation. Au plus pr\u00e8s des restaurants \u00e9toil\u00e9s. Et un large \u00e9ventail de go\u00fbts et de niveaux d\u2019exp\u00e9rience. Cela signifie que cette soir\u00e9e devient souvent un souvenir pr\u00e9f\u00e9r\u00e9 et affectueux. Prenez contact avec vos saveurs pr\u00e9f\u00e9r\u00e9es et nous les pr\u00e9parerons pour vous \u00e0 temps. <\/p>\n\n\n\n<figure class=\"wp-block-image size-large\"><img loading=\"lazy\" decoding=\"async\" width=\"768\" height=\"1024\" src=\"https:\/\/inzain.bike\/wp-content\/uploads\/2023\/11\/pexels-eugenia-remark-18978091-768x1024.jpg\" alt=\"\" class=\"wp-image-5038\" srcset=\"https:\/\/inzain.bike\/wp-content\/uploads\/2023\/11\/pexels-eugenia-remark-18978091-768x1024.jpg 768w, https:\/\/inzain.bike\/wp-content\/uploads\/2023\/11\/pexels-eugenia-remark-18978091-225x300.jpg 225w, https:\/\/inzain.bike\/wp-content\/uploads\/2023\/11\/pexels-eugenia-remark-18978091-1152x1536.jpg 1152w, https:\/\/inzain.bike\/wp-content\/uploads\/2023\/11\/pexels-eugenia-remark-18978091-1536x2048.jpg 1536w, https:\/\/inzain.bike\/wp-content\/uploads\/2023\/11\/pexels-eugenia-remark-18978091-9x12.jpg 9w, https:\/\/inzain.bike\/wp-content\/uploads\/2023\/11\/pexels-eugenia-remark-18978091-1320x1760.jpg 1320w, https:\/\/inzain.bike\/wp-content\/uploads\/2023\/11\/pexels-eugenia-remark-18978091-600x800.jpg 600w, https:\/\/inzain.bike\/wp-content\/uploads\/2023\/11\/pexels-eugenia-remark-18978091-scaled.jpg 1920w\" sizes=\"auto, (max-width: 768px) 100vw, 768px\" \/><\/figure>\n<\/div>\n<\/div>","protected":false},"excerpt":{"rendered":"<p>Guggenheimmuseet i Bilbao&nbsp;\u00e4r ett&nbsp;konstmuseum f\u00f6r modern konst. Vackert bel\u00e4get nere vid floden Nervion. Museet som har v\u00e4ckt stor uppm\u00e4rksamhet s\u00e4gs ha bidragit till den stora uppg\u00e5ngen i omr\u00e5det. Och den stora tillstr\u00f6mningen av bes\u00f6kare. N\u00e5got som vi cyklister kan intyga. Byggnaden \u00e4r helt byggd i titan som reflekterar ljuset p\u00e5 ett otroligt fint s\u00e4tt. Kul [&hellip;]<\/p>\n","protected":false},"author":203917874,"featured_media":0,"parent":0,"menu_order":0,"comment_status":"closed","ping_status":"closed","template":"","meta":{"_coblocks_attr":"Roboto","_coblocks_dimensions":"","_coblocks_responsive_height":"","_coblocks_accordion_ie_support":"","footnotes":""},"class_list":["post-4979","page","type-page","status-publish","hentry"],"yoast_head":"<!-- This site is optimized with the Yoast SEO plugin v27.2 - https:\/\/yoast.com\/product\/yoast-seo-wordpress\/ -->\n<title>Baskien Aktiviteter - INZAIN Cycling EXPERIENCES<\/title>\n<meta name=\"robots\" content=\"index, follow, max-snippet:-1, max-image-preview:large, max-video-preview:-1\" \/>\n<link rel=\"canonical\" href=\"https:\/\/inzain.bike\/fr\/bas24-activities\/\" \/>\n<meta property=\"og:locale\" content=\"fr_FR\" \/>\n<meta property=\"og:type\" content=\"article\" \/>\n<meta property=\"og:title\" content=\"Baskien Aktiviteter - INZAIN Cycling EXPERIENCES\" \/>\n<meta property=\"og:description\" content=\"Guggenheimmuseet i Bilbao&nbsp;\u00e4r ett&nbsp;konstmuseum f\u00f6r modern konst. Vackert bel\u00e4get nere vid floden Nervion. Museet som har v\u00e4ckt stor uppm\u00e4rksamhet s\u00e4gs ha bidragit till den stora uppg\u00e5ngen i omr\u00e5det. Och den stora tillstr\u00f6mningen av bes\u00f6kare. N\u00e5got som vi cyklister kan intyga. Byggnaden \u00e4r helt byggd i titan som reflekterar ljuset p\u00e5 ett otroligt fint s\u00e4tt. Kul [&hellip;]\" \/>\n<meta property=\"og:url\" content=\"https:\/\/inzain.bike\/fr\/bas24-activities\/\" \/>\n<meta property=\"og:site_name\" content=\"INZAIN Cycling EXPERIENCES\" \/>\n<meta property=\"article:publisher\" content=\"https:\/\/www.facebook.com\/Inzain.bike\" \/>\n<meta property=\"article:modified_time\" content=\"2023-11-25T15:38:41+00:00\" \/>\n<meta property=\"og:image\" content=\"https:\/\/inzain.bike\/wp-content\/uploads\/2023\/11\/pexels-jesus-esteban-san-jose-14638004-1024x683.jpg\" \/>\n<meta name=\"twitter:card\" content=\"summary_large_image\" \/>\n<meta name=\"twitter:label1\" content=\"Dur\u00e9e de lecture estim\u00e9e\" \/>\n\t<meta name=\"twitter:data1\" content=\"2 minutes\" \/>\n<script type=\"application\/ld+json\" class=\"yoast-schema-graph\">{\"@context\":\"https:\/\/schema.org\",\"@graph\":[{\"@type\":\"WebPage\",\"@id\":\"https:\/\/inzain.bike\/en\/bas24-activities\/\",\"url\":\"https:\/\/inzain.bike\/en\/bas24-activities\/\",\"name\":\"Baskien Aktiviteter - INZAIN Cycling EXPERIENCES\",\"isPartOf\":{\"@id\":\"https:\/\/inzain.bike\/fr_be\/#website\"},\"primaryImageOfPage\":{\"@id\":\"https:\/\/inzain.bike\/en\/bas24-activities\/#primaryimage\"},\"image\":{\"@id\":\"https:\/\/inzain.bike\/en\/bas24-activities\/#primaryimage\"},\"thumbnailUrl\":\"https:\/\/inzain.bike\/wp-content\/uploads\/2023\/11\/pexels-jesus-esteban-san-jose-14638004-1024x683.jpg\",\"datePublished\":\"2023-11-11T17:18:02+00:00\",\"dateModified\":\"2023-11-25T15:38:41+00:00\",\"breadcrumb\":{\"@id\":\"https:\/\/inzain.bike\/en\/bas24-activities\/#breadcrumb\"},\"inLanguage\":\"fr-FR\",\"potentialAction\":[{\"@type\":\"ReadAction\",\"target\":[\"https:\/\/inzain.bike\/en\/bas24-activities\/\"]}]},{\"@type\":\"ImageObject\",\"inLanguage\":\"fr-FR\",\"@id\":\"https:\/\/inzain.bike\/en\/bas24-activities\/#primaryimage\",\"url\":\"https:\/\/inzain.bike\/wp-content\/uploads\/2023\/11\/pexels-jesus-esteban-san-jose-14638004-1024x683.jpg\",\"contentUrl\":\"https:\/\/inzain.bike\/wp-content\/uploads\/2023\/11\/pexels-jesus-esteban-san-jose-14638004-1024x683.jpg\"},{\"@type\":\"BreadcrumbList\",\"@id\":\"https:\/\/inzain.bike\/en\/bas24-activities\/#breadcrumb\",\"itemListElement\":[{\"@type\":\"ListItem\",\"position\":1,\"name\":\"Hem\",\"item\":\"https:\/\/inzain.bike\/fr_be\/\"},{\"@type\":\"ListItem\",\"position\":2,\"name\":\"Baskien Aktiviteter\"}]},{\"@type\":\"WebSite\",\"@id\":\"https:\/\/inzain.bike\/fr_be\/#website\",\"url\":\"https:\/\/inzain.bike\/fr_be\/\",\"name\":\"INZAIN Cycling EXPERIENCES\",\"description\":\"Cyckling Adventures  - for everyone\",\"publisher\":{\"@id\":\"https:\/\/inzain.bike\/fr_be\/#organization\"},\"alternateName\":\"INZAIN Gravel & Travel\",\"potentialAction\":[{\"@type\":\"SearchAction\",\"target\":{\"@type\":\"EntryPoint\",\"urlTemplate\":\"https:\/\/inzain.bike\/fr_be\/?s={search_term_string}\"},\"query-input\":{\"@type\":\"PropertyValueSpecification\",\"valueRequired\":true,\"valueName\":\"search_term_string\"}}],\"inLanguage\":\"fr-FR\"},{\"@type\":\"Organization\",\"@id\":\"https:\/\/inzain.bike\/fr_be\/#organization\",\"name\":\"INZAIN Cycling EXPERIENCES\",\"url\":\"https:\/\/inzain.bike\/fr_be\/\",\"logo\":{\"@type\":\"ImageObject\",\"inLanguage\":\"fr-FR\",\"@id\":\"https:\/\/inzain.bike\/fr_be\/#\/schema\/logo\/image\/\",\"url\":\"https:\/\/i0.wp.com\/inzain.bike\/wp-content\/uploads\/2023\/09\/cropped-INZAIN_512x512_white.png?fit=512%2C512&ssl=1\",\"contentUrl\":\"https:\/\/i0.wp.com\/inzain.bike\/wp-content\/uploads\/2023\/09\/cropped-INZAIN_512x512_white.png?fit=512%2C512&ssl=1\",\"width\":512,\"height\":512,\"caption\":\"INZAIN Cycling EXPERIENCES\"},\"image\":{\"@id\":\"https:\/\/inzain.bike\/fr_be\/#\/schema\/logo\/image\/\"},\"sameAs\":[\"https:\/\/www.facebook.com\/Inzain.bike\",\"https:\/\/www.instagram.com\/inzainbike\"]}]}<\/script>\n<!-- \/ Yoast SEO plugin. -->","yoast_head_json":{"title":"Activit\u00e9s au Pays Basque - INZAIN Cycling EXPERIENCES","robots":{"index":"index","follow":"follow","max-snippet":"max-snippet:-1","max-image-preview":"max-image-preview:large","max-video-preview":"max-video-preview:-1"},"canonical":"https:\/\/inzain.bike\/fr\/bas24-activities\/","og_locale":"fr_FR","og_type":"article","og_title":"Baskien Aktiviteter - INZAIN Cycling EXPERIENCES","og_description":"Guggenheimmuseet i Bilbao&nbsp;\u00e4r ett&nbsp;konstmuseum f\u00f6r modern konst. Vackert bel\u00e4get nere vid floden Nervion. Museet som har v\u00e4ckt stor uppm\u00e4rksamhet s\u00e4gs ha bidragit till den stora uppg\u00e5ngen i omr\u00e5det. Och den stora tillstr\u00f6mningen av bes\u00f6kare. N\u00e5got som vi cyklister kan intyga. Byggnaden \u00e4r helt byggd i titan som reflekterar ljuset p\u00e5 ett otroligt fint s\u00e4tt. Kul [&hellip;]","og_url":"https:\/\/inzain.bike\/fr\/bas24-activities\/","og_site_name":"INZAIN Cycling EXPERIENCES","article_publisher":"https:\/\/www.facebook.com\/Inzain.bike","article_modified_time":"2023-11-25T15:38:41+00:00","og_image":[{"url":"https:\/\/inzain.bike\/wp-content\/uploads\/2023\/11\/pexels-jesus-esteban-san-jose-14638004-1024x683.jpg","type":"","width":"","height":""}],"twitter_card":"summary_large_image","twitter_misc":{"Dur\u00e9e de lecture estim\u00e9e":"2 minutes"},"schema":{"@context":"https:\/\/schema.org","@graph":[{"@type":"WebPage","@id":"https:\/\/inzain.bike\/en\/bas24-activities\/","url":"https:\/\/inzain.bike\/en\/bas24-activities\/","name":"Activit\u00e9s au Pays Basque - INZAIN Cycling EXPERIENCES","isPartOf":{"@id":"https:\/\/inzain.bike\/fr_be\/#website"},"primaryImageOfPage":{"@id":"https:\/\/inzain.bike\/en\/bas24-activities\/#primaryimage"},"image":{"@id":"https:\/\/inzain.bike\/en\/bas24-activities\/#primaryimage"},"thumbnailUrl":"https:\/\/inzain.bike\/wp-content\/uploads\/2023\/11\/pexels-jesus-esteban-san-jose-14638004-1024x683.jpg","datePublished":"2023-11-11T17:18:02+00:00","dateModified":"2023-11-25T15:38:41+00:00","breadcrumb":{"@id":"https:\/\/inzain.bike\/en\/bas24-activities\/#breadcrumb"},"inLanguage":"fr-FR","potentialAction":[{"@type":"ReadAction","target":["https:\/\/inzain.bike\/en\/bas24-activities\/"]}]},{"@type":"ImageObject","inLanguage":"fr-FR","@id":"https:\/\/inzain.bike\/en\/bas24-activities\/#primaryimage","url":"https:\/\/inzain.bike\/wp-content\/uploads\/2023\/11\/pexels-jesus-esteban-san-jose-14638004-1024x683.jpg","contentUrl":"https:\/\/inzain.bike\/wp-content\/uploads\/2023\/11\/pexels-jesus-esteban-san-jose-14638004-1024x683.jpg"},{"@type":"BreadcrumbList","@id":"https:\/\/inzain.bike\/en\/bas24-activities\/#breadcrumb","itemListElement":[{"@type":"ListItem","position":1,"name":"Hem","item":"https:\/\/inzain.bike\/fr_be\/"},{"@type":"ListItem","position":2,"name":"Baskien Aktiviteter"}]},{"@type":"WebSite","@id":"https:\/\/inzain.bike\/fr_be\/#website","url":"https:\/\/inzain.bike\/fr_be\/","name":"EXP\u00c9RIENCES Cyclistes INZAIN","description":"Aventures \u00e0 v\u00e9lo - pour tous","publisher":{"@id":"https:\/\/inzain.bike\/fr_be\/#organization"},"alternateName":"INZAIN Gravel & Travel","potentialAction":[{"@type":"SearchAction","target":{"@type":"EntryPoint","urlTemplate":"https:\/\/inzain.bike\/fr_be\/?s={search_term_string}"},"query-input":{"@type":"PropertyValueSpecification","valueRequired":true,"valueName":"search_term_string"}}],"inLanguage":"fr-FR"},{"@type":"Organization","@id":"https:\/\/inzain.bike\/fr_be\/#organization","name":"EXP\u00c9RIENCES Cyclistes INZAIN","url":"https:\/\/inzain.bike\/fr_be\/","logo":{"@type":"ImageObject","inLanguage":"fr-FR","@id":"https:\/\/inzain.bike\/fr_be\/#\/schema\/logo\/image\/","url":"https:\/\/i0.wp.com\/inzain.bike\/wp-content\/uploads\/2023\/09\/cropped-INZAIN_512x512_white.png?fit=512%2C512&ssl=1","contentUrl":"https:\/\/i0.wp.com\/inzain.bike\/wp-content\/uploads\/2023\/09\/cropped-INZAIN_512x512_white.png?fit=512%2C512&ssl=1","width":512,"height":512,"caption":"INZAIN Cycling EXPERIENCES"},"image":{"@id":"https:\/\/inzain.bike\/fr_be\/#\/schema\/logo\/image\/"},"sameAs":["https:\/\/www.facebook.com\/Inzain.bike","https:\/\/www.instagram.com\/inzainbike"]}]}},"amp_enabled":true,"_links":{"self":[{"href":"https:\/\/inzain.bike\/fr\/wp-json\/wp\/v2\/pages\/4979","targetHints":{"allow":["GET"]}}],"collection":[{"href":"https:\/\/inzain.bike\/fr\/wp-json\/wp\/v2\/pages"}],"about":[{"href":"https:\/\/inzain.bike\/fr\/wp-json\/wp\/v2\/types\/page"}],"author":[{"embeddable":true,"href":"https:\/\/inzain.bike\/fr\/wp-json\/wp\/v2\/users\/203917874"}],"replies":[{"embeddable":true,"href":"https:\/\/inzain.bike\/fr\/wp-json\/wp\/v2\/comments?post=4979"}],"version-history":[{"count":0,"href":"https:\/\/inzain.bike\/fr\/wp-json\/wp\/v2\/pages\/4979\/revisions"}],"wp:attachment":[{"href":"https:\/\/inzain.bike\/fr\/wp-json\/wp\/v2\/media?parent=4979"}],"curies":[{"name":"wp","href":"https:\/\/api.w.org\/{rel}","templated":true}]}}