{"id":5033,"date":"2023-11-11T17:31:53","date_gmt":"2023-11-11T16:31:53","guid":{"rendered":"https:\/\/inzain.bike\/?page_id=5033"},"modified":"2023-11-16T19:41:42","modified_gmt":"2023-11-16T18:41:42","slug":"cha24-boende","status":"publish","type":"page","link":"https:\/\/inzain.bike\/fr\/cha24-boende\/","title":{"rendered":"Champagne H\u00e9bergement"},"content":{"rendered":"<div class=\"wp-block-columns alignwide is-layout-flex wp-container-core-columns-is-layout-28f84493 wp-block-columns-is-layout-flex\">\n<div class=\"wp-block-column is-layout-flow wp-block-column-is-layout-flow\">\n<p>Nous logeons juste au sud d&#039;Epernay au Relais du Vigneron situ\u00e9 \u00e0 Vertus, en Champagne, proposant des visites des vignobles champenois et de leurs caves ainsi que des d\u00e9gustations de vins. Une salle de sport est \u00e0 votre disposition.<\/p>\n\n\n\n<p>Les chambres sont d\u00e9cor\u00e9es dans un style traditionnel et disposent toutes d&#039;une t\u00e9l\u00e9vision \u00e0 \u00e9cran plat, d&#039;un minibar et de la climatisation. La salle de bains privative est \u00e9quip\u00e9e d&#039;une baignoire ou d&#039;une douche.<\/p>\n\n\n\n<p>L&#039;h\u00f4tel poss\u00e8de sa propre marque de Champagne dont nous ferons une d\u00e9gustation l&#039;un des soirs.<\/p>\n\n\n\n<p><br><\/p>\n<\/div>\n<\/div>\n\n\n\n<div class=\"wp-block-columns alignwide is-layout-flex wp-container-core-columns-is-layout-28f84493 wp-block-columns-is-layout-flex\">\n<div class=\"wp-block-column is-layout-flow wp-block-column-is-layout-flow\">\n<figure class=\"wp-block-gallery has-nested-images columns-default is-cropped wp-block-gallery-1 is-layout-flex wp-block-gallery-is-layout-flex\">\n<figure class=\"wp-block-image size-large\"><img loading=\"lazy\" decoding=\"async\" width=\"600\" height=\"900\" data-id=\"3701\" src=\"https:\/\/inzain.bike\/wp-content\/uploads\/2023\/10\/343147716.jpg\" alt=\"\" class=\"wp-image-3701\" srcset=\"https:\/\/inzain.bike\/wp-content\/uploads\/2023\/10\/343147716.jpg 600w, https:\/\/inzain.bike\/wp-content\/uploads\/2023\/10\/343147716-200x300.jpg 200w, https:\/\/inzain.bike\/wp-content\/uploads\/2023\/10\/343147716-8x12.jpg 8w\" sizes=\"auto, (max-width: 600px) 100vw, 600px\" \/><\/figure>\n\n\n\n<figure class=\"wp-block-image size-large\"><img loading=\"lazy\" decoding=\"async\" width=\"676\" height=\"900\" data-id=\"3700\" src=\"https:\/\/inzain.bike\/wp-content\/uploads\/2023\/10\/343986943.jpg\" alt=\"\" class=\"wp-image-3700\" srcset=\"https:\/\/inzain.bike\/wp-content\/uploads\/2023\/10\/343986943.jpg 676w, https:\/\/inzain.bike\/wp-content\/uploads\/2023\/10\/343986943-225x300.jpg 225w, https:\/\/inzain.bike\/wp-content\/uploads\/2023\/10\/343986943-9x12.jpg 9w, https:\/\/inzain.bike\/wp-content\/uploads\/2023\/10\/343986943-600x799.jpg 600w\" sizes=\"auto, (max-width: 676px) 100vw, 676px\" \/><\/figure>\n\n\n\n<figure class=\"wp-block-image size-large\"><img loading=\"lazy\" decoding=\"async\" width=\"1024\" height=\"682\" data-id=\"3703\" src=\"https:\/\/inzain.bike\/wp-content\/uploads\/2023\/10\/372024344-1024x682.jpg\" alt=\"\" class=\"wp-image-3703\" srcset=\"https:\/\/inzain.bike\/wp-content\/uploads\/2023\/10\/372024344-1024x682.jpg 1024w, https:\/\/inzain.bike\/wp-content\/uploads\/2023\/10\/372024344-300x200.jpg 300w, https:\/\/inzain.bike\/wp-content\/uploads\/2023\/10\/372024344-768x512.jpg 768w, https:\/\/inzain.bike\/wp-content\/uploads\/2023\/10\/372024344-18x12.jpg 18w, https:\/\/inzain.bike\/wp-content\/uploads\/2023\/10\/372024344-600x400.jpg 600w, https:\/\/inzain.bike\/wp-content\/uploads\/2023\/10\/372024344.jpg 1280w\" sizes=\"auto, (max-width: 1024px) 100vw, 1024px\" \/><\/figure>\n\n\n\n<figure class=\"wp-block-image size-large\"><img loading=\"lazy\" decoding=\"async\" width=\"1024\" height=\"683\" data-id=\"3702\" src=\"https:\/\/inzain.bike\/wp-content\/uploads\/2023\/10\/378239816.jpg\" alt=\"\" class=\"wp-image-3702\" srcset=\"https:\/\/inzain.bike\/wp-content\/uploads\/2023\/10\/378239816.jpg 1024w, https:\/\/inzain.bike\/wp-content\/uploads\/2023\/10\/378239816-300x200.jpg 300w, https:\/\/inzain.bike\/wp-content\/uploads\/2023\/10\/378239816-768x512.jpg 768w, https:\/\/inzain.bike\/wp-content\/uploads\/2023\/10\/378239816-18x12.jpg 18w, https:\/\/inzain.bike\/wp-content\/uploads\/2023\/10\/378239816-600x400.jpg 600w\" sizes=\"auto, (max-width: 1024px) 100vw, 1024px\" \/><\/figure>\n\n\n\n<figure class=\"wp-block-image size-large\"><img loading=\"lazy\" decoding=\"async\" width=\"1024\" height=\"749\" data-id=\"3704\" src=\"https:\/\/inzain.bike\/wp-content\/uploads\/2023\/10\/381949057-1024x749.jpg\" alt=\"\" class=\"wp-image-3704\" srcset=\"https:\/\/inzain.bike\/wp-content\/uploads\/2023\/10\/381949057-1024x749.jpg 1024w, https:\/\/inzain.bike\/wp-content\/uploads\/2023\/10\/381949057-300x220.jpg 300w, https:\/\/inzain.bike\/wp-content\/uploads\/2023\/10\/381949057-768x562.jpg 768w, https:\/\/inzain.bike\/wp-content\/uploads\/2023\/10\/381949057-16x12.jpg 16w, https:\/\/inzain.bike\/wp-content\/uploads\/2023\/10\/381949057-600x439.jpg 600w, https:\/\/inzain.bike\/wp-content\/uploads\/2023\/10\/381949057.jpg 1230w\" sizes=\"auto, (max-width: 1024px) 100vw, 1024px\" \/><\/figure>\n<\/figure>\n<\/div>\n<\/div>\n\n\n\n<div class=\"wp-block-columns alignwide is-layout-flex wp-container-core-columns-is-layout-28f84493 wp-block-columns-is-layout-flex\">\n<div class=\"wp-block-column is-layout-flow wp-block-column-is-layout-flow\"><\/div>\n<\/div>\n\n\n\n<p><\/p>","protected":false},"excerpt":{"rendered":"<p>Vi bor strax s\u00f6der om Epernay p\u00e5 Le Relais du Vigneron som ligger i Vertus, i regionen Champagne, och erbjuder rundturer i Champagnes ving\u00e5rdar och deras k\u00e4llare samt vinprovning. Ett fitnesscenter finns till g\u00e4sternas f\u00f6rfogande. Rummen \u00e4r inredda i traditionell stil och alla har platt-TV, minibar och luftkonditionering. Det egna badrummet \u00e4r utrustat med badkar [&hellip;]<\/p>\n","protected":false},"author":135133094,"featured_media":0,"parent":0,"menu_order":0,"comment_status":"closed","ping_status":"closed","template":"","meta":{"_coblocks_attr":"","_coblocks_dimensions":"","_coblocks_responsive_height":"","_coblocks_accordion_ie_support":"","footnotes":""},"class_list":["post-5033","page","type-page","status-publish","hentry"],"yoast_head":"<!-- This site is optimized with the Yoast SEO plugin v27.2 - https:\/\/yoast.com\/product\/yoast-seo-wordpress\/ -->\n<title>Champagne Boende - INZAIN Cycling EXPERIENCES<\/title>\n<meta name=\"robots\" content=\"index, follow, max-snippet:-1, max-image-preview:large, max-video-preview:-1\" \/>\n<link rel=\"canonical\" href=\"https:\/\/inzain.bike\/fr\/cha24-boende\/\" \/>\n<meta property=\"og:locale\" content=\"fr_FR\" \/>\n<meta property=\"og:type\" content=\"article\" \/>\n<meta property=\"og:title\" content=\"Champagne Boende - INZAIN Cycling EXPERIENCES\" \/>\n<meta property=\"og:description\" content=\"Vi bor strax s\u00f6der om Epernay p\u00e5 Le Relais du Vigneron som ligger i Vertus, i regionen Champagne, och erbjuder rundturer i Champagnes ving\u00e5rdar och deras k\u00e4llare samt vinprovning. Ett fitnesscenter finns till g\u00e4sternas f\u00f6rfogande. Rummen \u00e4r inredda i traditionell stil och alla har platt-TV, minibar och luftkonditionering. Det egna badrummet \u00e4r utrustat med badkar [&hellip;]\" \/>\n<meta property=\"og:url\" content=\"https:\/\/inzain.bike\/fr\/cha24-boende\/\" \/>\n<meta property=\"og:site_name\" content=\"INZAIN Cycling EXPERIENCES\" \/>\n<meta property=\"article:publisher\" content=\"https:\/\/www.facebook.com\/Inzain.bike\" \/>\n<meta property=\"article:modified_time\" content=\"2023-11-16T18:41:42+00:00\" \/>\n<meta property=\"og:image\" content=\"https:\/\/inzain.bike\/wp-content\/uploads\/2023\/10\/343147716.jpg\" \/>\n<meta name=\"twitter:card\" content=\"summary_large_image\" \/>\n<meta name=\"twitter:label1\" content=\"Dur\u00e9e de lecture estim\u00e9e\" \/>\n\t<meta name=\"twitter:data1\" content=\"2 minutes\" \/>\n<script type=\"application\/ld+json\" class=\"yoast-schema-graph\">{\"@context\":\"https:\/\/schema.org\",\"@graph\":[{\"@type\":\"WebPage\",\"@id\":\"https:\/\/inzain.bike\/sv_se\/cha24-boende\/\",\"url\":\"https:\/\/inzain.bike\/sv_se\/cha24-boende\/\",\"name\":\"Champagne Boende - INZAIN Cycling EXPERIENCES\",\"isPartOf\":{\"@id\":\"https:\/\/inzain.bike\/fr_be\/#website\"},\"primaryImageOfPage\":{\"@id\":\"https:\/\/inzain.bike\/sv_se\/cha24-boende\/#primaryimage\"},\"image\":{\"@id\":\"https:\/\/inzain.bike\/sv_se\/cha24-boende\/#primaryimage\"},\"thumbnailUrl\":\"https:\/\/inzain.bike\/wp-content\/uploads\/2023\/10\/343147716.jpg\",\"datePublished\":\"2023-11-11T16:31:53+00:00\",\"dateModified\":\"2023-11-16T18:41:42+00:00\",\"breadcrumb\":{\"@id\":\"https:\/\/inzain.bike\/sv_se\/cha24-boende\/#breadcrumb\"},\"inLanguage\":\"fr-FR\",\"potentialAction\":[{\"@type\":\"ReadAction\",\"target\":[\"https:\/\/inzain.bike\/sv_se\/cha24-boende\/\"]}]},{\"@type\":\"ImageObject\",\"inLanguage\":\"fr-FR\",\"@id\":\"https:\/\/inzain.bike\/sv_se\/cha24-boende\/#primaryimage\",\"url\":\"https:\/\/inzain.bike\/wp-content\/uploads\/2023\/10\/343147716.jpg\",\"contentUrl\":\"https:\/\/inzain.bike\/wp-content\/uploads\/2023\/10\/343147716.jpg\"},{\"@type\":\"BreadcrumbList\",\"@id\":\"https:\/\/inzain.bike\/sv_se\/cha24-boende\/#breadcrumb\",\"itemListElement\":[{\"@type\":\"ListItem\",\"position\":1,\"name\":\"Hem\",\"item\":\"https:\/\/inzain.bike\/fr_be\/\"},{\"@type\":\"ListItem\",\"position\":2,\"name\":\"Champagne Boende\"}]},{\"@type\":\"WebSite\",\"@id\":\"https:\/\/inzain.bike\/fr_be\/#website\",\"url\":\"https:\/\/inzain.bike\/fr_be\/\",\"name\":\"INZAIN Cycling EXPERIENCES\",\"description\":\"Cyckling Adventures  - for everyone\",\"publisher\":{\"@id\":\"https:\/\/inzain.bike\/fr_be\/#organization\"},\"alternateName\":\"INZAIN Gravel & Travel\",\"potentialAction\":[{\"@type\":\"SearchAction\",\"target\":{\"@type\":\"EntryPoint\",\"urlTemplate\":\"https:\/\/inzain.bike\/fr_be\/?s={search_term_string}\"},\"query-input\":{\"@type\":\"PropertyValueSpecification\",\"valueRequired\":true,\"valueName\":\"search_term_string\"}}],\"inLanguage\":\"fr-FR\"},{\"@type\":\"Organization\",\"@id\":\"https:\/\/inzain.bike\/fr_be\/#organization\",\"name\":\"INZAIN Cycling EXPERIENCES\",\"url\":\"https:\/\/inzain.bike\/fr_be\/\",\"logo\":{\"@type\":\"ImageObject\",\"inLanguage\":\"fr-FR\",\"@id\":\"https:\/\/inzain.bike\/fr_be\/#\/schema\/logo\/image\/\",\"url\":\"https:\/\/i0.wp.com\/inzain.bike\/wp-content\/uploads\/2023\/09\/cropped-INZAIN_512x512_white.png?fit=512%2C512&ssl=1\",\"contentUrl\":\"https:\/\/i0.wp.com\/inzain.bike\/wp-content\/uploads\/2023\/09\/cropped-INZAIN_512x512_white.png?fit=512%2C512&ssl=1\",\"width\":512,\"height\":512,\"caption\":\"INZAIN Cycling EXPERIENCES\"},\"image\":{\"@id\":\"https:\/\/inzain.bike\/fr_be\/#\/schema\/logo\/image\/\"},\"sameAs\":[\"https:\/\/www.facebook.com\/Inzain.bike\",\"https:\/\/www.instagram.com\/inzainbike\"]}]}<\/script>\n<!-- \/ Yoast SEO plugin. -->","yoast_head_json":{"title":"H\u00e9bergement en Champagne - INZAIN Cycling EXPERIENCES","robots":{"index":"index","follow":"follow","max-snippet":"max-snippet:-1","max-image-preview":"max-image-preview:large","max-video-preview":"max-video-preview:-1"},"canonical":"https:\/\/inzain.bike\/fr\/cha24-boende\/","og_locale":"fr_FR","og_type":"article","og_title":"Champagne Boende - INZAIN Cycling EXPERIENCES","og_description":"Vi bor strax s\u00f6der om Epernay p\u00e5 Le Relais du Vigneron som ligger i Vertus, i regionen Champagne, och erbjuder rundturer i Champagnes ving\u00e5rdar och deras k\u00e4llare samt vinprovning. Ett fitnesscenter finns till g\u00e4sternas f\u00f6rfogande. Rummen \u00e4r inredda i traditionell stil och alla har platt-TV, minibar och luftkonditionering. Det egna badrummet \u00e4r utrustat med badkar [&hellip;]","og_url":"https:\/\/inzain.bike\/fr\/cha24-boende\/","og_site_name":"INZAIN Cycling EXPERIENCES","article_publisher":"https:\/\/www.facebook.com\/Inzain.bike","article_modified_time":"2023-11-16T18:41:42+00:00","og_image":[{"url":"https:\/\/inzain.bike\/wp-content\/uploads\/2023\/10\/343147716.jpg","type":"","width":"","height":""}],"twitter_card":"summary_large_image","twitter_misc":{"Dur\u00e9e de lecture estim\u00e9e":"2 minutes"},"schema":{"@context":"https:\/\/schema.org","@graph":[{"@type":"WebPage","@id":"https:\/\/inzain.bike\/sv_se\/cha24-boende\/","url":"https:\/\/inzain.bike\/sv_se\/cha24-boende\/","name":"H\u00e9bergement en Champagne - INZAIN Cycling EXPERIENCES","isPartOf":{"@id":"https:\/\/inzain.bike\/fr_be\/#website"},"primaryImageOfPage":{"@id":"https:\/\/inzain.bike\/sv_se\/cha24-boende\/#primaryimage"},"image":{"@id":"https:\/\/inzain.bike\/sv_se\/cha24-boende\/#primaryimage"},"thumbnailUrl":"https:\/\/inzain.bike\/wp-content\/uploads\/2023\/10\/343147716.jpg","datePublished":"2023-11-11T16:31:53+00:00","dateModified":"2023-11-16T18:41:42+00:00","breadcrumb":{"@id":"https:\/\/inzain.bike\/sv_se\/cha24-boende\/#breadcrumb"},"inLanguage":"fr-FR","potentialAction":[{"@type":"ReadAction","target":["https:\/\/inzain.bike\/sv_se\/cha24-boende\/"]}]},{"@type":"ImageObject","inLanguage":"fr-FR","@id":"https:\/\/inzain.bike\/sv_se\/cha24-boende\/#primaryimage","url":"https:\/\/inzain.bike\/wp-content\/uploads\/2023\/10\/343147716.jpg","contentUrl":"https:\/\/inzain.bike\/wp-content\/uploads\/2023\/10\/343147716.jpg"},{"@type":"BreadcrumbList","@id":"https:\/\/inzain.bike\/sv_se\/cha24-boende\/#breadcrumb","itemListElement":[{"@type":"ListItem","position":1,"name":"Hem","item":"https:\/\/inzain.bike\/fr_be\/"},{"@type":"ListItem","position":2,"name":"Champagne Boende"}]},{"@type":"WebSite","@id":"https:\/\/inzain.bike\/fr_be\/#website","url":"https:\/\/inzain.bike\/fr_be\/","name":"EXP\u00c9RIENCES Cyclistes INZAIN","description":"Aventures \u00e0 v\u00e9lo - pour tous","publisher":{"@id":"https:\/\/inzain.bike\/fr_be\/#organization"},"alternateName":"INZAIN Gravel & Travel","potentialAction":[{"@type":"SearchAction","target":{"@type":"EntryPoint","urlTemplate":"https:\/\/inzain.bike\/fr_be\/?s={search_term_string}"},"query-input":{"@type":"PropertyValueSpecification","valueRequired":true,"valueName":"search_term_string"}}],"inLanguage":"fr-FR"},{"@type":"Organization","@id":"https:\/\/inzain.bike\/fr_be\/#organization","name":"EXP\u00c9RIENCES Cyclistes INZAIN","url":"https:\/\/inzain.bike\/fr_be\/","logo":{"@type":"ImageObject","inLanguage":"fr-FR","@id":"https:\/\/inzain.bike\/fr_be\/#\/schema\/logo\/image\/","url":"https:\/\/i0.wp.com\/inzain.bike\/wp-content\/uploads\/2023\/09\/cropped-INZAIN_512x512_white.png?fit=512%2C512&ssl=1","contentUrl":"https:\/\/i0.wp.com\/inzain.bike\/wp-content\/uploads\/2023\/09\/cropped-INZAIN_512x512_white.png?fit=512%2C512&ssl=1","width":512,"height":512,"caption":"INZAIN Cycling EXPERIENCES"},"image":{"@id":"https:\/\/inzain.bike\/fr_be\/#\/schema\/logo\/image\/"},"sameAs":["https:\/\/www.facebook.com\/Inzain.bike","https:\/\/www.instagram.com\/inzainbike"]}]}},"amp_enabled":true,"_links":{"self":[{"href":"https:\/\/inzain.bike\/fr\/wp-json\/wp\/v2\/pages\/5033","targetHints":{"allow":["GET"]}}],"collection":[{"href":"https:\/\/inzain.bike\/fr\/wp-json\/wp\/v2\/pages"}],"about":[{"href":"https:\/\/inzain.bike\/fr\/wp-json\/wp\/v2\/types\/page"}],"author":[{"embeddable":true,"href":"https:\/\/inzain.bike\/fr\/wp-json\/wp\/v2\/users\/135133094"}],"replies":[{"embeddable":true,"href":"https:\/\/inzain.bike\/fr\/wp-json\/wp\/v2\/comments?post=5033"}],"version-history":[{"count":0,"href":"https:\/\/inzain.bike\/fr\/wp-json\/wp\/v2\/pages\/5033\/revisions"}],"wp:attachment":[{"href":"https:\/\/inzain.bike\/fr\/wp-json\/wp\/v2\/media?parent=5033"}],"curies":[{"name":"wp","href":"https:\/\/api.w.org\/{rel}","templated":true}]}}