{"id":5066,"date":"2023-11-21T18:36:03","date_gmt":"2023-11-21T17:36:03","guid":{"rendered":"https:\/\/inzain.bike\/?page_id=5066"},"modified":"2023-11-21T18:36:06","modified_gmt":"2023-11-21T17:36:06","slug":"pyr24-cykling","status":"publish","type":"page","link":"https:\/\/inzain.bike\/fr\/pyr24-cykling\/","title":{"rendered":"Pyr\u00e9n\u00e9es \u00e0 v\u00e9lo"},"content":{"rendered":"<div class=\"wp-block-columns alignwide is-layout-flex wp-container-core-columns-is-layout-28f84493 wp-block-columns-is-layout-flex\">\n<div class=\"wp-block-column is-layout-flow wp-block-column-is-layout-flow\">\n<p>Le cyclisme sur cette cha\u00eene de montagnes est notre v\u00e9ritable classique et notre grand objectif chaque ann\u00e9e. Pour d\u00e9crire le voyage en un mot, il faut que ce soit la nature sauvage. Et cela rend cette r\u00e9gion unique, car c&#039;est la seule dans toute l&#039;Europe \u00e0 pouvoir s&#039;appeler ainsi. Dans de nombreux endroits, nous sommes compl\u00e8tement seuls avec nos v\u00e9los et nos pens\u00e9es tranquilles. Nous passons d&#039;h\u00f4tel en h\u00f4tel, chaque jour a un nouvel objectif passionnant. Au milieu du voyage, j&#039;ai <\/p>\n<\/div>\n<\/div>\n\n\n\n<p class=\"has-text-align-left has-custom-weight\" style=\"font-weight:bold;font-size:30px\">Programme de la journ\u00e9e<\/p>\n\n\n\n<div class=\"wp-block-columns alignwide is-layout-flex wp-container-core-columns-is-layout-28f84493 wp-block-columns-is-layout-flex\">\n<div class=\"wp-block-column is-layout-flow wp-block-column-is-layout-flow\">\n<figure class=\"wp-block-image size-full\"><img loading=\"lazy\" decoding=\"async\" width=\"960\" height=\"883\" src=\"https:\/\/inzain.bike\/wp-content\/uploads\/2023\/11\/IMG_9915.jpg\" alt=\"\" class=\"wp-image-5198\" srcset=\"https:\/\/inzain.bike\/wp-content\/uploads\/2023\/11\/IMG_9915.jpg 960w, https:\/\/inzain.bike\/wp-content\/uploads\/2023\/11\/IMG_9915-300x276.jpg 300w, https:\/\/inzain.bike\/wp-content\/uploads\/2023\/11\/IMG_9915-768x706.jpg 768w, https:\/\/inzain.bike\/wp-content\/uploads\/2023\/11\/IMG_9915-13x12.jpg 13w, https:\/\/inzain.bike\/wp-content\/uploads\/2023\/11\/IMG_9915-600x552.jpg 600w\" sizes=\"auto, (max-width: 960px) 100vw, 960px\" \/><\/figure>\n<\/div>\n\n\n\n<div class=\"wp-block-column is-layout-flow wp-block-column-is-layout-flow\">\n<p><strong>Jour un <\/strong><\/p>\n\n\n\n<p>Petit-d\u00e9jeuner \u00e0 l&#039;h\u00f4tel et descente \u00e0 v\u00e9lo partag\u00e9e jusqu&#039;\u00e0 la Grande Plage o\u00f9 commence notre aventure. Ceux qui veulent plonger une de leurs roues dans l&#039;Atlantique avant de rouler vers l&#039;est en direction de la M\u00e9diterran\u00e9e.<\/p>\n\n\n\n<p>Nous traversons la ville \u00e0 v\u00e9lo et p\u00e9n\u00e9trons dans la campagne basque. Notre arr\u00eat d\u00e9jeuner pour la journ\u00e9e aura lieu dans le magnifique San Jean Pied de Port, qui signifie en fran\u00e7ais &quot;Saint Jean au pied du col&quot;. La ville est \u00e9galement le point de d\u00e9part classique pour ceux qui souhaitent parcourir le Camino de Santiago.<\/p>\n\n\n\n<p>Les deux ascensions du Col des Plombi\u00e8res et du Col d\u2019Osquich nous donnent un avant-go\u00fbt de ce qui nous attend. Nous passons la nuit \u00e0 Sainte Marie d&#039;Oloron.<\/p>\n<\/div>\n<\/div>\n\n\n\n<div class=\"wp-block-columns alignwide is-layout-flex wp-container-core-columns-is-layout-28f84493 wp-block-columns-is-layout-flex\">\n<div class=\"wp-block-column is-layout-flow wp-block-column-is-layout-flow\">\n<p><strong>Jour deux <\/strong><\/p>\n\n\n\n<p>Nous quittons d\u00e9sormais le Pays Basque et avan\u00e7ons dans un paysage vallonn\u00e9. L&#039;objectif du jour est d&#039;attaquer le Col de Marie Blanque et le Col d&#039;Aubisque. Deux ascensions classiques dans le contexte du Tour de France.<\/p>\n\n\n\n<p>Nous gravissons les deux cols avec le reste des Pyr\u00e9n\u00e9es en panorama en arri\u00e8re-plan. Au sommet du Col d\u00c1ubisque, nous sommes accueillis par des chevaux sauvages en train de pa\u00eetre. La nuit se passe dans notre h\u00f4tel pr\u00e9f\u00e9r\u00e9 au pied du Tourmalet \u00e0 St.Savin. <\/p>\n<\/div>\n\n\n\n<div class=\"wp-block-column is-layout-flow wp-block-column-is-layout-flow\">\n<figure class=\"wp-block-image size-full is-resized\"><img decoding=\"async\" src=\"https:\/\/inzain.bike\/wp-content\/uploads\/2023\/11\/IMG_5200.jpg\" alt=\"\" class=\"wp-image-5187\" style=\"width:332px;height:auto\"\/><\/figure>\n<\/div>\n<\/div>\n\n\n\n<div class=\"wp-block-columns alignwide is-layout-flex wp-container-core-columns-is-layout-28f84493 wp-block-columns-is-layout-flex\">\n<div class=\"wp-block-column is-layout-flow wp-block-column-is-layout-flow\">\n<figure class=\"wp-block-image size-full\"><img loading=\"lazy\" decoding=\"async\" width=\"929\" height=\"929\" src=\"https:\/\/inzain.bike\/wp-content\/uploads\/2023\/11\/IMG_5479.jpg\" alt=\"\" class=\"wp-image-5191\" srcset=\"https:\/\/inzain.bike\/wp-content\/uploads\/2023\/11\/IMG_5479.jpg 929w, https:\/\/inzain.bike\/wp-content\/uploads\/2023\/11\/IMG_5479-300x300.jpg 300w, https:\/\/inzain.bike\/wp-content\/uploads\/2023\/11\/IMG_5479-150x150.jpg 150w, https:\/\/inzain.bike\/wp-content\/uploads\/2023\/11\/IMG_5479-768x768.jpg 768w, https:\/\/inzain.bike\/wp-content\/uploads\/2023\/11\/IMG_5479-12x12.jpg 12w, https:\/\/inzain.bike\/wp-content\/uploads\/2023\/11\/IMG_5479-600x600.jpg 600w, https:\/\/inzain.bike\/wp-content\/uploads\/2023\/11\/IMG_5479-100x100.jpg 100w\" sizes=\"auto, (max-width: 929px) 100vw, 929px\" \/><\/figure>\n<\/div>\n\n\n\n<div class=\"wp-block-column is-layout-flow wp-block-column-is-layout-flow\">\n<p><strong>Jour trois <\/strong><\/p>\n\n\n\n<p>Apr\u00e8s un court trajet hors de la ville, nous nous dirigeons directement vers la montagne la plus escalad\u00e9e du Tour de France. Le g\u00e9ant des Pyr\u00e9n\u00e9es s&#039;\u00e9l\u00e8ve majestueusement au-dessus des autres voisins des c\u00f4t\u00e9s. M\u00eame si vous \u00eates ici pour la premi\u00e8re fois, vous ressentirez une merveilleuse sensation dans votre corps lorsque vous vous reconna\u00eetrez.<\/p>\n\n\n\n<p>\u00e0 la descente nous en profitons pour nous arr\u00eater au m\u00e9morial r\u00e9cemment \u00e9rig\u00e9 en hommage \u00e0 Eug\u00e9ne Christophe avec sa fourche cass\u00e9e \u00e0 la main. M\u00eame le Col de Peyresourde est \u00e9poustouflant par sa hauteur. La nuit se d\u00e9roule \u00e0 Luchon, o\u00f9 d&#039;innombrables arriv\u00e9es et d\u00e9parts ont eu lieu.<\/p>\n<\/div>\n<\/div>\n\n\n\n<div class=\"wp-block-columns alignwide is-layout-flex wp-container-core-columns-is-layout-28f84493 wp-block-columns-is-layout-flex\">\n<div class=\"wp-block-column is-layout-flow wp-block-column-is-layout-flow\">\n<p><strong>Jour quatre <\/strong><\/p>\n\n\n\n<p>Journ\u00e9e de repos \u00e0 Bagn\u00e8res Luchon, classique et absolument magnifique. Connue comme station thermale dont les origines remontent \u00e0 1920. Nous sommes aujourd&#039;hui au pied des Pyr\u00e9n\u00e9es centrales. Profitez-en pour essayer le t\u00e9l\u00e9ph\u00e9rique nouvellement construit jusqu&#039;au sommet au-dessus de la ville.<\/p>\n<\/div>\n\n\n\n<div class=\"wp-block-column is-layout-flow wp-block-column-is-layout-flow\">\n<figure class=\"wp-block-image size-full\"><img decoding=\"async\" src=\"https:\/\/inzain.bike\/wp-content\/uploads\/2023\/11\/IMG_8440.jpg\" alt=\"\" class=\"wp-image-5201\"\/><\/figure>\n<\/div>\n<\/div>\n\n\n\n<div class=\"wp-block-columns alignwide is-layout-flex wp-container-core-columns-is-layout-28f84493 wp-block-columns-is-layout-flex\">\n<div class=\"wp-block-column is-layout-flow wp-block-column-is-layout-flow\">\n<figure class=\"wp-block-image size-full\"><img decoding=\"async\" src=\"https:\/\/inzain.bike\/wp-content\/uploads\/2023\/11\/IMG_4522.jpg\" alt=\"\" class=\"wp-image-5204\"\/><\/figure>\n<\/div>\n\n\n\n<div class=\"wp-block-column is-layout-flow wp-block-column-is-layout-flow\">\n<p><strong>Cinqui\u00e8me jour <\/strong><\/p>\n\n\n\n<p>Nous sommes maintenant au-dessus de la limite des arbres la plupart du temps lors de notre mont\u00e9e et de notre descente des montagnes.<br>A cette couche, nos corps se sont acclimat\u00e9s et nous pouvons profiter pleinement du paysage verdoyant sur les flancs.<br>Nous passons \u00e9galement devant le lieu incroyablement beau et le m\u00e9morial d\u00e9di\u00e9 \u00e0 Fabio Cassartelli. Notre destination du jour est Saint Girons. Connu comme le point de d\u00e9part de la route de ceux qui avaient besoin de s&#039;\u00e9chapper par les montagnes vers l&#039;Espagne pendant la Seconde Guerre mondiale.\u00a0<\/p>\n<\/div>\n<\/div>\n\n\n\n<div class=\"wp-block-columns alignwide is-layout-flex wp-container-core-columns-is-layout-28f84493 wp-block-columns-is-layout-flex\">\n<div class=\"wp-block-column is-layout-flow wp-block-column-is-layout-flow\">\n<p><strong>Sixi\u00e8me jour <\/strong><\/p>\n\n\n\n<p>Encore plus d&#039;escalade fantastique et de nature au programme. Le Port de Pailh\u00e8res et le Col de Port s&#039;ajoutent \u00e0 la liste. Ce jour-l\u00e0, vous parcourrez le plus grand nombre de m\u00e8tres d&#039;altitude et atteindrez le deuxi\u00e8me point culminant du parcours \u00e0 Pailh\u00e8res.<\/p>\n\n\n\n<p>La descente \u00e0 partir de l\u00e0 est g\u00e9n\u00e9ralement la plus \u00e9tonnante et la plus captivante pour celui qui la vit. L&#039;h\u00f4tel de Gincla est \u00e9galement un favori de nombreux participants.<\/p>\n<\/div>\n\n\n\n<div class=\"wp-block-column is-layout-flow wp-block-column-is-layout-flow\">\n<figure class=\"wp-block-image size-full\"><img loading=\"lazy\" decoding=\"async\" width=\"788\" height=\"788\" src=\"https:\/\/inzain.bike\/wp-content\/uploads\/2023\/11\/IMG_7716-2.jpg\" alt=\"\" class=\"wp-image-5192\" srcset=\"https:\/\/inzain.bike\/wp-content\/uploads\/2023\/11\/IMG_7716-2.jpg 788w, https:\/\/inzain.bike\/wp-content\/uploads\/2023\/11\/IMG_7716-2-300x300.jpg 300w, https:\/\/inzain.bike\/wp-content\/uploads\/2023\/11\/IMG_7716-2-150x150.jpg 150w, https:\/\/inzain.bike\/wp-content\/uploads\/2023\/11\/IMG_7716-2-768x768.jpg 768w, https:\/\/inzain.bike\/wp-content\/uploads\/2023\/11\/IMG_7716-2-12x12.jpg 12w, https:\/\/inzain.bike\/wp-content\/uploads\/2023\/11\/IMG_7716-2-600x600.jpg 600w, https:\/\/inzain.bike\/wp-content\/uploads\/2023\/11\/IMG_7716-2-100x100.jpg 100w\" sizes=\"auto, (max-width: 788px) 100vw, 788px\" \/><\/figure>\n<\/div>\n<\/div>\n\n\n\n<div class=\"wp-block-columns alignwide is-layout-flex wp-container-core-columns-is-layout-28f84493 wp-block-columns-is-layout-flex\">\n<div class=\"wp-block-column is-layout-flow wp-block-column-is-layout-flow\">\n<figure class=\"wp-block-image size-full\"><img decoding=\"async\" src=\"https:\/\/inzain.bike\/wp-content\/uploads\/2023\/11\/IMG_5378.jpg\" alt=\"\" class=\"wp-image-5190\"\/><\/figure>\n<\/div>\n\n\n\n<div class=\"wp-block-column is-layout-flow wp-block-column-is-layout-flow\">\n<p><strong>Jour sept<\/strong><\/p>\n\n\n\n<p>Grand final!<br>Nous disons au revoir aux hautes montagnes de l\u2019ouest et commen\u00e7ons \u00e0 sentir l\u2019azur de la mer M\u00e9diterran\u00e9e \u00e0 l\u2019horizon.<\/p>\n\n\n\n<p>Notre destination Collioure sur la c\u00f4te se rapproche. Un objectif que de nombreux artistes avaient \u00e9galement, par ex. Matisse et Picasso. Mais il faut d&#039;abord r\u00e9aliser deux belles ascensions, le Col Palomere et le Col d&#039;Aussi\u00e8res.<\/p>\n\n\n\n<p>Le sentiment d&#039;atteindre enfin la mer et de savoir que vous avez travers\u00e9 toute une cha\u00eene de montagnes avec votre propre machine est \u00e9crasant.<br>Le d\u00eener du soir est toujours tr\u00e8s \u00e9mouvant et m\u00e9morable.<\/p>\n<\/div>\n<\/div>\n\n\n\n<p><br><\/p>","protected":false},"excerpt":{"rendered":"<p>Cyklingen \u00f6ver denna bergskedja \u00e4r v\u00e5r riktiga klassiker och stora m\u00e5l varje \u00e5r. F\u00f6r att beskriva turen med ett ord f\u00e5r det bli vildmark. Och det g\u00f6r detta omr\u00e5de unikt d\u00e5 det \u00e4r det enda i hela Europa som kan kalla sig det. P\u00e5 m\u00e5nga st\u00e4llen \u00e4r vi helt ensamma med v\u00e5ra cyklar och lugna [&hellip;]<\/p>\n","protected":false},"author":203917874,"featured_media":0,"parent":0,"menu_order":0,"comment_status":"closed","ping_status":"closed","template":"","meta":{"_coblocks_attr":"","_coblocks_dimensions":"","_coblocks_responsive_height":"","_coblocks_accordion_ie_support":"","footnotes":""},"class_list":["post-5066","page","type-page","status-publish","hentry"],"yoast_head":"<!-- This site is optimized with the Yoast SEO plugin v27.2 - https:\/\/yoast.com\/product\/yoast-seo-wordpress\/ -->\n<title>Pyreneerna Cykling - INZAIN Cycling EXPERIENCES<\/title>\n<meta name=\"robots\" content=\"index, follow, max-snippet:-1, max-image-preview:large, max-video-preview:-1\" \/>\n<link rel=\"canonical\" href=\"https:\/\/inzain.bike\/fr\/pyr24-cykling\/\" \/>\n<meta property=\"og:locale\" content=\"fr_FR\" \/>\n<meta property=\"og:type\" content=\"article\" \/>\n<meta property=\"og:title\" content=\"Pyreneerna Cykling - INZAIN Cycling EXPERIENCES\" \/>\n<meta property=\"og:description\" content=\"Cyklingen \u00f6ver denna bergskedja \u00e4r v\u00e5r riktiga klassiker och stora m\u00e5l varje \u00e5r. F\u00f6r att beskriva turen med ett ord f\u00e5r det bli vildmark. Och det g\u00f6r detta omr\u00e5de unikt d\u00e5 det \u00e4r det enda i hela Europa som kan kalla sig det. P\u00e5 m\u00e5nga st\u00e4llen \u00e4r vi helt ensamma med v\u00e5ra cyklar och lugna [&hellip;]\" \/>\n<meta property=\"og:url\" content=\"https:\/\/inzain.bike\/fr\/pyr24-cykling\/\" \/>\n<meta property=\"og:site_name\" content=\"INZAIN Cycling EXPERIENCES\" \/>\n<meta property=\"article:publisher\" content=\"https:\/\/www.facebook.com\/Inzain.bike\" \/>\n<meta property=\"article:modified_time\" content=\"2023-11-21T17:36:06+00:00\" \/>\n<meta property=\"og:image\" content=\"https:\/\/inzain.bike\/wp-content\/uploads\/2023\/11\/IMG_9915.jpg\" \/>\n<meta name=\"twitter:card\" content=\"summary_large_image\" \/>\n<meta name=\"twitter:label1\" content=\"Dur\u00e9e de lecture estim\u00e9e\" \/>\n\t<meta name=\"twitter:data1\" content=\"5 minutes\" \/>\n<script type=\"application\/ld+json\" class=\"yoast-schema-graph\">{\"@context\":\"https:\/\/schema.org\",\"@graph\":[{\"@type\":\"WebPage\",\"@id\":\"https:\/\/inzain.bike\/nb\/pyr24-cykling\/\",\"url\":\"https:\/\/inzain.bike\/nb\/pyr24-cykling\/\",\"name\":\"Pyreneerna Cykling - INZAIN Cycling EXPERIENCES\",\"isPartOf\":{\"@id\":\"https:\/\/inzain.bike\/fr_be\/#website\"},\"primaryImageOfPage\":{\"@id\":\"https:\/\/inzain.bike\/nb\/pyr24-cykling\/#primaryimage\"},\"image\":{\"@id\":\"https:\/\/inzain.bike\/nb\/pyr24-cykling\/#primaryimage\"},\"thumbnailUrl\":\"https:\/\/inzain.bike\/wp-content\/uploads\/2023\/11\/IMG_9915.jpg\",\"datePublished\":\"2023-11-21T17:36:03+00:00\",\"dateModified\":\"2023-11-21T17:36:06+00:00\",\"breadcrumb\":{\"@id\":\"https:\/\/inzain.bike\/nb\/pyr24-cykling\/#breadcrumb\"},\"inLanguage\":\"fr-FR\",\"potentialAction\":[{\"@type\":\"ReadAction\",\"target\":[\"https:\/\/inzain.bike\/nb\/pyr24-cykling\/\"]}]},{\"@type\":\"ImageObject\",\"inLanguage\":\"fr-FR\",\"@id\":\"https:\/\/inzain.bike\/nb\/pyr24-cykling\/#primaryimage\",\"url\":\"https:\/\/inzain.bike\/wp-content\/uploads\/2023\/11\/IMG_9915.jpg\",\"contentUrl\":\"https:\/\/inzain.bike\/wp-content\/uploads\/2023\/11\/IMG_9915.jpg\"},{\"@type\":\"BreadcrumbList\",\"@id\":\"https:\/\/inzain.bike\/nb\/pyr24-cykling\/#breadcrumb\",\"itemListElement\":[{\"@type\":\"ListItem\",\"position\":1,\"name\":\"Hem\",\"item\":\"https:\/\/inzain.bike\/fr_be\/\"},{\"@type\":\"ListItem\",\"position\":2,\"name\":\"Pyreneerna Cykling\"}]},{\"@type\":\"WebSite\",\"@id\":\"https:\/\/inzain.bike\/fr_be\/#website\",\"url\":\"https:\/\/inzain.bike\/fr_be\/\",\"name\":\"INZAIN Cycling EXPERIENCES\",\"description\":\"Cyckling Adventures  - for everyone\",\"publisher\":{\"@id\":\"https:\/\/inzain.bike\/fr_be\/#organization\"},\"alternateName\":\"INZAIN Gravel & Travel\",\"potentialAction\":[{\"@type\":\"SearchAction\",\"target\":{\"@type\":\"EntryPoint\",\"urlTemplate\":\"https:\/\/inzain.bike\/fr_be\/?s={search_term_string}\"},\"query-input\":{\"@type\":\"PropertyValueSpecification\",\"valueRequired\":true,\"valueName\":\"search_term_string\"}}],\"inLanguage\":\"fr-FR\"},{\"@type\":\"Organization\",\"@id\":\"https:\/\/inzain.bike\/fr_be\/#organization\",\"name\":\"INZAIN Cycling EXPERIENCES\",\"url\":\"https:\/\/inzain.bike\/fr_be\/\",\"logo\":{\"@type\":\"ImageObject\",\"inLanguage\":\"fr-FR\",\"@id\":\"https:\/\/inzain.bike\/fr_be\/#\/schema\/logo\/image\/\",\"url\":\"https:\/\/i0.wp.com\/inzain.bike\/wp-content\/uploads\/2023\/09\/cropped-INZAIN_512x512_white.png?fit=512%2C512&ssl=1\",\"contentUrl\":\"https:\/\/i0.wp.com\/inzain.bike\/wp-content\/uploads\/2023\/09\/cropped-INZAIN_512x512_white.png?fit=512%2C512&ssl=1\",\"width\":512,\"height\":512,\"caption\":\"INZAIN Cycling EXPERIENCES\"},\"image\":{\"@id\":\"https:\/\/inzain.bike\/fr_be\/#\/schema\/logo\/image\/\"},\"sameAs\":[\"https:\/\/www.facebook.com\/Inzain.bike\",\"https:\/\/www.instagram.com\/inzainbike\"]}]}<\/script>\n<!-- \/ Yoast SEO plugin. -->","yoast_head_json":{"title":"Pyr\u00e9n\u00e9es \u00e0 v\u00e9lo - INZAIN Cycling EXPERIENCES","robots":{"index":"index","follow":"follow","max-snippet":"max-snippet:-1","max-image-preview":"max-image-preview:large","max-video-preview":"max-video-preview:-1"},"canonical":"https:\/\/inzain.bike\/fr\/pyr24-cykling\/","og_locale":"fr_FR","og_type":"article","og_title":"Pyreneerna Cykling - INZAIN Cycling EXPERIENCES","og_description":"Cyklingen \u00f6ver denna bergskedja \u00e4r v\u00e5r riktiga klassiker och stora m\u00e5l varje \u00e5r. F\u00f6r att beskriva turen med ett ord f\u00e5r det bli vildmark. Och det g\u00f6r detta omr\u00e5de unikt d\u00e5 det \u00e4r det enda i hela Europa som kan kalla sig det. P\u00e5 m\u00e5nga st\u00e4llen \u00e4r vi helt ensamma med v\u00e5ra cyklar och lugna [&hellip;]","og_url":"https:\/\/inzain.bike\/fr\/pyr24-cykling\/","og_site_name":"INZAIN Cycling EXPERIENCES","article_publisher":"https:\/\/www.facebook.com\/Inzain.bike","article_modified_time":"2023-11-21T17:36:06+00:00","og_image":[{"url":"https:\/\/inzain.bike\/wp-content\/uploads\/2023\/11\/IMG_9915.jpg","type":"","width":"","height":""}],"twitter_card":"summary_large_image","twitter_misc":{"Dur\u00e9e de lecture estim\u00e9e":"5 minutes"},"schema":{"@context":"https:\/\/schema.org","@graph":[{"@type":"WebPage","@id":"https:\/\/inzain.bike\/nb\/pyr24-cykling\/","url":"https:\/\/inzain.bike\/nb\/pyr24-cykling\/","name":"Pyr\u00e9n\u00e9es \u00e0 v\u00e9lo - INZAIN Cycling EXPERIENCES","isPartOf":{"@id":"https:\/\/inzain.bike\/fr_be\/#website"},"primaryImageOfPage":{"@id":"https:\/\/inzain.bike\/nb\/pyr24-cykling\/#primaryimage"},"image":{"@id":"https:\/\/inzain.bike\/nb\/pyr24-cykling\/#primaryimage"},"thumbnailUrl":"https:\/\/inzain.bike\/wp-content\/uploads\/2023\/11\/IMG_9915.jpg","datePublished":"2023-11-21T17:36:03+00:00","dateModified":"2023-11-21T17:36:06+00:00","breadcrumb":{"@id":"https:\/\/inzain.bike\/nb\/pyr24-cykling\/#breadcrumb"},"inLanguage":"fr-FR","potentialAction":[{"@type":"ReadAction","target":["https:\/\/inzain.bike\/nb\/pyr24-cykling\/"]}]},{"@type":"ImageObject","inLanguage":"fr-FR","@id":"https:\/\/inzain.bike\/nb\/pyr24-cykling\/#primaryimage","url":"https:\/\/inzain.bike\/wp-content\/uploads\/2023\/11\/IMG_9915.jpg","contentUrl":"https:\/\/inzain.bike\/wp-content\/uploads\/2023\/11\/IMG_9915.jpg"},{"@type":"BreadcrumbList","@id":"https:\/\/inzain.bike\/nb\/pyr24-cykling\/#breadcrumb","itemListElement":[{"@type":"ListItem","position":1,"name":"Hem","item":"https:\/\/inzain.bike\/fr_be\/"},{"@type":"ListItem","position":2,"name":"Pyreneerna Cykling"}]},{"@type":"WebSite","@id":"https:\/\/inzain.bike\/fr_be\/#website","url":"https:\/\/inzain.bike\/fr_be\/","name":"EXP\u00c9RIENCES Cyclistes INZAIN","description":"Aventures \u00e0 v\u00e9lo - pour tous","publisher":{"@id":"https:\/\/inzain.bike\/fr_be\/#organization"},"alternateName":"INZAIN Gravel & Travel","potentialAction":[{"@type":"SearchAction","target":{"@type":"EntryPoint","urlTemplate":"https:\/\/inzain.bike\/fr_be\/?s={search_term_string}"},"query-input":{"@type":"PropertyValueSpecification","valueRequired":true,"valueName":"search_term_string"}}],"inLanguage":"fr-FR"},{"@type":"Organization","@id":"https:\/\/inzain.bike\/fr_be\/#organization","name":"EXP\u00c9RIENCES Cyclistes INZAIN","url":"https:\/\/inzain.bike\/fr_be\/","logo":{"@type":"ImageObject","inLanguage":"fr-FR","@id":"https:\/\/inzain.bike\/fr_be\/#\/schema\/logo\/image\/","url":"https:\/\/i0.wp.com\/inzain.bike\/wp-content\/uploads\/2023\/09\/cropped-INZAIN_512x512_white.png?fit=512%2C512&ssl=1","contentUrl":"https:\/\/i0.wp.com\/inzain.bike\/wp-content\/uploads\/2023\/09\/cropped-INZAIN_512x512_white.png?fit=512%2C512&ssl=1","width":512,"height":512,"caption":"INZAIN Cycling EXPERIENCES"},"image":{"@id":"https:\/\/inzain.bike\/fr_be\/#\/schema\/logo\/image\/"},"sameAs":["https:\/\/www.facebook.com\/Inzain.bike","https:\/\/www.instagram.com\/inzainbike"]}]}},"amp_enabled":true,"_links":{"self":[{"href":"https:\/\/inzain.bike\/fr\/wp-json\/wp\/v2\/pages\/5066","targetHints":{"allow":["GET"]}}],"collection":[{"href":"https:\/\/inzain.bike\/fr\/wp-json\/wp\/v2\/pages"}],"about":[{"href":"https:\/\/inzain.bike\/fr\/wp-json\/wp\/v2\/types\/page"}],"author":[{"embeddable":true,"href":"https:\/\/inzain.bike\/fr\/wp-json\/wp\/v2\/users\/203917874"}],"replies":[{"embeddable":true,"href":"https:\/\/inzain.bike\/fr\/wp-json\/wp\/v2\/comments?post=5066"}],"version-history":[{"count":0,"href":"https:\/\/inzain.bike\/fr\/wp-json\/wp\/v2\/pages\/5066\/revisions"}],"wp:attachment":[{"href":"https:\/\/inzain.bike\/fr\/wp-json\/wp\/v2\/media?parent=5066"}],"curies":[{"name":"wp","href":"https:\/\/api.w.org\/{rel}","templated":true}]}}