{"id":5232,"date":"2023-11-15T15:38:13","date_gmt":"2023-11-15T14:38:13","guid":{"rendered":"https:\/\/inzain.bike\/?page_id=5232"},"modified":"2023-11-15T15:53:37","modified_gmt":"2023-11-15T14:53:37","slug":"om-aland","status":"publish","type":"page","link":"https:\/\/inzain.bike\/fr\/om-aland\/","title":{"rendered":"\u00c0 propos d\u2019\u00c5land"},"content":{"rendered":"<div class=\"wp-block-columns alignwide is-layout-flex wp-container-core-columns-is-layout-28f84493 wp-block-columns-is-layout-flex\">\n<div class=\"wp-block-column is-layout-flow wp-block-column-is-layout-flow\">\n<figure class=\"wp-block-image size-full\"><img loading=\"lazy\" decoding=\"async\" width=\"640\" height=\"425\" src=\"https:\/\/inzain.bike\/wp-content\/uploads\/2023\/11\/Aland.jpg\" alt=\"\" class=\"wp-image-5230\" srcset=\"https:\/\/inzain.bike\/wp-content\/uploads\/2023\/11\/Aland.jpg 640w, https:\/\/inzain.bike\/wp-content\/uploads\/2023\/11\/Aland-300x199.jpg 300w, https:\/\/inzain.bike\/wp-content\/uploads\/2023\/11\/Aland-18x12.jpg 18w, https:\/\/inzain.bike\/wp-content\/uploads\/2023\/11\/Aland-600x398.jpg 600w\" sizes=\"auto, (max-width: 640px) 100vw, 640px\" \/><\/figure>\n\n\n\n<p>\u00c0 \u00c5land, vous trouverez le plus bel archipel du monde et une nature intacte. Ici, vous pourrez profiter d\u2019une vie o\u00f9 r\u00e8gne le temps insulaire. La proximit\u00e9 de tout vous permet de gagner plus de temps pour vivre. Vous avez 10 minutes pour la carri\u00e8re. A 10 minutes de la maternelle et de l&#039;\u00e9cole. A 10 minutes des loisirs et activit\u00e9s.<\/p>\n\n\n\n<h2 class=\"wp-block-heading\">Au milieu des pays nordiques<\/h2>\n\n\n\n<p>\u00c5land appartient \u00e0 la Finlande, mais la proximit\u00e9 avec la Su\u00e8de est \u00e9vidente dans la culture et les habitudes. Les plats nordiques classiques tels que les boulettes de viande, par exemple, ont un c\u00f4t\u00e9 aussi \u00c5landais que su\u00e9dois. Les Alandais parlent \u00e9galement su\u00e9dois et aiment regarder la t\u00e9l\u00e9vision su\u00e9doise.<\/p>\n\n\n\n<h2 class=\"wp-block-heading\">Archipel, campagne et beaucoup de soleil<\/h2>\n\n\n\n<p>L&#039;environnement est vari\u00e9, depuis les falaises escarp\u00e9es de l&#039;archipel ext\u00e9rieur jusqu&#039;aux for\u00eats et paysages agricoles fertiles du massif d&#039;\u00c5land.<\/p>\n\n\n\n<p>Le climat est typiquement maritime avec des hivers relativement doux, des printemps frais, des \u00e9t\u00e9s normaux et des automnes l\u00e9g\u00e8rement plus chauds. L&#039;\u00eele b\u00e9n\u00e9ficie du plus grand nombre d&#039;heures d&#039;ensoleillement des pays nordiques pendant les six mois d&#039;\u00e9t\u00e9.<\/p>\n\n\n\n<h2 class=\"wp-block-heading\">R\u00e9seau routier avec routes rouges, ponts et car-ferries<\/h2>\n\n\n\n<p>Les routes de campagne sont rouges, la couleur vient du granit rouge de la roche. Il n&#039;y a pas de train ni de m\u00e9tro ici, mais l\u00e0 o\u00f9 s&#039;arr\u00eatent les routes, vous pouvez continuer votre voyage en car-ferry vers les \u00eeles de l&#039;archipel.<\/p>\n\n\n\n<p>L&#039;histoire d&#039;\u00c5land a alors commenc\u00e9 avec la superficie qui forme aujourd&#039;hui&nbsp;<a href=\"https:\/\/sv.wikipedia.org\/wiki\/%C3%85land\">Un terrain<\/a>&nbsp;peupl\u00e9 vers 4200 avant JC \u00c5land a \u00e9t\u00e9 christianis\u00e9e au d\u00e9but du XIe si\u00e8cle. \u00c5land faisait partie de&nbsp;<a href=\"https:\/\/sv.wikipedia.org\/wiki\/Sverige\">Su\u00e8de<\/a>jusqu&#039;en 1809 puis&nbsp;<a href=\"https:\/\/sv.wikipedia.org\/wiki\/Finland\">Finlande<\/a>&nbsp;y compris \u00c5land i&nbsp;<a href=\"https:\/\/sv.wikipedia.org\/wiki\/Freden_i_Fredrikshamn\">Paix \u00e0 Fredrikshamn<\/a>&nbsp;tomba aux mains de la Russie. <\/p>\n\n\n\n<p>Pendant la p\u00e9riode russe, 1809-1917, a \u00e9t\u00e9 construit&nbsp;<a href=\"https:\/\/sv.wikipedia.org\/wiki\/Bomarsunds_f%C3%A4stning\">La forteresse de Bomarsund<\/a>&nbsp;et&nbsp;<a href=\"https:\/\/sv.wikipedia.org\/wiki\/Mariehamn\">Mariehamn<\/a>&nbsp;A \u00e9t\u00e9 trouv\u00e9. Apr\u00e8s&nbsp;<a href=\"https:\/\/sv.wikipedia.org\/wiki\/Finlands_sj%C3%A4lvst%C3%A4ndighet\">La Finlande a d\u00e9clar\u00e9 son ind\u00e9pendance<\/a>&nbsp;voulait que les \u00c5landers soient r\u00e9unis \u00e0 la Su\u00e8de. Au lieu de cela, \u00c5land a obtenu&nbsp;<a href=\"https:\/\/sv.wikipedia.org\/wiki\/%C3%85lands_sj%C3%A4lvstyrelse\">autonomie<\/a>&nbsp;1922 apr\u00e8s intervention de la Soci\u00e9t\u00e9 des Nations. Le paysage autonome a b\u00e9n\u00e9fici\u00e9 d\u2019une autonomie \u00e9tendue de 1922 \u00e0 aujourd\u2019hui.<\/p>\n<\/div>\n<\/div>","protected":false},"excerpt":{"rendered":"<p>P\u00e5 \u00c5land hittar du v\u00e4rldens vackraste sk\u00e4rg\u00e5rd och m\u00e4ngder av or\u00f6rd natur. H\u00e4r kan du njuta av ett liv d\u00e4r \u00f6-tiden styr. N\u00e4rheten till allt betyder att du f\u00e5r mer tid till livet. Du har 10 minuter till karri\u00e4ren. 10 minuter till dagis och skola. 10 minuter till fritid och aktiviteter. Mitt i Norden \u00c5land [&hellip;]<\/p>\n","protected":false},"author":135133094,"featured_media":0,"parent":0,"menu_order":0,"comment_status":"closed","ping_status":"closed","template":"","meta":{"_coblocks_attr":"","_coblocks_dimensions":"","_coblocks_responsive_height":"","_coblocks_accordion_ie_support":"","footnotes":""},"class_list":["post-5232","page","type-page","status-publish","hentry"],"yoast_head":"<!-- This site is optimized with the Yoast SEO plugin v27.2 - https:\/\/yoast.com\/product\/yoast-seo-wordpress\/ -->\n<title>Om \u00c5land - INZAIN Cycling EXPERIENCES<\/title>\n<meta name=\"robots\" content=\"index, follow, max-snippet:-1, max-image-preview:large, max-video-preview:-1\" \/>\n<link rel=\"canonical\" href=\"https:\/\/inzain.bike\/fr\/om-aland\/\" \/>\n<meta property=\"og:locale\" content=\"fr_FR\" \/>\n<meta property=\"og:type\" content=\"article\" \/>\n<meta property=\"og:title\" content=\"Om \u00c5land - INZAIN Cycling EXPERIENCES\" \/>\n<meta property=\"og:description\" content=\"P\u00e5 \u00c5land hittar du v\u00e4rldens vackraste sk\u00e4rg\u00e5rd och m\u00e4ngder av or\u00f6rd natur. H\u00e4r kan du njuta av ett liv d\u00e4r \u00f6-tiden styr. N\u00e4rheten till allt betyder att du f\u00e5r mer tid till livet. Du har 10 minuter till karri\u00e4ren. 10 minuter till dagis och skola. 10 minuter till fritid och aktiviteter. Mitt i Norden \u00c5land [&hellip;]\" \/>\n<meta property=\"og:url\" content=\"https:\/\/inzain.bike\/fr\/om-aland\/\" \/>\n<meta property=\"og:site_name\" content=\"INZAIN Cycling EXPERIENCES\" \/>\n<meta property=\"article:publisher\" content=\"https:\/\/www.facebook.com\/Inzain.bike\" \/>\n<meta property=\"article:modified_time\" content=\"2023-11-15T14:53:37+00:00\" \/>\n<meta property=\"og:image\" content=\"https:\/\/inzain.bike\/wp-content\/uploads\/2023\/11\/Aland.jpg\" \/>\n<meta name=\"twitter:card\" content=\"summary_large_image\" \/>\n<meta name=\"twitter:label1\" content=\"Dur\u00e9e de lecture estim\u00e9e\" \/>\n\t<meta name=\"twitter:data1\" content=\"2 minutes\" \/>\n<script type=\"application\/ld+json\" class=\"yoast-schema-graph\">{\"@context\":\"https:\/\/schema.org\",\"@graph\":[{\"@type\":\"WebPage\",\"@id\":\"https:\/\/inzain.bike\/en_gb\/om-aland\/\",\"url\":\"https:\/\/inzain.bike\/en_gb\/om-aland\/\",\"name\":\"Om \u00c5land - INZAIN Cycling EXPERIENCES\",\"isPartOf\":{\"@id\":\"https:\/\/inzain.bike\/fr_be\/#website\"},\"primaryImageOfPage\":{\"@id\":\"https:\/\/inzain.bike\/en_gb\/om-aland\/#primaryimage\"},\"image\":{\"@id\":\"https:\/\/inzain.bike\/en_gb\/om-aland\/#primaryimage\"},\"thumbnailUrl\":\"https:\/\/inzain.bike\/wp-content\/uploads\/2023\/11\/Aland.jpg\",\"datePublished\":\"2023-11-15T14:38:13+00:00\",\"dateModified\":\"2023-11-15T14:53:37+00:00\",\"breadcrumb\":{\"@id\":\"https:\/\/inzain.bike\/en_gb\/om-aland\/#breadcrumb\"},\"inLanguage\":\"fr-FR\",\"potentialAction\":[{\"@type\":\"ReadAction\",\"target\":[\"https:\/\/inzain.bike\/en_gb\/om-aland\/\"]}]},{\"@type\":\"ImageObject\",\"inLanguage\":\"fr-FR\",\"@id\":\"https:\/\/inzain.bike\/en_gb\/om-aland\/#primaryimage\",\"url\":\"https:\/\/inzain.bike\/wp-content\/uploads\/2023\/11\/Aland.jpg\",\"contentUrl\":\"https:\/\/inzain.bike\/wp-content\/uploads\/2023\/11\/Aland.jpg\"},{\"@type\":\"BreadcrumbList\",\"@id\":\"https:\/\/inzain.bike\/en_gb\/om-aland\/#breadcrumb\",\"itemListElement\":[{\"@type\":\"ListItem\",\"position\":1,\"name\":\"Hem\",\"item\":\"https:\/\/inzain.bike\/fr_be\/\"},{\"@type\":\"ListItem\",\"position\":2,\"name\":\"Om \u00c5land\"}]},{\"@type\":\"WebSite\",\"@id\":\"https:\/\/inzain.bike\/fr_be\/#website\",\"url\":\"https:\/\/inzain.bike\/fr_be\/\",\"name\":\"INZAIN Cycling EXPERIENCES\",\"description\":\"Cyckling Adventures  - for everyone\",\"publisher\":{\"@id\":\"https:\/\/inzain.bike\/fr_be\/#organization\"},\"alternateName\":\"INZAIN Gravel & Travel\",\"potentialAction\":[{\"@type\":\"SearchAction\",\"target\":{\"@type\":\"EntryPoint\",\"urlTemplate\":\"https:\/\/inzain.bike\/fr_be\/?s={search_term_string}\"},\"query-input\":{\"@type\":\"PropertyValueSpecification\",\"valueRequired\":true,\"valueName\":\"search_term_string\"}}],\"inLanguage\":\"fr-FR\"},{\"@type\":\"Organization\",\"@id\":\"https:\/\/inzain.bike\/fr_be\/#organization\",\"name\":\"INZAIN Cycling EXPERIENCES\",\"url\":\"https:\/\/inzain.bike\/fr_be\/\",\"logo\":{\"@type\":\"ImageObject\",\"inLanguage\":\"fr-FR\",\"@id\":\"https:\/\/inzain.bike\/fr_be\/#\/schema\/logo\/image\/\",\"url\":\"https:\/\/i0.wp.com\/inzain.bike\/wp-content\/uploads\/2023\/09\/cropped-INZAIN_512x512_white.png?fit=512%2C512&ssl=1\",\"contentUrl\":\"https:\/\/i0.wp.com\/inzain.bike\/wp-content\/uploads\/2023\/09\/cropped-INZAIN_512x512_white.png?fit=512%2C512&ssl=1\",\"width\":512,\"height\":512,\"caption\":\"INZAIN Cycling EXPERIENCES\"},\"image\":{\"@id\":\"https:\/\/inzain.bike\/fr_be\/#\/schema\/logo\/image\/\"},\"sameAs\":[\"https:\/\/www.facebook.com\/Inzain.bike\",\"https:\/\/www.instagram.com\/inzainbike\"]}]}<\/script>\n<!-- \/ Yoast SEO plugin. -->","yoast_head_json":{"title":"\u00c0 propos d&#039;\u00c5land - INZAIN Cycling EXPERIENCES","robots":{"index":"index","follow":"follow","max-snippet":"max-snippet:-1","max-image-preview":"max-image-preview:large","max-video-preview":"max-video-preview:-1"},"canonical":"https:\/\/inzain.bike\/fr\/om-aland\/","og_locale":"fr_FR","og_type":"article","og_title":"Om \u00c5land - INZAIN Cycling EXPERIENCES","og_description":"P\u00e5 \u00c5land hittar du v\u00e4rldens vackraste sk\u00e4rg\u00e5rd och m\u00e4ngder av or\u00f6rd natur. H\u00e4r kan du njuta av ett liv d\u00e4r \u00f6-tiden styr. N\u00e4rheten till allt betyder att du f\u00e5r mer tid till livet. Du har 10 minuter till karri\u00e4ren. 10 minuter till dagis och skola. 10 minuter till fritid och aktiviteter. Mitt i Norden \u00c5land [&hellip;]","og_url":"https:\/\/inzain.bike\/fr\/om-aland\/","og_site_name":"INZAIN Cycling EXPERIENCES","article_publisher":"https:\/\/www.facebook.com\/Inzain.bike","article_modified_time":"2023-11-15T14:53:37+00:00","og_image":[{"url":"https:\/\/inzain.bike\/wp-content\/uploads\/2023\/11\/Aland.jpg","type":"","width":"","height":""}],"twitter_card":"summary_large_image","twitter_misc":{"Dur\u00e9e de lecture estim\u00e9e":"2 minutes"},"schema":{"@context":"https:\/\/schema.org","@graph":[{"@type":"WebPage","@id":"https:\/\/inzain.bike\/en_gb\/om-aland\/","url":"https:\/\/inzain.bike\/en_gb\/om-aland\/","name":"\u00c0 propos d&#039;\u00c5land - INZAIN Cycling EXPERIENCES","isPartOf":{"@id":"https:\/\/inzain.bike\/fr_be\/#website"},"primaryImageOfPage":{"@id":"https:\/\/inzain.bike\/en_gb\/om-aland\/#primaryimage"},"image":{"@id":"https:\/\/inzain.bike\/en_gb\/om-aland\/#primaryimage"},"thumbnailUrl":"https:\/\/inzain.bike\/wp-content\/uploads\/2023\/11\/Aland.jpg","datePublished":"2023-11-15T14:38:13+00:00","dateModified":"2023-11-15T14:53:37+00:00","breadcrumb":{"@id":"https:\/\/inzain.bike\/en_gb\/om-aland\/#breadcrumb"},"inLanguage":"fr-FR","potentialAction":[{"@type":"ReadAction","target":["https:\/\/inzain.bike\/en_gb\/om-aland\/"]}]},{"@type":"ImageObject","inLanguage":"fr-FR","@id":"https:\/\/inzain.bike\/en_gb\/om-aland\/#primaryimage","url":"https:\/\/inzain.bike\/wp-content\/uploads\/2023\/11\/Aland.jpg","contentUrl":"https:\/\/inzain.bike\/wp-content\/uploads\/2023\/11\/Aland.jpg"},{"@type":"BreadcrumbList","@id":"https:\/\/inzain.bike\/en_gb\/om-aland\/#breadcrumb","itemListElement":[{"@type":"ListItem","position":1,"name":"Hem","item":"https:\/\/inzain.bike\/fr_be\/"},{"@type":"ListItem","position":2,"name":"Om \u00c5land"}]},{"@type":"WebSite","@id":"https:\/\/inzain.bike\/fr_be\/#website","url":"https:\/\/inzain.bike\/fr_be\/","name":"EXP\u00c9RIENCES Cyclistes INZAIN","description":"Aventures \u00e0 v\u00e9lo - pour tous","publisher":{"@id":"https:\/\/inzain.bike\/fr_be\/#organization"},"alternateName":"INZAIN Gravel & Travel","potentialAction":[{"@type":"SearchAction","target":{"@type":"EntryPoint","urlTemplate":"https:\/\/inzain.bike\/fr_be\/?s={search_term_string}"},"query-input":{"@type":"PropertyValueSpecification","valueRequired":true,"valueName":"search_term_string"}}],"inLanguage":"fr-FR"},{"@type":"Organization","@id":"https:\/\/inzain.bike\/fr_be\/#organization","name":"EXP\u00c9RIENCES Cyclistes INZAIN","url":"https:\/\/inzain.bike\/fr_be\/","logo":{"@type":"ImageObject","inLanguage":"fr-FR","@id":"https:\/\/inzain.bike\/fr_be\/#\/schema\/logo\/image\/","url":"https:\/\/i0.wp.com\/inzain.bike\/wp-content\/uploads\/2023\/09\/cropped-INZAIN_512x512_white.png?fit=512%2C512&ssl=1","contentUrl":"https:\/\/i0.wp.com\/inzain.bike\/wp-content\/uploads\/2023\/09\/cropped-INZAIN_512x512_white.png?fit=512%2C512&ssl=1","width":512,"height":512,"caption":"INZAIN Cycling EXPERIENCES"},"image":{"@id":"https:\/\/inzain.bike\/fr_be\/#\/schema\/logo\/image\/"},"sameAs":["https:\/\/www.facebook.com\/Inzain.bike","https:\/\/www.instagram.com\/inzainbike"]}]}},"amp_enabled":true,"_links":{"self":[{"href":"https:\/\/inzain.bike\/fr\/wp-json\/wp\/v2\/pages\/5232","targetHints":{"allow":["GET"]}}],"collection":[{"href":"https:\/\/inzain.bike\/fr\/wp-json\/wp\/v2\/pages"}],"about":[{"href":"https:\/\/inzain.bike\/fr\/wp-json\/wp\/v2\/types\/page"}],"author":[{"embeddable":true,"href":"https:\/\/inzain.bike\/fr\/wp-json\/wp\/v2\/users\/135133094"}],"replies":[{"embeddable":true,"href":"https:\/\/inzain.bike\/fr\/wp-json\/wp\/v2\/comments?post=5232"}],"version-history":[{"count":0,"href":"https:\/\/inzain.bike\/fr\/wp-json\/wp\/v2\/pages\/5232\/revisions"}],"wp:attachment":[{"href":"https:\/\/inzain.bike\/fr\/wp-json\/wp\/v2\/media?parent=5232"}],"curies":[{"name":"wp","href":"https:\/\/api.w.org\/{rel}","templated":true}]}}