{"id":5559,"date":"2023-11-20T15:35:24","date_gmt":"2023-11-20T14:35:24","guid":{"rendered":"https:\/\/inzain.bike\/?page_id=5559"},"modified":"2026-01-31T15:05:30","modified_gmt":"2026-01-31T14:05:30","slug":"tus26-accomodation","status":"publish","type":"page","link":"https:\/\/inzain.bike\/fr\/tus26-accomodation\/","title":{"rendered":"H\u00e9bergement en Toscane 2026"},"content":{"rendered":"<div class=\"wp-block-columns alignwide is-layout-flex wp-container-core-columns-is-layout-28f84493 wp-block-columns-is-layout-flex\">\n<div class=\"wp-block-column is-layout-flow wp-block-column-is-layout-flow\">\n<figure class=\"wp-block-image alignright size-large\"><img loading=\"lazy\" decoding=\"async\" width=\"1024\" height=\"576\" src=\"https:\/\/inzain.bike\/wp-content\/uploads\/2023\/11\/DJI_0490-1024x576.jpg\" alt=\"\" class=\"wp-image-5565\" srcset=\"https:\/\/inzain.bike\/wp-content\/uploads\/2023\/11\/DJI_0490-1024x576.jpg 1024w, https:\/\/inzain.bike\/wp-content\/uploads\/2023\/11\/DJI_0490-300x169.jpg 300w, https:\/\/inzain.bike\/wp-content\/uploads\/2023\/11\/DJI_0490-768x432.jpg 768w, https:\/\/inzain.bike\/wp-content\/uploads\/2023\/11\/DJI_0490-1536x864.jpg 1536w, https:\/\/inzain.bike\/wp-content\/uploads\/2023\/11\/DJI_0490-2048x1152.jpg 2048w, https:\/\/inzain.bike\/wp-content\/uploads\/2023\/11\/DJI_0490-18x10.jpg 18w, https:\/\/inzain.bike\/wp-content\/uploads\/2023\/11\/DJI_0490-1320x743.jpg 1320w, https:\/\/inzain.bike\/wp-content\/uploads\/2023\/11\/DJI_0490-600x338.jpg 600w\" sizes=\"auto, (max-width: 1024px) 100vw, 1024px\" \/><\/figure>\n<\/div>\n<\/div>\n\n\n\n<div class=\"wp-block-columns alignwide is-layout-flex wp-container-core-columns-is-layout-28f84493 wp-block-columns-is-layout-flex\">\n<div class=\"wp-block-column is-layout-flow wp-block-column-is-layout-flow\">\n<p class=\"has-roboto-font-family has-custom-font\" style=\"font-family: Roboto;\">Nous commen\u00e7ons le s\u00e9jour dans un vignoble juste \u00e0 c\u00f4t\u00e9 de Sienne. Il est situ\u00e9 directement sur des chemins de terre et offre confort, belles vues, piscine, restaurant et plus encore.<br \/><br \/><\/p>\n\n\n\n<figure class=\"wp-block-image size-large\"><img loading=\"lazy\" decoding=\"async\" width=\"1024\" height=\"631\" src=\"https:\/\/inzain.bike\/wp-content\/uploads\/2023\/11\/387209101_17999854190281218_7991280427908740254_n-1024x631.jpg\" alt=\"\" class=\"wp-image-5566\" srcset=\"https:\/\/inzain.bike\/wp-content\/uploads\/2023\/11\/387209101_17999854190281218_7991280427908740254_n-1024x631.jpg 1024w, https:\/\/inzain.bike\/wp-content\/uploads\/2023\/11\/387209101_17999854190281218_7991280427908740254_n-300x185.jpg 300w, https:\/\/inzain.bike\/wp-content\/uploads\/2023\/11\/387209101_17999854190281218_7991280427908740254_n-768x473.jpg 768w, https:\/\/inzain.bike\/wp-content\/uploads\/2023\/11\/387209101_17999854190281218_7991280427908740254_n-18x12.jpg 18w, https:\/\/inzain.bike\/wp-content\/uploads\/2023\/11\/387209101_17999854190281218_7991280427908740254_n-1320x813.jpg 1320w, https:\/\/inzain.bike\/wp-content\/uploads\/2023\/11\/387209101_17999854190281218_7991280427908740254_n-600x370.jpg 600w, https:\/\/inzain.bike\/wp-content\/uploads\/2023\/11\/387209101_17999854190281218_7991280427908740254_n.jpg 1440w\" sizes=\"auto, (max-width: 1024px) 100vw, 1024px\" \/><\/figure>\n\n\n\n<div class=\"wp-block-columns is-layout-flex wp-container-core-columns-is-layout-28f84493 wp-block-columns-is-layout-flex\">\n<div class=\"wp-block-column is-layout-flow wp-block-column-is-layout-flow\">\n<p><\/p>\n<\/div>\n\n\n\n<div class=\"wp-block-column is-layout-flow wp-block-column-is-layout-flow\"><\/div>\n<\/div>\n\n\n\n<figure class=\"wp-block-image size-large\"><img loading=\"lazy\" decoding=\"async\" width=\"1024\" height=\"631\" src=\"https:\/\/inzain.bike\/wp-content\/uploads\/2023\/11\/387762570_17999854178281218_7205207009098894578_n-1-1024x631.jpg\" alt=\"\" class=\"wp-image-5567\" srcset=\"https:\/\/inzain.bike\/wp-content\/uploads\/2023\/11\/387762570_17999854178281218_7205207009098894578_n-1-1024x631.jpg 1024w, https:\/\/inzain.bike\/wp-content\/uploads\/2023\/11\/387762570_17999854178281218_7205207009098894578_n-1-300x185.jpg 300w, https:\/\/inzain.bike\/wp-content\/uploads\/2023\/11\/387762570_17999854178281218_7205207009098894578_n-1-768x473.jpg 768w, https:\/\/inzain.bike\/wp-content\/uploads\/2023\/11\/387762570_17999854178281218_7205207009098894578_n-1-18x12.jpg 18w, https:\/\/inzain.bike\/wp-content\/uploads\/2023\/11\/387762570_17999854178281218_7205207009098894578_n-1-1320x813.jpg 1320w, https:\/\/inzain.bike\/wp-content\/uploads\/2023\/11\/387762570_17999854178281218_7205207009098894578_n-1-600x370.jpg 600w, https:\/\/inzain.bike\/wp-content\/uploads\/2023\/11\/387762570_17999854178281218_7205207009098894578_n-1.jpg 1440w\" sizes=\"auto, (max-width: 1024px) 100vw, 1024px\" \/><\/figure>\n\n\n\n<div class=\"wp-block-columns is-layout-flex wp-container-core-columns-is-layout-28f84493 wp-block-columns-is-layout-flex\">\n<div class=\"wp-block-column is-layout-flow wp-block-column-is-layout-flow\">\n<div style=\"height:345px\" aria-hidden=\"true\" class=\"wp-block-spacer\"><\/div>\n\n\n\n<p>Nous prenons un bon petit-d\u00e9jeuner dans un style toscan classique.<br>Jus, pain au caf\u00e9, jambon au fromage, yaourt et plus encore.<\/p>\n<\/div>\n\n\n\n<div class=\"wp-block-column is-layout-flow wp-block-column-is-layout-flow\">\n<figure class=\"wp-block-image size-large\"><img decoding=\"async\" src=\"https:\/\/inzain.bike\/wp-content\/uploads\/2023\/11\/20231008_162446-768x1024.jpg\" alt=\"\" class=\"wp-image-5569\"\/><\/figure>\n<\/div>\n<\/div>\n\n\n\n<div class=\"wp-block-columns is-layout-flex wp-container-core-columns-is-layout-28f84493 wp-block-columns-is-layout-flex\">\n<div class=\"wp-block-column is-layout-flow wp-block-column-is-layout-flow\">\n<figure class=\"wp-block-image size-large\"><img loading=\"lazy\" decoding=\"async\" width=\"1024\" height=\"473\" src=\"https:\/\/inzain.bike\/wp-content\/uploads\/2023\/11\/441fQBkQZu8dJDphLLqqSM-gI99_4H9LeQyKrf6e2C0-2048x946-1-1024x473.jpg\" alt=\"\" class=\"wp-image-5572\" srcset=\"https:\/\/inzain.bike\/wp-content\/uploads\/2023\/11\/441fQBkQZu8dJDphLLqqSM-gI99_4H9LeQyKrf6e2C0-2048x946-1-1024x473.jpg 1024w, https:\/\/inzain.bike\/wp-content\/uploads\/2023\/11\/441fQBkQZu8dJDphLLqqSM-gI99_4H9LeQyKrf6e2C0-2048x946-1-300x139.jpg 300w, https:\/\/inzain.bike\/wp-content\/uploads\/2023\/11\/441fQBkQZu8dJDphLLqqSM-gI99_4H9LeQyKrf6e2C0-2048x946-1-768x355.jpg 768w, https:\/\/inzain.bike\/wp-content\/uploads\/2023\/11\/441fQBkQZu8dJDphLLqqSM-gI99_4H9LeQyKrf6e2C0-2048x946-1-1536x710.jpg 1536w, https:\/\/inzain.bike\/wp-content\/uploads\/2023\/11\/441fQBkQZu8dJDphLLqqSM-gI99_4H9LeQyKrf6e2C0-2048x946-1-18x8.jpg 18w, https:\/\/inzain.bike\/wp-content\/uploads\/2023\/11\/441fQBkQZu8dJDphLLqqSM-gI99_4H9LeQyKrf6e2C0-2048x946-1-1320x610.jpg 1320w, https:\/\/inzain.bike\/wp-content\/uploads\/2023\/11\/441fQBkQZu8dJDphLLqqSM-gI99_4H9LeQyKrf6e2C0-2048x946-1-600x277.jpg 600w, https:\/\/inzain.bike\/wp-content\/uploads\/2023\/11\/441fQBkQZu8dJDphLLqqSM-gI99_4H9LeQyKrf6e2C0-2048x946-1.jpg 2000w\" sizes=\"auto, (max-width: 1024px) 100vw, 1024px\" \/><\/figure>\n<\/div>\n\n\n\n<div class=\"wp-block-column is-layout-flow wp-block-column-is-layout-flow\">\n<div style=\"height:125px\" aria-hidden=\"true\" class=\"wp-block-spacer\"><\/div>\n\n\n\n<p>Le caf\u00e9 et les accessoires sont de premi\u00e8re classe.<\/p>\n<\/div>\n<\/div>\n\n\n\n<div class=\"wp-block-columns is-layout-flex wp-container-core-columns-is-layout-28f84493 wp-block-columns-is-layout-flex\">\n<div class=\"wp-block-column is-layout-flow wp-block-column-is-layout-flow\">\n<p>Rentrer \u00e0 la ferme apr\u00e8s une journ\u00e9e de v\u00e9lo merveilleuse et peut-\u00eatre fatigante et pouvoir se d\u00e9tendre avec une bi\u00e8re et un plongeon dans la piscine pendant que le soleil se couche lentement vous rend heureux.<br><br>Bient\u00f4t, ce sera l\u2019heure du d\u00eener\u2026<\/p>\n<\/div>\n\n\n\n<div class=\"wp-block-column is-layout-flow wp-block-column-is-layout-flow\">\n<figure class=\"wp-block-image size-large\"><img loading=\"lazy\" decoding=\"async\" width=\"1024\" height=\"511\" src=\"https:\/\/inzain.bike\/wp-content\/uploads\/2023\/11\/391526227_10163498069567468_9213664015768312412_n-1-1024x511.jpg\" alt=\"\" class=\"wp-image-5574\" srcset=\"https:\/\/inzain.bike\/wp-content\/uploads\/2023\/11\/391526227_10163498069567468_9213664015768312412_n-1-1024x511.jpg 1024w, https:\/\/inzain.bike\/wp-content\/uploads\/2023\/11\/391526227_10163498069567468_9213664015768312412_n-1-300x150.jpg 300w, https:\/\/inzain.bike\/wp-content\/uploads\/2023\/11\/391526227_10163498069567468_9213664015768312412_n-1-768x383.jpg 768w, https:\/\/inzain.bike\/wp-content\/uploads\/2023\/11\/391526227_10163498069567468_9213664015768312412_n-1-1536x767.jpg 1536w, https:\/\/inzain.bike\/wp-content\/uploads\/2023\/11\/391526227_10163498069567468_9213664015768312412_n-1-18x9.jpg 18w, https:\/\/inzain.bike\/wp-content\/uploads\/2023\/11\/391526227_10163498069567468_9213664015768312412_n-1-1320x659.jpg 1320w, https:\/\/inzain.bike\/wp-content\/uploads\/2023\/11\/391526227_10163498069567468_9213664015768312412_n-1-600x299.jpg 600w, https:\/\/inzain.bike\/wp-content\/uploads\/2023\/11\/391526227_10163498069567468_9213664015768312412_n-1.jpg 2048w\" sizes=\"auto, (max-width: 1024px) 100vw, 1024px\" \/><\/figure>\n<\/div>\n<\/div>\n<\/div>\n<\/div>\n\n\n\n<div class=\"wp-block-columns alignwide is-layout-flex wp-container-core-columns-is-layout-28f84493 wp-block-columns-is-layout-flex\">\n<div class=\"wp-block-column is-layout-flow wp-block-column-is-layout-flow\">\n<figure class=\"wp-block-image size-full\"><img loading=\"lazy\" decoding=\"async\" width=\"490\" height=\"280\" src=\"https:\/\/inzain.bike\/wp-content\/uploads\/2024\/03\/room_san_giorgio.jpg\" alt=\"\" class=\"wp-image-6975\" srcset=\"https:\/\/inzain.bike\/wp-content\/uploads\/2024\/03\/room_san_giorgio.jpg 490w, https:\/\/inzain.bike\/wp-content\/uploads\/2024\/03\/room_san_giorgio-300x171.jpg 300w, https:\/\/inzain.bike\/wp-content\/uploads\/2024\/03\/room_san_giorgio-18x10.jpg 18w\" sizes=\"auto, (max-width: 490px) 100vw, 490px\" \/><\/figure>\n<\/div>\n\n\n\n<div class=\"wp-block-column is-layout-flow wp-block-column-is-layout-flow\">\n<p>Les chambres sont belles et nous proposons<br>Chambre double avec lit double<br>Chambre double avec deux lits simples<br>Chambre simple<\/p>\n<\/div>\n<\/div>","protected":false},"excerpt":{"rendered":"<p>Vi b\u00f6rjar vistelsen p\u00e5 en ving\u00e5rd helt n\u00e4sta Siena. Den ligger direkt vid grusv\u00e4garna och erbjuder komfort, vacker utsikt, pool, restaurang och mer. Vi f\u00e5r en bra frukost i klassisk Toscana stil.Juice, kaffe br\u00f6d, ost skinka, yoghurt och mer. Kaffe och tillbeh\u00f6r \u00e4r av toppklass. Att komma hem till g\u00e5rden efter en underbar och kanske [&hellip;]<\/p>\n","protected":false},"author":135133094,"featured_media":0,"parent":0,"menu_order":0,"comment_status":"closed","ping_status":"closed","template":"","meta":{"_coblocks_attr":"Roboto","_coblocks_dimensions":"","_coblocks_responsive_height":"","_coblocks_accordion_ie_support":"","footnotes":""},"class_list":["post-5559","page","type-page","status-publish","hentry"],"yoast_head":"<!-- This site is optimized with the Yoast SEO plugin v27.2 - https:\/\/yoast.com\/product\/yoast-seo-wordpress\/ -->\n<title>Toscana 2026 Boende - INZAIN Cycling EXPERIENCES<\/title>\n<meta name=\"robots\" content=\"index, follow, max-snippet:-1, max-image-preview:large, max-video-preview:-1\" \/>\n<link rel=\"canonical\" href=\"https:\/\/inzain.bike\/fr\/tus26-accomodation\/\" \/>\n<meta property=\"og:locale\" content=\"fr_FR\" \/>\n<meta property=\"og:type\" content=\"article\" \/>\n<meta property=\"og:title\" content=\"Toscana 2026 Boende - INZAIN Cycling EXPERIENCES\" \/>\n<meta property=\"og:description\" content=\"Vi b\u00f6rjar vistelsen p\u00e5 en ving\u00e5rd helt n\u00e4sta Siena. Den ligger direkt vid grusv\u00e4garna och erbjuder komfort, vacker utsikt, pool, restaurang och mer. Vi f\u00e5r en bra frukost i klassisk Toscana stil.Juice, kaffe br\u00f6d, ost skinka, yoghurt och mer. Kaffe och tillbeh\u00f6r \u00e4r av toppklass. Att komma hem till g\u00e5rden efter en underbar och kanske [&hellip;]\" \/>\n<meta property=\"og:url\" content=\"https:\/\/inzain.bike\/fr\/tus26-accomodation\/\" \/>\n<meta property=\"og:site_name\" content=\"INZAIN Cycling EXPERIENCES\" \/>\n<meta property=\"article:publisher\" content=\"https:\/\/www.facebook.com\/Inzain.bike\" \/>\n<meta property=\"article:modified_time\" content=\"2026-01-31T14:05:30+00:00\" \/>\n<meta property=\"og:image\" content=\"https:\/\/inzain.bike\/wp-content\/uploads\/2023\/11\/DJI_0490-scaled.jpg\" \/>\n\t<meta property=\"og:image:width\" content=\"2560\" \/>\n\t<meta property=\"og:image:height\" content=\"1440\" \/>\n\t<meta property=\"og:image:type\" content=\"image\/jpeg\" \/>\n<meta name=\"twitter:card\" content=\"summary_large_image\" \/>\n<meta name=\"twitter:label1\" content=\"Dur\u00e9e de lecture estim\u00e9e\" \/>\n\t<meta name=\"twitter:data1\" content=\"2 minutes\" \/>\n<script type=\"application\/ld+json\" class=\"yoast-schema-graph\">{\"@context\":\"https:\/\/schema.org\",\"@graph\":[{\"@type\":\"WebPage\",\"@id\":\"https:\/\/inzain.bike\/tus26-accomodation\/\",\"url\":\"https:\/\/inzain.bike\/tus26-accomodation\/\",\"name\":\"Toscana 2026 Boende - INZAIN Cycling EXPERIENCES\",\"isPartOf\":{\"@id\":\"https:\/\/inzain.bike\/fr_be\/#website\"},\"primaryImageOfPage\":{\"@id\":\"https:\/\/inzain.bike\/tus26-accomodation\/#primaryimage\"},\"image\":{\"@id\":\"https:\/\/inzain.bike\/tus26-accomodation\/#primaryimage\"},\"thumbnailUrl\":\"https:\/\/inzain.bike\/wp-content\/uploads\/2023\/11\/DJI_0490-1024x576.jpg\",\"datePublished\":\"2023-11-20T14:35:24+00:00\",\"dateModified\":\"2026-01-31T14:05:30+00:00\",\"breadcrumb\":{\"@id\":\"https:\/\/inzain.bike\/tus26-accomodation\/#breadcrumb\"},\"inLanguage\":\"fr-FR\",\"potentialAction\":[{\"@type\":\"ReadAction\",\"target\":[\"https:\/\/inzain.bike\/tus26-accomodation\/\"]}]},{\"@type\":\"ImageObject\",\"inLanguage\":\"fr-FR\",\"@id\":\"https:\/\/inzain.bike\/tus26-accomodation\/#primaryimage\",\"url\":\"https:\/\/inzain.bike\/wp-content\/uploads\/2023\/11\/DJI_0490-1024x576.jpg\",\"contentUrl\":\"https:\/\/inzain.bike\/wp-content\/uploads\/2023\/11\/DJI_0490-1024x576.jpg\"},{\"@type\":\"BreadcrumbList\",\"@id\":\"https:\/\/inzain.bike\/tus26-accomodation\/#breadcrumb\",\"itemListElement\":[{\"@type\":\"ListItem\",\"position\":1,\"name\":\"Hem\",\"item\":\"https:\/\/inzain.bike\/fr_be\/\"},{\"@type\":\"ListItem\",\"position\":2,\"name\":\"Toscana 2026 Boende\"}]},{\"@type\":\"WebSite\",\"@id\":\"https:\/\/inzain.bike\/fr_be\/#website\",\"url\":\"https:\/\/inzain.bike\/fr_be\/\",\"name\":\"INZAIN Cycling EXPERIENCES\",\"description\":\"Cyckling Adventures  - for everyone\",\"publisher\":{\"@id\":\"https:\/\/inzain.bike\/fr_be\/#organization\"},\"alternateName\":\"INZAIN Gravel & Travel\",\"potentialAction\":[{\"@type\":\"SearchAction\",\"target\":{\"@type\":\"EntryPoint\",\"urlTemplate\":\"https:\/\/inzain.bike\/fr_be\/?s={search_term_string}\"},\"query-input\":{\"@type\":\"PropertyValueSpecification\",\"valueRequired\":true,\"valueName\":\"search_term_string\"}}],\"inLanguage\":\"fr-FR\"},{\"@type\":\"Organization\",\"@id\":\"https:\/\/inzain.bike\/fr_be\/#organization\",\"name\":\"INZAIN Cycling EXPERIENCES\",\"url\":\"https:\/\/inzain.bike\/fr_be\/\",\"logo\":{\"@type\":\"ImageObject\",\"inLanguage\":\"fr-FR\",\"@id\":\"https:\/\/inzain.bike\/fr_be\/#\/schema\/logo\/image\/\",\"url\":\"https:\/\/i0.wp.com\/inzain.bike\/wp-content\/uploads\/2023\/09\/cropped-INZAIN_512x512_white.png?fit=512%2C512&ssl=1\",\"contentUrl\":\"https:\/\/i0.wp.com\/inzain.bike\/wp-content\/uploads\/2023\/09\/cropped-INZAIN_512x512_white.png?fit=512%2C512&ssl=1\",\"width\":512,\"height\":512,\"caption\":\"INZAIN Cycling EXPERIENCES\"},\"image\":{\"@id\":\"https:\/\/inzain.bike\/fr_be\/#\/schema\/logo\/image\/\"},\"sameAs\":[\"https:\/\/www.facebook.com\/Inzain.bike\",\"https:\/\/www.instagram.com\/inzainbike\"]}]}<\/script>\n<!-- \/ Yoast SEO plugin. -->","yoast_head_json":{"title":"Toscana 2026 Boende - INZAIN Cycling EXPERIENCES","robots":{"index":"index","follow":"follow","max-snippet":"max-snippet:-1","max-image-preview":"max-image-preview:large","max-video-preview":"max-video-preview:-1"},"canonical":"https:\/\/inzain.bike\/fr\/tus26-accomodation\/","og_locale":"fr_FR","og_type":"article","og_title":"Toscana 2026 Boende - INZAIN Cycling EXPERIENCES","og_description":"Vi b\u00f6rjar vistelsen p\u00e5 en ving\u00e5rd helt n\u00e4sta Siena. Den ligger direkt vid grusv\u00e4garna och erbjuder komfort, vacker utsikt, pool, restaurang och mer. Vi f\u00e5r en bra frukost i klassisk Toscana stil.Juice, kaffe br\u00f6d, ost skinka, yoghurt och mer. Kaffe och tillbeh\u00f6r \u00e4r av toppklass. Att komma hem till g\u00e5rden efter en underbar och kanske [&hellip;]","og_url":"https:\/\/inzain.bike\/fr\/tus26-accomodation\/","og_site_name":"INZAIN Cycling EXPERIENCES","article_publisher":"https:\/\/www.facebook.com\/Inzain.bike","article_modified_time":"2026-01-31T14:05:30+00:00","og_image":[{"width":2560,"height":1440,"url":"https:\/\/inzain.bike\/wp-content\/uploads\/2023\/11\/DJI_0490-scaled.jpg","type":"image\/jpeg"}],"twitter_card":"summary_large_image","twitter_misc":{"Dur\u00e9e de lecture estim\u00e9e":"2 minutes"},"schema":{"@context":"https:\/\/schema.org","@graph":[{"@type":"WebPage","@id":"https:\/\/inzain.bike\/tus26-accomodation\/","url":"https:\/\/inzain.bike\/tus26-accomodation\/","name":"Toscana 2026 Boende - INZAIN Cycling EXPERIENCES","isPartOf":{"@id":"https:\/\/inzain.bike\/fr_be\/#website"},"primaryImageOfPage":{"@id":"https:\/\/inzain.bike\/tus26-accomodation\/#primaryimage"},"image":{"@id":"https:\/\/inzain.bike\/tus26-accomodation\/#primaryimage"},"thumbnailUrl":"https:\/\/inzain.bike\/wp-content\/uploads\/2023\/11\/DJI_0490-1024x576.jpg","datePublished":"2023-11-20T14:35:24+00:00","dateModified":"2026-01-31T14:05:30+00:00","breadcrumb":{"@id":"https:\/\/inzain.bike\/tus26-accomodation\/#breadcrumb"},"inLanguage":"fr-FR","potentialAction":[{"@type":"ReadAction","target":["https:\/\/inzain.bike\/tus26-accomodation\/"]}]},{"@type":"ImageObject","inLanguage":"fr-FR","@id":"https:\/\/inzain.bike\/tus26-accomodation\/#primaryimage","url":"https:\/\/inzain.bike\/wp-content\/uploads\/2023\/11\/DJI_0490-1024x576.jpg","contentUrl":"https:\/\/inzain.bike\/wp-content\/uploads\/2023\/11\/DJI_0490-1024x576.jpg"},{"@type":"BreadcrumbList","@id":"https:\/\/inzain.bike\/tus26-accomodation\/#breadcrumb","itemListElement":[{"@type":"ListItem","position":1,"name":"Hem","item":"https:\/\/inzain.bike\/fr_be\/"},{"@type":"ListItem","position":2,"name":"Toscana 2026 Boende"}]},{"@type":"WebSite","@id":"https:\/\/inzain.bike\/fr_be\/#website","url":"https:\/\/inzain.bike\/fr_be\/","name":"EXP\u00c9RIENCES Cyclistes INZAIN","description":"Aventures \u00e0 v\u00e9lo - pour tous","publisher":{"@id":"https:\/\/inzain.bike\/fr_be\/#organization"},"alternateName":"INZAIN Gravel & Travel","potentialAction":[{"@type":"SearchAction","target":{"@type":"EntryPoint","urlTemplate":"https:\/\/inzain.bike\/fr_be\/?s={search_term_string}"},"query-input":{"@type":"PropertyValueSpecification","valueRequired":true,"valueName":"search_term_string"}}],"inLanguage":"fr-FR"},{"@type":"Organization","@id":"https:\/\/inzain.bike\/fr_be\/#organization","name":"EXP\u00c9RIENCES Cyclistes INZAIN","url":"https:\/\/inzain.bike\/fr_be\/","logo":{"@type":"ImageObject","inLanguage":"fr-FR","@id":"https:\/\/inzain.bike\/fr_be\/#\/schema\/logo\/image\/","url":"https:\/\/i0.wp.com\/inzain.bike\/wp-content\/uploads\/2023\/09\/cropped-INZAIN_512x512_white.png?fit=512%2C512&ssl=1","contentUrl":"https:\/\/i0.wp.com\/inzain.bike\/wp-content\/uploads\/2023\/09\/cropped-INZAIN_512x512_white.png?fit=512%2C512&ssl=1","width":512,"height":512,"caption":"INZAIN Cycling EXPERIENCES"},"image":{"@id":"https:\/\/inzain.bike\/fr_be\/#\/schema\/logo\/image\/"},"sameAs":["https:\/\/www.facebook.com\/Inzain.bike","https:\/\/www.instagram.com\/inzainbike"]}]}},"amp_enabled":true,"_links":{"self":[{"href":"https:\/\/inzain.bike\/fr\/wp-json\/wp\/v2\/pages\/5559","targetHints":{"allow":["GET"]}}],"collection":[{"href":"https:\/\/inzain.bike\/fr\/wp-json\/wp\/v2\/pages"}],"about":[{"href":"https:\/\/inzain.bike\/fr\/wp-json\/wp\/v2\/types\/page"}],"author":[{"embeddable":true,"href":"https:\/\/inzain.bike\/fr\/wp-json\/wp\/v2\/users\/135133094"}],"replies":[{"embeddable":true,"href":"https:\/\/inzain.bike\/fr\/wp-json\/wp\/v2\/comments?post=5559"}],"version-history":[{"count":2,"href":"https:\/\/inzain.bike\/fr\/wp-json\/wp\/v2\/pages\/5559\/revisions"}],"predecessor-version":[{"id":10023,"href":"https:\/\/inzain.bike\/fr\/wp-json\/wp\/v2\/pages\/5559\/revisions\/10023"}],"wp:attachment":[{"href":"https:\/\/inzain.bike\/fr\/wp-json\/wp\/v2\/media?parent=5559"}],"curies":[{"name":"wp","href":"https:\/\/api.w.org\/{rel}","templated":true}]}}