{"id":5662,"date":"2023-11-21T14:20:04","date_gmt":"2023-11-21T13:20:04","guid":{"rendered":"https:\/\/inzain.bike\/?page_id=5662"},"modified":"2023-11-27T19:19:10","modified_gmt":"2023-11-27T18:19:10","slug":"got-travel","status":"publish","type":"page","link":"https:\/\/inzain.bike\/fr\/got-travel\/","title":{"rendered":"Sites touristiques Gotland"},"content":{"rendered":"<div class=\"wp-block-columns alignwide is-layout-flex wp-container-core-columns-is-layout-28f84493 wp-block-columns-is-layout-flex\">\n<div class=\"wp-block-column is-layout-flow wp-block-column-is-layout-flow\">\n<p class=\"has-roboto-font-family has-custom-font\" style=\"font-family:Roboto\"><strong>Bateau<\/strong><br>Destination Gotland propose des voyages en ferry depuis Nyn\u00e4shamn (pr\u00e8s de Stockholm) et Oskarshamn.<br>Hansa Destinations organise un voyage de Rostock \u00e0 Visby<\/p>\n\n\n\n<div style=\"height:100px\" aria-hidden=\"true\" class=\"wp-block-spacer\"><\/div>\n\n\n\n<div class=\"wp-block-buttons is-content-justification-center is-layout-flex wp-container-core-buttons-is-layout-a89b3969 wp-block-buttons-is-layout-flex\">\n<div class=\"wp-block-button has-custom-width wp-block-button__width-75 is-style-circular\"><a class=\"wp-block-button__link has-vivid-cyan-blue-background-color has-background wp-element-button\" href=\"https:\/\/www.destinationgotland.se\/\">Page de r\u00e9servation de Tiil Destination Gotland<\/a><\/div>\n\n\n\n<div class=\"wp-block-button has-custom-width wp-block-button__width-75 is-style-circular\"><a class=\"wp-block-button__link has-vivid-cyan-blue-background-color has-background wp-element-button\" href=\"https:\/\/www.directferries.se\/hansa_destinations.htm\">Page de r\u00e9servation de Tiil HANSA Destination<\/a><\/div>\n<\/div>\n<\/div>\n\n\n\n<div class=\"wp-block-column is-layout-flow wp-block-column-is-layout-flow\">\n<figure class=\"wp-block-image size-full\"><img loading=\"lazy\" decoding=\"async\" width=\"740\" height=\"500\" src=\"https:\/\/inzain.bike\/wp-content\/uploads\/2023\/11\/https___gotlandsbolaget.se_wp-content_uploads_2022_09_MS_Visborg.webp\" alt=\"\" class=\"wp-image-5649\" srcset=\"https:\/\/inzain.bike\/wp-content\/uploads\/2023\/11\/https___gotlandsbolaget.se_wp-content_uploads_2022_09_MS_Visborg.webp 740w, https:\/\/inzain.bike\/wp-content\/uploads\/2023\/11\/https___gotlandsbolaget.se_wp-content_uploads_2022_09_MS_Visborg-300x203.webp 300w, https:\/\/inzain.bike\/wp-content\/uploads\/2023\/11\/https___gotlandsbolaget.se_wp-content_uploads_2022_09_MS_Visborg-18x12.webp 18w, https:\/\/inzain.bike\/wp-content\/uploads\/2023\/11\/https___gotlandsbolaget.se_wp-content_uploads_2022_09_MS_Visborg-600x405.webp 600w\" sizes=\"auto, (max-width: 740px) 100vw, 740px\" \/><\/figure>\n<\/div>\n<\/div>\n\n\n\n<div class=\"wp-block-columns alignwide is-layout-flex wp-container-core-columns-is-layout-28f84493 wp-block-columns-is-layout-flex\">\n<div class=\"wp-block-column is-layout-flow wp-block-column-is-layout-flow\">\n<figure class=\"wp-block-image size-full\"><img loading=\"lazy\" decoding=\"async\" width=\"400\" height=\"460\" src=\"https:\/\/inzain.bike\/wp-content\/uploads\/2023\/11\/resa.png\" alt=\"\" class=\"wp-image-4565\" srcset=\"https:\/\/inzain.bike\/wp-content\/uploads\/2023\/11\/resa.png 400w, https:\/\/inzain.bike\/wp-content\/uploads\/2023\/11\/resa-261x300.png 261w, https:\/\/inzain.bike\/wp-content\/uploads\/2023\/11\/resa-10x12.png 10w\" sizes=\"auto, (max-width: 400px) 100vw, 400px\" \/><\/figure>\n<\/div>\n\n\n\n<div class=\"wp-block-column is-layout-flow wp-block-column-is-layout-flow\">\n<p><strong>Vol<\/strong><br>Un certain nombre de compagnies a\u00e9riennes desservent Gotland. Liens vers eux ci-dessous.<\/p>\n\n\n\n<div class=\"wp-block-columns is-layout-flex wp-container-core-columns-is-layout-28f84493 wp-block-columns-is-layout-flex\">\n<div class=\"wp-block-column is-layout-flow wp-block-column-is-layout-flow\">\n<figure class=\"wp-block-image size-full\"><a href=\"https:\/\/www.flygbra.se\/\"><img loading=\"lazy\" decoding=\"async\" width=\"232\" height=\"60\" src=\"https:\/\/inzain.bike\/wp-content\/uploads\/2023\/11\/bra-logo.png\" alt=\"\" class=\"wp-image-5677\" srcset=\"https:\/\/inzain.bike\/wp-content\/uploads\/2023\/11\/bra-logo.png 232w, https:\/\/inzain.bike\/wp-content\/uploads\/2023\/11\/bra-logo-18x5.png 18w\" sizes=\"auto, (max-width: 232px) 100vw, 232px\" \/><\/a><\/figure>\n\n\n\n<figure class=\"wp-block-image size-full\"><a href=\"\/fr\/info@luebeck-air.se\/\"><img loading=\"lazy\" decoding=\"async\" width=\"293\" height=\"60\" src=\"https:\/\/inzain.bike\/wp-content\/uploads\/2023\/11\/lubeck.jpg\" alt=\"\" class=\"wp-image-5680\" srcset=\"https:\/\/inzain.bike\/wp-content\/uploads\/2023\/11\/lubeck.jpg 293w, https:\/\/inzain.bike\/wp-content\/uploads\/2023\/11\/lubeck-18x4.jpg 18w\" sizes=\"auto, (max-width: 293px) 100vw, 293px\" \/><\/a><\/figure>\n\n\n\n<figure class=\"wp-block-image size-full\"><a href=\"https:\/\/www.norwegian.com\/se\"><img loading=\"lazy\" decoding=\"async\" width=\"186\" height=\"60\" src=\"https:\/\/inzain.bike\/wp-content\/uploads\/2023\/11\/Norwegian_logo.png\" alt=\"\" class=\"wp-image-5681\" srcset=\"https:\/\/inzain.bike\/wp-content\/uploads\/2023\/11\/Norwegian_logo.png 186w, https:\/\/inzain.bike\/wp-content\/uploads\/2023\/11\/Norwegian_logo-18x6.png 18w\" sizes=\"auto, (max-width: 186px) 100vw, 186px\" \/><\/a><\/figure>\n\n\n\n<figure class=\"wp-block-image size-full\"><a href=\"https:\/\/www.ryanair.com\/se\/sv\/\"><img loading=\"lazy\" decoding=\"async\" width=\"249\" height=\"60\" src=\"https:\/\/inzain.bike\/wp-content\/uploads\/2023\/11\/ryanair-logo.jpg\" alt=\"\" class=\"wp-image-5682\" srcset=\"https:\/\/inzain.bike\/wp-content\/uploads\/2023\/11\/ryanair-logo.jpg 249w, https:\/\/inzain.bike\/wp-content\/uploads\/2023\/11\/ryanair-logo-18x4.jpg 18w\" sizes=\"auto, (max-width: 249px) 100vw, 249px\" \/><\/a><\/figure>\n\n\n\n<figure class=\"wp-block-image size-full is-resized\"><a href=\"https:\/\/www.finnair.com\/se\/se\/\"><img loading=\"lazy\" decoding=\"async\" width=\"833\" height=\"91\" src=\"https:\/\/inzain.bike\/wp-content\/uploads\/2023\/11\/finnair.png\" alt=\"\" class=\"wp-image-5684\" style=\"width:278px;height:auto\" srcset=\"https:\/\/inzain.bike\/wp-content\/uploads\/2023\/11\/finnair.png 833w, https:\/\/inzain.bike\/wp-content\/uploads\/2023\/11\/finnair-300x33.png 300w, https:\/\/inzain.bike\/wp-content\/uploads\/2023\/11\/finnair-768x84.png 768w, https:\/\/inzain.bike\/wp-content\/uploads\/2023\/11\/finnair-18x2.png 18w, https:\/\/inzain.bike\/wp-content\/uploads\/2023\/11\/finnair-600x66.png 600w\" sizes=\"auto, (max-width: 833px) 100vw, 833px\" \/><\/a><\/figure>\n<\/div>\n<\/div>\n<\/div>\n<\/div>\n\n\n\n<div class=\"wp-block-columns alignwide is-layout-flex wp-container-core-columns-is-layout-28f84493 wp-block-columns-is-layout-flex\">\n<div class=\"wp-block-column is-layout-flow wp-block-column-is-layout-flow\">\n<p><strong>Voiture<\/strong><br>Nous ferons un court trajet en voiture jusqu&#039;aux starters. Nous coordonnons g\u00e9n\u00e9ralement cela entre tous les participants. Vous pouvez \u00e9galement choisir de partir avec nos voitures.<\/p>\n<\/div>\n\n\n\n<div class=\"wp-block-column is-layout-flow wp-block-column-is-layout-flow\">\n<figure class=\"wp-block-image size-full\"><img loading=\"lazy\" decoding=\"async\" width=\"2000\" height=\"1334\" src=\"https:\/\/inzain.bike\/wp-content\/uploads\/2023\/11\/minivan.jpg\" alt=\"\" class=\"wp-image-4039\" srcset=\"https:\/\/inzain.bike\/wp-content\/uploads\/2023\/11\/minivan.jpg 2000w, https:\/\/inzain.bike\/wp-content\/uploads\/2023\/11\/minivan-300x200.jpg 300w, https:\/\/inzain.bike\/wp-content\/uploads\/2023\/11\/minivan-1024x683.jpg 1024w, https:\/\/inzain.bike\/wp-content\/uploads\/2023\/11\/minivan-768x512.jpg 768w, https:\/\/inzain.bike\/wp-content\/uploads\/2023\/11\/minivan-1536x1025.jpg 1536w, https:\/\/inzain.bike\/wp-content\/uploads\/2023\/11\/minivan-18x12.jpg 18w, https:\/\/inzain.bike\/wp-content\/uploads\/2023\/11\/minivan-1320x880.jpg 1320w, https:\/\/inzain.bike\/wp-content\/uploads\/2023\/11\/minivan-600x400.jpg 600w\" sizes=\"auto, (max-width: 2000px) 100vw, 2000px\" \/><\/figure>\n<\/div>\n<\/div>","protected":false},"excerpt":{"rendered":"<p>B\u00e5tDestination Gotland propose des voyages en ferry depuis Nyn\u00e4shamn (pr\u00e8s de Stockholm) et Oskarshamn Destinations propose un voyage de Rostock \u00e0 Visby Flyg. Un certain nombre de compagnies a\u00e9riennes desservent Gotland. Liens vers eux ci-dessous. VoitureNous irons en voiture sur un court trajet, jusqu&#039;aux starters. Nous coordonnons g\u00e9n\u00e9ralement cela entre tous les participants. Vous pouvez \u00e9galement choisir de partir avec nos voitures.<\/p>","protected":false},"author":135133094,"featured_media":0,"parent":0,"menu_order":0,"comment_status":"closed","ping_status":"closed","template":"","meta":{"_coblocks_attr":"Roboto","_coblocks_dimensions":"","_coblocks_responsive_height":"","_coblocks_accordion_ie_support":"","footnotes":""},"class_list":["post-5662","page","type-page","status-publish","hentry"],"yoast_head":"<!-- This site is optimized with the Yoast SEO plugin v27.2 - https:\/\/yoast.com\/product\/yoast-seo-wordpress\/ -->\n<title>Gotland Resa - INZAIN Cycling EXPERIENCES<\/title>\n<meta name=\"robots\" content=\"index, follow, max-snippet:-1, max-image-preview:large, max-video-preview:-1\" \/>\n<link rel=\"canonical\" href=\"https:\/\/inzain.bike\/fr\/got-travel\/\" \/>\n<meta property=\"og:locale\" content=\"fr_FR\" \/>\n<meta property=\"og:type\" content=\"article\" \/>\n<meta property=\"og:title\" content=\"Gotland Resa - INZAIN Cycling EXPERIENCES\" \/>\n<meta property=\"og:description\" content=\"B\u00e5tDestination Gotland erbjuder f\u00e4rjeturer fr\u00e5n Nyn\u00e4shamn(n\u00e4ra Stockholm) och Oskarshamn.Hansa Destinations har en tur fr\u00e5n Rostock till Visby FlygEtt antal flygbolag trafikerar Gotland. L\u00e4nkar till dem nedan. BilVi kommer att \u00e5ka bil en kort bil, till starterna. Vi brukar samordna detta mellan alla deltagare. Man kan ocks\u00e5 v\u00e4lja att \u00e5ka med v\u00e5ra bilar.\" \/>\n<meta property=\"og:url\" content=\"https:\/\/inzain.bike\/fr\/got-travel\/\" \/>\n<meta property=\"og:site_name\" content=\"INZAIN Cycling EXPERIENCES\" \/>\n<meta property=\"article:publisher\" content=\"https:\/\/www.facebook.com\/Inzain.bike\" \/>\n<meta property=\"article:modified_time\" content=\"2023-11-27T18:19:10+00:00\" \/>\n<meta property=\"og:image\" content=\"https:\/\/inzain.bike\/wp-content\/uploads\/2023\/11\/https___gotlandsbolaget.se_wp-content_uploads_2022_09_MS_Visborg.webp\" \/>\n<meta name=\"twitter:card\" content=\"summary_large_image\" \/>\n<meta name=\"twitter:label1\" content=\"Dur\u00e9e de lecture estim\u00e9e\" \/>\n\t<meta name=\"twitter:data1\" content=\"2 minutes\" \/>\n<script type=\"application\/ld+json\" class=\"yoast-schema-graph\">{\"@context\":\"https:\/\/schema.org\",\"@graph\":[{\"@type\":\"WebPage\",\"@id\":\"https:\/\/inzain.bike\/sv_se\/got-travel\/\",\"url\":\"https:\/\/inzain.bike\/sv_se\/got-travel\/\",\"name\":\"Gotland Resa - INZAIN Cycling EXPERIENCES\",\"isPartOf\":{\"@id\":\"https:\/\/inzain.bike\/fr_be\/#website\"},\"primaryImageOfPage\":{\"@id\":\"https:\/\/inzain.bike\/sv_se\/got-travel\/#primaryimage\"},\"image\":{\"@id\":\"https:\/\/inzain.bike\/sv_se\/got-travel\/#primaryimage\"},\"thumbnailUrl\":\"https:\/\/inzain.bike\/wp-content\/uploads\/2023\/11\/https___gotlandsbolaget.se_wp-content_uploads_2022_09_MS_Visborg.webp\",\"datePublished\":\"2023-11-21T13:20:04+00:00\",\"dateModified\":\"2023-11-27T18:19:10+00:00\",\"breadcrumb\":{\"@id\":\"https:\/\/inzain.bike\/sv_se\/got-travel\/#breadcrumb\"},\"inLanguage\":\"fr-FR\",\"potentialAction\":[{\"@type\":\"ReadAction\",\"target\":[\"https:\/\/inzain.bike\/sv_se\/got-travel\/\"]}]},{\"@type\":\"ImageObject\",\"inLanguage\":\"fr-FR\",\"@id\":\"https:\/\/inzain.bike\/sv_se\/got-travel\/#primaryimage\",\"url\":\"https:\/\/inzain.bike\/wp-content\/uploads\/2023\/11\/https___gotlandsbolaget.se_wp-content_uploads_2022_09_MS_Visborg.webp\",\"contentUrl\":\"https:\/\/inzain.bike\/wp-content\/uploads\/2023\/11\/https___gotlandsbolaget.se_wp-content_uploads_2022_09_MS_Visborg.webp\"},{\"@type\":\"BreadcrumbList\",\"@id\":\"https:\/\/inzain.bike\/sv_se\/got-travel\/#breadcrumb\",\"itemListElement\":[{\"@type\":\"ListItem\",\"position\":1,\"name\":\"Hem\",\"item\":\"https:\/\/inzain.bike\/fr_be\/\"},{\"@type\":\"ListItem\",\"position\":2,\"name\":\"Gotland Resa\"}]},{\"@type\":\"WebSite\",\"@id\":\"https:\/\/inzain.bike\/fr_be\/#website\",\"url\":\"https:\/\/inzain.bike\/fr_be\/\",\"name\":\"INZAIN Cycling EXPERIENCES\",\"description\":\"Cyckling Adventures  - for everyone\",\"publisher\":{\"@id\":\"https:\/\/inzain.bike\/fr_be\/#organization\"},\"alternateName\":\"INZAIN Gravel & Travel\",\"potentialAction\":[{\"@type\":\"SearchAction\",\"target\":{\"@type\":\"EntryPoint\",\"urlTemplate\":\"https:\/\/inzain.bike\/fr_be\/?s={search_term_string}\"},\"query-input\":{\"@type\":\"PropertyValueSpecification\",\"valueRequired\":true,\"valueName\":\"search_term_string\"}}],\"inLanguage\":\"fr-FR\"},{\"@type\":\"Organization\",\"@id\":\"https:\/\/inzain.bike\/fr_be\/#organization\",\"name\":\"INZAIN Cycling EXPERIENCES\",\"url\":\"https:\/\/inzain.bike\/fr_be\/\",\"logo\":{\"@type\":\"ImageObject\",\"inLanguage\":\"fr-FR\",\"@id\":\"https:\/\/inzain.bike\/fr_be\/#\/schema\/logo\/image\/\",\"url\":\"https:\/\/i0.wp.com\/inzain.bike\/wp-content\/uploads\/2023\/09\/cropped-INZAIN_512x512_white.png?fit=512%2C512&ssl=1\",\"contentUrl\":\"https:\/\/i0.wp.com\/inzain.bike\/wp-content\/uploads\/2023\/09\/cropped-INZAIN_512x512_white.png?fit=512%2C512&ssl=1\",\"width\":512,\"height\":512,\"caption\":\"INZAIN Cycling EXPERIENCES\"},\"image\":{\"@id\":\"https:\/\/inzain.bike\/fr_be\/#\/schema\/logo\/image\/\"},\"sameAs\":[\"https:\/\/www.facebook.com\/Inzain.bike\",\"https:\/\/www.instagram.com\/inzainbike\"]}]}<\/script>\n<!-- \/ Yoast SEO plugin. -->","yoast_head_json":{"title":"Gotland Travel - Exp\u00e9riences cyclistes INZAIN","robots":{"index":"index","follow":"follow","max-snippet":"max-snippet:-1","max-image-preview":"max-image-preview:large","max-video-preview":"max-video-preview:-1"},"canonical":"https:\/\/inzain.bike\/fr\/got-travel\/","og_locale":"fr_FR","og_type":"article","og_title":"Gotland Resa - INZAIN Cycling EXPERIENCES","og_description":"B\u00e5tDestination Gotland erbjuder f\u00e4rjeturer fr\u00e5n Nyn\u00e4shamn(n\u00e4ra Stockholm) och Oskarshamn.Hansa Destinations har en tur fr\u00e5n Rostock till Visby FlygEtt antal flygbolag trafikerar Gotland. L\u00e4nkar till dem nedan. BilVi kommer att \u00e5ka bil en kort bil, till starterna. Vi brukar samordna detta mellan alla deltagare. Man kan ocks\u00e5 v\u00e4lja att \u00e5ka med v\u00e5ra bilar.","og_url":"https:\/\/inzain.bike\/fr\/got-travel\/","og_site_name":"INZAIN Cycling EXPERIENCES","article_publisher":"https:\/\/www.facebook.com\/Inzain.bike","article_modified_time":"2023-11-27T18:19:10+00:00","og_image":[{"url":"https:\/\/inzain.bike\/wp-content\/uploads\/2023\/11\/https___gotlandsbolaget.se_wp-content_uploads_2022_09_MS_Visborg.webp","type":"","width":"","height":""}],"twitter_card":"summary_large_image","twitter_misc":{"Dur\u00e9e de lecture estim\u00e9e":"2 minutes"},"schema":{"@context":"https:\/\/schema.org","@graph":[{"@type":"WebPage","@id":"https:\/\/inzain.bike\/sv_se\/got-travel\/","url":"https:\/\/inzain.bike\/sv_se\/got-travel\/","name":"Gotland Travel - Exp\u00e9riences cyclistes INZAIN","isPartOf":{"@id":"https:\/\/inzain.bike\/fr_be\/#website"},"primaryImageOfPage":{"@id":"https:\/\/inzain.bike\/sv_se\/got-travel\/#primaryimage"},"image":{"@id":"https:\/\/inzain.bike\/sv_se\/got-travel\/#primaryimage"},"thumbnailUrl":"https:\/\/inzain.bike\/wp-content\/uploads\/2023\/11\/https___gotlandsbolaget.se_wp-content_uploads_2022_09_MS_Visborg.webp","datePublished":"2023-11-21T13:20:04+00:00","dateModified":"2023-11-27T18:19:10+00:00","breadcrumb":{"@id":"https:\/\/inzain.bike\/sv_se\/got-travel\/#breadcrumb"},"inLanguage":"fr-FR","potentialAction":[{"@type":"ReadAction","target":["https:\/\/inzain.bike\/sv_se\/got-travel\/"]}]},{"@type":"ImageObject","inLanguage":"fr-FR","@id":"https:\/\/inzain.bike\/sv_se\/got-travel\/#primaryimage","url":"https:\/\/inzain.bike\/wp-content\/uploads\/2023\/11\/https___gotlandsbolaget.se_wp-content_uploads_2022_09_MS_Visborg.webp","contentUrl":"https:\/\/inzain.bike\/wp-content\/uploads\/2023\/11\/https___gotlandsbolaget.se_wp-content_uploads_2022_09_MS_Visborg.webp"},{"@type":"BreadcrumbList","@id":"https:\/\/inzain.bike\/sv_se\/got-travel\/#breadcrumb","itemListElement":[{"@type":"ListItem","position":1,"name":"Hem","item":"https:\/\/inzain.bike\/fr_be\/"},{"@type":"ListItem","position":2,"name":"Gotland Resa"}]},{"@type":"WebSite","@id":"https:\/\/inzain.bike\/fr_be\/#website","url":"https:\/\/inzain.bike\/fr_be\/","name":"EXP\u00c9RIENCES Cyclistes INZAIN","description":"Aventures \u00e0 v\u00e9lo - pour tous","publisher":{"@id":"https:\/\/inzain.bike\/fr_be\/#organization"},"alternateName":"INZAIN Gravel & Travel","potentialAction":[{"@type":"SearchAction","target":{"@type":"EntryPoint","urlTemplate":"https:\/\/inzain.bike\/fr_be\/?s={search_term_string}"},"query-input":{"@type":"PropertyValueSpecification","valueRequired":true,"valueName":"search_term_string"}}],"inLanguage":"fr-FR"},{"@type":"Organization","@id":"https:\/\/inzain.bike\/fr_be\/#organization","name":"EXP\u00c9RIENCES Cyclistes INZAIN","url":"https:\/\/inzain.bike\/fr_be\/","logo":{"@type":"ImageObject","inLanguage":"fr-FR","@id":"https:\/\/inzain.bike\/fr_be\/#\/schema\/logo\/image\/","url":"https:\/\/i0.wp.com\/inzain.bike\/wp-content\/uploads\/2023\/09\/cropped-INZAIN_512x512_white.png?fit=512%2C512&ssl=1","contentUrl":"https:\/\/i0.wp.com\/inzain.bike\/wp-content\/uploads\/2023\/09\/cropped-INZAIN_512x512_white.png?fit=512%2C512&ssl=1","width":512,"height":512,"caption":"INZAIN Cycling EXPERIENCES"},"image":{"@id":"https:\/\/inzain.bike\/fr_be\/#\/schema\/logo\/image\/"},"sameAs":["https:\/\/www.facebook.com\/Inzain.bike","https:\/\/www.instagram.com\/inzainbike"]}]}},"amp_enabled":true,"_links":{"self":[{"href":"https:\/\/inzain.bike\/fr\/wp-json\/wp\/v2\/pages\/5662","targetHints":{"allow":["GET"]}}],"collection":[{"href":"https:\/\/inzain.bike\/fr\/wp-json\/wp\/v2\/pages"}],"about":[{"href":"https:\/\/inzain.bike\/fr\/wp-json\/wp\/v2\/types\/page"}],"author":[{"embeddable":true,"href":"https:\/\/inzain.bike\/fr\/wp-json\/wp\/v2\/users\/135133094"}],"replies":[{"embeddable":true,"href":"https:\/\/inzain.bike\/fr\/wp-json\/wp\/v2\/comments?post=5662"}],"version-history":[{"count":0,"href":"https:\/\/inzain.bike\/fr\/wp-json\/wp\/v2\/pages\/5662\/revisions"}],"wp:attachment":[{"href":"https:\/\/inzain.bike\/fr\/wp-json\/wp\/v2\/media?parent=5662"}],"curies":[{"name":"wp","href":"https:\/\/api.w.org\/{rel}","templated":true}]}}