{"id":5886,"date":"2023-11-23T15:32:27","date_gmt":"2023-11-23T14:32:27","guid":{"rendered":"https:\/\/inzain.bike\/?page_id=5886"},"modified":"2025-04-09T08:47:51","modified_gmt":"2025-04-09T06:47:51","slug":"ost24-cykling","status":"publish","type":"page","link":"https:\/\/inzain.bike\/fr\/ost24-cykling\/","title":{"rendered":"\u00d6sterg\u00f6tland \u00e0 v\u00e9lo"},"content":{"rendered":"<div class=\"wp-block-columns alignwide is-layout-flex wp-container-core-columns-is-layout-28f84493 wp-block-columns-is-layout-flex\">\n<div class=\"wp-block-column is-layout-flow wp-block-column-is-layout-flow\">\n<figure class=\"wp-block-image size-large\"><img loading=\"lazy\" decoding=\"async\" width=\"1024\" height=\"768\" src=\"https:\/\/inzain.bike\/wp-content\/uploads\/2023\/11\/20210605_104540-1-1024x768.jpg\" alt=\"\" class=\"wp-image-5887\" srcset=\"https:\/\/inzain.bike\/wp-content\/uploads\/2023\/11\/20210605_104540-1-1024x768.jpg 1024w, https:\/\/inzain.bike\/wp-content\/uploads\/2023\/11\/20210605_104540-1-300x225.jpg 300w, https:\/\/inzain.bike\/wp-content\/uploads\/2023\/11\/20210605_104540-1-768x576.jpg 768w, https:\/\/inzain.bike\/wp-content\/uploads\/2023\/11\/20210605_104540-1-1536x1152.jpg 1536w, https:\/\/inzain.bike\/wp-content\/uploads\/2023\/11\/20210605_104540-1-2048x1536.jpg 2048w, https:\/\/inzain.bike\/wp-content\/uploads\/2023\/11\/20210605_104540-1-16x12.jpg 16w, https:\/\/inzain.bike\/wp-content\/uploads\/2023\/11\/20210605_104540-1-1320x990.jpg 1320w, https:\/\/inzain.bike\/wp-content\/uploads\/2023\/11\/20210605_104540-1-600x450.jpg 600w\" sizes=\"auto, (max-width: 1024px) 100vw, 1024px\" \/><\/figure>\n<\/div>\n\n\n\n<div class=\"wp-block-column is-layout-flow wp-block-column-is-layout-flow\">\n<div style=\"height:120px\" aria-hidden=\"true\" class=\"wp-block-spacer\"><\/div>\n\n\n\n<p class=\"has-roboto-font-family has-custom-font\" style=\"font-family:Roboto;font-size:20px\">Les deux jours ont un caract\u00e8re nettement diff\u00e9rent, mais les deux sont des circuits absolument fantastiques. Nos guides veillent \u00e0 ce que tout le monde passe un bon moment et nous adaptons le rythme au groupe. Si cela s&#039;av\u00e8re \u00eatre le meilleur, nous nous diviserons en diff\u00e9rents groupes de vitesse, mais quelle que soit la vitesse, nous pouvons promettre que tout le monde passera deux journ\u00e9es fantastiques.<\/p>\n\n\n\n<p>A temps avant le week-end, nous envoyons notre fameux <em>Guide du cavalier<\/em>, un document qui contient toutes les informations sur les itin\u00e9raires, le caf\u00e9, le d\u00e9jeuner et bien plus encore.<\/p>\n<\/div>\n<\/div>\n\n\n\n<div class=\"wp-block-columns alignwide is-layout-flex wp-container-core-columns-is-layout-28f84493 wp-block-columns-is-layout-flex\">\n<div class=\"wp-block-column is-layout-flow wp-block-column-is-layout-flow\">\n<p class=\"has-roboto-font-family has-custom-font\" style=\"font-family:Roboto;font-size:52px\">Calendrier<\/p>\n\n\n\n<div style=\"height:65px\" aria-hidden=\"true\" class=\"wp-block-spacer\"><\/div>\n<\/div>\n<\/div>\n\n\n\n<div class=\"wp-block-columns alignwide is-layout-flex wp-container-core-columns-is-layout-28f84493 wp-block-columns-is-layout-flex\">\n<div class=\"wp-block-column is-layout-flow wp-block-column-is-layout-flow\">\n<div style=\"height:200px\" aria-hidden=\"true\" class=\"wp-block-spacer\"><\/div>\n\n\n\n<p><strong>Vendredi<\/strong><br>Installation \u00e0 l&#039;h\u00f4tel et r\u00e9union de bienvenue o\u00f9 nos guides passeront le week-end. Si quelque chose ne va pas, nous pouvons vous aider pour la plupart des choses. Nous avons des pi\u00e8ces de rechange, des pompes, des cr\u00e9maill\u00e8res et bien plus encore dans notre remorque.<\/p>\n<\/div>\n\n\n\n<div class=\"wp-block-column is-layout-flow wp-block-column-is-layout-flow\">\n<figure class=\"wp-block-image size-large\"><img decoding=\"async\" src=\"https:\/\/inzain.bike\/wp-content\/uploads\/2023\/11\/20210606_111525-768x1024.jpg\" alt=\"\" class=\"wp-image-5888\"\/><\/figure>\n<\/div>\n<\/div>\n\n\n\n<div class=\"wp-block-columns alignwide is-layout-flex wp-container-core-columns-is-layout-28f84493 wp-block-columns-is-layout-flex\">\n<div class=\"wp-block-column is-layout-flow wp-block-column-is-layout-flow\">\n<figure class=\"wp-block-image size-full\"><img decoding=\"async\" src=\"https:\/\/inzain.bike\/wp-content\/uploads\/2023\/11\/20210714_141158.jpg\" alt=\"\" class=\"wp-image-5889\"\/><\/figure>\n<\/div>\n\n\n\n<div class=\"wp-block-column is-layout-flow wp-block-column-is-layout-flow\">\n<div style=\"height:148px\" aria-hidden=\"true\" class=\"wp-block-spacer\"><\/div>\n\n\n\n<p><strong>Samedi<\/strong><br>Nous nous dirigeons vers S\u00f6derk\u00f6ping et faisons une excursion dans l&#039;archipel. Magnifique et quelques collines.<br>Il existe des raccourcis et des caf\u00e9s bons mais assez simples. \u00c0 notre retour, nous prendrons peut-\u00eatre une glace et nous irons ensuite \u00e0 l&#039;h\u00f4tel.<\/p>\n<\/div>\n<\/div>\n\n\n\n<div class=\"wp-block-columns alignwide is-layout-flex wp-container-core-columns-is-layout-28f84493 wp-block-columns-is-layout-flex\">\n<div class=\"wp-block-column is-layout-flow wp-block-column-is-layout-flow\">\n<div style=\"height:155px\" aria-hidden=\"true\" class=\"wp-block-spacer\"><\/div>\n\n\n\n<p><strong>Dimanche<\/strong><br>Nous commen\u00e7ons par le magnifique G\u00f6ta Kanal, nous rencontrerons probablement des moutons et beaucoup d&#039;oiseaux. Nous venons aux \u00e9cluses de Berg pour une glace et peut-\u00eatre une photo ou deux.<br>Nous prenons ensuite un caf\u00e9 au fantastique Bost\u00e4llet avant de nous rendre \u00e0 Vadstena pour le d\u00e9jeuner.<br>Satisfaits, heureux et peut-\u00eatre un peu fatigu\u00e9s, nous retournons \u00e0 Motala.<\/p>\n<\/div>\n\n\n\n<div class=\"wp-block-column is-layout-flow wp-block-column-is-layout-flow\">\n<figure class=\"wp-block-image size-full\"><img decoding=\"async\" src=\"https:\/\/inzain.bike\/wp-content\/uploads\/2023\/11\/G0010338.jpg\" alt=\"\" class=\"wp-image-5890\"\/><\/figure>\n<\/div>\n<\/div>","protected":false},"excerpt":{"rendered":"<p>De tv\u00e5 dagarna har distinkt olika karakt\u00e4r, men b\u00e5de \u00e4r helt fantastiska turer. V\u00e5ra guider ser till att alla har det bra och vi anpassar farten efter gruppen. Om det visar sig b\u00e4st s\u00e5 kommer vi dela in oss i olika fartgrupper, men oavsett fart s\u00e5 kan vi lova att alla kommer f\u00e5 tv\u00e5 fantastiska [&hellip;]<\/p>\n","protected":false},"author":135133094,"featured_media":0,"parent":0,"menu_order":0,"comment_status":"closed","ping_status":"closed","template":"","meta":{"_coblocks_attr":"","_coblocks_dimensions":"","_coblocks_responsive_height":"","_coblocks_accordion_ie_support":"","footnotes":""},"class_list":["post-5886","page","type-page","status-publish","hentry"],"yoast_head":"<!-- This site is optimized with the Yoast SEO plugin v27.2 - https:\/\/yoast.com\/product\/yoast-seo-wordpress\/ -->\n<title>\u00d6sterg\u00f6tland Cykling - INZAIN Cycling EXPERIENCES<\/title>\n<meta name=\"robots\" content=\"index, follow, max-snippet:-1, max-image-preview:large, max-video-preview:-1\" \/>\n<link rel=\"canonical\" href=\"https:\/\/inzain.bike\/fr\/ost24-cykling\/\" \/>\n<meta property=\"og:locale\" content=\"fr_FR\" \/>\n<meta property=\"og:type\" content=\"article\" \/>\n<meta property=\"og:title\" content=\"\u00d6sterg\u00f6tland Cykling - INZAIN Cycling EXPERIENCES\" \/>\n<meta property=\"og:description\" content=\"De tv\u00e5 dagarna har distinkt olika karakt\u00e4r, men b\u00e5de \u00e4r helt fantastiska turer. V\u00e5ra guider ser till att alla har det bra och vi anpassar farten efter gruppen. Om det visar sig b\u00e4st s\u00e5 kommer vi dela in oss i olika fartgrupper, men oavsett fart s\u00e5 kan vi lova att alla kommer f\u00e5 tv\u00e5 fantastiska [&hellip;]\" \/>\n<meta property=\"og:url\" content=\"https:\/\/inzain.bike\/fr\/ost24-cykling\/\" \/>\n<meta property=\"og:site_name\" content=\"INZAIN Cycling EXPERIENCES\" \/>\n<meta property=\"article:publisher\" content=\"https:\/\/www.facebook.com\/Inzain.bike\" \/>\n<meta property=\"article:modified_time\" content=\"2025-04-09T06:47:51+00:00\" \/>\n<meta property=\"og:image\" content=\"https:\/\/inzain.bike\/wp-content\/uploads\/2023\/11\/20210605_104540-1-1024x768.jpg\" \/>\n<meta name=\"twitter:card\" content=\"summary_large_image\" \/>\n<meta name=\"twitter:label1\" content=\"Dur\u00e9e de lecture estim\u00e9e\" \/>\n\t<meta name=\"twitter:data1\" content=\"2 minutes\" \/>\n<script type=\"application\/ld+json\" class=\"yoast-schema-graph\">{\"@context\":\"https:\/\/schema.org\",\"@graph\":[{\"@type\":\"WebPage\",\"@id\":\"https:\/\/inzain.bike\/fr_be\/ost24-cykling\/\",\"url\":\"https:\/\/inzain.bike\/fr_be\/ost24-cykling\/\",\"name\":\"\u00d6sterg\u00f6tland Cykling - INZAIN Cycling EXPERIENCES\",\"isPartOf\":{\"@id\":\"https:\/\/inzain.bike\/fr_be\/#website\"},\"primaryImageOfPage\":{\"@id\":\"https:\/\/inzain.bike\/fr_be\/ost24-cykling\/#primaryimage\"},\"image\":{\"@id\":\"https:\/\/inzain.bike\/fr_be\/ost24-cykling\/#primaryimage\"},\"thumbnailUrl\":\"https:\/\/inzain.bike\/wp-content\/uploads\/2023\/11\/20210605_104540-1-1024x768.jpg\",\"datePublished\":\"2023-11-23T14:32:27+00:00\",\"dateModified\":\"2025-04-09T06:47:51+00:00\",\"breadcrumb\":{\"@id\":\"https:\/\/inzain.bike\/fr_be\/ost24-cykling\/#breadcrumb\"},\"inLanguage\":\"fr-FR\",\"potentialAction\":[{\"@type\":\"ReadAction\",\"target\":[\"https:\/\/inzain.bike\/fr_be\/ost24-cykling\/\"]}]},{\"@type\":\"ImageObject\",\"inLanguage\":\"fr-FR\",\"@id\":\"https:\/\/inzain.bike\/fr_be\/ost24-cykling\/#primaryimage\",\"url\":\"https:\/\/inzain.bike\/wp-content\/uploads\/2023\/11\/20210605_104540-1-1024x768.jpg\",\"contentUrl\":\"https:\/\/inzain.bike\/wp-content\/uploads\/2023\/11\/20210605_104540-1-1024x768.jpg\"},{\"@type\":\"BreadcrumbList\",\"@id\":\"https:\/\/inzain.bike\/fr_be\/ost24-cykling\/#breadcrumb\",\"itemListElement\":[{\"@type\":\"ListItem\",\"position\":1,\"name\":\"Hem\",\"item\":\"https:\/\/inzain.bike\/fr_be\/\"},{\"@type\":\"ListItem\",\"position\":2,\"name\":\"\u00d6sterg\u00f6tland Cykling\"}]},{\"@type\":\"WebSite\",\"@id\":\"https:\/\/inzain.bike\/fr_be\/#website\",\"url\":\"https:\/\/inzain.bike\/fr_be\/\",\"name\":\"INZAIN Cycling EXPERIENCES\",\"description\":\"Cyckling Adventures  - for everyone\",\"publisher\":{\"@id\":\"https:\/\/inzain.bike\/fr_be\/#organization\"},\"alternateName\":\"INZAIN Gravel & Travel\",\"potentialAction\":[{\"@type\":\"SearchAction\",\"target\":{\"@type\":\"EntryPoint\",\"urlTemplate\":\"https:\/\/inzain.bike\/fr_be\/?s={search_term_string}\"},\"query-input\":{\"@type\":\"PropertyValueSpecification\",\"valueRequired\":true,\"valueName\":\"search_term_string\"}}],\"inLanguage\":\"fr-FR\"},{\"@type\":\"Organization\",\"@id\":\"https:\/\/inzain.bike\/fr_be\/#organization\",\"name\":\"INZAIN Cycling EXPERIENCES\",\"url\":\"https:\/\/inzain.bike\/fr_be\/\",\"logo\":{\"@type\":\"ImageObject\",\"inLanguage\":\"fr-FR\",\"@id\":\"https:\/\/inzain.bike\/fr_be\/#\/schema\/logo\/image\/\",\"url\":\"https:\/\/i0.wp.com\/inzain.bike\/wp-content\/uploads\/2023\/09\/cropped-INZAIN_512x512_white.png?fit=512%2C512&ssl=1\",\"contentUrl\":\"https:\/\/i0.wp.com\/inzain.bike\/wp-content\/uploads\/2023\/09\/cropped-INZAIN_512x512_white.png?fit=512%2C512&ssl=1\",\"width\":512,\"height\":512,\"caption\":\"INZAIN Cycling EXPERIENCES\"},\"image\":{\"@id\":\"https:\/\/inzain.bike\/fr_be\/#\/schema\/logo\/image\/\"},\"sameAs\":[\"https:\/\/www.facebook.com\/Inzain.bike\",\"https:\/\/www.instagram.com\/inzainbike\"]}]}<\/script>\n<!-- \/ Yoast SEO plugin. -->","yoast_head_json":{"title":"\u00d6sterg\u00f6tland Cycling - INZAIN Cycling EXPERIENCES","robots":{"index":"index","follow":"follow","max-snippet":"max-snippet:-1","max-image-preview":"max-image-preview:large","max-video-preview":"max-video-preview:-1"},"canonical":"https:\/\/inzain.bike\/fr\/ost24-cykling\/","og_locale":"fr_FR","og_type":"article","og_title":"\u00d6sterg\u00f6tland Cykling - INZAIN Cycling EXPERIENCES","og_description":"De tv\u00e5 dagarna har distinkt olika karakt\u00e4r, men b\u00e5de \u00e4r helt fantastiska turer. V\u00e5ra guider ser till att alla har det bra och vi anpassar farten efter gruppen. Om det visar sig b\u00e4st s\u00e5 kommer vi dela in oss i olika fartgrupper, men oavsett fart s\u00e5 kan vi lova att alla kommer f\u00e5 tv\u00e5 fantastiska [&hellip;]","og_url":"https:\/\/inzain.bike\/fr\/ost24-cykling\/","og_site_name":"INZAIN Cycling EXPERIENCES","article_publisher":"https:\/\/www.facebook.com\/Inzain.bike","article_modified_time":"2025-04-09T06:47:51+00:00","og_image":[{"url":"https:\/\/inzain.bike\/wp-content\/uploads\/2023\/11\/20210605_104540-1-1024x768.jpg","type":"","width":"","height":""}],"twitter_card":"summary_large_image","twitter_misc":{"Dur\u00e9e de lecture estim\u00e9e":"2 minutes"},"schema":{"@context":"https:\/\/schema.org","@graph":[{"@type":"WebPage","@id":"https:\/\/inzain.bike\/fr_be\/ost24-cykling\/","url":"https:\/\/inzain.bike\/fr_be\/ost24-cykling\/","name":"\u00d6sterg\u00f6tland Cycling - INZAIN Cycling EXPERIENCES","isPartOf":{"@id":"https:\/\/inzain.bike\/fr_be\/#website"},"primaryImageOfPage":{"@id":"https:\/\/inzain.bike\/fr_be\/ost24-cykling\/#primaryimage"},"image":{"@id":"https:\/\/inzain.bike\/fr_be\/ost24-cykling\/#primaryimage"},"thumbnailUrl":"https:\/\/inzain.bike\/wp-content\/uploads\/2023\/11\/20210605_104540-1-1024x768.jpg","datePublished":"2023-11-23T14:32:27+00:00","dateModified":"2025-04-09T06:47:51+00:00","breadcrumb":{"@id":"https:\/\/inzain.bike\/fr_be\/ost24-cykling\/#breadcrumb"},"inLanguage":"fr-FR","potentialAction":[{"@type":"ReadAction","target":["https:\/\/inzain.bike\/fr_be\/ost24-cykling\/"]}]},{"@type":"ImageObject","inLanguage":"fr-FR","@id":"https:\/\/inzain.bike\/fr_be\/ost24-cykling\/#primaryimage","url":"https:\/\/inzain.bike\/wp-content\/uploads\/2023\/11\/20210605_104540-1-1024x768.jpg","contentUrl":"https:\/\/inzain.bike\/wp-content\/uploads\/2023\/11\/20210605_104540-1-1024x768.jpg"},{"@type":"BreadcrumbList","@id":"https:\/\/inzain.bike\/fr_be\/ost24-cykling\/#breadcrumb","itemListElement":[{"@type":"ListItem","position":1,"name":"Hem","item":"https:\/\/inzain.bike\/fr_be\/"},{"@type":"ListItem","position":2,"name":"\u00d6sterg\u00f6tland Cykling"}]},{"@type":"WebSite","@id":"https:\/\/inzain.bike\/fr_be\/#website","url":"https:\/\/inzain.bike\/fr_be\/","name":"EXP\u00c9RIENCES Cyclistes INZAIN","description":"Aventures \u00e0 v\u00e9lo - pour tous","publisher":{"@id":"https:\/\/inzain.bike\/fr_be\/#organization"},"alternateName":"INZAIN Gravel & Travel","potentialAction":[{"@type":"SearchAction","target":{"@type":"EntryPoint","urlTemplate":"https:\/\/inzain.bike\/fr_be\/?s={search_term_string}"},"query-input":{"@type":"PropertyValueSpecification","valueRequired":true,"valueName":"search_term_string"}}],"inLanguage":"fr-FR"},{"@type":"Organization","@id":"https:\/\/inzain.bike\/fr_be\/#organization","name":"EXP\u00c9RIENCES Cyclistes INZAIN","url":"https:\/\/inzain.bike\/fr_be\/","logo":{"@type":"ImageObject","inLanguage":"fr-FR","@id":"https:\/\/inzain.bike\/fr_be\/#\/schema\/logo\/image\/","url":"https:\/\/i0.wp.com\/inzain.bike\/wp-content\/uploads\/2023\/09\/cropped-INZAIN_512x512_white.png?fit=512%2C512&ssl=1","contentUrl":"https:\/\/i0.wp.com\/inzain.bike\/wp-content\/uploads\/2023\/09\/cropped-INZAIN_512x512_white.png?fit=512%2C512&ssl=1","width":512,"height":512,"caption":"INZAIN Cycling EXPERIENCES"},"image":{"@id":"https:\/\/inzain.bike\/fr_be\/#\/schema\/logo\/image\/"},"sameAs":["https:\/\/www.facebook.com\/Inzain.bike","https:\/\/www.instagram.com\/inzainbike"]}]}},"amp_enabled":true,"_links":{"self":[{"href":"https:\/\/inzain.bike\/fr\/wp-json\/wp\/v2\/pages\/5886","targetHints":{"allow":["GET"]}}],"collection":[{"href":"https:\/\/inzain.bike\/fr\/wp-json\/wp\/v2\/pages"}],"about":[{"href":"https:\/\/inzain.bike\/fr\/wp-json\/wp\/v2\/types\/page"}],"author":[{"embeddable":true,"href":"https:\/\/inzain.bike\/fr\/wp-json\/wp\/v2\/users\/135133094"}],"replies":[{"embeddable":true,"href":"https:\/\/inzain.bike\/fr\/wp-json\/wp\/v2\/comments?post=5886"}],"version-history":[{"count":1,"href":"https:\/\/inzain.bike\/fr\/wp-json\/wp\/v2\/pages\/5886\/revisions"}],"predecessor-version":[{"id":8108,"href":"https:\/\/inzain.bike\/fr\/wp-json\/wp\/v2\/pages\/5886\/revisions\/8108"}],"wp:attachment":[{"href":"https:\/\/inzain.bike\/fr\/wp-json\/wp\/v2\/media?parent=5886"}],"curies":[{"name":"wp","href":"https:\/\/api.w.org\/{rel}","templated":true}]}}