{"id":6172,"date":"2023-11-25T20:33:28","date_gmt":"2023-11-25T19:33:28","guid":{"rendered":"https:\/\/inzain.bike\/?page_id=6172"},"modified":"2024-01-08T10:51:51","modified_gmt":"2024-01-08T09:51:51","slug":"jap24-cykling","status":"publish","type":"page","link":"https:\/\/inzain.bike\/fr\/jap24-cykling\/","title":{"rendered":"Japon Cyclisme"},"content":{"rendered":"<div class=\"wp-block-columns alignwide is-layout-flex wp-container-core-columns-is-layout-28f84493 wp-block-columns-is-layout-flex\">\n<div class=\"wp-block-column is-layout-flow wp-block-column-is-layout-flow\">\n<p class=\"has-roboto-font-family has-custom-font\" style=\"font-family:Roboto\">Au Japon, tout est gentil et humble, y compris le v\u00e9lo. On reste donc souvent en dessous de 10 milles par jour et autour de 1 000 m\u00e8tres d&#039;altitude. La r\u00e9gion au nord de Nikko est absolument fantastique et le parc national qui s&#039;y trouve est bien s\u00fbr inscrit sur la liste de l&#039;UNESCO. Nous p\u00e9dalerons dans un environnement entour\u00e9 de cascades, de lacs, de villages de montagne, de temples et de monast\u00e8res. Pour d\u00e9crire cette zone de la mani\u00e8re la plus simple, cela ressemble en fait \u00e0 une sc\u00e8ne du Seigneur des Anneaux et puis bien s\u00fbr \u00e0 Lorien, la maison des elfes.<\/p>\n\n\n\n<p class=\"has-roboto-font-family has-custom-font\" style=\"font-family:Roboto\">Nous emprunterons des routes tr\u00e8s peu fr\u00e9quent\u00e9es. Et lorsque nous rencontrons des voitures, elles sont tr\u00e8s pr\u00e9venantes. La plupart des journ\u00e9es se terminent par un merveilleux bain dans l&#039;une des nombreuses sources chaudes\/Onsen de la r\u00e9gion. <\/p>\n<\/div>\n<\/div>\n\n\n\n<p class=\"has-text-align-left has-roboto-font-family has-custom-font has-custom-weight\" style=\"font-family:Roboto;font-weight:bold;font-size:30px\">Calendrier<\/p>\n\n\n\n<div class=\"wp-block-columns alignwide is-layout-flex wp-container-core-columns-is-layout-28f84493 wp-block-columns-is-layout-flex\">\n<div class=\"wp-block-column is-layout-flow wp-block-column-is-layout-flow\">\n<figure class=\"wp-block-image size-full\"><img decoding=\"async\" src=\"https:\/\/inzain.bike\/wp-content\/uploads\/2024\/01\/pexels-axp-photography-18848782.jpg\" alt=\"\" class=\"wp-image-6585\"\/><\/figure>\n<\/div>\n\n\n\n<div class=\"wp-block-column is-layout-flow wp-block-column-is-layout-flow\">\n<p><strong>Jour un <\/strong><\/p>\n\n\n\n<p>Apr\u00e8s un d\u00e9part matinal en bus depuis notre h\u00f4tel \u00e0 Tokyo, nous atteignons le point de d\u00e9part du voyage, Nikko. Avant de rouler vers le lac Chuzenji, nous visiterons bien s\u00fbr l&#039;un des nombreux temples de Nikko. Cette journ\u00e9e est un peu plus calme avec environ 5 milles au programme.<\/p>\n<\/div>\n<\/div>\n\n\n\n<div class=\"wp-block-columns alignwide is-layout-flex wp-container-core-columns-is-layout-28f84493 wp-block-columns-is-layout-flex\">\n<div class=\"wp-block-column is-layout-flow wp-block-column-is-layout-flow\">\n<p><strong>Jour deux <\/strong><\/p>\n\n\n\n<p>Apr\u00e8s un d\u00e9licieux petit-d\u00e9jeuner au bord du lac Chuzenji, \u00e9galement appel\u00e9 lac du bonheur, nous nous dirigeons vers l&#039;est en direction de Kawai, o\u00f9 nous logeons \u00e0 Ichityukaku et pouvons profiter de leurs charmants bains Onsen.<\/p>\n<\/div>\n\n\n\n<div class=\"wp-block-column is-layout-flow wp-block-column-is-layout-flow\">\n<figure class=\"wp-block-image size-full\"><img decoding=\"async\" src=\"https:\/\/inzain.bike\/wp-content\/uploads\/2024\/01\/pexels-ryutaro-tsukata-6249515.jpg\" alt=\"\" class=\"wp-image-6587\"\/><\/figure>\n<\/div>\n<\/div>\n\n\n\n<div class=\"wp-block-columns alignwide is-layout-flex wp-container-core-columns-is-layout-28f84493 wp-block-columns-is-layout-flex\">\n<div class=\"wp-block-column is-layout-flow wp-block-column-is-layout-flow\">\n<figure class=\"wp-block-image size-full is-resized\"><img decoding=\"async\" src=\"https:\/\/inzain.bike\/wp-content\/uploads\/2024\/01\/pexels-satoshi-hirayama-1876568.jpg\" alt=\"\" class=\"wp-image-6588\" style=\"width:350px;height:auto\"\/><\/figure>\n<\/div>\n\n\n\n<div class=\"wp-block-column is-layout-flow wp-block-column-is-layout-flow\">\n<p><strong>Jour trois <\/strong><\/p>\n\n\n\n<p>Apr\u00e8s deux jours un peu plus calmes, nous mettons d\u00e9sormais cap tout droit vers l&#039;est en direction de Kitakata. La ville et la r\u00e9gion sont connues pour leur production de sak\u00e9. Si nous ne l&#039;avons pas essay\u00e9 auparavant, ce sera s\u00fbrement une image cible pour beaucoup d&#039;entre nous. V\u00e9lo un peu plus long aujourd&#039;hui, 9 milles et 800 m\u00e8tres de d\u00e9nivel\u00e9.<\/p>\n<\/div>\n<\/div>\n\n\n\n<div class=\"wp-block-columns alignwide is-layout-flex wp-container-core-columns-is-layout-28f84493 wp-block-columns-is-layout-flex\">\n<div class=\"wp-block-column is-layout-flow wp-block-column-is-layout-flow\">\n<p><strong>Jour quatre <\/strong><\/p>\n\n\n\n<p>Ce matin, nous partons un peu plus t\u00f4t. Notre destination est la ville de Nagai, situ\u00e9e \u00e0 pr\u00e8s de 19 km au nord. C&#039;est donc un peu plus difficile de faire du v\u00e9lo aujourd&#039;hui, car les magnifiques flancs des montagnes nous auront fait monter et descendre aujourd&#039;hui un total de pr\u00e8s de 1 800 m\u00e8tres d&#039;altitude. Une source chaude et une bi\u00e8re locale froide vous attendent !!<\/p>\n<\/div>\n\n\n\n<div class=\"wp-block-column is-layout-flow wp-block-column-is-layout-flow\">\n<figure class=\"wp-block-image size-full\"><img decoding=\"async\" src=\"https:\/\/inzain.bike\/wp-content\/uploads\/2024\/01\/pexels-rajesh-tp-2098085.jpg\" alt=\"\" class=\"wp-image-6589\"\/><\/figure>\n<\/div>\n<\/div>\n\n\n\n<div class=\"wp-block-columns alignwide is-layout-flex wp-container-core-columns-is-layout-28f84493 wp-block-columns-is-layout-flex\">\n<div class=\"wp-block-column is-layout-flow wp-block-column-is-layout-flow\">\n<figure class=\"wp-block-image size-full\"><img decoding=\"async\" src=\"https:\/\/inzain.bike\/wp-content\/uploads\/2024\/01\/pexels-arthouse-studio-4534200.jpg\" alt=\"\" class=\"wp-image-6590\"\/><\/figure>\n<\/div>\n\n\n\n<div class=\"wp-block-column is-layout-flow wp-block-column-is-layout-flow\">\n<p><strong>Cinqui\u00e8me jour <\/strong><\/p>\n\n\n\n<p>Un peu plus calme aujourd&#039;hui apr\u00e8s la d\u00e9charge d&#039;hier. Aujourd&#039;hui, il fait moins de 10 milles et \u00e0 peine 600 m\u00e8tres de hauteur. N\u00e9anmoins, c&#039;est merveilleusement beau de d\u00e9marrer sur ce plateau et de nous emmener ensuite vers Shinjo. <\/p>\n<\/div>\n<\/div>\n\n\n\n<div class=\"wp-block-columns alignwide is-layout-flex wp-container-core-columns-is-layout-28f84493 wp-block-columns-is-layout-flex\">\n<div class=\"wp-block-column is-layout-flow wp-block-column-is-layout-flow\">\n<p><strong>Sixi\u00e8me jour <\/strong><\/p>\n\n\n\n<p>Le cyclisme est un peu plus difficile aujourd&#039;hui alors que nous nous dirigeons tout droit vers l&#039;est en direction d&#039;Ichinoseki. 11 milles et pr\u00e8s de 1 200 m\u00e8tres de d\u00e9nivel\u00e9. Mais \u00e0 ce moment-l\u00e0, nous sommes compl\u00e8tement acclimat\u00e9s et p\u00e9n\u00e9trons dans la merveille du simple \u00ab\u00a0\u00eatre\u00a0\u00bb. Et manger, rouler et dormir.<\/p>\n<\/div>\n\n\n\n<div class=\"wp-block-column is-layout-flow wp-block-column-is-layout-flow\">\n<figure class=\"wp-block-image size-full\"><img decoding=\"async\" src=\"https:\/\/inzain.bike\/wp-content\/uploads\/2024\/01\/pexels-aleksandar-pasaric-2339009.jpg\" alt=\"\" class=\"wp-image-6591\"\/><\/figure>\n<\/div>\n<\/div>\n\n\n\n<div class=\"wp-block-columns is-layout-flex wp-container-core-columns-is-layout-28f84493 wp-block-columns-is-layout-flex\">\n<div class=\"wp-block-column is-layout-flow wp-block-column-is-layout-flow\" style=\"flex-basis:100%\">\n<p><br><\/p>\n\n\n\n<div class=\"wp-block-columns alignwide is-layout-flex wp-container-core-columns-is-layout-28f84493 wp-block-columns-is-layout-flex\">\n<div class=\"wp-block-column is-layout-flow wp-block-column-is-layout-flow\">\n<figure class=\"wp-block-image size-full\"><img decoding=\"async\" src=\"https:\/\/inzain.bike\/wp-content\/uploads\/2024\/01\/pexels-enric-cruz-lopez-9989617.jpg\" alt=\"\" class=\"wp-image-6592\"\/><\/figure>\n<\/div>\n\n\n\n<div class=\"wp-block-column is-layout-flow wp-block-column-is-layout-flow\">\n<p><strong>Jour <\/strong>Sept<\/p>\n\n\n\n<p>V\u00e9lo assez long aujourd&#039;hui. 9 milles et 1 100 m\u00e8tres de d\u00e9nivel\u00e9. La destination du jour est la ville de Nishiwaga. Et le magnifique lac Kinshu. C&#039;est le dernier jour de v\u00e9lo du matin au soir.  <\/p>\n<\/div>\n<\/div>\n<\/div>\n<\/div>\n\n\n\n<div class=\"wp-block-columns alignwide is-layout-flex wp-container-core-columns-is-layout-28f84493 wp-block-columns-is-layout-flex\">\n<div class=\"wp-block-column is-layout-flow wp-block-column-is-layout-flow\">\n<p><strong>Jour <\/strong>Huit<\/p>\n\n\n\n<p>D\u00e9part assez t\u00f4t depuis Nishiwaga. Aujourd\u2019hui, nous ne faisons du v\u00e9lo qu\u2019une demi-journ\u00e9e. Notre destination est la ville de Morika o\u00f9 nous attend notre train express \/ Shinkansen qui nous ram\u00e8nera \u00e0 Tokyo. Si nous avons de la chance, nous aurons chacun le temps de manger de la Morioka Reimen, la c\u00e9l\u00e8bre soupe de nouilles qui fait la renomm\u00e9e de la ville. <\/p>\n\n\n\n<div class=\"wp-block-columns is-layout-flex wp-container-core-columns-is-layout-28f84493 wp-block-columns-is-layout-flex\">\n<div class=\"wp-block-column is-layout-flow wp-block-column-is-layout-flow\" style=\"flex-basis:100%\">\n<p><br><\/p>\n\n\n\n<div class=\"wp-block-columns alignwide is-layout-flex wp-container-core-columns-is-layout-28f84493 wp-block-columns-is-layout-flex\"><\/div>\n<\/div>\n<\/div>\n<\/div>\n\n\n\n<div class=\"wp-block-column is-layout-flow wp-block-column-is-layout-flow\">\n<figure class=\"wp-block-image size-full\"><img decoding=\"async\" src=\"https:\/\/inzain.bike\/wp-content\/uploads\/2024\/01\/pexels-justin-brinkhoff-5194487.jpg\" alt=\"\" class=\"wp-image-6593\"\/><\/figure>\n<\/div>\n<\/div>","protected":false},"excerpt":{"rendered":"<p>I Japan \u00e4r allt sn\u00e4llt och \u00f6dmjukt s\u00e5 \u00e4ven cyklingen. Vi h\u00e5ller oss d\u00e4rf\u00f6r ofta under 10 mil om dagen och runt 1.000 h\u00f6jdmeter. Omr\u00e5det norr om Nikko \u00e4r helt fantastiskt och nationalparken d\u00e4r \u00e4r sj\u00e4lvklart med p\u00e5 UNESCOS lista. Vi kommer att cykla i en milj\u00f6 som \u00e4r omgiven av vattenfall, sj\u00f6ar, bergsbyar, tempel [&hellip;]<\/p>\n","protected":false},"author":135133094,"featured_media":0,"parent":0,"menu_order":0,"comment_status":"closed","ping_status":"closed","template":"","meta":{"_coblocks_attr":"","_coblocks_dimensions":"","_coblocks_responsive_height":"","_coblocks_accordion_ie_support":"","footnotes":""},"class_list":["post-6172","page","type-page","status-publish","hentry"],"yoast_head":"<!-- This site is optimized with the Yoast SEO plugin v27.2 - https:\/\/yoast.com\/product\/yoast-seo-wordpress\/ -->\n<title>Japan Cykling - INZAIN Cycling EXPERIENCES<\/title>\n<meta name=\"robots\" content=\"index, follow, max-snippet:-1, max-image-preview:large, max-video-preview:-1\" \/>\n<link rel=\"canonical\" href=\"https:\/\/inzain.bike\/fr\/jap24-cykling\/\" \/>\n<meta property=\"og:locale\" content=\"fr_FR\" \/>\n<meta property=\"og:type\" content=\"article\" \/>\n<meta property=\"og:title\" content=\"Japan Cykling - INZAIN Cycling EXPERIENCES\" \/>\n<meta property=\"og:description\" content=\"I Japan \u00e4r allt sn\u00e4llt och \u00f6dmjukt s\u00e5 \u00e4ven cyklingen. Vi h\u00e5ller oss d\u00e4rf\u00f6r ofta under 10 mil om dagen och runt 1.000 h\u00f6jdmeter. Omr\u00e5det norr om Nikko \u00e4r helt fantastiskt och nationalparken d\u00e4r \u00e4r sj\u00e4lvklart med p\u00e5 UNESCOS lista. Vi kommer att cykla i en milj\u00f6 som \u00e4r omgiven av vattenfall, sj\u00f6ar, bergsbyar, tempel [&hellip;]\" \/>\n<meta property=\"og:url\" content=\"https:\/\/inzain.bike\/fr\/jap24-cykling\/\" \/>\n<meta property=\"og:site_name\" content=\"INZAIN Cycling EXPERIENCES\" \/>\n<meta property=\"article:publisher\" content=\"https:\/\/www.facebook.com\/Inzain.bike\" \/>\n<meta property=\"article:modified_time\" content=\"2024-01-08T09:51:51+00:00\" \/>\n<meta property=\"og:image\" content=\"https:\/\/inzain.bike\/wp-content\/uploads\/2024\/01\/pexels-axp-photography-18848782.jpg\" \/>\n<meta name=\"twitter:card\" content=\"summary_large_image\" \/>\n<meta name=\"twitter:label1\" content=\"Dur\u00e9e de lecture estim\u00e9e\" \/>\n\t<meta name=\"twitter:data1\" content=\"4 minutes\" \/>\n<script type=\"application\/ld+json\" class=\"yoast-schema-graph\">{\"@context\":\"https:\/\/schema.org\",\"@graph\":[{\"@type\":\"WebPage\",\"@id\":\"https:\/\/inzain.bike\/en_gb\/jap24-cykling\/\",\"url\":\"https:\/\/inzain.bike\/en_gb\/jap24-cykling\/\",\"name\":\"Japan Cykling - INZAIN Cycling EXPERIENCES\",\"isPartOf\":{\"@id\":\"https:\/\/inzain.bike\/fr_be\/#website\"},\"primaryImageOfPage\":{\"@id\":\"https:\/\/inzain.bike\/en_gb\/jap24-cykling\/#primaryimage\"},\"image\":{\"@id\":\"https:\/\/inzain.bike\/en_gb\/jap24-cykling\/#primaryimage\"},\"thumbnailUrl\":\"https:\/\/inzain.bike\/wp-content\/uploads\/2024\/01\/pexels-axp-photography-18848782.jpg\",\"datePublished\":\"2023-11-25T19:33:28+00:00\",\"dateModified\":\"2024-01-08T09:51:51+00:00\",\"breadcrumb\":{\"@id\":\"https:\/\/inzain.bike\/en_gb\/jap24-cykling\/#breadcrumb\"},\"inLanguage\":\"fr-FR\",\"potentialAction\":[{\"@type\":\"ReadAction\",\"target\":[\"https:\/\/inzain.bike\/en_gb\/jap24-cykling\/\"]}]},{\"@type\":\"ImageObject\",\"inLanguage\":\"fr-FR\",\"@id\":\"https:\/\/inzain.bike\/en_gb\/jap24-cykling\/#primaryimage\",\"url\":\"https:\/\/inzain.bike\/wp-content\/uploads\/2024\/01\/pexels-axp-photography-18848782.jpg\",\"contentUrl\":\"https:\/\/inzain.bike\/wp-content\/uploads\/2024\/01\/pexels-axp-photography-18848782.jpg\"},{\"@type\":\"BreadcrumbList\",\"@id\":\"https:\/\/inzain.bike\/en_gb\/jap24-cykling\/#breadcrumb\",\"itemListElement\":[{\"@type\":\"ListItem\",\"position\":1,\"name\":\"Hem\",\"item\":\"https:\/\/inzain.bike\/fr_be\/\"},{\"@type\":\"ListItem\",\"position\":2,\"name\":\"Japan Cykling\"}]},{\"@type\":\"WebSite\",\"@id\":\"https:\/\/inzain.bike\/fr_be\/#website\",\"url\":\"https:\/\/inzain.bike\/fr_be\/\",\"name\":\"INZAIN Cycling EXPERIENCES\",\"description\":\"Cyckling Adventures  - for everyone\",\"publisher\":{\"@id\":\"https:\/\/inzain.bike\/fr_be\/#organization\"},\"alternateName\":\"INZAIN Gravel & Travel\",\"potentialAction\":[{\"@type\":\"SearchAction\",\"target\":{\"@type\":\"EntryPoint\",\"urlTemplate\":\"https:\/\/inzain.bike\/fr_be\/?s={search_term_string}\"},\"query-input\":{\"@type\":\"PropertyValueSpecification\",\"valueRequired\":true,\"valueName\":\"search_term_string\"}}],\"inLanguage\":\"fr-FR\"},{\"@type\":\"Organization\",\"@id\":\"https:\/\/inzain.bike\/fr_be\/#organization\",\"name\":\"INZAIN Cycling EXPERIENCES\",\"url\":\"https:\/\/inzain.bike\/fr_be\/\",\"logo\":{\"@type\":\"ImageObject\",\"inLanguage\":\"fr-FR\",\"@id\":\"https:\/\/inzain.bike\/fr_be\/#\/schema\/logo\/image\/\",\"url\":\"https:\/\/i0.wp.com\/inzain.bike\/wp-content\/uploads\/2023\/09\/cropped-INZAIN_512x512_white.png?fit=512%2C512&ssl=1\",\"contentUrl\":\"https:\/\/i0.wp.com\/inzain.bike\/wp-content\/uploads\/2023\/09\/cropped-INZAIN_512x512_white.png?fit=512%2C512&ssl=1\",\"width\":512,\"height\":512,\"caption\":\"INZAIN Cycling EXPERIENCES\"},\"image\":{\"@id\":\"https:\/\/inzain.bike\/fr_be\/#\/schema\/logo\/image\/\"},\"sameAs\":[\"https:\/\/www.facebook.com\/Inzain.bike\",\"https:\/\/www.instagram.com\/inzainbike\"]}]}<\/script>\n<!-- \/ Yoast SEO plugin. -->","yoast_head_json":{"title":"Cyclisme au Japon - Exp\u00e9riences cyclistes INZAIN","robots":{"index":"index","follow":"follow","max-snippet":"max-snippet:-1","max-image-preview":"max-image-preview:large","max-video-preview":"max-video-preview:-1"},"canonical":"https:\/\/inzain.bike\/fr\/jap24-cykling\/","og_locale":"fr_FR","og_type":"article","og_title":"Japan Cykling - INZAIN Cycling EXPERIENCES","og_description":"I Japan \u00e4r allt sn\u00e4llt och \u00f6dmjukt s\u00e5 \u00e4ven cyklingen. Vi h\u00e5ller oss d\u00e4rf\u00f6r ofta under 10 mil om dagen och runt 1.000 h\u00f6jdmeter. Omr\u00e5det norr om Nikko \u00e4r helt fantastiskt och nationalparken d\u00e4r \u00e4r sj\u00e4lvklart med p\u00e5 UNESCOS lista. Vi kommer att cykla i en milj\u00f6 som \u00e4r omgiven av vattenfall, sj\u00f6ar, bergsbyar, tempel [&hellip;]","og_url":"https:\/\/inzain.bike\/fr\/jap24-cykling\/","og_site_name":"INZAIN Cycling EXPERIENCES","article_publisher":"https:\/\/www.facebook.com\/Inzain.bike","article_modified_time":"2024-01-08T09:51:51+00:00","og_image":[{"url":"https:\/\/inzain.bike\/wp-content\/uploads\/2024\/01\/pexels-axp-photography-18848782.jpg","type":"","width":"","height":""}],"twitter_card":"summary_large_image","twitter_misc":{"Dur\u00e9e de lecture estim\u00e9e":"4 minutes"},"schema":{"@context":"https:\/\/schema.org","@graph":[{"@type":"WebPage","@id":"https:\/\/inzain.bike\/en_gb\/jap24-cykling\/","url":"https:\/\/inzain.bike\/en_gb\/jap24-cykling\/","name":"Cyclisme au Japon - Exp\u00e9riences cyclistes INZAIN","isPartOf":{"@id":"https:\/\/inzain.bike\/fr_be\/#website"},"primaryImageOfPage":{"@id":"https:\/\/inzain.bike\/en_gb\/jap24-cykling\/#primaryimage"},"image":{"@id":"https:\/\/inzain.bike\/en_gb\/jap24-cykling\/#primaryimage"},"thumbnailUrl":"https:\/\/inzain.bike\/wp-content\/uploads\/2024\/01\/pexels-axp-photography-18848782.jpg","datePublished":"2023-11-25T19:33:28+00:00","dateModified":"2024-01-08T09:51:51+00:00","breadcrumb":{"@id":"https:\/\/inzain.bike\/en_gb\/jap24-cykling\/#breadcrumb"},"inLanguage":"fr-FR","potentialAction":[{"@type":"ReadAction","target":["https:\/\/inzain.bike\/en_gb\/jap24-cykling\/"]}]},{"@type":"ImageObject","inLanguage":"fr-FR","@id":"https:\/\/inzain.bike\/en_gb\/jap24-cykling\/#primaryimage","url":"https:\/\/inzain.bike\/wp-content\/uploads\/2024\/01\/pexels-axp-photography-18848782.jpg","contentUrl":"https:\/\/inzain.bike\/wp-content\/uploads\/2024\/01\/pexels-axp-photography-18848782.jpg"},{"@type":"BreadcrumbList","@id":"https:\/\/inzain.bike\/en_gb\/jap24-cykling\/#breadcrumb","itemListElement":[{"@type":"ListItem","position":1,"name":"Hem","item":"https:\/\/inzain.bike\/fr_be\/"},{"@type":"ListItem","position":2,"name":"Japan Cykling"}]},{"@type":"WebSite","@id":"https:\/\/inzain.bike\/fr_be\/#website","url":"https:\/\/inzain.bike\/fr_be\/","name":"EXP\u00c9RIENCES Cyclistes INZAIN","description":"Aventures \u00e0 v\u00e9lo - pour tous","publisher":{"@id":"https:\/\/inzain.bike\/fr_be\/#organization"},"alternateName":"INZAIN Gravel & Travel","potentialAction":[{"@type":"SearchAction","target":{"@type":"EntryPoint","urlTemplate":"https:\/\/inzain.bike\/fr_be\/?s={search_term_string}"},"query-input":{"@type":"PropertyValueSpecification","valueRequired":true,"valueName":"search_term_string"}}],"inLanguage":"fr-FR"},{"@type":"Organization","@id":"https:\/\/inzain.bike\/fr_be\/#organization","name":"EXP\u00c9RIENCES Cyclistes INZAIN","url":"https:\/\/inzain.bike\/fr_be\/","logo":{"@type":"ImageObject","inLanguage":"fr-FR","@id":"https:\/\/inzain.bike\/fr_be\/#\/schema\/logo\/image\/","url":"https:\/\/i0.wp.com\/inzain.bike\/wp-content\/uploads\/2023\/09\/cropped-INZAIN_512x512_white.png?fit=512%2C512&ssl=1","contentUrl":"https:\/\/i0.wp.com\/inzain.bike\/wp-content\/uploads\/2023\/09\/cropped-INZAIN_512x512_white.png?fit=512%2C512&ssl=1","width":512,"height":512,"caption":"INZAIN Cycling EXPERIENCES"},"image":{"@id":"https:\/\/inzain.bike\/fr_be\/#\/schema\/logo\/image\/"},"sameAs":["https:\/\/www.facebook.com\/Inzain.bike","https:\/\/www.instagram.com\/inzainbike"]}]}},"amp_enabled":true,"_links":{"self":[{"href":"https:\/\/inzain.bike\/fr\/wp-json\/wp\/v2\/pages\/6172","targetHints":{"allow":["GET"]}}],"collection":[{"href":"https:\/\/inzain.bike\/fr\/wp-json\/wp\/v2\/pages"}],"about":[{"href":"https:\/\/inzain.bike\/fr\/wp-json\/wp\/v2\/types\/page"}],"author":[{"embeddable":true,"href":"https:\/\/inzain.bike\/fr\/wp-json\/wp\/v2\/users\/135133094"}],"replies":[{"embeddable":true,"href":"https:\/\/inzain.bike\/fr\/wp-json\/wp\/v2\/comments?post=6172"}],"version-history":[{"count":0,"href":"https:\/\/inzain.bike\/fr\/wp-json\/wp\/v2\/pages\/6172\/revisions"}],"wp:attachment":[{"href":"https:\/\/inzain.bike\/fr\/wp-json\/wp\/v2\/media?parent=6172"}],"curies":[{"name":"wp","href":"https:\/\/api.w.org\/{rel}","templated":true}]}}