{"id":638,"date":"2021-11-29T10:47:46","date_gmt":"2021-11-29T09:47:46","guid":{"rendered":"https:\/\/inzain.bike\/?page_id=638"},"modified":"2021-11-29T10:47:46","modified_gmt":"2021-11-29T09:47:46","slug":"hjalmaren-runt-pa-grus","status":"publish","type":"page","link":"https:\/\/inzain.bike\/fr\/hjalmaren-runt-pa-grus\/","title":{"rendered":"Hj\u00e4lmaren dans les environs \u2013 sur Grus"},"content":{"rendered":"<figure class=\"wp-block-embed is-type-video is-provider-youtube wp-block-embed-youtube wp-embed-aspect-16-9 wp-has-aspect-ratio\"><div class=\"wp-block-embed__wrapper\">\n<iframe loading=\"lazy\" title=\"Hj\u00e4lmaren Runt p\u00e5 Grus 2021\" width=\"500\" height=\"281\" src=\"https:\/\/www.youtube.com\/embed\/Ihh7koJJqGQ?feature=oembed\" frameborder=\"0\" allow=\"accelerometer; autoplay; clipboard-write; encrypted-media; gyroscope; picture-in-picture; web-share\" referrerpolicy=\"strict-origin-when-cross-origin\" allowfullscreen><\/iframe>\n<\/div><\/figure>\n\n\n\n<p>Juillet 2021, nous sommes 18 personnes au d\u00e9part de Vilsta \u00e0 Eskilstuna. Un tour l\u00e9ger en bikepacking avec une nuit dans un h\u00f4tel ET un camion \u00e0 bagages. Un luxe pas comme les autres.<br><br>On arrive \u00e0 se tromper deux fois (!) en moins de 200 m et \u00e0 avoir le premier punk (double) au bout de 2 km, c&#039;est bien parti ! :).<br><br>Mais qu&#039;il ne s&#039;agisse que de petits accidents, la balade est super sympa avec des chemins de terre durs et vallonn\u00e9s, quelques sections de singletrack, un peu d&#039;asphalte et tr\u00e8s peu de HAB pour une balade d&#039;environ 40 miles.<\/p>\n\n\n\n<figure class=\"wp-block-image size-large\"><img decoding=\"async\" src=\"https:\/\/inzain.bike\/wp-content\/uploads\/2021\/07\/g0069263.jpg?w=1024\" alt=\"\" class=\"wp-image-642\"\/><\/figure>\n\n\n\n<p><\/p>","protected":false},"excerpt":{"rendered":"<p>Juli 2021 vi \u00e4r 18 pax som startar fr\u00e5n Vilsta i Eskilstuna. En bikepacking light tur med \u00f6vernattning p\u00e5 hotell OCH v\u00e4skbil. Lyx utan dess like. Vi lyckas navigera fel tv\u00e5 g\u00e5nger(!) inom 200 m och f\u00e5r f\u00f6rsta punkan (dubbel) efter 2 km, det b\u00f6rjar kanon! :). Men det vara bara sm\u00e5 miss\u00f6den, turen \u00e4r [&hellip;]<\/p>\n","protected":false},"author":135133094,"featured_media":0,"parent":0,"menu_order":0,"comment_status":"closed","ping_status":"closed","template":"","meta":{"_coblocks_attr":"","_coblocks_dimensions":"","_coblocks_responsive_height":"","_coblocks_accordion_ie_support":"","footnotes":""},"class_list":["post-638","page","type-page","status-publish","hentry"],"yoast_head":"<!-- This site is optimized with the Yoast SEO plugin v27.2 - https:\/\/yoast.com\/product\/yoast-seo-wordpress\/ -->\n<title>Hj\u00e4lmaren runt - p\u00e5 Grus - INZAIN Cycling EXPERIENCES<\/title>\n<meta name=\"robots\" content=\"index, follow, max-snippet:-1, max-image-preview:large, max-video-preview:-1\" \/>\n<link rel=\"canonical\" href=\"https:\/\/inzain.bike\/fr\/hjalmaren-runt-pa-grus\/\" \/>\n<meta property=\"og:locale\" content=\"fr_FR\" \/>\n<meta property=\"og:type\" content=\"article\" \/>\n<meta property=\"og:title\" content=\"Hj\u00e4lmaren runt - p\u00e5 Grus - INZAIN Cycling EXPERIENCES\" \/>\n<meta property=\"og:description\" content=\"Juli 2021 vi \u00e4r 18 pax som startar fr\u00e5n Vilsta i Eskilstuna. En bikepacking light tur med \u00f6vernattning p\u00e5 hotell OCH v\u00e4skbil. Lyx utan dess like. Vi lyckas navigera fel tv\u00e5 g\u00e5nger(!) inom 200 m och f\u00e5r f\u00f6rsta punkan (dubbel) efter 2 km, det b\u00f6rjar kanon! :). Men det vara bara sm\u00e5 miss\u00f6den, turen \u00e4r [&hellip;]\" \/>\n<meta property=\"og:url\" content=\"https:\/\/inzain.bike\/fr\/hjalmaren-runt-pa-grus\/\" \/>\n<meta property=\"og:site_name\" content=\"INZAIN Cycling EXPERIENCES\" \/>\n<meta property=\"article:publisher\" content=\"https:\/\/www.facebook.com\/Inzain.bike\" \/>\n<meta property=\"og:image\" content=\"https:\/\/inzain.bike\/wp-content\/uploads\/2021\/07\/g0069263.jpg?w=1024\" \/>\n<meta name=\"twitter:card\" content=\"summary_large_image\" \/>\n<script type=\"application\/ld+json\" class=\"yoast-schema-graph\">{\"@context\":\"https:\/\/schema.org\",\"@graph\":[{\"@type\":\"WebPage\",\"@id\":\"https:\/\/inzain.bike\/sv_se\/hjalmaren-runt-pa-grus\/\",\"url\":\"https:\/\/inzain.bike\/sv_se\/hjalmaren-runt-pa-grus\/\",\"name\":\"Hj\u00e4lmaren runt - p\u00e5 Grus - INZAIN Cycling EXPERIENCES\",\"isPartOf\":{\"@id\":\"https:\/\/inzain.bike\/fr_be\/#website\"},\"primaryImageOfPage\":{\"@id\":\"https:\/\/inzain.bike\/sv_se\/hjalmaren-runt-pa-grus\/#primaryimage\"},\"image\":{\"@id\":\"https:\/\/inzain.bike\/sv_se\/hjalmaren-runt-pa-grus\/#primaryimage\"},\"thumbnailUrl\":\"https:\/\/inzain.bike\/wp-content\/uploads\/2021\/07\/g0069263.jpg?w=1024\",\"datePublished\":\"2021-11-29T09:47:46+00:00\",\"breadcrumb\":{\"@id\":\"https:\/\/inzain.bike\/sv_se\/hjalmaren-runt-pa-grus\/#breadcrumb\"},\"inLanguage\":\"fr-FR\",\"potentialAction\":[{\"@type\":\"ReadAction\",\"target\":[\"https:\/\/inzain.bike\/sv_se\/hjalmaren-runt-pa-grus\/\"]}]},{\"@type\":\"ImageObject\",\"inLanguage\":\"fr-FR\",\"@id\":\"https:\/\/inzain.bike\/sv_se\/hjalmaren-runt-pa-grus\/#primaryimage\",\"url\":\"https:\/\/inzain.bike\/wp-content\/uploads\/2021\/07\/g0069263.jpg?w=1024\",\"contentUrl\":\"https:\/\/inzain.bike\/wp-content\/uploads\/2021\/07\/g0069263.jpg?w=1024\"},{\"@type\":\"BreadcrumbList\",\"@id\":\"https:\/\/inzain.bike\/sv_se\/hjalmaren-runt-pa-grus\/#breadcrumb\",\"itemListElement\":[{\"@type\":\"ListItem\",\"position\":1,\"name\":\"Hem\",\"item\":\"https:\/\/inzain.bike\/fr_be\/\"},{\"@type\":\"ListItem\",\"position\":2,\"name\":\"Hj\u00e4lmaren runt &#8211; p\u00e5 Grus\"}]},{\"@type\":\"WebSite\",\"@id\":\"https:\/\/inzain.bike\/fr_be\/#website\",\"url\":\"https:\/\/inzain.bike\/fr_be\/\",\"name\":\"INZAIN Cycling EXPERIENCES\",\"description\":\"Cyckling Adventures  - for everyone\",\"publisher\":{\"@id\":\"https:\/\/inzain.bike\/fr_be\/#organization\"},\"alternateName\":\"INZAIN Gravel & Travel\",\"potentialAction\":[{\"@type\":\"SearchAction\",\"target\":{\"@type\":\"EntryPoint\",\"urlTemplate\":\"https:\/\/inzain.bike\/fr_be\/?s={search_term_string}\"},\"query-input\":{\"@type\":\"PropertyValueSpecification\",\"valueRequired\":true,\"valueName\":\"search_term_string\"}}],\"inLanguage\":\"fr-FR\"},{\"@type\":\"Organization\",\"@id\":\"https:\/\/inzain.bike\/fr_be\/#organization\",\"name\":\"INZAIN Cycling EXPERIENCES\",\"url\":\"https:\/\/inzain.bike\/fr_be\/\",\"logo\":{\"@type\":\"ImageObject\",\"inLanguage\":\"fr-FR\",\"@id\":\"https:\/\/inzain.bike\/fr_be\/#\/schema\/logo\/image\/\",\"url\":\"https:\/\/i0.wp.com\/inzain.bike\/wp-content\/uploads\/2023\/09\/cropped-INZAIN_512x512_white.png?fit=512%2C512&ssl=1\",\"contentUrl\":\"https:\/\/i0.wp.com\/inzain.bike\/wp-content\/uploads\/2023\/09\/cropped-INZAIN_512x512_white.png?fit=512%2C512&ssl=1\",\"width\":512,\"height\":512,\"caption\":\"INZAIN Cycling EXPERIENCES\"},\"image\":{\"@id\":\"https:\/\/inzain.bike\/fr_be\/#\/schema\/logo\/image\/\"},\"sameAs\":[\"https:\/\/www.facebook.com\/Inzain.bike\",\"https:\/\/www.instagram.com\/inzainbike\"]}]}<\/script>\n<!-- \/ Yoast SEO plugin. -->","yoast_head_json":{"title":"Le casque autour - sur Gravel - INZAIN Cycling EXPERIENCES","robots":{"index":"index","follow":"follow","max-snippet":"max-snippet:-1","max-image-preview":"max-image-preview:large","max-video-preview":"max-video-preview:-1"},"canonical":"https:\/\/inzain.bike\/fr\/hjalmaren-runt-pa-grus\/","og_locale":"fr_FR","og_type":"article","og_title":"Hj\u00e4lmaren runt - p\u00e5 Grus - INZAIN Cycling EXPERIENCES","og_description":"Juli 2021 vi \u00e4r 18 pax som startar fr\u00e5n Vilsta i Eskilstuna. En bikepacking light tur med \u00f6vernattning p\u00e5 hotell OCH v\u00e4skbil. Lyx utan dess like. Vi lyckas navigera fel tv\u00e5 g\u00e5nger(!) inom 200 m och f\u00e5r f\u00f6rsta punkan (dubbel) efter 2 km, det b\u00f6rjar kanon! :). Men det vara bara sm\u00e5 miss\u00f6den, turen \u00e4r [&hellip;]","og_url":"https:\/\/inzain.bike\/fr\/hjalmaren-runt-pa-grus\/","og_site_name":"INZAIN Cycling EXPERIENCES","article_publisher":"https:\/\/www.facebook.com\/Inzain.bike","og_image":[{"url":"https:\/\/inzain.bike\/wp-content\/uploads\/2021\/07\/g0069263.jpg?w=1024","type":"","width":"","height":""}],"twitter_card":"summary_large_image","schema":{"@context":"https:\/\/schema.org","@graph":[{"@type":"WebPage","@id":"https:\/\/inzain.bike\/sv_se\/hjalmaren-runt-pa-grus\/","url":"https:\/\/inzain.bike\/sv_se\/hjalmaren-runt-pa-grus\/","name":"Le casque autour - sur Gravel - INZAIN Cycling EXPERIENCES","isPartOf":{"@id":"https:\/\/inzain.bike\/fr_be\/#website"},"primaryImageOfPage":{"@id":"https:\/\/inzain.bike\/sv_se\/hjalmaren-runt-pa-grus\/#primaryimage"},"image":{"@id":"https:\/\/inzain.bike\/sv_se\/hjalmaren-runt-pa-grus\/#primaryimage"},"thumbnailUrl":"https:\/\/inzain.bike\/wp-content\/uploads\/2021\/07\/g0069263.jpg?w=1024","datePublished":"2021-11-29T09:47:46+00:00","breadcrumb":{"@id":"https:\/\/inzain.bike\/sv_se\/hjalmaren-runt-pa-grus\/#breadcrumb"},"inLanguage":"fr-FR","potentialAction":[{"@type":"ReadAction","target":["https:\/\/inzain.bike\/sv_se\/hjalmaren-runt-pa-grus\/"]}]},{"@type":"ImageObject","inLanguage":"fr-FR","@id":"https:\/\/inzain.bike\/sv_se\/hjalmaren-runt-pa-grus\/#primaryimage","url":"https:\/\/inzain.bike\/wp-content\/uploads\/2021\/07\/g0069263.jpg?w=1024","contentUrl":"https:\/\/inzain.bike\/wp-content\/uploads\/2021\/07\/g0069263.jpg?w=1024"},{"@type":"BreadcrumbList","@id":"https:\/\/inzain.bike\/sv_se\/hjalmaren-runt-pa-grus\/#breadcrumb","itemListElement":[{"@type":"ListItem","position":1,"name":"Hem","item":"https:\/\/inzain.bike\/fr_be\/"},{"@type":"ListItem","position":2,"name":"Hj\u00e4lmaren runt &#8211; p\u00e5 Grus"}]},{"@type":"WebSite","@id":"https:\/\/inzain.bike\/fr_be\/#website","url":"https:\/\/inzain.bike\/fr_be\/","name":"EXP\u00c9RIENCES Cyclistes INZAIN","description":"Aventures \u00e0 v\u00e9lo - pour tous","publisher":{"@id":"https:\/\/inzain.bike\/fr_be\/#organization"},"alternateName":"INZAIN Gravel & Travel","potentialAction":[{"@type":"SearchAction","target":{"@type":"EntryPoint","urlTemplate":"https:\/\/inzain.bike\/fr_be\/?s={search_term_string}"},"query-input":{"@type":"PropertyValueSpecification","valueRequired":true,"valueName":"search_term_string"}}],"inLanguage":"fr-FR"},{"@type":"Organization","@id":"https:\/\/inzain.bike\/fr_be\/#organization","name":"EXP\u00c9RIENCES Cyclistes INZAIN","url":"https:\/\/inzain.bike\/fr_be\/","logo":{"@type":"ImageObject","inLanguage":"fr-FR","@id":"https:\/\/inzain.bike\/fr_be\/#\/schema\/logo\/image\/","url":"https:\/\/i0.wp.com\/inzain.bike\/wp-content\/uploads\/2023\/09\/cropped-INZAIN_512x512_white.png?fit=512%2C512&ssl=1","contentUrl":"https:\/\/i0.wp.com\/inzain.bike\/wp-content\/uploads\/2023\/09\/cropped-INZAIN_512x512_white.png?fit=512%2C512&ssl=1","width":512,"height":512,"caption":"INZAIN Cycling EXPERIENCES"},"image":{"@id":"https:\/\/inzain.bike\/fr_be\/#\/schema\/logo\/image\/"},"sameAs":["https:\/\/www.facebook.com\/Inzain.bike","https:\/\/www.instagram.com\/inzainbike"]}]}},"amp_enabled":true,"_links":{"self":[{"href":"https:\/\/inzain.bike\/fr\/wp-json\/wp\/v2\/pages\/638","targetHints":{"allow":["GET"]}}],"collection":[{"href":"https:\/\/inzain.bike\/fr\/wp-json\/wp\/v2\/pages"}],"about":[{"href":"https:\/\/inzain.bike\/fr\/wp-json\/wp\/v2\/types\/page"}],"author":[{"embeddable":true,"href":"https:\/\/inzain.bike\/fr\/wp-json\/wp\/v2\/users\/135133094"}],"replies":[{"embeddable":true,"href":"https:\/\/inzain.bike\/fr\/wp-json\/wp\/v2\/comments?post=638"}],"version-history":[{"count":0,"href":"https:\/\/inzain.bike\/fr\/wp-json\/wp\/v2\/pages\/638\/revisions"}],"wp:attachment":[{"href":"https:\/\/inzain.bike\/fr\/wp-json\/wp\/v2\/media?parent=638"}],"curies":[{"name":"wp","href":"https:\/\/api.w.org\/{rel}","templated":true}]}}