{"id":67,"date":"2021-03-25T15:39:17","date_gmt":"2021-03-25T14:39:17","guid":{"rendered":"https:\/\/inzain.bike\/?page_id=67"},"modified":"2023-08-30T10:54:30","modified_gmt":"2023-08-30T08:54:30","slug":"event","status":"publish","type":"page","link":"https:\/\/inzain.bike\/fr\/event\/","title":{"rendered":"\u00c9v\u00e9nements"},"content":{"rendered":"<p>INZAIN Gravel a pour objectif d&#039;organiser des \u00e9v\u00e9nements Gravel de haut niveau.<\/p>\n\n\n\n<p>Nous voulons proposer des itin\u00e9raires fantastiques, des caf\u00e9s raffin\u00e9s et mettre l&#039;accent sur la s\u00e9curit\u00e9 et la joie. Dans le m\u00eame temps, chacun d\u2019entre nous est probablement motiv\u00e9 par le d\u00e9fi de faire du v\u00e9lo \u00e0 la fois plus vite et plus loin qu\u2019avant.<br><br><strong>\u00c9v\u00e9nements pour 2023<\/strong><\/p>\n\n\n\n<p><s><a href=\"https:\/\/inzain.bike\/fr\/inzain-casacalma-gran-canaria-gravel-camp\/\">27 janvier \u2013 4 f\u00e9vrier Gran Canaria Gravel Camp<\/a> <\/s>FAIT<br> <s><a href=\"https:\/\/inzain.bike\/fr\/lanzarote-gravel-camp-2023\/\">20-27 f\u00e9vrier Camp de gravier de Lanzarote<\/a><\/s>FAIT<br><s><a href=\"https:\/\/inzain.bike\/fr\/inzain-mallorca-camp-easter-2023\/\">7-16 avril Majorque Gravel Camp<\/a><\/s> FAIT<br><s><a href=\"https:\/\/inzain.bike\/fr\/girona-gravel-camp-2023\/\">6-14 mai Camp de gravier de G\u00e9rone<\/a> <\/s>FAIT<br> <s><a href=\"https:\/\/inzain.bike\/fr\/sormland-gravel-camp\/\">20-21 mai Camp de gravier du S\u00f6rmland<\/a><\/s> FAIT<br> <s><a href=\"https:\/\/inzain.bike\/fr\/finland-gravel-randonee\/\">3-6 juin Finland Gravel Tour<\/a><\/s> FAIT<br> <s><a href=\"https:\/\/inzain.bike\/fr\/dalsland-gravel-camp\/\">17-18 juin Camp de gravier de Dalsland<\/a><\/s> FAIT <br> <s><a href=\"https:\/\/inzain.bike\/fr\/inzain-solstice-gravel-ride-2023\/\">22-23 juin Balade du Solstice<\/a><\/s> FAIT<br><s><a href=\"https:\/\/inzain.bike\/fr\/savenfors-gravel-camp\/\">29-30 juillet Camp de gravier de S\u00e4venfors<\/a><\/s> FAIT<br><s><a href=\"https:\/\/inzain.bike\/fr\/vattern-runt-gravel-tour\/\">11-13 ao\u00fbt V\u00e4ttern Runt, sur gravier !<\/a><\/s> FAIT<br><s><a href=\"https:\/\/inzain.bike\/fr\/bubo-falun-gravel-weekend\/\">25-27 ao\u00fbt Camp de gravier BuBo Bubo Falun<\/a><\/s> FAIT<br>\n<a href=\"https:\/\/inzain.bike\/fr\/gotland-gravel-camp-2023\/\">21-24 septembre Camp Gotland Aur<\/a> QUELQUES PLACES RESTE<br>\n<a href=\"https:\/\/inzain.bike\/fr\/toscana-gravel-tour-2023\/\">7-15 octobre Toscane Gravel Tour<\/a>COMPLET<br><\/p>\n\n\n\n<p><strong>\u00c9v\u00e9nement que nous avons organis\u00e9 en 2022<\/strong><\/p>\n\n\n\n<p><a href=\"https:\/\/inzain.bike\/fr\/inzain-lanzarote-gravel-2022\/\">14-21 f\u00e9vrier Gravel de Lanzarote<\/a><br><a href=\"https:\/\/inzain.bike\/fr\/inzain-mallorca-camp-easter-2022\/\">8-18 avril 2022 Majorque Gravel Camp<\/a><br><a href=\"https:\/\/inzain.bike\/fr\/inzain-ostergotland-gravel-camp\/\">14-15 mai Week-end gravel d&#039;\u00d6sterg\u00f6tland<\/a><br><a href=\"https:\/\/inzain.bike\/fr\/falun-gravel-weekend\/\">21-22 mai Camp de gravier du Falun<\/a><br><a href=\"https:\/\/inzain.bike\/fr\/inzain-skane-gravel-adventure\/\">4-6 juin Sk\u00e5ne Gravel Tour<\/a><br><a href=\"https:\/\/inzain.bike\/fr\/inzain-orebro-gravel-camp\/\">18-19 juin Weekend Gravel de Bergslagen<\/a><br><a href=\"https:\/\/inzain.bike\/fr\/inzain-solstice-gravel-ride\/\">23 juin Balade du solstice \u00e0 Stockholm<\/a><br><a href=\"https:\/\/inzain.bike\/fr\/inzain-smaland-gravel-camp\/\">13-14 ao\u00fbt Week-end Sm\u00e5land Gravel<\/a><br>\n<a href=\"https:\/\/inzain.bike\/fr\/inzain-toscana-gravel-tour-2022\/\">8-16 octobre Randonn\u00e9e Gravel en Toscane<\/a><\/p>\n\n\n\n<p><br><strong>\u00c9v\u00e9nement que nous avons organis\u00e9 en 2021<\/strong>:<br>Pendant la p\u00e9riode chaude, nous avons organis\u00e9 un voyage un soir de semaine et une distance l\u00e9g\u00e8rement plus longue le week-end. La plupart d&#039;entre eux \u00e0 M\u00e4lardalen. Les trajets faisaient entre 70 et 140 km, souvent avec possibilit\u00e9 de raccourcir et toujours ensemble.<\/p>\n\n\n\n<p>Ici vous pouvez voir une petite odyss\u00e9e sur l\u2019ann\u00e9e gravel 2021.<\/p>\n\n\n\n<figure class=\"wp-block-embed is-type-video is-provider-youtube wp-block-embed-youtube wp-embed-aspect-16-9 wp-has-aspect-ratio\"><div class=\"wp-block-embed__wrapper\">\n<iframe loading=\"lazy\" title=\"Gravel 2021\" width=\"500\" height=\"281\" src=\"https:\/\/www.youtube.com\/embed\/oHZObhfHCC0?feature=oembed\" frameborder=\"0\" allow=\"accelerometer; autoplay; clipboard-write; encrypted-media; gyroscope; picture-in-picture; web-share\" referrerpolicy=\"strict-origin-when-cross-origin\" allowfullscreen><\/iframe>\n<\/div><figcaption class=\"wp-element-caption\">Inzain Gravel 2021<\/figcaption><\/figure>\n\n\n\n<p><br><br><br><strong>Grande Canarie en f\u00e9vrier 2021<\/strong><\/p>\n\n\n\n<p>Pionniers chez GC avec Carl-Johan Paulin. Vraiment sympa mais aussi dur.<br>Voici un film sur l&#039;aventure.<\/p>\n\n\n\n<figure class=\"wp-block-embed is-type-video is-provider-youtube wp-block-embed-youtube wp-embed-aspect-16-9 wp-has-aspect-ratio\"><div class=\"wp-block-embed__wrapper\">\n<iframe loading=\"lazy\" title=\"Canaria Gravel Aldea\" width=\"500\" height=\"281\" src=\"https:\/\/www.youtube.com\/embed\/Ju-kwHqkF3A?feature=oembed\" frameborder=\"0\" allow=\"accelerometer; autoplay; clipboard-write; encrypted-media; gyroscope; picture-in-picture; web-share\" referrerpolicy=\"strict-origin-when-cross-origin\" allowfullscreen><\/iframe>\n<\/div><figcaption class=\"wp-element-caption\">Pignon sur Gran Canaria<\/figcaption><\/figure>\n\n\n\n<p><br><\/p>\n\n\n\n<p><strong>IGG200 juillet 2021<\/strong><\/p>\n\n\n\n<p><em>Pour la plupart des gens, parcourir 100\u00a0miles ou environ 160\u00a0km \u00e0 v\u00e9lo sur des chemins de terre et des chemins peut sembler inabordable, voire m\u00eame incroyablement loin. Un soi-disant &quot;Century ride&quot;, puis parcourir \u00e0 v\u00e9lo 200 miles ou 322 km, c&#039;est tout simplement fou. Simplement <\/em>INZAIN !  <\/p>\n\n\n\n<p>Nous avons \u00e9t\u00e9 invit\u00e9s \u00e0 un &quot;Double Century Gravel Grinder&quot; dans la r\u00e9gion d&#039;Uppsala fin juillet 2021. Il \u00e9tait possible de choisir entre les distances 50, 100 et 200 miles ou 80, 161 et 322 km.<\/p>\n\n\n\n<p><a href=\"https:\/\/inzain.bike\/fr\/inzain-200-100-50-mile-gravel-grinder\/\">Inzain 200 Mile Gravel Uppland juillet 2021<\/a><\/p>\n\n\n\n<p>Le paysage autour d&#039;Uppsala, Uppland, offre g\u00e9n\u00e9ralement un terrain assez \u00ab convivial \u00bb, c&#039;est pourquoi nous avons pens\u00e9 que de nombreuses personnes attraperaient notre \u00ab Double Century \u00bb pendant la journ\u00e9e. Mais \u00e0 la fin du mois de juillet, les ombres \u00e9taient devenues un peu plus longues et les jours plus courts, ce qui repr\u00e9sentait finalement un v\u00e9ritable d\u00e9fi.<\/p>\n\n\n\n<p>Nous partons de deux groupes de cyclistes, certains \u00e0 100 miles (161 km) et d&#039;autres \u00e0 200 miles (322 km). C&#039;\u00e9tait une journ\u00e9e incroyablement belle et chaude. Les 27 degr\u00e9s de l&#039;apr\u00e8s-midi ont marqu\u00e9 les participants. Nous qui \u00e9tions dans les stands n&#039;avons probablement jamais rencontr\u00e9 de participants aussi enthousiastes auparavant. Le cyclisme s&#039;est bien d\u00e9roul\u00e9 et la plupart ont finalement atteint la ligne d&#039;arriv\u00e9e. La seconde moiti\u00e9 du tour long a probablement \u00e9t\u00e9 la plus difficile. Plusieurs sections avaient \u00e9t\u00e9 recouvertes de nouveau gros gravier, ce qui rendait le voyage encore plus difficile. Malgr\u00e9 cela, plusieurs efforts h\u00e9ro\u00efques ont \u00e9t\u00e9 d\u00e9ploy\u00e9s par les courageux participants.<br><br><br><strong>Gravel \u00e0 Majorque en octobre 2021<\/strong><\/p>\n\n\n\n<p>Inzain a organis\u00e9 un voyage \u00e0 Majorque en octobre 2021 avec du gravier fantastique. Nous p\u00eachions en avril et avions maintenant cr\u00e9\u00e9 quelque chose de compl\u00e8tement suppl\u00e9mentaire.<br><br>Lisez tout ici : <a href=\"https:\/\/inzain.bike\/fr\/mallorca-gravel-oktober-2021\/\">https:\/\/inzain.bike\/mallorca-gravel-oktober-2021\/<\/a><\/p>\n\n\n\n<p><\/p>","protected":false},"excerpt":{"rendered":"<p>INZAIN Gravel har som m\u00e5ls\u00e4ttning att arrangera h\u00f6gklassiga Gravel-event. Vi vill erbjuda fantastiska rutter, fina fikor och fokus p\u00e5 s\u00e4kerhet och gl\u00e4dje. Samtidigt triggas vi v\u00e4l var och en av att utmana oss sj\u00e4lva till att cykla b\u00e5de snabbare och l\u00e4ngre \u00e4n f\u00f6rut. Event f\u00f6r 2023 27 jan &#8211; 4 februari Gran Canaria Gravel Camp [&hellip;]<\/p>\n","protected":false},"author":135133094,"featured_media":0,"parent":0,"menu_order":0,"comment_status":"closed","ping_status":"closed","template":"","meta":{"_coblocks_attr":"","_coblocks_dimensions":"","_coblocks_responsive_height":"","_coblocks_accordion_ie_support":"","footnotes":""},"class_list":["post-67","page","type-page","status-publish","hentry"],"yoast_head":"<!-- This site is optimized with the Yoast SEO plugin v27.2 - https:\/\/yoast.com\/product\/yoast-seo-wordpress\/ -->\n<title>Event - INZAIN Cycling EXPERIENCES<\/title>\n<meta name=\"robots\" content=\"index, follow, max-snippet:-1, max-image-preview:large, max-video-preview:-1\" \/>\n<link rel=\"canonical\" href=\"https:\/\/inzain.bike\/fr\/event\/\" \/>\n<meta property=\"og:locale\" content=\"fr_FR\" \/>\n<meta property=\"og:type\" content=\"article\" \/>\n<meta property=\"og:title\" content=\"Event - INZAIN Cycling EXPERIENCES\" \/>\n<meta property=\"og:description\" content=\"INZAIN Gravel har som m\u00e5ls\u00e4ttning att arrangera h\u00f6gklassiga Gravel-event. Vi vill erbjuda fantastiska rutter, fina fikor och fokus p\u00e5 s\u00e4kerhet och gl\u00e4dje. Samtidigt triggas vi v\u00e4l var och en av att utmana oss sj\u00e4lva till att cykla b\u00e5de snabbare och l\u00e4ngre \u00e4n f\u00f6rut. Event f\u00f6r 2023 27 jan &#8211; 4 februari Gran Canaria Gravel Camp [&hellip;]\" \/>\n<meta property=\"og:url\" content=\"https:\/\/inzain.bike\/fr\/event\/\" \/>\n<meta property=\"og:site_name\" content=\"INZAIN Cycling EXPERIENCES\" \/>\n<meta property=\"article:publisher\" content=\"https:\/\/www.facebook.com\/Inzain.bike\" \/>\n<meta property=\"article:modified_time\" content=\"2023-08-30T08:54:30+00:00\" \/>\n<meta name=\"twitter:card\" content=\"summary_large_image\" \/>\n<meta name=\"twitter:label1\" content=\"Dur\u00e9e de lecture estim\u00e9e\" \/>\n\t<meta name=\"twitter:data1\" content=\"3 minutes\" \/>\n<script type=\"application\/ld+json\" class=\"yoast-schema-graph\">{\"@context\":\"https:\/\/schema.org\",\"@graph\":[{\"@type\":\"WebPage\",\"@id\":\"https:\/\/inzain.bike\/en\/event\/\",\"url\":\"https:\/\/inzain.bike\/en\/event\/\",\"name\":\"Event - INZAIN Cycling EXPERIENCES\",\"isPartOf\":{\"@id\":\"https:\/\/inzain.bike\/fr_be\/#website\"},\"datePublished\":\"2021-03-25T14:39:17+00:00\",\"dateModified\":\"2023-08-30T08:54:30+00:00\",\"breadcrumb\":{\"@id\":\"https:\/\/inzain.bike\/en\/event\/#breadcrumb\"},\"inLanguage\":\"fr-FR\",\"potentialAction\":[{\"@type\":\"ReadAction\",\"target\":[\"https:\/\/inzain.bike\/en\/event\/\"]}]},{\"@type\":\"BreadcrumbList\",\"@id\":\"https:\/\/inzain.bike\/en\/event\/#breadcrumb\",\"itemListElement\":[{\"@type\":\"ListItem\",\"position\":1,\"name\":\"Hem\",\"item\":\"https:\/\/inzain.bike\/fr_be\/\"},{\"@type\":\"ListItem\",\"position\":2,\"name\":\"Event\"}]},{\"@type\":\"WebSite\",\"@id\":\"https:\/\/inzain.bike\/fr_be\/#website\",\"url\":\"https:\/\/inzain.bike\/fr_be\/\",\"name\":\"INZAIN Cycling EXPERIENCES\",\"description\":\"Cyckling Adventures  - for everyone\",\"publisher\":{\"@id\":\"https:\/\/inzain.bike\/fr_be\/#organization\"},\"alternateName\":\"INZAIN Gravel & Travel\",\"potentialAction\":[{\"@type\":\"SearchAction\",\"target\":{\"@type\":\"EntryPoint\",\"urlTemplate\":\"https:\/\/inzain.bike\/fr_be\/?s={search_term_string}\"},\"query-input\":{\"@type\":\"PropertyValueSpecification\",\"valueRequired\":true,\"valueName\":\"search_term_string\"}}],\"inLanguage\":\"fr-FR\"},{\"@type\":\"Organization\",\"@id\":\"https:\/\/inzain.bike\/fr_be\/#organization\",\"name\":\"INZAIN Cycling EXPERIENCES\",\"url\":\"https:\/\/inzain.bike\/fr_be\/\",\"logo\":{\"@type\":\"ImageObject\",\"inLanguage\":\"fr-FR\",\"@id\":\"https:\/\/inzain.bike\/fr_be\/#\/schema\/logo\/image\/\",\"url\":\"https:\/\/i0.wp.com\/inzain.bike\/wp-content\/uploads\/2023\/09\/cropped-INZAIN_512x512_white.png?fit=512%2C512&ssl=1\",\"contentUrl\":\"https:\/\/i0.wp.com\/inzain.bike\/wp-content\/uploads\/2023\/09\/cropped-INZAIN_512x512_white.png?fit=512%2C512&ssl=1\",\"width\":512,\"height\":512,\"caption\":\"INZAIN Cycling EXPERIENCES\"},\"image\":{\"@id\":\"https:\/\/inzain.bike\/fr_be\/#\/schema\/logo\/image\/\"},\"sameAs\":[\"https:\/\/www.facebook.com\/Inzain.bike\",\"https:\/\/www.instagram.com\/inzainbike\"]}]}<\/script>\n<!-- \/ Yoast SEO plugin. -->","yoast_head_json":{"title":"\u00c9v\u00e9nement - INZAIN Cycling EXPERIENCES","robots":{"index":"index","follow":"follow","max-snippet":"max-snippet:-1","max-image-preview":"max-image-preview:large","max-video-preview":"max-video-preview:-1"},"canonical":"https:\/\/inzain.bike\/fr\/event\/","og_locale":"fr_FR","og_type":"article","og_title":"Event - INZAIN Cycling EXPERIENCES","og_description":"INZAIN Gravel har som m\u00e5ls\u00e4ttning att arrangera h\u00f6gklassiga Gravel-event. Vi vill erbjuda fantastiska rutter, fina fikor och fokus p\u00e5 s\u00e4kerhet och gl\u00e4dje. Samtidigt triggas vi v\u00e4l var och en av att utmana oss sj\u00e4lva till att cykla b\u00e5de snabbare och l\u00e4ngre \u00e4n f\u00f6rut. Event f\u00f6r 2023 27 jan &#8211; 4 februari Gran Canaria Gravel Camp [&hellip;]","og_url":"https:\/\/inzain.bike\/fr\/event\/","og_site_name":"INZAIN Cycling EXPERIENCES","article_publisher":"https:\/\/www.facebook.com\/Inzain.bike","article_modified_time":"2023-08-30T08:54:30+00:00","twitter_card":"summary_large_image","twitter_misc":{"Dur\u00e9e de lecture estim\u00e9e":"3 minutes"},"schema":{"@context":"https:\/\/schema.org","@graph":[{"@type":"WebPage","@id":"https:\/\/inzain.bike\/en\/event\/","url":"https:\/\/inzain.bike\/en\/event\/","name":"\u00c9v\u00e9nement - INZAIN Cycling EXPERIENCES","isPartOf":{"@id":"https:\/\/inzain.bike\/fr_be\/#website"},"datePublished":"2021-03-25T14:39:17+00:00","dateModified":"2023-08-30T08:54:30+00:00","breadcrumb":{"@id":"https:\/\/inzain.bike\/en\/event\/#breadcrumb"},"inLanguage":"fr-FR","potentialAction":[{"@type":"ReadAction","target":["https:\/\/inzain.bike\/en\/event\/"]}]},{"@type":"BreadcrumbList","@id":"https:\/\/inzain.bike\/en\/event\/#breadcrumb","itemListElement":[{"@type":"ListItem","position":1,"name":"Hem","item":"https:\/\/inzain.bike\/fr_be\/"},{"@type":"ListItem","position":2,"name":"Event"}]},{"@type":"WebSite","@id":"https:\/\/inzain.bike\/fr_be\/#website","url":"https:\/\/inzain.bike\/fr_be\/","name":"EXP\u00c9RIENCES Cyclistes INZAIN","description":"Aventures \u00e0 v\u00e9lo - pour tous","publisher":{"@id":"https:\/\/inzain.bike\/fr_be\/#organization"},"alternateName":"INZAIN Gravel & Travel","potentialAction":[{"@type":"SearchAction","target":{"@type":"EntryPoint","urlTemplate":"https:\/\/inzain.bike\/fr_be\/?s={search_term_string}"},"query-input":{"@type":"PropertyValueSpecification","valueRequired":true,"valueName":"search_term_string"}}],"inLanguage":"fr-FR"},{"@type":"Organization","@id":"https:\/\/inzain.bike\/fr_be\/#organization","name":"EXP\u00c9RIENCES Cyclistes INZAIN","url":"https:\/\/inzain.bike\/fr_be\/","logo":{"@type":"ImageObject","inLanguage":"fr-FR","@id":"https:\/\/inzain.bike\/fr_be\/#\/schema\/logo\/image\/","url":"https:\/\/i0.wp.com\/inzain.bike\/wp-content\/uploads\/2023\/09\/cropped-INZAIN_512x512_white.png?fit=512%2C512&ssl=1","contentUrl":"https:\/\/i0.wp.com\/inzain.bike\/wp-content\/uploads\/2023\/09\/cropped-INZAIN_512x512_white.png?fit=512%2C512&ssl=1","width":512,"height":512,"caption":"INZAIN Cycling EXPERIENCES"},"image":{"@id":"https:\/\/inzain.bike\/fr_be\/#\/schema\/logo\/image\/"},"sameAs":["https:\/\/www.facebook.com\/Inzain.bike","https:\/\/www.instagram.com\/inzainbike"]}]}},"amp_enabled":true,"_links":{"self":[{"href":"https:\/\/inzain.bike\/fr\/wp-json\/wp\/v2\/pages\/67","targetHints":{"allow":["GET"]}}],"collection":[{"href":"https:\/\/inzain.bike\/fr\/wp-json\/wp\/v2\/pages"}],"about":[{"href":"https:\/\/inzain.bike\/fr\/wp-json\/wp\/v2\/types\/page"}],"author":[{"embeddable":true,"href":"https:\/\/inzain.bike\/fr\/wp-json\/wp\/v2\/users\/135133094"}],"replies":[{"embeddable":true,"href":"https:\/\/inzain.bike\/fr\/wp-json\/wp\/v2\/comments?post=67"}],"version-history":[{"count":0,"href":"https:\/\/inzain.bike\/fr\/wp-json\/wp\/v2\/pages\/67\/revisions"}],"wp:attachment":[{"href":"https:\/\/inzain.bike\/fr\/wp-json\/wp\/v2\/media?parent=67"}],"curies":[{"name":"wp","href":"https:\/\/api.w.org\/{rel}","templated":true}]}}