{"id":671,"date":"2021-10-06T10:16:09","date_gmt":"2021-10-06T08:16:09","guid":{"rendered":"https:\/\/inzain.bike\/?page_id=671"},"modified":"2022-02-07T12:49:25","modified_gmt":"2022-02-07T11:49:25","slug":"inzain-orebro-gravel-camp","status":"publish","type":"page","link":"https:\/\/inzain.bike\/fr\/inzain-orebro-gravel-camp\/","title":{"rendered":"Camp de gravier d&#039;Inzain \u00d6rebro"},"content":{"rendered":"\n<figure class=\"wp-block-image size-large\"><img decoding=\"async\" src=\"https:\/\/inzain.bike\/wp-content\/uploads\/2021\/10\/20210605_104540.jpg?w=1024\" alt=\"\" class=\"wp-image-672\"\/><\/figure>\n\n\n\n<p>V\u00e4lkommen till en fantastisk helg med Gravel runt \u00d6rebro<\/p>\n\n\n\n<p><strong>N\u00e4r<\/strong>: 18-19 Juni 2022.<br><strong>Var<\/strong>: \u00d6rebro<br><strong>Hur<\/strong>: Gravel Camp p\u00e5 fantastiska v\u00e4gar<br><strong>Bo<\/strong>: Man ordnar eget hotell, l\u00e4mpligen i \u00d6rebro<\/p>\n\n\n\n<p>Vi kommer att cykla tv\u00e5 h\u00e4rliga rundor, \u00e4ta bra och fika \u00e4nnu b\u00e4ttre.<\/p>\n\n\n\n<p><br><strong>Vad kan du f\u00f6rv\u00e4nta dig?<\/strong><br>Vi cyklar f\u00f6r att ha trevligt, det \u00e4r inte n\u00e5gra intervaller och det handlar inte om att cykla snabbast utan att f\u00e5 den b\u00e4sta upplevelsen. Vill man spr\u00e4tta s\u00e5 g\u00e5r det naturligtvis bra, man v\u00e4ntar in l\u00e4ngre fram. Vi kan ocks\u00e5 komma att dela gruppen, om det visar sig att det blir b\u00e4ttre. V\u00e5ra Guider har v\u00e4ldigt stor erfarenhet av att arrangera och h\u00e5lla i dessa turer. <br><br><strong>L\u00f6rdag<\/strong> (117km \/ 1,045 hm) Kilsbergen<br>Start centrala \u00d6rebro, ner mot Br\u00e5sta innan vi g\u00e5r upp i Kilsbergen.<br>I Lerhyttan tar vi en fika och kl\u00e4ttrar vidare mot \u00c5nnaboda f\u00f6r lunch.<br>Nu blir det nedf\u00f6r igen p\u00e5 v\u00e5r v\u00e4g mot N\u00e4rkes Kil. Vid Axbergshammar g\u00e5r vi s\u00f6derut mot Solberga och avslutar med Hemfj\u00e4rden p\u00e5 v\u00e4g mot \u00d6rebro igen.<br>Vi \u00e4ter en b\u00e4ttre middag tillsammans.<\/p>\n\n\n\n<p><iframe src=\"https:\/\/ridewithgps.com\/embeds?type=route&amp;id=38147870&amp;title=Kilsbergen&amp;metricUnits=true&amp;sampleGraph=false&amp;privacyCode=xr6WxqpnvRCHTO8Q\" style=\"width: 1px; min-width: 100%; height: 700px; border: none;\" scrolling=\"no\"><\/iframe><\/p>\n\n\n\n<p><iframe src=\"https:\/\/fatmap.com\/routeid\/2855542\/kilsbergen\/@59.3250997,15.0408002,59591.8587895,-42.4040605,-10.4809352,38.0726900,satellite\" style=\"width: 1px; min-width: 100%; height: 550px; border: none;\" scrolling=\"no\"><\/iframe><\/p>\n\n\n\n<p><strong>S\u00f6ndag<\/strong> (107km\/785hm)<br>Viby Hackvad och Drumlin. Riktigt fina v\u00e4gar och \u00f6ppna landskap<br>Vi kommer att \u00e4ta lunch nere i Viby innan vi tar oss \u00e5ter till \u00d6rebro.<br>Vi ber\u00e4knar vara \u00e5ter vid  kl 17 f\u00f6r adj\u00f6 och hemf\u00e4rd.<\/p>\n\n\n\n<p><iframe src=\"https:\/\/ridewithgps.com\/embeds?type=route&amp;id=38147960&amp;title=Viby&amp;metricUnits=true&amp;sampleGraph=false&amp;privacyCode=N5SjVaXRTiW6YV4j\" style=\"width: 1px; min-width: 100%; height: 700px; border: none;\" scrolling=\"no\"><\/iframe><\/p>\n\n\n\n<p><iframe src=\"https:\/\/fatmap.com\/routeid\/2855544\/viby\/@59.2042000,15.0663320,20968.1027256,-44.4085552,-4.1473381,40.1946831,satellite\" style=\"width: 1px; min-width: 100%; height: 550px; border: none;\" scrolling=\"no\"><\/iframe><\/p>\n\n\n\n<p><br><strong>Vi cyklar enligt Grusets V\u00e4nners principer.<\/strong><br>* Ingen l\u00e4mnas ensam, alla ska med<br>* Spr\u00e4tta g\u00e5r bra, v\u00e4nta in l\u00e4ngre fram<br>* Vi tar hand om och hj\u00e4lper varandra vid punkor eller annat.<br>* Vi cyklar s\u00e4kert och h\u00e5ller avst\u00e5nd, t\u00e4nk tre sekunders regeln.<br>* Allt handlar om att f\u00e5 en trevlig dag.<\/p>\n\n\n\n<p><\/p>\n\n\n\n<p><strong>Priser<\/strong>:<br>Sj\u00e4lvkostnad<\/p>\n\n\n\n<div class=\"wp-block-jetpack-tiled-gallery aligncenter is-style-rectangular\"><div class=\"tiled-gallery__gallery\"><div class=\"tiled-gallery__row\"><div class=\"tiled-gallery__col\" style=\"flex-basis:66.78241%\"><figure class=\"tiled-gallery__item\"><img decoding=\"async\" alt=\"\" data-height=\"3000\" data-id=\"674\" data-link=\"https:\/\/inzain.bike\/20210529_113929-2\/\" data-url=\"https:\/\/inzain.bike\/wp-content\/uploads\/2021\/10\/20210529_113929.jpg?w=1024\" data-width=\"4000\" src=\"https:\/\/i2.wp.com\/inzain.bike\/wp-content\/uploads\/2021\/10\/20210529_113929.jpg?ssl=1\" data-amp-layout=\"responsive\"\/><\/figure><\/div><div class=\"tiled-gallery__col\" style=\"flex-basis:33.21759%\"><figure class=\"tiled-gallery__item\"><img decoding=\"async\" alt=\"\" data-height=\"3000\" data-id=\"675\" data-link=\"https:\/\/inzain.bike\/20210530_101547-2\/\" data-url=\"https:\/\/inzain.bike\/wp-content\/uploads\/2021\/10\/20210530_101547.jpg?w=1024\" data-width=\"4000\" src=\"https:\/\/i2.wp.com\/inzain.bike\/wp-content\/uploads\/2021\/10\/20210530_101547.jpg?ssl=1\" data-amp-layout=\"responsive\"\/><\/figure><figure class=\"tiled-gallery__item\"><img decoding=\"async\" alt=\"\" data-height=\"3000\" data-id=\"676\" data-link=\"https:\/\/inzain.bike\/20210530_135341-2\/\" data-url=\"https:\/\/inzain.bike\/wp-content\/uploads\/2021\/10\/20210530_135341.jpg?w=1024\" data-width=\"4000\" src=\"https:\/\/i1.wp.com\/inzain.bike\/wp-content\/uploads\/2021\/10\/20210530_135341.jpg?ssl=1\" data-amp-layout=\"responsive\"\/><\/figure><\/div><\/div><\/div><\/div>\n\n\n\n<p>Anm\u00e4lan<\/p>\n\n\n<div class=\"wpforms-container wpforms-container-full wpforms-block wpforms-render-modern\" id=\"wpforms-1025\"><form id=\"wpforms-form-1025\" class=\"wpforms-validate wpforms-form wpforms-ajax-form\" data-formid=\"1025\" method=\"post\" enctype=\"multipart\/form-data\" action=\"\/fr\/wp-json\/wp\/v2\/pages\/671\" data-token=\"24d6f3063390efebff3ff1416973928e\" data-token-time=\"1775304972\"><noscript class=\"wpforms-error-noscript\">Veuillez activer JavaScript dans votre navigateur pour remplir ce formulaire.<\/noscript><div id=\"wpforms-error-noscript\" style=\"display: none;\">Veuillez activer JavaScript dans votre navigateur pour remplir ce formulaire.<\/div><div class=\"wpforms-field-container\"><div id=\"wpforms-1025-field_0-container\" class=\"wpforms-field wpforms-field-name\" data-field-id=\"0\"><label class=\"wpforms-field-label\" for=\"wpforms-1025-field_0\">Name <span class=\"wpforms-required-label\" aria-hidden=\"true\">*<\/span><\/label><input type=\"text\" id=\"wpforms-1025-field_0\" class=\"wpforms-field-medium wpforms-field-required\" name=\"wpforms[fields][0]\" aria-errormessage=\"wpforms-1025-field_0-error\" required><\/div><div id=\"wpforms-1025-field_1-container\" class=\"wpforms-field wpforms-field-email\" data-field-id=\"1\"><label class=\"wpforms-field-label\" for=\"wpforms-1025-field_1\">Email <span class=\"wpforms-required-label\" aria-hidden=\"true\">*<\/span><\/label><input type=\"email\" id=\"wpforms-1025-field_1\" class=\"wpforms-field-medium wpforms-field-required\" name=\"wpforms[fields][1]\" spellcheck=\"false\" aria-errormessage=\"wpforms-1025-field_1-error\" required><\/div><div id=\"wpforms-1025-field_3-container\" class=\"wpforms-field wpforms-field-text\" data-field-id=\"3\"><label class=\"wpforms-field-label\" for=\"wpforms-1025-field_3\">Mobilnummer <span class=\"wpforms-required-label\" aria-hidden=\"true\">*<\/span><\/label><input type=\"text\" id=\"wpforms-1025-field_3\" class=\"wpforms-field-medium wpforms-field-required\" name=\"wpforms[fields][3]\" aria-errormessage=\"wpforms-1025-field_3-error\" required><\/div><div id=\"wpforms-1025-field_6-container\" class=\"wpforms-field wpforms-field-select wpforms-field-select-style-classic\" data-field-id=\"6\"><label class=\"wpforms-field-label\" for=\"wpforms-1025-field_6\">V\u00e4lj Event <span class=\"wpforms-required-label\" aria-hidden=\"true\">*<\/span><\/label><select id=\"wpforms-1025-field_6\" class=\"wpforms-field-medium wpforms-field-required\" name=\"wpforms[fields][6]\" required=\"required\"><option value=\"Dalsland Gravel Camp\"  class=\"choice-2 depth-1\"  >Dalsland Gravel Camp<\/option><option value=\"\u00d6sterg\u00f6tland Gravel Camp\"  class=\"choice-3 depth-1\"  >\u00d6sterg\u00f6tland Gravel Camp<\/option><option value=\"Finland Gravel Tour\"  class=\"choice-4 depth-1\"  >Finland Gravel Tour<\/option><option value=\"S\u00e4venfors Gravel Camp\"  class=\"choice-5 depth-1\"  >S\u00e4venfors Gravel Camp<\/option><option value=\"Solstice Ride 2023\"  class=\"choice-6 depth-1\"  >Solstice Ride 2023<\/option><option value=\"S\u00f6rmland Gravel Camp\"  class=\"choice-7 depth-1\"  >S\u00f6rmland Gravel Camp<\/option><option value=\"V\u00e4ttern Runt Gravel\"  class=\"choice-8 depth-1\"  >V\u00e4ttern Runt Gravel<\/option><option value=\"Bubo Bubo Gravel Camp\"  class=\"choice-9 depth-1\"  >Bubo Bubo Gravel Camp<\/option><option value=\"Rallarvegen Gravel Camp\"  class=\"choice-10 depth-1\"  >Rallarvegen Gravel Camp<\/option><option value=\"Lanzarote Gravel Week\"  class=\"choice-11 depth-1\"  >Lanzarote Gravel Week<\/option><\/select><div id=\"wpforms-1025-field_6-description\" class=\"wpforms-field-description\">V\u00e4lj vilket event du vill anm\u00e4la dig eller st\u00e4lla fr\u00e5gor om.<\/div><\/div><div id=\"wpforms-1025-field_5-container\" class=\"wpforms-field wpforms-field-text\" data-field-id=\"5\"><label class=\"wpforms-field-label\" for=\"wpforms-1025-field_5\">Ev allergier eller preferenser p\u00e5 mat<\/label><input type=\"text\" id=\"wpforms-1025-field_5\" class=\"wpforms-field-medium\" name=\"wpforms[fields][5]\" aria-errormessage=\"wpforms-1025-field_5-error\" aria-describedby=\"wpforms-1025-field_5-description\" ><div id=\"wpforms-1025-field_5-description\" class=\"wpforms-field-description\">Har du allergier? \u00c4ter du bara vegeratiskt?<\/div><\/div><div id=\"wpforms-1025-field_7-container\" class=\"wpforms-field wpforms-field-checkbox\" data-field-id=\"7\"><fieldset><legend class=\"wpforms-field-label\">Anm\u00e4lan eller fr\u00e5ga <span class=\"wpforms-required-label\" aria-hidden=\"true\">*<\/span><\/legend><ul id=\"wpforms-1025-field_7\" class=\"wpforms-field-required\"><li class=\"choice-1 depth-1 wpforms-selected\"><input type=\"checkbox\" id=\"wpforms-1025-field_7_1\" name=\"wpforms[fields][7][]\" value=\"Jag anm\u00e4ler mig\" aria-errormessage=\"wpforms-1025-field_7_1-error\" required  checked='checked'><label class=\"wpforms-field-label-inline\" for=\"wpforms-1025-field_7_1\">Jag anm\u00e4ler mig<\/label><\/li><li class=\"choice-2 depth-1\"><input type=\"checkbox\" id=\"wpforms-1025-field_7_2\" name=\"wpforms[fields][7][]\" value=\"Jag vill st\u00e4lla en fr\u00e5ga\" aria-errormessage=\"wpforms-1025-field_7_2-error\" required ><label class=\"wpforms-field-label-inline\" for=\"wpforms-1025-field_7_2\">Jag vill st\u00e4lla en fr\u00e5ga<\/label><\/li><\/ul><\/fieldset><\/div><div id=\"wpforms-1025-field_2-container\" class=\"wpforms-field wpforms-field-textarea\" data-field-id=\"2\"><label class=\"wpforms-field-label\" for=\"wpforms-1025-field_2\">Anm\u00e4lan eller din fr\u00e5ga<\/label><textarea id=\"wpforms-1025-field_2\" class=\"wpforms-field-medium\" name=\"wpforms[fields][2]\" aria-errormessage=\"wpforms-1025-field_2-error\" aria-describedby=\"wpforms-1025-field_2-description\" ><\/textarea><div id=\"wpforms-1025-field_2-description\" class=\"wpforms-field-description\">Skriv om du vill anm\u00e4la dig eller om du har fr\u00e5gor. Vi \u00e5terkommer inom kort.<\/div><\/div><\/div><!-- .wpforms-field-container --><div class=\"wpforms-submit-container\" ><input type=\"hidden\" name=\"wpforms[id]\" value=\"1025\"><input type=\"hidden\" name=\"page_title\" value=\"\"><input type=\"hidden\" name=\"page_url\" value=\"https:\/\/inzain.bike\/fr\/wp-json\/wp\/v2\/pages\/671\"><input type=\"hidden\" name=\"url_referer\" value=\"\"><button type=\"submit\" name=\"wpforms[submit]\" id=\"wpforms-submit-1025\" class=\"wpforms-submit\" data-alt-text=\"Sending...\" data-submit-text=\"Submit\" aria-live=\"assertive\" value=\"wpforms-submit\">Submit<\/button><img loading=\"lazy\" decoding=\"async\" src=\"https:\/\/inzain.bike\/wp-content\/plugins\/wpforms\/assets\/images\/submit-spin.svg\" class=\"wpforms-submit-spinner\" style=\"display: none;\" width=\"26\" height=\"26\" alt=\"Chargement en cours\"><\/div><\/form><\/div>  <!-- .wpforms-container -->","protected":false},"excerpt":{"rendered":"<p>V\u00e4lkommen till en fantastisk helg med Gravel runt \u00d6rebro N\u00e4r: 18-19 Juni 2022.Var: \u00d6rebroHur: Gravel Camp p\u00e5 fantastiska v\u00e4garBo: Man ordnar eget hotell, l\u00e4mpligen i \u00d6rebro Vi kommer att cykla tv\u00e5 h\u00e4rliga rundor, \u00e4ta bra och fika \u00e4nnu b\u00e4ttre. Vad kan du f\u00f6rv\u00e4nta dig?Vi cyklar f\u00f6r att ha trevligt, det \u00e4r inte n\u00e5gra intervaller och [&hellip;]<\/p>\n","protected":false},"author":135133094,"featured_media":0,"parent":0,"menu_order":0,"comment_status":"closed","ping_status":"closed","template":"","meta":{"_coblocks_attr":"","_coblocks_dimensions":"","_coblocks_responsive_height":"","_coblocks_accordion_ie_support":"","footnotes":""},"class_list":["post-671","page","type-page","status-publish","hentry"],"yoast_head":"<!-- This site is optimized with the Yoast SEO plugin v27.2 - https:\/\/yoast.com\/product\/yoast-seo-wordpress\/ -->\n<title>Inzain \u00d6rebro Gravel Camp - INZAIN Cycling EXPERIENCES<\/title>\n<meta name=\"robots\" content=\"index, follow, max-snippet:-1, max-image-preview:large, max-video-preview:-1\" \/>\n<link rel=\"canonical\" href=\"https:\/\/inzain.bike\/fr\/inzain-orebro-gravel-camp\/\" \/>\n<meta property=\"og:locale\" content=\"fr_FR\" \/>\n<meta property=\"og:type\" content=\"article\" \/>\n<meta property=\"og:title\" content=\"Inzain \u00d6rebro Gravel Camp - INZAIN Cycling EXPERIENCES\" \/>\n<meta property=\"og:description\" content=\"V\u00e4lkommen till en fantastisk helg med Gravel runt \u00d6rebro N\u00e4r: 18-19 Juni 2022.Var: \u00d6rebroHur: Gravel Camp p\u00e5 fantastiska v\u00e4garBo: Man ordnar eget hotell, l\u00e4mpligen i \u00d6rebro Vi kommer att cykla tv\u00e5 h\u00e4rliga rundor, \u00e4ta bra och fika \u00e4nnu b\u00e4ttre. Vad kan du f\u00f6rv\u00e4nta dig?Vi cyklar f\u00f6r att ha trevligt, det \u00e4r inte n\u00e5gra intervaller och [&hellip;]\" \/>\n<meta property=\"og:url\" content=\"https:\/\/inzain.bike\/fr\/inzain-orebro-gravel-camp\/\" \/>\n<meta property=\"og:site_name\" content=\"INZAIN Cycling EXPERIENCES\" \/>\n<meta property=\"article:publisher\" content=\"https:\/\/www.facebook.com\/Inzain.bike\" \/>\n<meta property=\"article:modified_time\" content=\"2022-02-07T11:49:25+00:00\" \/>\n<meta property=\"og:image\" content=\"https:\/\/inzain.bike\/wp-content\/uploads\/2021\/10\/20210605_104540.jpg?w=1024\" \/>\n<meta name=\"twitter:card\" content=\"summary_large_image\" \/>\n<meta name=\"twitter:label1\" content=\"Dur\u00e9e de lecture estim\u00e9e\" \/>\n\t<meta name=\"twitter:data1\" content=\"2 minutes\" \/>\n<script type=\"application\/ld+json\" class=\"yoast-schema-graph\">{\"@context\":\"https:\/\/schema.org\",\"@graph\":[{\"@type\":\"WebPage\",\"@id\":\"https:\/\/inzain.bike\/da\/inzain-orebro-gravel-camp\/\",\"url\":\"https:\/\/inzain.bike\/da\/inzain-orebro-gravel-camp\/\",\"name\":\"Inzain \u00d6rebro Gravel Camp - INZAIN Cycling EXPERIENCES\",\"isPartOf\":{\"@id\":\"https:\/\/inzain.bike\/fr_be\/#website\"},\"primaryImageOfPage\":{\"@id\":\"https:\/\/inzain.bike\/da\/inzain-orebro-gravel-camp\/#primaryimage\"},\"image\":{\"@id\":\"https:\/\/inzain.bike\/da\/inzain-orebro-gravel-camp\/#primaryimage\"},\"thumbnailUrl\":\"https:\/\/inzain.bike\/wp-content\/uploads\/2021\/10\/20210605_104540.jpg?w=1024\",\"datePublished\":\"2021-10-06T08:16:09+00:00\",\"dateModified\":\"2022-02-07T11:49:25+00:00\",\"breadcrumb\":{\"@id\":\"https:\/\/inzain.bike\/da\/inzain-orebro-gravel-camp\/#breadcrumb\"},\"inLanguage\":\"fr-FR\",\"potentialAction\":[{\"@type\":\"ReadAction\",\"target\":[\"https:\/\/inzain.bike\/da\/inzain-orebro-gravel-camp\/\"]}]},{\"@type\":\"ImageObject\",\"inLanguage\":\"fr-FR\",\"@id\":\"https:\/\/inzain.bike\/da\/inzain-orebro-gravel-camp\/#primaryimage\",\"url\":\"https:\/\/inzain.bike\/wp-content\/uploads\/2021\/10\/20210605_104540.jpg?w=1024\",\"contentUrl\":\"https:\/\/inzain.bike\/wp-content\/uploads\/2021\/10\/20210605_104540.jpg?w=1024\"},{\"@type\":\"BreadcrumbList\",\"@id\":\"https:\/\/inzain.bike\/da\/inzain-orebro-gravel-camp\/#breadcrumb\",\"itemListElement\":[{\"@type\":\"ListItem\",\"position\":1,\"name\":\"Hem\",\"item\":\"https:\/\/inzain.bike\/fr_be\/\"},{\"@type\":\"ListItem\",\"position\":2,\"name\":\"Inzain \u00d6rebro Gravel Camp\"}]},{\"@type\":\"WebSite\",\"@id\":\"https:\/\/inzain.bike\/fr_be\/#website\",\"url\":\"https:\/\/inzain.bike\/fr_be\/\",\"name\":\"INZAIN Cycling EXPERIENCES\",\"description\":\"Cyckling Adventures  - for everyone\",\"publisher\":{\"@id\":\"https:\/\/inzain.bike\/fr_be\/#organization\"},\"alternateName\":\"INZAIN Gravel & Travel\",\"potentialAction\":[{\"@type\":\"SearchAction\",\"target\":{\"@type\":\"EntryPoint\",\"urlTemplate\":\"https:\/\/inzain.bike\/fr_be\/?s={search_term_string}\"},\"query-input\":{\"@type\":\"PropertyValueSpecification\",\"valueRequired\":true,\"valueName\":\"search_term_string\"}}],\"inLanguage\":\"fr-FR\"},{\"@type\":\"Organization\",\"@id\":\"https:\/\/inzain.bike\/fr_be\/#organization\",\"name\":\"INZAIN Cycling EXPERIENCES\",\"url\":\"https:\/\/inzain.bike\/fr_be\/\",\"logo\":{\"@type\":\"ImageObject\",\"inLanguage\":\"fr-FR\",\"@id\":\"https:\/\/inzain.bike\/fr_be\/#\/schema\/logo\/image\/\",\"url\":\"https:\/\/i0.wp.com\/inzain.bike\/wp-content\/uploads\/2023\/09\/cropped-INZAIN_512x512_white.png?fit=512%2C512&ssl=1\",\"contentUrl\":\"https:\/\/i0.wp.com\/inzain.bike\/wp-content\/uploads\/2023\/09\/cropped-INZAIN_512x512_white.png?fit=512%2C512&ssl=1\",\"width\":512,\"height\":512,\"caption\":\"INZAIN Cycling EXPERIENCES\"},\"image\":{\"@id\":\"https:\/\/inzain.bike\/fr_be\/#\/schema\/logo\/image\/\"},\"sameAs\":[\"https:\/\/www.facebook.com\/Inzain.bike\",\"https:\/\/www.instagram.com\/inzainbike\"]}]}<\/script>\n<!-- \/ Yoast SEO plugin. -->","yoast_head_json":{"title":"Inzain \u00d6rebro Gravel Camp - EXP\u00c9RIENCES Cyclistes INZAIN","robots":{"index":"index","follow":"follow","max-snippet":"max-snippet:-1","max-image-preview":"max-image-preview:large","max-video-preview":"max-video-preview:-1"},"canonical":"https:\/\/inzain.bike\/fr\/inzain-orebro-gravel-camp\/","og_locale":"fr_FR","og_type":"article","og_title":"Inzain \u00d6rebro Gravel Camp - INZAIN Cycling EXPERIENCES","og_description":"V\u00e4lkommen till en fantastisk helg med Gravel runt \u00d6rebro N\u00e4r: 18-19 Juni 2022.Var: \u00d6rebroHur: Gravel Camp p\u00e5 fantastiska v\u00e4garBo: Man ordnar eget hotell, l\u00e4mpligen i \u00d6rebro Vi kommer att cykla tv\u00e5 h\u00e4rliga rundor, \u00e4ta bra och fika \u00e4nnu b\u00e4ttre. Vad kan du f\u00f6rv\u00e4nta dig?Vi cyklar f\u00f6r att ha trevligt, det \u00e4r inte n\u00e5gra intervaller och [&hellip;]","og_url":"https:\/\/inzain.bike\/fr\/inzain-orebro-gravel-camp\/","og_site_name":"INZAIN Cycling EXPERIENCES","article_publisher":"https:\/\/www.facebook.com\/Inzain.bike","article_modified_time":"2022-02-07T11:49:25+00:00","og_image":[{"url":"https:\/\/inzain.bike\/wp-content\/uploads\/2021\/10\/20210605_104540.jpg?w=1024","type":"","width":"","height":""}],"twitter_card":"summary_large_image","twitter_misc":{"Dur\u00e9e de lecture estim\u00e9e":"2 minutes"},"schema":{"@context":"https:\/\/schema.org","@graph":[{"@type":"WebPage","@id":"https:\/\/inzain.bike\/da\/inzain-orebro-gravel-camp\/","url":"https:\/\/inzain.bike\/da\/inzain-orebro-gravel-camp\/","name":"Inzain \u00d6rebro Gravel Camp - EXP\u00c9RIENCES Cyclistes INZAIN","isPartOf":{"@id":"https:\/\/inzain.bike\/fr_be\/#website"},"primaryImageOfPage":{"@id":"https:\/\/inzain.bike\/da\/inzain-orebro-gravel-camp\/#primaryimage"},"image":{"@id":"https:\/\/inzain.bike\/da\/inzain-orebro-gravel-camp\/#primaryimage"},"thumbnailUrl":"https:\/\/inzain.bike\/wp-content\/uploads\/2021\/10\/20210605_104540.jpg?w=1024","datePublished":"2021-10-06T08:16:09+00:00","dateModified":"2022-02-07T11:49:25+00:00","breadcrumb":{"@id":"https:\/\/inzain.bike\/da\/inzain-orebro-gravel-camp\/#breadcrumb"},"inLanguage":"fr-FR","potentialAction":[{"@type":"ReadAction","target":["https:\/\/inzain.bike\/da\/inzain-orebro-gravel-camp\/"]}]},{"@type":"ImageObject","inLanguage":"fr-FR","@id":"https:\/\/inzain.bike\/da\/inzain-orebro-gravel-camp\/#primaryimage","url":"https:\/\/inzain.bike\/wp-content\/uploads\/2021\/10\/20210605_104540.jpg?w=1024","contentUrl":"https:\/\/inzain.bike\/wp-content\/uploads\/2021\/10\/20210605_104540.jpg?w=1024"},{"@type":"BreadcrumbList","@id":"https:\/\/inzain.bike\/da\/inzain-orebro-gravel-camp\/#breadcrumb","itemListElement":[{"@type":"ListItem","position":1,"name":"Hem","item":"https:\/\/inzain.bike\/fr_be\/"},{"@type":"ListItem","position":2,"name":"Inzain \u00d6rebro Gravel Camp"}]},{"@type":"WebSite","@id":"https:\/\/inzain.bike\/fr_be\/#website","url":"https:\/\/inzain.bike\/fr_be\/","name":"EXP\u00c9RIENCES Cyclistes INZAIN","description":"Aventures \u00e0 v\u00e9lo - pour tous","publisher":{"@id":"https:\/\/inzain.bike\/fr_be\/#organization"},"alternateName":"INZAIN Gravel & Travel","potentialAction":[{"@type":"SearchAction","target":{"@type":"EntryPoint","urlTemplate":"https:\/\/inzain.bike\/fr_be\/?s={search_term_string}"},"query-input":{"@type":"PropertyValueSpecification","valueRequired":true,"valueName":"search_term_string"}}],"inLanguage":"fr-FR"},{"@type":"Organization","@id":"https:\/\/inzain.bike\/fr_be\/#organization","name":"EXP\u00c9RIENCES Cyclistes INZAIN","url":"https:\/\/inzain.bike\/fr_be\/","logo":{"@type":"ImageObject","inLanguage":"fr-FR","@id":"https:\/\/inzain.bike\/fr_be\/#\/schema\/logo\/image\/","url":"https:\/\/i0.wp.com\/inzain.bike\/wp-content\/uploads\/2023\/09\/cropped-INZAIN_512x512_white.png?fit=512%2C512&ssl=1","contentUrl":"https:\/\/i0.wp.com\/inzain.bike\/wp-content\/uploads\/2023\/09\/cropped-INZAIN_512x512_white.png?fit=512%2C512&ssl=1","width":512,"height":512,"caption":"INZAIN Cycling EXPERIENCES"},"image":{"@id":"https:\/\/inzain.bike\/fr_be\/#\/schema\/logo\/image\/"},"sameAs":["https:\/\/www.facebook.com\/Inzain.bike","https:\/\/www.instagram.com\/inzainbike"]}]}},"amp_enabled":true,"_links":{"self":[{"href":"https:\/\/inzain.bike\/fr\/wp-json\/wp\/v2\/pages\/671","targetHints":{"allow":["GET"]}}],"collection":[{"href":"https:\/\/inzain.bike\/fr\/wp-json\/wp\/v2\/pages"}],"about":[{"href":"https:\/\/inzain.bike\/fr\/wp-json\/wp\/v2\/types\/page"}],"author":[{"embeddable":true,"href":"https:\/\/inzain.bike\/fr\/wp-json\/wp\/v2\/users\/135133094"}],"replies":[{"embeddable":true,"href":"https:\/\/inzain.bike\/fr\/wp-json\/wp\/v2\/comments?post=671"}],"version-history":[{"count":0,"href":"https:\/\/inzain.bike\/fr\/wp-json\/wp\/v2\/pages\/671\/revisions"}],"wp:attachment":[{"href":"https:\/\/inzain.bike\/fr\/wp-json\/wp\/v2\/media?parent=671"}],"curies":[{"name":"wp","href":"https:\/\/api.w.org\/{rel}","templated":true}]}}