{"id":6823,"date":"2024-02-26T17:23:09","date_gmt":"2024-02-26T16:23:09","guid":{"rendered":"https:\/\/inzain.bike\/?page_id=6823"},"modified":"2026-03-18T12:32:58","modified_gmt":"2026-03-18T11:32:58","slug":"tus26-travel","status":"publish","type":"page","link":"https:\/\/inzain.bike\/fr\/tus26-travel\/","title":{"rendered":"Toscane 2026 Voyages et transports"},"content":{"rendered":"<figure class=\"wp-block-image alignwide size-large\"><img loading=\"lazy\" decoding=\"async\" width=\"1024\" height=\"682\" src=\"https:\/\/inzain.bike\/wp-content\/uploads\/2023\/11\/pexels-pixabay-47044-1024x682.jpg\" alt=\"\" class=\"wp-image-4035\" srcset=\"https:\/\/inzain.bike\/wp-content\/uploads\/2023\/11\/pexels-pixabay-47044-1024x682.jpg 1024w, https:\/\/inzain.bike\/wp-content\/uploads\/2023\/11\/pexels-pixabay-47044-300x200.jpg 300w, https:\/\/inzain.bike\/wp-content\/uploads\/2023\/11\/pexels-pixabay-47044-768x512.jpg 768w, https:\/\/inzain.bike\/wp-content\/uploads\/2023\/11\/pexels-pixabay-47044-1536x1024.jpg 1536w, https:\/\/inzain.bike\/wp-content\/uploads\/2023\/11\/pexels-pixabay-47044-18x12.jpg 18w, https:\/\/inzain.bike\/wp-content\/uploads\/2023\/11\/pexels-pixabay-47044-1320x880.jpg 1320w, https:\/\/inzain.bike\/wp-content\/uploads\/2023\/11\/pexels-pixabay-47044-600x400.jpg 600w, https:\/\/inzain.bike\/wp-content\/uploads\/2023\/11\/pexels-pixabay-47044.jpg 2000w\" sizes=\"auto, (max-width: 1024px) 100vw, 1024px\" \/><\/figure>\n\n\n\n<div class=\"wp-block-columns alignwide is-layout-flex wp-container-core-columns-is-layout-28f84493 wp-block-columns-is-layout-flex\">\n<div class=\"wp-block-column is-layout-flow wp-block-column-is-layout-flow\">\n<p><p class=\"has-roboto-font-family has-custom-font\" style=\"font-family:Roboto\"><strong>Vol retour vers Stockholm<\/strong><\/p><\/p>\n\n\n\n<p>Nous avons organis\u00e9 des vols depuis Stockholm. Nous volons avec SAS, vols directs et espace pour 14 v\u00e9los. Si vous venez sans v\u00e9lo, il y a six places suppl\u00e9mentaires. Il est bon de louer un v\u00e9lo, par exemple \u00e0 Sienne<\/p>\n\n\n\n<p>Si vous souhaitez voyager seul, sachez que notre transfert est coordonn\u00e9 avec les vols au d\u00e9part et \u00e0 destination de Stockholm.<\/p>\n\n\n\n<figure class=\"wp-block-table\"><table><tbody><tr><td>SK1915<\/td><td>Ven. 2026-10-02<\/td><td>Stockholm Arlanda (ARN) 06:10<\/td><td>Florence (FLR) 09:10<\/td><\/tr><tr><td>SK1916<\/td><td>Ven. 09\/10\/2026<\/td><td>Florence (FLR) 10:00<\/td><td>Stockholm Arlanda (ARN) 12:50<\/td><\/tr><\/tbody><\/table><\/figure>\n\n\n\n<p><strong>Transferts et transports locaux<\/strong><\/p>\n\n\n\n<div class=\"wp-block-columns is-layout-flex wp-container-core-columns-is-layout-28f84493 wp-block-columns-is-layout-flex\">\n<div class=\"wp-block-column is-layout-flow wp-block-column-is-layout-flow\">\n<figure class=\"wp-block-image size-large\"><img loading=\"lazy\" decoding=\"async\" width=\"1024\" height=\"683\" src=\"https:\/\/inzain.bike\/wp-content\/uploads\/2023\/11\/minivan-1024x683.jpg\" alt=\"\" class=\"wp-image-4039\" srcset=\"https:\/\/inzain.bike\/wp-content\/uploads\/2023\/11\/minivan-1024x683.jpg 1024w, https:\/\/inzain.bike\/wp-content\/uploads\/2023\/11\/minivan-300x200.jpg 300w, https:\/\/inzain.bike\/wp-content\/uploads\/2023\/11\/minivan-768x512.jpg 768w, https:\/\/inzain.bike\/wp-content\/uploads\/2023\/11\/minivan-1536x1025.jpg 1536w, https:\/\/inzain.bike\/wp-content\/uploads\/2023\/11\/minivan-18x12.jpg 18w, https:\/\/inzain.bike\/wp-content\/uploads\/2023\/11\/minivan-1320x880.jpg 1320w, https:\/\/inzain.bike\/wp-content\/uploads\/2023\/11\/minivan-600x400.jpg 600w, https:\/\/inzain.bike\/wp-content\/uploads\/2023\/11\/minivan.jpg 2000w\" sizes=\"auto, (max-width: 1024px) 100vw, 1024px\" \/><\/figure>\n<\/div>\n\n\n\n<div class=\"wp-block-column is-layout-flow wp-block-column-is-layout-flow\">\n<p>Nous proposons des transferts priv\u00e9s entre l&#039;a\u00e9roport et votre h\u00e9bergement. Rapides et sans encombre.<\/p>\n\n\n\n<p>En semaine, notre compagnon de route prend en charge, il offre de la place aussi bien pour les v\u00e9los que pour les cyclistes.<\/p>\n<\/div>\n<\/div>\n<\/div>\n<\/div>\n\n\n\n<div class=\"wp-block-columns alignwide is-layout-flex wp-container-core-columns-is-layout-28f84493 wp-block-columns-is-layout-flex\">\n<div class=\"wp-block-column is-layout-flow wp-block-column-is-layout-flow\">\n<p>Notre objectif est que vous, en tant qu&#039;invit\u00e9, soyez aussi satisfait que possible. Nous devons avoir anticip\u00e9 tous les besoins et souhaits \u00e0 l&#039;avance, car vous et votre exp\u00e9rience \u00eates la seule chose qui nous int\u00e9resse.<\/p>\n\n\n\n<p>Nous voulons vous offrir une exp\u00e9rience que vous n&#039;oublierez jamais, une exp\u00e9rience qui offre de l&#039;activit\u00e9 physique, de la d\u00e9tente, de la nature, de la culture, de l&#039;excitation, de la bonne nourriture, beaucoup de rires, des amis et des souvenirs qui dureront toute une vie.<\/p>\n\n\n\n<p><\/p>\n<\/div>\n\n\n\n<div class=\"wp-block-column is-layout-flow wp-block-column-is-layout-flow\">\n<figure class=\"wp-block-image size-large\"><img loading=\"lazy\" decoding=\"async\" width=\"768\" height=\"1024\" src=\"https:\/\/inzain.bike\/wp-content\/uploads\/2025\/03\/461949380_10160988089234051_5876542048556769274_n-768x1024.jpg\" alt=\"\" class=\"wp-image-7902\" srcset=\"https:\/\/inzain.bike\/wp-content\/uploads\/2025\/03\/461949380_10160988089234051_5876542048556769274_n-768x1024.jpg 768w, https:\/\/inzain.bike\/wp-content\/uploads\/2025\/03\/461949380_10160988089234051_5876542048556769274_n-225x300.jpg 225w, https:\/\/inzain.bike\/wp-content\/uploads\/2025\/03\/461949380_10160988089234051_5876542048556769274_n-1152x1536.jpg 1152w, https:\/\/inzain.bike\/wp-content\/uploads\/2025\/03\/461949380_10160988089234051_5876542048556769274_n-9x12.jpg 9w, https:\/\/inzain.bike\/wp-content\/uploads\/2025\/03\/461949380_10160988089234051_5876542048556769274_n-1320x1760.jpg 1320w, https:\/\/inzain.bike\/wp-content\/uploads\/2025\/03\/461949380_10160988089234051_5876542048556769274_n-600x800.jpg 600w, https:\/\/inzain.bike\/wp-content\/uploads\/2025\/03\/461949380_10160988089234051_5876542048556769274_n.jpg 1536w\" sizes=\"auto, (max-width: 768px) 100vw, 768px\" \/><\/figure>\n<\/div>\n<\/div>","protected":false},"excerpt":{"rendered":"<p>Flyg tur och retur Stockholm Vi har ordnat flyg fr\u00e5n Stockholm. Vi flyger med SAS, direktflyg och plats f\u00f6r 14 cyklar. Kommer du utan cykel finns ytterligare sex platser. Det g\u00e5r bra att hyra cykel i till exempel Siena Vill du flyga p\u00e5 egen hand, s\u00e5 \u00e4r det bra att veta att v\u00e5r transfer \u00e4r [&hellip;]<\/p>\n","protected":false},"author":135133094,"featured_media":0,"parent":0,"menu_order":0,"comment_status":"closed","ping_status":"closed","template":"","meta":{"_coblocks_attr":"","_coblocks_dimensions":"","_coblocks_responsive_height":"","_coblocks_accordion_ie_support":"","footnotes":""},"class_list":["post-6823","page","type-page","status-publish","hentry"],"yoast_head":"<!-- This site is optimized with the Yoast SEO plugin v27.2 - https:\/\/yoast.com\/product\/yoast-seo-wordpress\/ -->\n<title>Toscana 2026 Resa och Transport - INZAIN Cycling EXPERIENCES<\/title>\n<meta name=\"robots\" content=\"index, follow, max-snippet:-1, max-image-preview:large, max-video-preview:-1\" \/>\n<link rel=\"canonical\" href=\"https:\/\/inzain.bike\/fr\/tus26-travel\/\" \/>\n<meta property=\"og:locale\" content=\"fr_FR\" \/>\n<meta property=\"og:type\" content=\"article\" \/>\n<meta property=\"og:title\" content=\"Toscana 2026 Resa och Transport - INZAIN Cycling EXPERIENCES\" \/>\n<meta property=\"og:description\" content=\"Flyg tur och retur Stockholm Vi har ordnat flyg fr\u00e5n Stockholm. Vi flyger med SAS, direktflyg och plats f\u00f6r 14 cyklar. Kommer du utan cykel finns ytterligare sex platser. Det g\u00e5r bra att hyra cykel i till exempel Siena Vill du flyga p\u00e5 egen hand, s\u00e5 \u00e4r det bra att veta att v\u00e5r transfer \u00e4r [&hellip;]\" \/>\n<meta property=\"og:url\" content=\"https:\/\/inzain.bike\/fr\/tus26-travel\/\" \/>\n<meta property=\"og:site_name\" content=\"INZAIN Cycling EXPERIENCES\" \/>\n<meta property=\"article:publisher\" content=\"https:\/\/www.facebook.com\/Inzain.bike\" \/>\n<meta property=\"article:modified_time\" content=\"2026-03-18T11:32:58+00:00\" \/>\n<meta property=\"og:image\" content=\"https:\/\/inzain.bike\/wp-content\/uploads\/2023\/11\/pexels-pixabay-47044.jpg\" \/>\n\t<meta property=\"og:image:width\" content=\"2000\" \/>\n\t<meta property=\"og:image:height\" content=\"1333\" \/>\n\t<meta property=\"og:image:type\" content=\"image\/jpeg\" \/>\n<meta name=\"twitter:card\" content=\"summary_large_image\" \/>\n<meta name=\"twitter:label1\" content=\"Dur\u00e9e de lecture estim\u00e9e\" \/>\n\t<meta name=\"twitter:data1\" content=\"2 minutes\" \/>\n<script type=\"application\/ld+json\" class=\"yoast-schema-graph\">{\"@context\":\"https:\/\/schema.org\",\"@graph\":[{\"@type\":\"WebPage\",\"@id\":\"https:\/\/inzain.bike\/tus26-travel\/\",\"url\":\"https:\/\/inzain.bike\/tus26-travel\/\",\"name\":\"Toscana 2026 Resa och Transport - INZAIN Cycling EXPERIENCES\",\"isPartOf\":{\"@id\":\"https:\/\/inzain.bike\/fr_be\/#website\"},\"primaryImageOfPage\":{\"@id\":\"https:\/\/inzain.bike\/tus26-travel\/#primaryimage\"},\"image\":{\"@id\":\"https:\/\/inzain.bike\/tus26-travel\/#primaryimage\"},\"thumbnailUrl\":\"https:\/\/inzain.bike\/wp-content\/uploads\/2023\/11\/pexels-pixabay-47044-1024x682.jpg\",\"datePublished\":\"2024-02-26T16:23:09+00:00\",\"dateModified\":\"2026-03-18T11:32:58+00:00\",\"breadcrumb\":{\"@id\":\"https:\/\/inzain.bike\/tus26-travel\/#breadcrumb\"},\"inLanguage\":\"fr-FR\",\"potentialAction\":[{\"@type\":\"ReadAction\",\"target\":[\"https:\/\/inzain.bike\/tus26-travel\/\"]}]},{\"@type\":\"ImageObject\",\"inLanguage\":\"fr-FR\",\"@id\":\"https:\/\/inzain.bike\/tus26-travel\/#primaryimage\",\"url\":\"https:\/\/inzain.bike\/wp-content\/uploads\/2023\/11\/pexels-pixabay-47044-1024x682.jpg\",\"contentUrl\":\"https:\/\/inzain.bike\/wp-content\/uploads\/2023\/11\/pexels-pixabay-47044-1024x682.jpg\"},{\"@type\":\"BreadcrumbList\",\"@id\":\"https:\/\/inzain.bike\/tus26-travel\/#breadcrumb\",\"itemListElement\":[{\"@type\":\"ListItem\",\"position\":1,\"name\":\"Hem\",\"item\":\"https:\/\/inzain.bike\/fr_be\/\"},{\"@type\":\"ListItem\",\"position\":2,\"name\":\"Toscana 2026 Resa och Transport\"}]},{\"@type\":\"WebSite\",\"@id\":\"https:\/\/inzain.bike\/fr_be\/#website\",\"url\":\"https:\/\/inzain.bike\/fr_be\/\",\"name\":\"INZAIN Cycling EXPERIENCES\",\"description\":\"Cyckling Adventures  - for everyone\",\"publisher\":{\"@id\":\"https:\/\/inzain.bike\/fr_be\/#organization\"},\"alternateName\":\"INZAIN Gravel & Travel\",\"potentialAction\":[{\"@type\":\"SearchAction\",\"target\":{\"@type\":\"EntryPoint\",\"urlTemplate\":\"https:\/\/inzain.bike\/fr_be\/?s={search_term_string}\"},\"query-input\":{\"@type\":\"PropertyValueSpecification\",\"valueRequired\":true,\"valueName\":\"search_term_string\"}}],\"inLanguage\":\"fr-FR\"},{\"@type\":\"Organization\",\"@id\":\"https:\/\/inzain.bike\/fr_be\/#organization\",\"name\":\"INZAIN Cycling EXPERIENCES\",\"url\":\"https:\/\/inzain.bike\/fr_be\/\",\"logo\":{\"@type\":\"ImageObject\",\"inLanguage\":\"fr-FR\",\"@id\":\"https:\/\/inzain.bike\/fr_be\/#\/schema\/logo\/image\/\",\"url\":\"https:\/\/i0.wp.com\/inzain.bike\/wp-content\/uploads\/2023\/09\/cropped-INZAIN_512x512_white.png?fit=512%2C512&ssl=1\",\"contentUrl\":\"https:\/\/i0.wp.com\/inzain.bike\/wp-content\/uploads\/2023\/09\/cropped-INZAIN_512x512_white.png?fit=512%2C512&ssl=1\",\"width\":512,\"height\":512,\"caption\":\"INZAIN Cycling EXPERIENCES\"},\"image\":{\"@id\":\"https:\/\/inzain.bike\/fr_be\/#\/schema\/logo\/image\/\"},\"sameAs\":[\"https:\/\/www.facebook.com\/Inzain.bike\",\"https:\/\/www.instagram.com\/inzainbike\"]}]}<\/script>\n<!-- \/ Yoast SEO plugin. -->","yoast_head_json":{"title":"Toscana 2026 Resa och Transport - INZAIN Cycling EXPERIENCES","robots":{"index":"index","follow":"follow","max-snippet":"max-snippet:-1","max-image-preview":"max-image-preview:large","max-video-preview":"max-video-preview:-1"},"canonical":"https:\/\/inzain.bike\/fr\/tus26-travel\/","og_locale":"fr_FR","og_type":"article","og_title":"Toscana 2026 Resa och Transport - INZAIN Cycling EXPERIENCES","og_description":"Flyg tur och retur Stockholm Vi har ordnat flyg fr\u00e5n Stockholm. Vi flyger med SAS, direktflyg och plats f\u00f6r 14 cyklar. Kommer du utan cykel finns ytterligare sex platser. Det g\u00e5r bra att hyra cykel i till exempel Siena Vill du flyga p\u00e5 egen hand, s\u00e5 \u00e4r det bra att veta att v\u00e5r transfer \u00e4r [&hellip;]","og_url":"https:\/\/inzain.bike\/fr\/tus26-travel\/","og_site_name":"INZAIN Cycling EXPERIENCES","article_publisher":"https:\/\/www.facebook.com\/Inzain.bike","article_modified_time":"2026-03-18T11:32:58+00:00","og_image":[{"width":2000,"height":1333,"url":"https:\/\/inzain.bike\/wp-content\/uploads\/2023\/11\/pexels-pixabay-47044.jpg","type":"image\/jpeg"}],"twitter_card":"summary_large_image","twitter_misc":{"Dur\u00e9e de lecture estim\u00e9e":"2 minutes"},"schema":{"@context":"https:\/\/schema.org","@graph":[{"@type":"WebPage","@id":"https:\/\/inzain.bike\/tus26-travel\/","url":"https:\/\/inzain.bike\/tus26-travel\/","name":"Toscana 2026 Resa och Transport - INZAIN Cycling EXPERIENCES","isPartOf":{"@id":"https:\/\/inzain.bike\/fr_be\/#website"},"primaryImageOfPage":{"@id":"https:\/\/inzain.bike\/tus26-travel\/#primaryimage"},"image":{"@id":"https:\/\/inzain.bike\/tus26-travel\/#primaryimage"},"thumbnailUrl":"https:\/\/inzain.bike\/wp-content\/uploads\/2023\/11\/pexels-pixabay-47044-1024x682.jpg","datePublished":"2024-02-26T16:23:09+00:00","dateModified":"2026-03-18T11:32:58+00:00","breadcrumb":{"@id":"https:\/\/inzain.bike\/tus26-travel\/#breadcrumb"},"inLanguage":"fr-FR","potentialAction":[{"@type":"ReadAction","target":["https:\/\/inzain.bike\/tus26-travel\/"]}]},{"@type":"ImageObject","inLanguage":"fr-FR","@id":"https:\/\/inzain.bike\/tus26-travel\/#primaryimage","url":"https:\/\/inzain.bike\/wp-content\/uploads\/2023\/11\/pexels-pixabay-47044-1024x682.jpg","contentUrl":"https:\/\/inzain.bike\/wp-content\/uploads\/2023\/11\/pexels-pixabay-47044-1024x682.jpg"},{"@type":"BreadcrumbList","@id":"https:\/\/inzain.bike\/tus26-travel\/#breadcrumb","itemListElement":[{"@type":"ListItem","position":1,"name":"Hem","item":"https:\/\/inzain.bike\/fr_be\/"},{"@type":"ListItem","position":2,"name":"Toscana 2026 Resa och Transport"}]},{"@type":"WebSite","@id":"https:\/\/inzain.bike\/fr_be\/#website","url":"https:\/\/inzain.bike\/fr_be\/","name":"EXP\u00c9RIENCES Cyclistes INZAIN","description":"Aventures \u00e0 v\u00e9lo - pour tous","publisher":{"@id":"https:\/\/inzain.bike\/fr_be\/#organization"},"alternateName":"INZAIN Gravel & Travel","potentialAction":[{"@type":"SearchAction","target":{"@type":"EntryPoint","urlTemplate":"https:\/\/inzain.bike\/fr_be\/?s={search_term_string}"},"query-input":{"@type":"PropertyValueSpecification","valueRequired":true,"valueName":"search_term_string"}}],"inLanguage":"fr-FR"},{"@type":"Organization","@id":"https:\/\/inzain.bike\/fr_be\/#organization","name":"EXP\u00c9RIENCES Cyclistes INZAIN","url":"https:\/\/inzain.bike\/fr_be\/","logo":{"@type":"ImageObject","inLanguage":"fr-FR","@id":"https:\/\/inzain.bike\/fr_be\/#\/schema\/logo\/image\/","url":"https:\/\/i0.wp.com\/inzain.bike\/wp-content\/uploads\/2023\/09\/cropped-INZAIN_512x512_white.png?fit=512%2C512&ssl=1","contentUrl":"https:\/\/i0.wp.com\/inzain.bike\/wp-content\/uploads\/2023\/09\/cropped-INZAIN_512x512_white.png?fit=512%2C512&ssl=1","width":512,"height":512,"caption":"INZAIN Cycling EXPERIENCES"},"image":{"@id":"https:\/\/inzain.bike\/fr_be\/#\/schema\/logo\/image\/"},"sameAs":["https:\/\/www.facebook.com\/Inzain.bike","https:\/\/www.instagram.com\/inzainbike"]}]}},"amp_enabled":true,"_links":{"self":[{"href":"https:\/\/inzain.bike\/fr\/wp-json\/wp\/v2\/pages\/6823","targetHints":{"allow":["GET"]}}],"collection":[{"href":"https:\/\/inzain.bike\/fr\/wp-json\/wp\/v2\/pages"}],"about":[{"href":"https:\/\/inzain.bike\/fr\/wp-json\/wp\/v2\/types\/page"}],"author":[{"embeddable":true,"href":"https:\/\/inzain.bike\/fr\/wp-json\/wp\/v2\/users\/135133094"}],"replies":[{"embeddable":true,"href":"https:\/\/inzain.bike\/fr\/wp-json\/wp\/v2\/comments?post=6823"}],"version-history":[{"count":5,"href":"https:\/\/inzain.bike\/fr\/wp-json\/wp\/v2\/pages\/6823\/revisions"}],"predecessor-version":[{"id":10187,"href":"https:\/\/inzain.bike\/fr\/wp-json\/wp\/v2\/pages\/6823\/revisions\/10187"}],"wp:attachment":[{"href":"https:\/\/inzain.bike\/fr\/wp-json\/wp\/v2\/media?parent=6823"}],"curies":[{"name":"wp","href":"https:\/\/api.w.org\/{rel}","templated":true}]}}