{"id":7520,"date":"2024-08-09T10:11:35","date_gmt":"2024-08-09T08:11:35","guid":{"rendered":"https:\/\/inzain.bike\/?page_id=7520"},"modified":"2025-09-05T19:43:57","modified_gmt":"2025-09-05T17:43:57","slug":"goodpal","status":"publish","type":"page","link":"https:\/\/inzain.bike\/fr\/goodpal\/","title":{"rendered":"Concours d&#039;automne Gravel Good Pal"},"content":{"rendered":"\n<figure class=\"wp-block-image size-full\"><img loading=\"lazy\" decoding=\"async\" width=\"800\" height=\"432\" src=\"https:\/\/inzain.bike\/wp-content\/uploads\/2024\/08\/friends.webp\" alt=\"\" class=\"wp-image-7522\" srcset=\"https:\/\/inzain.bike\/wp-content\/uploads\/2024\/08\/friends.webp 800w, https:\/\/inzain.bike\/wp-content\/uploads\/2024\/08\/friends-300x162.webp 300w, https:\/\/inzain.bike\/wp-content\/uploads\/2024\/08\/friends-768x415.webp 768w, https:\/\/inzain.bike\/wp-content\/uploads\/2024\/08\/friends-18x10.webp 18w, https:\/\/inzain.bike\/wp-content\/uploads\/2024\/08\/friends-600x324.webp 600w\" sizes=\"auto, (max-width: 800px) 100vw, 800px\" \/><\/figure>\n\n\n\n<p>I samband med <a href=\"https:\/\/teamutangranser.se\/hostgruset-2025\/\">H\u00f6stGruset <\/a>som TUG arrangerar till f\u00f6rm\u00e5n f\u00f6r L\u00e4kare Utan s\u00e5 h\u00e5lls det en good pal t\u00e4vling<br><br>Vi vill premiera den goda kompisen. Den som hj\u00e4lper till, som fixar och arrangerar. Som tar hand om de som beh\u00f6ver st\u00f6d och rent allm\u00e4nt g\u00f6r gruscyklingen b\u00e4ttre.<\/p>\n\n\n\n<p>Nominera den person DU anser \u00e4r v\u00e4rd att vinna. Tre vinnare som utses av TUGs jury f\u00e5r varsin fin goodiebag fr\u00e5n L\u00e4kare Utan Gr\u00e4nser.<\/p>\n\n\n<style id=\"wpforms-css-vars-7526-block-baef0d61-5cda-4fab-93b8-53e7ca1e6837\">\n\t\t\t\t#wpforms-7526.wpforms-block-baef0d61-5cda-4fab-93b8-53e7ca1e6837 {\n\t\t\t\t--wpforms-field-size-input-height: 43px;\n--wpforms-field-size-input-spacing: 15px;\n--wpforms-field-size-font-size: 16px;\n--wpforms-field-size-line-height: 19px;\n--wpforms-field-size-padding-h: 14px;\n--wpforms-field-size-checkbox-size: 16px;\n--wpforms-field-size-sublabel-spacing: 5px;\n--wpforms-field-size-icon-size: 1;\n--wpforms-label-size-font-size: 16px;\n--wpforms-label-size-line-height: 19px;\n--wpforms-label-size-sublabel-font-size: 14px;\n--wpforms-label-size-sublabel-line-height: 17px;\n--wpforms-button-size-font-size: 17px;\n--wpforms-button-size-height: 41px;\n--wpforms-button-size-padding-h: 15px;\n--wpforms-button-size-margin-top: 10px;\n--wpforms-container-shadow-size-box-shadow: none;\n\t\t\t}\n\t\t\t<\/style><div class=\"wpforms-container wpforms-container-full wpforms-block wpforms-block-baef0d61-5cda-4fab-93b8-53e7ca1e6837 wpforms-render-modern\" id=\"wpforms-7526\"><form id=\"wpforms-form-7526\" class=\"wpforms-validate wpforms-form wpforms-ajax-form\" data-formid=\"7526\" method=\"post\" enctype=\"multipart\/form-data\" action=\"\/fr\/wp-json\/wp\/v2\/pages\/7520\" data-token=\"bf81449314fc5f6a404ace0edde4d90f\" data-token-time=\"1776255453\"><noscript class=\"wpforms-error-noscript\">Veuillez activer JavaScript dans votre navigateur pour remplir ce formulaire.<\/noscript><div id=\"wpforms-error-noscript\" style=\"display: none;\">Veuillez activer JavaScript dans votre navigateur pour remplir ce formulaire.<\/div><div class=\"wpforms-field-container\"><div id=\"wpforms-7526-field_0-container\" class=\"wpforms-field wpforms-field-name\" data-field-id=\"0\"><fieldset><legend class=\"wpforms-field-label\">Name <span class=\"wpforms-required-label\" aria-hidden=\"true\">*<\/span><\/legend><div class=\"wpforms-field-row wpforms-field-medium\"><div class=\"wpforms-field-row-block wpforms-first wpforms-one-half\"><input type=\"text\" id=\"wpforms-7526-field_0\" class=\"wpforms-field-name-first wpforms-field-required\" name=\"wpforms[fields][0][first]\" aria-errormessage=\"wpforms-7526-field_0-error\" aria-describedby=\"wpforms-7526-field_0-description\" required><label for=\"wpforms-7526-field_0\" class=\"wpforms-field-sublabel after\">Pr\u00e9nom<\/label><\/div><div class=\"wpforms-field-row-block wpforms-one-half\"><input type=\"text\" id=\"wpforms-7526-field_0-last\" class=\"wpforms-field-name-last wpforms-field-required\" name=\"wpforms[fields][0][last]\" aria-errormessage=\"wpforms-7526-field_0-last-error\" aria-describedby=\"wpforms-7526-field_0-description\" required><label for=\"wpforms-7526-field_0-last\" class=\"wpforms-field-sublabel after\">Nom<\/label><\/div><\/div><div id=\"wpforms-7526-field_0-description\" class=\"wpforms-field-description\">Ange ditt f\u00f6r och efternamn<\/div><\/fieldset><\/div><div id=\"wpforms-7526-field_1-container\" class=\"wpforms-field wpforms-field-email\" data-field-id=\"1\"><fieldset><legend class=\"wpforms-field-label\">Email <span class=\"wpforms-required-label\" aria-hidden=\"true\">*<\/span><\/legend><div class=\"wpforms-field-row wpforms-field-medium\"><div class=\"wpforms-field-row-block wpforms-one-half wpforms-first\"><input type=\"email\" id=\"wpforms-7526-field_1\" class=\"wpforms-field-required wpforms-field-email-primary\" name=\"wpforms[fields][1][primary]\" spellcheck=\"false\" aria-errormessage=\"wpforms-7526-field_1-error\" aria-describedby=\"wpforms-7526-field_1-description\" required><label for=\"wpforms-7526-field_1\" class=\"wpforms-field-sublabel after\">E-mail<\/label><\/div><div class=\"wpforms-field-row-block wpforms-one-half\"><input type=\"email\" id=\"wpforms-7526-field_1-secondary\" class=\"wpforms-field-email-secondary wpforms-field-required\" data-rule-confirm=\"#wpforms-7526-field_1\" name=\"wpforms[fields][1][secondary]\" spellcheck=\"false\" aria-errormessage=\"wpforms-7526-field_1-secondary-error\" aria-describedby=\"wpforms-7526-field_1-description\" required><label for=\"wpforms-7526-field_1-secondary\" class=\"wpforms-field-sublabel after\">Confirmez l\u2019e-mail<\/label><\/div><\/div><div id=\"wpforms-7526-field_1-description\" class=\"wpforms-field-description\">Ange din e-mail adress.<\/div><\/fieldset><\/div><div id=\"wpforms-7526-field_14-container\" class=\"wpforms-field wpforms-field-text\" data-field-id=\"14\"><label class=\"wpforms-field-label\" for=\"wpforms-7526-field_14\">Jag Nominerar <span class=\"wpforms-required-label\" aria-hidden=\"true\">*<\/span><\/label><input type=\"text\" id=\"wpforms-7526-field_14\" class=\"wpforms-field-medium wpforms-field-required\" name=\"wpforms[fields][14]\" aria-errormessage=\"wpforms-7526-field_14-error\" aria-describedby=\"wpforms-7526-field_14-description\" required><div id=\"wpforms-7526-field_14-description\" class=\"wpforms-field-description\">Skriv namnet p\u00e5 den du nominerar<\/div><\/div><div id=\"wpforms-7526-field_2-container\" class=\"wpforms-field wpforms-field-textarea\" data-field-id=\"2\"><label class=\"wpforms-field-label\" for=\"wpforms-7526-field_2\">Motivering <span class=\"wpforms-required-label\" aria-hidden=\"true\">*<\/span><\/label><textarea id=\"wpforms-7526-field_2\" class=\"wpforms-field-medium wpforms-field-required\" name=\"wpforms[fields][2]\" aria-errormessage=\"wpforms-7526-field_2-error\" aria-describedby=\"wpforms-7526-field_2-description\" required><\/textarea><div id=\"wpforms-7526-field_2-description\" class=\"wpforms-field-description\">Motivera varf\u00f6r den du nominerar \u00e4r v\u00e4rd att vinna.\nVad har hen gjort?<\/div><\/div><\/div><!-- .wpforms-field-container --><div class=\"wpforms-submit-container\" ><input type=\"hidden\" name=\"wpforms[id]\" value=\"7526\"><input type=\"hidden\" name=\"page_title\" value=\"\"><input type=\"hidden\" name=\"page_url\" value=\"https:\/\/inzain.bike\/fr\/wp-json\/wp\/v2\/pages\/7520\"><input type=\"hidden\" name=\"url_referer\" value=\"\"><button type=\"submit\" name=\"wpforms[submit]\" id=\"wpforms-submit-7526\" class=\"wpforms-submit\" data-alt-text=\"Sending...\" data-submit-text=\"Skicka In\" aria-live=\"assertive\" value=\"wpforms-submit\">Skicka In<\/button><img loading=\"lazy\" decoding=\"async\" src=\"https:\/\/inzain.bike\/wp-content\/plugins\/wpforms\/assets\/images\/submit-spin.svg\" class=\"wpforms-submit-spinner\" style=\"display: none;\" width=\"26\" height=\"26\" alt=\"Chargement en cours\"><\/div><\/form><\/div>  <!-- .wpforms-container -->","protected":false},"excerpt":{"rendered":"<p>I samband med H\u00f6stGruset som TUG arrangerar till f\u00f6rm\u00e5n f\u00f6r L\u00e4kare Utan s\u00e5 h\u00e5lls det en good pal t\u00e4vling Vi vill premiera den goda kompisen. Den som hj\u00e4lper till, som fixar och arrangerar. Som tar hand om de som beh\u00f6ver st\u00f6d och rent allm\u00e4nt g\u00f6r gruscyklingen b\u00e4ttre. Nominera den person DU anser \u00e4r v\u00e4rd att [&hellip;]<\/p>\n","protected":false},"author":203917875,"featured_media":0,"parent":0,"menu_order":0,"comment_status":"closed","ping_status":"closed","template":"","meta":{"_coblocks_attr":"","_coblocks_dimensions":"","_coblocks_responsive_height":"","_coblocks_accordion_ie_support":"","footnotes":""},"class_list":["post-7520","page","type-page","status-publish","hentry"],"yoast_head":"<!-- This site is optimized with the Yoast SEO plugin v27.2 - https:\/\/yoast.com\/product\/yoast-seo-wordpress\/ -->\n<title>H\u00f6stGruset Good Pal T\u00e4vling - INZAIN Cycling EXPERIENCES<\/title>\n<meta name=\"robots\" content=\"index, follow, max-snippet:-1, max-image-preview:large, max-video-preview:-1\" \/>\n<link rel=\"canonical\" href=\"https:\/\/inzain.bike\/fr\/goodpal\/\" \/>\n<meta property=\"og:locale\" content=\"fr_FR\" \/>\n<meta property=\"og:type\" content=\"article\" \/>\n<meta property=\"og:title\" content=\"H\u00f6stGruset Good Pal T\u00e4vling - INZAIN Cycling EXPERIENCES\" \/>\n<meta property=\"og:description\" content=\"I samband med H\u00f6stGruset som TUG arrangerar till f\u00f6rm\u00e5n f\u00f6r L\u00e4kare Utan s\u00e5 h\u00e5lls det en good pal t\u00e4vling Vi vill premiera den goda kompisen. Den som hj\u00e4lper till, som fixar och arrangerar. Som tar hand om de som beh\u00f6ver st\u00f6d och rent allm\u00e4nt g\u00f6r gruscyklingen b\u00e4ttre. Nominera den person DU anser \u00e4r v\u00e4rd att [&hellip;]\" \/>\n<meta property=\"og:url\" content=\"https:\/\/inzain.bike\/fr\/goodpal\/\" \/>\n<meta property=\"og:site_name\" content=\"INZAIN Cycling EXPERIENCES\" \/>\n<meta property=\"article:publisher\" content=\"https:\/\/www.facebook.com\/Inzain.bike\" \/>\n<meta property=\"article:modified_time\" content=\"2025-09-05T17:43:57+00:00\" \/>\n<meta property=\"og:image\" content=\"https:\/\/inzain.bike\/wp-content\/uploads\/2024\/08\/friends.webp\" \/>\n\t<meta property=\"og:image:width\" content=\"800\" \/>\n\t<meta property=\"og:image:height\" content=\"432\" \/>\n\t<meta property=\"og:image:type\" content=\"image\/webp\" \/>\n<meta name=\"twitter:card\" content=\"summary_large_image\" \/>\n<meta name=\"twitter:label1\" content=\"Dur\u00e9e de lecture estim\u00e9e\" \/>\n\t<meta name=\"twitter:data1\" content=\"1 minute\" \/>\n<script type=\"application\/ld+json\" class=\"yoast-schema-graph\">{\"@context\":\"https:\/\/schema.org\",\"@graph\":[{\"@type\":\"WebPage\",\"@id\":\"https:\/\/inzain.bike\/goodpal\/\",\"url\":\"https:\/\/inzain.bike\/goodpal\/\",\"name\":\"H\u00f6stGruset Good Pal T\u00e4vling - INZAIN Cycling EXPERIENCES\",\"isPartOf\":{\"@id\":\"https:\/\/inzain.bike\/fr_be\/#website\"},\"primaryImageOfPage\":{\"@id\":\"https:\/\/inzain.bike\/goodpal\/#primaryimage\"},\"image\":{\"@id\":\"https:\/\/inzain.bike\/goodpal\/#primaryimage\"},\"thumbnailUrl\":\"https:\/\/inzain.bike\/wp-content\/uploads\/2024\/08\/friends.webp\",\"datePublished\":\"2024-08-09T08:11:35+00:00\",\"dateModified\":\"2025-09-05T17:43:57+00:00\",\"breadcrumb\":{\"@id\":\"https:\/\/inzain.bike\/goodpal\/#breadcrumb\"},\"inLanguage\":\"fr-FR\",\"potentialAction\":[{\"@type\":\"ReadAction\",\"target\":[\"https:\/\/inzain.bike\/goodpal\/\"]}]},{\"@type\":\"ImageObject\",\"inLanguage\":\"fr-FR\",\"@id\":\"https:\/\/inzain.bike\/goodpal\/#primaryimage\",\"url\":\"https:\/\/inzain.bike\/wp-content\/uploads\/2024\/08\/friends.webp\",\"contentUrl\":\"https:\/\/inzain.bike\/wp-content\/uploads\/2024\/08\/friends.webp\"},{\"@type\":\"BreadcrumbList\",\"@id\":\"https:\/\/inzain.bike\/goodpal\/#breadcrumb\",\"itemListElement\":[{\"@type\":\"ListItem\",\"position\":1,\"name\":\"Hem\",\"item\":\"https:\/\/inzain.bike\/fr_be\/\"},{\"@type\":\"ListItem\",\"position\":2,\"name\":\"H\u00f6stGruset Good Pal T\u00e4vling\"}]},{\"@type\":\"WebSite\",\"@id\":\"https:\/\/inzain.bike\/fr_be\/#website\",\"url\":\"https:\/\/inzain.bike\/fr_be\/\",\"name\":\"INZAIN Cycling EXPERIENCES\",\"description\":\"Cyckling Adventures  - for everyone\",\"publisher\":{\"@id\":\"https:\/\/inzain.bike\/fr_be\/#organization\"},\"alternateName\":\"INZAIN Gravel & Travel\",\"potentialAction\":[{\"@type\":\"SearchAction\",\"target\":{\"@type\":\"EntryPoint\",\"urlTemplate\":\"https:\/\/inzain.bike\/fr_be\/?s={search_term_string}\"},\"query-input\":{\"@type\":\"PropertyValueSpecification\",\"valueRequired\":true,\"valueName\":\"search_term_string\"}}],\"inLanguage\":\"fr-FR\"},{\"@type\":\"Organization\",\"@id\":\"https:\/\/inzain.bike\/fr_be\/#organization\",\"name\":\"INZAIN Cycling EXPERIENCES\",\"url\":\"https:\/\/inzain.bike\/fr_be\/\",\"logo\":{\"@type\":\"ImageObject\",\"inLanguage\":\"fr-FR\",\"@id\":\"https:\/\/inzain.bike\/fr_be\/#\/schema\/logo\/image\/\",\"url\":\"https:\/\/i0.wp.com\/inzain.bike\/wp-content\/uploads\/2023\/09\/cropped-INZAIN_512x512_white.png?fit=512%2C512&ssl=1\",\"contentUrl\":\"https:\/\/i0.wp.com\/inzain.bike\/wp-content\/uploads\/2023\/09\/cropped-INZAIN_512x512_white.png?fit=512%2C512&ssl=1\",\"width\":512,\"height\":512,\"caption\":\"INZAIN Cycling EXPERIENCES\"},\"image\":{\"@id\":\"https:\/\/inzain.bike\/fr_be\/#\/schema\/logo\/image\/\"},\"sameAs\":[\"https:\/\/www.facebook.com\/Inzain.bike\",\"https:\/\/www.instagram.com\/inzainbike\"]}]}<\/script>\n<!-- \/ Yoast SEO plugin. -->","yoast_head_json":{"title":"H\u00f6stGruset Good Pal T\u00e4vling - INZAIN Cycling EXPERIENCES","robots":{"index":"index","follow":"follow","max-snippet":"max-snippet:-1","max-image-preview":"max-image-preview:large","max-video-preview":"max-video-preview:-1"},"canonical":"https:\/\/inzain.bike\/fr\/goodpal\/","og_locale":"fr_FR","og_type":"article","og_title":"H\u00f6stGruset Good Pal T\u00e4vling - INZAIN Cycling EXPERIENCES","og_description":"I samband med H\u00f6stGruset som TUG arrangerar till f\u00f6rm\u00e5n f\u00f6r L\u00e4kare Utan s\u00e5 h\u00e5lls det en good pal t\u00e4vling Vi vill premiera den goda kompisen. Den som hj\u00e4lper till, som fixar och arrangerar. Som tar hand om de som beh\u00f6ver st\u00f6d och rent allm\u00e4nt g\u00f6r gruscyklingen b\u00e4ttre. Nominera den person DU anser \u00e4r v\u00e4rd att [&hellip;]","og_url":"https:\/\/inzain.bike\/fr\/goodpal\/","og_site_name":"INZAIN Cycling EXPERIENCES","article_publisher":"https:\/\/www.facebook.com\/Inzain.bike","article_modified_time":"2025-09-05T17:43:57+00:00","og_image":[{"width":800,"height":432,"url":"https:\/\/inzain.bike\/wp-content\/uploads\/2024\/08\/friends.webp","type":"image\/webp"}],"twitter_card":"summary_large_image","twitter_misc":{"Dur\u00e9e de lecture estim\u00e9e":"1 minute"},"schema":{"@context":"https:\/\/schema.org","@graph":[{"@type":"WebPage","@id":"https:\/\/inzain.bike\/goodpal\/","url":"https:\/\/inzain.bike\/goodpal\/","name":"H\u00f6stGruset Good Pal T\u00e4vling - INZAIN Cycling EXPERIENCES","isPartOf":{"@id":"https:\/\/inzain.bike\/fr_be\/#website"},"primaryImageOfPage":{"@id":"https:\/\/inzain.bike\/goodpal\/#primaryimage"},"image":{"@id":"https:\/\/inzain.bike\/goodpal\/#primaryimage"},"thumbnailUrl":"https:\/\/inzain.bike\/wp-content\/uploads\/2024\/08\/friends.webp","datePublished":"2024-08-09T08:11:35+00:00","dateModified":"2025-09-05T17:43:57+00:00","breadcrumb":{"@id":"https:\/\/inzain.bike\/goodpal\/#breadcrumb"},"inLanguage":"fr-FR","potentialAction":[{"@type":"ReadAction","target":["https:\/\/inzain.bike\/goodpal\/"]}]},{"@type":"ImageObject","inLanguage":"fr-FR","@id":"https:\/\/inzain.bike\/goodpal\/#primaryimage","url":"https:\/\/inzain.bike\/wp-content\/uploads\/2024\/08\/friends.webp","contentUrl":"https:\/\/inzain.bike\/wp-content\/uploads\/2024\/08\/friends.webp"},{"@type":"BreadcrumbList","@id":"https:\/\/inzain.bike\/goodpal\/#breadcrumb","itemListElement":[{"@type":"ListItem","position":1,"name":"Hem","item":"https:\/\/inzain.bike\/fr_be\/"},{"@type":"ListItem","position":2,"name":"H\u00f6stGruset Good Pal T\u00e4vling"}]},{"@type":"WebSite","@id":"https:\/\/inzain.bike\/fr_be\/#website","url":"https:\/\/inzain.bike\/fr_be\/","name":"EXP\u00c9RIENCES Cyclistes INZAIN","description":"Aventures \u00e0 v\u00e9lo - pour tous","publisher":{"@id":"https:\/\/inzain.bike\/fr_be\/#organization"},"alternateName":"INZAIN Gravel & Travel","potentialAction":[{"@type":"SearchAction","target":{"@type":"EntryPoint","urlTemplate":"https:\/\/inzain.bike\/fr_be\/?s={search_term_string}"},"query-input":{"@type":"PropertyValueSpecification","valueRequired":true,"valueName":"search_term_string"}}],"inLanguage":"fr-FR"},{"@type":"Organization","@id":"https:\/\/inzain.bike\/fr_be\/#organization","name":"EXP\u00c9RIENCES Cyclistes INZAIN","url":"https:\/\/inzain.bike\/fr_be\/","logo":{"@type":"ImageObject","inLanguage":"fr-FR","@id":"https:\/\/inzain.bike\/fr_be\/#\/schema\/logo\/image\/","url":"https:\/\/i0.wp.com\/inzain.bike\/wp-content\/uploads\/2023\/09\/cropped-INZAIN_512x512_white.png?fit=512%2C512&ssl=1","contentUrl":"https:\/\/i0.wp.com\/inzain.bike\/wp-content\/uploads\/2023\/09\/cropped-INZAIN_512x512_white.png?fit=512%2C512&ssl=1","width":512,"height":512,"caption":"INZAIN Cycling EXPERIENCES"},"image":{"@id":"https:\/\/inzain.bike\/fr_be\/#\/schema\/logo\/image\/"},"sameAs":["https:\/\/www.facebook.com\/Inzain.bike","https:\/\/www.instagram.com\/inzainbike"]}]}},"amp_enabled":true,"_links":{"self":[{"href":"https:\/\/inzain.bike\/fr\/wp-json\/wp\/v2\/pages\/7520","targetHints":{"allow":["GET"]}}],"collection":[{"href":"https:\/\/inzain.bike\/fr\/wp-json\/wp\/v2\/pages"}],"about":[{"href":"https:\/\/inzain.bike\/fr\/wp-json\/wp\/v2\/types\/page"}],"author":[{"embeddable":true,"href":"https:\/\/inzain.bike\/fr\/wp-json\/wp\/v2\/users\/203917875"}],"replies":[{"embeddable":true,"href":"https:\/\/inzain.bike\/fr\/wp-json\/wp\/v2\/comments?post=7520"}],"version-history":[{"count":4,"href":"https:\/\/inzain.bike\/fr\/wp-json\/wp\/v2\/pages\/7520\/revisions"}],"predecessor-version":[{"id":8594,"href":"https:\/\/inzain.bike\/fr\/wp-json\/wp\/v2\/pages\/7520\/revisions\/8594"}],"wp:attachment":[{"href":"https:\/\/inzain.bike\/fr\/wp-json\/wp\/v2\/media?parent=7520"}],"curies":[{"name":"wp","href":"https:\/\/api.w.org\/{rel}","templated":true}]}}