{"id":8906,"date":"2025-11-02T19:33:02","date_gmt":"2025-11-02T18:33:02","guid":{"rendered":"https:\/\/inzain.bike\/?page_id=8906"},"modified":"2026-01-12T14:22:08","modified_gmt":"2026-01-12T13:22:08","slug":"social-rides","status":"publish","type":"page","link":"https:\/\/inzain.bike\/fr\/social-rides\/","title":{"rendered":"balades en groupe"},"content":{"rendered":"<figure class=\"wp-block-embed is-type-video is-provider-youtube wp-block-embed-youtube wp-embed-aspect-16-9 wp-has-aspect-ratio\"><div class=\"wp-block-embed__wrapper\">\n<iframe loading=\"lazy\" title=\"Mon ann\u00e9e sur gravier 2025\" width=\"500\" height=\"281\" src=\"https:\/\/www.youtube.com\/embed\/P9BJSE-x1uE?feature=oembed\" frameborder=\"0\" allow=\"accelerometer; autoplay; clipboard-write; encrypted-media; gyroscope; picture-in-picture; web-share\" referrerpolicy=\"strict-origin-when-cross-origin\" allowfullscreen><\/iframe>\n<\/div><\/figure>\n\n\n\n<p>Nous organisons deux sorties \u00e0 v\u00e9lo conviviales par semaine, si la m\u00e9t\u00e9o et la saison le permettent. Tout le monde est le bienvenu. Nous les annon\u00e7ons sur Facebook, dans le groupe. <a href=\"https:\/\/www.facebook.com\/groups\/gravelbikesweden\" target=\"_blank\" rel=\"noreferrer noopener\">V\u00e9lo de gravel Su\u00e8de<\/a> et sur Strava dans <a href=\"https:\/\/www.strava.com\/clubs\/gravelbikesweden\" target=\"_blank\" rel=\"noreferrer noopener\">Club Strava <\/a>avec le m\u00eame nom.<\/p>\n\n\n\n<p>Ce qui est commun \u00e0 ces activit\u00e9s, c&#039;est que nous p\u00e9dalons ensemble et que personne n&#039;est laiss\u00e9 pour compte, tout en exigeant des participants qu&#039;ils soient capables de maintenir une certaine vitesse moyenne sp\u00e9cifi\u00e9e lors de l&#039;\u00e9v\u00e9nement, g\u00e9n\u00e9ralement 20 km\/h, mais cela peut varier.<\/p>\n\n\n\n<p><strong>Double vitesse<\/strong><br>Nous proposons deux variantes du parcours. Nous roulerons ensemble la plupart du temps, mais nous pr\u00e9voyons \u00e9galement une ou plusieurs sections \u00e0 allure libre, ainsi que des segments o\u00f9 nous pr\u00e9senterons les r\u00e9sultats apr\u00e8s l&#039;\u00e9v\u00e9nement. Nous pensons que c&#039;est une excellente fa\u00e7on de se d\u00e9penser tout en s&#039;amusant.<\/p>\n\n\n\n<p><strong>Le score d&#039;INZAIN<\/strong><\/p>\n\n\n\n<p>Tout au long de l&#039;ann\u00e9e 2026, nous organisons un concours, le Score INZAIN. Les points sont cumul\u00e9s tout au long de l&#039;ann\u00e9e et ceux qui auront le plus de points \u00e0 la fin de la saison pourront gagner de superbes prix, comme un voyage avec nous, pourquoi pas en Toscane par exemple\u00a0?<\/p>\n\n\n\n<p>En savoir plus sur The INZAIN Score <a href=\"https:\/\/inzain.bike\/fr\/the-inzain-score\/\">ici<\/a>.<\/p>\n\n\n\n<p><strong>Que d\u00e9fendons-nous ?<\/strong><\/p>\n\n\n\n<p>Nous souhaitons que ces excursions soient agr\u00e9ables, divertissantes et d&#039;un niveau de difficult\u00e9 mod\u00e9r\u00e9. Nous accordons une grande importance \u00e0 la qualit\u00e9 du parcours, id\u00e9alement agr\u00e9ment\u00e9 d&#039;un ou plusieurs points d&#039;int\u00e9r\u00eat, comme un site touristique, un objet remarquable ou autre.<\/p>\n\n\n\n<p>Nous accordons \u00e9galement une grande importance aux pauses d\u00e9jeuner et caf\u00e9, nous choisissons toujours des endroits tr\u00e8s agr\u00e9ables.<br>Nous nous sommes fait livrer du caf\u00e9 sur les plages, des restaurants ont ouvert sp\u00e9cialement pour nous, et bien d&#039;autres choses encore. INZAIN propose parfois un barbecue avec boissons. Il est \u00e9galement fr\u00e9quent que nous r\u00e9servions et commandions nos repas \u00e0 l&#039;avance, afin que tout se d\u00e9roule sans accroc une fois sur place.<\/p>\n\n\n\n<p>Nous ne roulons pas \u00e0 jour fixe dans la semaine, mais souhaitons pouvoir choisir le jour en fonction de la m\u00e9t\u00e9o. Nous voulons que le v\u00e9lo reste un plaisir, et le mauvais temps l&#039;est beaucoup moins, si on peut l&#039;\u00e9viter.<\/p>\n\n\n\n<figure class=\"wp-block-image size-large\"><img loading=\"lazy\" decoding=\"async\" width=\"1024\" height=\"669\" src=\"https:\/\/inzain.bike\/wp-content\/uploads\/2025\/11\/IMG-20250802-WA0002-1024x669.jpg\" alt=\"\" class=\"wp-image-8909\" srcset=\"https:\/\/inzain.bike\/wp-content\/uploads\/2025\/11\/IMG-20250802-WA0002-1024x669.jpg 1024w, https:\/\/inzain.bike\/wp-content\/uploads\/2025\/11\/IMG-20250802-WA0002-300x196.jpg 300w, https:\/\/inzain.bike\/wp-content\/uploads\/2025\/11\/IMG-20250802-WA0002-768x502.jpg 768w, https:\/\/inzain.bike\/wp-content\/uploads\/2025\/11\/IMG-20250802-WA0002-1536x1004.jpg 1536w, https:\/\/inzain.bike\/wp-content\/uploads\/2025\/11\/IMG-20250802-WA0002-18x12.jpg 18w, https:\/\/inzain.bike\/wp-content\/uploads\/2025\/11\/IMG-20250802-WA0002-600x392.jpg 600w, https:\/\/inzain.bike\/wp-content\/uploads\/2025\/11\/IMG-20250802-WA0002.jpg 1600w\" sizes=\"auto, (max-width: 1024px) 100vw, 1024px\" \/><\/figure>\n\n\n\n<p>Nous avons un groupe WhatsApp qui sert principalement \u00e0 communiquer pendant les sorties\u00a0; on peut y \u00e9changer des conseils ou trouver de l\u2019aide d\u2019une autre mani\u00e8re. Nous y annon\u00e7ons \u00e9galement les sorties \u00e0 venir.<\/p>\n\n\n\n<p>Vous \u00eates les bienvenus pour vous joindre \u00e0 nous lors de la visite.<\/p>\n\n\n\n<p>Du gravier ? C&#039;est INZAIN !<br><\/p>\n\n\n\n<hr class=\"wp-block-separator has-alpha-channel-opacity\"\/>\n\n\n\n<p>Bienvenue !<\/p>\n\n\n\n<p>Tourn\u00e9es pr\u00e9vues pour 2026 \u2013 Les dates ne sont pas encore fix\u00e9es pour toutes, alors restez \u00e0 l&#039;\u00e9coute.<br><br>INZAIN Mariefred \u2013 Boucle Dunker \ud83c\udd95 4<br>INZAIN 500 degr\u00e9s de \ud83c\udd95 5<br>Boucle INZAIN Gnesta Nyk\u00f6ping \ud83c\udd95 6<br>INZAIN Dalar\u00f6 3P \ud83c\udd95 7<br>INZAIN 100 mile (ancien IGG)\ud83c\udd95 8<br>INZAIN Uppsala Century \ud83c\udd95 9<br>Uniforme de golf INZAIN Romeo Sierra \ud83c\udd95 10<br>INZAIN Norrt\u00e4lje V\u00e4t\u00f6 \ud83c\udd95 11<br>INZAIN Yxlan &amp; Blid\u00f6 \ud83e\uddea 12<br>INZAIN Furusund -&gt; Upplands V\u00e4sby \ud83c\udd95 13<br>INZAIN Fathers Town Ride\ud83c\udd95 14<br>INZAIN Mariefred Str\u00e4ngn\u00e4s\ud83c\udd95 15<br>Gravier SALA 16<br>Moulin \u00e0 poing INZAIN \ud83c\udd95 17<br>INZAIN Autour du B\u00e5ven \ud83c\udd95 18<br>INZAIN GIMO \ud83c\udd9519 See More<br>INZAIN Le Dater Vers 20 ans<br>INZAIN Uppsala Balsta 2026 \ud83c\udd95 21<br>INZAIN d\u00e9cembre Tailwind Groads 22<br>INZAIN Stigtomta \ud83c\udd95 23<br>Moulin INZAIN Enk\u00f6ping Forsby \ud83c\udd95 24<br>Voyage d&#039;agr\u00e9ment INZAIN OUT !! 26<br>INZAIN Ours et Bouleau 28<br>INZAIN Le raid sur la for\u00eat de h\u00eatres et l&#039;\u00eele frontali\u00e8re \ud83c\udd95 29<br>INZAIN Uppsala B\u00e5lsta d&#039;une nouvelle mani\u00e8re \ud83c\udd95 29<br>INZAIN Stigtomta Loop \ud83c\udd95 31<br>INZAIN Twin Peaks Nyn\u00e4s 32<br>INZAIN Tarte Flamb\u00e9e 33<br>INZAIN Aller et retour 34<br>Raid de l&#039;archipel d&#039;Inzain 2026 \ud83c\udd95 35<br>INZAIN Hot Island Adventure 36<br>INZAIN Lagune au saumon bleu 37<br>INZAIN Sela\u00f6n \ud83c\udd95 38<br>INZAIN The Old &amp; New Ride Short 39<br>INZAIN Une vir\u00e9e en terre br\u00fbl\u00e9e \ud83c\udd95 40<br>INZAIN Le Double Nose Ride 41<br>INZAIN Laggers Bay Ride 42<br>INZAIN CookieCastle &amp; Sharp Skerry \ud83c\udd95 43<br>INZAIN Uppsala Vattholma (\u00eelot Power) 44<br>INZAIN Le Cardamon Knife Ride 45<br>INZAIN Tatin 46<br>Lis\u00f6 WIP \ud83e\uddea 47<br>Tourn\u00e9e V\u00e4t\u00f6 en cours \ud83e\uddea 48<br>AW INZAIN \u2013 Le raid des bisons 50<br>AW INZAIN \u2013 Casque de Nabuchodonosor 51<br>AW INZAIN \u00celes F\u00e9ro\u00e9 52<br>AW INZAIN Two Island Dash \u2013 \u00c9dition automne 53<br>AW INZAIN Nighthawk Randonn\u00e9e \ud83c\udd95 54<br>AW INZAIN Sud 2 Sud 56<br>AW INZAIN Night Wolverine 57<br>AW INZAIN Le Chemin du Nord 58<br>AW INZAIN Voies de l&#039;Eau 2025 60<br>AW INZAIN Three Bays Ride 61<br>AW INZAIN L&#039;Heure d&#039;or Raid 62<br>AW INZAIN \u00c0 la poursuite du soleil 63<br>AW INZAIN L&#039;Orient pervers \u2013 Court m\u00e9trage 64<br>AW INZAIN Le Kinder Egg Ride 65<br>AW INZAIN Le myst\u00e8re d&#039;\u00e9t\u00e9 de Madame Maya 66<br>AW INZAIN Le raid AllRoad 67<br>AW INZAIN \u2013 Les collines et le tour touristique 68<br>AW INZAIN Le Soleil &amp; Fun Ride 69<br>AW INZAIN Promenade au coucher du soleil \u2013 Une promenade de loisirs 70<br>AW INZAIN Patrouille du cr\u00e9puscule 71<br>AW INZAIN Aurore bor\u00e9ale 72<br>AW INZAIN Attraction aquatique sombre 73<br>AW INZAIN Balade Septentrionale 74<br>AW INZAIN Le Twin Peaks Ride 75<\/p>\n\n\n\n<p><br><br><\/p>\n\n\n\n<p><br><\/p>","protected":false},"excerpt":{"rendered":"<p>Vi arrangerar tv\u00e5 Social Rides per vecka, n\u00e4r v\u00e4der och s\u00e4song till\u00e5ter. Alla \u00e4r v\u00e4lkomna p\u00e5 dessa. Vi annonserar dem p\u00e5 Facebook i gruppen Gravel Bike Sweden och p\u00e5 Strava i Stravaklubben med samma namn. Gemensamt f\u00f6r dessa \u00e4r vi cyklar tillsammans och ingen droppas, samtidigt som vi st\u00e4ller krav att deltagare ska kunna h\u00e5lla [&hellip;]<\/p>\n","protected":false},"author":203917875,"featured_media":0,"parent":0,"menu_order":0,"comment_status":"closed","ping_status":"closed","template":"","meta":{"_coblocks_attr":"","_coblocks_dimensions":"","_coblocks_responsive_height":"","_coblocks_accordion_ie_support":"","footnotes":""},"class_list":["post-8906","page","type-page","status-publish","hentry"],"yoast_head":"<!-- This site is optimized with the Yoast SEO plugin v27.2 - https:\/\/yoast.com\/product\/yoast-seo-wordpress\/ -->\n<title>Social Rides - INZAIN Cycling EXPERIENCES<\/title>\n<meta name=\"robots\" content=\"index, follow, max-snippet:-1, max-image-preview:large, max-video-preview:-1\" \/>\n<link rel=\"canonical\" href=\"https:\/\/inzain.bike\/fr\/social-rides\/\" \/>\n<meta property=\"og:locale\" content=\"fr_FR\" \/>\n<meta property=\"og:type\" content=\"article\" \/>\n<meta property=\"og:title\" content=\"Social Rides - INZAIN Cycling EXPERIENCES\" \/>\n<meta property=\"og:description\" content=\"Vi arrangerar tv\u00e5 Social Rides per vecka, n\u00e4r v\u00e4der och s\u00e4song till\u00e5ter. Alla \u00e4r v\u00e4lkomna p\u00e5 dessa. Vi annonserar dem p\u00e5 Facebook i gruppen Gravel Bike Sweden och p\u00e5 Strava i Stravaklubben med samma namn. Gemensamt f\u00f6r dessa \u00e4r vi cyklar tillsammans och ingen droppas, samtidigt som vi st\u00e4ller krav att deltagare ska kunna h\u00e5lla [&hellip;]\" \/>\n<meta property=\"og:url\" content=\"https:\/\/inzain.bike\/fr\/social-rides\/\" \/>\n<meta property=\"og:site_name\" content=\"INZAIN Cycling EXPERIENCES\" \/>\n<meta property=\"article:publisher\" content=\"https:\/\/www.facebook.com\/Inzain.bike\" \/>\n<meta property=\"article:modified_time\" content=\"2026-01-12T13:22:08+00:00\" \/>\n<meta property=\"og:image\" content=\"https:\/\/inzain.bike\/wp-content\/uploads\/2025\/11\/IMG-20250802-WA0002.jpg\" \/>\n\t<meta property=\"og:image:width\" content=\"1600\" \/>\n\t<meta property=\"og:image:height\" content=\"1046\" \/>\n\t<meta property=\"og:image:type\" content=\"image\/jpeg\" \/>\n<meta name=\"twitter:card\" content=\"summary_large_image\" \/>\n<meta name=\"twitter:label1\" content=\"Dur\u00e9e de lecture estim\u00e9e\" \/>\n\t<meta name=\"twitter:data1\" content=\"4 minutes\" \/>\n<script type=\"application\/ld+json\" class=\"yoast-schema-graph\">{\"@context\":\"https:\/\/schema.org\",\"@graph\":[{\"@type\":\"WebPage\",\"@id\":\"https:\/\/inzain.bike\/social-rides\/\",\"url\":\"https:\/\/inzain.bike\/social-rides\/\",\"name\":\"Social Rides - INZAIN Cycling EXPERIENCES\",\"isPartOf\":{\"@id\":\"https:\/\/inzain.bike\/fr_be\/#website\"},\"primaryImageOfPage\":{\"@id\":\"https:\/\/inzain.bike\/social-rides\/#primaryimage\"},\"image\":{\"@id\":\"https:\/\/inzain.bike\/social-rides\/#primaryimage\"},\"thumbnailUrl\":\"https:\/\/inzain.bike\/wp-content\/uploads\/2025\/11\/IMG-20250802-WA0002-1024x669.jpg\",\"datePublished\":\"2025-11-02T18:33:02+00:00\",\"dateModified\":\"2026-01-12T13:22:08+00:00\",\"breadcrumb\":{\"@id\":\"https:\/\/inzain.bike\/social-rides\/#breadcrumb\"},\"inLanguage\":\"fr-FR\",\"potentialAction\":[{\"@type\":\"ReadAction\",\"target\":[\"https:\/\/inzain.bike\/social-rides\/\"]}]},{\"@type\":\"ImageObject\",\"inLanguage\":\"fr-FR\",\"@id\":\"https:\/\/inzain.bike\/social-rides\/#primaryimage\",\"url\":\"https:\/\/inzain.bike\/wp-content\/uploads\/2025\/11\/IMG-20250802-WA0002-1024x669.jpg\",\"contentUrl\":\"https:\/\/inzain.bike\/wp-content\/uploads\/2025\/11\/IMG-20250802-WA0002-1024x669.jpg\"},{\"@type\":\"BreadcrumbList\",\"@id\":\"https:\/\/inzain.bike\/social-rides\/#breadcrumb\",\"itemListElement\":[{\"@type\":\"ListItem\",\"position\":1,\"name\":\"Hem\",\"item\":\"https:\/\/inzain.bike\/fr_be\/\"},{\"@type\":\"ListItem\",\"position\":2,\"name\":\"Social Rides\"}]},{\"@type\":\"WebSite\",\"@id\":\"https:\/\/inzain.bike\/fr_be\/#website\",\"url\":\"https:\/\/inzain.bike\/fr_be\/\",\"name\":\"INZAIN Cycling EXPERIENCES\",\"description\":\"Cyckling Adventures  - for everyone\",\"publisher\":{\"@id\":\"https:\/\/inzain.bike\/fr_be\/#organization\"},\"alternateName\":\"INZAIN Gravel & Travel\",\"potentialAction\":[{\"@type\":\"SearchAction\",\"target\":{\"@type\":\"EntryPoint\",\"urlTemplate\":\"https:\/\/inzain.bike\/fr_be\/?s={search_term_string}\"},\"query-input\":{\"@type\":\"PropertyValueSpecification\",\"valueRequired\":true,\"valueName\":\"search_term_string\"}}],\"inLanguage\":\"fr-FR\"},{\"@type\":\"Organization\",\"@id\":\"https:\/\/inzain.bike\/fr_be\/#organization\",\"name\":\"INZAIN Cycling EXPERIENCES\",\"url\":\"https:\/\/inzain.bike\/fr_be\/\",\"logo\":{\"@type\":\"ImageObject\",\"inLanguage\":\"fr-FR\",\"@id\":\"https:\/\/inzain.bike\/fr_be\/#\/schema\/logo\/image\/\",\"url\":\"https:\/\/i0.wp.com\/inzain.bike\/wp-content\/uploads\/2023\/09\/cropped-INZAIN_512x512_white.png?fit=512%2C512&ssl=1\",\"contentUrl\":\"https:\/\/i0.wp.com\/inzain.bike\/wp-content\/uploads\/2023\/09\/cropped-INZAIN_512x512_white.png?fit=512%2C512&ssl=1\",\"width\":512,\"height\":512,\"caption\":\"INZAIN Cycling EXPERIENCES\"},\"image\":{\"@id\":\"https:\/\/inzain.bike\/fr_be\/#\/schema\/logo\/image\/\"},\"sameAs\":[\"https:\/\/www.facebook.com\/Inzain.bike\",\"https:\/\/www.instagram.com\/inzainbike\"]}]}<\/script>\n<!-- \/ Yoast SEO plugin. -->","yoast_head_json":{"title":"Social Rides - INZAIN Cycling EXPERIENCES","robots":{"index":"index","follow":"follow","max-snippet":"max-snippet:-1","max-image-preview":"max-image-preview:large","max-video-preview":"max-video-preview:-1"},"canonical":"https:\/\/inzain.bike\/fr\/social-rides\/","og_locale":"fr_FR","og_type":"article","og_title":"Social Rides - INZAIN Cycling EXPERIENCES","og_description":"Vi arrangerar tv\u00e5 Social Rides per vecka, n\u00e4r v\u00e4der och s\u00e4song till\u00e5ter. Alla \u00e4r v\u00e4lkomna p\u00e5 dessa. Vi annonserar dem p\u00e5 Facebook i gruppen Gravel Bike Sweden och p\u00e5 Strava i Stravaklubben med samma namn. Gemensamt f\u00f6r dessa \u00e4r vi cyklar tillsammans och ingen droppas, samtidigt som vi st\u00e4ller krav att deltagare ska kunna h\u00e5lla [&hellip;]","og_url":"https:\/\/inzain.bike\/fr\/social-rides\/","og_site_name":"INZAIN Cycling EXPERIENCES","article_publisher":"https:\/\/www.facebook.com\/Inzain.bike","article_modified_time":"2026-01-12T13:22:08+00:00","og_image":[{"width":1600,"height":1046,"url":"https:\/\/inzain.bike\/wp-content\/uploads\/2025\/11\/IMG-20250802-WA0002.jpg","type":"image\/jpeg"}],"twitter_card":"summary_large_image","twitter_misc":{"Dur\u00e9e de lecture estim\u00e9e":"4 minutes"},"schema":{"@context":"https:\/\/schema.org","@graph":[{"@type":"WebPage","@id":"https:\/\/inzain.bike\/social-rides\/","url":"https:\/\/inzain.bike\/social-rides\/","name":"Social Rides - INZAIN Cycling EXPERIENCES","isPartOf":{"@id":"https:\/\/inzain.bike\/fr_be\/#website"},"primaryImageOfPage":{"@id":"https:\/\/inzain.bike\/social-rides\/#primaryimage"},"image":{"@id":"https:\/\/inzain.bike\/social-rides\/#primaryimage"},"thumbnailUrl":"https:\/\/inzain.bike\/wp-content\/uploads\/2025\/11\/IMG-20250802-WA0002-1024x669.jpg","datePublished":"2025-11-02T18:33:02+00:00","dateModified":"2026-01-12T13:22:08+00:00","breadcrumb":{"@id":"https:\/\/inzain.bike\/social-rides\/#breadcrumb"},"inLanguage":"fr-FR","potentialAction":[{"@type":"ReadAction","target":["https:\/\/inzain.bike\/social-rides\/"]}]},{"@type":"ImageObject","inLanguage":"fr-FR","@id":"https:\/\/inzain.bike\/social-rides\/#primaryimage","url":"https:\/\/inzain.bike\/wp-content\/uploads\/2025\/11\/IMG-20250802-WA0002-1024x669.jpg","contentUrl":"https:\/\/inzain.bike\/wp-content\/uploads\/2025\/11\/IMG-20250802-WA0002-1024x669.jpg"},{"@type":"BreadcrumbList","@id":"https:\/\/inzain.bike\/social-rides\/#breadcrumb","itemListElement":[{"@type":"ListItem","position":1,"name":"Hem","item":"https:\/\/inzain.bike\/fr_be\/"},{"@type":"ListItem","position":2,"name":"Social Rides"}]},{"@type":"WebSite","@id":"https:\/\/inzain.bike\/fr_be\/#website","url":"https:\/\/inzain.bike\/fr_be\/","name":"EXP\u00c9RIENCES Cyclistes INZAIN","description":"Aventures \u00e0 v\u00e9lo - pour tous","publisher":{"@id":"https:\/\/inzain.bike\/fr_be\/#organization"},"alternateName":"INZAIN Gravel & Travel","potentialAction":[{"@type":"SearchAction","target":{"@type":"EntryPoint","urlTemplate":"https:\/\/inzain.bike\/fr_be\/?s={search_term_string}"},"query-input":{"@type":"PropertyValueSpecification","valueRequired":true,"valueName":"search_term_string"}}],"inLanguage":"fr-FR"},{"@type":"Organization","@id":"https:\/\/inzain.bike\/fr_be\/#organization","name":"EXP\u00c9RIENCES Cyclistes INZAIN","url":"https:\/\/inzain.bike\/fr_be\/","logo":{"@type":"ImageObject","inLanguage":"fr-FR","@id":"https:\/\/inzain.bike\/fr_be\/#\/schema\/logo\/image\/","url":"https:\/\/i0.wp.com\/inzain.bike\/wp-content\/uploads\/2023\/09\/cropped-INZAIN_512x512_white.png?fit=512%2C512&ssl=1","contentUrl":"https:\/\/i0.wp.com\/inzain.bike\/wp-content\/uploads\/2023\/09\/cropped-INZAIN_512x512_white.png?fit=512%2C512&ssl=1","width":512,"height":512,"caption":"INZAIN Cycling EXPERIENCES"},"image":{"@id":"https:\/\/inzain.bike\/fr_be\/#\/schema\/logo\/image\/"},"sameAs":["https:\/\/www.facebook.com\/Inzain.bike","https:\/\/www.instagram.com\/inzainbike"]}]}},"amp_enabled":true,"_links":{"self":[{"href":"https:\/\/inzain.bike\/fr\/wp-json\/wp\/v2\/pages\/8906","targetHints":{"allow":["GET"]}}],"collection":[{"href":"https:\/\/inzain.bike\/fr\/wp-json\/wp\/v2\/pages"}],"about":[{"href":"https:\/\/inzain.bike\/fr\/wp-json\/wp\/v2\/types\/page"}],"author":[{"embeddable":true,"href":"https:\/\/inzain.bike\/fr\/wp-json\/wp\/v2\/users\/203917875"}],"replies":[{"embeddable":true,"href":"https:\/\/inzain.bike\/fr\/wp-json\/wp\/v2\/comments?post=8906"}],"version-history":[{"count":4,"href":"https:\/\/inzain.bike\/fr\/wp-json\/wp\/v2\/pages\/8906\/revisions"}],"predecessor-version":[{"id":9081,"href":"https:\/\/inzain.bike\/fr\/wp-json\/wp\/v2\/pages\/8906\/revisions\/9081"}],"wp:attachment":[{"href":"https:\/\/inzain.bike\/fr\/wp-json\/wp\/v2\/media?parent=8906"}],"curies":[{"name":"wp","href":"https:\/\/api.w.org\/{rel}","templated":true}]}}