{"id":8981,"date":"2026-01-10T12:13:08","date_gmt":"2026-01-10T11:13:08","guid":{"rendered":"https:\/\/inzain.bike\/?page_id=8981"},"modified":"2026-01-20T12:18:35","modified_gmt":"2026-01-20T11:18:35","slug":"gir26-travel","status":"publish","type":"page","link":"https:\/\/inzain.bike\/fr\/gir26-travel\/","title":{"rendered":"Voyage \u00e0 G\u00e9rone 2026"},"content":{"rendered":"<figure class=\"wp-block-image alignwide size-large\"><img loading=\"lazy\" decoding=\"async\" width=\"1024\" height=\"682\" src=\"https:\/\/inzain.bike\/wp-content\/uploads\/2023\/11\/pexels-pixabay-47044-1024x682.jpg\" alt=\"\" class=\"wp-image-4035\" srcset=\"https:\/\/inzain.bike\/wp-content\/uploads\/2023\/11\/pexels-pixabay-47044-1024x682.jpg 1024w, https:\/\/inzain.bike\/wp-content\/uploads\/2023\/11\/pexels-pixabay-47044-300x200.jpg 300w, https:\/\/inzain.bike\/wp-content\/uploads\/2023\/11\/pexels-pixabay-47044-768x512.jpg 768w, https:\/\/inzain.bike\/wp-content\/uploads\/2023\/11\/pexels-pixabay-47044-1536x1024.jpg 1536w, https:\/\/inzain.bike\/wp-content\/uploads\/2023\/11\/pexels-pixabay-47044-18x12.jpg 18w, https:\/\/inzain.bike\/wp-content\/uploads\/2023\/11\/pexels-pixabay-47044-1320x880.jpg 1320w, https:\/\/inzain.bike\/wp-content\/uploads\/2023\/11\/pexels-pixabay-47044-600x400.jpg 600w, https:\/\/inzain.bike\/wp-content\/uploads\/2023\/11\/pexels-pixabay-47044.jpg 2000w\" sizes=\"auto, (max-width: 1024px) 100vw, 1024px\" \/><\/figure>\n\n\n\n<div class=\"wp-block-columns alignwide is-layout-flex wp-container-core-columns-is-layout-28f84493 wp-block-columns-is-layout-flex\">\n<div class=\"wp-block-column is-layout-flow wp-block-column-is-layout-flow\">\n<p>Se rendre \u00e0 G\u00e9rone est facile, la plupart des vols vont \u00e0 Barcelone et de l\u00e0, vous pouvez prendre un train ou un taxi. Rapide et pas cher.<br>\u00c0 l&#039;approche de notre arriv\u00e9e, nous vous aiderons \u00e0 organiser vos transferts jusqu&#039;\u00e0 notre domicile. Nous vous recommandons de r\u00e9server un billet modifiable ou annulable et, de pr\u00e9f\u00e9rence, de souscrire une assurance voyage.<\/p>\n<\/div>\n<\/div>","protected":false},"excerpt":{"rendered":"<p>Det \u00e4r enkelt att ta sig till Girona, flest flyg g\u00e5r till Barcelona och d\u00e4rifr\u00e5n kan man ta t\u00e5g eller taxi. Snabbt och billigt.N\u00e4r vi n\u00e4rmar oss kommer vi att hj\u00e4lpa till att samordna transfer till v\u00e5rt hus. Vi rekommenderar att boka en biljett som kan \u00e4ndras eller avbokas och g\u00e4rna att du tecknar f\u00f6rs\u00e4kring.<\/p>","protected":false},"author":203917875,"featured_media":0,"parent":0,"menu_order":0,"comment_status":"closed","ping_status":"closed","template":"","meta":{"_coblocks_attr":"","_coblocks_dimensions":"","_coblocks_responsive_height":"","_coblocks_accordion_ie_support":"","footnotes":""},"class_list":["post-8981","page","type-page","status-publish","hentry"],"yoast_head":"<!-- This site is optimized with the Yoast SEO plugin v27.2 - https:\/\/yoast.com\/product\/yoast-seo-wordpress\/ -->\n<title>Girona 2026 Resa - INZAIN Cycling EXPERIENCES<\/title>\n<meta name=\"robots\" content=\"index, follow, max-snippet:-1, max-image-preview:large, max-video-preview:-1\" \/>\n<link rel=\"canonical\" href=\"https:\/\/inzain.bike\/fr\/gir26-travel\/\" \/>\n<meta property=\"og:locale\" content=\"fr_FR\" \/>\n<meta property=\"og:type\" content=\"article\" \/>\n<meta property=\"og:title\" content=\"Girona 2026 Resa - INZAIN Cycling EXPERIENCES\" \/>\n<meta property=\"og:description\" content=\"Det \u00e4r enkelt att ta sig till Girona, flest flyg g\u00e5r till Barcelona och d\u00e4rifr\u00e5n kan man ta t\u00e5g eller taxi. Snabbt och billigt.N\u00e4r vi n\u00e4rmar oss kommer vi att hj\u00e4lpa till att samordna transfer till v\u00e5rt hus. Vi rekommenderar att boka en biljett som kan \u00e4ndras eller avbokas och g\u00e4rna att du tecknar f\u00f6rs\u00e4kring.\" \/>\n<meta property=\"og:url\" content=\"https:\/\/inzain.bike\/fr\/gir26-travel\/\" \/>\n<meta property=\"og:site_name\" content=\"INZAIN Cycling EXPERIENCES\" \/>\n<meta property=\"article:publisher\" content=\"https:\/\/www.facebook.com\/Inzain.bike\" \/>\n<meta property=\"article:modified_time\" content=\"2026-01-20T11:18:35+00:00\" \/>\n<meta property=\"og:image\" content=\"https:\/\/inzain.bike\/wp-content\/uploads\/2023\/11\/pexels-pixabay-47044.jpg\" \/>\n\t<meta property=\"og:image:width\" content=\"2000\" \/>\n\t<meta property=\"og:image:height\" content=\"1333\" \/>\n\t<meta property=\"og:image:type\" content=\"image\/jpeg\" \/>\n<meta name=\"twitter:card\" content=\"summary_large_image\" \/>\n<meta name=\"twitter:label1\" content=\"Dur\u00e9e de lecture estim\u00e9e\" \/>\n\t<meta name=\"twitter:data1\" content=\"1 minute\" \/>\n<script type=\"application\/ld+json\" class=\"yoast-schema-graph\">{\"@context\":\"https:\/\/schema.org\",\"@graph\":[{\"@type\":\"WebPage\",\"@id\":\"https:\/\/inzain.bike\/gir26-travel\/\",\"url\":\"https:\/\/inzain.bike\/gir26-travel\/\",\"name\":\"Girona 2026 Resa - INZAIN Cycling EXPERIENCES\",\"isPartOf\":{\"@id\":\"https:\/\/inzain.bike\/fr_be\/#website\"},\"primaryImageOfPage\":{\"@id\":\"https:\/\/inzain.bike\/gir26-travel\/#primaryimage\"},\"image\":{\"@id\":\"https:\/\/inzain.bike\/gir26-travel\/#primaryimage\"},\"thumbnailUrl\":\"https:\/\/inzain.bike\/wp-content\/uploads\/2023\/11\/pexels-pixabay-47044-1024x682.jpg\",\"datePublished\":\"2026-01-10T11:13:08+00:00\",\"dateModified\":\"2026-01-20T11:18:35+00:00\",\"breadcrumb\":{\"@id\":\"https:\/\/inzain.bike\/gir26-travel\/#breadcrumb\"},\"inLanguage\":\"fr-FR\",\"potentialAction\":[{\"@type\":\"ReadAction\",\"target\":[\"https:\/\/inzain.bike\/gir26-travel\/\"]}]},{\"@type\":\"ImageObject\",\"inLanguage\":\"fr-FR\",\"@id\":\"https:\/\/inzain.bike\/gir26-travel\/#primaryimage\",\"url\":\"https:\/\/inzain.bike\/wp-content\/uploads\/2023\/11\/pexels-pixabay-47044-1024x682.jpg\",\"contentUrl\":\"https:\/\/inzain.bike\/wp-content\/uploads\/2023\/11\/pexels-pixabay-47044-1024x682.jpg\"},{\"@type\":\"BreadcrumbList\",\"@id\":\"https:\/\/inzain.bike\/gir26-travel\/#breadcrumb\",\"itemListElement\":[{\"@type\":\"ListItem\",\"position\":1,\"name\":\"Hem\",\"item\":\"https:\/\/inzain.bike\/fr_be\/\"},{\"@type\":\"ListItem\",\"position\":2,\"name\":\"Girona 2026 Resa\"}]},{\"@type\":\"WebSite\",\"@id\":\"https:\/\/inzain.bike\/fr_be\/#website\",\"url\":\"https:\/\/inzain.bike\/fr_be\/\",\"name\":\"INZAIN Cycling EXPERIENCES\",\"description\":\"Cyckling Adventures  - for everyone\",\"publisher\":{\"@id\":\"https:\/\/inzain.bike\/fr_be\/#organization\"},\"alternateName\":\"INZAIN Gravel & Travel\",\"potentialAction\":[{\"@type\":\"SearchAction\",\"target\":{\"@type\":\"EntryPoint\",\"urlTemplate\":\"https:\/\/inzain.bike\/fr_be\/?s={search_term_string}\"},\"query-input\":{\"@type\":\"PropertyValueSpecification\",\"valueRequired\":true,\"valueName\":\"search_term_string\"}}],\"inLanguage\":\"fr-FR\"},{\"@type\":\"Organization\",\"@id\":\"https:\/\/inzain.bike\/fr_be\/#organization\",\"name\":\"INZAIN Cycling EXPERIENCES\",\"url\":\"https:\/\/inzain.bike\/fr_be\/\",\"logo\":{\"@type\":\"ImageObject\",\"inLanguage\":\"fr-FR\",\"@id\":\"https:\/\/inzain.bike\/fr_be\/#\/schema\/logo\/image\/\",\"url\":\"https:\/\/i0.wp.com\/inzain.bike\/wp-content\/uploads\/2023\/09\/cropped-INZAIN_512x512_white.png?fit=512%2C512&ssl=1\",\"contentUrl\":\"https:\/\/i0.wp.com\/inzain.bike\/wp-content\/uploads\/2023\/09\/cropped-INZAIN_512x512_white.png?fit=512%2C512&ssl=1\",\"width\":512,\"height\":512,\"caption\":\"INZAIN Cycling EXPERIENCES\"},\"image\":{\"@id\":\"https:\/\/inzain.bike\/fr_be\/#\/schema\/logo\/image\/\"},\"sameAs\":[\"https:\/\/www.facebook.com\/Inzain.bike\",\"https:\/\/www.instagram.com\/inzainbike\"]}]}<\/script>\n<!-- \/ Yoast SEO plugin. -->","yoast_head_json":{"title":"Girona 2026 Resa - INZAIN Cycling EXPERIENCES","robots":{"index":"index","follow":"follow","max-snippet":"max-snippet:-1","max-image-preview":"max-image-preview:large","max-video-preview":"max-video-preview:-1"},"canonical":"https:\/\/inzain.bike\/fr\/gir26-travel\/","og_locale":"fr_FR","og_type":"article","og_title":"Girona 2026 Resa - INZAIN Cycling EXPERIENCES","og_description":"Det \u00e4r enkelt att ta sig till Girona, flest flyg g\u00e5r till Barcelona och d\u00e4rifr\u00e5n kan man ta t\u00e5g eller taxi. Snabbt och billigt.N\u00e4r vi n\u00e4rmar oss kommer vi att hj\u00e4lpa till att samordna transfer till v\u00e5rt hus. Vi rekommenderar att boka en biljett som kan \u00e4ndras eller avbokas och g\u00e4rna att du tecknar f\u00f6rs\u00e4kring.","og_url":"https:\/\/inzain.bike\/fr\/gir26-travel\/","og_site_name":"INZAIN Cycling EXPERIENCES","article_publisher":"https:\/\/www.facebook.com\/Inzain.bike","article_modified_time":"2026-01-20T11:18:35+00:00","og_image":[{"width":2000,"height":1333,"url":"https:\/\/inzain.bike\/wp-content\/uploads\/2023\/11\/pexels-pixabay-47044.jpg","type":"image\/jpeg"}],"twitter_card":"summary_large_image","twitter_misc":{"Dur\u00e9e de lecture estim\u00e9e":"1 minute"},"schema":{"@context":"https:\/\/schema.org","@graph":[{"@type":"WebPage","@id":"https:\/\/inzain.bike\/gir26-travel\/","url":"https:\/\/inzain.bike\/gir26-travel\/","name":"Girona 2026 Resa - INZAIN Cycling EXPERIENCES","isPartOf":{"@id":"https:\/\/inzain.bike\/fr_be\/#website"},"primaryImageOfPage":{"@id":"https:\/\/inzain.bike\/gir26-travel\/#primaryimage"},"image":{"@id":"https:\/\/inzain.bike\/gir26-travel\/#primaryimage"},"thumbnailUrl":"https:\/\/inzain.bike\/wp-content\/uploads\/2023\/11\/pexels-pixabay-47044-1024x682.jpg","datePublished":"2026-01-10T11:13:08+00:00","dateModified":"2026-01-20T11:18:35+00:00","breadcrumb":{"@id":"https:\/\/inzain.bike\/gir26-travel\/#breadcrumb"},"inLanguage":"fr-FR","potentialAction":[{"@type":"ReadAction","target":["https:\/\/inzain.bike\/gir26-travel\/"]}]},{"@type":"ImageObject","inLanguage":"fr-FR","@id":"https:\/\/inzain.bike\/gir26-travel\/#primaryimage","url":"https:\/\/inzain.bike\/wp-content\/uploads\/2023\/11\/pexels-pixabay-47044-1024x682.jpg","contentUrl":"https:\/\/inzain.bike\/wp-content\/uploads\/2023\/11\/pexels-pixabay-47044-1024x682.jpg"},{"@type":"BreadcrumbList","@id":"https:\/\/inzain.bike\/gir26-travel\/#breadcrumb","itemListElement":[{"@type":"ListItem","position":1,"name":"Hem","item":"https:\/\/inzain.bike\/fr_be\/"},{"@type":"ListItem","position":2,"name":"Girona 2026 Resa"}]},{"@type":"WebSite","@id":"https:\/\/inzain.bike\/fr_be\/#website","url":"https:\/\/inzain.bike\/fr_be\/","name":"EXP\u00c9RIENCES Cyclistes INZAIN","description":"Aventures \u00e0 v\u00e9lo - pour tous","publisher":{"@id":"https:\/\/inzain.bike\/fr_be\/#organization"},"alternateName":"INZAIN Gravel & Travel","potentialAction":[{"@type":"SearchAction","target":{"@type":"EntryPoint","urlTemplate":"https:\/\/inzain.bike\/fr_be\/?s={search_term_string}"},"query-input":{"@type":"PropertyValueSpecification","valueRequired":true,"valueName":"search_term_string"}}],"inLanguage":"fr-FR"},{"@type":"Organization","@id":"https:\/\/inzain.bike\/fr_be\/#organization","name":"EXP\u00c9RIENCES Cyclistes INZAIN","url":"https:\/\/inzain.bike\/fr_be\/","logo":{"@type":"ImageObject","inLanguage":"fr-FR","@id":"https:\/\/inzain.bike\/fr_be\/#\/schema\/logo\/image\/","url":"https:\/\/i0.wp.com\/inzain.bike\/wp-content\/uploads\/2023\/09\/cropped-INZAIN_512x512_white.png?fit=512%2C512&ssl=1","contentUrl":"https:\/\/i0.wp.com\/inzain.bike\/wp-content\/uploads\/2023\/09\/cropped-INZAIN_512x512_white.png?fit=512%2C512&ssl=1","width":512,"height":512,"caption":"INZAIN Cycling EXPERIENCES"},"image":{"@id":"https:\/\/inzain.bike\/fr_be\/#\/schema\/logo\/image\/"},"sameAs":["https:\/\/www.facebook.com\/Inzain.bike","https:\/\/www.instagram.com\/inzainbike"]}]}},"amp_enabled":true,"_links":{"self":[{"href":"https:\/\/inzain.bike\/fr\/wp-json\/wp\/v2\/pages\/8981","targetHints":{"allow":["GET"]}}],"collection":[{"href":"https:\/\/inzain.bike\/fr\/wp-json\/wp\/v2\/pages"}],"about":[{"href":"https:\/\/inzain.bike\/fr\/wp-json\/wp\/v2\/types\/page"}],"author":[{"embeddable":true,"href":"https:\/\/inzain.bike\/fr\/wp-json\/wp\/v2\/users\/203917875"}],"replies":[{"embeddable":true,"href":"https:\/\/inzain.bike\/fr\/wp-json\/wp\/v2\/comments?post=8981"}],"version-history":[{"count":3,"href":"https:\/\/inzain.bike\/fr\/wp-json\/wp\/v2\/pages\/8981\/revisions"}],"predecessor-version":[{"id":9154,"href":"https:\/\/inzain.bike\/fr\/wp-json\/wp\/v2\/pages\/8981\/revisions\/9154"}],"wp:attachment":[{"href":"https:\/\/inzain.bike\/fr\/wp-json\/wp\/v2\/media?parent=8981"}],"curies":[{"name":"wp","href":"https:\/\/api.w.org\/{rel}","templated":true}]}}