{"id":9017,"date":"2026-01-11T16:43:46","date_gmt":"2026-01-11T15:43:46","guid":{"rendered":"https:\/\/inzain.bike\/?page_id=9017"},"modified":"2026-01-18T11:36:25","modified_gmt":"2026-01-18T10:36:25","slug":"gir26-cycling","status":"publish","type":"page","link":"https:\/\/inzain.bike\/fr\/gir26-cycling\/","title":{"rendered":"Cyclisme \u00e0 G\u00e9rone 2026"},"content":{"rendered":"<div class=\"wp-block-columns alignwide is-layout-flex wp-container-core-columns-is-layout-28f84493 wp-block-columns-is-layout-flex\">\n<div class=\"wp-block-column is-layout-flow wp-block-column-is-layout-flow\">\n<figure class=\"wp-block-image size-large\"><img loading=\"lazy\" decoding=\"async\" width=\"1024\" height=\"576\" src=\"https:\/\/inzain.bike\/wp-content\/uploads\/2026\/01\/DSC03483-ARW_DxO_DeepPRIME-2-1-1024x576.jpg\" alt=\"\" class=\"wp-image-9062\" srcset=\"https:\/\/inzain.bike\/wp-content\/uploads\/2026\/01\/DSC03483-ARW_DxO_DeepPRIME-2-1-1024x576.jpg 1024w, https:\/\/inzain.bike\/wp-content\/uploads\/2026\/01\/DSC03483-ARW_DxO_DeepPRIME-2-1-300x169.jpg 300w, https:\/\/inzain.bike\/wp-content\/uploads\/2026\/01\/DSC03483-ARW_DxO_DeepPRIME-2-1-768x432.jpg 768w, https:\/\/inzain.bike\/wp-content\/uploads\/2026\/01\/DSC03483-ARW_DxO_DeepPRIME-2-1-1536x864.jpg 1536w, https:\/\/inzain.bike\/wp-content\/uploads\/2026\/01\/DSC03483-ARW_DxO_DeepPRIME-2-1-2048x1152.jpg 2048w, https:\/\/inzain.bike\/wp-content\/uploads\/2026\/01\/DSC03483-ARW_DxO_DeepPRIME-2-1-18x10.jpg 18w, https:\/\/inzain.bike\/wp-content\/uploads\/2026\/01\/DSC03483-ARW_DxO_DeepPRIME-2-1-600x337.jpg 600w\" sizes=\"auto, (max-width: 1024px) 100vw, 1024px\" \/><\/figure>\n\n\n\n<p><strong>Itin\u00e9raires<\/strong><\/p>\n\n\n\n<p>Nos guides locaux nous feront d\u00e9couvrir cinq circuits fantastiques. Une journ\u00e9e de repos est pr\u00e9vue. Vous pourrez vous d\u00e9tendre au bord de la piscine, faire une belle excursion ou, si vous le souhaitez, une balade \u00e0 v\u00e9lo. Nous proposons \u00e9galement de nombreux autres itin\u00e9raires int\u00e9ressants.<\/p>\n\n\n\n<p><strong>Groupes de vitesse<\/strong><br>Nous avons deux guides qui adapteront leur rythme\u00a0; choisissez celui qui convient le mieux \u00e0 la journ\u00e9e, un peu plus rapide ou un peu plus tranquille. Bien s\u00fbr, nous garderons toujours les groupes ensemble, comme d&#039;habitude.<\/p>\n\n\n\n<p><strong>V\u00e9lo<\/strong><br>Apportez le v\u00f4tre ou louez un excellent v\u00e9lo gravel sur place. Dans ce cas, il vous sera livr\u00e9 \u00e0 domicile.<\/p>\n\n\n\n<figure class=\"wp-block-image size-full\"><img decoding=\"async\" src=\"https:\/\/inzain.bike\/wp-content\/uploads\/2026\/01\/Z9B_3689.jpg\" alt=\"\" class=\"wp-image-9030\"\/><\/figure>\n\n\n\n<p><strong>Guide du cavalier<\/strong><br>Comme d&#039;habitude, chaque participant recevra notre fameux Guide du cycliste. Il regorge d&#039;informations sur tous les circuits et leurs variantes. Environ deux semaines avant le d\u00e9part, nous organiserons une r\u00e9union d&#039;information lors de laquelle le guide vous sera pr\u00e9sent\u00e9 et vous aurez l&#039;occasion de rencontrer vos h\u00f4tes et d&#039;autres cyclistes. Vous y trouverez bien s\u00fbr tous les itin\u00e9raires \u00e0 t\u00e9l\u00e9charger, ainsi que des descriptions d\u00e9taill\u00e9es des circuits.<\/p>\n\n\n\n<p><strong>Calendrier<\/strong><br><strong>Jour un<\/strong> <br>Arriv\u00e9e, montage du v\u00e9lo, enregistrement, court trajet de retour.<br><br><strong>Jour deux<\/strong><br>Nous avons entrepris une tr\u00e8s belle excursion. Le parcours de 85 km nous a men\u00e9s \u00e0 un village m\u00e9di\u00e9val et \u00e0 plusieurs caf\u00e9s agr\u00e9ables.<\/p>\n\n\n\n<p><strong>Jour trois<\/strong><br>95 km. Nous longeons \u00e0 v\u00e9lo la magnifique c\u00f4te de la Costa Brava, avec une pause baignade pour ceux qui le souhaitent. Au d\u00e9jeuner, nous d\u00e9gustons bien s\u00fbr des fruits de mer.<br><br><strong>Jour quatre<\/strong><br>Un trajet un peu plus long, 100 km de chemins de terre sinueux \u00e0 travers les vignobles. Un d\u00e9licieux d\u00e9jeuner et une surprise nous attendent.<br><br><strong>Cinqui\u00e8me jour<\/strong><br>Journ\u00e9e de repos \u2013 Excursion, d\u00e9tendez-vous au bord de la piscine ou partez en excursion \u00e0 votre guise\u00a0; nous proposons des itin\u00e9raires sur chemins de gravier et routes de campagne.<br>Si vous optez pour une excursion, le mus\u00e9e Dali pourrait vous plaire, ou Barcelone, ou encore tous les caf\u00e9s de G\u00e9rone\u00a0; il y a tellement de choix.<br><br><strong>Jour six<\/strong><br>\u00c0 90 km en direction des Pyr\u00e9n\u00e9es, des panoramas exceptionnels et de charmantes petites routes. Un v\u00e9ritable joyau.<br><br><strong>Jour sept<\/strong><br>Sur 80 km de routes de gravier embl\u00e9matiques, la vari\u00e9t\u00e9 des paysages est immense et aujourd&#039;hui, nous profitons de la plupart des plus beaux.<br><br><strong>Jour huit<\/strong><br>Nous chargeons nos v\u00e9los et prenons la route pour Barcelone pour le voyage de retour.<\/p>\n<\/div>\n<\/div>\n\n\n\n<p><\/p>","protected":false},"excerpt":{"rendered":"<p>Rutter V\u00e5ra lokala guider tar med oss p\u00e5 fem fantastiska turer. Vi har en inplanerad vilodag. Den kan anv\u00e4ndas till att koppla av vid poolen, kanske g\u00f6ra en trevlig utflykt eller, f\u00f6r den som vill, en cykeltur. Vi har massor med bra extra rutter att erbjuda. FartgrupperVi har tv\u00e5 guider som kommer h\u00e5lla olika fart, [&hellip;]<\/p>\n","protected":false},"author":203917875,"featured_media":0,"parent":0,"menu_order":0,"comment_status":"closed","ping_status":"closed","template":"","meta":{"_coblocks_attr":"","_coblocks_dimensions":"","_coblocks_responsive_height":"","_coblocks_accordion_ie_support":"","footnotes":""},"class_list":["post-9017","page","type-page","status-publish","hentry"],"yoast_head":"<!-- This site is optimized with the Yoast SEO plugin v27.2 - https:\/\/yoast.com\/product\/yoast-seo-wordpress\/ -->\n<title>Girona 2026 Cykling - INZAIN Cycling EXPERIENCES<\/title>\n<meta name=\"robots\" content=\"index, follow, max-snippet:-1, max-image-preview:large, max-video-preview:-1\" \/>\n<link rel=\"canonical\" href=\"https:\/\/inzain.bike\/fr\/gir26-cycling\/\" \/>\n<meta property=\"og:locale\" content=\"fr_FR\" \/>\n<meta property=\"og:type\" content=\"article\" \/>\n<meta property=\"og:title\" content=\"Girona 2026 Cykling - INZAIN Cycling EXPERIENCES\" \/>\n<meta property=\"og:description\" content=\"Rutter V\u00e5ra lokala guider tar med oss p\u00e5 fem fantastiska turer. Vi har en inplanerad vilodag. Den kan anv\u00e4ndas till att koppla av vid poolen, kanske g\u00f6ra en trevlig utflykt eller, f\u00f6r den som vill, en cykeltur. Vi har massor med bra extra rutter att erbjuda. FartgrupperVi har tv\u00e5 guider som kommer h\u00e5lla olika fart, [&hellip;]\" \/>\n<meta property=\"og:url\" content=\"https:\/\/inzain.bike\/fr\/gir26-cycling\/\" \/>\n<meta property=\"og:site_name\" content=\"INZAIN Cycling EXPERIENCES\" \/>\n<meta property=\"article:publisher\" content=\"https:\/\/www.facebook.com\/Inzain.bike\" \/>\n<meta property=\"article:modified_time\" content=\"2026-01-18T10:36:25+00:00\" \/>\n<meta property=\"og:image\" content=\"https:\/\/inzain.bike\/wp-content\/uploads\/2026\/01\/DSC03483-ARW_DxO_DeepPRIME-2-1-scaled.jpg\" \/>\n\t<meta property=\"og:image:width\" content=\"2560\" \/>\n\t<meta property=\"og:image:height\" content=\"1440\" \/>\n\t<meta property=\"og:image:type\" content=\"image\/jpeg\" \/>\n<meta name=\"twitter:card\" content=\"summary_large_image\" \/>\n<meta name=\"twitter:label1\" content=\"Dur\u00e9e de lecture estim\u00e9e\" \/>\n\t<meta name=\"twitter:data1\" content=\"3 minutes\" \/>\n<script type=\"application\/ld+json\" class=\"yoast-schema-graph\">{\"@context\":\"https:\/\/schema.org\",\"@graph\":[{\"@type\":\"WebPage\",\"@id\":\"https:\/\/inzain.bike\/gir26-cycling\/\",\"url\":\"https:\/\/inzain.bike\/gir26-cycling\/\",\"name\":\"Girona 2026 Cykling - INZAIN Cycling EXPERIENCES\",\"isPartOf\":{\"@id\":\"https:\/\/inzain.bike\/fr_be\/#website\"},\"primaryImageOfPage\":{\"@id\":\"https:\/\/inzain.bike\/gir26-cycling\/#primaryimage\"},\"image\":{\"@id\":\"https:\/\/inzain.bike\/gir26-cycling\/#primaryimage\"},\"thumbnailUrl\":\"https:\/\/inzain.bike\/wp-content\/uploads\/2026\/01\/DSC03483-ARW_DxO_DeepPRIME-2-1-1024x576.jpg\",\"datePublished\":\"2026-01-11T15:43:46+00:00\",\"dateModified\":\"2026-01-18T10:36:25+00:00\",\"breadcrumb\":{\"@id\":\"https:\/\/inzain.bike\/gir26-cycling\/#breadcrumb\"},\"inLanguage\":\"fr-FR\",\"potentialAction\":[{\"@type\":\"ReadAction\",\"target\":[\"https:\/\/inzain.bike\/gir26-cycling\/\"]}]},{\"@type\":\"ImageObject\",\"inLanguage\":\"fr-FR\",\"@id\":\"https:\/\/inzain.bike\/gir26-cycling\/#primaryimage\",\"url\":\"https:\/\/inzain.bike\/wp-content\/uploads\/2026\/01\/DSC03483-ARW_DxO_DeepPRIME-2-1-1024x576.jpg\",\"contentUrl\":\"https:\/\/inzain.bike\/wp-content\/uploads\/2026\/01\/DSC03483-ARW_DxO_DeepPRIME-2-1-1024x576.jpg\"},{\"@type\":\"BreadcrumbList\",\"@id\":\"https:\/\/inzain.bike\/gir26-cycling\/#breadcrumb\",\"itemListElement\":[{\"@type\":\"ListItem\",\"position\":1,\"name\":\"Hem\",\"item\":\"https:\/\/inzain.bike\/fr_be\/\"},{\"@type\":\"ListItem\",\"position\":2,\"name\":\"Girona 2026 Cykling\"}]},{\"@type\":\"WebSite\",\"@id\":\"https:\/\/inzain.bike\/fr_be\/#website\",\"url\":\"https:\/\/inzain.bike\/fr_be\/\",\"name\":\"INZAIN Cycling EXPERIENCES\",\"description\":\"Cyckling Adventures  - for everyone\",\"publisher\":{\"@id\":\"https:\/\/inzain.bike\/fr_be\/#organization\"},\"alternateName\":\"INZAIN Gravel & Travel\",\"potentialAction\":[{\"@type\":\"SearchAction\",\"target\":{\"@type\":\"EntryPoint\",\"urlTemplate\":\"https:\/\/inzain.bike\/fr_be\/?s={search_term_string}\"},\"query-input\":{\"@type\":\"PropertyValueSpecification\",\"valueRequired\":true,\"valueName\":\"search_term_string\"}}],\"inLanguage\":\"fr-FR\"},{\"@type\":\"Organization\",\"@id\":\"https:\/\/inzain.bike\/fr_be\/#organization\",\"name\":\"INZAIN Cycling EXPERIENCES\",\"url\":\"https:\/\/inzain.bike\/fr_be\/\",\"logo\":{\"@type\":\"ImageObject\",\"inLanguage\":\"fr-FR\",\"@id\":\"https:\/\/inzain.bike\/fr_be\/#\/schema\/logo\/image\/\",\"url\":\"https:\/\/i0.wp.com\/inzain.bike\/wp-content\/uploads\/2023\/09\/cropped-INZAIN_512x512_white.png?fit=512%2C512&ssl=1\",\"contentUrl\":\"https:\/\/i0.wp.com\/inzain.bike\/wp-content\/uploads\/2023\/09\/cropped-INZAIN_512x512_white.png?fit=512%2C512&ssl=1\",\"width\":512,\"height\":512,\"caption\":\"INZAIN Cycling EXPERIENCES\"},\"image\":{\"@id\":\"https:\/\/inzain.bike\/fr_be\/#\/schema\/logo\/image\/\"},\"sameAs\":[\"https:\/\/www.facebook.com\/Inzain.bike\",\"https:\/\/www.instagram.com\/inzainbike\"]}]}<\/script>\n<!-- \/ Yoast SEO plugin. -->","yoast_head_json":{"title":"Girona 2026 Cykling - INZAIN Cycling EXPERIENCES","robots":{"index":"index","follow":"follow","max-snippet":"max-snippet:-1","max-image-preview":"max-image-preview:large","max-video-preview":"max-video-preview:-1"},"canonical":"https:\/\/inzain.bike\/fr\/gir26-cycling\/","og_locale":"fr_FR","og_type":"article","og_title":"Girona 2026 Cykling - INZAIN Cycling EXPERIENCES","og_description":"Rutter V\u00e5ra lokala guider tar med oss p\u00e5 fem fantastiska turer. Vi har en inplanerad vilodag. Den kan anv\u00e4ndas till att koppla av vid poolen, kanske g\u00f6ra en trevlig utflykt eller, f\u00f6r den som vill, en cykeltur. Vi har massor med bra extra rutter att erbjuda. FartgrupperVi har tv\u00e5 guider som kommer h\u00e5lla olika fart, [&hellip;]","og_url":"https:\/\/inzain.bike\/fr\/gir26-cycling\/","og_site_name":"INZAIN Cycling EXPERIENCES","article_publisher":"https:\/\/www.facebook.com\/Inzain.bike","article_modified_time":"2026-01-18T10:36:25+00:00","og_image":[{"width":2560,"height":1440,"url":"https:\/\/inzain.bike\/wp-content\/uploads\/2026\/01\/DSC03483-ARW_DxO_DeepPRIME-2-1-scaled.jpg","type":"image\/jpeg"}],"twitter_card":"summary_large_image","twitter_misc":{"Dur\u00e9e de lecture estim\u00e9e":"3 minutes"},"schema":{"@context":"https:\/\/schema.org","@graph":[{"@type":"WebPage","@id":"https:\/\/inzain.bike\/gir26-cycling\/","url":"https:\/\/inzain.bike\/gir26-cycling\/","name":"Girona 2026 Cykling - INZAIN Cycling EXPERIENCES","isPartOf":{"@id":"https:\/\/inzain.bike\/fr_be\/#website"},"primaryImageOfPage":{"@id":"https:\/\/inzain.bike\/gir26-cycling\/#primaryimage"},"image":{"@id":"https:\/\/inzain.bike\/gir26-cycling\/#primaryimage"},"thumbnailUrl":"https:\/\/inzain.bike\/wp-content\/uploads\/2026\/01\/DSC03483-ARW_DxO_DeepPRIME-2-1-1024x576.jpg","datePublished":"2026-01-11T15:43:46+00:00","dateModified":"2026-01-18T10:36:25+00:00","breadcrumb":{"@id":"https:\/\/inzain.bike\/gir26-cycling\/#breadcrumb"},"inLanguage":"fr-FR","potentialAction":[{"@type":"ReadAction","target":["https:\/\/inzain.bike\/gir26-cycling\/"]}]},{"@type":"ImageObject","inLanguage":"fr-FR","@id":"https:\/\/inzain.bike\/gir26-cycling\/#primaryimage","url":"https:\/\/inzain.bike\/wp-content\/uploads\/2026\/01\/DSC03483-ARW_DxO_DeepPRIME-2-1-1024x576.jpg","contentUrl":"https:\/\/inzain.bike\/wp-content\/uploads\/2026\/01\/DSC03483-ARW_DxO_DeepPRIME-2-1-1024x576.jpg"},{"@type":"BreadcrumbList","@id":"https:\/\/inzain.bike\/gir26-cycling\/#breadcrumb","itemListElement":[{"@type":"ListItem","position":1,"name":"Hem","item":"https:\/\/inzain.bike\/fr_be\/"},{"@type":"ListItem","position":2,"name":"Girona 2026 Cykling"}]},{"@type":"WebSite","@id":"https:\/\/inzain.bike\/fr_be\/#website","url":"https:\/\/inzain.bike\/fr_be\/","name":"EXP\u00c9RIENCES Cyclistes INZAIN","description":"Aventures \u00e0 v\u00e9lo - pour tous","publisher":{"@id":"https:\/\/inzain.bike\/fr_be\/#organization"},"alternateName":"INZAIN Gravel & Travel","potentialAction":[{"@type":"SearchAction","target":{"@type":"EntryPoint","urlTemplate":"https:\/\/inzain.bike\/fr_be\/?s={search_term_string}"},"query-input":{"@type":"PropertyValueSpecification","valueRequired":true,"valueName":"search_term_string"}}],"inLanguage":"fr-FR"},{"@type":"Organization","@id":"https:\/\/inzain.bike\/fr_be\/#organization","name":"EXP\u00c9RIENCES Cyclistes INZAIN","url":"https:\/\/inzain.bike\/fr_be\/","logo":{"@type":"ImageObject","inLanguage":"fr-FR","@id":"https:\/\/inzain.bike\/fr_be\/#\/schema\/logo\/image\/","url":"https:\/\/i0.wp.com\/inzain.bike\/wp-content\/uploads\/2023\/09\/cropped-INZAIN_512x512_white.png?fit=512%2C512&ssl=1","contentUrl":"https:\/\/i0.wp.com\/inzain.bike\/wp-content\/uploads\/2023\/09\/cropped-INZAIN_512x512_white.png?fit=512%2C512&ssl=1","width":512,"height":512,"caption":"INZAIN Cycling EXPERIENCES"},"image":{"@id":"https:\/\/inzain.bike\/fr_be\/#\/schema\/logo\/image\/"},"sameAs":["https:\/\/www.facebook.com\/Inzain.bike","https:\/\/www.instagram.com\/inzainbike"]}]}},"amp_enabled":true,"_links":{"self":[{"href":"https:\/\/inzain.bike\/fr\/wp-json\/wp\/v2\/pages\/9017","targetHints":{"allow":["GET"]}}],"collection":[{"href":"https:\/\/inzain.bike\/fr\/wp-json\/wp\/v2\/pages"}],"about":[{"href":"https:\/\/inzain.bike\/fr\/wp-json\/wp\/v2\/types\/page"}],"author":[{"embeddable":true,"href":"https:\/\/inzain.bike\/fr\/wp-json\/wp\/v2\/users\/203917875"}],"replies":[{"embeddable":true,"href":"https:\/\/inzain.bike\/fr\/wp-json\/wp\/v2\/comments?post=9017"}],"version-history":[{"count":4,"href":"https:\/\/inzain.bike\/fr\/wp-json\/wp\/v2\/pages\/9017\/revisions"}],"predecessor-version":[{"id":9135,"href":"https:\/\/inzain.bike\/fr\/wp-json\/wp\/v2\/pages\/9017\/revisions\/9135"}],"wp:attachment":[{"href":"https:\/\/inzain.bike\/fr\/wp-json\/wp\/v2\/media?parent=9017"}],"curies":[{"name":"wp","href":"https:\/\/api.w.org\/{rel}","templated":true}]}}