{"id":8364,"date":"2025-08-19T19:38:54","date_gmt":"2025-08-19T17:38:54","guid":{"rendered":"https:\/\/inzain.bike\/?post_type=product&#038;p=8364"},"modified":"2025-08-28T10:13:57","modified_gmt":"2025-08-28T08:13:57","slug":"gbs-gravel-skjorta-man","status":"publish","type":"product","link":"https:\/\/inzain.bike\/fr\/produit\/gbs-gravel-skjorta-man\/","title":{"rendered":"Maillot Gravel GBS pour homme"},"content":{"rendered":"<p>T-shirt Gravel Bike Su\u00e8de pour homme<\/p>\n<p>Chemise gravel l\u00e9g\u00e8re avec notre logo sur le dos et la poitrine.<br \/>\nIl poss\u00e8de deux poches \u00e0 l&#039;arri\u00e8re avec fermetures \u00e9clair et une poche poitrine.<br \/>\nCoupe confortable. Boutons coquillages. Mati\u00e8re tr\u00e8s l\u00e9g\u00e8re.<\/p>\n<p>&nbsp;<\/p>\n<p>Mat\u00e9riel<\/p>\n<p>92% polyester 8% \u00e9lasthanne<br \/>\nMat\u00e9riau ultra l\u00e9ger, 76 g\/m\u00b2<br \/>\nRespire bien et laisse passer l&#039;humidit\u00e9.<br \/>\nHaute \u00e9lasticit\u00e9.<\/p>","protected":false},"excerpt":{"rendered":"<p>T-shirt Gravel Bike Su\u00e8de pour homme<\/p>\n<p>Chemise gravel l\u00e9g\u00e8re avec notre logo sur le dos et la poitrine.<br \/>\nIl poss\u00e8de deux poches \u00e0 l&#039;arri\u00e8re avec fermetures \u00e9clair et une poche poitrine.<\/p>","protected":false},"featured_media":8363,"comment_status":"open","ping_status":"closed","template":"","meta":{"_coblocks_attr":"","_coblocks_dimensions":"","_coblocks_responsive_height":"","_coblocks_accordion_ie_support":""},"product_brand":[],"product_cat":[1374981],"product_tag":[],"class_list":{"0":"post-8364","1":"product","2":"type-product","3":"status-publish","4":"has-post-thumbnail","6":"product_cat-klader","7":"product_shipping_class-postnord","9":"first","10":"outofstock","11":"shipping-taxable","12":"purchasable","13":"product-type-variable"},"composite_virtual":false,"composite_layout":"","composite_add_to_cart_form_location":"","composite_editable_in_cart":false,"composite_sold_individually_context":"","composite_shop_price_calc":"","composite_components":[],"composite_scenarios":[],"yoast_head":"<!-- This site is optimized with the Yoast SEO plugin v27.2 - https:\/\/yoast.com\/product\/yoast-seo-wordpress\/ -->\n<title>GBS Gravel Skjorta Man - INZAIN Cycling EXPERIENCES<\/title>\n<meta name=\"description\" content=\"Gravel Bike Sweden Gravel Shirt\" \/>\n<meta name=\"robots\" content=\"index, follow, max-snippet:-1, max-image-preview:large, max-video-preview:-1\" \/>\n<link rel=\"canonical\" href=\"https:\/\/inzain.bike\/fr\/produit\/gbs-gravel-skjorta-man\/\" \/>\n<meta property=\"og:locale\" content=\"fr_FR\" \/>\n<meta property=\"og:type\" content=\"article\" \/>\n<meta property=\"og:title\" content=\"GBS Gravel Skjorta Man - INZAIN Cycling EXPERIENCES\" \/>\n<meta property=\"og:description\" content=\"Gravel Bike Sweden Gravel Shirt\" \/>\n<meta property=\"og:url\" content=\"https:\/\/inzain.bike\/fr\/produit\/gbs-gravel-skjorta-man\/\" \/>\n<meta property=\"og:site_name\" content=\"INZAIN Cycling EXPERIENCES\" \/>\n<meta property=\"article:publisher\" content=\"https:\/\/www.facebook.com\/Inzain.bike\" \/>\n<meta property=\"article:modified_time\" content=\"2025-08-28T08:13:57+00:00\" \/>\n<meta property=\"og:image\" content=\"https:\/\/inzain.bike\/wp-content\/uploads\/2025\/08\/unnamed.png\" \/>\n\t<meta property=\"og:image:width\" content=\"589\" \/>\n\t<meta property=\"og:image:height\" content=\"784\" \/>\n\t<meta property=\"og:image:type\" content=\"image\/png\" \/>\n<meta name=\"twitter:card\" content=\"summary_large_image\" \/>\n<meta name=\"twitter:label1\" content=\"Dur\u00e9e de lecture estim\u00e9e\" \/>\n\t<meta name=\"twitter:data1\" content=\"1 minute\" \/>\n<script type=\"application\/ld+json\" class=\"yoast-schema-graph\">{\"@context\":\"https:\/\/schema.org\",\"@graph\":[{\"@type\":\"WebPage\",\"@id\":\"https:\/\/inzain.bike\/produkt\/gbs-gravel-skjorta-man\/\",\"url\":\"https:\/\/inzain.bike\/produkt\/gbs-gravel-skjorta-man\/\",\"name\":\"GBS Gravel Skjorta Man - INZAIN Cycling EXPERIENCES\",\"isPartOf\":{\"@id\":\"https:\/\/inzain.bike\/fr_be\/#website\"},\"primaryImageOfPage\":{\"@id\":\"https:\/\/inzain.bike\/produkt\/gbs-gravel-skjorta-man\/#primaryimage\"},\"image\":{\"@id\":\"https:\/\/inzain.bike\/produkt\/gbs-gravel-skjorta-man\/#primaryimage\"},\"thumbnailUrl\":\"https:\/\/inzain.bike\/wp-content\/uploads\/2025\/08\/unnamed.png\",\"datePublished\":\"2025-08-19T17:38:54+00:00\",\"dateModified\":\"2025-08-28T08:13:57+00:00\",\"description\":\"Gravel Bike Sweden Gravel Shirt\",\"breadcrumb\":{\"@id\":\"https:\/\/inzain.bike\/produkt\/gbs-gravel-skjorta-man\/#breadcrumb\"},\"inLanguage\":\"fr-FR\",\"potentialAction\":[{\"@type\":\"ReadAction\",\"target\":[\"https:\/\/inzain.bike\/produkt\/gbs-gravel-skjorta-man\/\"]}]},{\"@type\":\"ImageObject\",\"inLanguage\":\"fr-FR\",\"@id\":\"https:\/\/inzain.bike\/produkt\/gbs-gravel-skjorta-man\/#primaryimage\",\"url\":\"https:\/\/inzain.bike\/wp-content\/uploads\/2025\/08\/unnamed.png\",\"contentUrl\":\"https:\/\/inzain.bike\/wp-content\/uploads\/2025\/08\/unnamed.png\",\"width\":589,\"height\":784},{\"@type\":\"BreadcrumbList\",\"@id\":\"https:\/\/inzain.bike\/produkt\/gbs-gravel-skjorta-man\/#breadcrumb\",\"itemListElement\":[{\"@type\":\"ListItem\",\"position\":1,\"name\":\"Hem\",\"item\":\"https:\/\/inzain.bike\/fr_be\/\"},{\"@type\":\"ListItem\",\"position\":2,\"name\":\"Webbutik\",\"item\":\"https:\/\/inzain.bike\/fi\/butik\/\"},{\"@type\":\"ListItem\",\"position\":3,\"name\":\"GBS Gravel Skjorta Man\"}]},{\"@type\":\"WebSite\",\"@id\":\"https:\/\/inzain.bike\/fr_be\/#website\",\"url\":\"https:\/\/inzain.bike\/fr_be\/\",\"name\":\"INZAIN Cycling EXPERIENCES\",\"description\":\"Cyckling Adventures  - for everyone\",\"publisher\":{\"@id\":\"https:\/\/inzain.bike\/fr_be\/#organization\"},\"alternateName\":\"INZAIN Gravel & Travel\",\"potentialAction\":[{\"@type\":\"SearchAction\",\"target\":{\"@type\":\"EntryPoint\",\"urlTemplate\":\"https:\/\/inzain.bike\/fr_be\/?s={search_term_string}\"},\"query-input\":{\"@type\":\"PropertyValueSpecification\",\"valueRequired\":true,\"valueName\":\"search_term_string\"}}],\"inLanguage\":\"fr-FR\"},{\"@type\":\"Organization\",\"@id\":\"https:\/\/inzain.bike\/fr_be\/#organization\",\"name\":\"INZAIN Cycling EXPERIENCES\",\"url\":\"https:\/\/inzain.bike\/fr_be\/\",\"logo\":{\"@type\":\"ImageObject\",\"inLanguage\":\"fr-FR\",\"@id\":\"https:\/\/inzain.bike\/fr_be\/#\/schema\/logo\/image\/\",\"url\":\"https:\/\/i0.wp.com\/inzain.bike\/wp-content\/uploads\/2023\/09\/cropped-INZAIN_512x512_white.png?fit=512%2C512&ssl=1\",\"contentUrl\":\"https:\/\/i0.wp.com\/inzain.bike\/wp-content\/uploads\/2023\/09\/cropped-INZAIN_512x512_white.png?fit=512%2C512&ssl=1\",\"width\":512,\"height\":512,\"caption\":\"INZAIN Cycling EXPERIENCES\"},\"image\":{\"@id\":\"https:\/\/inzain.bike\/fr_be\/#\/schema\/logo\/image\/\"},\"sameAs\":[\"https:\/\/www.facebook.com\/Inzain.bike\",\"https:\/\/www.instagram.com\/inzainbike\"]}]}<\/script>\n<!-- \/ Yoast SEO plugin. -->","yoast_head_json":{"title":"GBS Gravel Skjorta Man - INZAIN Cycling EXPERIENCES","description":"T-shirt Gravel Bike Su\u00e8de","robots":{"index":"index","follow":"follow","max-snippet":"max-snippet:-1","max-image-preview":"max-image-preview:large","max-video-preview":"max-video-preview:-1"},"canonical":"https:\/\/inzain.bike\/fr\/produit\/gbs-gravel-skjorta-man\/","og_locale":"fr_FR","og_type":"article","og_title":"GBS Gravel Skjorta Man - INZAIN Cycling EXPERIENCES","og_description":"Gravel Bike Sweden Gravel Shirt","og_url":"https:\/\/inzain.bike\/fr\/produit\/gbs-gravel-skjorta-man\/","og_site_name":"INZAIN Cycling EXPERIENCES","article_publisher":"https:\/\/www.facebook.com\/Inzain.bike","article_modified_time":"2025-08-28T08:13:57+00:00","og_image":[{"width":589,"height":784,"url":"https:\/\/inzain.bike\/wp-content\/uploads\/2025\/08\/unnamed.png","type":"image\/png"}],"twitter_card":"summary_large_image","twitter_misc":{"Dur\u00e9e de lecture estim\u00e9e":"1 minute"},"schema":{"@context":"https:\/\/schema.org","@graph":[{"@type":"WebPage","@id":"https:\/\/inzain.bike\/produkt\/gbs-gravel-skjorta-man\/","url":"https:\/\/inzain.bike\/produkt\/gbs-gravel-skjorta-man\/","name":"GBS Gravel Skjorta Man - INZAIN Cycling EXPERIENCES","isPartOf":{"@id":"https:\/\/inzain.bike\/fr_be\/#website"},"primaryImageOfPage":{"@id":"https:\/\/inzain.bike\/produkt\/gbs-gravel-skjorta-man\/#primaryimage"},"image":{"@id":"https:\/\/inzain.bike\/produkt\/gbs-gravel-skjorta-man\/#primaryimage"},"thumbnailUrl":"https:\/\/inzain.bike\/wp-content\/uploads\/2025\/08\/unnamed.png","datePublished":"2025-08-19T17:38:54+00:00","dateModified":"2025-08-28T08:13:57+00:00","description":"T-shirt Gravel Bike Su\u00e8de","breadcrumb":{"@id":"https:\/\/inzain.bike\/produkt\/gbs-gravel-skjorta-man\/#breadcrumb"},"inLanguage":"fr-FR","potentialAction":[{"@type":"ReadAction","target":["https:\/\/inzain.bike\/produkt\/gbs-gravel-skjorta-man\/"]}]},{"@type":"ImageObject","inLanguage":"fr-FR","@id":"https:\/\/inzain.bike\/produkt\/gbs-gravel-skjorta-man\/#primaryimage","url":"https:\/\/inzain.bike\/wp-content\/uploads\/2025\/08\/unnamed.png","contentUrl":"https:\/\/inzain.bike\/wp-content\/uploads\/2025\/08\/unnamed.png","width":589,"height":784},{"@type":"BreadcrumbList","@id":"https:\/\/inzain.bike\/produkt\/gbs-gravel-skjorta-man\/#breadcrumb","itemListElement":[{"@type":"ListItem","position":1,"name":"Hem","item":"https:\/\/inzain.bike\/fr_be\/"},{"@type":"ListItem","position":2,"name":"Webbutik","item":"https:\/\/inzain.bike\/fi\/butik\/"},{"@type":"ListItem","position":3,"name":"GBS Gravel Skjorta Man"}]},{"@type":"WebSite","@id":"https:\/\/inzain.bike\/fr_be\/#website","url":"https:\/\/inzain.bike\/fr_be\/","name":"EXP\u00c9RIENCES Cyclistes INZAIN","description":"Aventures \u00e0 v\u00e9lo - pour tous","publisher":{"@id":"https:\/\/inzain.bike\/fr_be\/#organization"},"alternateName":"INZAIN Gravel & Travel","potentialAction":[{"@type":"SearchAction","target":{"@type":"EntryPoint","urlTemplate":"https:\/\/inzain.bike\/fr_be\/?s={search_term_string}"},"query-input":{"@type":"PropertyValueSpecification","valueRequired":true,"valueName":"search_term_string"}}],"inLanguage":"fr-FR"},{"@type":"Organization","@id":"https:\/\/inzain.bike\/fr_be\/#organization","name":"EXP\u00c9RIENCES Cyclistes INZAIN","url":"https:\/\/inzain.bike\/fr_be\/","logo":{"@type":"ImageObject","inLanguage":"fr-FR","@id":"https:\/\/inzain.bike\/fr_be\/#\/schema\/logo\/image\/","url":"https:\/\/i0.wp.com\/inzain.bike\/wp-content\/uploads\/2023\/09\/cropped-INZAIN_512x512_white.png?fit=512%2C512&ssl=1","contentUrl":"https:\/\/i0.wp.com\/inzain.bike\/wp-content\/uploads\/2023\/09\/cropped-INZAIN_512x512_white.png?fit=512%2C512&ssl=1","width":512,"height":512,"caption":"INZAIN Cycling EXPERIENCES"},"image":{"@id":"https:\/\/inzain.bike\/fr_be\/#\/schema\/logo\/image\/"},"sameAs":["https:\/\/www.facebook.com\/Inzain.bike","https:\/\/www.instagram.com\/inzainbike"]}]}},"_links":{"self":[{"href":"https:\/\/inzain.bike\/fr\/wp-json\/wp\/v2\/product\/8364","targetHints":{"allow":["GET"]}}],"collection":[{"href":"https:\/\/inzain.bike\/fr\/wp-json\/wp\/v2\/product"}],"about":[{"href":"https:\/\/inzain.bike\/fr\/wp-json\/wp\/v2\/types\/product"}],"replies":[{"embeddable":true,"href":"https:\/\/inzain.bike\/fr\/wp-json\/wp\/v2\/comments?post=8364"}],"wp:featuredmedia":[{"embeddable":true,"href":"https:\/\/inzain.bike\/fr\/wp-json\/wp\/v2\/media\/8363"}],"wp:attachment":[{"href":"https:\/\/inzain.bike\/fr\/wp-json\/wp\/v2\/media?parent=8364"}],"wp:term":[{"taxonomy":"product_brand","embeddable":true,"href":"https:\/\/inzain.bike\/fr\/wp-json\/wp\/v2\/product_brand?post=8364"},{"taxonomy":"product_cat","embeddable":true,"href":"https:\/\/inzain.bike\/fr\/wp-json\/wp\/v2\/product_cat?post=8364"},{"taxonomy":"product_tag","embeddable":true,"href":"https:\/\/inzain.bike\/fr\/wp-json\/wp\/v2\/product_tag?post=8364"}],"curies":[{"name":"wp","href":"https:\/\/api.w.org\/{rel}","templated":true}]}}