{"id":9884,"date":"2026-01-23T17:17:14","date_gmt":"2026-01-23T16:17:14","guid":{"rendered":"https:\/\/inzain.bike\/?post_type=product&#038;p=9884"},"modified":"2026-02-01T16:58:32","modified_gmt":"2026-02-01T15:58:32","slug":"gbs-wheel-set","status":"publish","type":"product","link":"https:\/\/inzain.bike\/fr\/produit\/gbs-wheel-set\/","title":{"rendered":"Roues GBS"},"content":{"rendered":"<p><strong>Roues de gravier GBS<\/strong><\/p>\n<p>Il existe plusieurs variantes : CLASSIC, WAWE, WIDE et LITE.<\/p>\n<p><strong>CLASSIQUE<\/strong> Les roues WAVE, v\u00e9ritables roues polyvalentes par excellence, arborent une forme ondul\u00e9e moderne offrant des avantages a\u00e9rodynamiques.<br \/>\n<strong>LARGE<\/strong> ont une largeur int\u00e9rieure de 32 mm, parfaite pour les pneus de gravier larges, de 42 mm et plus.<br \/>\n<strong>WAWE<\/strong> Elle poss\u00e8de une forme a\u00e9rodynamique moderne, parfaite si vous aimez rouler vite.<br \/>\n<strong>UN PEU<\/strong> sont les plus faciles pour ceux d&#039;entre vous qui le souhaitent.<\/p>\n<p>Vous composez les roues que vous souhaitez en choisissant la jante, le moyeu et le corps de roue libre.<\/p>\n<p>Il existe plusieurs types de moyeux et de moteurs parmi lesquels choisir pour le syst\u00e8me de transmission de votre v\u00e9lo.<\/p>\n<p><strong>\u00c0 propos des dimensions<\/strong><\/p>\n<p>La hauteur correspond \u00e0 la hauteur de la jante (ou \u00e0 sa profondeur, si vous pr\u00e9f\u00e9rez). Une hauteur importante (H) est consid\u00e9r\u00e9e comme plus a\u00e9rodynamique. Cependant, nous trouvons surtout cela plut\u00f4t esth\u00e9tique. La largeur (B) correspond \u00e0 la largeur ext\u00e9rieure de la jante. La largeur int\u00e9rieure (IB) correspond \u00e0 la largeur int\u00e9rieure. Plus elle est large, plus le pneu gonfle. Une nouvelle tendance pour les roues Gravel est la largeur int\u00e9rieure importante (comme WIDE par exemple).<\/p>\n<p><strong>Caract\u00e9ristiques d&#039;un<em>il y a des roues<\/em><\/strong><\/p>\n<ul class=\"wp-block-list\">\n<li><em>M\u00eames prix et poids pour avec\/sans hame\u00e7on<\/em><\/li>\n<li><em>Pour frein \u00e0 disque avec verrouillage central (CL)<\/em>, (<strong>EXTRALITE a 6 boulons !<\/strong>)<\/li>\n<li><em>Manque de surface de freinage<\/em><\/li>\n<li>Non\u00a0<em>trou dans le chemin de jante<\/em>\u00a0&gt;<em>\u00a0Pas besoin de ruban de jante<\/em>\u00a0(<em><strong>LITE a des trous dans la piste de jante<\/strong><\/em>)<\/li>\n<li>N<em>les ipplar sont en laiton<\/em>\u00a0<em>(Serrure s\u00e9curis\u00e9e Sapim SILS<\/em>)<\/li>\n<li>F<em>finir<\/em>\u2002<em>est UD mat<\/em><\/li>\n<li><em>Pour axe traversant 12\u00d7100\/12\u00d7142<\/em><\/li>\n<li><em>24 rayons.<\/em>\u00a0<em>Rayons Sapim CX Ray<\/em>,\u00a0<em>Noir<\/em><\/li>\n<li><em>Tous les poids sont donn\u00e9s avec tol\u00e9rance (+\/- 30 gr)<\/em><\/li>\n<li><em>Garantie jante 5 ans<\/em><\/li>\n<li><em>La livraison chez vous est incluse, comptez un d\u00e9lai de livraison d&#039;environ 8 semaines<\/em><\/li>\n<\/ul>\n<p><strong>Garantie jante pendant cinq ans.<\/strong><br \/>\n<em>Tous les acheteurs b\u00e9n\u00e9ficient d&#039;une garantie compl\u00e8te sur les jantes pendant cinq ans (s&#039;applique au premier propri\u00e9taire).<br \/>\nVotre chien mange le bord ? Est-ce que vous l&#039;\u00e9crasez avec<\/em>\u2002<em>la voiture? \u00cates-vous en train de le briser lors de votre course radicale ? Ce n&#039;est pas grave, vous obtenez une nouvelle jante.<br \/>\n(La condition est que vous nous l&#039;envoyiez afin que nous puissions le d\u00e9truire.<\/em>)<\/p>\n<p><strong>Choisissez librement vos jantes et vos moyeux<\/strong><\/p>\n<p>Toutes les jantes sont compatibles avec tous les moyeux.<\/p>\n<p><strong>UN PEU<\/strong><br \/>\nCe sera plus facile avec des moyeux EXTRALITE, nous pensons que les moyeux RD261, qui ne sont que 50 g plus lourds MAIS plus de 5 000 SEK moins chers, peuvent \u00eatre une tr\u00e8s bonne alternative.<\/p>\n<p><strong>Conducteur<\/strong><\/p>\n<p>Beaucoup de gens se posent cette question, et Shimano n&#039;a pas vraiment facilit\u00e9 la t\u00e2che. Mais voil\u00e0 le probl\u00e8me.<br \/>\nSi vous roulez en 10\/11 vitesses ou si vous poss\u00e9dez un Shimano GRX 2\u00d712 vitesses, optez pour un Shimano 11 vitesses (Hyperglide ou HG). En revanche, si vous roulez en Shimano VTT ou GRX 1\u00d712 vitesses, optez plut\u00f4t pour un Shimano Microspline 12 vitesses.<br \/>\n<em>Le guide ci-dessous peut apporter des \u00e9claircissements<\/em><\/p>\n<p><a href=\"https:\/\/bike.shimano.com\/stories\/article\/a-guide-to-shimanos-12-speed-freehubs-and-compatibility.html\">https:\/\/bike.shimano.com\/stories\/article\/a-guide-to-shimanos-12-speed-freehubs-and-compatibility.html<\/a><\/p>","protected":false},"excerpt":{"rendered":"<p>Roues de gravier GBS<\/p>\n<p>Bygg dina dr\u00f6mhjul, v\u00e4lj f\u00e4lg, nav och driver.<\/p>","protected":false},"featured_media":9886,"comment_status":"open","ping_status":"closed","template":"","meta":{"_coblocks_attr":"","_coblocks_dimensions":"","_coblocks_responsive_height":"","_coblocks_accordion_ie_support":""},"product_brand":[],"product_cat":[],"product_tag":[],"class_list":{"0":"post-9884","1":"product","2":"type-product","3":"status-publish","4":"has-post-thumbnail","6":"product_shipping_class-hjul","8":"first","9":"instock","10":"shipping-taxable","11":"purchasable","12":"product-type-composite"},"composite_virtual":false,"composite_layout":"paged","composite_add_to_cart_form_location":"default","composite_editable_in_cart":false,"composite_sold_individually_context":"product","composite_shop_price_calc":"defaults","composite_components":[{"id":"1769188484","title":"Jante","description":"<p>Choisissez les jantes que vous souhaitez<\/p>","query_type":"product_ids","query_ids":[9172],"default_option_id":9172,"thumbnail_id":"","thumbnail_src":"","quantity_min":1,"quantity_max":1,"priced_individually":true,"shipped_individually":false,"optional":false,"discount":"","options_style":"dropdowns","pagination_style":"classic","display_prices":"absolute","show_sorting_options":false,"show_filtering_options":false,"attribute_filter_ids":[],"select_action":"view","product_title_visible":true,"product_descr_visible":true,"product_price_visible":true,"product_thumb_visible":true,"subtotal_visible_product":true,"subtotal_visible_cart":true,"subtotal_visible_orders":true},{"id":"1769188635","title":"Moyeu","description":"<p>S\u00e9lectionner le hub<\/p>","query_type":"product_ids","query_ids":[9873],"default_option_id":9873,"thumbnail_id":"","thumbnail_src":"","quantity_min":1,"quantity_max":1,"priced_individually":true,"shipped_individually":false,"optional":false,"discount":"","options_style":"dropdowns","pagination_style":"classic","display_prices":"absolute","show_sorting_options":false,"show_filtering_options":false,"attribute_filter_ids":[],"select_action":"view","product_title_visible":true,"product_descr_visible":true,"product_price_visible":true,"product_thumb_visible":true,"subtotal_visible_product":true,"subtotal_visible_cart":true,"subtotal_visible_orders":true},{"id":"1769188636","title":"Conducteur","description":"<p>Choisissez le pilote que vous souhaitez, cela d\u00e9pend des vitesses de votre v\u00e9lo.<\/p>","query_type":"product_ids","query_ids":[9879],"default_option_id":9879,"thumbnail_id":"","thumbnail_src":"","quantity_min":1,"quantity_max":1,"priced_individually":true,"shipped_individually":false,"optional":false,"discount":"","options_style":"dropdowns","pagination_style":"classic","display_prices":"absolute","show_sorting_options":false,"show_filtering_options":false,"attribute_filter_ids":[],"select_action":"view","product_title_visible":true,"product_descr_visible":true,"product_price_visible":true,"product_thumb_visible":true,"subtotal_visible_product":true,"subtotal_visible_cart":true,"subtotal_visible_orders":true}],"composite_scenarios":[],"yoast_head":"<!-- This site is optimized with the Yoast SEO plugin v27.2 - https:\/\/yoast.com\/product\/yoast-seo-wordpress\/ -->\n<title>GBS Wheel Set - INZAIN Cycling EXPERIENCES<\/title>\n<meta name=\"robots\" content=\"index, follow, max-snippet:-1, max-image-preview:large, max-video-preview:-1\" \/>\n<link rel=\"canonical\" href=\"https:\/\/inzain.bike\/fr\/produit\/gbs-wheel-set\/\" \/>\n<meta property=\"og:locale\" content=\"fr_FR\" \/>\n<meta property=\"og:type\" content=\"article\" \/>\n<meta property=\"og:title\" content=\"GBS Wheel Set - INZAIN Cycling EXPERIENCES\" \/>\n<meta property=\"og:description\" content=\"GBS Gravel Hjul  Bygg dina dr\u00f6mhjul, v\u00e4lj f\u00e4lg, nav och driver.\" \/>\n<meta property=\"og:url\" content=\"https:\/\/inzain.bike\/fr\/produit\/gbs-wheel-set\/\" \/>\n<meta property=\"og:site_name\" content=\"INZAIN Cycling EXPERIENCES\" \/>\n<meta property=\"article:publisher\" content=\"https:\/\/www.facebook.com\/Inzain.bike\" \/>\n<meta property=\"article:modified_time\" content=\"2026-02-01T15:58:32+00:00\" \/>\n<meta property=\"og:image\" content=\"https:\/\/inzain.bike\/wp-content\/uploads\/2026\/01\/20220409_124721-1320x990-1.jpg\" \/>\n\t<meta property=\"og:image:width\" content=\"1320\" \/>\n\t<meta property=\"og:image:height\" content=\"990\" \/>\n\t<meta property=\"og:image:type\" content=\"image\/jpeg\" \/>\n<meta name=\"twitter:card\" content=\"summary_large_image\" \/>\n<meta name=\"twitter:label1\" content=\"Dur\u00e9e de lecture estim\u00e9e\" \/>\n\t<meta name=\"twitter:data1\" content=\"3 minutes\" \/>\n<script type=\"application\/ld+json\" class=\"yoast-schema-graph\">{\"@context\":\"https:\/\/schema.org\",\"@graph\":[{\"@type\":\"WebPage\",\"@id\":\"https:\/\/inzain.bike\/produkt\/gbs-wheel-set\/\",\"url\":\"https:\/\/inzain.bike\/produkt\/gbs-wheel-set\/\",\"name\":\"GBS Wheel Set - INZAIN Cycling EXPERIENCES\",\"isPartOf\":{\"@id\":\"https:\/\/inzain.bike\/fr_be\/#website\"},\"primaryImageOfPage\":{\"@id\":\"https:\/\/inzain.bike\/produkt\/gbs-wheel-set\/#primaryimage\"},\"image\":{\"@id\":\"https:\/\/inzain.bike\/produkt\/gbs-wheel-set\/#primaryimage\"},\"thumbnailUrl\":\"https:\/\/inzain.bike\/wp-content\/uploads\/2026\/01\/20220409_124721-1320x990-1.jpg\",\"datePublished\":\"2026-01-23T16:17:14+00:00\",\"dateModified\":\"2026-02-01T15:58:32+00:00\",\"breadcrumb\":{\"@id\":\"https:\/\/inzain.bike\/produkt\/gbs-wheel-set\/#breadcrumb\"},\"inLanguage\":\"fr-FR\",\"potentialAction\":[{\"@type\":\"ReadAction\",\"target\":[\"https:\/\/inzain.bike\/produkt\/gbs-wheel-set\/\"]}]},{\"@type\":\"ImageObject\",\"inLanguage\":\"fr-FR\",\"@id\":\"https:\/\/inzain.bike\/produkt\/gbs-wheel-set\/#primaryimage\",\"url\":\"https:\/\/inzain.bike\/wp-content\/uploads\/2026\/01\/20220409_124721-1320x990-1.jpg\",\"contentUrl\":\"https:\/\/inzain.bike\/wp-content\/uploads\/2026\/01\/20220409_124721-1320x990-1.jpg\",\"width\":1320,\"height\":990},{\"@type\":\"BreadcrumbList\",\"@id\":\"https:\/\/inzain.bike\/produkt\/gbs-wheel-set\/#breadcrumb\",\"itemListElement\":[{\"@type\":\"ListItem\",\"position\":1,\"name\":\"Hem\",\"item\":\"https:\/\/inzain.bike\/fr_be\/\"},{\"@type\":\"ListItem\",\"position\":2,\"name\":\"Webbutik\",\"item\":\"https:\/\/inzain.bike\/fi\/butik\/\"},{\"@type\":\"ListItem\",\"position\":3,\"name\":\"GBS Wheel Set\"}]},{\"@type\":\"WebSite\",\"@id\":\"https:\/\/inzain.bike\/fr_be\/#website\",\"url\":\"https:\/\/inzain.bike\/fr_be\/\",\"name\":\"INZAIN Cycling EXPERIENCES\",\"description\":\"Cyckling Adventures  - for everyone\",\"publisher\":{\"@id\":\"https:\/\/inzain.bike\/fr_be\/#organization\"},\"alternateName\":\"INZAIN Gravel & Travel\",\"potentialAction\":[{\"@type\":\"SearchAction\",\"target\":{\"@type\":\"EntryPoint\",\"urlTemplate\":\"https:\/\/inzain.bike\/fr_be\/?s={search_term_string}\"},\"query-input\":{\"@type\":\"PropertyValueSpecification\",\"valueRequired\":true,\"valueName\":\"search_term_string\"}}],\"inLanguage\":\"fr-FR\"},{\"@type\":\"Organization\",\"@id\":\"https:\/\/inzain.bike\/fr_be\/#organization\",\"name\":\"INZAIN Cycling EXPERIENCES\",\"url\":\"https:\/\/inzain.bike\/fr_be\/\",\"logo\":{\"@type\":\"ImageObject\",\"inLanguage\":\"fr-FR\",\"@id\":\"https:\/\/inzain.bike\/fr_be\/#\/schema\/logo\/image\/\",\"url\":\"https:\/\/i0.wp.com\/inzain.bike\/wp-content\/uploads\/2023\/09\/cropped-INZAIN_512x512_white.png?fit=512%2C512&ssl=1\",\"contentUrl\":\"https:\/\/i0.wp.com\/inzain.bike\/wp-content\/uploads\/2023\/09\/cropped-INZAIN_512x512_white.png?fit=512%2C512&ssl=1\",\"width\":512,\"height\":512,\"caption\":\"INZAIN Cycling EXPERIENCES\"},\"image\":{\"@id\":\"https:\/\/inzain.bike\/fr_be\/#\/schema\/logo\/image\/\"},\"sameAs\":[\"https:\/\/www.facebook.com\/Inzain.bike\",\"https:\/\/www.instagram.com\/inzainbike\"]}]}<\/script>\n<!-- \/ Yoast SEO plugin. -->","yoast_head_json":{"title":"GBS Wheel Set - INZAIN Cycling EXPERIENCES","robots":{"index":"index","follow":"follow","max-snippet":"max-snippet:-1","max-image-preview":"max-image-preview:large","max-video-preview":"max-video-preview:-1"},"canonical":"https:\/\/inzain.bike\/fr\/produit\/gbs-wheel-set\/","og_locale":"fr_FR","og_type":"article","og_title":"GBS Wheel Set - INZAIN Cycling EXPERIENCES","og_description":"GBS Gravel Hjul  Bygg dina dr\u00f6mhjul, v\u00e4lj f\u00e4lg, nav och driver.","og_url":"https:\/\/inzain.bike\/fr\/produit\/gbs-wheel-set\/","og_site_name":"INZAIN Cycling EXPERIENCES","article_publisher":"https:\/\/www.facebook.com\/Inzain.bike","article_modified_time":"2026-02-01T15:58:32+00:00","og_image":[{"width":1320,"height":990,"url":"https:\/\/inzain.bike\/wp-content\/uploads\/2026\/01\/20220409_124721-1320x990-1.jpg","type":"image\/jpeg"}],"twitter_card":"summary_large_image","twitter_misc":{"Dur\u00e9e de lecture estim\u00e9e":"3 minutes"},"schema":{"@context":"https:\/\/schema.org","@graph":[{"@type":"WebPage","@id":"https:\/\/inzain.bike\/produkt\/gbs-wheel-set\/","url":"https:\/\/inzain.bike\/produkt\/gbs-wheel-set\/","name":"GBS Wheel Set - INZAIN Cycling EXPERIENCES","isPartOf":{"@id":"https:\/\/inzain.bike\/fr_be\/#website"},"primaryImageOfPage":{"@id":"https:\/\/inzain.bike\/produkt\/gbs-wheel-set\/#primaryimage"},"image":{"@id":"https:\/\/inzain.bike\/produkt\/gbs-wheel-set\/#primaryimage"},"thumbnailUrl":"https:\/\/inzain.bike\/wp-content\/uploads\/2026\/01\/20220409_124721-1320x990-1.jpg","datePublished":"2026-01-23T16:17:14+00:00","dateModified":"2026-02-01T15:58:32+00:00","breadcrumb":{"@id":"https:\/\/inzain.bike\/produkt\/gbs-wheel-set\/#breadcrumb"},"inLanguage":"fr-FR","potentialAction":[{"@type":"ReadAction","target":["https:\/\/inzain.bike\/produkt\/gbs-wheel-set\/"]}]},{"@type":"ImageObject","inLanguage":"fr-FR","@id":"https:\/\/inzain.bike\/produkt\/gbs-wheel-set\/#primaryimage","url":"https:\/\/inzain.bike\/wp-content\/uploads\/2026\/01\/20220409_124721-1320x990-1.jpg","contentUrl":"https:\/\/inzain.bike\/wp-content\/uploads\/2026\/01\/20220409_124721-1320x990-1.jpg","width":1320,"height":990},{"@type":"BreadcrumbList","@id":"https:\/\/inzain.bike\/produkt\/gbs-wheel-set\/#breadcrumb","itemListElement":[{"@type":"ListItem","position":1,"name":"Hem","item":"https:\/\/inzain.bike\/fr_be\/"},{"@type":"ListItem","position":2,"name":"Webbutik","item":"https:\/\/inzain.bike\/fi\/butik\/"},{"@type":"ListItem","position":3,"name":"GBS Wheel Set"}]},{"@type":"WebSite","@id":"https:\/\/inzain.bike\/fr_be\/#website","url":"https:\/\/inzain.bike\/fr_be\/","name":"EXP\u00c9RIENCES Cyclistes INZAIN","description":"Aventures \u00e0 v\u00e9lo - pour tous","publisher":{"@id":"https:\/\/inzain.bike\/fr_be\/#organization"},"alternateName":"INZAIN Gravel & Travel","potentialAction":[{"@type":"SearchAction","target":{"@type":"EntryPoint","urlTemplate":"https:\/\/inzain.bike\/fr_be\/?s={search_term_string}"},"query-input":{"@type":"PropertyValueSpecification","valueRequired":true,"valueName":"search_term_string"}}],"inLanguage":"fr-FR"},{"@type":"Organization","@id":"https:\/\/inzain.bike\/fr_be\/#organization","name":"EXP\u00c9RIENCES Cyclistes INZAIN","url":"https:\/\/inzain.bike\/fr_be\/","logo":{"@type":"ImageObject","inLanguage":"fr-FR","@id":"https:\/\/inzain.bike\/fr_be\/#\/schema\/logo\/image\/","url":"https:\/\/i0.wp.com\/inzain.bike\/wp-content\/uploads\/2023\/09\/cropped-INZAIN_512x512_white.png?fit=512%2C512&ssl=1","contentUrl":"https:\/\/i0.wp.com\/inzain.bike\/wp-content\/uploads\/2023\/09\/cropped-INZAIN_512x512_white.png?fit=512%2C512&ssl=1","width":512,"height":512,"caption":"INZAIN Cycling EXPERIENCES"},"image":{"@id":"https:\/\/inzain.bike\/fr_be\/#\/schema\/logo\/image\/"},"sameAs":["https:\/\/www.facebook.com\/Inzain.bike","https:\/\/www.instagram.com\/inzainbike"]}]}},"_links":{"self":[{"href":"https:\/\/inzain.bike\/fr\/wp-json\/wp\/v2\/product\/9884","targetHints":{"allow":["GET"]}}],"collection":[{"href":"https:\/\/inzain.bike\/fr\/wp-json\/wp\/v2\/product"}],"about":[{"href":"https:\/\/inzain.bike\/fr\/wp-json\/wp\/v2\/types\/product"}],"replies":[{"embeddable":true,"href":"https:\/\/inzain.bike\/fr\/wp-json\/wp\/v2\/comments?post=9884"}],"wp:featuredmedia":[{"embeddable":true,"href":"https:\/\/inzain.bike\/fr\/wp-json\/wp\/v2\/media\/9886"}],"wp:attachment":[{"href":"https:\/\/inzain.bike\/fr\/wp-json\/wp\/v2\/media?parent=9884"}],"wp:term":[{"taxonomy":"product_brand","embeddable":true,"href":"https:\/\/inzain.bike\/fr\/wp-json\/wp\/v2\/product_brand?post=9884"},{"taxonomy":"product_cat","embeddable":true,"href":"https:\/\/inzain.bike\/fr\/wp-json\/wp\/v2\/product_cat?post=9884"},{"taxonomy":"product_tag","embeddable":true,"href":"https:\/\/inzain.bike\/fr\/wp-json\/wp\/v2\/product_tag?post=9884"}],"curies":[{"name":"wp","href":"https:\/\/api.w.org\/{rel}","templated":true}]}}