{"id":114,"date":"2021-04-07T19:02:41","date_gmt":"2021-04-07T17:02:41","guid":{"rendered":"https:\/\/inzain.bike\/?page_id=114"},"modified":"2021-04-07T19:02:41","modified_gmt":"2021-04-07T17:02:41","slug":"gravel-pa-mallorca-ride-report","status":"publish","type":"page","link":"https:\/\/inzain.bike\/fr_be\/gravel-pa-mallorca-ride-report\/","title":{"rendered":"Gravel sur Majorque Rapport de trajet"},"content":{"rendered":"<div class=\"wp-block-group alignfull has-background-background-color has-background is-layout-flow wp-block-group-is-layout-flow\">\n<div class=\"wp-block-jetpack-layout-grid alignfull column1-desktop-grid__span-10 column1-desktop-grid__start-2 column1-desktop-grid__row-1 column1-tablet-grid__span-8 column1-tablet-grid__row-1 column1-mobile-grid__span-4 column1-mobile-grid__row-1\">\n<div class=\"wp-block-jetpack-layout-grid-column wp-block-jetpack-layout-grid__padding-none\">\n<div class=\"wp-block-image\"><figure class=\"aligncenter size-large\"><img loading=\"lazy\" decoding=\"async\" width=\"3602\" height=\"3265\" src=\"https:\/\/inzain.bike\/wp-content\/uploads\/2021\/04\/g0013561.jpg?w=1024\" alt=\"\" class=\"wp-image-116\" \/><\/figure><\/div>\n<\/div>\n<\/div>\n\n\n\n<div class=\"wp-block-jetpack-layout-grid alignfull column1-desktop-grid__span-12 column1-desktop-grid__row-1 column1-tablet-grid__span-8 column1-tablet-grid__row-1 column1-mobile-grid__span-4 column1-mobile-grid__row-1\">\n<div class=\"wp-block-jetpack-layout-grid-column wp-block-jetpack-layout-grid__padding-none\">\n<p><strong>Majorque \u2013 Printemps \u2013 Cyclisme sur route<\/strong>? <\/p>\n\n\n\n<p class=\"margin-top-half\">Non, pas du tout, Majorque a de nombreux superbes chemins de terre \u00e0 d\u00e9couvrir, et nous l&#039;avons fait !<\/p>\n\n\n\n<figure class=\"wp-block-image size-large\"><img loading=\"lazy\" decoding=\"async\" width=\"4000\" height=\"3000\" src=\"https:\/\/inzain.bike\/wp-content\/uploads\/2021\/04\/20210405_095406.jpg?w=1024\" alt=\"\" class=\"wp-image-119\" \/><\/figure>\n\n\n\n<p>Mais tout depuis le d\u00e9but. A l&#039;origine nous \u00e9tions 26 personnes qui allaient \u00e0 Alar\u00f3, un petit village au pied de l&#039;Orient. Nous faisons cela depuis plusieurs ann\u00e9es, nous vivons \u00e0 merveille dans notre propre manoir avec une piscine, une salle de yoga, notre propre cave \u00e0 vin et un magnifique jardin. Notre h\u00f4tesse nous chouchoute, nous faisons du v\u00e9lo, mangeons bien et profitons de la vie avec des d\u00e9gustations de vins et des tapas en plus de toutes les superbes visites.<\/p>\n\n\n\n<figure class=\"wp-block-image size-large\"><img loading=\"lazy\" decoding=\"async\" width=\"4032\" height=\"3024\" src=\"https:\/\/inzain.bike\/wp-content\/uploads\/2021\/04\/165411931_466150988137609_3865724078445421573_n.jpg?w=1024\" alt=\"\" class=\"wp-image-117\" \/><\/figure>\n\n\n\n<p>Cette ann\u00e9e, nous \u00e9tions sept. Les 1 100 m\u00e8tres carr\u00e9s de surface habitable de Can Fressa \u00e9taient donc pour le moins peu habit\u00e9s.<br><br>Lorsque tout le monde est rassembl\u00e9 et a effectu\u00e9 son tour de d\u00e9part, nous retrouvons notre guide, Martin pour le premier tour de gravier. Asphalte mixte, belle route de gravier puis quelques tron\u00e7ons avec single track. C&#039;est Majorque, donc bien s\u00fbr nous avons aussi pris un peu d&#039;altitude. Heureusement, il a eu le temps de d\u00e9jeuner et de prendre un caf\u00e9 sur les quelque 73 km et 730 m. La pire c\u00f4te avait une pente de 20%, donc m\u00eame si le nombre de m\u00e8tres ne fait pas peur, \u00e7a pique quand m\u00eame, alors que la majeure partie est assez raide. Bon entra\u00eenement.<\/p>\n\n\n\n<figure class=\"wp-block-image size-large\"><img loading=\"lazy\" decoding=\"async\" width=\"5184\" height=\"3888\" src=\"https:\/\/inzain.bike\/wp-content\/uploads\/2021\/04\/g0011386.jpg?w=1024\" alt=\"\" class=\"wp-image-121\" \/><\/figure>\n\n\n\n<p>La temp\u00e9rature monte, et c&#039;est comme une chaude journ\u00e9e d&#039;\u00e9t\u00e9, c&#039;est magique d&#039;enlever ses v\u00eatements d&#039;hiver, de faire du v\u00e9lo jambes et bras nus. Martin prend bien soin de nous, aide m\u00eame quand l&#039;un de nous se fait punker (Devinez l&#039;argot ou TL \ud83d\ude42 ).<\/p>\n\n\n\n<p>Nous avons d\u00e9cid\u00e9 ensemble que nous mangerions dans notre bulle, que nous aurons toute la maison pour nous seuls, donc nous cuisinerons nous-m\u00eames, ou commanderons des plats qui seront livr\u00e9s directement \u00e0 la maison. Une belle fa\u00e7on de socialiser<\/p>\n\n\n\n<figure class=\"wp-block-image size-large\"><img loading=\"lazy\" decoding=\"async\" width=\"3024\" height=\"4032\" src=\"https:\/\/inzain.bike\/wp-content\/uploads\/2021\/04\/received_163475168963992.jpeg?w=768\" alt=\"\" class=\"wp-image-124\" \/><\/figure>\n\n\n\n<p>Le lendemain, nous d\u00e9cidons d&#039;accepter l&#039;offre de ses Rote de venir chez eux apr\u00e8s la balade \u00e0 v\u00e9lo, de go\u00fbter leurs propres vins, de regarder leurs superbes chevaux et de manger du fromage. Tr\u00e8s sympa et instructif sur la fa\u00e7on dont le vin est \u00e9labor\u00e9 et dont le go\u00fbt est con\u00e7u, nous avons \u00e9galement eu du vin d&#039;orange, quelque chose qui \u00e9tait nouveau pour moi. Dan et son \u00e9pouse su\u00e9doise Ellie vivent \u00e0 Majorque depuis plusieurs ann\u00e9es pour offrir \u00e0 leurs filles la meilleure \u00e9ducation possible et un choix judicieux.<\/p>\n\n\n\n<p><\/p>\n\n\n\n<figure class=\"wp-block-image size-large\"><img loading=\"lazy\" decoding=\"async\" width=\"4000\" height=\"3000\" src=\"https:\/\/inzain.bike\/wp-content\/uploads\/2021\/04\/20210331_163817.jpg?w=1024\" alt=\"\" class=\"wp-image-125\" \/><\/figure>\n\n\n\n<p><\/p>\n\n\n\n<div class=\"wp-block-buttons is-layout-flex wp-block-buttons-is-layout-flex\"><\/div>\n\n\n\n<p>Le lendemain, nous d\u00e9cidons de tenter une balade sur gravier propos\u00e9e par Dan, mais seuls. Cela s&#039;av\u00e8re \u00eatre un voyage incroyablement agr\u00e9able avec une grande proportion de gravier et de belles routes.<\/p>\n\n\n\n<figure class=\"wp-block-image size-large\"><img decoding=\"async\" src=\"https:\/\/inzain.bike\/wp-content\/uploads\/2021\/04\/20210401_125754.jpg?w=1024\" alt=\"\" class=\"wp-image-127\" \/><\/figure>\n\n\n\n<p>Les routes poussi\u00e9reuses, les avenues et les vieux lits de rivi\u00e8res se m\u00e9langent aux bosquets frais et aux petites collines. Les kilom\u00e8tres d\u00e9filent facilement et pour moi, cela s&#039;av\u00e8re \u00eatre l&#039;un de mes meilleurs jours sur l&#039;\u00eele.<\/p>\n\n\n\n<figure class=\"wp-block-image size-large\"><img decoding=\"async\" src=\"https:\/\/inzain.bike\/wp-content\/uploads\/2021\/04\/g0012041.jpg?w=1024\" alt=\"\" class=\"wp-image-130\" \/><\/figure>\n\n\n\n<p>Le trajet fera environ 10 miles et 850 m\u00e8tres de hauteur. Nous avons le temps de d\u00e9jeuner et de prendre un caf\u00e9.<\/p>\n\n\n\n<figure class=\"wp-block-image size-large\"><img decoding=\"async\" src=\"https:\/\/inzain.bike\/wp-content\/uploads\/2021\/04\/g0012084.jpg?w=1024\" alt=\"\" class=\"wp-image-132\" \/><\/figure>\n\n\n\n<p>Le soir, un rago\u00fbt de courgettes chaudes est pr\u00e9par\u00e9 et je pr\u00e9sente \u00e0 la bande le glorieux jeu du menteur, ou lur comme on l&#039;appelle chez LiTH et KTH. Curieusement, je gagne aussi :).<br><br>Le vin que Helga, notre h\u00f4tesse, \u00e9voque de Sa Portassa, notre propre cave \u00e0 vin, est en fait de premi\u00e8re classe, nous passons un tr\u00e8s bon moment ici sur l&#039;\u00eele paradisiaque.<\/p>\n\n\n\n<figure class=\"wp-block-image size-large\"><img decoding=\"async\" src=\"https:\/\/inzain.bike\/wp-content\/uploads\/2021\/04\/g0012664.jpg?w=1024\" alt=\"\" class=\"wp-image-133\" \/><\/figure>\n\n\n\n<p>Majorque a aussi de l&#039;asphalte et c&#039;est le moment de tenter un tel voyage. Nous avons d\u00e9cid\u00e9 de faire du v\u00e9lo sur la colline de Lluc ou le col de Batalla, puis jusqu&#039;\u00e0 Puerto Pollenca, pour le d\u00e9jeuner, puis de rentrer chez nous par des petites routes secondaires que j&#039;ai explor\u00e9es \u00e0 une autre occasion. La mont\u00e9e jusqu&#039;\u00e0 &quot;Tankstette&quot;, l&#039;endroit au sommet, est un favori, de belles serpentines et un peu d&#039;ombre associ\u00e9es \u00e0 une superbe vue puis un &quot;faux plat&quot; apr\u00e8s 2\/3 pour se reposer une minute.<\/p>\n\n\n\n<p>Bient\u00f4t ce sera une descente brutale jusqu&#039;\u00e0 Pollenca via le col de Femenia, mais d&#039;abord un caf\u00e9 et quelques petites collines jusqu&#039;au sommet. Cette descente est vraiment amusante avec de jolis lacets et de vraies vues, puis une longue marche jusqu&#039;\u00e0 Puerto Pollenca, pour un meilleur d\u00e9jeuner au bord de la mer.<\/p>\n\n\n\n<figure class=\"wp-block-image size-large\"><img decoding=\"async\" src=\"https:\/\/inzain.bike\/wp-content\/uploads\/2021\/04\/g0033027.jpg?w=1024\" alt=\"\" class=\"wp-image-135\" \/><\/figure>\n\n\n\n<p>Pour moi, cependant, le meilleur commence avec la journ\u00e9e maintenant, en suivant ces petites routes dont Majorque regorge, sans voitures, sans fin de cours aux murs de pierre, de parfums de fleurs et de pur plaisir.<\/p>\n\n\n\n<figure class=\"wp-block-image size-large\"><img decoding=\"async\" src=\"https:\/\/inzain.bike\/wp-content\/uploads\/2021\/04\/g0033177.jpg?w=1024\" alt=\"\" class=\"wp-image-137\" \/><\/figure>\n\n\n\n<p><br>Le soir, on d\u00e9guste du thon l\u00e9g\u00e8rement grill\u00e9 avec des salades de chili de toutes sortes puis de la cr\u00e8me br\u00fbl\u00e9e, la vie pourrait \u00eatre pire.<\/p>\n\n\n\n<p><strong>Parc de Llevant<\/strong><\/p>\n\n\n\n<p>Au nord-est de Majorque se trouve le parc national du Llevant, c&#039;est une partie compl\u00e8tement nouvelle pour moi et j&#039;avais h\u00e2te de voir ce qu&#039;il pouvait offrir. Nous avions cr\u00e9\u00e9 un itin\u00e9raire partant du parking du parc et pris des dispositions pour nous y transporter, nous et nos v\u00e9los. Il fait un peu frais dans l&#039;air mais la premi\u00e8re mont\u00e9e r\u00e9sout la chaleur. Commence alors notre voyage vers la mer. C&#039;est probablement l&#039;une des plus belles choses que j&#039;ai vues depuis une selle de v\u00e9lo.<br>Nous avons tous un peu perdu le souffle.<\/p>\n\n\n\n<figure class=\"wp-block-image size-large\"><img decoding=\"async\" src=\"https:\/\/inzain.bike\/wp-content\/uploads\/2021\/04\/20210404_094354.jpg?w=1024\" alt=\"\" class=\"wp-image-139\" \/><\/figure>\n\n\n\n<p>De nombreuses parties de la descente \u00e9taient assez raides et ceux qui avaient des pneus \u00e9troits choisissaient parfois de descendre. J&#039;avais mes pneus VTT de 52 mm et j&#039;ai trouv\u00e9 de l&#039;adh\u00e9rence. La route serpente mais nous voyons tout le temps la mer et les montagnes devant nous.<\/p>\n\n\n\n<p>Une fois sur la plage, nous aurions aim\u00e9 emporter un petit sac \u00e0 lunch avec nous, mais nous profitons du son et de la vue avant le d\u00e9but du p\u00e9nible voyage de retour.<\/p>\n\n\n\n<figure class=\"wp-block-image size-large\"><img decoding=\"async\" src=\"https:\/\/inzain.bike\/wp-content\/uploads\/2021\/04\/20210404_102625.jpg?w=1024\" alt=\"\" class=\"wp-image-141\" \/><\/figure>\n\n\n\n<p>Il y a beaucoup de sections difficiles avec du gravier technique et aussi quelques sections raides, principalement 22%. Ma fonction Garmin Climb Pro a pris une couleur que je n&#039;avais jamais vue auparavant, le noir ! Mais nous nous sommes lev\u00e9s. Il a fallu environ trois heures pour parcourir 18 km, ce qui constitue un record en soi. Pouvoir descendre jusqu&#039;\u00e0 Arta sur le tarmac \u00e9tait plut\u00f4t agr\u00e9able, tout comme un d\u00e9jeuner de p\u00e2tes sur la place.<\/p>\n\n\n\n<p>La prochaine partie du voyage se d\u00e9roulera jusqu&#039;\u00e0 Manacor et nous avons choisi d&#039;essayer Vias Verde, un ancien talus ferroviaire de trois miles qui a \u00e9t\u00e9 transform\u00e9 en chemin de terre, toutes les gares sont toujours l\u00e0 et le tout est assez amusant et amusant. un peu \u00e9trange parce que c&#039;est tellement moderne. Pourquoi les rails ont-ils \u00e9t\u00e9 retir\u00e9s ? Au moins, c&#039;\u00e9tait une chance pour nous.<\/p>\n\n\n\n<figure class=\"wp-block-image size-large\"><img decoding=\"async\" src=\"https:\/\/inzain.bike\/wp-content\/uploads\/2021\/04\/g0023909.jpg?w=1024\" alt=\"\" class=\"wp-image-143\" \/><\/figure>\n\n\n\n<p>Quand nous sommes arriv\u00e9s \u00e0 Manacor, nous avons pens\u00e9 que c&#039;\u00e9tait suffisant pour aujourd&#039;hui et, comme par hasard, il y a des trains \u00e0 Majorque. Bien s\u00fbr, les v\u00e9los sont les bienvenus, c&#039;est un pays civilis\u00e9 apr\u00e8s tout...<\/p>\n\n\n\n<p>Le soir, Helga a organis\u00e9 des d\u00e9gustations de vins et des tapas, incroyablement belles et d\u00e9licieuses. On m&#039;a moi-m\u00eame appris qu&#039;il fallait peut-\u00eatre parfois utiliser le crachoir, il y avait beaucoup de verres de vin. Nous sommes \u00e9galement arriv\u00e9s \u00e0 la conclusion que nous avions besoin de noms de gangs, c&#039;est ainsi que Shiny Rider, Shady Riser, Slack Blatter, Dark Klingon, Ghost Rider et, mieux encore, Dirk Diggler sont n\u00e9s.<\/p>\n\n\n\n<p>Le dernier jour, certains ont choisi une balade en montagne avec le col de Soller et le Puig Major (alias Piggen) tandis que d&#039;autres ont fait une balade en gravier plus douce sur le plat, avant qu&#039;il ne soit temps de ranger les v\u00e9los, de nettoyer le frigo et de commencer \u00e0 regarder vers l&#039;avant. au prochain voyage ici, comme par hasard, ce sera d\u00e9j\u00e0 en octobre, alors nous en profiterons \u00e9galement pour tester le Gravel \u00e0 Minorque et Martin a de nouvelles surprises, ne le manquez pas.<br><br><\/p>\n\n\n\n<figure class=\"wp-block-image size-large\"><img decoding=\"async\" src=\"https:\/\/inzain.bike\/wp-content\/uploads\/2021\/04\/20210405_090449.jpg?w=1024\" alt=\"\" class=\"wp-image-145\" \/><\/figure>\n\n\n\n<figure class=\"wp-block-image size-large\"><img decoding=\"async\" src=\"https:\/\/inzain.bike\/wp-content\/uploads\/2021\/04\/20210405_090456.jpg?w=1024\" alt=\"\" class=\"wp-image-146\" \/><\/figure>\n\n\n\n<p><br><\/p>\n\n\n\n<p><br><\/p>\n<\/div>\n<\/div>\n<\/div>","protected":false},"excerpt":{"rendered":"<p>Mallorca &#8211; V\u00e5r &#8211; Landsv\u00e4gscykling? Nejd\u00e5 inte alls, Mallorca har m\u00e5nga grymma grusv\u00e4gar att uppt\u00e4cka, och det gjorde vi! Men allt fr\u00e5n b\u00f6rjan. Ursprungligen var vi 26 personer som skulle \u00e5ka till Alar\u00f3, en liten by vid foten av Orient. Vi har gjort s\u00e5 i flera \u00e5r, vi bor fantastiskt i ett eget mansion med [&hellip;]<\/p>\n","protected":false},"author":135133094,"featured_media":0,"parent":0,"menu_order":0,"comment_status":"closed","ping_status":"closed","template":"","meta":{"_coblocks_attr":"","_coblocks_dimensions":"","_coblocks_responsive_height":"","_coblocks_accordion_ie_support":"","footnotes":""},"class_list":["post-114","page","type-page","status-publish","hentry"],"yoast_head":"<!-- This site is optimized with the Yoast SEO plugin v27.2 - https:\/\/yoast.com\/product\/yoast-seo-wordpress\/ -->\n<title>Gravel p\u00e5 Mallorca Ride Report - INZAIN Cycling EXPERIENCES<\/title>\n<meta name=\"robots\" content=\"index, follow, max-snippet:-1, max-image-preview:large, max-video-preview:-1\" \/>\n<link rel=\"canonical\" href=\"https:\/\/inzain.bike\/fr_be\/gravel-pa-mallorca-ride-report\/\" \/>\n<meta property=\"og:locale\" content=\"fr_FR\" \/>\n<meta property=\"og:type\" content=\"article\" \/>\n<meta property=\"og:title\" content=\"Gravel p\u00e5 Mallorca Ride Report - INZAIN Cycling EXPERIENCES\" \/>\n<meta property=\"og:description\" content=\"Mallorca &#8211; V\u00e5r &#8211; Landsv\u00e4gscykling? Nejd\u00e5 inte alls, Mallorca har m\u00e5nga grymma grusv\u00e4gar att uppt\u00e4cka, och det gjorde vi! Men allt fr\u00e5n b\u00f6rjan. Ursprungligen var vi 26 personer som skulle \u00e5ka till Alar\u00f3, en liten by vid foten av Orient. Vi har gjort s\u00e5 i flera \u00e5r, vi bor fantastiskt i ett eget mansion med [&hellip;]\" \/>\n<meta property=\"og:url\" content=\"https:\/\/inzain.bike\/fr_be\/gravel-pa-mallorca-ride-report\/\" \/>\n<meta property=\"og:site_name\" content=\"INZAIN Cycling EXPERIENCES\" \/>\n<meta property=\"article:publisher\" content=\"https:\/\/www.facebook.com\/Inzain.bike\" \/>\n<meta property=\"og:image\" content=\"https:\/\/inzain.bike\/wp-content\/uploads\/2021\/04\/g0013561.jpg?w=1024\" \/>\n<meta name=\"twitter:card\" content=\"summary_large_image\" \/>\n<meta name=\"twitter:label1\" content=\"Dur\u00e9e de lecture est.\" \/>\n\t<meta name=\"twitter:data1\" content=\"6 minutes\" \/>\n<script type=\"application\/ld+json\" class=\"yoast-schema-graph\">{\"@context\":\"https:\/\/schema.org\",\"@graph\":[{\"@type\":\"WebPage\",\"@id\":\"https:\/\/inzain.bike\/en_gb\/gravel-pa-mallorca-ride-report\/\",\"url\":\"https:\/\/inzain.bike\/en_gb\/gravel-pa-mallorca-ride-report\/\",\"name\":\"Gravel p\u00e5 Mallorca Ride Report - INZAIN Cycling EXPERIENCES\",\"isPartOf\":{\"@id\":\"https:\/\/inzain.bike\/fr_be\/#website\"},\"primaryImageOfPage\":{\"@id\":\"https:\/\/inzain.bike\/en_gb\/gravel-pa-mallorca-ride-report\/#primaryimage\"},\"image\":{\"@id\":\"https:\/\/inzain.bike\/en_gb\/gravel-pa-mallorca-ride-report\/#primaryimage\"},\"thumbnailUrl\":\"https:\/\/inzain.bike\/wp-content\/uploads\/2021\/04\/g0013561.jpg?w=1024\",\"datePublished\":\"2021-04-07T17:02:41+00:00\",\"breadcrumb\":{\"@id\":\"https:\/\/inzain.bike\/en_gb\/gravel-pa-mallorca-ride-report\/#breadcrumb\"},\"inLanguage\":\"fr-BE\",\"potentialAction\":[{\"@type\":\"ReadAction\",\"target\":[\"https:\/\/inzain.bike\/en_gb\/gravel-pa-mallorca-ride-report\/\"]}]},{\"@type\":\"ImageObject\",\"inLanguage\":\"fr-BE\",\"@id\":\"https:\/\/inzain.bike\/en_gb\/gravel-pa-mallorca-ride-report\/#primaryimage\",\"url\":\"https:\/\/inzain.bike\/wp-content\/uploads\/2021\/04\/g0013561.jpg?w=1024\",\"contentUrl\":\"https:\/\/inzain.bike\/wp-content\/uploads\/2021\/04\/g0013561.jpg?w=1024\"},{\"@type\":\"BreadcrumbList\",\"@id\":\"https:\/\/inzain.bike\/en_gb\/gravel-pa-mallorca-ride-report\/#breadcrumb\",\"itemListElement\":[{\"@type\":\"ListItem\",\"position\":1,\"name\":\"Hem\",\"item\":\"https:\/\/inzain.bike\/fr_be\/\"},{\"@type\":\"ListItem\",\"position\":2,\"name\":\"Gravel p\u00e5 Mallorca Ride Report\"}]},{\"@type\":\"WebSite\",\"@id\":\"https:\/\/inzain.bike\/fr_be\/#website\",\"url\":\"https:\/\/inzain.bike\/fr_be\/\",\"name\":\"INZAIN Cycling EXPERIENCES\",\"description\":\"Cyckling Adventures  - for everyone\",\"publisher\":{\"@id\":\"https:\/\/inzain.bike\/fr_be\/#organization\"},\"alternateName\":\"INZAIN Gravel & Travel\",\"potentialAction\":[{\"@type\":\"SearchAction\",\"target\":{\"@type\":\"EntryPoint\",\"urlTemplate\":\"https:\/\/inzain.bike\/fr_be\/?s={search_term_string}\"},\"query-input\":{\"@type\":\"PropertyValueSpecification\",\"valueRequired\":true,\"valueName\":\"search_term_string\"}}],\"inLanguage\":\"fr-BE\"},{\"@type\":\"Organization\",\"@id\":\"https:\/\/inzain.bike\/fr_be\/#organization\",\"name\":\"INZAIN Cycling EXPERIENCES\",\"url\":\"https:\/\/inzain.bike\/fr_be\/\",\"logo\":{\"@type\":\"ImageObject\",\"inLanguage\":\"fr-BE\",\"@id\":\"https:\/\/inzain.bike\/fr_be\/#\/schema\/logo\/image\/\",\"url\":\"https:\/\/i0.wp.com\/inzain.bike\/wp-content\/uploads\/2023\/09\/cropped-INZAIN_512x512_white.png?fit=512%2C512&ssl=1\",\"contentUrl\":\"https:\/\/i0.wp.com\/inzain.bike\/wp-content\/uploads\/2023\/09\/cropped-INZAIN_512x512_white.png?fit=512%2C512&ssl=1\",\"width\":512,\"height\":512,\"caption\":\"INZAIN Cycling EXPERIENCES\"},\"image\":{\"@id\":\"https:\/\/inzain.bike\/fr_be\/#\/schema\/logo\/image\/\"},\"sameAs\":[\"https:\/\/www.facebook.com\/Inzain.bike\",\"https:\/\/www.instagram.com\/inzainbike\"]}]}<\/script>\n<!-- \/ Yoast SEO plugin. -->","yoast_head_json":{"title":"Compte-rendu de randonn\u00e9e Gravel \u00e0 Majorque - INZAIN Cycling EXPERIENCES","robots":{"index":"index","follow":"follow","max-snippet":"max-snippet:-1","max-image-preview":"max-image-preview:large","max-video-preview":"max-video-preview:-1"},"canonical":"https:\/\/inzain.bike\/fr_be\/gravel-pa-mallorca-ride-report\/","og_locale":"fr_FR","og_type":"article","og_title":"Gravel p\u00e5 Mallorca Ride Report - INZAIN Cycling EXPERIENCES","og_description":"Mallorca &#8211; V\u00e5r &#8211; Landsv\u00e4gscykling? Nejd\u00e5 inte alls, Mallorca har m\u00e5nga grymma grusv\u00e4gar att uppt\u00e4cka, och det gjorde vi! Men allt fr\u00e5n b\u00f6rjan. Ursprungligen var vi 26 personer som skulle \u00e5ka till Alar\u00f3, en liten by vid foten av Orient. Vi har gjort s\u00e5 i flera \u00e5r, vi bor fantastiskt i ett eget mansion med [&hellip;]","og_url":"https:\/\/inzain.bike\/fr_be\/gravel-pa-mallorca-ride-report\/","og_site_name":"INZAIN Cycling EXPERIENCES","article_publisher":"https:\/\/www.facebook.com\/Inzain.bike","og_image":[{"url":"https:\/\/inzain.bike\/wp-content\/uploads\/2021\/04\/g0013561.jpg?w=1024","type":"","width":"","height":""}],"twitter_card":"summary_large_image","twitter_misc":{"Dur\u00e9e de lecture est.":"6 minutes"},"schema":{"@context":"https:\/\/schema.org","@graph":[{"@type":"WebPage","@id":"https:\/\/inzain.bike\/en_gb\/gravel-pa-mallorca-ride-report\/","url":"https:\/\/inzain.bike\/en_gb\/gravel-pa-mallorca-ride-report\/","name":"Compte-rendu de randonn\u00e9e Gravel \u00e0 Majorque - INZAIN Cycling EXPERIENCES","isPartOf":{"@id":"https:\/\/inzain.bike\/fr_be\/#website"},"primaryImageOfPage":{"@id":"https:\/\/inzain.bike\/en_gb\/gravel-pa-mallorca-ride-report\/#primaryimage"},"image":{"@id":"https:\/\/inzain.bike\/en_gb\/gravel-pa-mallorca-ride-report\/#primaryimage"},"thumbnailUrl":"https:\/\/inzain.bike\/wp-content\/uploads\/2021\/04\/g0013561.jpg?w=1024","datePublished":"2021-04-07T17:02:41+00:00","breadcrumb":{"@id":"https:\/\/inzain.bike\/en_gb\/gravel-pa-mallorca-ride-report\/#breadcrumb"},"inLanguage":"fr-BE","potentialAction":[{"@type":"ReadAction","target":["https:\/\/inzain.bike\/en_gb\/gravel-pa-mallorca-ride-report\/"]}]},{"@type":"ImageObject","inLanguage":"fr-BE","@id":"https:\/\/inzain.bike\/en_gb\/gravel-pa-mallorca-ride-report\/#primaryimage","url":"https:\/\/inzain.bike\/wp-content\/uploads\/2021\/04\/g0013561.jpg?w=1024","contentUrl":"https:\/\/inzain.bike\/wp-content\/uploads\/2021\/04\/g0013561.jpg?w=1024"},{"@type":"BreadcrumbList","@id":"https:\/\/inzain.bike\/en_gb\/gravel-pa-mallorca-ride-report\/#breadcrumb","itemListElement":[{"@type":"ListItem","position":1,"name":"Hem","item":"https:\/\/inzain.bike\/fr_be\/"},{"@type":"ListItem","position":2,"name":"Gravel p\u00e5 Mallorca Ride Report"}]},{"@type":"WebSite","@id":"https:\/\/inzain.bike\/fr_be\/#website","url":"https:\/\/inzain.bike\/fr_be\/","name":"EXP\u00c9RIENCES Cyclistes INZAIN","description":"Aventures \u00e0 v\u00e9lo - pour tous","publisher":{"@id":"https:\/\/inzain.bike\/fr_be\/#organization"},"alternateName":"INZAIN Gravel & Travel","potentialAction":[{"@type":"SearchAction","target":{"@type":"EntryPoint","urlTemplate":"https:\/\/inzain.bike\/fr_be\/?s={search_term_string}"},"query-input":{"@type":"PropertyValueSpecification","valueRequired":true,"valueName":"search_term_string"}}],"inLanguage":"fr-BE"},{"@type":"Organization","@id":"https:\/\/inzain.bike\/fr_be\/#organization","name":"EXP\u00c9RIENCES Cyclistes INZAIN","url":"https:\/\/inzain.bike\/fr_be\/","logo":{"@type":"ImageObject","inLanguage":"fr-BE","@id":"https:\/\/inzain.bike\/fr_be\/#\/schema\/logo\/image\/","url":"https:\/\/i0.wp.com\/inzain.bike\/wp-content\/uploads\/2023\/09\/cropped-INZAIN_512x512_white.png?fit=512%2C512&ssl=1","contentUrl":"https:\/\/i0.wp.com\/inzain.bike\/wp-content\/uploads\/2023\/09\/cropped-INZAIN_512x512_white.png?fit=512%2C512&ssl=1","width":512,"height":512,"caption":"INZAIN Cycling EXPERIENCES"},"image":{"@id":"https:\/\/inzain.bike\/fr_be\/#\/schema\/logo\/image\/"},"sameAs":["https:\/\/www.facebook.com\/Inzain.bike","https:\/\/www.instagram.com\/inzainbike"]}]}},"amp_enabled":true,"_links":{"self":[{"href":"https:\/\/inzain.bike\/fr_be\/wp-json\/wp\/v2\/pages\/114","targetHints":{"allow":["GET"]}}],"collection":[{"href":"https:\/\/inzain.bike\/fr_be\/wp-json\/wp\/v2\/pages"}],"about":[{"href":"https:\/\/inzain.bike\/fr_be\/wp-json\/wp\/v2\/types\/page"}],"author":[{"embeddable":true,"href":"https:\/\/inzain.bike\/fr_be\/wp-json\/wp\/v2\/users\/135133094"}],"replies":[{"embeddable":true,"href":"https:\/\/inzain.bike\/fr_be\/wp-json\/wp\/v2\/comments?post=114"}],"version-history":[{"count":0,"href":"https:\/\/inzain.bike\/fr_be\/wp-json\/wp\/v2\/pages\/114\/revisions"}],"wp:attachment":[{"href":"https:\/\/inzain.bike\/fr_be\/wp-json\/wp\/v2\/media?parent=114"}],"curies":[{"name":"wp","href":"https:\/\/api.w.org\/{rel}","templated":true}]}}